{"id":86132,"date":"2025-01-24T13:21:17","date_gmt":"2025-01-24T11:21:17","guid":{"rendered":"https:\/\/fit360.ee\/pood\/uncategorized\/beef-xp-1800g\/"},"modified":"2026-04-10T14:42:29","modified_gmt":"2026-04-10T12:42:29","slug":"beef-xp-1800g","status":"publish","type":"product","link":"https:\/\/fit360.ee\/en\/pood\/product-groups\/protein-poweders-en\/beef-protein-en\/beef-xp-1800g\/","title":{"rendered":"Beef-XP (1800g)"},"content":{"rendered":"<h2><strong>Beef-XP<\/strong><\/h2>\n<p>Beef-XP on piimavaba valguallikas ja 100% h\u00fcdrol\u00fc\u00fcsitud veiseliha, mis p\u00e4rineb veistelt.See sisaldab \u00fcle 27 g valku portsjoni kohta ja sellel on p\u00f5hjalik aminohapete profiil, mis sisaldab k\u00f5iki olulisi aminohappeid (EAA). Beef-XP-l on k\u00f5rge valgusisaldus (97%) ning madal rasva- ja nullsuhkrusisaldus, mis teeb sellest ideaalse valgulise toidulisandi k\u00f5igile, kes soovivad v\u00e4ltida laktoosi ning v\u00e4hendada rasva- ja suhkrusisaldust oma dieedis. Beef-XP on soovitatav k\u00f5igile, kes soovivad suurendada igap\u00e4evast valgutarbimist ja eriti neile, kes v\u00e4ldivad oma dieedis laktoosi ja piimatooteid ning otsivad alternatiivset valguallikat.<\/p>\n<ul>\n<li>100% h\u00fcdrol\u00fc\u00fcsitud veiselihavalk<\/li>\n<li>\u00dcle 27 g valku portsjoni kohta<\/li>\n<li>Ei mingit piimamaitset, meenutab mahla<\/li>\n<li>Laktoosi- ja piimatoodetevaba<\/li>\n<li>Soodustab lihaste kasvu<\/li>\n<\/ul>\n<h4><strong>Lihavalgu ehk Beef Protein omadused<\/strong><\/h4>\n<ol>\n<li><strong>Mis on veiseliha valk?<\/strong><br \/>\nSisuliselt t\u00e4hendab veiseliha valk mis tahes veiselihast saadud valku. Toidulisandite kontekstis viitab see aga tavaliselt alternatiivsele valgupulbrile, mis on saadud veise allikatest, sealhulgas kollageenist. Seda t\u00fc\u00fcpi toidulisand on populaarne oma aminohapete profiili t\u00f5ttu ja seda kasutavad sageli need, kes otsivad alternatiive traditsioonilistele valgupulbritele, nagu vadak v\u00f5i taimsed valgud.<\/li>\n<li><strong>Mis vahe on veiselihavalgul ja vadakuvalgul?<\/strong><br \/>\nVeiseliha- ja vadakuvalgud erinevad peamiselt oma allika, aminohappeprofiili, seeduvuse ja toitumise sobivuse poolest. Veiselihavalk saadakse lehmalihast v\u00f5i kollageenist, vadakuvalk aga piimast.Veiselihavalk on piimavaba ja sobib neile, kellel on laktoositalumatus, samas kui vadak on tekstuurilt ja maitselt \u00fcldiselt pehmem, kuid ei sobi piimavaba dieedi jaoks.<\/li>\n<li><strong>Kas veiselihavalk on teie jaoks hea?<\/strong><br \/>\nJah, veiseliha valk v\u00f5ib olla tasakaalustatud toitumise kasulik osa, eriti lihaste kasvu, taastumise ja \u00fcldise tervise jaoks.Veiselihavalk sisaldab sageli ka kollageeni, mis toetab liigeste, naha ja sidekoe tervist.<\/li>\n<\/ol>\n<p><strong>Koostisosad veisevalgus<\/strong>:<\/p>\n<p><strong>Maasika ja vaarika<br \/>\n<\/strong>veiseliha valgu isolaat (92%), sidrunhape, ksantaankummi (paksendaja), l\u00f5hna- ja maitseaine, sukraloos (magusaine), v\u00e4rvaine (peedipunane).<\/p>\n<p><strong>Tropical Vibes<br \/>\n<\/strong>veisevalgu isolaat (92%), sidrunhape, ksantaankummi (paksendaja), l\u00f5hna- ja maitseaine, sukraloos (magusaine), v\u00e4rvaine (kurkumiekstrakt).<\/p>\n<p><strong>Kasutamine:<\/strong>\u00a0Sega 1 lusikas (30 g) 300 ml vee v\u00f5i mahlaga.<\/p>\n<p><strong>Suurus<\/strong>: 1800g<\/p>\n<div id=\"tab-ingredients\" class=\"tab-pane product-section\">\n<table>\n<thead>\n<tr>\n<th>Portsjoni kohta<\/th>\n<th>100 g<\/th>\n<th>30 g<\/th>\n<\/tr>\n<\/thead>\n<tbody>\n<tr>\n<td>Energia<\/td>\n<td>1619 kJ, 381 kcal<\/td>\n<td>486 kJ, 114 kcal<\/td>\n<\/tr>\n<tr>\n<td>Rasvad<\/td>\n<td>1,81 g<\/td>\n<td>0,54 g<\/td>\n<\/tr>\n<tr>\n<td>&#8211; <em>millest<\/em> k\u00fcllastunud rasvhapped<\/td>\n<td>0,81 g<\/td>\n<td>0,24 g<\/td>\n<\/tr>\n<tr>\n<td>S\u00fcsivesikud<\/td>\n<td>2,22 g<\/td>\n<td>0,66 g<\/td>\n<\/tr>\n<tr>\n<td>&#8211; <em>millest<\/em> suhkur<\/td>\n<td>0 g<\/td>\n<td>0 g<\/td>\n<\/tr>\n<tr>\n<td>Kiudaine<\/td>\n<td>0,68 g<\/td>\n<td>0,20 g<\/td>\n<\/tr>\n<tr>\n<td><strong>Valgud<\/strong><\/td>\n<td>92,41 g<\/td>\n<td>27,72 g<\/td>\n<\/tr>\n<tr>\n<td>soola<\/td>\n<td>3,40 g<\/td>\n<td>1,02 g<\/td>\n<\/tr>\n<\/tbody>\n<\/table>\n<\/div>\n<div class=\"clear\"><\/div>\n<div id=\"tab-review\" class=\"tab-pane product-reviews product-section\">\n<form class=\"form-horizontal\">\n<div class=\"section-title review\"><\/div>\n<div>Vaata ka meie teisi Lihavalke <a href=\"https:\/\/fit360.ee\/en\/product-category\/product-groups\/protein-poweders-en\/beef-protein-en\/\"><strong>SIIT<\/strong><\/a> v\u00f5i k\u00f5iki Valgupulbreid <a href=\"https:\/\/fit360.ee\/en\/product-category\/product-groups\/protein-poweders-en\/\"><strong>SIIT<\/strong><\/a>!<\/div>\n<div><\/div>\n<div>Soovid osta suuremas koguses? Vaata antud toodet ka meie HULGI lehelt\u00a0<a href=\"https:\/\/toidulisandidhulgi.ee\/tooted\/beef-xp-1800g\/\"><strong>SIIT<\/strong><\/a>!<\/div>\n<\/form>\n<\/div>\n","protected":false},"excerpt":{"rendered":"<ul>\n<li>100% h\u00fcdrol\u00fc\u00fcsitud veiselihavalk<\/li>\n<li>\u00dcle 27 g valku portsjoni kohta<\/li>\n<li>Ei mingit piimamaitset, meenutab mahla<\/li>\n<li>Laktoosi- ja piimatoodetevaba<\/li>\n<li>Soodustab lihaste kasvu<\/li>\n<\/ul>\n","protected":false},"featured_media":86128,"comment_status":"open","ping_status":"closed","template":"","meta":[],"product_brand":[],"product_cat":[3727,2763,535,531],"product_tag":[3730,5513,4258],"giftcard-category":[],"class_list":{"0":"post-86132","1":"product","2":"type-product","3":"status-publish","4":"has-post-thumbnail","6":"product_cat-applied-nutrition-en","7":"product_cat-beef-protein-en","8":"product_cat-protein-poweders-en","9":"product_cat-recovery-post-workout-en","10":"product_tag-applied-nutrition-en","11":"product_tag-beef-xp-en","12":"product_tag-lihavalk-en","13":"pa_kogus-1800g-en","14":"pa_maitse-apple-cherry","15":"pa_maitse-maasika-vaarika-en","16":"pa_maitse-tropical-vibe-en","17":"pa_toidulisand-branddd-applied-nutrition","18":"pa_tootegruppp-lihavalk-en","19":"pa_tootegruppp-protein","20":"pa_tootegruppp-recoveryafter-workout","22":"first","23":"instock","24":"sale","25":"taxable","26":"shipping-taxable","27":"purchasable","28":"product-type-variable"},"yoast_head":"<!-- This site is optimized with the Yoast SEO plugin v27.3 - https:\/\/yoast.com\/product\/yoast-seo-wordpress\/ -->\n<title>Beef-XP (1800g) - Puhas H\u00fcdrol\u00fc\u00fcsitud Lihavalk - Parim Hind - Fit360<\/title>\n<meta name=\"description\" content=\"Beef-XP on piimavaba valguallikas ja 100% h\u00fcdrol\u00fc\u00fcsitud veiseliha, mis p\u00e4rineb veistelt.See sisaldab \u00fcle 27 g valku portsjoni kohta ja sellel on p\u00f5hjalik..\" \/>\n<meta name=\"robots\" content=\"index, follow, max-snippet:-1, max-image-preview:large, max-video-preview:-1\" \/>\n<link rel=\"canonical\" href=\"https:\/\/fit360.ee\/en\/pood\/product-groups\/protein-poweders-en\/beef-protein-en\/beef-xp-1800g\/\" \/>\n<meta property=\"og:locale\" content=\"en_US\" \/>\n<meta property=\"og:type\" content=\"article\" \/>\n<meta property=\"og:title\" content=\"Beef-XP (1800g) - Puhas H\u00fcdrol\u00fc\u00fcsitud Lihavalk - Parim Hind - Fit360\" \/>\n<meta property=\"og:description\" content=\"Beef-XP on piimavaba valguallikas ja 100% h\u00fcdrol\u00fc\u00fcsitud veiseliha, mis p\u00e4rineb veistelt.See sisaldab \u00fcle 27 g valku portsjoni kohta ja sellel on p\u00f5hjalik..\" \/>\n<meta property=\"og:url\" content=\"https:\/\/fit360.ee\/en\/pood\/product-groups\/protein-poweders-en\/beef-protein-en\/beef-xp-1800g\/\" \/>\n<meta property=\"og:site_name\" content=\"Fit360\" \/>\n<meta property=\"article:modified_time\" content=\"2026-04-10T12:42:29+00:00\" \/>\n<meta property=\"og:image\" content=\"https:\/\/fit360.ee\/wp-content\/uploads\/2025\/01\/beef-xp-lihavalk-fit360.ee-1.jpeg\" \/>\n\t<meta property=\"og:image:width\" content=\"1000\" \/>\n\t<meta property=\"og:image:height\" content=\"1000\" \/>\n\t<meta property=\"og:image:type\" content=\"image\/jpeg\" \/>\n<meta name=\"twitter:card\" content=\"summary_large_image\" \/>\n<meta name=\"twitter:label1\" content=\"Est. reading time\" \/>\n\t<meta name=\"twitter:data1\" content=\"3 minutes\" \/>\n<script type=\"application\/ld+json\" class=\"yoast-schema-graph\">{\"@context\":\"https:\\\/\\\/schema.org\",\"@graph\":[{\"@type\":\"WebPage\",\"@id\":\"https:\\\/\\\/fit360.ee\\\/en\\\/pood\\\/product-groups\\\/protein-poweders-en\\\/beef-protein-en\\\/beef-xp-1800g\\\/\",\"url\":\"https:\\\/\\\/fit360.ee\\\/en\\\/pood\\\/product-groups\\\/protein-poweders-en\\\/beef-protein-en\\\/beef-xp-1800g\\\/\",\"name\":\"Beef-XP (1800g) - Puhas H\u00fcdrol\u00fc\u00fcsitud Lihavalk - Parim Hind - Fit360\",\"isPartOf\":{\"@id\":\"https:\\\/\\\/fit360.ee\\\/en\\\/#website\"},\"primaryImageOfPage\":{\"@id\":\"https:\\\/\\\/fit360.ee\\\/en\\\/pood\\\/product-groups\\\/protein-poweders-en\\\/beef-protein-en\\\/beef-xp-1800g\\\/#primaryimage\"},\"image\":{\"@id\":\"https:\\\/\\\/fit360.ee\\\/en\\\/pood\\\/product-groups\\\/protein-poweders-en\\\/beef-protein-en\\\/beef-xp-1800g\\\/#primaryimage\"},\"thumbnailUrl\":\"https:\\\/\\\/fit360.ee\\\/wp-content\\\/uploads\\\/2025\\\/01\\\/beef-xp-lihavalk-fit360.ee-1.jpeg\",\"datePublished\":\"2025-01-24T11:21:17+00:00\",\"dateModified\":\"2026-04-10T12:42:29+00:00\",\"description\":\"Beef-XP on piimavaba valguallikas ja 100% h\u00fcdrol\u00fc\u00fcsitud veiseliha, mis p\u00e4rineb veistelt.See sisaldab \u00fcle 27 g valku portsjoni kohta ja sellel on p\u00f5hjalik..\",\"breadcrumb\":{\"@id\":\"https:\\\/\\\/fit360.ee\\\/en\\\/pood\\\/product-groups\\\/protein-poweders-en\\\/beef-protein-en\\\/beef-xp-1800g\\\/#breadcrumb\"},\"inLanguage\":\"en-US\",\"potentialAction\":[{\"@type\":\"ReadAction\",\"target\":[\"https:\\\/\\\/fit360.ee\\\/en\\\/pood\\\/product-groups\\\/protein-poweders-en\\\/beef-protein-en\\\/beef-xp-1800g\\\/\"]}]},{\"@type\":\"ImageObject\",\"inLanguage\":\"en-US\",\"@id\":\"https:\\\/\\\/fit360.ee\\\/en\\\/pood\\\/product-groups\\\/protein-poweders-en\\\/beef-protein-en\\\/beef-xp-1800g\\\/#primaryimage\",\"url\":\"https:\\\/\\\/fit360.ee\\\/wp-content\\\/uploads\\\/2025\\\/01\\\/beef-xp-lihavalk-fit360.ee-1.jpeg\",\"contentUrl\":\"https:\\\/\\\/fit360.ee\\\/wp-content\\\/uploads\\\/2025\\\/01\\\/beef-xp-lihavalk-fit360.ee-1.jpeg\",\"width\":1000,\"height\":1000,\"caption\":\"beef-xp lihavalk - fit360.ee\"},{\"@type\":\"BreadcrumbList\",\"@id\":\"https:\\\/\\\/fit360.ee\\\/en\\\/pood\\\/product-groups\\\/protein-poweders-en\\\/beef-protein-en\\\/beef-xp-1800g\\\/#breadcrumb\",\"itemListElement\":[{\"@type\":\"ListItem\",\"position\":1,\"name\":\"Home\",\"item\":\"https:\\\/\\\/fit360.ee\\\/en\\\/\"},{\"@type\":\"ListItem\",\"position\":2,\"name\":\"Shop\",\"item\":\"https:\\\/\\\/fit360.ee\\\/en\\\/shop\\\/\"},{\"@type\":\"ListItem\",\"position\":3,\"name\":\"Beef-XP (1800g)\"}]},{\"@type\":\"WebSite\",\"@id\":\"https:\\\/\\\/fit360.ee\\\/en\\\/#website\",\"url\":\"https:\\\/\\\/fit360.ee\\\/en\\\/\",\"name\":\"Fit360\",\"description\":\"\",\"publisher\":{\"@id\":\"https:\\\/\\\/fit360.ee\\\/en\\\/#organization\"},\"potentialAction\":[{\"@type\":\"SearchAction\",\"target\":{\"@type\":\"EntryPoint\",\"urlTemplate\":\"https:\\\/\\\/fit360.ee\\\/en\\\/?s={search_term_string}\"},\"query-input\":{\"@type\":\"PropertyValueSpecification\",\"valueRequired\":true,\"valueName\":\"search_term_string\"}}],\"inLanguage\":\"en-US\"},{\"@type\":\"Organization\",\"@id\":\"https:\\\/\\\/fit360.ee\\\/en\\\/#organization\",\"name\":\"Fit360\",\"url\":\"https:\\\/\\\/fit360.ee\\\/en\\\/\",\"logo\":{\"@type\":\"ImageObject\",\"inLanguage\":\"en-US\",\"@id\":\"https:\\\/\\\/fit360.ee\\\/en\\\/#\\\/schema\\\/logo\\\/image\\\/\",\"url\":\"https:\\\/\\\/fit360.ee\\\/wp-content\\\/uploads\\\/2017\\\/01\\\/logo-fit360.png\",\"contentUrl\":\"https:\\\/\\\/fit360.ee\\\/wp-content\\\/uploads\\\/2017\\\/01\\\/logo-fit360.png\",\"width\":180,\"height\":66,\"caption\":\"Fit360\"},\"image\":{\"@id\":\"https:\\\/\\\/fit360.ee\\\/en\\\/#\\\/schema\\\/logo\\\/image\\\/\"}}]}<\/script>\n<!-- \/ Yoast SEO plugin. -->","yoast_head_json":{"title":"Beef-XP (1800g) - Puhas H\u00fcdrol\u00fc\u00fcsitud Lihavalk - Parim Hind - Fit360","description":"Beef-XP on piimavaba valguallikas ja 100% h\u00fcdrol\u00fc\u00fcsitud veiseliha, mis p\u00e4rineb veistelt.See sisaldab \u00fcle 27 g valku portsjoni kohta ja sellel on p\u00f5hjalik..","robots":{"index":"index","follow":"follow","max-snippet":"max-snippet:-1","max-image-preview":"max-image-preview:large","max-video-preview":"max-video-preview:-1"},"canonical":"https:\/\/fit360.ee\/en\/pood\/product-groups\/protein-poweders-en\/beef-protein-en\/beef-xp-1800g\/","og_locale":"en_US","og_type":"article","og_title":"Beef-XP (1800g) - Puhas H\u00fcdrol\u00fc\u00fcsitud Lihavalk - Parim Hind - Fit360","og_description":"Beef-XP on piimavaba valguallikas ja 100% h\u00fcdrol\u00fc\u00fcsitud veiseliha, mis p\u00e4rineb veistelt.See sisaldab \u00fcle 27 g valku portsjoni kohta ja sellel on p\u00f5hjalik..","og_url":"https:\/\/fit360.ee\/en\/pood\/product-groups\/protein-poweders-en\/beef-protein-en\/beef-xp-1800g\/","og_site_name":"Fit360","article_modified_time":"2026-04-10T12:42:29+00:00","og_image":[{"width":1000,"height":1000,"url":"https:\/\/fit360.ee\/wp-content\/uploads\/2025\/01\/beef-xp-lihavalk-fit360.ee-1.jpeg","type":"image\/jpeg"}],"twitter_card":"summary_large_image","twitter_misc":{"Est. reading time":"3 minutes"},"schema":{"@context":"https:\/\/schema.org","@graph":[{"@type":"WebPage","@id":"https:\/\/fit360.ee\/en\/pood\/product-groups\/protein-poweders-en\/beef-protein-en\/beef-xp-1800g\/","url":"https:\/\/fit360.ee\/en\/pood\/product-groups\/protein-poweders-en\/beef-protein-en\/beef-xp-1800g\/","name":"Beef-XP (1800g) - Puhas H\u00fcdrol\u00fc\u00fcsitud Lihavalk - Parim Hind - Fit360","isPartOf":{"@id":"https:\/\/fit360.ee\/en\/#website"},"primaryImageOfPage":{"@id":"https:\/\/fit360.ee\/en\/pood\/product-groups\/protein-poweders-en\/beef-protein-en\/beef-xp-1800g\/#primaryimage"},"image":{"@id":"https:\/\/fit360.ee\/en\/pood\/product-groups\/protein-poweders-en\/beef-protein-en\/beef-xp-1800g\/#primaryimage"},"thumbnailUrl":"https:\/\/fit360.ee\/wp-content\/uploads\/2025\/01\/beef-xp-lihavalk-fit360.ee-1.jpeg","datePublished":"2025-01-24T11:21:17+00:00","dateModified":"2026-04-10T12:42:29+00:00","description":"Beef-XP on piimavaba valguallikas ja 100% h\u00fcdrol\u00fc\u00fcsitud veiseliha, mis p\u00e4rineb veistelt.See sisaldab \u00fcle 27 g valku portsjoni kohta ja sellel on p\u00f5hjalik..","breadcrumb":{"@id":"https:\/\/fit360.ee\/en\/pood\/product-groups\/protein-poweders-en\/beef-protein-en\/beef-xp-1800g\/#breadcrumb"},"inLanguage":"en-US","potentialAction":[{"@type":"ReadAction","target":["https:\/\/fit360.ee\/en\/pood\/product-groups\/protein-poweders-en\/beef-protein-en\/beef-xp-1800g\/"]}]},{"@type":"ImageObject","inLanguage":"en-US","@id":"https:\/\/fit360.ee\/en\/pood\/product-groups\/protein-poweders-en\/beef-protein-en\/beef-xp-1800g\/#primaryimage","url":"https:\/\/fit360.ee\/wp-content\/uploads\/2025\/01\/beef-xp-lihavalk-fit360.ee-1.jpeg","contentUrl":"https:\/\/fit360.ee\/wp-content\/uploads\/2025\/01\/beef-xp-lihavalk-fit360.ee-1.jpeg","width":1000,"height":1000,"caption":"beef-xp lihavalk - fit360.ee"},{"@type":"BreadcrumbList","@id":"https:\/\/fit360.ee\/en\/pood\/product-groups\/protein-poweders-en\/beef-protein-en\/beef-xp-1800g\/#breadcrumb","itemListElement":[{"@type":"ListItem","position":1,"name":"Home","item":"https:\/\/fit360.ee\/en\/"},{"@type":"ListItem","position":2,"name":"Shop","item":"https:\/\/fit360.ee\/en\/shop\/"},{"@type":"ListItem","position":3,"name":"Beef-XP (1800g)"}]},{"@type":"WebSite","@id":"https:\/\/fit360.ee\/en\/#website","url":"https:\/\/fit360.ee\/en\/","name":"Fit360","description":"","publisher":{"@id":"https:\/\/fit360.ee\/en\/#organization"},"potentialAction":[{"@type":"SearchAction","target":{"@type":"EntryPoint","urlTemplate":"https:\/\/fit360.ee\/en\/?s={search_term_string}"},"query-input":{"@type":"PropertyValueSpecification","valueRequired":true,"valueName":"search_term_string"}}],"inLanguage":"en-US"},{"@type":"Organization","@id":"https:\/\/fit360.ee\/en\/#organization","name":"Fit360","url":"https:\/\/fit360.ee\/en\/","logo":{"@type":"ImageObject","inLanguage":"en-US","@id":"https:\/\/fit360.ee\/en\/#\/schema\/logo\/image\/","url":"https:\/\/fit360.ee\/wp-content\/uploads\/2017\/01\/logo-fit360.png","contentUrl":"https:\/\/fit360.ee\/wp-content\/uploads\/2017\/01\/logo-fit360.png","width":180,"height":66,"caption":"Fit360"},"image":{"@id":"https:\/\/fit360.ee\/en\/#\/schema\/logo\/image\/"}}]}},"_links":{"self":[{"href":"https:\/\/fit360.ee\/en\/wp-json\/wp\/v2\/product\/86132","targetHints":{"allow":["GET"]}}],"collection":[{"href":"https:\/\/fit360.ee\/en\/wp-json\/wp\/v2\/product"}],"about":[{"href":"https:\/\/fit360.ee\/en\/wp-json\/wp\/v2\/types\/product"}],"replies":[{"embeddable":true,"href":"https:\/\/fit360.ee\/en\/wp-json\/wp\/v2\/comments?post=86132"}],"wp:featuredmedia":[{"embeddable":true,"href":"https:\/\/fit360.ee\/en\/wp-json\/wp\/v2\/media\/86128"}],"wp:attachment":[{"href":"https:\/\/fit360.ee\/en\/wp-json\/wp\/v2\/media?parent=86132"}],"wp:term":[{"taxonomy":"product_brand","embeddable":true,"href":"https:\/\/fit360.ee\/en\/wp-json\/wp\/v2\/product_brand?post=86132"},{"taxonomy":"product_cat","embeddable":true,"href":"https:\/\/fit360.ee\/en\/wp-json\/wp\/v2\/product_cat?post=86132"},{"taxonomy":"product_tag","embeddable":true,"href":"https:\/\/fit360.ee\/en\/wp-json\/wp\/v2\/product_tag?post=86132"},{"taxonomy":"giftcard-category","embeddable":true,"href":"https:\/\/fit360.ee\/en\/wp-json\/wp\/v2\/giftcard-category?post=86132"}],"curies":[{"name":"wp","href":"https:\/\/api.w.org\/{rel}","templated":true}]}}