{"id":86144,"date":"2025-01-24T14:06:21","date_gmt":"2025-01-24T12:06:21","guid":{"rendered":"https:\/\/fit360.ee\/pood\/uncategorized\/stainless-steel-shaker-750ml\/"},"modified":"2026-04-07T23:27:23","modified_gmt":"2026-04-07T21:27:23","slug":"stainless-steel-shaker-750ml","status":"publish","type":"product","link":"https:\/\/fit360.ee\/en\/pood\/training-equipment-en\/drinking-bottles-en\/stainless-steel-shaker-750ml\/","title":{"rendered":"Stainless Steel Shaker (750ml)"},"content":{"rendered":"<h2><strong>Stainless Steel Shaker<\/strong><\/h2>\n<p>Esmaklassiline Stainless Steel Shaker ehk roostevabast terasest metallist shaker.<\/p>\n<p>Uus Applied Nutrition roostevabast terasest metallist shaker. Tugev ja usaldusv\u00e4\u00e4rne shaker teie valgukokteilide jaoks, mis talub pikaajalist kasutamist. Suurep\u00e4rane alternatiiv teie plastikust shakertopsile!<\/p>\n<p>Applied Nutrition roostevabast terasest shaker on kulumiskindel ja vastupidav. See mahutab 750 ml, sellel on vastupidav klapp-avatav kaas, mis aitab \u00e4ra hoida lekkeid teie spordikotis. See piiratud v\u00e4ljaandes esmaklassiline tarvik n\u00e4eb j\u00f5usaalis suurep\u00e4rane v\u00e4lja.<\/p>\n<p>Roostevabast terasest shakeri tass Applied nutrition sobib ainult k\u00fclmade jookide jaoks. \u00c4rge kasutage koos kuumade jookidega.<\/p>\n<p><strong>EI OLE n\u00f5udepesumasinas\u00f5bralik.<\/strong><\/p>\n<p><a href=\"https:\/\/fit360.ee\/wp-content\/uploads\/2025\/01\/applied-nutrition-stainless-steel-shaker-fit360.ee_-800x495.jpg\"><img loading=\"lazy\" decoding=\"async\" class=\"size-medium wp-image-86140\" src=\"https:\/\/fit360.ee\/wp-content\/uploads\/2025\/01\/applied-nutrition-stainless-steel-shaker-fit360.ee_-800x495.jpg\" alt=\"applied nutrition stainless steel shaker - fit360.ee\" width=\"800\" height=\"495\" srcset=\"https:\/\/fit360.ee\/wp-content\/uploads\/2025\/01\/applied-nutrition-stainless-steel-shaker-fit360.ee_-800x495.jpg 800w, https:\/\/fit360.ee\/wp-content\/uploads\/2025\/01\/applied-nutrition-stainless-steel-shaker-fit360.ee_-768x475.jpg 768w, https:\/\/fit360.ee\/wp-content\/uploads\/2025\/01\/applied-nutrition-stainless-steel-shaker-fit360.ee_-510x315.jpg 510w, https:\/\/fit360.ee\/wp-content\/uploads\/2025\/01\/applied-nutrition-stainless-steel-shaker-fit360.ee_.jpg 970w\" sizes=\"auto, (max-width: 800px) 100vw, 800px\" \/><\/a><\/p>\n<p><strong>MATERJAL<\/strong>: Roostevaba tera\/ kork &#8211; pol\u00fcprop\u00fcleen ja silikoon<\/p>\n<p><strong>SUURUS<\/strong>: 750ml<\/p>\n<p><strong>V\u00c4RVUS<\/strong>:\u00a0 Sinine<\/p>\n<p>Vaata ka meie Teisi Joogipudeleid <a href=\"https:\/\/fit360.ee\/en\/product-category\/training-equipment-en\/drinking-bottles-en\/\"><strong>SIIT<\/strong> <\/a>ja Shakereid <a href=\"https:\/\/fit360.ee\/en\/product-category\/training-equipment-en\/shakers-en\/\"><strong>SIIT<\/strong><\/a>!<\/p>\n<p>Soovid osta suuremas koguses? Vaata antud toodet ka meie HULGI lehelt\u00a0<a href=\"https:\/\/toidulisandidhulgi.ee\/tooted\/stainless-steel-shaker-750ml\/\"><strong>SIIT<\/strong><\/a>!<\/p>\n","protected":false},"excerpt":{"rendered":"<ul>\n<li>Kvaliteet<\/li>\n<li>Roostevaba teras<\/li>\n<li>Sobib nii joogipudeliks kui ka \u0160eikeriks<\/li>\n<\/ul>\n","protected":false},"featured_media":86143,"comment_status":"open","ping_status":"closed","template":"","meta":[],"product_brand":[],"product_cat":[3727,540,551,538],"product_tag":[3730,5517,5518],"giftcard-category":[],"class_list":{"0":"post-86144","1":"product","2":"type-product","3":"status-publish","4":"has-post-thumbnail","6":"product_cat-applied-nutrition-en","7":"product_cat-drinking-bottles-en","8":"product_cat-shakers-en","9":"product_cat-training-equipment-en","10":"product_tag-applied-nutrition-en","11":"product_tag-stainless-steel-en","12":"product_tag-stainless-steel-shaker-en","13":"pa_brand-applied-nutrition-en","14":"pa_toidulisand-branddd-applied-nutrition","15":"pa_varustus-drinking-bottles","16":"pa_varustus-shakers","18":"first","19":"instock","20":"sale","21":"taxable","22":"shipping-taxable","23":"purchasable","24":"product-type-simple"},"yoast_head":"<!-- This site is optimized with the Yoast SEO plugin v27.3 - https:\/\/yoast.com\/product\/yoast-seo-wordpress\/ -->\n<title>Stainless Steel Shaker (750ml) - Roostevabast terasest \u0160eiker - Fit360<\/title>\n<meta name=\"description\" content=\"Stainless Steel Shaker ehk roostevabast terasest metallist shaker. Tugev ja usaldusv\u00e4\u00e4rne shaker teie valgukokteilide jaoks, mis talub pikaajalist kasutam..\" \/>\n<meta name=\"robots\" content=\"index, follow, max-snippet:-1, max-image-preview:large, max-video-preview:-1\" \/>\n<link rel=\"canonical\" href=\"https:\/\/fit360.ee\/en\/pood\/training-equipment-en\/drinking-bottles-en\/stainless-steel-shaker-750ml\/\" \/>\n<meta property=\"og:locale\" content=\"en_US\" \/>\n<meta property=\"og:type\" content=\"article\" \/>\n<meta property=\"og:title\" content=\"Stainless Steel Shaker (750ml) - Roostevabast terasest \u0160eiker - Fit360\" \/>\n<meta property=\"og:description\" content=\"Stainless Steel Shaker ehk roostevabast terasest metallist shaker. Tugev ja usaldusv\u00e4\u00e4rne shaker teie valgukokteilide jaoks, mis talub pikaajalist kasutam..\" \/>\n<meta property=\"og:url\" content=\"https:\/\/fit360.ee\/en\/pood\/training-equipment-en\/drinking-bottles-en\/stainless-steel-shaker-750ml\/\" \/>\n<meta property=\"og:site_name\" content=\"Fit360\" \/>\n<meta property=\"article:modified_time\" content=\"2026-04-07T21:27:23+00:00\" \/>\n<meta property=\"og:image\" content=\"https:\/\/fit360.ee\/wp-content\/uploads\/2025\/01\/applied-stainless-steel-shaker-fit360.ee_.jpg\" \/>\n\t<meta property=\"og:image:width\" content=\"800\" \/>\n\t<meta property=\"og:image:height\" content=\"800\" \/>\n\t<meta property=\"og:image:type\" content=\"image\/jpeg\" \/>\n<meta name=\"twitter:card\" content=\"summary_large_image\" \/>\n<meta name=\"twitter:label1\" content=\"Est. reading time\" \/>\n\t<meta name=\"twitter:data1\" content=\"1 minute\" \/>\n<script type=\"application\/ld+json\" class=\"yoast-schema-graph\">{\"@context\":\"https:\\\/\\\/schema.org\",\"@graph\":[{\"@type\":\"WebPage\",\"@id\":\"https:\\\/\\\/fit360.ee\\\/en\\\/pood\\\/training-equipment-en\\\/drinking-bottles-en\\\/stainless-steel-shaker-750ml\\\/\",\"url\":\"https:\\\/\\\/fit360.ee\\\/en\\\/pood\\\/training-equipment-en\\\/drinking-bottles-en\\\/stainless-steel-shaker-750ml\\\/\",\"name\":\"Stainless Steel Shaker (750ml) - Roostevabast terasest \u0160eiker - Fit360\",\"isPartOf\":{\"@id\":\"https:\\\/\\\/fit360.ee\\\/en\\\/#website\"},\"primaryImageOfPage\":{\"@id\":\"https:\\\/\\\/fit360.ee\\\/en\\\/pood\\\/training-equipment-en\\\/drinking-bottles-en\\\/stainless-steel-shaker-750ml\\\/#primaryimage\"},\"image\":{\"@id\":\"https:\\\/\\\/fit360.ee\\\/en\\\/pood\\\/training-equipment-en\\\/drinking-bottles-en\\\/stainless-steel-shaker-750ml\\\/#primaryimage\"},\"thumbnailUrl\":\"https:\\\/\\\/fit360.ee\\\/wp-content\\\/uploads\\\/2025\\\/01\\\/applied-stainless-steel-shaker-fit360.ee_.jpg\",\"datePublished\":\"2025-01-24T12:06:21+00:00\",\"dateModified\":\"2026-04-07T21:27:23+00:00\",\"description\":\"Stainless Steel Shaker ehk roostevabast terasest metallist shaker. Tugev ja usaldusv\u00e4\u00e4rne shaker teie valgukokteilide jaoks, mis talub pikaajalist kasutam..\",\"breadcrumb\":{\"@id\":\"https:\\\/\\\/fit360.ee\\\/en\\\/pood\\\/training-equipment-en\\\/drinking-bottles-en\\\/stainless-steel-shaker-750ml\\\/#breadcrumb\"},\"inLanguage\":\"en-US\",\"potentialAction\":[{\"@type\":\"ReadAction\",\"target\":[\"https:\\\/\\\/fit360.ee\\\/en\\\/pood\\\/training-equipment-en\\\/drinking-bottles-en\\\/stainless-steel-shaker-750ml\\\/\"]}]},{\"@type\":\"ImageObject\",\"inLanguage\":\"en-US\",\"@id\":\"https:\\\/\\\/fit360.ee\\\/en\\\/pood\\\/training-equipment-en\\\/drinking-bottles-en\\\/stainless-steel-shaker-750ml\\\/#primaryimage\",\"url\":\"https:\\\/\\\/fit360.ee\\\/wp-content\\\/uploads\\\/2025\\\/01\\\/applied-stainless-steel-shaker-fit360.ee_.jpg\",\"contentUrl\":\"https:\\\/\\\/fit360.ee\\\/wp-content\\\/uploads\\\/2025\\\/01\\\/applied-stainless-steel-shaker-fit360.ee_.jpg\",\"width\":800,\"height\":800,\"caption\":\"applied stainless steel shaker - fit360.ee\"},{\"@type\":\"BreadcrumbList\",\"@id\":\"https:\\\/\\\/fit360.ee\\\/en\\\/pood\\\/training-equipment-en\\\/drinking-bottles-en\\\/stainless-steel-shaker-750ml\\\/#breadcrumb\",\"itemListElement\":[{\"@type\":\"ListItem\",\"position\":1,\"name\":\"Home\",\"item\":\"https:\\\/\\\/fit360.ee\\\/en\\\/\"},{\"@type\":\"ListItem\",\"position\":2,\"name\":\"Shop\",\"item\":\"https:\\\/\\\/fit360.ee\\\/en\\\/shop\\\/\"},{\"@type\":\"ListItem\",\"position\":3,\"name\":\"Stainless Steel Shaker (750ml)\"}]},{\"@type\":\"WebSite\",\"@id\":\"https:\\\/\\\/fit360.ee\\\/en\\\/#website\",\"url\":\"https:\\\/\\\/fit360.ee\\\/en\\\/\",\"name\":\"Fit360\",\"description\":\"\",\"publisher\":{\"@id\":\"https:\\\/\\\/fit360.ee\\\/en\\\/#organization\"},\"potentialAction\":[{\"@type\":\"SearchAction\",\"target\":{\"@type\":\"EntryPoint\",\"urlTemplate\":\"https:\\\/\\\/fit360.ee\\\/en\\\/?s={search_term_string}\"},\"query-input\":{\"@type\":\"PropertyValueSpecification\",\"valueRequired\":true,\"valueName\":\"search_term_string\"}}],\"inLanguage\":\"en-US\"},{\"@type\":\"Organization\",\"@id\":\"https:\\\/\\\/fit360.ee\\\/en\\\/#organization\",\"name\":\"Fit360\",\"url\":\"https:\\\/\\\/fit360.ee\\\/en\\\/\",\"logo\":{\"@type\":\"ImageObject\",\"inLanguage\":\"en-US\",\"@id\":\"https:\\\/\\\/fit360.ee\\\/en\\\/#\\\/schema\\\/logo\\\/image\\\/\",\"url\":\"https:\\\/\\\/fit360.ee\\\/wp-content\\\/uploads\\\/2017\\\/01\\\/logo-fit360.png\",\"contentUrl\":\"https:\\\/\\\/fit360.ee\\\/wp-content\\\/uploads\\\/2017\\\/01\\\/logo-fit360.png\",\"width\":180,\"height\":66,\"caption\":\"Fit360\"},\"image\":{\"@id\":\"https:\\\/\\\/fit360.ee\\\/en\\\/#\\\/schema\\\/logo\\\/image\\\/\"}}]}<\/script>\n<!-- \/ Yoast SEO plugin. -->","yoast_head_json":{"title":"Stainless Steel Shaker (750ml) - Roostevabast terasest \u0160eiker - Fit360","description":"Stainless Steel Shaker ehk roostevabast terasest metallist shaker. Tugev ja usaldusv\u00e4\u00e4rne shaker teie valgukokteilide jaoks, mis talub pikaajalist kasutam..","robots":{"index":"index","follow":"follow","max-snippet":"max-snippet:-1","max-image-preview":"max-image-preview:large","max-video-preview":"max-video-preview:-1"},"canonical":"https:\/\/fit360.ee\/en\/pood\/training-equipment-en\/drinking-bottles-en\/stainless-steel-shaker-750ml\/","og_locale":"en_US","og_type":"article","og_title":"Stainless Steel Shaker (750ml) - Roostevabast terasest \u0160eiker - Fit360","og_description":"Stainless Steel Shaker ehk roostevabast terasest metallist shaker. Tugev ja usaldusv\u00e4\u00e4rne shaker teie valgukokteilide jaoks, mis talub pikaajalist kasutam..","og_url":"https:\/\/fit360.ee\/en\/pood\/training-equipment-en\/drinking-bottles-en\/stainless-steel-shaker-750ml\/","og_site_name":"Fit360","article_modified_time":"2026-04-07T21:27:23+00:00","og_image":[{"width":800,"height":800,"url":"https:\/\/fit360.ee\/wp-content\/uploads\/2025\/01\/applied-stainless-steel-shaker-fit360.ee_.jpg","type":"image\/jpeg"}],"twitter_card":"summary_large_image","twitter_misc":{"Est. reading time":"1 minute"},"schema":{"@context":"https:\/\/schema.org","@graph":[{"@type":"WebPage","@id":"https:\/\/fit360.ee\/en\/pood\/training-equipment-en\/drinking-bottles-en\/stainless-steel-shaker-750ml\/","url":"https:\/\/fit360.ee\/en\/pood\/training-equipment-en\/drinking-bottles-en\/stainless-steel-shaker-750ml\/","name":"Stainless Steel Shaker (750ml) - Roostevabast terasest \u0160eiker - Fit360","isPartOf":{"@id":"https:\/\/fit360.ee\/en\/#website"},"primaryImageOfPage":{"@id":"https:\/\/fit360.ee\/en\/pood\/training-equipment-en\/drinking-bottles-en\/stainless-steel-shaker-750ml\/#primaryimage"},"image":{"@id":"https:\/\/fit360.ee\/en\/pood\/training-equipment-en\/drinking-bottles-en\/stainless-steel-shaker-750ml\/#primaryimage"},"thumbnailUrl":"https:\/\/fit360.ee\/wp-content\/uploads\/2025\/01\/applied-stainless-steel-shaker-fit360.ee_.jpg","datePublished":"2025-01-24T12:06:21+00:00","dateModified":"2026-04-07T21:27:23+00:00","description":"Stainless Steel Shaker ehk roostevabast terasest metallist shaker. Tugev ja usaldusv\u00e4\u00e4rne shaker teie valgukokteilide jaoks, mis talub pikaajalist kasutam..","breadcrumb":{"@id":"https:\/\/fit360.ee\/en\/pood\/training-equipment-en\/drinking-bottles-en\/stainless-steel-shaker-750ml\/#breadcrumb"},"inLanguage":"en-US","potentialAction":[{"@type":"ReadAction","target":["https:\/\/fit360.ee\/en\/pood\/training-equipment-en\/drinking-bottles-en\/stainless-steel-shaker-750ml\/"]}]},{"@type":"ImageObject","inLanguage":"en-US","@id":"https:\/\/fit360.ee\/en\/pood\/training-equipment-en\/drinking-bottles-en\/stainless-steel-shaker-750ml\/#primaryimage","url":"https:\/\/fit360.ee\/wp-content\/uploads\/2025\/01\/applied-stainless-steel-shaker-fit360.ee_.jpg","contentUrl":"https:\/\/fit360.ee\/wp-content\/uploads\/2025\/01\/applied-stainless-steel-shaker-fit360.ee_.jpg","width":800,"height":800,"caption":"applied stainless steel shaker - fit360.ee"},{"@type":"BreadcrumbList","@id":"https:\/\/fit360.ee\/en\/pood\/training-equipment-en\/drinking-bottles-en\/stainless-steel-shaker-750ml\/#breadcrumb","itemListElement":[{"@type":"ListItem","position":1,"name":"Home","item":"https:\/\/fit360.ee\/en\/"},{"@type":"ListItem","position":2,"name":"Shop","item":"https:\/\/fit360.ee\/en\/shop\/"},{"@type":"ListItem","position":3,"name":"Stainless Steel Shaker (750ml)"}]},{"@type":"WebSite","@id":"https:\/\/fit360.ee\/en\/#website","url":"https:\/\/fit360.ee\/en\/","name":"Fit360","description":"","publisher":{"@id":"https:\/\/fit360.ee\/en\/#organization"},"potentialAction":[{"@type":"SearchAction","target":{"@type":"EntryPoint","urlTemplate":"https:\/\/fit360.ee\/en\/?s={search_term_string}"},"query-input":{"@type":"PropertyValueSpecification","valueRequired":true,"valueName":"search_term_string"}}],"inLanguage":"en-US"},{"@type":"Organization","@id":"https:\/\/fit360.ee\/en\/#organization","name":"Fit360","url":"https:\/\/fit360.ee\/en\/","logo":{"@type":"ImageObject","inLanguage":"en-US","@id":"https:\/\/fit360.ee\/en\/#\/schema\/logo\/image\/","url":"https:\/\/fit360.ee\/wp-content\/uploads\/2017\/01\/logo-fit360.png","contentUrl":"https:\/\/fit360.ee\/wp-content\/uploads\/2017\/01\/logo-fit360.png","width":180,"height":66,"caption":"Fit360"},"image":{"@id":"https:\/\/fit360.ee\/en\/#\/schema\/logo\/image\/"}}]}},"_links":{"self":[{"href":"https:\/\/fit360.ee\/en\/wp-json\/wp\/v2\/product\/86144","targetHints":{"allow":["GET"]}}],"collection":[{"href":"https:\/\/fit360.ee\/en\/wp-json\/wp\/v2\/product"}],"about":[{"href":"https:\/\/fit360.ee\/en\/wp-json\/wp\/v2\/types\/product"}],"replies":[{"embeddable":true,"href":"https:\/\/fit360.ee\/en\/wp-json\/wp\/v2\/comments?post=86144"}],"wp:featuredmedia":[{"embeddable":true,"href":"https:\/\/fit360.ee\/en\/wp-json\/wp\/v2\/media\/86143"}],"wp:attachment":[{"href":"https:\/\/fit360.ee\/en\/wp-json\/wp\/v2\/media?parent=86144"}],"wp:term":[{"taxonomy":"product_brand","embeddable":true,"href":"https:\/\/fit360.ee\/en\/wp-json\/wp\/v2\/product_brand?post=86144"},{"taxonomy":"product_cat","embeddable":true,"href":"https:\/\/fit360.ee\/en\/wp-json\/wp\/v2\/product_cat?post=86144"},{"taxonomy":"product_tag","embeddable":true,"href":"https:\/\/fit360.ee\/en\/wp-json\/wp\/v2\/product_tag?post=86144"},{"taxonomy":"giftcard-category","embeddable":true,"href":"https:\/\/fit360.ee\/en\/wp-json\/wp\/v2\/giftcard-category?post=86144"}],"curies":[{"name":"wp","href":"https:\/\/api.w.org\/{rel}","templated":true}]}}