{"id":86152,"date":"2025-01-24T14:21:21","date_gmt":"2025-01-24T12:21:21","guid":{"rendered":"https:\/\/fit360.ee\/pood\/uncategorized\/classic-loop-shaker-820ml\/"},"modified":"2025-08-13T08:32:19","modified_gmt":"2025-08-13T06:32:19","slug":"classic-loop-shaker-820ml","status":"publish","type":"product","link":"https:\/\/fit360.ee\/en\/pood\/training-equipment-en\/drinking-bottles-en\/classic-loop-shaker-820ml\/","title":{"rendered":"Classic Loop Shaker (820ml)"},"content":{"rendered":"<h2><strong>Classic Loop Shaker<\/strong><\/h2>\n<p>BlenderBottle\u00ae Classic Loop Shaker \u2122 \u0161eikerpudel annab meie proovitud ja t\u00f5eliselt enimm\u00fc\u00fcdud pudelile muljetavaldava uuenduse. Uusimal Classic Loop Shakeril \u2122\u00a0 on tugev alus paremaks segamiseks, meie professionaalsel tasemel SpoutGuard\u2122, mis hoiab mikroobe joogipinnalt eemal, ja t\u00e4iustatud kaasaegne disain. Lisage k\u00f5ik see p\u00f5hih\u00fcvedele, mida tunnete ja armastate \u2013 nagu meie v\u00f5imas segamiss\u00fcsteem, mis sisaldab BlenderBall\u00ae traatvisplit \u2013 ja Classic\u2122 shakerist saab kiiresti teie lemmik.<\/p>\n<ul>\n<li>BlenderBall\u00ae sees<\/li>\n<li>\u00dcmar p\u00f5hi<\/li>\n<li>SpoutGuard \u2013 hingedega kaant on lihtne avada ilma joogitila puudutamata.<\/li>\n<li>Tiheduse garantii<\/li>\n<li>Bisfenooli- ja ftalaatidevaba<\/li>\n<\/ul>\n<p>Uus <strong>BlenderBottle CLASSIC<\/strong>\u00a0\u00a0on segu kaunist vormist ja funktsionaalsusest, et v\u00f5imaldada teile takistusteta joogi segamine sportlikus pudelis. V\u00f5imalik on valmista valgusheike, energiajooke, toidulisandeid ja palju muud\u00a0\u00a0kerge vaevaga. Teie elu l\u00e4heb kergemaks<\/p>\n<p>T\u00e4iuslik kasutamieks:<\/p>\n<ul>\n<li>Valgupulbritega<\/li>\n<li>Energiajookidega<\/li>\n<li>Toidulisanditega<\/li>\n<li>Maitsestatud jookide miksidega<\/li>\n<li>Toidukorra asendajatega<\/li>\n<li>Smuutide ja sheikidega<\/li>\n<li>Elektrol\u00fc\u00fctide\/lisandite segudega<\/li>\n<li>Kiudaine-pulbritega<\/li>\n<\/ul>\n<p><a href=\"https:\/\/fit360.ee\/wp-content\/uploads\/2025\/01\/blenderbottle-classic-loop-shaker-fit360.ee_-800x384.jpg\"><img loading=\"lazy\" decoding=\"async\" class=\"size-medium wp-image-86146\" src=\"https:\/\/fit360.ee\/wp-content\/uploads\/2025\/01\/blenderbottle-classic-loop-shaker-fit360.ee_-800x384.jpg\" alt=\"blenderbottle classic loop shaker - fit360.ee\" width=\"800\" height=\"384\" srcset=\"https:\/\/fit360.ee\/wp-content\/uploads\/2025\/01\/blenderbottle-classic-loop-shaker-fit360.ee_-800x384.jpg 800w, https:\/\/fit360.ee\/wp-content\/uploads\/2025\/01\/blenderbottle-classic-loop-shaker-fit360.ee_-1600x768.jpg 1600w, https:\/\/fit360.ee\/wp-content\/uploads\/2025\/01\/blenderbottle-classic-loop-shaker-fit360.ee_-768x369.jpg 768w, https:\/\/fit360.ee\/wp-content\/uploads\/2025\/01\/blenderbottle-classic-loop-shaker-fit360.ee_-1536x737.jpg 1536w, https:\/\/fit360.ee\/wp-content\/uploads\/2025\/01\/blenderbottle-classic-loop-shaker-fit360.ee_-510x245.jpg 510w, https:\/\/fit360.ee\/wp-content\/uploads\/2025\/01\/blenderbottle-classic-loop-shaker-fit360.ee_.jpg 2000w\" sizes=\"auto, (max-width: 800px) 100vw, 800px\" \/><\/a><\/p>\n<p><strong>Patenteeritud BlenderBall traatvispel on Shakeriga koos kaasas!<\/strong><\/p>\n<p><strong>\u00a0<img decoding=\"async\" src=\"https:\/\/www.bodyvision.ee\/media\/wysiwyg\/blenderball-landing_grande.jpg\" \/><\/strong><\/p>\n<p>&nbsp;<\/p>\n<p>Vaata ka meie Teisi Joogipudeleid <a href=\"https:\/\/fit360.ee\/en\/product-category\/training-equipment-en\/drinking-bottles-en\/\"><strong>SIIT<\/strong><\/a> v\u00f5i \u0160eikereid <a href=\"https:\/\/fit360.ee\/en\/product-category\/training-equipment-en\/shakers-en\/\"><strong>SIIT<\/strong><\/a>!<\/p>\n<p>Soovid osta suuremas koguses? Vaata antud toodet ka meie HULGI lehelt\u00a0<a href=\"https:\/\/toidulisandidhulgi.ee\/tooted\/classic-loop-shaker-820ml\/\"><strong>SIIT<\/strong><\/a>!<\/p>\n","protected":false},"excerpt":{"rendered":"<ul>\n<li>BlenderBall\u00ae sees<\/li>\n<li>Kasuta joogipudeli v\u00f5i Shakerina<\/li>\n<li>SpoutGuard \u2013 hingedega kaant on lihtne avada ilma joogitila puudutamata.<\/li>\n<li>Tiheduse garantii<\/li>\n<li>Bisfenooli- ja ftalaatidevaba<\/li>\n<\/ul>\n","protected":false},"featured_media":86149,"comment_status":"open","ping_status":"closed","template":"","meta":[],"product_brand":[],"product_cat":[5533,540,551,538],"product_tag":[5522,5523,5524],"giftcard-category":[],"class_list":{"0":"post-86152","1":"product","2":"type-product","3":"status-publish","4":"has-post-thumbnail","6":"product_cat-blender-bottle-en","7":"product_cat-drinking-bottles-en","8":"product_cat-shakers-en","9":"product_cat-training-equipment-en","10":"product_tag-blender-bottle-en","11":"product_tag-classic-loop-shaker-en","12":"product_tag-classic-shaker-en","13":"pa_brand-blender-bottle-en","14":"pa_toidulisand-branddd-blender-bottle","15":"pa_varustus-drinking-bottles","16":"pa_varustus-shakers","17":"pa_varvus-coral","18":"pa_varvus-cyan-en","20":"first","21":"instock","22":"sale","23":"taxable","24":"shipping-taxable","25":"purchasable","26":"product-type-variable"},"yoast_head":"<!-- This site is optimized with the Yoast SEO plugin v27.5 - https:\/\/yoast.com\/product\/yoast-seo-wordpress\/ -->\n<title>Classic Loop Shaker (820ml) - Spider pall segamiseks - Parim Hind - Fit360<\/title>\n<meta name=\"description\" content=\"Classic Loop Shaker \u2122 \u0161eikerpudel annab meie proovitud ja t\u00f5eliselt enimm\u00fc\u00fcdud pudelile muljetavaldava uuenduse. Uusimal Classic Loop Shakeril \u2122\u00a0 on ...\" \/>\n<meta name=\"robots\" content=\"index, follow, max-snippet:-1, max-image-preview:large, max-video-preview:-1\" \/>\n<link rel=\"canonical\" href=\"https:\/\/fit360.ee\/en\/pood\/training-equipment-en\/drinking-bottles-en\/classic-loop-shaker-820ml\/\" \/>\n<meta property=\"og:locale\" content=\"en_US\" \/>\n<meta property=\"og:type\" content=\"article\" \/>\n<meta property=\"og:title\" content=\"Classic Loop Shaker (820ml) - Spider pall segamiseks - Parim Hind - Fit360\" \/>\n<meta property=\"og:description\" content=\"Classic Loop Shaker \u2122 \u0161eikerpudel annab meie proovitud ja t\u00f5eliselt enimm\u00fc\u00fcdud pudelile muljetavaldava uuenduse. Uusimal Classic Loop Shakeril \u2122\u00a0 on ...\" \/>\n<meta property=\"og:url\" content=\"https:\/\/fit360.ee\/en\/pood\/training-equipment-en\/drinking-bottles-en\/classic-loop-shaker-820ml\/\" \/>\n<meta property=\"og:site_name\" content=\"Fit360\" \/>\n<meta property=\"article:modified_time\" content=\"2025-08-13T06:32:19+00:00\" \/>\n<meta property=\"og:image\" content=\"https:\/\/fit360.ee\/wp-content\/uploads\/2025\/01\/blenderbottle-classic-shaker-fit360.ee_.jpg\" \/>\n\t<meta property=\"og:image:width\" content=\"550\" \/>\n\t<meta property=\"og:image:height\" content=\"550\" \/>\n\t<meta property=\"og:image:type\" content=\"image\/jpeg\" \/>\n<meta name=\"twitter:card\" content=\"summary_large_image\" \/>\n<meta name=\"twitter:label1\" content=\"Est. reading time\" \/>\n\t<meta name=\"twitter:data1\" content=\"2 minutes\" \/>\n<script type=\"application\/ld+json\" class=\"yoast-schema-graph\">{\"@context\":\"https:\\\/\\\/schema.org\",\"@graph\":[{\"@type\":\"WebPage\",\"@id\":\"https:\\\/\\\/fit360.ee\\\/en\\\/pood\\\/training-equipment-en\\\/drinking-bottles-en\\\/classic-loop-shaker-820ml\\\/\",\"url\":\"https:\\\/\\\/fit360.ee\\\/en\\\/pood\\\/training-equipment-en\\\/drinking-bottles-en\\\/classic-loop-shaker-820ml\\\/\",\"name\":\"Classic Loop Shaker (820ml) - Spider pall segamiseks - Parim Hind - Fit360\",\"isPartOf\":{\"@id\":\"https:\\\/\\\/fit360.ee\\\/en\\\/#website\"},\"primaryImageOfPage\":{\"@id\":\"https:\\\/\\\/fit360.ee\\\/en\\\/pood\\\/training-equipment-en\\\/drinking-bottles-en\\\/classic-loop-shaker-820ml\\\/#primaryimage\"},\"image\":{\"@id\":\"https:\\\/\\\/fit360.ee\\\/en\\\/pood\\\/training-equipment-en\\\/drinking-bottles-en\\\/classic-loop-shaker-820ml\\\/#primaryimage\"},\"thumbnailUrl\":\"https:\\\/\\\/fit360.ee\\\/wp-content\\\/uploads\\\/2025\\\/01\\\/blenderbottle-classic-shaker-fit360.ee_.jpg\",\"datePublished\":\"2025-01-24T12:21:21+00:00\",\"dateModified\":\"2025-08-13T06:32:19+00:00\",\"description\":\"Classic Loop Shaker \u2122 \u0161eikerpudel annab meie proovitud ja t\u00f5eliselt enimm\u00fc\u00fcdud pudelile muljetavaldava uuenduse. Uusimal Classic Loop Shakeril \u2122\u00a0 on ...\",\"breadcrumb\":{\"@id\":\"https:\\\/\\\/fit360.ee\\\/en\\\/pood\\\/training-equipment-en\\\/drinking-bottles-en\\\/classic-loop-shaker-820ml\\\/#breadcrumb\"},\"inLanguage\":\"en-US\",\"potentialAction\":[{\"@type\":\"ReadAction\",\"target\":[\"https:\\\/\\\/fit360.ee\\\/en\\\/pood\\\/training-equipment-en\\\/drinking-bottles-en\\\/classic-loop-shaker-820ml\\\/\"]}]},{\"@type\":\"ImageObject\",\"inLanguage\":\"en-US\",\"@id\":\"https:\\\/\\\/fit360.ee\\\/en\\\/pood\\\/training-equipment-en\\\/drinking-bottles-en\\\/classic-loop-shaker-820ml\\\/#primaryimage\",\"url\":\"https:\\\/\\\/fit360.ee\\\/wp-content\\\/uploads\\\/2025\\\/01\\\/blenderbottle-classic-shaker-fit360.ee_.jpg\",\"contentUrl\":\"https:\\\/\\\/fit360.ee\\\/wp-content\\\/uploads\\\/2025\\\/01\\\/blenderbottle-classic-shaker-fit360.ee_.jpg\",\"width\":550,\"height\":550,\"caption\":\"blenderbottle classic shaker - fit360.ee\"},{\"@type\":\"BreadcrumbList\",\"@id\":\"https:\\\/\\\/fit360.ee\\\/en\\\/pood\\\/training-equipment-en\\\/drinking-bottles-en\\\/classic-loop-shaker-820ml\\\/#breadcrumb\",\"itemListElement\":[{\"@type\":\"ListItem\",\"position\":1,\"name\":\"Home\",\"item\":\"https:\\\/\\\/fit360.ee\\\/en\\\/\"},{\"@type\":\"ListItem\",\"position\":2,\"name\":\"Shop\",\"item\":\"https:\\\/\\\/fit360.ee\\\/en\\\/shop\\\/\"},{\"@type\":\"ListItem\",\"position\":3,\"name\":\"Classic Loop Shaker (820ml)\"}]},{\"@type\":\"WebSite\",\"@id\":\"https:\\\/\\\/fit360.ee\\\/en\\\/#website\",\"url\":\"https:\\\/\\\/fit360.ee\\\/en\\\/\",\"name\":\"Fit360\",\"description\":\"\",\"publisher\":{\"@id\":\"https:\\\/\\\/fit360.ee\\\/en\\\/#organization\"},\"potentialAction\":[{\"@type\":\"SearchAction\",\"target\":{\"@type\":\"EntryPoint\",\"urlTemplate\":\"https:\\\/\\\/fit360.ee\\\/en\\\/?s={search_term_string}\"},\"query-input\":{\"@type\":\"PropertyValueSpecification\",\"valueRequired\":true,\"valueName\":\"search_term_string\"}}],\"inLanguage\":\"en-US\"},{\"@type\":\"Organization\",\"@id\":\"https:\\\/\\\/fit360.ee\\\/en\\\/#organization\",\"name\":\"Fit360\",\"url\":\"https:\\\/\\\/fit360.ee\\\/en\\\/\",\"logo\":{\"@type\":\"ImageObject\",\"inLanguage\":\"en-US\",\"@id\":\"https:\\\/\\\/fit360.ee\\\/en\\\/#\\\/schema\\\/logo\\\/image\\\/\",\"url\":\"https:\\\/\\\/fit360.ee\\\/wp-content\\\/uploads\\\/2017\\\/01\\\/logo-fit360.png\",\"contentUrl\":\"https:\\\/\\\/fit360.ee\\\/wp-content\\\/uploads\\\/2017\\\/01\\\/logo-fit360.png\",\"width\":180,\"height\":66,\"caption\":\"Fit360\"},\"image\":{\"@id\":\"https:\\\/\\\/fit360.ee\\\/en\\\/#\\\/schema\\\/logo\\\/image\\\/\"}}]}<\/script>\n<!-- \/ Yoast SEO plugin. -->","yoast_head_json":{"title":"Classic Loop Shaker (820ml) - Spider pall segamiseks - Parim Hind - Fit360","description":"Classic Loop Shaker \u2122 \u0161eikerpudel annab meie proovitud ja t\u00f5eliselt enimm\u00fc\u00fcdud pudelile muljetavaldava uuenduse. Uusimal Classic Loop Shakeril \u2122\u00a0 on ...","robots":{"index":"index","follow":"follow","max-snippet":"max-snippet:-1","max-image-preview":"max-image-preview:large","max-video-preview":"max-video-preview:-1"},"canonical":"https:\/\/fit360.ee\/en\/pood\/training-equipment-en\/drinking-bottles-en\/classic-loop-shaker-820ml\/","og_locale":"en_US","og_type":"article","og_title":"Classic Loop Shaker (820ml) - Spider pall segamiseks - Parim Hind - Fit360","og_description":"Classic Loop Shaker \u2122 \u0161eikerpudel annab meie proovitud ja t\u00f5eliselt enimm\u00fc\u00fcdud pudelile muljetavaldava uuenduse. Uusimal Classic Loop Shakeril \u2122\u00a0 on ...","og_url":"https:\/\/fit360.ee\/en\/pood\/training-equipment-en\/drinking-bottles-en\/classic-loop-shaker-820ml\/","og_site_name":"Fit360","article_modified_time":"2025-08-13T06:32:19+00:00","og_image":[{"width":550,"height":550,"url":"https:\/\/fit360.ee\/wp-content\/uploads\/2025\/01\/blenderbottle-classic-shaker-fit360.ee_.jpg","type":"image\/jpeg"}],"twitter_card":"summary_large_image","twitter_misc":{"Est. reading time":"2 minutes"},"schema":{"@context":"https:\/\/schema.org","@graph":[{"@type":"WebPage","@id":"https:\/\/fit360.ee\/en\/pood\/training-equipment-en\/drinking-bottles-en\/classic-loop-shaker-820ml\/","url":"https:\/\/fit360.ee\/en\/pood\/training-equipment-en\/drinking-bottles-en\/classic-loop-shaker-820ml\/","name":"Classic Loop Shaker (820ml) - Spider pall segamiseks - Parim Hind - Fit360","isPartOf":{"@id":"https:\/\/fit360.ee\/en\/#website"},"primaryImageOfPage":{"@id":"https:\/\/fit360.ee\/en\/pood\/training-equipment-en\/drinking-bottles-en\/classic-loop-shaker-820ml\/#primaryimage"},"image":{"@id":"https:\/\/fit360.ee\/en\/pood\/training-equipment-en\/drinking-bottles-en\/classic-loop-shaker-820ml\/#primaryimage"},"thumbnailUrl":"https:\/\/fit360.ee\/wp-content\/uploads\/2025\/01\/blenderbottle-classic-shaker-fit360.ee_.jpg","datePublished":"2025-01-24T12:21:21+00:00","dateModified":"2025-08-13T06:32:19+00:00","description":"Classic Loop Shaker \u2122 \u0161eikerpudel annab meie proovitud ja t\u00f5eliselt enimm\u00fc\u00fcdud pudelile muljetavaldava uuenduse. Uusimal Classic Loop Shakeril \u2122\u00a0 on ...","breadcrumb":{"@id":"https:\/\/fit360.ee\/en\/pood\/training-equipment-en\/drinking-bottles-en\/classic-loop-shaker-820ml\/#breadcrumb"},"inLanguage":"en-US","potentialAction":[{"@type":"ReadAction","target":["https:\/\/fit360.ee\/en\/pood\/training-equipment-en\/drinking-bottles-en\/classic-loop-shaker-820ml\/"]}]},{"@type":"ImageObject","inLanguage":"en-US","@id":"https:\/\/fit360.ee\/en\/pood\/training-equipment-en\/drinking-bottles-en\/classic-loop-shaker-820ml\/#primaryimage","url":"https:\/\/fit360.ee\/wp-content\/uploads\/2025\/01\/blenderbottle-classic-shaker-fit360.ee_.jpg","contentUrl":"https:\/\/fit360.ee\/wp-content\/uploads\/2025\/01\/blenderbottle-classic-shaker-fit360.ee_.jpg","width":550,"height":550,"caption":"blenderbottle classic shaker - fit360.ee"},{"@type":"BreadcrumbList","@id":"https:\/\/fit360.ee\/en\/pood\/training-equipment-en\/drinking-bottles-en\/classic-loop-shaker-820ml\/#breadcrumb","itemListElement":[{"@type":"ListItem","position":1,"name":"Home","item":"https:\/\/fit360.ee\/en\/"},{"@type":"ListItem","position":2,"name":"Shop","item":"https:\/\/fit360.ee\/en\/shop\/"},{"@type":"ListItem","position":3,"name":"Classic Loop Shaker (820ml)"}]},{"@type":"WebSite","@id":"https:\/\/fit360.ee\/en\/#website","url":"https:\/\/fit360.ee\/en\/","name":"Fit360","description":"","publisher":{"@id":"https:\/\/fit360.ee\/en\/#organization"},"potentialAction":[{"@type":"SearchAction","target":{"@type":"EntryPoint","urlTemplate":"https:\/\/fit360.ee\/en\/?s={search_term_string}"},"query-input":{"@type":"PropertyValueSpecification","valueRequired":true,"valueName":"search_term_string"}}],"inLanguage":"en-US"},{"@type":"Organization","@id":"https:\/\/fit360.ee\/en\/#organization","name":"Fit360","url":"https:\/\/fit360.ee\/en\/","logo":{"@type":"ImageObject","inLanguage":"en-US","@id":"https:\/\/fit360.ee\/en\/#\/schema\/logo\/image\/","url":"https:\/\/fit360.ee\/wp-content\/uploads\/2017\/01\/logo-fit360.png","contentUrl":"https:\/\/fit360.ee\/wp-content\/uploads\/2017\/01\/logo-fit360.png","width":180,"height":66,"caption":"Fit360"},"image":{"@id":"https:\/\/fit360.ee\/en\/#\/schema\/logo\/image\/"}}]}},"_links":{"self":[{"href":"https:\/\/fit360.ee\/en\/wp-json\/wp\/v2\/product\/86152","targetHints":{"allow":["GET"]}}],"collection":[{"href":"https:\/\/fit360.ee\/en\/wp-json\/wp\/v2\/product"}],"about":[{"href":"https:\/\/fit360.ee\/en\/wp-json\/wp\/v2\/types\/product"}],"replies":[{"embeddable":true,"href":"https:\/\/fit360.ee\/en\/wp-json\/wp\/v2\/comments?post=86152"}],"wp:featuredmedia":[{"embeddable":true,"href":"https:\/\/fit360.ee\/en\/wp-json\/wp\/v2\/media\/86149"}],"wp:attachment":[{"href":"https:\/\/fit360.ee\/en\/wp-json\/wp\/v2\/media?parent=86152"}],"wp:term":[{"taxonomy":"product_brand","embeddable":true,"href":"https:\/\/fit360.ee\/en\/wp-json\/wp\/v2\/product_brand?post=86152"},{"taxonomy":"product_cat","embeddable":true,"href":"https:\/\/fit360.ee\/en\/wp-json\/wp\/v2\/product_cat?post=86152"},{"taxonomy":"product_tag","embeddable":true,"href":"https:\/\/fit360.ee\/en\/wp-json\/wp\/v2\/product_tag?post=86152"},{"taxonomy":"giftcard-category","embeddable":true,"href":"https:\/\/fit360.ee\/en\/wp-json\/wp\/v2\/giftcard-category?post=86152"}],"curies":[{"name":"wp","href":"https:\/\/api.w.org\/{rel}","templated":true}]}}