{"id":86166,"date":"2025-01-25T08:06:17","date_gmt":"2025-01-25T06:06:17","guid":{"rendered":"https:\/\/fit360.ee\/pood\/uncategorized\/energy-complex-90caps\/"},"modified":"2026-04-11T10:42:30","modified_gmt":"2026-04-11T08:42:30","slug":"energy-complex-90caps","status":"publish","type":"product","link":"https:\/\/fit360.ee\/en\/pood\/product-groups\/superfoods-health-foods-en\/maca-en\/energy-complex-90caps\/","title":{"rendered":"Energy Complex (90caps)"},"content":{"rendered":"<h2><strong>Energy Complex<\/strong><\/h2>\n<p style=\"font-weight: 400;\"><span style=\"font-weight: 400;\">ICONFIT <b><strong>Energy Complex<\/strong><\/b>\u00a0sisaldab v\u00f5imsat\u00a0<b><strong>taimsete ekstraktide\u00a0<\/strong><\/b>segu. See on loodud nii vaimse kui ka f\u00fc\u00fcsilise sooritusv\u00f5ime t\u00f5stmiseks,\u00a0<b><strong>v\u00e4hendada v\u00e4simust<\/strong><\/b>\u00a0ja\u00a0<b><strong>toetades\u00a0<\/strong><\/b><b><strong>\u00fcldist heaolu<\/strong><\/b>, pakkudes sujuvamat, j\u00e4rkj\u00e4rgulist ja p\u00fcsivat energialaengut<\/span><b>.<\/b> \u00a0Kliiniliselt t\u00f5estatud koostisosadega nagu\u00a0<b style=\"font-weight: 400;\"><strong>guaraana, <a href=\"https:\/\/fit360.ee\/en\/product-category\/product-groups\/superfoods-health-foods-en\/maca-en\/\">maca<\/a>, <a href=\"https:\/\/fit360.ee\/en\/product-category\/product-groups\/vitamins-and-minerals-en\/c-vitamin-en\/\">C-vitamiin<\/a><\/strong><\/b>\u00a0ja\u00a0<a style=\"font-weight: 400;\" href=\"https:\/\/fit360.ee\/en\/product-category\/product-groups\/superfoods-health-foods-en\/green-tea-extract-en\/\"><b><strong>roheline tee<\/strong><\/b><\/a>, annab\u00a0iga kapsel<b style=\"font-weight: 400;\"><strong>\u00a0kehale\u00a0<\/strong><\/b>ja\u00a0<b style=\"font-weight: 400;\"><strong>vaimule j\u00f5udu<\/strong><\/b>, hoides seda\u00a0kogu p\u00e4eva jooksul\u00a0<b style=\"font-weight: 400;\"><strong>energilise<\/strong><\/b>\u00a0ja\u00a0<b style=\"font-weight: 400;\"><strong>keskendununa<\/strong><\/b>.<\/p>\n<ul style=\"font-weight: 400;\">\n<li>Guarana\u00a0(10% loodusliku kofeiinisisaldusega) on energiaallikas ja\u00a0<b><strong>aitab teil end energilisemana tunda.<\/strong><\/b>\u00a0Kliiniliselt on t\u00f5estatud, et see aitab s\u00e4ilitada vaimset heaolu, m\u00e4lu ja t\u00e4helepanelikkust. Samuti\u00a0<b><strong>tugevdab\u00a0<\/strong><\/b>guaraana\u00a0<b><strong>immuunsust ja v\u00e4hendab v\u00e4simust.<\/strong><\/b><\/li>\n<li><span style=\"font-weight: 400;\"><b><strong>Maca<\/strong><\/b>\u00a0on samuti energiaallikas, mis\u00a0toetab f\u00fc\u00fcsilist\u00a0ja\u00a0vaimset sooritusv\u00f5imet,\u00a0aidates s\u00e4ilitada optimaalset\u00a0vastupidavust, heaolu\u00a0ja\u00a0eluj\u00f5udu.<\/span><\/li>\n<li><span style=\"font-weight: 400;\">C-vitamiin\u00a0aitab kaasa\u00a0normaalsele\u00a0energiavahetusele,\u00a0n\u00e4rvis\u00fcsteemi,\u00a0ja\u00a0ps\u00fchholoogilisele talitusele.\u00a0Samuti aitab see\u00a0v\u00e4hendada\u00a0v\u00e4simust ja kurnatust.<\/span><\/li>\n<li><span style=\"font-weight: 400;\">Hibiski \u00f5ie ekstrakt\u00a0aitab t\u00f5sta\u00a0vaimset ja f\u00fc\u00fcsilist v\u00f5imekust.<\/span><\/li>\n<li>Ingver\u00a0ja\u00a0\u017een\u0161enn\u00a0aitavad suurendada\u00a0energiat.\u00a0Ingveril on\u00a0stimuleerivad\u00a0ja\u00a0toniseerivad\u00a0omadused, mis aitavad v\u00f5idelda\u00a0v\u00e4simusega.<\/li>\n<li>Purk kestab\u00a045 p\u00e4eva.\u00a0V\u00f5tke 2 kapslit p\u00e4evas!<\/li>\n<\/ul>\n<h4 dir=\"ltr\">Millal kindlasti v\u00f5tta\u00a0<strong>ICONFIT Energy Complexi?<\/strong><\/h4>\n<ul>\n<li dir=\"ltr\" aria-level=\"1\">\n<p dir=\"ltr\" role=\"presentation\"><strong>Kui tunnete end v\u00e4sinuna v\u00f5i energiapuuduses<\/strong><strong>:<\/strong> eriti f\u00fc\u00fcsilise v\u00f5i vaimse kurnatuse korral, n\u00e4iteks pikkade t\u00f6\u00f6p\u00e4evade v\u00f5i intensiivsete treeningute ajal.<\/p>\n<\/li>\n<li dir=\"ltr\" aria-level=\"1\">\n<p dir=\"ltr\" role=\"presentation\"><strong style=\"font-size: 14.4px;\">Keskendumise ja t\u00e4helepanu t\u00f5stmiseks<\/strong><strong style=\"font-size: 14.4px;\">:<\/strong><span style=\"font-size: 14.4px;\"> ideaalne olukordades, kui vajate suuremat keskendumist, n\u00e4iteks eksamite, oluliste kohtumiste v\u00f5i n\u00f5udlike \u00fclesannete t\u00e4itmise ajal.<\/span><\/p>\n<\/li>\n<li dir=\"ltr\" aria-level=\"1\">\n<p dir=\"ltr\" role=\"presentation\"><strong style=\"font-size: 14.4px;\">Stressi- v\u00f5i pingeperioodidel<\/strong><strong style=\"font-size: 14.4px;\">:<\/strong><span style=\"font-size: 14.4px;\"> toetab heaolu k\u00f5rge stressi, pingeliste t\u00e4htaegade v\u00f5i emotsionaalse pinge ajal.<\/span><\/p>\n<\/li>\n<li dir=\"ltr\" aria-level=\"1\">\n<p dir=\"ltr\" role=\"presentation\"><strong style=\"font-size: 14.4px;\">Haigusest v\u00f5i v\u00e4simusest taastumisel<\/strong><strong style=\"font-size: 14.4px;\">:\u00a0<\/strong><span style=\"font-size: 14.4px;\">aitab taastuda, kui tunnete end kurnatuna p\u00e4rast haigust v\u00f5i energiapuuduse perioode. <\/span><\/p>\n<\/li>\n<li dir=\"ltr\" aria-level=\"1\">\n<p dir=\"ltr\" role=\"presentation\"><strong style=\"font-size: 14.4px;\">Enne f\u00fc\u00fcsilist tegevust<\/strong><strong style=\"font-size: 14.4px;\">:<\/strong><span style=\"font-size: 14.4px;\"> v\u00f5tke enne treeninguid, sporti v\u00f5i mistahes f\u00fc\u00fcsilist tegevust, et suurendada vastupidavust ja t\u00f5sta f\u00fc\u00fcsilist j\u00f5udlust.<\/span><\/p>\n<\/li>\n<li dir=\"ltr\" aria-level=\"1\">\n<p dir=\"ltr\" role=\"presentation\"><strong style=\"font-size: 14.4px;\">Loomulikuks energia suurendamiseks<\/strong><strong style=\"font-size: 14.4px;\">:<\/strong><span style=\"font-size: 14.4px;\"> suurep\u00e4rane neile, kes soovivad v\u00e4ltida kohvi v\u00f5i suhkrurikkaid energiajooke, kuid vajavad siiski energiat\u00f5usu.<\/span><\/p>\n<\/li>\n<li dir=\"ltr\" aria-level=\"1\">\n<p dir=\"ltr\" role=\"presentation\"><strong style=\"font-size: 14.4px;\">Immuunsuse ja vastupidavuse toetamiseks<\/strong><strong style=\"font-size: 14.4px;\">:<\/strong><span style=\"font-size: 14.4px;\">\u00a0hooajaliste muutuste ajal v\u00f5i kui tunnete end kurnatuna, aitab see tugevdada teie immuuns\u00fcsteemi ja suurendada vastupidavust.<\/span><\/p>\n<\/li>\n<\/ul>\n<h4 dir=\"ltr\">Miks valida\u00a0<strong>ICONFIT Energy Complex?<\/strong><\/h4>\n<p dir=\"ltr\"><strong>Looduslik koostis<\/strong><strong>:<\/strong>\u00a0erinevalt paljudest energialisanditest kasutab ICONFIT taimeekstrakte, mida toetavad kliinilised uuringud.<\/p>\n<p dir=\"ltr\"><strong>Mitmek\u00fclged eelised<\/strong><strong>:<\/strong>\u00a0see pole ainult energiakompleks &#8211; see toetab ka vaimset tervist, immuunsust ja vereringet.<\/p>\n<p dir=\"ltr\"><strong>P\u00fcsiv energia<\/strong><strong>:<\/strong>\u00a0tagab sujuvama, j\u00e4rkj\u00e4rgulise ja p\u00fcsiva energiaboosti, samal ajal kui kohv annab kiirema ja intensiivsema energilaine, millele v\u00f5ib j\u00e4rgneda krahh.<\/p>\n<p><b>KUIDAS KASUTADA:<\/b><span style=\"font-weight: 400;\">\u00a0T\u00e4iskasvanutele 2 kapslit p\u00e4evas koos klaasi veega.<\/span><\/p>\n<p><b>HOIATUSED:\u00a0<\/b>Sisaldab kofeiini. Ei soovitata lastele ega rasedatele (33 mg \/ 2 kapslit). Toidulisand ei asenda mitmekesist ja tasakaalustatud toitumist. \u00c4rge \u00fcletage soovitatud p\u00e4evast annust. Hoida lastele k\u00e4ttesaamatus kohas. \u00c4rge v\u00f5tke 800 mg v\u00f5i rohkem epigallokatekiin-3-gallaati p\u00e4evas. \u00c4rge kasutage seda toodet, kui te kasutate samal p\u00e4eval teisi rohelist teed sisaldavaid tooteid. \u00c4rge kasutage seda t\u00fchja k\u00f5huga.<\/p>\n<p><b>HOIUSTAMINE:\u00a0<\/b>Hoida originaalpakendis temperatuuril 5-25\u00b0C, niiskuse ja otsese p\u00e4ikesevalguse eest kaitstult. 90 kapslit, netokaal 50,4g<span style=\"font-weight: 400;\">.<\/span><\/p>\n<p><b>KOOSTISOSAD:\u00a0<\/b>Guaraana &#8211; pauliinia (<i>Paullinia cupana L<\/i>) seemne ekstrakt, mugulkressi ehk maka (<i>Lepidium meyenii<\/i>) juure ekstrakt, C vitamiin (kaltsium-L-askorbaat), taimne kapsel (glaseeraine pullulaan), rohelise tee (<i>Camellia sinensis<\/i>) lehe ekstrakt, hapu hibiski (<i>Hibiscus sabdariffa<\/i>) \u00f5ie ekstrakt, hariliku ingveri (<i>Zingiber officinale<\/i>) juure ekstrakt, hariliku \u017een\u0161enni (<i>Panax ginseng<\/i>) juure ekstrakt.<\/p>\n<table>\n<tbody>\n<tr>\n<td><span style=\"font-weight: 400;\">P\u00c4EVANE ANNUS SISALDAB<\/span><\/td>\n<td><span style=\"font-weight: 400;\">2 kapslit<\/span><\/td>\n<td><span style=\"font-weight: 400;\">%NRV*<\/span><\/td>\n<\/tr>\n<tr>\n<td><span style=\"font-weight: 400;\">Guaraana (<i>Paullinia cupana L<\/i>) seemne ekstrakt 2-4:1 (10% kofeiini).<\/span><\/td>\n<td><span style=\"font-weight: 400;\">250 mg<\/span><\/td>\n<td><span style=\"font-weight: 400;\">&#8211;<\/span><\/td>\n<\/tr>\n<tr>\n<td><span style=\"font-weight: 400;\">Maca (<i>Lepidium meyenii<\/i>) juure ekstrakt 4:1<\/span><\/td>\n<td><span style=\"font-weight: 400;\">250 mg<\/span><\/td>\n<td><span style=\"font-weight: 400;\">&#8211;<\/span><\/td>\n<\/tr>\n<tr>\n<td><span style=\"font-weight: 400;\">C-vitamiin<\/span><\/td>\n<td><span style=\"font-weight: 400;\">154 mg<\/span><\/td>\n<td><span style=\"font-weight: 400;\">192%<\/span><\/td>\n<\/tr>\n<tr>\n<td><span style=\"font-weight: 400;\">Rohelise tee (<i>Camellia sinensis<\/i>) lehe ekstrakt 15:1 (8% kofeiin, 15% EGCG).<\/span><\/td>\n<td><span style=\"font-weight: 400;\">100 mg<\/span><\/td>\n<td><span style=\"font-weight: 400;\">&#8211;<\/span><\/td>\n<\/tr>\n<tr>\n<td><span style=\"font-weight: 400;\">Hibiski (<i>Hibiscus sabdariffa<\/i>) \u00f5ie ekstrakt 10:1<\/span><\/td>\n<td><span style=\"font-weight: 400;\">70 mg<\/span><\/td>\n<td><span style=\"font-weight: 400;\">&#8211;<\/span><\/td>\n<\/tr>\n<tr>\n<td><span style=\"font-weight: 400;\">Ingveri (<i>Zingiber officinale<\/i>) juure ekstrakt 20:1 (5% ingveroolid)<\/span><\/td>\n<td><span style=\"font-weight: 400;\">25 mg<\/span><\/td>\n<td><span style=\"font-weight: 400;\">&#8211;<\/span><\/td>\n<\/tr>\n<tr>\n<td><span style=\"font-weight: 400;\">\u017den\u0161enni (<i>Panax ginseng<\/i>) juure ekstrakt 10:1<\/span><\/td>\n<td><span style=\"font-weight: 400;\">10 mg<\/span><\/td>\n<td><span style=\"font-weight: 400;\">&#8211;<\/span><\/td>\n<\/tr>\n<\/tbody>\n<\/table>\n<p><span style=\"font-weight: 400;\">* &#8211; protsent t\u00e4iskasvanute p\u00e4evasest v\u00f5rdluskogusest.<\/span><\/p>\n<p>Vaata ka meie Teisi Supertoite <a href=\"https:\/\/fit360.ee\/en\/product-category\/product-groups\/superfoods-health-foods-en\/\"><strong>SIIT<\/strong><\/a> v\u00f5i Antioks\u00fcdante <a href=\"https:\/\/fit360.ee\/en\/product-category\/antioxidants-en\/\"><strong>SIIT<\/strong><\/a>!<\/p>\n<p>Soovid osta suuremas koguses? Vaata antud toodet ka meie HULGI lehelt\u00a0<a href=\"https:\/\/toidulisandidhulgi.ee\/tooted\/energy-complex-90caps\/\"><strong>SIIT<\/strong><\/a>!<\/p>\n","protected":false},"excerpt":{"rendered":"<p><span style=\"font-weight: 400;\"><b><strong>Energy Complex<\/strong><\/b>\u00a0sisaldab v\u00f5imsat\u00a0<b><strong>taimsete ekstraktide\u00a0<\/strong><\/b>segu. See on loodud nii vaimse kui ka f\u00fc\u00fcsilise sooritusv\u00f5ime t\u00f5stmiseks,\u00a0<b><strong>v\u00e4hendada v\u00e4simust<\/strong><\/b>\u00a0ja\u00a0<b><strong>toetades\u00a0<\/strong><\/b><b><strong>\u00fcldist heaolu<\/strong><\/b>, pakkudes sujuvamat, j\u00e4rkj\u00e4rgulist ja p\u00fcsivat energialaengut<\/span><b>.<\/b><\/p>\n","protected":false},"featured_media":86165,"comment_status":"open","ping_status":"closed","template":"","meta":[],"product_brand":[],"product_cat":[5311,2485,1911,5324,2371,1318,2358,533,1454,2664,536,1201],"product_tag":[5528,5529,1681],"giftcard-category":[],"class_list":{"0":"post-86166","1":"product","2":"type-product","3":"status-publish","4":"has-post-thumbnail","6":"product_cat-antioxidants-en","7":"product_cat-brain-support-nootropics-en","8":"product_cat-c-vitamin-en","9":"product_cat-caffeine-en","10":"product_cat-green-tea-extract-en","11":"product_cat-iconfit-en","12":"product_cat-maca-en","13":"product_cat-pre-workout-en","14":"product_cat-superfoods-health-foods-en","15":"product_cat-vegan-capsules-en","16":"product_cat-vitamins-and-minerals-en","17":"product_cat-1201","18":"product_tag-energy-en","19":"product_tag-energy-complex-en","20":"product_tag-iconfit-en","21":"pa_kogus-90-vcaps-en","22":"pa_toidulisand-branddd-iconfit","23":"pa_tootegruppp-aju-tegevus-nootropics-en","24":"pa_tootegruppp-antioksudandid-en","25":"pa_tootegruppp-c-vitamiin-en","26":"pa_tootegruppp-maca-en","27":"pa_tootegruppp-pre-workout","28":"pa_tootegruppp-rohelise-tee-ekstrakt-en","29":"pa_tootegruppp-supertoit-tervisetoit-en","30":"pa_tootegruppp-vcaps-vegan-kapslid-en","31":"pa_tootegruppp-vegan-en","32":"pa_tootegruppp-vitamins-and-minerals","34":"first","35":"instock","36":"sale","37":"taxable","38":"shipping-taxable","39":"purchasable","40":"product-type-simple"},"yoast_head":"<!-- This site is optimized with the Yoast SEO plugin v27.3 - https:\/\/yoast.com\/product\/yoast-seo-wordpress\/ -->\n<title>Energy Complex (90caps) - T\u00e4iuslik Energia - Parim Hind - Looduslik - Fit360<\/title>\n<meta name=\"description\" content=\"Energy Complex\u00a0sisaldab v\u00f5imsat\u00a0taimsete ekstraktide\u00a0segu. See on loodud nii vaimse kui ka f\u00fc\u00fcsilise sooritusv\u00f5ime t\u00f5stmiseks,\u00a0v\u00e4hend....\" \/>\n<meta name=\"robots\" content=\"index, follow, max-snippet:-1, max-image-preview:large, max-video-preview:-1\" \/>\n<link rel=\"canonical\" href=\"https:\/\/fit360.ee\/en\/pood\/product-groups\/superfoods-health-foods-en\/maca-en\/energy-complex-90caps\/\" \/>\n<meta property=\"og:locale\" content=\"en_US\" \/>\n<meta property=\"og:type\" content=\"article\" \/>\n<meta property=\"og:title\" content=\"Energy Complex (90caps) - T\u00e4iuslik Energia - Parim Hind - Looduslik - Fit360\" \/>\n<meta property=\"og:description\" content=\"Energy Complex\u00a0sisaldab v\u00f5imsat\u00a0taimsete ekstraktide\u00a0segu. See on loodud nii vaimse kui ka f\u00fc\u00fcsilise sooritusv\u00f5ime t\u00f5stmiseks,\u00a0v\u00e4hend....\" \/>\n<meta property=\"og:url\" content=\"https:\/\/fit360.ee\/en\/pood\/product-groups\/superfoods-health-foods-en\/maca-en\/energy-complex-90caps\/\" \/>\n<meta property=\"og:site_name\" content=\"Fit360\" \/>\n<meta property=\"article:modified_time\" content=\"2026-04-11T08:42:30+00:00\" \/>\n<meta property=\"og:image\" content=\"https:\/\/fit360.ee\/wp-content\/uploads\/2025\/01\/energy-complex-fit360.ee_.jpg\" \/>\n\t<meta property=\"og:image:width\" content=\"695\" \/>\n\t<meta property=\"og:image:height\" content=\"695\" \/>\n\t<meta property=\"og:image:type\" content=\"image\/jpeg\" \/>\n<meta name=\"twitter:card\" content=\"summary_large_image\" \/>\n<meta name=\"twitter:label1\" content=\"Est. reading time\" \/>\n\t<meta name=\"twitter:data1\" content=\"4 minutes\" \/>\n<script type=\"application\/ld+json\" class=\"yoast-schema-graph\">{\"@context\":\"https:\\\/\\\/schema.org\",\"@graph\":[{\"@type\":\"WebPage\",\"@id\":\"https:\\\/\\\/fit360.ee\\\/en\\\/pood\\\/product-groups\\\/superfoods-health-foods-en\\\/maca-en\\\/energy-complex-90caps\\\/\",\"url\":\"https:\\\/\\\/fit360.ee\\\/en\\\/pood\\\/product-groups\\\/superfoods-health-foods-en\\\/maca-en\\\/energy-complex-90caps\\\/\",\"name\":\"Energy Complex (90caps) - T\u00e4iuslik Energia - Parim Hind - Looduslik - Fit360\",\"isPartOf\":{\"@id\":\"https:\\\/\\\/fit360.ee\\\/en\\\/#website\"},\"primaryImageOfPage\":{\"@id\":\"https:\\\/\\\/fit360.ee\\\/en\\\/pood\\\/product-groups\\\/superfoods-health-foods-en\\\/maca-en\\\/energy-complex-90caps\\\/#primaryimage\"},\"image\":{\"@id\":\"https:\\\/\\\/fit360.ee\\\/en\\\/pood\\\/product-groups\\\/superfoods-health-foods-en\\\/maca-en\\\/energy-complex-90caps\\\/#primaryimage\"},\"thumbnailUrl\":\"https:\\\/\\\/fit360.ee\\\/wp-content\\\/uploads\\\/2025\\\/01\\\/energy-complex-fit360.ee_.jpg\",\"datePublished\":\"2025-01-25T06:06:17+00:00\",\"dateModified\":\"2026-04-11T08:42:30+00:00\",\"description\":\"Energy Complex\u00a0sisaldab v\u00f5imsat\u00a0taimsete ekstraktide\u00a0segu. See on loodud nii vaimse kui ka f\u00fc\u00fcsilise sooritusv\u00f5ime t\u00f5stmiseks,\u00a0v\u00e4hend....\",\"breadcrumb\":{\"@id\":\"https:\\\/\\\/fit360.ee\\\/en\\\/pood\\\/product-groups\\\/superfoods-health-foods-en\\\/maca-en\\\/energy-complex-90caps\\\/#breadcrumb\"},\"inLanguage\":\"en-US\",\"potentialAction\":[{\"@type\":\"ReadAction\",\"target\":[\"https:\\\/\\\/fit360.ee\\\/en\\\/pood\\\/product-groups\\\/superfoods-health-foods-en\\\/maca-en\\\/energy-complex-90caps\\\/\"]}]},{\"@type\":\"ImageObject\",\"inLanguage\":\"en-US\",\"@id\":\"https:\\\/\\\/fit360.ee\\\/en\\\/pood\\\/product-groups\\\/superfoods-health-foods-en\\\/maca-en\\\/energy-complex-90caps\\\/#primaryimage\",\"url\":\"https:\\\/\\\/fit360.ee\\\/wp-content\\\/uploads\\\/2025\\\/01\\\/energy-complex-fit360.ee_.jpg\",\"contentUrl\":\"https:\\\/\\\/fit360.ee\\\/wp-content\\\/uploads\\\/2025\\\/01\\\/energy-complex-fit360.ee_.jpg\",\"width\":695,\"height\":695,\"caption\":\"energy complex - fit360.ee\"},{\"@type\":\"BreadcrumbList\",\"@id\":\"https:\\\/\\\/fit360.ee\\\/en\\\/pood\\\/product-groups\\\/superfoods-health-foods-en\\\/maca-en\\\/energy-complex-90caps\\\/#breadcrumb\",\"itemListElement\":[{\"@type\":\"ListItem\",\"position\":1,\"name\":\"Home\",\"item\":\"https:\\\/\\\/fit360.ee\\\/en\\\/\"},{\"@type\":\"ListItem\",\"position\":2,\"name\":\"Shop\",\"item\":\"https:\\\/\\\/fit360.ee\\\/en\\\/shop\\\/\"},{\"@type\":\"ListItem\",\"position\":3,\"name\":\"Energy Complex (90caps)\"}]},{\"@type\":\"WebSite\",\"@id\":\"https:\\\/\\\/fit360.ee\\\/en\\\/#website\",\"url\":\"https:\\\/\\\/fit360.ee\\\/en\\\/\",\"name\":\"Fit360\",\"description\":\"\",\"publisher\":{\"@id\":\"https:\\\/\\\/fit360.ee\\\/en\\\/#organization\"},\"potentialAction\":[{\"@type\":\"SearchAction\",\"target\":{\"@type\":\"EntryPoint\",\"urlTemplate\":\"https:\\\/\\\/fit360.ee\\\/en\\\/?s={search_term_string}\"},\"query-input\":{\"@type\":\"PropertyValueSpecification\",\"valueRequired\":true,\"valueName\":\"search_term_string\"}}],\"inLanguage\":\"en-US\"},{\"@type\":\"Organization\",\"@id\":\"https:\\\/\\\/fit360.ee\\\/en\\\/#organization\",\"name\":\"Fit360\",\"url\":\"https:\\\/\\\/fit360.ee\\\/en\\\/\",\"logo\":{\"@type\":\"ImageObject\",\"inLanguage\":\"en-US\",\"@id\":\"https:\\\/\\\/fit360.ee\\\/en\\\/#\\\/schema\\\/logo\\\/image\\\/\",\"url\":\"https:\\\/\\\/fit360.ee\\\/wp-content\\\/uploads\\\/2017\\\/01\\\/logo-fit360.png\",\"contentUrl\":\"https:\\\/\\\/fit360.ee\\\/wp-content\\\/uploads\\\/2017\\\/01\\\/logo-fit360.png\",\"width\":180,\"height\":66,\"caption\":\"Fit360\"},\"image\":{\"@id\":\"https:\\\/\\\/fit360.ee\\\/en\\\/#\\\/schema\\\/logo\\\/image\\\/\"}}]}<\/script>\n<!-- \/ Yoast SEO plugin. -->","yoast_head_json":{"title":"Energy Complex (90caps) - T\u00e4iuslik Energia - Parim Hind - Looduslik - Fit360","description":"Energy Complex\u00a0sisaldab v\u00f5imsat\u00a0taimsete ekstraktide\u00a0segu. See on loodud nii vaimse kui ka f\u00fc\u00fcsilise sooritusv\u00f5ime t\u00f5stmiseks,\u00a0v\u00e4hend....","robots":{"index":"index","follow":"follow","max-snippet":"max-snippet:-1","max-image-preview":"max-image-preview:large","max-video-preview":"max-video-preview:-1"},"canonical":"https:\/\/fit360.ee\/en\/pood\/product-groups\/superfoods-health-foods-en\/maca-en\/energy-complex-90caps\/","og_locale":"en_US","og_type":"article","og_title":"Energy Complex (90caps) - T\u00e4iuslik Energia - Parim Hind - Looduslik - Fit360","og_description":"Energy Complex\u00a0sisaldab v\u00f5imsat\u00a0taimsete ekstraktide\u00a0segu. See on loodud nii vaimse kui ka f\u00fc\u00fcsilise sooritusv\u00f5ime t\u00f5stmiseks,\u00a0v\u00e4hend....","og_url":"https:\/\/fit360.ee\/en\/pood\/product-groups\/superfoods-health-foods-en\/maca-en\/energy-complex-90caps\/","og_site_name":"Fit360","article_modified_time":"2026-04-11T08:42:30+00:00","og_image":[{"width":695,"height":695,"url":"https:\/\/fit360.ee\/wp-content\/uploads\/2025\/01\/energy-complex-fit360.ee_.jpg","type":"image\/jpeg"}],"twitter_card":"summary_large_image","twitter_misc":{"Est. reading time":"4 minutes"},"schema":{"@context":"https:\/\/schema.org","@graph":[{"@type":"WebPage","@id":"https:\/\/fit360.ee\/en\/pood\/product-groups\/superfoods-health-foods-en\/maca-en\/energy-complex-90caps\/","url":"https:\/\/fit360.ee\/en\/pood\/product-groups\/superfoods-health-foods-en\/maca-en\/energy-complex-90caps\/","name":"Energy Complex (90caps) - T\u00e4iuslik Energia - Parim Hind - Looduslik - Fit360","isPartOf":{"@id":"https:\/\/fit360.ee\/en\/#website"},"primaryImageOfPage":{"@id":"https:\/\/fit360.ee\/en\/pood\/product-groups\/superfoods-health-foods-en\/maca-en\/energy-complex-90caps\/#primaryimage"},"image":{"@id":"https:\/\/fit360.ee\/en\/pood\/product-groups\/superfoods-health-foods-en\/maca-en\/energy-complex-90caps\/#primaryimage"},"thumbnailUrl":"https:\/\/fit360.ee\/wp-content\/uploads\/2025\/01\/energy-complex-fit360.ee_.jpg","datePublished":"2025-01-25T06:06:17+00:00","dateModified":"2026-04-11T08:42:30+00:00","description":"Energy Complex\u00a0sisaldab v\u00f5imsat\u00a0taimsete ekstraktide\u00a0segu. See on loodud nii vaimse kui ka f\u00fc\u00fcsilise sooritusv\u00f5ime t\u00f5stmiseks,\u00a0v\u00e4hend....","breadcrumb":{"@id":"https:\/\/fit360.ee\/en\/pood\/product-groups\/superfoods-health-foods-en\/maca-en\/energy-complex-90caps\/#breadcrumb"},"inLanguage":"en-US","potentialAction":[{"@type":"ReadAction","target":["https:\/\/fit360.ee\/en\/pood\/product-groups\/superfoods-health-foods-en\/maca-en\/energy-complex-90caps\/"]}]},{"@type":"ImageObject","inLanguage":"en-US","@id":"https:\/\/fit360.ee\/en\/pood\/product-groups\/superfoods-health-foods-en\/maca-en\/energy-complex-90caps\/#primaryimage","url":"https:\/\/fit360.ee\/wp-content\/uploads\/2025\/01\/energy-complex-fit360.ee_.jpg","contentUrl":"https:\/\/fit360.ee\/wp-content\/uploads\/2025\/01\/energy-complex-fit360.ee_.jpg","width":695,"height":695,"caption":"energy complex - fit360.ee"},{"@type":"BreadcrumbList","@id":"https:\/\/fit360.ee\/en\/pood\/product-groups\/superfoods-health-foods-en\/maca-en\/energy-complex-90caps\/#breadcrumb","itemListElement":[{"@type":"ListItem","position":1,"name":"Home","item":"https:\/\/fit360.ee\/en\/"},{"@type":"ListItem","position":2,"name":"Shop","item":"https:\/\/fit360.ee\/en\/shop\/"},{"@type":"ListItem","position":3,"name":"Energy Complex (90caps)"}]},{"@type":"WebSite","@id":"https:\/\/fit360.ee\/en\/#website","url":"https:\/\/fit360.ee\/en\/","name":"Fit360","description":"","publisher":{"@id":"https:\/\/fit360.ee\/en\/#organization"},"potentialAction":[{"@type":"SearchAction","target":{"@type":"EntryPoint","urlTemplate":"https:\/\/fit360.ee\/en\/?s={search_term_string}"},"query-input":{"@type":"PropertyValueSpecification","valueRequired":true,"valueName":"search_term_string"}}],"inLanguage":"en-US"},{"@type":"Organization","@id":"https:\/\/fit360.ee\/en\/#organization","name":"Fit360","url":"https:\/\/fit360.ee\/en\/","logo":{"@type":"ImageObject","inLanguage":"en-US","@id":"https:\/\/fit360.ee\/en\/#\/schema\/logo\/image\/","url":"https:\/\/fit360.ee\/wp-content\/uploads\/2017\/01\/logo-fit360.png","contentUrl":"https:\/\/fit360.ee\/wp-content\/uploads\/2017\/01\/logo-fit360.png","width":180,"height":66,"caption":"Fit360"},"image":{"@id":"https:\/\/fit360.ee\/en\/#\/schema\/logo\/image\/"}}]}},"_links":{"self":[{"href":"https:\/\/fit360.ee\/en\/wp-json\/wp\/v2\/product\/86166","targetHints":{"allow":["GET"]}}],"collection":[{"href":"https:\/\/fit360.ee\/en\/wp-json\/wp\/v2\/product"}],"about":[{"href":"https:\/\/fit360.ee\/en\/wp-json\/wp\/v2\/types\/product"}],"replies":[{"embeddable":true,"href":"https:\/\/fit360.ee\/en\/wp-json\/wp\/v2\/comments?post=86166"}],"wp:featuredmedia":[{"embeddable":true,"href":"https:\/\/fit360.ee\/en\/wp-json\/wp\/v2\/media\/86165"}],"wp:attachment":[{"href":"https:\/\/fit360.ee\/en\/wp-json\/wp\/v2\/media?parent=86166"}],"wp:term":[{"taxonomy":"product_brand","embeddable":true,"href":"https:\/\/fit360.ee\/en\/wp-json\/wp\/v2\/product_brand?post=86166"},{"taxonomy":"product_cat","embeddable":true,"href":"https:\/\/fit360.ee\/en\/wp-json\/wp\/v2\/product_cat?post=86166"},{"taxonomy":"product_tag","embeddable":true,"href":"https:\/\/fit360.ee\/en\/wp-json\/wp\/v2\/product_tag?post=86166"},{"taxonomy":"giftcard-category","embeddable":true,"href":"https:\/\/fit360.ee\/en\/wp-json\/wp\/v2\/giftcard-category?post=86166"}],"curies":[{"name":"wp","href":"https:\/\/api.w.org\/{rel}","templated":true}]}}