{"id":86287,"date":"2025-02-01T13:38:50","date_gmt":"2025-02-01T11:38:50","guid":{"rendered":"https:\/\/fit360.ee\/pood\/uncategorized\/hemp-protein-50-200g\/"},"modified":"2026-04-11T12:57:14","modified_gmt":"2026-04-11T10:57:14","slug":"hemp-protein-50-200g","status":"publish","type":"product","link":"https:\/\/fit360.ee\/en\/pood\/product-groups\/superfoods-health-foods-en\/fiber-en\/hemp-protein-50-200g\/","title":{"rendered":"Hemp Protein 50% (200g)"},"content":{"rendered":"<h2><strong>Mahe kanepivalk<\/strong><\/h2>\n<p style=\"font-weight: 400;\"><b><strong>Mahe Kanepivalk<\/strong><\/b>, mis on saadud kanepitaimest, on \u00fcks parimaid taimseid valguvalikuid. Kanep on uskumatult j\u00e4tkusuutlik, \u00f5itseb erinevates kliimatingimustes ja iga selle taime osa on mitmek\u00fclgselt kasutatav. Kanep on olnud inimeste toidulaual juba tuhandeid aastaid \u2013 Vahemere piirkonna, Egiptuse ja Maroko iidsed kultuurid kasutasid kanepit valkude, kiudainete lisamiseks ja ravimite valmistamiseks.<\/p>\n<p style=\"font-weight: 400;\">Kanepivalku peetakse &#8220;t\u00e4ielikuks valguks&#8221;, sest see sisaldab kogu aminohapete spektrit. Kuigi seda v\u00f5rreldakse sageli loomsete valkudega nagu vadak v\u00f5i muna, paistab see silma kui taimne alternatiiv, mis sobib ideaalselt neile, kellel on piimatoodete talumatus v\u00f5i tundlikkus.<\/p>\n<h4 style=\"font-weight: 400;\"><b><strong>Kanepivalgu omadused:<\/strong><\/b><\/h4>\n<ul>\n<li style=\"font-weight: 400;\">\u00a0<strong><a href=\"https:\/\/fit360.ee\/en\/product-category\/product-groups\/protein-poweders-en\/vegan-protein-en\/\">Taimne valk<\/a><\/strong>. Erinevalt loomsetest valkudest on kanepi kolesterooli- ja k\u00fcllastunud rasvade vaba. See kiirendab ainevahetust, aitab seedimist ja soodustab lihasmassi kasvu.<\/li>\n<li style=\"font-weight: 400;\">T\u00e4ielik aminohapete profiil. Kanepivalk sisaldab k\u00f5iki 22 olulist aminohapet, mida teie keha vajab, kuid mida ise toota ei suuda, mist\u00f5ttu on see v\u00f5rratu alternatiiv lihale, piimale ja munadele. Need aminohapped toetavad lihaste taastamist, aju toimimist ja tervet n\u00e4rvis\u00fcsteemi.<\/li>\n<li style=\"font-weight: 400;\">S\u00fcdame tervis ja haiguste ennetamine. Rikkalikult oomega-3 ja oomega-6 rasvhappeid sisaldav kanepivalk toetab s\u00fcdame-veresoonkonna tervist, v\u00e4hendades kolesterooli, verer\u00f5hku ja arterite ummistumise riski. Samuti sisaldab tokoferoole ehk looduslikke \u00fchendeid, mis v\u00e4hendavad s\u00fcdamehaiguste ja v\u00e4hi riski, edendades samal ajal antioks\u00fcdantide aktiivsust.<\/li>\n<li style=\"font-weight: 400;\">Palju vitamiine ja mineraale. Kanepis on palju olulisi toitaineid nagu raud, magneesium, mangaan ja kaalium.<\/li>\n<\/ul>\n<p><strong>ICONFITi mahe kanepivalk on puhas, t\u00f6\u00f6tlemata kanepivalgupulber on 50% valgukontsentratsiooniga. K\u00fcllusliku aminohappesisaldusega supertoit ei sisalda midagi muud kui kanepit \u2013 ei mingeid kunstlikke l\u00f5hna- ja maitseaineid ega lisandeid.<\/strong><\/p>\n<ul>\n<li>Mahe &amp; GMO-vaba.<\/li>\n<li>K\u00f5rge valgu- ja kiudainesisaldusega.<\/li>\n<li>Rikkalik Omega-6 &amp; Omega-3 sisaldus.<\/li>\n<li>Kanepivalk lisab smuutidele ja sheikidele meeldiva kreemja konsistentsi.<\/li>\n<li>V\u00e4ga hea kiudaineallikas, suurep\u00e4rane lisa smuutidele, k\u00fcpsetistele v\u00f5i taimse spordijoogina.<\/li>\n<\/ul>\n<p style=\"font-weight: 400;\"><b><strong>Kasutamine: <\/strong><\/b>Lisa 1 kuhjaga supilusikat\u00e4is (15 g) veele, smuutidele, jogurtitele, putrudele v\u00f5i k\u00fcpsetistele.<\/p>\n<p style=\"font-weight: 400;\"><b><strong>HOIUSTAMINE:\u00a0<\/strong><\/b>Hoida toatemperatuuril, kaitstuna niiskuse ja otsese p\u00e4ikesevalguse eest. Netokaal 200 g.<\/p>\n<p style=\"font-weight: 400;\"><b><strong>Koostisosad: <\/strong><\/b>100% mahe hariliku kanepi seemnete (<em>Cannabis sativa<\/em>) pulber.<\/p>\n<p>Vaata ka meie Teisi Valgupulbreid <a href=\"https:\/\/fit360.ee\/en\/product-category\/product-groups\/protein-poweders-en\/\"><strong>SIIT<\/strong><\/a>\u00a0v\u00f5i Taimseid Valke <a href=\"https:\/\/fit360.ee\/en\/product-category\/product-groups\/protein-poweders-en\/vegan-protein-en\/\"><strong>SIIT<\/strong><\/a>!<\/p>\n<p>Soovid kaupa osta suuremas koguses? Vaata antud toodet ka meie HULGI poest\u00a0<a href=\"https:\/\/toidulisandidhulgi.ee\/tooted\/hemp-protein-50-200g\/\"><strong>SIIT<\/strong><\/a>!<\/p>\n","protected":false},"excerpt":{"rendered":"<ul>\n<li>Mahe &amp; GMO-vaba.<\/li>\n<li>K\u00f5rge valgu- ja kiudainesisaldusega.<\/li>\n<li>Rikkalik Omega-6 &amp; Omega-3 sisaldus.<\/li>\n<li>Kanepivalk lisab smuutidele ja sheikidele meeldiva kreemja konsistentsi.<\/li>\n<li>V\u00e4ga hea kiudaineallikas, suurep\u00e4rane lisa smuutidele, k\u00fcpsetistele v\u00f5i taimse spordijoogina.<\/li>\n<\/ul>\n","protected":false},"featured_media":86285,"comment_status":"open","ping_status":"closed","template":"","meta":[],"product_brand":[],"product_cat":[525,2351,1318,2438,2442,535,1454,2428,1201],"product_tag":[1709,1681,1710,5541],"giftcard-category":[],"class_list":{"0":"post-86287","1":"product","2":"type-product","3":"status-publish","4":"has-post-thumbnail","6":"product_cat-essential-fats-en","7":"product_cat-fiber-en","8":"product_cat-iconfit-en","9":"product_cat-omega-3-en","10":"product_cat-omega-3-6-9-en","11":"product_cat-protein-poweders-en","12":"product_cat-superfoods-health-foods-en","13":"product_cat-vegan-protein-en","14":"product_cat-1201","15":"product_tag-hemp-protein-en","16":"product_tag-iconfit-en","17":"product_tag-kanepivalk-en","18":"product_tag-mahe-kanepivalk-en","19":"pa_kogus-200g-en","20":"pa_toidulisand-branddd-iconfit","21":"pa_tootegruppp-kiudained-en","22":"pa_tootegruppp-omega-3-en","23":"pa_tootegruppp-omega-3-6-9-en","24":"pa_tootegruppp-protein","25":"pa_tootegruppp-supertoit-tervisetoit-en","26":"pa_tootegruppp-taimne-valk-en","27":"pa_tootegruppp-useful-fatty-acids","28":"pa_tootegruppp-vegan-en","30":"first","31":"instock","32":"sale","33":"taxable","34":"shipping-taxable","35":"purchasable","36":"product-type-simple"},"yoast_head":"<!-- This site is optimized with the Yoast SEO plugin v27.3 - https:\/\/yoast.com\/product\/yoast-seo-wordpress\/ -->\n<title>Hemp Protein 50% (200g) - Mahe kanepivalk - Parim Hind - Kiudained - Fit360<\/title>\n<meta name=\"description\" content=\"Mahe Kanepivalk, mis on saadud kanepitaimest, on \u00fcks parimaid taimseid valguvalikuid. Kanep on uskumatult j\u00e4tkusuutlik, \u00f5itseb erinevates kliimatin...\" \/>\n<meta name=\"robots\" content=\"index, follow, max-snippet:-1, max-image-preview:large, max-video-preview:-1\" \/>\n<link rel=\"canonical\" href=\"https:\/\/fit360.ee\/en\/pood\/product-groups\/superfoods-health-foods-en\/fiber-en\/hemp-protein-50-200g\/\" \/>\n<meta property=\"og:locale\" content=\"en_US\" \/>\n<meta property=\"og:type\" content=\"article\" \/>\n<meta property=\"og:title\" content=\"Hemp Protein 50% (200g) - Mahe kanepivalk - Parim Hind - Kiudained - Fit360\" \/>\n<meta property=\"og:description\" content=\"Mahe Kanepivalk, mis on saadud kanepitaimest, on \u00fcks parimaid taimseid valguvalikuid. Kanep on uskumatult j\u00e4tkusuutlik, \u00f5itseb erinevates kliimatin...\" \/>\n<meta property=\"og:url\" content=\"https:\/\/fit360.ee\/en\/pood\/product-groups\/superfoods-health-foods-en\/fiber-en\/hemp-protein-50-200g\/\" \/>\n<meta property=\"og:site_name\" content=\"Fit360\" \/>\n<meta property=\"article:modified_time\" content=\"2026-04-11T10:57:14+00:00\" \/>\n<meta property=\"og:image\" content=\"https:\/\/fit360.ee\/wp-content\/uploads\/2025\/02\/iconfit-mahe-kanepivalk-fit360.ee_.jpg\" \/>\n\t<meta property=\"og:image:width\" content=\"695\" \/>\n\t<meta property=\"og:image:height\" content=\"695\" \/>\n\t<meta property=\"og:image:type\" content=\"image\/jpeg\" \/>\n<meta name=\"twitter:card\" content=\"summary_large_image\" \/>\n<meta name=\"twitter:label1\" content=\"Est. reading time\" \/>\n\t<meta name=\"twitter:data1\" content=\"2 minutes\" \/>\n<script type=\"application\/ld+json\" class=\"yoast-schema-graph\">{\"@context\":\"https:\\\/\\\/schema.org\",\"@graph\":[{\"@type\":\"WebPage\",\"@id\":\"https:\\\/\\\/fit360.ee\\\/en\\\/pood\\\/product-groups\\\/superfoods-health-foods-en\\\/fiber-en\\\/hemp-protein-50-200g\\\/\",\"url\":\"https:\\\/\\\/fit360.ee\\\/en\\\/pood\\\/product-groups\\\/superfoods-health-foods-en\\\/fiber-en\\\/hemp-protein-50-200g\\\/\",\"name\":\"Hemp Protein 50% (200g) - Mahe kanepivalk - Parim Hind - Kiudained - Fit360\",\"isPartOf\":{\"@id\":\"https:\\\/\\\/fit360.ee\\\/en\\\/#website\"},\"primaryImageOfPage\":{\"@id\":\"https:\\\/\\\/fit360.ee\\\/en\\\/pood\\\/product-groups\\\/superfoods-health-foods-en\\\/fiber-en\\\/hemp-protein-50-200g\\\/#primaryimage\"},\"image\":{\"@id\":\"https:\\\/\\\/fit360.ee\\\/en\\\/pood\\\/product-groups\\\/superfoods-health-foods-en\\\/fiber-en\\\/hemp-protein-50-200g\\\/#primaryimage\"},\"thumbnailUrl\":\"https:\\\/\\\/fit360.ee\\\/wp-content\\\/uploads\\\/2025\\\/02\\\/iconfit-mahe-kanepivalk-fit360.ee_.jpg\",\"datePublished\":\"2025-02-01T11:38:50+00:00\",\"dateModified\":\"2026-04-11T10:57:14+00:00\",\"description\":\"Mahe Kanepivalk, mis on saadud kanepitaimest, on \u00fcks parimaid taimseid valguvalikuid. Kanep on uskumatult j\u00e4tkusuutlik, \u00f5itseb erinevates kliimatin...\",\"breadcrumb\":{\"@id\":\"https:\\\/\\\/fit360.ee\\\/en\\\/pood\\\/product-groups\\\/superfoods-health-foods-en\\\/fiber-en\\\/hemp-protein-50-200g\\\/#breadcrumb\"},\"inLanguage\":\"en-US\",\"potentialAction\":[{\"@type\":\"ReadAction\",\"target\":[\"https:\\\/\\\/fit360.ee\\\/en\\\/pood\\\/product-groups\\\/superfoods-health-foods-en\\\/fiber-en\\\/hemp-protein-50-200g\\\/\"]}]},{\"@type\":\"ImageObject\",\"inLanguage\":\"en-US\",\"@id\":\"https:\\\/\\\/fit360.ee\\\/en\\\/pood\\\/product-groups\\\/superfoods-health-foods-en\\\/fiber-en\\\/hemp-protein-50-200g\\\/#primaryimage\",\"url\":\"https:\\\/\\\/fit360.ee\\\/wp-content\\\/uploads\\\/2025\\\/02\\\/iconfit-mahe-kanepivalk-fit360.ee_.jpg\",\"contentUrl\":\"https:\\\/\\\/fit360.ee\\\/wp-content\\\/uploads\\\/2025\\\/02\\\/iconfit-mahe-kanepivalk-fit360.ee_.jpg\",\"width\":695,\"height\":695,\"caption\":\"iconfit mahe kanepivalk - fit360.ee\"},{\"@type\":\"BreadcrumbList\",\"@id\":\"https:\\\/\\\/fit360.ee\\\/en\\\/pood\\\/product-groups\\\/superfoods-health-foods-en\\\/fiber-en\\\/hemp-protein-50-200g\\\/#breadcrumb\",\"itemListElement\":[{\"@type\":\"ListItem\",\"position\":1,\"name\":\"Home\",\"item\":\"https:\\\/\\\/fit360.ee\\\/en\\\/\"},{\"@type\":\"ListItem\",\"position\":2,\"name\":\"Shop\",\"item\":\"https:\\\/\\\/fit360.ee\\\/en\\\/shop\\\/\"},{\"@type\":\"ListItem\",\"position\":3,\"name\":\"Hemp Protein 50% (200g)\"}]},{\"@type\":\"WebSite\",\"@id\":\"https:\\\/\\\/fit360.ee\\\/en\\\/#website\",\"url\":\"https:\\\/\\\/fit360.ee\\\/en\\\/\",\"name\":\"Fit360\",\"description\":\"\",\"publisher\":{\"@id\":\"https:\\\/\\\/fit360.ee\\\/en\\\/#organization\"},\"potentialAction\":[{\"@type\":\"SearchAction\",\"target\":{\"@type\":\"EntryPoint\",\"urlTemplate\":\"https:\\\/\\\/fit360.ee\\\/en\\\/?s={search_term_string}\"},\"query-input\":{\"@type\":\"PropertyValueSpecification\",\"valueRequired\":true,\"valueName\":\"search_term_string\"}}],\"inLanguage\":\"en-US\"},{\"@type\":\"Organization\",\"@id\":\"https:\\\/\\\/fit360.ee\\\/en\\\/#organization\",\"name\":\"Fit360\",\"url\":\"https:\\\/\\\/fit360.ee\\\/en\\\/\",\"logo\":{\"@type\":\"ImageObject\",\"inLanguage\":\"en-US\",\"@id\":\"https:\\\/\\\/fit360.ee\\\/en\\\/#\\\/schema\\\/logo\\\/image\\\/\",\"url\":\"https:\\\/\\\/fit360.ee\\\/wp-content\\\/uploads\\\/2017\\\/01\\\/logo-fit360.png\",\"contentUrl\":\"https:\\\/\\\/fit360.ee\\\/wp-content\\\/uploads\\\/2017\\\/01\\\/logo-fit360.png\",\"width\":180,\"height\":66,\"caption\":\"Fit360\"},\"image\":{\"@id\":\"https:\\\/\\\/fit360.ee\\\/en\\\/#\\\/schema\\\/logo\\\/image\\\/\"}}]}<\/script>\n<!-- \/ Yoast SEO plugin. -->","yoast_head_json":{"title":"Hemp Protein 50% (200g) - Mahe kanepivalk - Parim Hind - Kiudained - Fit360","description":"Mahe Kanepivalk, mis on saadud kanepitaimest, on \u00fcks parimaid taimseid valguvalikuid. Kanep on uskumatult j\u00e4tkusuutlik, \u00f5itseb erinevates kliimatin...","robots":{"index":"index","follow":"follow","max-snippet":"max-snippet:-1","max-image-preview":"max-image-preview:large","max-video-preview":"max-video-preview:-1"},"canonical":"https:\/\/fit360.ee\/en\/pood\/product-groups\/superfoods-health-foods-en\/fiber-en\/hemp-protein-50-200g\/","og_locale":"en_US","og_type":"article","og_title":"Hemp Protein 50% (200g) - Mahe kanepivalk - Parim Hind - Kiudained - Fit360","og_description":"Mahe Kanepivalk, mis on saadud kanepitaimest, on \u00fcks parimaid taimseid valguvalikuid. Kanep on uskumatult j\u00e4tkusuutlik, \u00f5itseb erinevates kliimatin...","og_url":"https:\/\/fit360.ee\/en\/pood\/product-groups\/superfoods-health-foods-en\/fiber-en\/hemp-protein-50-200g\/","og_site_name":"Fit360","article_modified_time":"2026-04-11T10:57:14+00:00","og_image":[{"width":695,"height":695,"url":"https:\/\/fit360.ee\/wp-content\/uploads\/2025\/02\/iconfit-mahe-kanepivalk-fit360.ee_.jpg","type":"image\/jpeg"}],"twitter_card":"summary_large_image","twitter_misc":{"Est. reading time":"2 minutes"},"schema":{"@context":"https:\/\/schema.org","@graph":[{"@type":"WebPage","@id":"https:\/\/fit360.ee\/en\/pood\/product-groups\/superfoods-health-foods-en\/fiber-en\/hemp-protein-50-200g\/","url":"https:\/\/fit360.ee\/en\/pood\/product-groups\/superfoods-health-foods-en\/fiber-en\/hemp-protein-50-200g\/","name":"Hemp Protein 50% (200g) - Mahe kanepivalk - Parim Hind - Kiudained - Fit360","isPartOf":{"@id":"https:\/\/fit360.ee\/en\/#website"},"primaryImageOfPage":{"@id":"https:\/\/fit360.ee\/en\/pood\/product-groups\/superfoods-health-foods-en\/fiber-en\/hemp-protein-50-200g\/#primaryimage"},"image":{"@id":"https:\/\/fit360.ee\/en\/pood\/product-groups\/superfoods-health-foods-en\/fiber-en\/hemp-protein-50-200g\/#primaryimage"},"thumbnailUrl":"https:\/\/fit360.ee\/wp-content\/uploads\/2025\/02\/iconfit-mahe-kanepivalk-fit360.ee_.jpg","datePublished":"2025-02-01T11:38:50+00:00","dateModified":"2026-04-11T10:57:14+00:00","description":"Mahe Kanepivalk, mis on saadud kanepitaimest, on \u00fcks parimaid taimseid valguvalikuid. Kanep on uskumatult j\u00e4tkusuutlik, \u00f5itseb erinevates kliimatin...","breadcrumb":{"@id":"https:\/\/fit360.ee\/en\/pood\/product-groups\/superfoods-health-foods-en\/fiber-en\/hemp-protein-50-200g\/#breadcrumb"},"inLanguage":"en-US","potentialAction":[{"@type":"ReadAction","target":["https:\/\/fit360.ee\/en\/pood\/product-groups\/superfoods-health-foods-en\/fiber-en\/hemp-protein-50-200g\/"]}]},{"@type":"ImageObject","inLanguage":"en-US","@id":"https:\/\/fit360.ee\/en\/pood\/product-groups\/superfoods-health-foods-en\/fiber-en\/hemp-protein-50-200g\/#primaryimage","url":"https:\/\/fit360.ee\/wp-content\/uploads\/2025\/02\/iconfit-mahe-kanepivalk-fit360.ee_.jpg","contentUrl":"https:\/\/fit360.ee\/wp-content\/uploads\/2025\/02\/iconfit-mahe-kanepivalk-fit360.ee_.jpg","width":695,"height":695,"caption":"iconfit mahe kanepivalk - fit360.ee"},{"@type":"BreadcrumbList","@id":"https:\/\/fit360.ee\/en\/pood\/product-groups\/superfoods-health-foods-en\/fiber-en\/hemp-protein-50-200g\/#breadcrumb","itemListElement":[{"@type":"ListItem","position":1,"name":"Home","item":"https:\/\/fit360.ee\/en\/"},{"@type":"ListItem","position":2,"name":"Shop","item":"https:\/\/fit360.ee\/en\/shop\/"},{"@type":"ListItem","position":3,"name":"Hemp Protein 50% (200g)"}]},{"@type":"WebSite","@id":"https:\/\/fit360.ee\/en\/#website","url":"https:\/\/fit360.ee\/en\/","name":"Fit360","description":"","publisher":{"@id":"https:\/\/fit360.ee\/en\/#organization"},"potentialAction":[{"@type":"SearchAction","target":{"@type":"EntryPoint","urlTemplate":"https:\/\/fit360.ee\/en\/?s={search_term_string}"},"query-input":{"@type":"PropertyValueSpecification","valueRequired":true,"valueName":"search_term_string"}}],"inLanguage":"en-US"},{"@type":"Organization","@id":"https:\/\/fit360.ee\/en\/#organization","name":"Fit360","url":"https:\/\/fit360.ee\/en\/","logo":{"@type":"ImageObject","inLanguage":"en-US","@id":"https:\/\/fit360.ee\/en\/#\/schema\/logo\/image\/","url":"https:\/\/fit360.ee\/wp-content\/uploads\/2017\/01\/logo-fit360.png","contentUrl":"https:\/\/fit360.ee\/wp-content\/uploads\/2017\/01\/logo-fit360.png","width":180,"height":66,"caption":"Fit360"},"image":{"@id":"https:\/\/fit360.ee\/en\/#\/schema\/logo\/image\/"}}]}},"_links":{"self":[{"href":"https:\/\/fit360.ee\/en\/wp-json\/wp\/v2\/product\/86287","targetHints":{"allow":["GET"]}}],"collection":[{"href":"https:\/\/fit360.ee\/en\/wp-json\/wp\/v2\/product"}],"about":[{"href":"https:\/\/fit360.ee\/en\/wp-json\/wp\/v2\/types\/product"}],"replies":[{"embeddable":true,"href":"https:\/\/fit360.ee\/en\/wp-json\/wp\/v2\/comments?post=86287"}],"wp:featuredmedia":[{"embeddable":true,"href":"https:\/\/fit360.ee\/en\/wp-json\/wp\/v2\/media\/86285"}],"wp:attachment":[{"href":"https:\/\/fit360.ee\/en\/wp-json\/wp\/v2\/media?parent=86287"}],"wp:term":[{"taxonomy":"product_brand","embeddable":true,"href":"https:\/\/fit360.ee\/en\/wp-json\/wp\/v2\/product_brand?post=86287"},{"taxonomy":"product_cat","embeddable":true,"href":"https:\/\/fit360.ee\/en\/wp-json\/wp\/v2\/product_cat?post=86287"},{"taxonomy":"product_tag","embeddable":true,"href":"https:\/\/fit360.ee\/en\/wp-json\/wp\/v2\/product_tag?post=86287"},{"taxonomy":"giftcard-category","embeddable":true,"href":"https:\/\/fit360.ee\/en\/wp-json\/wp\/v2\/giftcard-category?post=86287"}],"curies":[{"name":"wp","href":"https:\/\/api.w.org\/{rel}","templated":true}]}}