{"id":86291,"date":"2025-02-01T13:38:51","date_gmt":"2025-02-01T11:38:51","guid":{"rendered":"https:\/\/fit360.ee\/pood\/uncategorized\/psyllium-husk-powder-150g\/"},"modified":"2026-03-30T12:41:19","modified_gmt":"2026-03-30T10:41:19","slug":"psyllium-husk-powder-150g","status":"publish","type":"product","link":"https:\/\/fit360.ee\/en\/pood\/product-groups\/superfoods-health-foods-en\/fiber-en\/psyllium-husk-powder-150g\/","title":{"rendered":"Psyllium Husk Powder (150g)"},"content":{"rendered":"<h2><strong>Mahe Ps\u00fclliumi kesta pulber<\/strong><\/h2>\n<p style=\"font-weight: 400;\"><b><strong>Mahe Ps\u00fclliumi kesta pulber<\/strong><\/b>\u00a0on saadud Plantago ovata, L\u00e4\u00e4ne-Aasias ja Vahemere piirkonnas levinud taime, seemnetest. Selle nimetus &#8220;ps\u00fcllium&#8221; tuleneb kreeka keelest psulla, mis t\u00e4hendab &#8220;kirpu&#8221;, viidates seemnete v\u00e4ikesele, kirbulaadsele v\u00e4limusele. Traditsiooniliselt on ps\u00fclliumi kasutatud seedetrakti tervise parandamiseks, kuid seda on juba ammu hinnatud selle v\u00f5ime t\u00f5ttu lahendada mitmesuguseid soolestiku probleeme ja toetada \u00fcldist heaolu. Ps\u00fclliumi kesta pulber toimib ka toidu ja jookide loodusliku paksendajana. Ps\u00fclliumi kesta pulber on rikkalik lahustuvate kiudainete allikas, mis imab vett, moodustades seedetraktis geelja aine, mis soodustab regulaarset soolestiku liikumist, olles eriti kasulik k\u00f5hukinnisuse korral.<\/p>\n<ul>\n<li style=\"font-weight: 400;\"><b><strong>Soolestiku tervis:<\/strong><\/b> aitab s\u00e4ilitada tervet soolestikku.<\/li>\n<li style=\"font-weight: 400;\"><b><strong>S\u00fcdame tervis:<\/strong><\/b> alandab kolesterooli taset.<\/li>\n<li style=\"font-weight: 400;\"><b><strong>Vere lipiidide reguleerimine:<\/strong><\/b> alandab vere lipiidide taset.<\/li>\n<li style=\"font-weight: 400;\">Ps\u00fclliumi kestad on tuntud oma k\u00f5rge puhtuse ja kvaliteedi poolest. Mida heledamad on koorikud, seda puhtamad ja kvaliteetsemad nad on. Mida v\u00e4hem on pruunid ps\u00fclliumi seemned jahvatatud, seda rohkem j\u00e4\u00e4b alles valgeid kestasid, mis t\u00e4hendab, et neil on paremad paisumisomadused.<\/li>\n<\/ul>\n<p><strong>ICONFIT Mahe Ps\u00fclliumi <\/strong><strong>kesta pulber on 100% puhas ja looduslik kiudainete allikas.<\/strong><\/p>\n<ul>\n<li>Tervislik ja looduslik kiudaine soodustab t\u00e4isk\u00f5hutunnet, aidates s\u00f6\u00f6giisu t\u00f5husalt kontrolli all hoida.<\/li>\n<li>See on suurep\u00e4rane valik neile, kes soovivad toetada kaalulangust, parandada seedimist v\u00f5i puhastada ja tugevdada oma keha.<\/li>\n<li>Aitab s\u00e4ilitada tervislikku soolestikku. Ps\u00fclliumi tarbimine aitab tagada\u00a0sujuvama ja \u00fchtlasema soolestiku liikumise, v\u00e4hendades ebamugavustunnet k\u00f5hus.<\/li>\n<li>Aitab v\u00e4hendada kolesterooli ja stabiliseerida lipiidide taset veres.<\/li>\n<li>Toimib jookide ja retseptide loodusliku paksendajana. Sobib ideaalselt gluteenivabadesse k\u00fcpsetistesse, smuutidesse ja erinevatesse roogadesse.<\/li>\n<\/ul>\n<p style=\"font-weight: 400;\"><b><strong><br \/>\nKasutamine: <\/strong><\/b>Lisa 1 tl (5 g) pulbrit k\u00fcpsetistele, smuutidele, jogurtitele v\u00f5i putrudele. Kuna pulber seob vedelikke, on oluline kasutada piisavalt vedelikku.<\/p>\n<p><b><strong>HOIATUS:\u00a0<\/strong><\/b><span style=\"font-weight: 400;\">P\u00e4eva jooksul on oluline juua piisavalt vett.<\/span><br style=\"font-weight: 400;\" \/><br style=\"font-weight: 400;\" \/><b><strong>S\u00c4ILITAMINE:\u00a0<\/strong><\/b><span style=\"font-weight: 400;\">Hoida toatemperatuuril, kaitstuna niiskuse ja otsese p\u00e4ikesevalguse eest. Netokaal 150 g.<\/span><br style=\"font-weight: 400;\" \/><b><strong><br \/>\nKoostisosad: <\/strong><\/b><span style=\"font-weight: 400;\">100% mahe ps\u00fclliumiseemne ehk k\u00f5rbe teelehe seemnete kestade pulber (<\/span><em style=\"font-weight: 400;\">Plantago ovata<\/em><span style=\"font-weight: 400;\">).<\/span><\/p>\n<p>Vaata ka meie teisi Supertoite <a href=\"https:\/\/fit360.ee\/en\/product-category\/product-groups\/superfoods-health-foods-en\/\"><strong>SIIT<\/strong><\/a> v\u00f5i Kiudaineid <a href=\"https:\/\/fit360.ee\/en\/product-category\/product-groups\/superfoods-health-foods-en\/fiber-en\/\"><strong>SIIT<\/strong><\/a>!<\/p>\n<p>Soovid kaupa osta suuremas koguses? Vaata antud toodet ka meie HULGI poest\u00a0<a href=\"https:\/\/toidulisandidhulgi.ee\/tooted\/psyllium-husk-powder-150g\/\"><strong>SIIT<\/strong><\/a>!<\/p>\n","protected":false},"excerpt":{"rendered":"<ul>\n<li>Tervislik ja looduslik kiudaine soodustab t\u00e4isk\u00f5hutunnet, aidates s\u00f6\u00f6giisu t\u00f5husalt kontrolli all hoida.<\/li>\n<li>See on suurep\u00e4rane valik neile, kes soovivad toetada kaalulangust, parandada seedimist v\u00f5i puhastada ja tugevdada oma keha.<\/li>\n<li>Aitab s\u00e4ilitada tervislikku soolestikku. Ps\u00fclliumi tarbimine aitab tagada\u00a0sujuvama ja \u00fchtlasema soolestiku liikumise, v\u00e4hendades ebamugavustunnet k\u00f5hus.<\/li>\n<li>Aitab v\u00e4hendada kolesterooli ja stabiliseerida lipiidide taset veres.<\/li>\n<li>Toimib jookide ja retseptide loodusliku paksendajana. Sobib ideaalselt gluteenivabadesse k\u00fcpsetistesse, smuutidesse ja erinevatesse roogadesse.<\/li>\n<\/ul>\n","protected":false},"featured_media":86290,"comment_status":"open","ping_status":"closed","template":"","meta":[],"product_brand":[],"product_cat":[5311,2351,5320,1318,1454,1201],"product_tag":[1681,5543,4278,3512],"giftcard-category":[],"class_list":{"0":"post-86291","1":"product","2":"type-product","3":"status-publish","4":"has-post-thumbnail","6":"product_cat-antioxidants-en","7":"product_cat-fiber-en","8":"product_cat-for-immunity-en","9":"product_cat-iconfit-en","10":"product_cat-superfoods-health-foods-en","11":"product_cat-1201","12":"product_tag-iconfit-en","13":"product_tag-mahe-psulliumi-kesta-pulber-en","14":"product_tag-psullium-en","15":"product_tag-psyllium-en","16":"pa_kogus-150g-en","17":"pa_toidulisand-branddd-iconfit","18":"pa_tootegruppp-antioksudandid-en","19":"pa_tootegruppp-immuunsusteem-en","20":"pa_tootegruppp-kiudained-en","21":"pa_tootegruppp-supertoit-tervisetoit-en","22":"pa_tootegruppp-vegan-en","24":"first","25":"instock","26":"sale","27":"taxable","28":"shipping-taxable","29":"purchasable","30":"product-type-simple"},"yoast_head":"<!-- This site is optimized with the Yoast SEO plugin v27.3 - https:\/\/yoast.com\/product\/yoast-seo-wordpress\/ -->\n<title>Psyllium Husk Powder (150g) - Mahe Ps\u00fclliumi kesta pulber - Fit360<\/title>\n<meta name=\"description\" content=\"Mahe Ps\u00fclliumi kesta pulber\u00a0on saadud Plantago ovata, L\u00e4\u00e4ne-Aasias ja Vahemere piirkonnas levinud taime, seemnetest. Parim Hind ja alati kiire tarne!\" \/>\n<meta name=\"robots\" content=\"index, follow, max-snippet:-1, max-image-preview:large, max-video-preview:-1\" \/>\n<link rel=\"canonical\" href=\"https:\/\/fit360.ee\/en\/pood\/product-groups\/superfoods-health-foods-en\/fiber-en\/psyllium-husk-powder-150g\/\" \/>\n<meta property=\"og:locale\" content=\"en_US\" \/>\n<meta property=\"og:type\" content=\"article\" \/>\n<meta property=\"og:title\" content=\"Psyllium Husk Powder (150g) - Mahe Ps\u00fclliumi kesta pulber - Fit360\" \/>\n<meta property=\"og:description\" content=\"Mahe Ps\u00fclliumi kesta pulber\u00a0on saadud Plantago ovata, L\u00e4\u00e4ne-Aasias ja Vahemere piirkonnas levinud taime, seemnetest. Parim Hind ja alati kiire tarne!\" \/>\n<meta property=\"og:url\" content=\"https:\/\/fit360.ee\/en\/pood\/product-groups\/superfoods-health-foods-en\/fiber-en\/psyllium-husk-powder-150g\/\" \/>\n<meta property=\"og:site_name\" content=\"Fit360\" \/>\n<meta property=\"article:modified_time\" content=\"2026-03-30T10:41:19+00:00\" \/>\n<meta property=\"og:image\" content=\"https:\/\/fit360.ee\/wp-content\/uploads\/2025\/02\/mahe-puslliumi-kesta-pulber-fit360.ee_.jpg\" \/>\n\t<meta property=\"og:image:width\" content=\"695\" \/>\n\t<meta property=\"og:image:height\" content=\"695\" \/>\n\t<meta property=\"og:image:type\" content=\"image\/jpeg\" \/>\n<meta name=\"twitter:card\" content=\"summary_large_image\" \/>\n<meta name=\"twitter:label1\" content=\"Est. reading time\" \/>\n\t<meta name=\"twitter:data1\" content=\"2 minutes\" \/>\n<script type=\"application\/ld+json\" class=\"yoast-schema-graph\">{\"@context\":\"https:\\\/\\\/schema.org\",\"@graph\":[{\"@type\":\"WebPage\",\"@id\":\"https:\\\/\\\/fit360.ee\\\/en\\\/pood\\\/product-groups\\\/superfoods-health-foods-en\\\/fiber-en\\\/psyllium-husk-powder-150g\\\/\",\"url\":\"https:\\\/\\\/fit360.ee\\\/en\\\/pood\\\/product-groups\\\/superfoods-health-foods-en\\\/fiber-en\\\/psyllium-husk-powder-150g\\\/\",\"name\":\"Psyllium Husk Powder (150g) - Mahe Ps\u00fclliumi kesta pulber - Fit360\",\"isPartOf\":{\"@id\":\"https:\\\/\\\/fit360.ee\\\/en\\\/#website\"},\"primaryImageOfPage\":{\"@id\":\"https:\\\/\\\/fit360.ee\\\/en\\\/pood\\\/product-groups\\\/superfoods-health-foods-en\\\/fiber-en\\\/psyllium-husk-powder-150g\\\/#primaryimage\"},\"image\":{\"@id\":\"https:\\\/\\\/fit360.ee\\\/en\\\/pood\\\/product-groups\\\/superfoods-health-foods-en\\\/fiber-en\\\/psyllium-husk-powder-150g\\\/#primaryimage\"},\"thumbnailUrl\":\"https:\\\/\\\/fit360.ee\\\/wp-content\\\/uploads\\\/2025\\\/02\\\/mahe-puslliumi-kesta-pulber-fit360.ee_.jpg\",\"datePublished\":\"2025-02-01T11:38:51+00:00\",\"dateModified\":\"2026-03-30T10:41:19+00:00\",\"description\":\"Mahe Ps\u00fclliumi kesta pulber\u00a0on saadud Plantago ovata, L\u00e4\u00e4ne-Aasias ja Vahemere piirkonnas levinud taime, seemnetest. Parim Hind ja alati kiire tarne!\",\"breadcrumb\":{\"@id\":\"https:\\\/\\\/fit360.ee\\\/en\\\/pood\\\/product-groups\\\/superfoods-health-foods-en\\\/fiber-en\\\/psyllium-husk-powder-150g\\\/#breadcrumb\"},\"inLanguage\":\"en-US\",\"potentialAction\":[{\"@type\":\"ReadAction\",\"target\":[\"https:\\\/\\\/fit360.ee\\\/en\\\/pood\\\/product-groups\\\/superfoods-health-foods-en\\\/fiber-en\\\/psyllium-husk-powder-150g\\\/\"]}]},{\"@type\":\"ImageObject\",\"inLanguage\":\"en-US\",\"@id\":\"https:\\\/\\\/fit360.ee\\\/en\\\/pood\\\/product-groups\\\/superfoods-health-foods-en\\\/fiber-en\\\/psyllium-husk-powder-150g\\\/#primaryimage\",\"url\":\"https:\\\/\\\/fit360.ee\\\/wp-content\\\/uploads\\\/2025\\\/02\\\/mahe-puslliumi-kesta-pulber-fit360.ee_.jpg\",\"contentUrl\":\"https:\\\/\\\/fit360.ee\\\/wp-content\\\/uploads\\\/2025\\\/02\\\/mahe-puslliumi-kesta-pulber-fit360.ee_.jpg\",\"width\":695,\"height\":695,\"caption\":\"mahe p\u00fcslliumi kesta pulber - fit360.ee\"},{\"@type\":\"BreadcrumbList\",\"@id\":\"https:\\\/\\\/fit360.ee\\\/en\\\/pood\\\/product-groups\\\/superfoods-health-foods-en\\\/fiber-en\\\/psyllium-husk-powder-150g\\\/#breadcrumb\",\"itemListElement\":[{\"@type\":\"ListItem\",\"position\":1,\"name\":\"Home\",\"item\":\"https:\\\/\\\/fit360.ee\\\/en\\\/\"},{\"@type\":\"ListItem\",\"position\":2,\"name\":\"Shop\",\"item\":\"https:\\\/\\\/fit360.ee\\\/en\\\/shop\\\/\"},{\"@type\":\"ListItem\",\"position\":3,\"name\":\"Psyllium Husk Powder (150g)\"}]},{\"@type\":\"WebSite\",\"@id\":\"https:\\\/\\\/fit360.ee\\\/en\\\/#website\",\"url\":\"https:\\\/\\\/fit360.ee\\\/en\\\/\",\"name\":\"Fit360\",\"description\":\"\",\"publisher\":{\"@id\":\"https:\\\/\\\/fit360.ee\\\/en\\\/#organization\"},\"potentialAction\":[{\"@type\":\"SearchAction\",\"target\":{\"@type\":\"EntryPoint\",\"urlTemplate\":\"https:\\\/\\\/fit360.ee\\\/en\\\/?s={search_term_string}\"},\"query-input\":{\"@type\":\"PropertyValueSpecification\",\"valueRequired\":true,\"valueName\":\"search_term_string\"}}],\"inLanguage\":\"en-US\"},{\"@type\":\"Organization\",\"@id\":\"https:\\\/\\\/fit360.ee\\\/en\\\/#organization\",\"name\":\"Fit360\",\"url\":\"https:\\\/\\\/fit360.ee\\\/en\\\/\",\"logo\":{\"@type\":\"ImageObject\",\"inLanguage\":\"en-US\",\"@id\":\"https:\\\/\\\/fit360.ee\\\/en\\\/#\\\/schema\\\/logo\\\/image\\\/\",\"url\":\"https:\\\/\\\/fit360.ee\\\/wp-content\\\/uploads\\\/2017\\\/01\\\/logo-fit360.png\",\"contentUrl\":\"https:\\\/\\\/fit360.ee\\\/wp-content\\\/uploads\\\/2017\\\/01\\\/logo-fit360.png\",\"width\":180,\"height\":66,\"caption\":\"Fit360\"},\"image\":{\"@id\":\"https:\\\/\\\/fit360.ee\\\/en\\\/#\\\/schema\\\/logo\\\/image\\\/\"}}]}<\/script>\n<!-- \/ Yoast SEO plugin. -->","yoast_head_json":{"title":"Psyllium Husk Powder (150g) - Mahe Ps\u00fclliumi kesta pulber - Fit360","description":"Mahe Ps\u00fclliumi kesta pulber\u00a0on saadud Plantago ovata, L\u00e4\u00e4ne-Aasias ja Vahemere piirkonnas levinud taime, seemnetest. Parim Hind ja alati kiire tarne!","robots":{"index":"index","follow":"follow","max-snippet":"max-snippet:-1","max-image-preview":"max-image-preview:large","max-video-preview":"max-video-preview:-1"},"canonical":"https:\/\/fit360.ee\/en\/pood\/product-groups\/superfoods-health-foods-en\/fiber-en\/psyllium-husk-powder-150g\/","og_locale":"en_US","og_type":"article","og_title":"Psyllium Husk Powder (150g) - Mahe Ps\u00fclliumi kesta pulber - Fit360","og_description":"Mahe Ps\u00fclliumi kesta pulber\u00a0on saadud Plantago ovata, L\u00e4\u00e4ne-Aasias ja Vahemere piirkonnas levinud taime, seemnetest. Parim Hind ja alati kiire tarne!","og_url":"https:\/\/fit360.ee\/en\/pood\/product-groups\/superfoods-health-foods-en\/fiber-en\/psyllium-husk-powder-150g\/","og_site_name":"Fit360","article_modified_time":"2026-03-30T10:41:19+00:00","og_image":[{"width":695,"height":695,"url":"https:\/\/fit360.ee\/wp-content\/uploads\/2025\/02\/mahe-puslliumi-kesta-pulber-fit360.ee_.jpg","type":"image\/jpeg"}],"twitter_card":"summary_large_image","twitter_misc":{"Est. reading time":"2 minutes"},"schema":{"@context":"https:\/\/schema.org","@graph":[{"@type":"WebPage","@id":"https:\/\/fit360.ee\/en\/pood\/product-groups\/superfoods-health-foods-en\/fiber-en\/psyllium-husk-powder-150g\/","url":"https:\/\/fit360.ee\/en\/pood\/product-groups\/superfoods-health-foods-en\/fiber-en\/psyllium-husk-powder-150g\/","name":"Psyllium Husk Powder (150g) - Mahe Ps\u00fclliumi kesta pulber - Fit360","isPartOf":{"@id":"https:\/\/fit360.ee\/en\/#website"},"primaryImageOfPage":{"@id":"https:\/\/fit360.ee\/en\/pood\/product-groups\/superfoods-health-foods-en\/fiber-en\/psyllium-husk-powder-150g\/#primaryimage"},"image":{"@id":"https:\/\/fit360.ee\/en\/pood\/product-groups\/superfoods-health-foods-en\/fiber-en\/psyllium-husk-powder-150g\/#primaryimage"},"thumbnailUrl":"https:\/\/fit360.ee\/wp-content\/uploads\/2025\/02\/mahe-puslliumi-kesta-pulber-fit360.ee_.jpg","datePublished":"2025-02-01T11:38:51+00:00","dateModified":"2026-03-30T10:41:19+00:00","description":"Mahe Ps\u00fclliumi kesta pulber\u00a0on saadud Plantago ovata, L\u00e4\u00e4ne-Aasias ja Vahemere piirkonnas levinud taime, seemnetest. Parim Hind ja alati kiire tarne!","breadcrumb":{"@id":"https:\/\/fit360.ee\/en\/pood\/product-groups\/superfoods-health-foods-en\/fiber-en\/psyllium-husk-powder-150g\/#breadcrumb"},"inLanguage":"en-US","potentialAction":[{"@type":"ReadAction","target":["https:\/\/fit360.ee\/en\/pood\/product-groups\/superfoods-health-foods-en\/fiber-en\/psyllium-husk-powder-150g\/"]}]},{"@type":"ImageObject","inLanguage":"en-US","@id":"https:\/\/fit360.ee\/en\/pood\/product-groups\/superfoods-health-foods-en\/fiber-en\/psyllium-husk-powder-150g\/#primaryimage","url":"https:\/\/fit360.ee\/wp-content\/uploads\/2025\/02\/mahe-puslliumi-kesta-pulber-fit360.ee_.jpg","contentUrl":"https:\/\/fit360.ee\/wp-content\/uploads\/2025\/02\/mahe-puslliumi-kesta-pulber-fit360.ee_.jpg","width":695,"height":695,"caption":"mahe p\u00fcslliumi kesta pulber - fit360.ee"},{"@type":"BreadcrumbList","@id":"https:\/\/fit360.ee\/en\/pood\/product-groups\/superfoods-health-foods-en\/fiber-en\/psyllium-husk-powder-150g\/#breadcrumb","itemListElement":[{"@type":"ListItem","position":1,"name":"Home","item":"https:\/\/fit360.ee\/en\/"},{"@type":"ListItem","position":2,"name":"Shop","item":"https:\/\/fit360.ee\/en\/shop\/"},{"@type":"ListItem","position":3,"name":"Psyllium Husk Powder (150g)"}]},{"@type":"WebSite","@id":"https:\/\/fit360.ee\/en\/#website","url":"https:\/\/fit360.ee\/en\/","name":"Fit360","description":"","publisher":{"@id":"https:\/\/fit360.ee\/en\/#organization"},"potentialAction":[{"@type":"SearchAction","target":{"@type":"EntryPoint","urlTemplate":"https:\/\/fit360.ee\/en\/?s={search_term_string}"},"query-input":{"@type":"PropertyValueSpecification","valueRequired":true,"valueName":"search_term_string"}}],"inLanguage":"en-US"},{"@type":"Organization","@id":"https:\/\/fit360.ee\/en\/#organization","name":"Fit360","url":"https:\/\/fit360.ee\/en\/","logo":{"@type":"ImageObject","inLanguage":"en-US","@id":"https:\/\/fit360.ee\/en\/#\/schema\/logo\/image\/","url":"https:\/\/fit360.ee\/wp-content\/uploads\/2017\/01\/logo-fit360.png","contentUrl":"https:\/\/fit360.ee\/wp-content\/uploads\/2017\/01\/logo-fit360.png","width":180,"height":66,"caption":"Fit360"},"image":{"@id":"https:\/\/fit360.ee\/en\/#\/schema\/logo\/image\/"}}]}},"_links":{"self":[{"href":"https:\/\/fit360.ee\/en\/wp-json\/wp\/v2\/product\/86291","targetHints":{"allow":["GET"]}}],"collection":[{"href":"https:\/\/fit360.ee\/en\/wp-json\/wp\/v2\/product"}],"about":[{"href":"https:\/\/fit360.ee\/en\/wp-json\/wp\/v2\/types\/product"}],"replies":[{"embeddable":true,"href":"https:\/\/fit360.ee\/en\/wp-json\/wp\/v2\/comments?post=86291"}],"wp:featuredmedia":[{"embeddable":true,"href":"https:\/\/fit360.ee\/en\/wp-json\/wp\/v2\/media\/86290"}],"wp:attachment":[{"href":"https:\/\/fit360.ee\/en\/wp-json\/wp\/v2\/media?parent=86291"}],"wp:term":[{"taxonomy":"product_brand","embeddable":true,"href":"https:\/\/fit360.ee\/en\/wp-json\/wp\/v2\/product_brand?post=86291"},{"taxonomy":"product_cat","embeddable":true,"href":"https:\/\/fit360.ee\/en\/wp-json\/wp\/v2\/product_cat?post=86291"},{"taxonomy":"product_tag","embeddable":true,"href":"https:\/\/fit360.ee\/en\/wp-json\/wp\/v2\/product_tag?post=86291"},{"taxonomy":"giftcard-category","embeddable":true,"href":"https:\/\/fit360.ee\/en\/wp-json\/wp\/v2\/giftcard-category?post=86291"}],"curies":[{"name":"wp","href":"https:\/\/api.w.org\/{rel}","templated":true}]}}