{"id":86296,"date":"2025-02-01T13:38:51","date_gmt":"2025-02-01T11:38:51","guid":{"rendered":"https:\/\/fit360.ee\/pood\/uncategorized\/spirulina-powder-125g\/"},"modified":"2026-03-26T16:26:17","modified_gmt":"2026-03-26T14:26:17","slug":"spirulina-powder-125g","status":"publish","type":"product","link":"https:\/\/fit360.ee\/en\/pood\/product-groups\/superfoods-health-foods-en\/fiber-en\/spirulina-powder-125g\/","title":{"rendered":"Spirulina Powder (125g)"},"content":{"rendered":"<h2><strong>Mahe Spirulina Pulber<\/strong><\/h2>\n<p style=\"font-weight: 400;\"><b><strong>Spirulina<\/strong><\/b> on sinakasroheline mikrovetikas, mida kasutatakse toitainete allikana. See on ideaalne supertoit v\u00e4simuse vastu v\u00f5itlemiseks, pakkudes erakordselt k\u00f5rget valgusisaldust ja toitev\u00e4\u00e4rtust, mist\u00f5ttu on mahe spirulina pulber suurep\u00e4rane valik sportlastele. See sisaldab rohkelt valku, kiudaineid, B-vitamiine (B1, B2, B3), rauda, kaaliumi, magneesiumi ja mangaani.<\/p>\n<p style=\"font-weight: 400;\">Mahe Spirulina Pulber on looduslik vitamiinide, valkude ja aminohapete allikas. See v\u00f5imas supertoit p\u00e4rineb rohelisest vetikast, mis sisaldab rohkelt klorof\u00fclli, rauda ja B12-vitamiini. L\u00f5una-Hiina puutumatutest tiikidest korjatud spirulina on mikroskoopiline taim, mida kuivatatakse loodusliku pihustuskuivatusmeetodiga. See protsess aitab s\u00e4ilitada vetikate toitev\u00e4\u00e4rtust, tootes samal ajal puhast spirulinapulbrit. Spirulina on laialdaselt tuntud oma k\u00f5rge valgusisalduse poolest, mis teeb sellest suurep\u00e4rase toidulisandi lihaste taastumiseks ja kasvuks. Lisaks pakub see rohkelt olulisi vitamiine ja mineraalaineid, toetades \u00fcldist tervist, energiataset ja immuuns\u00fcsteemi toimimist. Selle rikkalik klorof\u00fclli sisaldus soodustab ka detoksikatsiooni ja parandab organismi v\u00f5imet imenduda toitainetest.<\/p>\n<h4 style=\"font-weight: 400;\"><b><strong>Mida spirulina sisaldab?<\/strong><\/b><br \/>\n<b><\/b><\/h4>\n<p style=\"font-weight: 400;\"><b><strong>Klorof\u00fcll \u2013<\/strong><\/b>\u00a0spirulina v\u00f5lgneb oma rohelise v\u00e4rvi klorof\u00fclliinile, mis on klorof\u00fclli derivaat. Klorof\u00fclliin on tunnustatud oma v\u00f5imalike detoksikatsiooni ja antioks\u00fcdantide omaduste poolest.<br \/>\n<b><strong>Valgud<\/strong><\/b>\u00a0\u2013 see on ka rikkalik taimse valgu allikas, mis sisaldab ka k\u00f5ik olulisi aminohappeid.<br \/>\n<b><strong>Vitamiinid<\/strong><\/b>\u00a0\u2013 spirulina sisaldab erinevaid vitamiine, sealhulgas B-vitamiine (B1, B2, B3, B6, B9 ja B12), C-vitamiini, E-vitamiini ja K-vitamiini.<br \/>\n<b><strong>Mineraalained<\/strong><\/b>\u00a0\u2013 spirulina sisaldab rohkelt olulisi mineraale nagu raud, magneesium, kaalium, kaltsium ja tsink.<br \/>\n<b><strong>Karotenoidid<\/strong><\/b>\u00a0\u2013 spirulina sisaldab rohkelt karotenoide, sealhulgas beetakaroteeni, zeaksantiini ja luteiini. Need \u00fchendid toimivad v\u00f5imsate antioks\u00fcdantidena ja edendavad silmade tervist.<br \/>\n<b><strong>Asendamatud rasvhapped<\/strong><\/b>\u00a0\u2013 spirulina v\u00f5ib sisaldada asendamatuid rasvhappeid, sealhulgas alfa-linoleenhapet (ALA), mis aitab kaasa s\u00fcdame tervisele ja \u00fcldisele heaolule.<\/p>\n<h4 style=\"font-weight: 400;\"><b><strong>Spirulina omadused:<\/strong><\/b><br \/>\n<b><\/b><\/h4>\n<p style=\"font-weight: 400;\"><b><strong>Antioks\u00fcdantsed omadused \u2013\u00a0<\/strong><\/b>spirulina sisaldab f\u00fckots\u00fcaniini ehk \u00fchendit, millel on antioks\u00fcdantsed omadused. See t\u00e4hendab, et see aitab kaitsta rakke vabade radikaalide p\u00f5hjustatud oks\u00fcdatiivse stressi eest.<br \/>\n<b><strong>Toetab immuuns\u00fcsteemi \u2013\u00a0<\/strong><\/b>spirulina v\u00f5ib aidata kaasa immuuns\u00fcsteemi normaalsele toimimisele, kuna sisaldab toitaineid nagu B12-vitamiin ja raud.<br \/>\n<b><strong>Energia ja eluj\u00f5ud \u2013\u00a0<\/strong><\/b>spirulina v\u00f5ib t\u00e4nu oma rauasisaldusele aidata kaasa v\u00e4simuse v\u00e4hendamisele. See toetab normaalset energiat andvat ainevahetust.<br \/>\n<b><strong>Seedetrakti tervis \u2013\u00a0<\/strong><\/b>spirulina on tuntud normaalset soolestiku floorat edendavate omadusete poolest, mis v\u00f5ivad toetada seedimist.<br \/>\n<b><strong>Nahatervis \u2013\u00a0<\/strong><\/b>spirulinas sisalduvad toitained, eriti selle antioks\u00fcdandid, v\u00f5ivad aidata kaasa naha tervise s\u00e4ilitamisele.<\/p>\n<p style=\"font-weight: 400;\"><b><strong>Kasutamine: <\/strong><\/b>Lisa 1 tl (3 g) pulbrit mahladele, smuutidele, jogurtitele v\u00f5i salatikastmetele.<\/p>\n<p style=\"font-weight: 400;\"><b><strong>HOIATUS:\u00a0<\/strong><\/b>Sisaldab looduslikult esinevaid sulfiteid. Sulfiti tundlikkuse v\u00f5i allergia korral on soovitatav piirata tarbimist v\u00f5i v\u00e4ltida sulfiteid sisaldavaid tooteid.<\/p>\n<p style=\"font-weight: 400;\"><b><strong>HOIUSTAMINE:\u00a0<\/strong><\/b>Hoida toatemperatuuril, kaitstuna niiskuse ja otsese p\u00e4ikesevalguse eest. Netokaal 125 g.<\/p>\n<p style=\"font-weight: 400;\"><b><strong>Koostisosad: <\/strong><\/b>100% mahe spirulina pulber ehk sini-rohevetika pulber (<em>Arthrospira platensis<\/em>).<\/p>\n<p>Vaata ka meie teisi Supertoite <a href=\"https:\/\/fit360.ee\/en\/product-category\/product-groups\/superfoods-health-foods-en\/\"><strong>SIIT<\/strong><\/a> v\u00f5i Spirulina tooteid <a href=\"https:\/\/fit360.ee\/en\/product-category\/product-groups\/superfoods-health-foods-en\/spirulina-en\/\"><strong>SIIT<\/strong><\/a>!<\/p>\n<p>Soovid kaupa osta suuremas koguses? Vaata antud toodet ka meie HULGI poest\u00a0<a href=\"https:\/\/toidulisandidhulgi.ee\/tooted\/spirulina-powder-125g\/\"><strong>SIIT<\/strong><\/a>!<\/p>\n","protected":false},"excerpt":{"rendered":"<ul>\n<li>Spirulina sisaldab palju valku, kiudaineid, kaltsiumi, fosforit, rauda, magneesiumi ning B1-, B2-, B3-, B6-, B12- ja D-vitamiini.<\/li>\n<li>Hea viis men\u00fc\u00fcsse aminohapete lisamiseks. Soovitatav kaalulangetuse ajal, et aidata kaasa lihasmassi s\u00e4ilitamisele.<\/li>\n<li>Raud ja D-vitamiin aitavad toetada immuuns\u00fcsteemi. See on v\u00f5imas immuuns\u00fcsteemi stimulant.<\/li>\n<li>Spirulina pulber aitab s\u00e4ilitada eluj\u00f5udu, suurendab energiat ja v\u00e4hendab v\u00e4simust.<\/li>\n<\/ul>\n","protected":false},"featured_media":86294,"comment_status":"open","ping_status":"closed","template":"","meta":[],"product_brand":[],"product_cat":[5311,525,2351,5320,1318,535,2384,1454,536,1201],"product_tag":[1681,5547,5548,2148,5549],"giftcard-category":[],"class_list":{"0":"post-86296","1":"product","2":"type-product","3":"status-publish","4":"has-post-thumbnail","6":"product_cat-antioxidants-en","7":"product_cat-essential-fats-en","8":"product_cat-fiber-en","9":"product_cat-for-immunity-en","10":"product_cat-iconfit-en","11":"product_cat-protein-poweders-en","12":"product_cat-spirulina-en","13":"product_cat-superfoods-health-foods-en","14":"product_cat-vitamins-and-minerals-en","15":"product_cat-1201","16":"product_tag-iconfit-en","17":"product_tag-mahe-spirulina-pulber-en","18":"product_tag-spiruliina-en","19":"product_tag-spirulina-en","20":"product_tag-spirulline-en","21":"pa_kogus-125g-en","22":"pa_toidulisand-branddd-iconfit","23":"pa_tootegruppp-antioksudandid-en","24":"pa_tootegruppp-immuunsusteem-en","25":"pa_tootegruppp-kiudained-en","26":"pa_tootegruppp-protein","27":"pa_tootegruppp-spirulina-en","28":"pa_tootegruppp-supertoit-tervisetoit-en","29":"pa_tootegruppp-useful-fatty-acids","30":"pa_tootegruppp-vegan-en","31":"pa_tootegruppp-vitamins-and-minerals","33":"first","34":"instock","35":"sale","36":"taxable","37":"shipping-taxable","38":"purchasable","39":"product-type-simple"},"yoast_head":"<!-- This site is optimized with the Yoast SEO plugin v27.3 - https:\/\/yoast.com\/product\/yoast-seo-wordpress\/ -->\n<title>Spirulina Powder (125g) - Mahe Spirulina Pulber - Parim Hind - Fit360<\/title>\n<meta name=\"description\" content=\"Mahe Spirulina Pulber on looduslik vitamiinide, valkude ja aminohapete allikas. See v\u00f5imas supertoit p\u00e4rineb rohelisest vetikast, mis sisaldab rohkelt kl..\" \/>\n<meta name=\"robots\" content=\"index, follow, max-snippet:-1, max-image-preview:large, max-video-preview:-1\" \/>\n<link rel=\"canonical\" href=\"https:\/\/fit360.ee\/en\/pood\/product-groups\/superfoods-health-foods-en\/fiber-en\/spirulina-powder-125g\/\" \/>\n<meta property=\"og:locale\" content=\"en_US\" \/>\n<meta property=\"og:type\" content=\"article\" \/>\n<meta property=\"og:title\" content=\"Spirulina Powder (125g) - Mahe Spirulina Pulber - Parim Hind - Fit360\" \/>\n<meta property=\"og:description\" content=\"Mahe Spirulina Pulber on looduslik vitamiinide, valkude ja aminohapete allikas. See v\u00f5imas supertoit p\u00e4rineb rohelisest vetikast, mis sisaldab rohkelt kl..\" \/>\n<meta property=\"og:url\" content=\"https:\/\/fit360.ee\/en\/pood\/product-groups\/superfoods-health-foods-en\/fiber-en\/spirulina-powder-125g\/\" \/>\n<meta property=\"og:site_name\" content=\"Fit360\" \/>\n<meta property=\"article:modified_time\" content=\"2026-03-26T14:26:17+00:00\" \/>\n<meta property=\"og:image\" content=\"https:\/\/fit360.ee\/wp-content\/uploads\/2025\/02\/mahe-spirulina-pulber-fit360.ee_.webp\" \/>\n\t<meta property=\"og:image:width\" content=\"695\" \/>\n\t<meta property=\"og:image:height\" content=\"695\" \/>\n\t<meta property=\"og:image:type\" content=\"image\/webp\" \/>\n<meta name=\"twitter:card\" content=\"summary_large_image\" \/>\n<meta name=\"twitter:label1\" content=\"Est. reading time\" \/>\n\t<meta name=\"twitter:data1\" content=\"3 minutes\" \/>\n<script type=\"application\/ld+json\" class=\"yoast-schema-graph\">{\"@context\":\"https:\\\/\\\/schema.org\",\"@graph\":[{\"@type\":\"WebPage\",\"@id\":\"https:\\\/\\\/fit360.ee\\\/en\\\/pood\\\/product-groups\\\/superfoods-health-foods-en\\\/fiber-en\\\/spirulina-powder-125g\\\/\",\"url\":\"https:\\\/\\\/fit360.ee\\\/en\\\/pood\\\/product-groups\\\/superfoods-health-foods-en\\\/fiber-en\\\/spirulina-powder-125g\\\/\",\"name\":\"Spirulina Powder (125g) - Mahe Spirulina Pulber - Parim Hind - Fit360\",\"isPartOf\":{\"@id\":\"https:\\\/\\\/fit360.ee\\\/en\\\/#website\"},\"primaryImageOfPage\":{\"@id\":\"https:\\\/\\\/fit360.ee\\\/en\\\/pood\\\/product-groups\\\/superfoods-health-foods-en\\\/fiber-en\\\/spirulina-powder-125g\\\/#primaryimage\"},\"image\":{\"@id\":\"https:\\\/\\\/fit360.ee\\\/en\\\/pood\\\/product-groups\\\/superfoods-health-foods-en\\\/fiber-en\\\/spirulina-powder-125g\\\/#primaryimage\"},\"thumbnailUrl\":\"https:\\\/\\\/fit360.ee\\\/wp-content\\\/uploads\\\/2025\\\/02\\\/mahe-spirulina-pulber-fit360.ee_.webp\",\"datePublished\":\"2025-02-01T11:38:51+00:00\",\"dateModified\":\"2026-03-26T14:26:17+00:00\",\"description\":\"Mahe Spirulina Pulber on looduslik vitamiinide, valkude ja aminohapete allikas. See v\u00f5imas supertoit p\u00e4rineb rohelisest vetikast, mis sisaldab rohkelt kl..\",\"breadcrumb\":{\"@id\":\"https:\\\/\\\/fit360.ee\\\/en\\\/pood\\\/product-groups\\\/superfoods-health-foods-en\\\/fiber-en\\\/spirulina-powder-125g\\\/#breadcrumb\"},\"inLanguage\":\"en-US\",\"potentialAction\":[{\"@type\":\"ReadAction\",\"target\":[\"https:\\\/\\\/fit360.ee\\\/en\\\/pood\\\/product-groups\\\/superfoods-health-foods-en\\\/fiber-en\\\/spirulina-powder-125g\\\/\"]}]},{\"@type\":\"ImageObject\",\"inLanguage\":\"en-US\",\"@id\":\"https:\\\/\\\/fit360.ee\\\/en\\\/pood\\\/product-groups\\\/superfoods-health-foods-en\\\/fiber-en\\\/spirulina-powder-125g\\\/#primaryimage\",\"url\":\"https:\\\/\\\/fit360.ee\\\/wp-content\\\/uploads\\\/2025\\\/02\\\/mahe-spirulina-pulber-fit360.ee_.webp\",\"contentUrl\":\"https:\\\/\\\/fit360.ee\\\/wp-content\\\/uploads\\\/2025\\\/02\\\/mahe-spirulina-pulber-fit360.ee_.webp\",\"width\":695,\"height\":695,\"caption\":\"mahe spirulina pulber - fit360.ee\"},{\"@type\":\"BreadcrumbList\",\"@id\":\"https:\\\/\\\/fit360.ee\\\/en\\\/pood\\\/product-groups\\\/superfoods-health-foods-en\\\/fiber-en\\\/spirulina-powder-125g\\\/#breadcrumb\",\"itemListElement\":[{\"@type\":\"ListItem\",\"position\":1,\"name\":\"Home\",\"item\":\"https:\\\/\\\/fit360.ee\\\/en\\\/\"},{\"@type\":\"ListItem\",\"position\":2,\"name\":\"Shop\",\"item\":\"https:\\\/\\\/fit360.ee\\\/en\\\/shop\\\/\"},{\"@type\":\"ListItem\",\"position\":3,\"name\":\"Spirulina Powder (125g)\"}]},{\"@type\":\"WebSite\",\"@id\":\"https:\\\/\\\/fit360.ee\\\/en\\\/#website\",\"url\":\"https:\\\/\\\/fit360.ee\\\/en\\\/\",\"name\":\"Fit360\",\"description\":\"\",\"publisher\":{\"@id\":\"https:\\\/\\\/fit360.ee\\\/en\\\/#organization\"},\"potentialAction\":[{\"@type\":\"SearchAction\",\"target\":{\"@type\":\"EntryPoint\",\"urlTemplate\":\"https:\\\/\\\/fit360.ee\\\/en\\\/?s={search_term_string}\"},\"query-input\":{\"@type\":\"PropertyValueSpecification\",\"valueRequired\":true,\"valueName\":\"search_term_string\"}}],\"inLanguage\":\"en-US\"},{\"@type\":\"Organization\",\"@id\":\"https:\\\/\\\/fit360.ee\\\/en\\\/#organization\",\"name\":\"Fit360\",\"url\":\"https:\\\/\\\/fit360.ee\\\/en\\\/\",\"logo\":{\"@type\":\"ImageObject\",\"inLanguage\":\"en-US\",\"@id\":\"https:\\\/\\\/fit360.ee\\\/en\\\/#\\\/schema\\\/logo\\\/image\\\/\",\"url\":\"https:\\\/\\\/fit360.ee\\\/wp-content\\\/uploads\\\/2017\\\/01\\\/logo-fit360.png\",\"contentUrl\":\"https:\\\/\\\/fit360.ee\\\/wp-content\\\/uploads\\\/2017\\\/01\\\/logo-fit360.png\",\"width\":180,\"height\":66,\"caption\":\"Fit360\"},\"image\":{\"@id\":\"https:\\\/\\\/fit360.ee\\\/en\\\/#\\\/schema\\\/logo\\\/image\\\/\"}}]}<\/script>\n<!-- \/ Yoast SEO plugin. -->","yoast_head_json":{"title":"Spirulina Powder (125g) - Mahe Spirulina Pulber - Parim Hind - Fit360","description":"Mahe Spirulina Pulber on looduslik vitamiinide, valkude ja aminohapete allikas. See v\u00f5imas supertoit p\u00e4rineb rohelisest vetikast, mis sisaldab rohkelt kl..","robots":{"index":"index","follow":"follow","max-snippet":"max-snippet:-1","max-image-preview":"max-image-preview:large","max-video-preview":"max-video-preview:-1"},"canonical":"https:\/\/fit360.ee\/en\/pood\/product-groups\/superfoods-health-foods-en\/fiber-en\/spirulina-powder-125g\/","og_locale":"en_US","og_type":"article","og_title":"Spirulina Powder (125g) - Mahe Spirulina Pulber - Parim Hind - Fit360","og_description":"Mahe Spirulina Pulber on looduslik vitamiinide, valkude ja aminohapete allikas. See v\u00f5imas supertoit p\u00e4rineb rohelisest vetikast, mis sisaldab rohkelt kl..","og_url":"https:\/\/fit360.ee\/en\/pood\/product-groups\/superfoods-health-foods-en\/fiber-en\/spirulina-powder-125g\/","og_site_name":"Fit360","article_modified_time":"2026-03-26T14:26:17+00:00","og_image":[{"width":695,"height":695,"url":"https:\/\/fit360.ee\/wp-content\/uploads\/2025\/02\/mahe-spirulina-pulber-fit360.ee_.webp","type":"image\/webp"}],"twitter_card":"summary_large_image","twitter_misc":{"Est. reading time":"3 minutes"},"schema":{"@context":"https:\/\/schema.org","@graph":[{"@type":"WebPage","@id":"https:\/\/fit360.ee\/en\/pood\/product-groups\/superfoods-health-foods-en\/fiber-en\/spirulina-powder-125g\/","url":"https:\/\/fit360.ee\/en\/pood\/product-groups\/superfoods-health-foods-en\/fiber-en\/spirulina-powder-125g\/","name":"Spirulina Powder (125g) - Mahe Spirulina Pulber - Parim Hind - Fit360","isPartOf":{"@id":"https:\/\/fit360.ee\/en\/#website"},"primaryImageOfPage":{"@id":"https:\/\/fit360.ee\/en\/pood\/product-groups\/superfoods-health-foods-en\/fiber-en\/spirulina-powder-125g\/#primaryimage"},"image":{"@id":"https:\/\/fit360.ee\/en\/pood\/product-groups\/superfoods-health-foods-en\/fiber-en\/spirulina-powder-125g\/#primaryimage"},"thumbnailUrl":"https:\/\/fit360.ee\/wp-content\/uploads\/2025\/02\/mahe-spirulina-pulber-fit360.ee_.webp","datePublished":"2025-02-01T11:38:51+00:00","dateModified":"2026-03-26T14:26:17+00:00","description":"Mahe Spirulina Pulber on looduslik vitamiinide, valkude ja aminohapete allikas. See v\u00f5imas supertoit p\u00e4rineb rohelisest vetikast, mis sisaldab rohkelt kl..","breadcrumb":{"@id":"https:\/\/fit360.ee\/en\/pood\/product-groups\/superfoods-health-foods-en\/fiber-en\/spirulina-powder-125g\/#breadcrumb"},"inLanguage":"en-US","potentialAction":[{"@type":"ReadAction","target":["https:\/\/fit360.ee\/en\/pood\/product-groups\/superfoods-health-foods-en\/fiber-en\/spirulina-powder-125g\/"]}]},{"@type":"ImageObject","inLanguage":"en-US","@id":"https:\/\/fit360.ee\/en\/pood\/product-groups\/superfoods-health-foods-en\/fiber-en\/spirulina-powder-125g\/#primaryimage","url":"https:\/\/fit360.ee\/wp-content\/uploads\/2025\/02\/mahe-spirulina-pulber-fit360.ee_.webp","contentUrl":"https:\/\/fit360.ee\/wp-content\/uploads\/2025\/02\/mahe-spirulina-pulber-fit360.ee_.webp","width":695,"height":695,"caption":"mahe spirulina pulber - fit360.ee"},{"@type":"BreadcrumbList","@id":"https:\/\/fit360.ee\/en\/pood\/product-groups\/superfoods-health-foods-en\/fiber-en\/spirulina-powder-125g\/#breadcrumb","itemListElement":[{"@type":"ListItem","position":1,"name":"Home","item":"https:\/\/fit360.ee\/en\/"},{"@type":"ListItem","position":2,"name":"Shop","item":"https:\/\/fit360.ee\/en\/shop\/"},{"@type":"ListItem","position":3,"name":"Spirulina Powder (125g)"}]},{"@type":"WebSite","@id":"https:\/\/fit360.ee\/en\/#website","url":"https:\/\/fit360.ee\/en\/","name":"Fit360","description":"","publisher":{"@id":"https:\/\/fit360.ee\/en\/#organization"},"potentialAction":[{"@type":"SearchAction","target":{"@type":"EntryPoint","urlTemplate":"https:\/\/fit360.ee\/en\/?s={search_term_string}"},"query-input":{"@type":"PropertyValueSpecification","valueRequired":true,"valueName":"search_term_string"}}],"inLanguage":"en-US"},{"@type":"Organization","@id":"https:\/\/fit360.ee\/en\/#organization","name":"Fit360","url":"https:\/\/fit360.ee\/en\/","logo":{"@type":"ImageObject","inLanguage":"en-US","@id":"https:\/\/fit360.ee\/en\/#\/schema\/logo\/image\/","url":"https:\/\/fit360.ee\/wp-content\/uploads\/2017\/01\/logo-fit360.png","contentUrl":"https:\/\/fit360.ee\/wp-content\/uploads\/2017\/01\/logo-fit360.png","width":180,"height":66,"caption":"Fit360"},"image":{"@id":"https:\/\/fit360.ee\/en\/#\/schema\/logo\/image\/"}}]}},"_links":{"self":[{"href":"https:\/\/fit360.ee\/en\/wp-json\/wp\/v2\/product\/86296","targetHints":{"allow":["GET"]}}],"collection":[{"href":"https:\/\/fit360.ee\/en\/wp-json\/wp\/v2\/product"}],"about":[{"href":"https:\/\/fit360.ee\/en\/wp-json\/wp\/v2\/types\/product"}],"replies":[{"embeddable":true,"href":"https:\/\/fit360.ee\/en\/wp-json\/wp\/v2\/comments?post=86296"}],"wp:featuredmedia":[{"embeddable":true,"href":"https:\/\/fit360.ee\/en\/wp-json\/wp\/v2\/media\/86294"}],"wp:attachment":[{"href":"https:\/\/fit360.ee\/en\/wp-json\/wp\/v2\/media?parent=86296"}],"wp:term":[{"taxonomy":"product_brand","embeddable":true,"href":"https:\/\/fit360.ee\/en\/wp-json\/wp\/v2\/product_brand?post=86296"},{"taxonomy":"product_cat","embeddable":true,"href":"https:\/\/fit360.ee\/en\/wp-json\/wp\/v2\/product_cat?post=86296"},{"taxonomy":"product_tag","embeddable":true,"href":"https:\/\/fit360.ee\/en\/wp-json\/wp\/v2\/product_tag?post=86296"},{"taxonomy":"giftcard-category","embeddable":true,"href":"https:\/\/fit360.ee\/en\/wp-json\/wp\/v2\/giftcard-category?post=86296"}],"curies":[{"name":"wp","href":"https:\/\/api.w.org\/{rel}","templated":true}]}}