{"id":86466,"date":"2025-02-08T10:23:47","date_gmt":"2025-02-08T08:23:47","guid":{"rendered":"https:\/\/fit360.ee\/pood\/uncategorized\/vitamin-b12-methylcobalamin-100-%ce%bcg-120-tabs\/"},"modified":"2025-08-13T07:38:36","modified_gmt":"2025-08-13T05:38:36","slug":"vitamin-b12-methylcobalamin-100-%ce%bcg-120-tabs","status":"publish","type":"product","link":"https:\/\/fit360.ee\/en\/pood\/product-groups\/vitamins-and-minerals-en\/b-vitamin-en\/vitamin-b12-methylcobalamin-100-%ce%bcg-120-tabs\/","title":{"rendered":"Vitamin B12 Methylcobalamin 100 \u03bcg (120 tabs)"},"content":{"rendered":"<h2 class=\"cm__heading\"><strong>Vitamiin B12 Met\u00fc\u00fclkobalamiin<\/strong><\/h2>\n<p>OstroVit Vitamin B12 Met\u00fc\u00fclkobalamiin 100 \u00b5g on kvaliteetne toidulisand, mis on B-vitamiinide allikas nende parimal kujul \u2013 met\u00fc\u00fclkobalamiin. See preparaat on saadaval kergesti neelatavate tablettidena, mis on loodud inimestele, kes soovivad t\u00e4iendada oma igap\u00e4evast toitumist v\u00e4\u00e4rtusliku mikroelemendiga.<\/p>\n<ul class=\"cm__list\">\n<li><strong>B12-vitamiini allikas selle parimal kujul<\/strong>\u00a0\u2013 \u00fcks toidulisandi portsjon sisaldab 100 \u00b5g met\u00fc\u00fclkobalamiini \u2013 \u00fchendit, mis imendub palju kiiremini ja p\u00fcsib kehas kauem kui teised B12-vitamiini vormid.<\/li>\n<li><strong>1 portsjon = 1 tablett<\/strong>\u00a0.<\/li>\n<li><strong>T\u00f5husus<\/strong>\u00a0\u2013 tootepakendis on koguni 120 portsjonit preparaati.<\/li>\n<li><strong>Mugav vorm<\/strong>\u00a0\u2013 preparaat on saadaval kergesti neelatavate tablettidena.<\/li>\n<li><strong>Sobib taimetoitlastele ja veganitele<\/strong>\u00a0\u2013 toidulisand ei sisalda loomset p\u00e4ritolu koostisosi.<\/li>\n<\/ul>\n<h4 class=\"cm__heading\"><strong>OstroVit Vitamiin B12 Met\u00fc\u00fclkobalamiin 100 \u00b5g \u2013 kergesti imenduva B12-vitamiini allikas<\/strong><\/h4>\n<p class=\"cm__text\"><strong>B12-vitamiin<\/strong>\u00a0, tuntud ka kui kobalamiin v\u00f5i punane vitamiin, on orgaaniline keemiline \u00fchend, mis kuulub vees lahustuvate <a href=\"https:\/\/fit360.ee\/en\/product-category\/product-groups\/vitamins-and-minerals-en\/b-vitamin-en\/\"><strong>B-vitamiinide<\/strong><\/a> hulka. See on metallorgaaniline aine, milles on sidemed metalliioonide (antud juhul koobalti) ning erinevate molekulide ja anioonide vahel.<\/p>\n<p><strong>Vitamiin B12<\/strong>\u00a0esineb looduslikult loomsetes toodetes. Seda \u00fchendit v\u00f5ib leida lihast, piimast ja piimatoodetest ning kalast ja mereandidest. Ainega rikastatakse ka m\u00f5ningaid vegantooteid, nagu taimsed joogid ja hommikus\u00f6\u00f6gihelbed, mille eesm\u00e4rk on tagada \u00fchendi piisav varu inimestele, kes piiravad v\u00f5i j\u00e4tavad oma igap\u00e4evasest toidust v\u00e4lja loomsed saadused, mis on selle v\u00e4\u00e4rtusliku mikroelemendi loomulik allikas.<\/p>\n<p><strong>Vitamiin B12<\/strong>\u00a0on saadaval erinevates vormides, mis erinevad oma imendumise ja biosaadavuse poolest.\u00a0OstroVit\u00a0kasutab\u00a0met\u00fc\u00fclkobalamiini \u2013 \u00fchendit, mis on v\u00e4ga biosaadav ja organismis kergesti omastatav. See on aktiivne vorm, mis varustab keha ka met\u00fc\u00fclr\u00fchmadega, mist\u00f5ttu on see eriti soovitatav met\u00fclatsioonih\u00e4iretega inimestele. Met\u00fc\u00fclkobalamiin imendub kiiresti ja p\u00fcsib kudedes kauem, pealegi ei sisalda see kahjulikku ts\u00fcaniidi. Seet\u00f5ttu on toidulisand OstroVit v\u00e4\u00e4rtuslik t\u00e4iendus igap\u00e4evasele toidulauale, mis tagab k\u00f5rgeima kvaliteediga mikrotoitainetega varustamise.<\/p>\n<h4 class=\"cm__heading\"><strong>OstroVit Vitamiin B12 Met\u00fc\u00fclkobalamiin 100 \u00b5g koostisainete omadused<\/strong><\/h4>\n<p>Preparaadis sisalduv B12-vitamiin:<\/p>\n<ul>\n<li>Aitab kaasa \u00f5ige energiavahetuse s\u00e4ilitamisele,<\/li>\n<li>Aitab kaasa n\u00e4rvi- ja immuuns\u00fcsteemi n\u00f5uetekohasele toimimisele,<\/li>\n<li>Toetab optimaalse homots\u00fcsteiini metabolismi s\u00e4ilitamist,<\/li>\n<li>Aitab s\u00e4ilitada normaalseid ps\u00fchholoogilisi funktsioone,<\/li>\n<li>Aitab v\u00e4hendada v\u00e4simustunnet ja kurnatust,<\/li>\n<li>Toetab punaste vereliblede n\u00f5uetekohast tootmist,<\/li>\n<li>M\u00e4ngib rolli rakkude jagunemise protsessis.<\/li>\n<\/ul>\n<p><strong>Koostisosad<\/strong>: Mahuaine: mikrokristalne tselluloos; t\u00e4rklis, paakumisvastased ained: rasvhapete magneesiumisoolad, r\u00e4nidioksiid; met\u00fc\u00fclkobalamiin (vitamiin B12).<\/p>\n<p><strong>Kasutamine<\/strong>: V\u00f5tke 1 portsjon (1 tablett) p\u00e4evas. Toode on m\u00f5eldud t\u00e4iskasvanutele.<\/p>\n<p>\u00c4rge \u00fcletage soovitatavat \u00f6\u00f6p\u00e4evast annust. Toidulisandit ei saa kasutada mitmek\u00fclgse toitumise asendajana. Soovitatav on tasakaalustatud toitumine ja tervislik eluviis. \u00c4rge tarbige, kui olete m\u00f5ne toote koostisosa suhtes allergiline. Toodet ei tohi kasutada lapsed ja rinnaga toitvad emad. Hoida v\u00e4ikelastele k\u00e4ttesaamatus kohas.<\/p>\n<p>Hoida temperatuuril 15-25\u00b0C, suletud anumas, kuivas kohas. Kaitsta otsese p\u00e4ikesevalguse eest.<\/p>\n<p><strong>Suurus<\/strong>: 120 tabletti<\/p>\n<table>\n<tbody>\n<tr>\n<th>Aktiivsed koostisained<\/th>\n<th>portsjoni kohta<\/th>\n<th>%SPK*<\/th>\n<\/tr>\n<tr>\n<td>Vitamiin B12<\/td>\n<td>100 \u00b5g<\/td>\n<td>4000%<\/td>\n<\/tr>\n<\/tbody>\n<\/table>\n<p>*SPK \u2013 Soovitatud p\u00e4evane kogus<\/p>\n<p>Vaata ka meie Teisi Vitamiine\u00a0<a href=\"https:\/\/fit360.ee\/en\/product-category\/product-groups\/vitamins-and-minerals-en\/\"><strong>SIIT<\/strong><\/a>\u00a0v\u00f5i B-grupi Vitamiine\u00a0<a href=\"https:\/\/fit360.ee\/en\/product-category\/product-groups\/vitamins-and-minerals-en\/b-vitamin-en\/\"><strong>SIIT<\/strong><\/a>!<\/p>\n<p>Soovid kaupa osta suuremas koguses? Vaata antud toodet ka meie HULGI poest\u00a0<a href=\"https:\/\/toidulisandidhulgi.ee\/tooted\/vitamin-b12-methylcobalamin-100-%ce%bcg-120-tabs\/\"><strong>SIIT<\/strong><\/a>!<\/p>\n","protected":false},"excerpt":{"rendered":"<ul>\n<li>Aitab kaasa \u00f5ige energiavahetuse s\u00e4ilitamisele,<\/li>\n<li>Aitab kaasa n\u00e4rvi- ja immuuns\u00fcsteemi n\u00f5uetekohasele toimimisele,<\/li>\n<li>Toetab optimaalse homots\u00fcsteiini metabolismi s\u00e4ilitamist,<\/li>\n<li>Aitab s\u00e4ilitada normaalseid ps\u00fchholoogilisi funktsioone,<\/li>\n<li>Aitab v\u00e4hendada v\u00e4simustunnet ja kurnatust,<\/li>\n<li>Toetab punaste vereliblede n\u00f5uetekohast tootmist,<\/li>\n<li>M\u00e4ngib rolli rakkude jagunemise protsessis.<\/li>\n<\/ul>\n","protected":false},"featured_media":86465,"comment_status":"open","ping_status":"closed","template":"","meta":[],"product_brand":[],"product_cat":[2251,1329,1454,536],"product_tag":[5558,3889,1924,2853],"giftcard-category":[],"class_list":{"0":"post-86466","1":"product","2":"type-product","3":"status-publish","4":"has-post-thumbnail","6":"product_cat-b-vitamin-en","7":"product_cat-ostrovit-en","8":"product_cat-superfoods-health-foods-en","9":"product_cat-vitamins-and-minerals-en","10":"product_tag-b12-metuulkobalamiin-en","11":"product_tag-b12-vitamiin-en","12":"product_tag-ostrovit-en","13":"product_tag-vitamiin-b12-en","14":"pa_kogus-120-tablets","15":"pa_toidulisand-branddd-ostrovit","16":"pa_tootegruppp-b-vitamiin-en","17":"pa_tootegruppp-supertoit-tervisetoit-en","18":"pa_tootegruppp-vitamins-and-minerals","20":"first","21":"instock","22":"sale","23":"featured","24":"taxable","25":"shipping-taxable","26":"purchasable","27":"product-type-simple"},"yoast_head":"<!-- This site is optimized with the Yoast SEO plugin v27.3 - https:\/\/yoast.com\/product\/yoast-seo-wordpress\/ -->\n<title>Vitamin B12 Methylcobalamin 100 \u03bcg (120 tabs) - Met\u00fc\u00fclkobalamiin - Fit360<\/title>\n<meta name=\"description\" content=\"OstroVit Vitamiin B12 Met\u00fc\u00fclkobalamiin 100 \u00b5g on kvaliteetne toidulisand, mis on B-vitamiinide allikas nende parimal kujul \u2013 met\u00fc\u00fclkobalamiin. Kiire Tarne!\" \/>\n<meta name=\"robots\" content=\"index, follow, max-snippet:-1, max-image-preview:large, max-video-preview:-1\" \/>\n<link rel=\"canonical\" href=\"https:\/\/fit360.ee\/en\/pood\/product-groups\/vitamins-and-minerals-en\/b-vitamin-en\/vitamin-b12-methylcobalamin-100-\u03bcg-120-tabs\/\" \/>\n<meta property=\"og:locale\" content=\"en_US\" \/>\n<meta property=\"og:type\" content=\"article\" \/>\n<meta property=\"og:title\" content=\"Vitamin B12 Methylcobalamin 100 \u03bcg (120 tabs) - Met\u00fc\u00fclkobalamiin - Fit360\" \/>\n<meta property=\"og:description\" content=\"OstroVit Vitamiin B12 Met\u00fc\u00fclkobalamiin 100 \u00b5g on kvaliteetne toidulisand, mis on B-vitamiinide allikas nende parimal kujul \u2013 met\u00fc\u00fclkobalamiin. Kiire Tarne!\" \/>\n<meta property=\"og:url\" content=\"https:\/\/fit360.ee\/en\/pood\/product-groups\/vitamins-and-minerals-en\/b-vitamin-en\/vitamin-b12-methylcobalamin-100-\u03bcg-120-tabs\/\" \/>\n<meta property=\"og:site_name\" content=\"Fit360\" \/>\n<meta property=\"article:modified_time\" content=\"2025-08-13T05:38:36+00:00\" \/>\n<meta property=\"og:image\" content=\"https:\/\/fit360.ee\/wp-content\/uploads\/2025\/02\/b12-metuulkobalamiin-fit360.ee-1.png\" \/>\n\t<meta property=\"og:image:width\" content=\"450\" \/>\n\t<meta property=\"og:image:height\" content=\"450\" \/>\n\t<meta property=\"og:image:type\" content=\"image\/png\" \/>\n<meta name=\"twitter:card\" content=\"summary_large_image\" \/>\n<meta name=\"twitter:label1\" content=\"Est. reading time\" \/>\n\t<meta name=\"twitter:data1\" content=\"3 minutes\" \/>\n<script type=\"application\/ld+json\" class=\"yoast-schema-graph\">{\"@context\":\"https:\\\/\\\/schema.org\",\"@graph\":[{\"@type\":\"WebPage\",\"@id\":\"https:\\\/\\\/fit360.ee\\\/en\\\/pood\\\/product-groups\\\/vitamins-and-minerals-en\\\/b-vitamin-en\\\/vitamin-b12-methylcobalamin-100-%ce%bcg-120-tabs\\\/\",\"url\":\"https:\\\/\\\/fit360.ee\\\/en\\\/pood\\\/product-groups\\\/vitamins-and-minerals-en\\\/b-vitamin-en\\\/vitamin-b12-methylcobalamin-100-%ce%bcg-120-tabs\\\/\",\"name\":\"Vitamin B12 Methylcobalamin 100 \u03bcg (120 tabs) - Met\u00fc\u00fclkobalamiin - Fit360\",\"isPartOf\":{\"@id\":\"https:\\\/\\\/fit360.ee\\\/en\\\/#website\"},\"primaryImageOfPage\":{\"@id\":\"https:\\\/\\\/fit360.ee\\\/en\\\/pood\\\/product-groups\\\/vitamins-and-minerals-en\\\/b-vitamin-en\\\/vitamin-b12-methylcobalamin-100-%ce%bcg-120-tabs\\\/#primaryimage\"},\"image\":{\"@id\":\"https:\\\/\\\/fit360.ee\\\/en\\\/pood\\\/product-groups\\\/vitamins-and-minerals-en\\\/b-vitamin-en\\\/vitamin-b12-methylcobalamin-100-%ce%bcg-120-tabs\\\/#primaryimage\"},\"thumbnailUrl\":\"https:\\\/\\\/fit360.ee\\\/wp-content\\\/uploads\\\/2025\\\/02\\\/b12-metuulkobalamiin-fit360.ee-1.png\",\"datePublished\":\"2025-02-08T08:23:47+00:00\",\"dateModified\":\"2025-08-13T05:38:36+00:00\",\"description\":\"OstroVit Vitamiin B12 Met\u00fc\u00fclkobalamiin 100 \u00b5g on kvaliteetne toidulisand, mis on B-vitamiinide allikas nende parimal kujul \u2013 met\u00fc\u00fclkobalamiin. Kiire Tarne!\",\"breadcrumb\":{\"@id\":\"https:\\\/\\\/fit360.ee\\\/en\\\/pood\\\/product-groups\\\/vitamins-and-minerals-en\\\/b-vitamin-en\\\/vitamin-b12-methylcobalamin-100-%ce%bcg-120-tabs\\\/#breadcrumb\"},\"inLanguage\":\"en-US\",\"potentialAction\":[{\"@type\":\"ReadAction\",\"target\":[\"https:\\\/\\\/fit360.ee\\\/en\\\/pood\\\/product-groups\\\/vitamins-and-minerals-en\\\/b-vitamin-en\\\/vitamin-b12-methylcobalamin-100-%ce%bcg-120-tabs\\\/\"]}]},{\"@type\":\"ImageObject\",\"inLanguage\":\"en-US\",\"@id\":\"https:\\\/\\\/fit360.ee\\\/en\\\/pood\\\/product-groups\\\/vitamins-and-minerals-en\\\/b-vitamin-en\\\/vitamin-b12-methylcobalamin-100-%ce%bcg-120-tabs\\\/#primaryimage\",\"url\":\"https:\\\/\\\/fit360.ee\\\/wp-content\\\/uploads\\\/2025\\\/02\\\/b12-metuulkobalamiin-fit360.ee-1.png\",\"contentUrl\":\"https:\\\/\\\/fit360.ee\\\/wp-content\\\/uploads\\\/2025\\\/02\\\/b12-metuulkobalamiin-fit360.ee-1.png\",\"width\":450,\"height\":450,\"caption\":\"b12 met\u00fc\u00fclkobalamiin - fit360.ee\"},{\"@type\":\"BreadcrumbList\",\"@id\":\"https:\\\/\\\/fit360.ee\\\/en\\\/pood\\\/product-groups\\\/vitamins-and-minerals-en\\\/b-vitamin-en\\\/vitamin-b12-methylcobalamin-100-%ce%bcg-120-tabs\\\/#breadcrumb\",\"itemListElement\":[{\"@type\":\"ListItem\",\"position\":1,\"name\":\"Home\",\"item\":\"https:\\\/\\\/fit360.ee\\\/en\\\/\"},{\"@type\":\"ListItem\",\"position\":2,\"name\":\"Shop\",\"item\":\"https:\\\/\\\/fit360.ee\\\/en\\\/shop\\\/\"},{\"@type\":\"ListItem\",\"position\":3,\"name\":\"Vitamin B12 Methylcobalamin 100 \u03bcg (120 tabs)\"}]},{\"@type\":\"WebSite\",\"@id\":\"https:\\\/\\\/fit360.ee\\\/en\\\/#website\",\"url\":\"https:\\\/\\\/fit360.ee\\\/en\\\/\",\"name\":\"Fit360\",\"description\":\"\",\"publisher\":{\"@id\":\"https:\\\/\\\/fit360.ee\\\/en\\\/#organization\"},\"potentialAction\":[{\"@type\":\"SearchAction\",\"target\":{\"@type\":\"EntryPoint\",\"urlTemplate\":\"https:\\\/\\\/fit360.ee\\\/en\\\/?s={search_term_string}\"},\"query-input\":{\"@type\":\"PropertyValueSpecification\",\"valueRequired\":true,\"valueName\":\"search_term_string\"}}],\"inLanguage\":\"en-US\"},{\"@type\":\"Organization\",\"@id\":\"https:\\\/\\\/fit360.ee\\\/en\\\/#organization\",\"name\":\"Fit360\",\"url\":\"https:\\\/\\\/fit360.ee\\\/en\\\/\",\"logo\":{\"@type\":\"ImageObject\",\"inLanguage\":\"en-US\",\"@id\":\"https:\\\/\\\/fit360.ee\\\/en\\\/#\\\/schema\\\/logo\\\/image\\\/\",\"url\":\"https:\\\/\\\/fit360.ee\\\/wp-content\\\/uploads\\\/2017\\\/01\\\/logo-fit360.png\",\"contentUrl\":\"https:\\\/\\\/fit360.ee\\\/wp-content\\\/uploads\\\/2017\\\/01\\\/logo-fit360.png\",\"width\":180,\"height\":66,\"caption\":\"Fit360\"},\"image\":{\"@id\":\"https:\\\/\\\/fit360.ee\\\/en\\\/#\\\/schema\\\/logo\\\/image\\\/\"}}]}<\/script>\n<!-- \/ Yoast SEO plugin. -->","yoast_head_json":{"title":"Vitamin B12 Methylcobalamin 100 \u03bcg (120 tabs) - Met\u00fc\u00fclkobalamiin - Fit360","description":"OstroVit Vitamiin B12 Met\u00fc\u00fclkobalamiin 100 \u00b5g on kvaliteetne toidulisand, mis on B-vitamiinide allikas nende parimal kujul \u2013 met\u00fc\u00fclkobalamiin. Kiire Tarne!","robots":{"index":"index","follow":"follow","max-snippet":"max-snippet:-1","max-image-preview":"max-image-preview:large","max-video-preview":"max-video-preview:-1"},"canonical":"https:\/\/fit360.ee\/en\/pood\/product-groups\/vitamins-and-minerals-en\/b-vitamin-en\/vitamin-b12-methylcobalamin-100-\u03bcg-120-tabs\/","og_locale":"en_US","og_type":"article","og_title":"Vitamin B12 Methylcobalamin 100 \u03bcg (120 tabs) - Met\u00fc\u00fclkobalamiin - Fit360","og_description":"OstroVit Vitamiin B12 Met\u00fc\u00fclkobalamiin 100 \u00b5g on kvaliteetne toidulisand, mis on B-vitamiinide allikas nende parimal kujul \u2013 met\u00fc\u00fclkobalamiin. Kiire Tarne!","og_url":"https:\/\/fit360.ee\/en\/pood\/product-groups\/vitamins-and-minerals-en\/b-vitamin-en\/vitamin-b12-methylcobalamin-100-\u03bcg-120-tabs\/","og_site_name":"Fit360","article_modified_time":"2025-08-13T05:38:36+00:00","og_image":[{"width":450,"height":450,"url":"https:\/\/fit360.ee\/wp-content\/uploads\/2025\/02\/b12-metuulkobalamiin-fit360.ee-1.png","type":"image\/png"}],"twitter_card":"summary_large_image","twitter_misc":{"Est. reading time":"3 minutes"},"schema":{"@context":"https:\/\/schema.org","@graph":[{"@type":"WebPage","@id":"https:\/\/fit360.ee\/en\/pood\/product-groups\/vitamins-and-minerals-en\/b-vitamin-en\/vitamin-b12-methylcobalamin-100-%ce%bcg-120-tabs\/","url":"https:\/\/fit360.ee\/en\/pood\/product-groups\/vitamins-and-minerals-en\/b-vitamin-en\/vitamin-b12-methylcobalamin-100-%ce%bcg-120-tabs\/","name":"Vitamin B12 Methylcobalamin 100 \u03bcg (120 tabs) - Met\u00fc\u00fclkobalamiin - Fit360","isPartOf":{"@id":"https:\/\/fit360.ee\/en\/#website"},"primaryImageOfPage":{"@id":"https:\/\/fit360.ee\/en\/pood\/product-groups\/vitamins-and-minerals-en\/b-vitamin-en\/vitamin-b12-methylcobalamin-100-%ce%bcg-120-tabs\/#primaryimage"},"image":{"@id":"https:\/\/fit360.ee\/en\/pood\/product-groups\/vitamins-and-minerals-en\/b-vitamin-en\/vitamin-b12-methylcobalamin-100-%ce%bcg-120-tabs\/#primaryimage"},"thumbnailUrl":"https:\/\/fit360.ee\/wp-content\/uploads\/2025\/02\/b12-metuulkobalamiin-fit360.ee-1.png","datePublished":"2025-02-08T08:23:47+00:00","dateModified":"2025-08-13T05:38:36+00:00","description":"OstroVit Vitamiin B12 Met\u00fc\u00fclkobalamiin 100 \u00b5g on kvaliteetne toidulisand, mis on B-vitamiinide allikas nende parimal kujul \u2013 met\u00fc\u00fclkobalamiin. Kiire Tarne!","breadcrumb":{"@id":"https:\/\/fit360.ee\/en\/pood\/product-groups\/vitamins-and-minerals-en\/b-vitamin-en\/vitamin-b12-methylcobalamin-100-%ce%bcg-120-tabs\/#breadcrumb"},"inLanguage":"en-US","potentialAction":[{"@type":"ReadAction","target":["https:\/\/fit360.ee\/en\/pood\/product-groups\/vitamins-and-minerals-en\/b-vitamin-en\/vitamin-b12-methylcobalamin-100-%ce%bcg-120-tabs\/"]}]},{"@type":"ImageObject","inLanguage":"en-US","@id":"https:\/\/fit360.ee\/en\/pood\/product-groups\/vitamins-and-minerals-en\/b-vitamin-en\/vitamin-b12-methylcobalamin-100-%ce%bcg-120-tabs\/#primaryimage","url":"https:\/\/fit360.ee\/wp-content\/uploads\/2025\/02\/b12-metuulkobalamiin-fit360.ee-1.png","contentUrl":"https:\/\/fit360.ee\/wp-content\/uploads\/2025\/02\/b12-metuulkobalamiin-fit360.ee-1.png","width":450,"height":450,"caption":"b12 met\u00fc\u00fclkobalamiin - fit360.ee"},{"@type":"BreadcrumbList","@id":"https:\/\/fit360.ee\/en\/pood\/product-groups\/vitamins-and-minerals-en\/b-vitamin-en\/vitamin-b12-methylcobalamin-100-%ce%bcg-120-tabs\/#breadcrumb","itemListElement":[{"@type":"ListItem","position":1,"name":"Home","item":"https:\/\/fit360.ee\/en\/"},{"@type":"ListItem","position":2,"name":"Shop","item":"https:\/\/fit360.ee\/en\/shop\/"},{"@type":"ListItem","position":3,"name":"Vitamin B12 Methylcobalamin 100 \u03bcg (120 tabs)"}]},{"@type":"WebSite","@id":"https:\/\/fit360.ee\/en\/#website","url":"https:\/\/fit360.ee\/en\/","name":"Fit360","description":"","publisher":{"@id":"https:\/\/fit360.ee\/en\/#organization"},"potentialAction":[{"@type":"SearchAction","target":{"@type":"EntryPoint","urlTemplate":"https:\/\/fit360.ee\/en\/?s={search_term_string}"},"query-input":{"@type":"PropertyValueSpecification","valueRequired":true,"valueName":"search_term_string"}}],"inLanguage":"en-US"},{"@type":"Organization","@id":"https:\/\/fit360.ee\/en\/#organization","name":"Fit360","url":"https:\/\/fit360.ee\/en\/","logo":{"@type":"ImageObject","inLanguage":"en-US","@id":"https:\/\/fit360.ee\/en\/#\/schema\/logo\/image\/","url":"https:\/\/fit360.ee\/wp-content\/uploads\/2017\/01\/logo-fit360.png","contentUrl":"https:\/\/fit360.ee\/wp-content\/uploads\/2017\/01\/logo-fit360.png","width":180,"height":66,"caption":"Fit360"},"image":{"@id":"https:\/\/fit360.ee\/en\/#\/schema\/logo\/image\/"}}]}},"_links":{"self":[{"href":"https:\/\/fit360.ee\/en\/wp-json\/wp\/v2\/product\/86466","targetHints":{"allow":["GET"]}}],"collection":[{"href":"https:\/\/fit360.ee\/en\/wp-json\/wp\/v2\/product"}],"about":[{"href":"https:\/\/fit360.ee\/en\/wp-json\/wp\/v2\/types\/product"}],"replies":[{"embeddable":true,"href":"https:\/\/fit360.ee\/en\/wp-json\/wp\/v2\/comments?post=86466"}],"wp:featuredmedia":[{"embeddable":true,"href":"https:\/\/fit360.ee\/en\/wp-json\/wp\/v2\/media\/86465"}],"wp:attachment":[{"href":"https:\/\/fit360.ee\/en\/wp-json\/wp\/v2\/media?parent=86466"}],"wp:term":[{"taxonomy":"product_brand","embeddable":true,"href":"https:\/\/fit360.ee\/en\/wp-json\/wp\/v2\/product_brand?post=86466"},{"taxonomy":"product_cat","embeddable":true,"href":"https:\/\/fit360.ee\/en\/wp-json\/wp\/v2\/product_cat?post=86466"},{"taxonomy":"product_tag","embeddable":true,"href":"https:\/\/fit360.ee\/en\/wp-json\/wp\/v2\/product_tag?post=86466"},{"taxonomy":"giftcard-category","embeddable":true,"href":"https:\/\/fit360.ee\/en\/wp-json\/wp\/v2\/giftcard-category?post=86466"}],"curies":[{"name":"wp","href":"https:\/\/api.w.org\/{rel}","templated":true}]}}