{"id":86470,"date":"2025-02-08T10:23:47","date_gmt":"2025-02-08T08:23:47","guid":{"rendered":"https:\/\/fit360.ee\/pood\/uncategorized\/ostrovit-gainer-1000g\/"},"modified":"2025-08-13T07:38:10","modified_gmt":"2025-08-13T05:38:10","slug":"ostrovit-gainer-1000g","status":"publish","type":"product","link":"https:\/\/fit360.ee\/en\/pood\/product-groups\/mass-gainers-en\/ostrovit-gainer-1000g\/","title":{"rendered":"Ostrovit Gainer (1000g)"},"content":{"rendered":"<h2><strong>Gainer<\/strong><\/h2>\n<p>OstroVit Gainer on kvaliteetne s\u00fcsivesikute-valgu toidulisand. See preparaat on saadaval lihtsalt kasutatava pulbri kujul, seitsme erineva maitsega. See on toidulisand, mis on loodud sportlastele ja f\u00fc\u00fcsiliselt aktiivsetele inimestele, kes soovivad oma igap\u00e4evases dieedis kaloreid ja v\u00e4\u00e4rtuslikke makrotoitaineid t\u00e4iendada.<\/p>\n<section class=\"cm__section\">\n<ul class=\"cm__list\">\n<li><strong>Sisaldab 77% s\u00fcsivesikuid<\/strong>\u00a0\u2013 \u00fcks toidulisandi portsjon annab organismile maltodekstriinist 77 g s\u00fcsivesikuid.<\/li>\n<li><strong>Kvaliteetse valgu allikas<\/strong>\u00a0\u2013 portsjon s\u00fcsivesiku-valgu toidulisandit sisaldab 10 g valku, mis on saadud vadakuvalgu kontsentraadist.<\/li>\n<li><strong>7 maitset<\/strong>\u00a0\u2013 \u0161okolaad, maasikas banaaniga, kookosp\u00e4hkel v\u00f5i ehk vanilje? Maasikas, soolakaramell v\u00f5i valge \u0161okolaad kookosega? Iga\u00fcks leiab oma maitsele vastava maitse.<\/li>\n<li><strong>Petipiima lisamine<\/strong>\u00a0annab toidulisandile sametise kreemja konsistentsi.<\/li>\n<li><strong>1 portsjon = 6 kulbit\u00e4it = 100 g<\/strong>\u00a0.<\/li>\n<li><strong>T\u00f5husus<\/strong>\u00a0&#8211; tootepakend sisaldab 10 portsjonit preparaati.<\/li>\n<li><strong>Mugav vorm<\/strong>\u00a0&#8211; toidulisand on saadaval pulbrina, tagades toidulisandi probleemivaba tarnimise &#8211; lihtsalt lahustage osa tootest piimas v\u00f5i vees ja ongi valmis!<\/li>\n<\/ul>\n<h4 class=\"cm__heading\"><strong>OstroVit Gainer \u0161okolaad 1 kg &#8211; v\u00e4\u00e4rtuslike makrotoitainete kontsentreeritud allikas<\/strong><\/h4>\n<p><strong>Gainer<\/strong><strong> ehk <a href=\"https:\/\/fit360.ee\/en\/product-category\/product-groups\/mass-gainers-en\/\">massilisaja<\/a><\/strong> on s\u00fcsivesikute-valgu toidulisand, mis on kontsentreeritud energiaallikas. See on preparaat, mis on loodud sportlastele ja f\u00fc\u00fcsiliselt aktiivsetele inimestele, kes soovivad varustada oma keha l\u00fchikese ajaga m\u00e4rkimisv\u00e4\u00e4rse koguse kaloreid. Gainer, tuntud ka kui massilisand, on s\u00fcsivesikute allikas, mis annab kehaliseks treeninguks vajaliku energia ja kvaliteetse valgu, mis v\u00f5ib intensiivistada anaboolseid protsesse.<\/p>\n<p>OstroVit kasutab maltodekstriini, t\u00e4rklise ens\u00fcmaatilise h\u00fcdrol\u00fc\u00fcsi teel saadud \u00fchendit, mis on kergesti seeditav ja inimorganismis kiiresti imenduv, samuti vadakuvalgu kontsentraati, loomset valguallikat, mida iseloomustab hea lahustuvus, suurep\u00e4rane imendumine ja l\u00fchike imendumisaeg, mis avaldab positiivset m\u00f5ju toidulisandi kvaliteedile ja efektiivsusele.<\/p>\n<\/section>\n<section class=\"cm__section\">\n<p class=\"cm__heading\"><strong>Laboratoorselt kinnitatud kvaliteet<\/strong><\/p>\n<p class=\"cm__text --bold\">Klientide tervise huvides testitakse meie toodetud tooteid regulaarselt s\u00f5ltumatus akrediteeritud laboris, et tagada ja s\u00e4ilitada k\u00f5rgeim kvaliteet.<\/p>\n<p><strong>Koostisosad*<\/strong>: Maltodekstriin, petipulber piimast\u00a0\u00a0<strong>,<\/strong>\u00a0vadakuvalgu kontsentraat\u00a0\u00a0<strong>piimast\u00a0<\/strong>\u00a0[sisaldab letsitiine (1); sojaletsitiinid\u00a0 (2)], kakao, l\u00f5hna- ja maitseained, sool, paksendajad\u00a0<strong>:\u00a0<\/strong>\u00a0ksantaankummi, kummiaraabik; magusaine: sukraloos.<\/p>\n<p>Pulbriline toidulisand. Sisaldab magusaineid. Olenevalt kasutatava letsitiini t\u00fc\u00fcbist s\u00fcmbol 1-2.<\/p>\n<p>Toode v\u00f5ib sisaldada soja, maap\u00e4hkleid, muid p\u00e4hkleid, seesamiseemneid, gluteeni sisaldavaid teravilju, mune, v\u00e4hilaadseid, kala.<\/p>\n<p>*- t\u00f5lgitud on \u0161okolaadi maitselise variandi koostisosad. Teiste maitsete koostisosade teadasaamiseks kirjutage: info@fit360.ee<\/p>\n<p><strong>Kasutamine<\/strong>: Lahustage \u00fcks portsjon 100 g (6 lusikat\u00e4it) 400\u2013450 ml l\u00f5ssis v\u00f5i vees. Tarbi 1-2 korda p\u00e4evas olenevalt vajadusest.<\/p>\n<p>\u00c4rge \u00fcletage soovitatavat \u00f6\u00f6p\u00e4evast annust. Toidulisandit ei saa kasutada mitmek\u00fclgse toitumise asendajana. Soovitatav on tasakaalustatud toitumine ja tervislik eluviis. \u00c4rge tarbige, kui olete m\u00f5ne toote koostisosa suhtes allergiline. Toodet ei tohi kasutada lapsed, rasedad ja imetavad emad. Hoida v\u00e4ikelastele k\u00e4ttesaamatus kohas.<\/p>\n<p><strong>Suurus<\/strong>: 1000g<\/p>\n<section class=\"projector__description--nutritional row\" data-selector=\".--nutritional\">\n<div class=\"col-12 col-md-10 col-lg-8\">\n<div class=\"--nutrit\">\n<div class=\"nutrition_table_wrapper\">\n<div class=\"table_wrapper\">\n<table>\n<tbody>\n<tr>\n<th>Toitev\u00e4\u00e4rtus<\/th>\n<th>portsjoni kohta<\/th>\n<th>2 portsjoni jaoks<\/th>\n<\/tr>\n<tr>\n<td>Energeetiline v\u00e4\u00e4rtus<\/td>\n<td>1524 kJ \/ 359 kcal<\/td>\n<td>3048 kJ \/ 718 kcal<\/td>\n<\/tr>\n<tr>\n<td>Rasv:<\/td>\n<td>1,1 g<\/td>\n<td>2,2 g<\/td>\n<\/tr>\n<tr class=\"sub\">\n<td>&#8211; sealhulgas k\u00fcllastunud rasvhapped<\/td>\n<td>0,7 g<\/td>\n<td>1,4 g<\/td>\n<\/tr>\n<tr>\n<td>S\u00fcsivesikud:<\/td>\n<td>77 g<\/td>\n<td>154 g<\/td>\n<\/tr>\n<tr class=\"sub\">\n<td>&#8211; sealhulgas suhkrud<\/td>\n<td>13g<\/td>\n<td>26 g<\/td>\n<\/tr>\n<tr>\n<td>Valk<\/td>\n<td>10g<\/td>\n<td>20g<\/td>\n<\/tr>\n<tr>\n<td>soola<\/td>\n<td>0,61 g<\/td>\n<td>1,22 g<\/td>\n<\/tr>\n<\/tbody>\n<\/table>\n<p><span style=\"color: #333333; font-size: 14.4px;\">Vaata ka meie teisi Massilisajaid <\/span><a style=\"font-size: 14.4px;\" href=\"https:\/\/fit360.ee\/en\/product-category\/product-groups\/mass-gainers-en\/\"><strong>SIIT<\/strong><\/a><span style=\"color: #333333; font-size: 14.4px;\"> v\u00f5i Valgupulbreid <\/span><a style=\"font-size: 14.4px;\" href=\"https:\/\/fit360.ee\/en\/product-category\/product-groups\/protein-poweders-en\/\"><strong>SIIT<\/strong><\/a><span style=\"color: #333333; font-size: 14.4px;\">!<\/span><\/p>\n<\/div>\n<\/div>\n<\/div>\n<\/div>\n<\/section>\n<section class=\"projector__comments comments row\" data-selector=\".--comments\">\n<div>Soovid kaupa osta suuremas koguses? Vaata antud toodet ka meie HULGI poest\u00a0<a href=\"https:\/\/toidulisandidhulgi.ee\/tooted\/ostrovit-gainer-1000g\/\"><strong>SIIT<\/strong><\/a>!<\/div>\n<\/section>\n<\/section>\n","protected":false},"excerpt":{"rendered":"<ul>\n<li>Aitab t\u00f5sta kaalu<\/li>\n<li>Sobib treeningu j\u00e4rgseks taastusjoogiks<\/li>\n<li>Hea maitsega<\/li>\n<li>Erinevad maitsed<\/li>\n<\/ul>\n","protected":false},"featured_media":86469,"comment_status":"open","ping_status":"closed","template":"","meta":[],"product_brand":[],"product_cat":[528,1329,531],"product_tag":[5560,5363,1924],"giftcard-category":[],"class_list":{"0":"post-86470","1":"product","2":"type-product","3":"status-publish","4":"has-post-thumbnail","6":"product_cat-mass-gainers-en","7":"product_cat-ostrovit-en","8":"product_cat-recovery-post-workout-en","9":"product_tag-gainer-en","10":"product_tag-massilisaja-en","11":"product_tag-ostrovit-en","12":"pa_kogus-1000g-en","13":"pa_maitse-chocolate","14":"pa_maitse-strawberry-banana","15":"pa_maitse-vanilli","16":"pa_toidulisand-branddd-ostrovit","17":"pa_tootegruppp-gainers","18":"pa_tootegruppp-recoveryafter-workout","20":"first","21":"outofstock","22":"sale","23":"taxable","24":"shipping-taxable","25":"purchasable","26":"product-type-variable"},"yoast_head":"<!-- This site is optimized with the Yoast SEO plugin v27.3 - https:\/\/yoast.com\/product\/yoast-seo-wordpress\/ -->\n<title>Ostrovit Gainer (1000g) - T\u00f5hus massilisaja - Kiire Tarne - Parim Hind - Fit360<\/title>\n<meta name=\"description\" content=\"OstroVit Gainer on kvaliteetne s\u00fcsivesikute-valgu toidulisand. See preparaat on saadaval lihtsalt kasutatava pulbri kujul, seitsme erineva maitsega.\" \/>\n<meta name=\"robots\" content=\"index, follow, max-snippet:-1, max-image-preview:large, max-video-preview:-1\" \/>\n<link rel=\"canonical\" href=\"https:\/\/fit360.ee\/en\/pood\/product-groups\/mass-gainers-en\/ostrovit-gainer-1000g\/\" \/>\n<meta property=\"og:locale\" content=\"en_US\" \/>\n<meta property=\"og:type\" content=\"article\" \/>\n<meta property=\"og:title\" content=\"Ostrovit Gainer (1000g) - T\u00f5hus massilisaja - Kiire Tarne - Parim Hind - Fit360\" \/>\n<meta property=\"og:description\" content=\"OstroVit Gainer on kvaliteetne s\u00fcsivesikute-valgu toidulisand. See preparaat on saadaval lihtsalt kasutatava pulbri kujul, seitsme erineva maitsega.\" \/>\n<meta property=\"og:url\" content=\"https:\/\/fit360.ee\/en\/pood\/product-groups\/mass-gainers-en\/ostrovit-gainer-1000g\/\" \/>\n<meta property=\"og:site_name\" content=\"Fit360\" \/>\n<meta property=\"article:modified_time\" content=\"2025-08-13T05:38:10+00:00\" \/>\n<meta property=\"og:image\" content=\"https:\/\/fit360.ee\/wp-content\/uploads\/2025\/02\/ostrovit-gainer-fit360.ee-1.png\" \/>\n\t<meta property=\"og:image:width\" content=\"450\" \/>\n\t<meta property=\"og:image:height\" content=\"450\" \/>\n\t<meta property=\"og:image:type\" content=\"image\/png\" \/>\n<meta name=\"twitter:card\" content=\"summary_large_image\" \/>\n<meta name=\"twitter:label1\" content=\"Est. reading time\" \/>\n\t<meta name=\"twitter:data1\" content=\"3 minutes\" \/>\n<script type=\"application\/ld+json\" class=\"yoast-schema-graph\">{\"@context\":\"https:\\\/\\\/schema.org\",\"@graph\":[{\"@type\":\"WebPage\",\"@id\":\"https:\\\/\\\/fit360.ee\\\/en\\\/pood\\\/product-groups\\\/mass-gainers-en\\\/ostrovit-gainer-1000g\\\/\",\"url\":\"https:\\\/\\\/fit360.ee\\\/en\\\/pood\\\/product-groups\\\/mass-gainers-en\\\/ostrovit-gainer-1000g\\\/\",\"name\":\"Ostrovit Gainer (1000g) - T\u00f5hus massilisaja - Kiire Tarne - Parim Hind - Fit360\",\"isPartOf\":{\"@id\":\"https:\\\/\\\/fit360.ee\\\/en\\\/#website\"},\"primaryImageOfPage\":{\"@id\":\"https:\\\/\\\/fit360.ee\\\/en\\\/pood\\\/product-groups\\\/mass-gainers-en\\\/ostrovit-gainer-1000g\\\/#primaryimage\"},\"image\":{\"@id\":\"https:\\\/\\\/fit360.ee\\\/en\\\/pood\\\/product-groups\\\/mass-gainers-en\\\/ostrovit-gainer-1000g\\\/#primaryimage\"},\"thumbnailUrl\":\"https:\\\/\\\/fit360.ee\\\/wp-content\\\/uploads\\\/2025\\\/02\\\/ostrovit-gainer-fit360.ee-1.png\",\"datePublished\":\"2025-02-08T08:23:47+00:00\",\"dateModified\":\"2025-08-13T05:38:10+00:00\",\"description\":\"OstroVit Gainer on kvaliteetne s\u00fcsivesikute-valgu toidulisand. See preparaat on saadaval lihtsalt kasutatava pulbri kujul, seitsme erineva maitsega.\",\"breadcrumb\":{\"@id\":\"https:\\\/\\\/fit360.ee\\\/en\\\/pood\\\/product-groups\\\/mass-gainers-en\\\/ostrovit-gainer-1000g\\\/#breadcrumb\"},\"inLanguage\":\"en-US\",\"potentialAction\":[{\"@type\":\"ReadAction\",\"target\":[\"https:\\\/\\\/fit360.ee\\\/en\\\/pood\\\/product-groups\\\/mass-gainers-en\\\/ostrovit-gainer-1000g\\\/\"]}]},{\"@type\":\"ImageObject\",\"inLanguage\":\"en-US\",\"@id\":\"https:\\\/\\\/fit360.ee\\\/en\\\/pood\\\/product-groups\\\/mass-gainers-en\\\/ostrovit-gainer-1000g\\\/#primaryimage\",\"url\":\"https:\\\/\\\/fit360.ee\\\/wp-content\\\/uploads\\\/2025\\\/02\\\/ostrovit-gainer-fit360.ee-1.png\",\"contentUrl\":\"https:\\\/\\\/fit360.ee\\\/wp-content\\\/uploads\\\/2025\\\/02\\\/ostrovit-gainer-fit360.ee-1.png\",\"width\":450,\"height\":450,\"caption\":\"ostrovit gainer - fit360.ee\"},{\"@type\":\"BreadcrumbList\",\"@id\":\"https:\\\/\\\/fit360.ee\\\/en\\\/pood\\\/product-groups\\\/mass-gainers-en\\\/ostrovit-gainer-1000g\\\/#breadcrumb\",\"itemListElement\":[{\"@type\":\"ListItem\",\"position\":1,\"name\":\"Home\",\"item\":\"https:\\\/\\\/fit360.ee\\\/en\\\/\"},{\"@type\":\"ListItem\",\"position\":2,\"name\":\"Shop\",\"item\":\"https:\\\/\\\/fit360.ee\\\/en\\\/shop\\\/\"},{\"@type\":\"ListItem\",\"position\":3,\"name\":\"Ostrovit Gainer (1000g)\"}]},{\"@type\":\"WebSite\",\"@id\":\"https:\\\/\\\/fit360.ee\\\/en\\\/#website\",\"url\":\"https:\\\/\\\/fit360.ee\\\/en\\\/\",\"name\":\"Fit360\",\"description\":\"\",\"publisher\":{\"@id\":\"https:\\\/\\\/fit360.ee\\\/en\\\/#organization\"},\"potentialAction\":[{\"@type\":\"SearchAction\",\"target\":{\"@type\":\"EntryPoint\",\"urlTemplate\":\"https:\\\/\\\/fit360.ee\\\/en\\\/?s={search_term_string}\"},\"query-input\":{\"@type\":\"PropertyValueSpecification\",\"valueRequired\":true,\"valueName\":\"search_term_string\"}}],\"inLanguage\":\"en-US\"},{\"@type\":\"Organization\",\"@id\":\"https:\\\/\\\/fit360.ee\\\/en\\\/#organization\",\"name\":\"Fit360\",\"url\":\"https:\\\/\\\/fit360.ee\\\/en\\\/\",\"logo\":{\"@type\":\"ImageObject\",\"inLanguage\":\"en-US\",\"@id\":\"https:\\\/\\\/fit360.ee\\\/en\\\/#\\\/schema\\\/logo\\\/image\\\/\",\"url\":\"https:\\\/\\\/fit360.ee\\\/wp-content\\\/uploads\\\/2017\\\/01\\\/logo-fit360.png\",\"contentUrl\":\"https:\\\/\\\/fit360.ee\\\/wp-content\\\/uploads\\\/2017\\\/01\\\/logo-fit360.png\",\"width\":180,\"height\":66,\"caption\":\"Fit360\"},\"image\":{\"@id\":\"https:\\\/\\\/fit360.ee\\\/en\\\/#\\\/schema\\\/logo\\\/image\\\/\"}}]}<\/script>\n<!-- \/ Yoast SEO plugin. -->","yoast_head_json":{"title":"Ostrovit Gainer (1000g) - T\u00f5hus massilisaja - Kiire Tarne - Parim Hind - Fit360","description":"OstroVit Gainer on kvaliteetne s\u00fcsivesikute-valgu toidulisand. See preparaat on saadaval lihtsalt kasutatava pulbri kujul, seitsme erineva maitsega.","robots":{"index":"index","follow":"follow","max-snippet":"max-snippet:-1","max-image-preview":"max-image-preview:large","max-video-preview":"max-video-preview:-1"},"canonical":"https:\/\/fit360.ee\/en\/pood\/product-groups\/mass-gainers-en\/ostrovit-gainer-1000g\/","og_locale":"en_US","og_type":"article","og_title":"Ostrovit Gainer (1000g) - T\u00f5hus massilisaja - Kiire Tarne - Parim Hind - Fit360","og_description":"OstroVit Gainer on kvaliteetne s\u00fcsivesikute-valgu toidulisand. See preparaat on saadaval lihtsalt kasutatava pulbri kujul, seitsme erineva maitsega.","og_url":"https:\/\/fit360.ee\/en\/pood\/product-groups\/mass-gainers-en\/ostrovit-gainer-1000g\/","og_site_name":"Fit360","article_modified_time":"2025-08-13T05:38:10+00:00","og_image":[{"width":450,"height":450,"url":"https:\/\/fit360.ee\/wp-content\/uploads\/2025\/02\/ostrovit-gainer-fit360.ee-1.png","type":"image\/png"}],"twitter_card":"summary_large_image","twitter_misc":{"Est. reading time":"3 minutes"},"schema":{"@context":"https:\/\/schema.org","@graph":[{"@type":"WebPage","@id":"https:\/\/fit360.ee\/en\/pood\/product-groups\/mass-gainers-en\/ostrovit-gainer-1000g\/","url":"https:\/\/fit360.ee\/en\/pood\/product-groups\/mass-gainers-en\/ostrovit-gainer-1000g\/","name":"Ostrovit Gainer (1000g) - T\u00f5hus massilisaja - Kiire Tarne - Parim Hind - Fit360","isPartOf":{"@id":"https:\/\/fit360.ee\/en\/#website"},"primaryImageOfPage":{"@id":"https:\/\/fit360.ee\/en\/pood\/product-groups\/mass-gainers-en\/ostrovit-gainer-1000g\/#primaryimage"},"image":{"@id":"https:\/\/fit360.ee\/en\/pood\/product-groups\/mass-gainers-en\/ostrovit-gainer-1000g\/#primaryimage"},"thumbnailUrl":"https:\/\/fit360.ee\/wp-content\/uploads\/2025\/02\/ostrovit-gainer-fit360.ee-1.png","datePublished":"2025-02-08T08:23:47+00:00","dateModified":"2025-08-13T05:38:10+00:00","description":"OstroVit Gainer on kvaliteetne s\u00fcsivesikute-valgu toidulisand. See preparaat on saadaval lihtsalt kasutatava pulbri kujul, seitsme erineva maitsega.","breadcrumb":{"@id":"https:\/\/fit360.ee\/en\/pood\/product-groups\/mass-gainers-en\/ostrovit-gainer-1000g\/#breadcrumb"},"inLanguage":"en-US","potentialAction":[{"@type":"ReadAction","target":["https:\/\/fit360.ee\/en\/pood\/product-groups\/mass-gainers-en\/ostrovit-gainer-1000g\/"]}]},{"@type":"ImageObject","inLanguage":"en-US","@id":"https:\/\/fit360.ee\/en\/pood\/product-groups\/mass-gainers-en\/ostrovit-gainer-1000g\/#primaryimage","url":"https:\/\/fit360.ee\/wp-content\/uploads\/2025\/02\/ostrovit-gainer-fit360.ee-1.png","contentUrl":"https:\/\/fit360.ee\/wp-content\/uploads\/2025\/02\/ostrovit-gainer-fit360.ee-1.png","width":450,"height":450,"caption":"ostrovit gainer - fit360.ee"},{"@type":"BreadcrumbList","@id":"https:\/\/fit360.ee\/en\/pood\/product-groups\/mass-gainers-en\/ostrovit-gainer-1000g\/#breadcrumb","itemListElement":[{"@type":"ListItem","position":1,"name":"Home","item":"https:\/\/fit360.ee\/en\/"},{"@type":"ListItem","position":2,"name":"Shop","item":"https:\/\/fit360.ee\/en\/shop\/"},{"@type":"ListItem","position":3,"name":"Ostrovit Gainer (1000g)"}]},{"@type":"WebSite","@id":"https:\/\/fit360.ee\/en\/#website","url":"https:\/\/fit360.ee\/en\/","name":"Fit360","description":"","publisher":{"@id":"https:\/\/fit360.ee\/en\/#organization"},"potentialAction":[{"@type":"SearchAction","target":{"@type":"EntryPoint","urlTemplate":"https:\/\/fit360.ee\/en\/?s={search_term_string}"},"query-input":{"@type":"PropertyValueSpecification","valueRequired":true,"valueName":"search_term_string"}}],"inLanguage":"en-US"},{"@type":"Organization","@id":"https:\/\/fit360.ee\/en\/#organization","name":"Fit360","url":"https:\/\/fit360.ee\/en\/","logo":{"@type":"ImageObject","inLanguage":"en-US","@id":"https:\/\/fit360.ee\/en\/#\/schema\/logo\/image\/","url":"https:\/\/fit360.ee\/wp-content\/uploads\/2017\/01\/logo-fit360.png","contentUrl":"https:\/\/fit360.ee\/wp-content\/uploads\/2017\/01\/logo-fit360.png","width":180,"height":66,"caption":"Fit360"},"image":{"@id":"https:\/\/fit360.ee\/en\/#\/schema\/logo\/image\/"}}]}},"_links":{"self":[{"href":"https:\/\/fit360.ee\/en\/wp-json\/wp\/v2\/product\/86470","targetHints":{"allow":["GET"]}}],"collection":[{"href":"https:\/\/fit360.ee\/en\/wp-json\/wp\/v2\/product"}],"about":[{"href":"https:\/\/fit360.ee\/en\/wp-json\/wp\/v2\/types\/product"}],"replies":[{"embeddable":true,"href":"https:\/\/fit360.ee\/en\/wp-json\/wp\/v2\/comments?post=86470"}],"wp:featuredmedia":[{"embeddable":true,"href":"https:\/\/fit360.ee\/en\/wp-json\/wp\/v2\/media\/86469"}],"wp:attachment":[{"href":"https:\/\/fit360.ee\/en\/wp-json\/wp\/v2\/media?parent=86470"}],"wp:term":[{"taxonomy":"product_brand","embeddable":true,"href":"https:\/\/fit360.ee\/en\/wp-json\/wp\/v2\/product_brand?post=86470"},{"taxonomy":"product_cat","embeddable":true,"href":"https:\/\/fit360.ee\/en\/wp-json\/wp\/v2\/product_cat?post=86470"},{"taxonomy":"product_tag","embeddable":true,"href":"https:\/\/fit360.ee\/en\/wp-json\/wp\/v2\/product_tag?post=86470"},{"taxonomy":"giftcard-category","embeddable":true,"href":"https:\/\/fit360.ee\/en\/wp-json\/wp\/v2\/giftcard-category?post=86470"}],"curies":[{"name":"wp","href":"https:\/\/api.w.org\/{rel}","templated":true}]}}