{"id":86479,"date":"2025-02-08T11:08:53","date_gmt":"2025-02-08T09:08:53","guid":{"rendered":"https:\/\/fit360.ee\/pood\/uncategorized\/vitamin-k2-200-natto-mk-7-90-tabs\/"},"modified":"2025-10-04T12:34:46","modified_gmt":"2025-10-04T10:34:46","slug":"vitamin-k2-200-natto-mk-7-90-tabs","status":"publish","type":"product","link":"https:\/\/fit360.ee\/en\/pood\/product-groups\/vitamins-and-minerals-en\/k-vitamin-en\/vitamin-k2-200-natto-mk-7-90-tabs\/","title":{"rendered":"Vitamin K2 200 Natto MK-7 (90 tabs)"},"content":{"rendered":"<h2><strong>Vitamin K2 200 Natto MK-7<\/strong><\/h2>\n<p>OstroVit Vitamin K2 200 Natto MK-7 on kvaliteetne toidulisand, mis on nattost saadud K2-vitamiini allikas k\u00f5rge biosaadavusega menakinoon-7-MK-7 kujul. See on kergesti neelatavate tablettide kujul preparaat, mis on loodud inimestele, kes soovivad oma igap\u00e4evast toitumist v\u00e4\u00e4rtusliku \u00fchendiga t\u00e4iendada.<\/p>\n<ul class=\"cm__list\">\n<li><strong>K2-vitamiini allikas<\/strong>\u00a0\u2013 \u00fcks toidulisandi portsjon annab kehale 200 \u00b5g menakinoon-7-MK-7, mis on saadud Bacillus subtilis\u2019e poolt k\u00e4\u00e4ritatud sojaubadest.<\/li>\n<li><strong>1 portsjon = 1 tablett.<\/strong><\/li>\n<li><strong>Efektiivsus<\/strong>\u00a0\u2013 tootepakendis on 90 portsjonit preparaati, millest piisab kolmeks kuuks regulaarseks toidulisandiks.<\/li>\n<li><strong>Mugav vorm<\/strong>\u00a0&#8211; preparaat on saadaval kergesti neelatavate tablettidena, tagades toidulisandi probleemideta tarnimise.<\/li>\n<\/ul>\n<h4 class=\"cm__heading\"><strong>OstroVit Vitamin K2 200 Natto MK-7 \u2013 v\u00e4\u00e4rtuslik K2-vitamiini allikas<\/strong><\/h4>\n<p class=\"cm__text\"><strong>K2-vitamiin<\/strong>, mida nimetatakse menakinooniks, on orgaaniline keemiline \u00fchend, mis on klassifitseeritud rasvlahustuvateks vitamiinideks. K2-vitamiin ladestub inimkehas peamiselt maksas. Seda v\u00f5ivad toota seedes\u00fcsteemis esinevad bakterid, mis viiakse organismi koos toiduga (seda v\u00f5ib leida nii taimsetes kui loomsetes saadustes) v\u00f5i toidulisandite kujul.<\/p>\n<p>OstroVitis kasutatav K2-vitamiin p\u00e4rineb nattost, st Bacillus subtilis bakterite poolt fermenteeritud sojaubadest. \u00dchend on saadaval menakinoon-7-MK-7 kujul, s.o inimorganismis k\u00f5ige paremini omastataval kujul, millel on kasulik m\u00f5ju toidulisandi imendumisele ja kvaliteedile.<\/p>\n<h4 class=\"cm__heading\"><strong>OstroVit Vitamin K2 200 Natto MK-7 koostisainete omadused<\/strong><\/h4>\n<p><strong>K-vitamiin<\/strong>\u00a0aitab kaasa normaalsele vere h\u00fc\u00fcbimisele ja aitab s\u00e4ilitada terveid luid.<\/p>\n<p class=\"cm__text\"><strong>T\u00c4HELEPANU!<\/strong>\u00a0Toodet ei tohi tarbida inimesed, kes v\u00f5tavad K-vitamiini antagoniste (nt varfariin ja atsenokumarool) sisaldavaid antikoagulante.<\/p>\n<p><strong>Koostisosad:<\/strong> T\u00e4iteaine: mikrokristalne tselluloos, t\u00e4rklis, Bacillus subtilis natto (\u00a0<strong>sojast<\/strong>\u00a0) saadud menakinoon-7 MK-7 (vitamiin K), paakumisvastased ained: rasvhapete magneesiumisoolad, r\u00e4nidioksiid.<\/p>\n<p>Toode v\u00f5ib sisaldada piima (sh laktoosi), maap\u00e4hkleid, muid p\u00e4hkleid, seesamiseemneid, gluteeni sisaldavaid teravilju, mune, v\u00e4hilaadseid, kala.<\/p>\n<p><strong>Kasutamine<\/strong>: V\u00f5tke 1 portsjon (1 tablett) p\u00e4evas. Toode on m\u00f5eldud t\u00e4iskasvanutele.<\/p>\n<p>NB! \u00c4rge \u00fcletage soovitatavat \u00f6\u00f6p\u00e4evast annust. Toidulisandit ei saa kasutada mitmek\u00fclgse toitumise asendajana.<\/p>\n<p><strong>Suurus<\/strong>: 90 tabletti.<\/p>\n<table>\n<tbody>\n<tr>\n<th>Aktiivsed koostisained<\/th>\n<th>portsjoni kohta<\/th>\n<th>% SPK*<\/th>\n<\/tr>\n<tr>\n<td>K-vitamiin<\/td>\n<td>200 \u00b5g<\/td>\n<td>267%<\/td>\n<\/tr>\n<\/tbody>\n<\/table>\n<p>*SPK \u2013 Soovitatud p\u00e4evane kogus<\/p>\n<p>Vaata ka meie teisi K-Vitamiine <a href=\"https:\/\/fit360.ee\/en\/product-category\/product-groups\/vitamins-and-minerals-en\/k-vitamin-en\/\"><strong>SIIT<\/strong><\/a> v\u00f5i k\u00f5iki Vitamiine\/Mineraale <a href=\"https:\/\/fit360.ee\/en\/product-category\/product-groups\/vitamins-and-minerals-en\/\"><strong>SIIT<\/strong><\/a>!<\/p>\n<p>Soovid kaupa osta suuremas koguses? Vaata antud toodet ka meie HULGI poest\u00a0<a href=\"https:\/\/toidulisandidhulgi.ee\/tooted\/vitamin-k2-200-natto-mk-7-90-tabs\/\"><strong>SIIT<\/strong><\/a>!<\/p>\n","protected":false},"excerpt":{"rendered":"<ul>\n<li>\u00dclit\u00f5hus K vitamiini vorm<\/li>\n<li>Mugav tarbida<\/li>\n<li>Aitab kaasa vere h\u00fc\u00fcbimisele<\/li>\n<li>Aitab parandada liigeste tervist<\/li>\n<\/ul>\n","protected":false},"featured_media":86478,"comment_status":"open","ping_status":"closed","template":"","meta":[],"product_brand":[],"product_cat":[5320,527,2263,1329,536],"product_tag":[5564,5565,1924,5566],"giftcard-category":[],"class_list":{"0":"post-86479","1":"product","2":"type-product","3":"status-publish","4":"has-post-thumbnail","6":"product_cat-for-immunity-en","7":"product_cat-joint-support-en","8":"product_cat-k-vitamin-en","9":"product_cat-ostrovit-en","10":"product_cat-vitamins-and-minerals-en","11":"product_tag-k2-200-natto-mk-7-en","12":"product_tag-k2-vitamin-en","13":"product_tag-ostrovit-en","14":"product_tag-vitamin-k2-en","15":"pa_kogus-90-tablets","16":"pa_toidulisand-branddd-ostrovit","17":"pa_tootegruppp-for-joints","18":"pa_tootegruppp-immuunsusteem-en","19":"pa_tootegruppp-k-vitamiin-en","20":"pa_tootegruppp-vitamins-and-minerals","22":"first","23":"instock","24":"sale","25":"taxable","26":"shipping-taxable","27":"purchasable","28":"product-type-simple"},"yoast_head":"<!-- This site is optimized with the Yoast SEO plugin v27.3 - https:\/\/yoast.com\/product\/yoast-seo-wordpress\/ -->\n<title>Vitamin K2 200 Natto MK-7 (90 tabs) - K2 Vitamiin - Parim Hind - Fit360<\/title>\n<meta name=\"description\" content=\"Vitamin K2 200 Natto MK-7 on kvaliteetne toidulisand, mis on nattost saadud K2-vitamiini allikas k\u00f5rge biosaadavusega menakinoon-7-MK-7 kujul. Kiire Tarne!\" \/>\n<meta name=\"robots\" content=\"index, follow, max-snippet:-1, max-image-preview:large, max-video-preview:-1\" \/>\n<link rel=\"canonical\" href=\"https:\/\/fit360.ee\/en\/pood\/product-groups\/vitamins-and-minerals-en\/k-vitamin-en\/vitamin-k2-200-natto-mk-7-90-tabs\/\" \/>\n<meta property=\"og:locale\" content=\"en_US\" \/>\n<meta property=\"og:type\" content=\"article\" \/>\n<meta property=\"og:title\" content=\"Vitamin K2 200 Natto MK-7 (90 tabs) - K2 Vitamiin - Parim Hind - Fit360\" \/>\n<meta property=\"og:description\" content=\"Vitamin K2 200 Natto MK-7 on kvaliteetne toidulisand, mis on nattost saadud K2-vitamiini allikas k\u00f5rge biosaadavusega menakinoon-7-MK-7 kujul. Kiire Tarne!\" \/>\n<meta property=\"og:url\" content=\"https:\/\/fit360.ee\/en\/pood\/product-groups\/vitamins-and-minerals-en\/k-vitamin-en\/vitamin-k2-200-natto-mk-7-90-tabs\/\" \/>\n<meta property=\"og:site_name\" content=\"Fit360\" \/>\n<meta property=\"article:modified_time\" content=\"2025-10-04T10:34:46+00:00\" \/>\n<meta property=\"og:image\" content=\"https:\/\/fit360.ee\/wp-content\/uploads\/2025\/02\/k2-200-natto-mk-7-fit360.ee-1.png\" \/>\n\t<meta property=\"og:image:width\" content=\"450\" \/>\n\t<meta property=\"og:image:height\" content=\"450\" \/>\n\t<meta property=\"og:image:type\" content=\"image\/png\" \/>\n<meta name=\"twitter:card\" content=\"summary_large_image\" \/>\n<meta name=\"twitter:label1\" content=\"Est. reading time\" \/>\n\t<meta name=\"twitter:data1\" content=\"2 minutes\" \/>\n<script type=\"application\/ld+json\" class=\"yoast-schema-graph\">{\"@context\":\"https:\\\/\\\/schema.org\",\"@graph\":[{\"@type\":\"WebPage\",\"@id\":\"https:\\\/\\\/fit360.ee\\\/en\\\/pood\\\/product-groups\\\/vitamins-and-minerals-en\\\/k-vitamin-en\\\/vitamin-k2-200-natto-mk-7-90-tabs\\\/\",\"url\":\"https:\\\/\\\/fit360.ee\\\/en\\\/pood\\\/product-groups\\\/vitamins-and-minerals-en\\\/k-vitamin-en\\\/vitamin-k2-200-natto-mk-7-90-tabs\\\/\",\"name\":\"Vitamin K2 200 Natto MK-7 (90 tabs) - K2 Vitamiin - Parim Hind - Fit360\",\"isPartOf\":{\"@id\":\"https:\\\/\\\/fit360.ee\\\/en\\\/#website\"},\"primaryImageOfPage\":{\"@id\":\"https:\\\/\\\/fit360.ee\\\/en\\\/pood\\\/product-groups\\\/vitamins-and-minerals-en\\\/k-vitamin-en\\\/vitamin-k2-200-natto-mk-7-90-tabs\\\/#primaryimage\"},\"image\":{\"@id\":\"https:\\\/\\\/fit360.ee\\\/en\\\/pood\\\/product-groups\\\/vitamins-and-minerals-en\\\/k-vitamin-en\\\/vitamin-k2-200-natto-mk-7-90-tabs\\\/#primaryimage\"},\"thumbnailUrl\":\"https:\\\/\\\/fit360.ee\\\/wp-content\\\/uploads\\\/2025\\\/02\\\/k2-200-natto-mk-7-fit360.ee-1.png\",\"datePublished\":\"2025-02-08T09:08:53+00:00\",\"dateModified\":\"2025-10-04T10:34:46+00:00\",\"description\":\"Vitamin K2 200 Natto MK-7 on kvaliteetne toidulisand, mis on nattost saadud K2-vitamiini allikas k\u00f5rge biosaadavusega menakinoon-7-MK-7 kujul. Kiire Tarne!\",\"breadcrumb\":{\"@id\":\"https:\\\/\\\/fit360.ee\\\/en\\\/pood\\\/product-groups\\\/vitamins-and-minerals-en\\\/k-vitamin-en\\\/vitamin-k2-200-natto-mk-7-90-tabs\\\/#breadcrumb\"},\"inLanguage\":\"en-US\",\"potentialAction\":[{\"@type\":\"ReadAction\",\"target\":[\"https:\\\/\\\/fit360.ee\\\/en\\\/pood\\\/product-groups\\\/vitamins-and-minerals-en\\\/k-vitamin-en\\\/vitamin-k2-200-natto-mk-7-90-tabs\\\/\"]}]},{\"@type\":\"ImageObject\",\"inLanguage\":\"en-US\",\"@id\":\"https:\\\/\\\/fit360.ee\\\/en\\\/pood\\\/product-groups\\\/vitamins-and-minerals-en\\\/k-vitamin-en\\\/vitamin-k2-200-natto-mk-7-90-tabs\\\/#primaryimage\",\"url\":\"https:\\\/\\\/fit360.ee\\\/wp-content\\\/uploads\\\/2025\\\/02\\\/k2-200-natto-mk-7-fit360.ee-1.png\",\"contentUrl\":\"https:\\\/\\\/fit360.ee\\\/wp-content\\\/uploads\\\/2025\\\/02\\\/k2-200-natto-mk-7-fit360.ee-1.png\",\"width\":450,\"height\":450,\"caption\":\"k2 200 natto mk-7 - fit360.ee\"},{\"@type\":\"BreadcrumbList\",\"@id\":\"https:\\\/\\\/fit360.ee\\\/en\\\/pood\\\/product-groups\\\/vitamins-and-minerals-en\\\/k-vitamin-en\\\/vitamin-k2-200-natto-mk-7-90-tabs\\\/#breadcrumb\",\"itemListElement\":[{\"@type\":\"ListItem\",\"position\":1,\"name\":\"Home\",\"item\":\"https:\\\/\\\/fit360.ee\\\/en\\\/\"},{\"@type\":\"ListItem\",\"position\":2,\"name\":\"Shop\",\"item\":\"https:\\\/\\\/fit360.ee\\\/en\\\/shop\\\/\"},{\"@type\":\"ListItem\",\"position\":3,\"name\":\"Vitamin K2 200 Natto MK-7 (90 tabs)\"}]},{\"@type\":\"WebSite\",\"@id\":\"https:\\\/\\\/fit360.ee\\\/en\\\/#website\",\"url\":\"https:\\\/\\\/fit360.ee\\\/en\\\/\",\"name\":\"Fit360\",\"description\":\"\",\"publisher\":{\"@id\":\"https:\\\/\\\/fit360.ee\\\/en\\\/#organization\"},\"potentialAction\":[{\"@type\":\"SearchAction\",\"target\":{\"@type\":\"EntryPoint\",\"urlTemplate\":\"https:\\\/\\\/fit360.ee\\\/en\\\/?s={search_term_string}\"},\"query-input\":{\"@type\":\"PropertyValueSpecification\",\"valueRequired\":true,\"valueName\":\"search_term_string\"}}],\"inLanguage\":\"en-US\"},{\"@type\":\"Organization\",\"@id\":\"https:\\\/\\\/fit360.ee\\\/en\\\/#organization\",\"name\":\"Fit360\",\"url\":\"https:\\\/\\\/fit360.ee\\\/en\\\/\",\"logo\":{\"@type\":\"ImageObject\",\"inLanguage\":\"en-US\",\"@id\":\"https:\\\/\\\/fit360.ee\\\/en\\\/#\\\/schema\\\/logo\\\/image\\\/\",\"url\":\"https:\\\/\\\/fit360.ee\\\/wp-content\\\/uploads\\\/2017\\\/01\\\/logo-fit360.png\",\"contentUrl\":\"https:\\\/\\\/fit360.ee\\\/wp-content\\\/uploads\\\/2017\\\/01\\\/logo-fit360.png\",\"width\":180,\"height\":66,\"caption\":\"Fit360\"},\"image\":{\"@id\":\"https:\\\/\\\/fit360.ee\\\/en\\\/#\\\/schema\\\/logo\\\/image\\\/\"}}]}<\/script>\n<!-- \/ Yoast SEO plugin. -->","yoast_head_json":{"title":"Vitamin K2 200 Natto MK-7 (90 tabs) - K2 Vitamiin - Parim Hind - Fit360","description":"Vitamin K2 200 Natto MK-7 on kvaliteetne toidulisand, mis on nattost saadud K2-vitamiini allikas k\u00f5rge biosaadavusega menakinoon-7-MK-7 kujul. Kiire Tarne!","robots":{"index":"index","follow":"follow","max-snippet":"max-snippet:-1","max-image-preview":"max-image-preview:large","max-video-preview":"max-video-preview:-1"},"canonical":"https:\/\/fit360.ee\/en\/pood\/product-groups\/vitamins-and-minerals-en\/k-vitamin-en\/vitamin-k2-200-natto-mk-7-90-tabs\/","og_locale":"en_US","og_type":"article","og_title":"Vitamin K2 200 Natto MK-7 (90 tabs) - K2 Vitamiin - Parim Hind - Fit360","og_description":"Vitamin K2 200 Natto MK-7 on kvaliteetne toidulisand, mis on nattost saadud K2-vitamiini allikas k\u00f5rge biosaadavusega menakinoon-7-MK-7 kujul. Kiire Tarne!","og_url":"https:\/\/fit360.ee\/en\/pood\/product-groups\/vitamins-and-minerals-en\/k-vitamin-en\/vitamin-k2-200-natto-mk-7-90-tabs\/","og_site_name":"Fit360","article_modified_time":"2025-10-04T10:34:46+00:00","og_image":[{"width":450,"height":450,"url":"https:\/\/fit360.ee\/wp-content\/uploads\/2025\/02\/k2-200-natto-mk-7-fit360.ee-1.png","type":"image\/png"}],"twitter_card":"summary_large_image","twitter_misc":{"Est. reading time":"2 minutes"},"schema":{"@context":"https:\/\/schema.org","@graph":[{"@type":"WebPage","@id":"https:\/\/fit360.ee\/en\/pood\/product-groups\/vitamins-and-minerals-en\/k-vitamin-en\/vitamin-k2-200-natto-mk-7-90-tabs\/","url":"https:\/\/fit360.ee\/en\/pood\/product-groups\/vitamins-and-minerals-en\/k-vitamin-en\/vitamin-k2-200-natto-mk-7-90-tabs\/","name":"Vitamin K2 200 Natto MK-7 (90 tabs) - K2 Vitamiin - Parim Hind - Fit360","isPartOf":{"@id":"https:\/\/fit360.ee\/en\/#website"},"primaryImageOfPage":{"@id":"https:\/\/fit360.ee\/en\/pood\/product-groups\/vitamins-and-minerals-en\/k-vitamin-en\/vitamin-k2-200-natto-mk-7-90-tabs\/#primaryimage"},"image":{"@id":"https:\/\/fit360.ee\/en\/pood\/product-groups\/vitamins-and-minerals-en\/k-vitamin-en\/vitamin-k2-200-natto-mk-7-90-tabs\/#primaryimage"},"thumbnailUrl":"https:\/\/fit360.ee\/wp-content\/uploads\/2025\/02\/k2-200-natto-mk-7-fit360.ee-1.png","datePublished":"2025-02-08T09:08:53+00:00","dateModified":"2025-10-04T10:34:46+00:00","description":"Vitamin K2 200 Natto MK-7 on kvaliteetne toidulisand, mis on nattost saadud K2-vitamiini allikas k\u00f5rge biosaadavusega menakinoon-7-MK-7 kujul. Kiire Tarne!","breadcrumb":{"@id":"https:\/\/fit360.ee\/en\/pood\/product-groups\/vitamins-and-minerals-en\/k-vitamin-en\/vitamin-k2-200-natto-mk-7-90-tabs\/#breadcrumb"},"inLanguage":"en-US","potentialAction":[{"@type":"ReadAction","target":["https:\/\/fit360.ee\/en\/pood\/product-groups\/vitamins-and-minerals-en\/k-vitamin-en\/vitamin-k2-200-natto-mk-7-90-tabs\/"]}]},{"@type":"ImageObject","inLanguage":"en-US","@id":"https:\/\/fit360.ee\/en\/pood\/product-groups\/vitamins-and-minerals-en\/k-vitamin-en\/vitamin-k2-200-natto-mk-7-90-tabs\/#primaryimage","url":"https:\/\/fit360.ee\/wp-content\/uploads\/2025\/02\/k2-200-natto-mk-7-fit360.ee-1.png","contentUrl":"https:\/\/fit360.ee\/wp-content\/uploads\/2025\/02\/k2-200-natto-mk-7-fit360.ee-1.png","width":450,"height":450,"caption":"k2 200 natto mk-7 - fit360.ee"},{"@type":"BreadcrumbList","@id":"https:\/\/fit360.ee\/en\/pood\/product-groups\/vitamins-and-minerals-en\/k-vitamin-en\/vitamin-k2-200-natto-mk-7-90-tabs\/#breadcrumb","itemListElement":[{"@type":"ListItem","position":1,"name":"Home","item":"https:\/\/fit360.ee\/en\/"},{"@type":"ListItem","position":2,"name":"Shop","item":"https:\/\/fit360.ee\/en\/shop\/"},{"@type":"ListItem","position":3,"name":"Vitamin K2 200 Natto MK-7 (90 tabs)"}]},{"@type":"WebSite","@id":"https:\/\/fit360.ee\/en\/#website","url":"https:\/\/fit360.ee\/en\/","name":"Fit360","description":"","publisher":{"@id":"https:\/\/fit360.ee\/en\/#organization"},"potentialAction":[{"@type":"SearchAction","target":{"@type":"EntryPoint","urlTemplate":"https:\/\/fit360.ee\/en\/?s={search_term_string}"},"query-input":{"@type":"PropertyValueSpecification","valueRequired":true,"valueName":"search_term_string"}}],"inLanguage":"en-US"},{"@type":"Organization","@id":"https:\/\/fit360.ee\/en\/#organization","name":"Fit360","url":"https:\/\/fit360.ee\/en\/","logo":{"@type":"ImageObject","inLanguage":"en-US","@id":"https:\/\/fit360.ee\/en\/#\/schema\/logo\/image\/","url":"https:\/\/fit360.ee\/wp-content\/uploads\/2017\/01\/logo-fit360.png","contentUrl":"https:\/\/fit360.ee\/wp-content\/uploads\/2017\/01\/logo-fit360.png","width":180,"height":66,"caption":"Fit360"},"image":{"@id":"https:\/\/fit360.ee\/en\/#\/schema\/logo\/image\/"}}]}},"_links":{"self":[{"href":"https:\/\/fit360.ee\/en\/wp-json\/wp\/v2\/product\/86479","targetHints":{"allow":["GET"]}}],"collection":[{"href":"https:\/\/fit360.ee\/en\/wp-json\/wp\/v2\/product"}],"about":[{"href":"https:\/\/fit360.ee\/en\/wp-json\/wp\/v2\/types\/product"}],"replies":[{"embeddable":true,"href":"https:\/\/fit360.ee\/en\/wp-json\/wp\/v2\/comments?post=86479"}],"wp:featuredmedia":[{"embeddable":true,"href":"https:\/\/fit360.ee\/en\/wp-json\/wp\/v2\/media\/86478"}],"wp:attachment":[{"href":"https:\/\/fit360.ee\/en\/wp-json\/wp\/v2\/media?parent=86479"}],"wp:term":[{"taxonomy":"product_brand","embeddable":true,"href":"https:\/\/fit360.ee\/en\/wp-json\/wp\/v2\/product_brand?post=86479"},{"taxonomy":"product_cat","embeddable":true,"href":"https:\/\/fit360.ee\/en\/wp-json\/wp\/v2\/product_cat?post=86479"},{"taxonomy":"product_tag","embeddable":true,"href":"https:\/\/fit360.ee\/en\/wp-json\/wp\/v2\/product_tag?post=86479"},{"taxonomy":"giftcard-category","embeddable":true,"href":"https:\/\/fit360.ee\/en\/wp-json\/wp\/v2\/giftcard-category?post=86479"}],"curies":[{"name":"wp","href":"https:\/\/api.w.org\/{rel}","templated":true}]}}