{"id":86489,"date":"2025-02-08T11:53:52","date_gmt":"2025-02-08T09:53:52","guid":{"rendered":"https:\/\/fit360.ee\/pood\/uncategorized\/saw-palmetto-360tabs\/"},"modified":"2026-04-06T10:29:21","modified_gmt":"2026-04-06T08:29:21","slug":"saw-palmetto-360tabs","status":"publish","type":"product","link":"https:\/\/fit360.ee\/en\/pood\/product-groups\/%d0%b2%d0%b5%d0%b3%d0%b0%d0%bd\/vegan-capsules-en\/saw-palmetto-360tabs\/","title":{"rendered":"Saw Palmetto (360tabs)"},"content":{"rendered":"<h2><strong>Saw Palmetto tabletid<\/strong><\/h2>\n<p class=\"cm__text\"><strong>Saw palmetto<\/strong> &#8211; <em>Serenoa repens<\/em> &#8211; palmi perekonda kuuluv taim, mida inglise keeles nimetatakse sageli saw palmetto. See on Ameerika \u00dchendriikide kaguosa kliimav\u00f6\u00f6ndile t\u00fc\u00fcpiline liik, mille esindajad ulatuvad 2-3 meetri k\u00f5rguseks. See on taim, mille lehed moodustavad tohutuid lehvikuid ja mille v\u00e4ikesed \u00f5ied muutuvad p\u00e4rast \u00f5itsemist v\u00e4ikesteks tumedateks viljadeks, mis eristuvad v\u00e4\u00e4rtuslike \u00fchendite rohkusest. Saw Palmetto tabletid sisaldavad <em>Serenoa repens<\/em> ekstrakti.<\/p>\n<p>P\u00f5lisameeriklased on palmetto puuvilju toiduna ja ka taimse ravimina kasutanud juba aastaid. Praegu on taime viljadest saadud ekstrakt t\u00e4nu v\u00e4\u00e4rtuslike ainete sisaldusele muutumas maailmas \u00fcha populaarsemaks ja seda kasutatakse toidulisandite koostisosana.<\/p>\n<h4 class=\"cm__heading\"><strong>Kellele Saw Palmettot soovitatakse?<\/strong><\/h4>\n<p class=\"cm__text\">Saw Palmetto, mida nimetatakse ka k\u00e4\u00e4buspalmiks, on palmitaim.\u00a0Tema looduslik elupaik on P\u00f5hja- ja L\u00f5una-Ameerika, aga ka L\u00e4\u00e4ne-India, kus Saw Palmettot on kasutanud eesn\u00e4\u00e4rme h\u00fcpertroofia, munandite atroofia ja erektsioonih\u00e4iretega\u00a0 mehed alates XIX sajandist.<\/p>\n<p class=\"cm__text\">Palmi viljades sisalduvad trigl\u00fctseriidid ja f\u00fctosterool reguleerivad eesn\u00e4\u00e4rme funktsioone. Lisaks v\u00f5ivad need aidata kaasa vere kolesteroolisisalduse v\u00e4hendamisele. Teaduslikud uuringud n\u00e4itavad, et palmetto v\u00f5ib toetada juuste kasvu nii naistel kui meestel, kes kannatavad juuste v\u00e4ljalangemise all. Evolite Saw Palmetto ekstrakt on parim valik, kui:<\/p>\n<ul class=\"cm__list\">\n<li>p\u00f5ete eesn\u00e4\u00e4rmehaigusi<\/li>\n<li>on erektsioonih\u00e4ired<\/li>\n<li>teie kolesteroolitase on liiga k\u00f5rge<\/li>\n<li>Teie juuksed langevad v\u00e4lja<\/li>\n<\/ul>\n<h4 class=\"cm__heading\"><strong>Saw Palmetto omadused<\/strong>:<\/h4>\n<p class=\"cm__text\">Saw Palmetto tabletid omadused: Palmetto viljadel on androgeenivastane toime, st DTH taseme reguleerimine. Selle hormooni liiga k\u00f5rge tase v\u00f5ib p\u00f5hjustada eesn\u00e4\u00e4rme h\u00fcpertroofiat ja juuste v\u00e4ljalangemist. <strong>M\u00e4rkus:<\/strong>\u00a0preparaati ei tohi kasutada fertiilses eas naised!<\/p>\n<ul class=\"cm__list\">\n<li><strong>EESM\u00c4RME TOETUS<\/strong>\u00a0\u2013 Saw palmettot kasutavad mehed, kes kannatavad eesn\u00e4\u00e4rme h\u00fcpertroofia all.\u00a0T\u00e4nu DTH taseme reguleerimisele v\u00f5ib see olla oluline eesn\u00e4\u00e4rmev\u00e4hi ennetamise element.<\/li>\n<li><strong>JUUSTE V\u00c4LJALANGEMISE M\u00d5JU LEEVENDAMINE<\/strong>\u00a0\u2013 Uuringud kinnitavad, et palmetto viljad v\u00f5ivad soodustada juuste taastamist, v\u00e4hendada taanduvat juuksepiiri ja takistada juuste esijoone v\u00e4ljat\u00f5mbumist, mis on \u00fclimalt oluline inimestele, kes v\u00f5itlevad mustri juuste v\u00e4ljalangemisega.<\/li>\n<li><strong>LOODUSLIK KOOSTIS<\/strong>\u00a0\u2013 Evolite Saw Palmetto Extract on \u00fchest koostisosast koosnev toode, mis p\u00f5hineb looduslikul saepalmi ekstraktil. Toode ei sisalda t\u00e4iteaineid ja s\u00e4ilitusaineid.<\/li>\n<li><strong>KONTSENTREERITUD VALEM<\/strong>\u00a0\u2013 Vaid v\u00e4ikesest kogusest toidulisandist p\u00e4evas piisab, et varustada teid soovitatava igap\u00e4evase portsjoniga palmettot.\u00a0Parimate tulemuste saavutamiseks v\u00f5tke seda s\u00f6\u00f6gi ajal ja jooge vett.<\/li>\n<\/ul>\n<p><strong>Kes v\u00f5iksid tarvitada Serenoapalmi ekstrakti kapsleid:<\/strong><\/p>\n<ul>\n<li>mehed, kes soovivad toetada eesn\u00e4\u00e4rme heaolu;<\/li>\n<li>mehed \u00fcldise heaolu ja tervise s\u00e4ilitamise eesm\u00e4rgil;<\/li>\n<li>naised igakuise hormonaalse tasakaalu toetamiseks.<\/li>\n<\/ul>\n<p><strong>Koostisosad<\/strong>: Mahuaine: mikrokristalne tselluloos; palmetto vilja ekstrakt (Serenoa repens (W.Bartram) Small), t\u00e4rklis, paakumisvastased ained: rasvhapete magneesiumisoolad, r\u00e4nidioksiid.<\/p>\n<p><strong>Toodetud tehases, kus kasutatakse koostisosi piimast (sh laktoosist), sojast, maap\u00e4hklitest, muudest p\u00e4hklitest, seesamiseemnetest, gluteeni sisaldavatest teraviljadest, munadest, v\u00e4hilaadsetest ja kalast.<\/strong><\/p>\n<p><strong>Kasutamine<\/strong>:V\u00f5tke 1 portsjon (1 tablett) 2 korda p\u00e4evas.<\/p>\n<p><strong>NB!<\/strong> \u00c4rge \u00fcletage soovitatavat \u00f6\u00f6p\u00e4evast annust. Toidulisandit ei saa kasutada mitmek\u00fclgse toitumise asendajana. Soovitatav on tasakaalustatud toitumine ja tervislik eluviis.<\/p>\n<p><strong>Suurus<\/strong>: 360 tabletti.<\/p>\n<section class=\"projector__description--nutritional row\" data-selector=\".--nutritional\">\n<div class=\"col-12 col-md-10 col-lg-8\">\n<div class=\"--nutrit\">\n<div class=\"nutrition_table_wrapper\">\n<div class=\"table_wrapper\">\n<table style=\"font-size: 14.4px;\">\n<tbody>\n<tr>\n<th>Aktiivsed koostisained<\/th>\n<th>portsjoni kohta<\/th>\n<th>2 portsjoni jaoks<\/th>\n<\/tr>\n<tr>\n<td>Saw palmetto puuvilja ekstrakt<\/td>\n<td>120 mg<\/td>\n<td>240 mg<\/td>\n<\/tr>\n<\/tbody>\n<\/table>\n<p>Vaata ka meie Teisi Supertoite\u00a0<a href=\"https:\/\/fit360.ee\/en\/product-category\/product-groups\/superfoods-health-foods-en\/\"><strong>SIIT<\/strong><\/a>\u00a0v\u00f5i Testosterooni T\u00f5stjaid\u00a0<strong><a href=\"https:\/\/fit360.ee\/en\/product-category\/product-groups\/testosterone-boosters-en\/\">SIIT<\/a><\/strong>!<\/p>\n<p>Soovid kaupa osta suuremas koguses? Vaata antud toodet ka meie HULGI poest\u00a0<a href=\"https:\/\/toidulisandidhulgi.ee\/tooted\/saw-palmetto-360tabs\/\"><strong>SIIT<\/strong><\/a>!<\/p>\n<\/div>\n<\/div>\n<\/div>\n<\/div>\n<\/section>\n","protected":false},"excerpt":{"rendered":"<ul>\n<li>Eesn\u00e4\u00e4rme toetus<\/li>\n<li>Juuste v\u00e4ljalangemise leevendus<\/li>\n<li>Looduslik koostis<\/li>\n<li>Konsentreeritud valem<\/li>\n<\/ul>\n","protected":false},"featured_media":86488,"comment_status":"open","ping_status":"closed","template":"","meta":[],"product_brand":[],"product_cat":[1329,1454,532,2664,536,1201],"product_tag":[1924,2565,5572],"giftcard-category":[],"class_list":{"0":"post-86489","1":"product","2":"type-product","3":"status-publish","4":"has-post-thumbnail","6":"product_cat-ostrovit-en","7":"product_cat-superfoods-health-foods-en","8":"product_cat-testosterone-boosters-en","9":"product_cat-vegan-capsules-en","10":"product_cat-vitamins-and-minerals-en","11":"product_cat-1201","12":"product_tag-ostrovit-en","13":"product_tag-saw-palmetto-en","14":"product_tag-saw-palmetto-tabletid-en","15":"pa_kogus-360-tabletti-en","16":"pa_toidulisand-branddd-ostrovit","17":"pa_tootegruppp-supertoit-tervisetoit-en","18":"pa_tootegruppp-testosterone-enhancers","19":"pa_tootegruppp-vcaps-vegan-kapslid-en","20":"pa_tootegruppp-vegan-en","21":"pa_tootegruppp-vitamins-and-minerals","23":"first","24":"instock","25":"sale","26":"taxable","27":"shipping-taxable","28":"purchasable","29":"product-type-simple"},"yoast_head":"<!-- This site is optimized with the Yoast SEO plugin v27.3 - https:\/\/yoast.com\/product\/yoast-seo-wordpress\/ -->\n<title>Saw Palmetto tabletid (360tabs) - Parim Hind - Kiire Tarne - Fit360<\/title>\n<meta name=\"description\" content=\"Saw Palmetto tabletid reguleerivad eesn\u00e4\u00e4rme funktsioone. Lisaks v\u00f5ivad need aidata kaasa vere kolesteroolisisalduse v\u00e4hendamisele. Teaduslikud uurin...\" \/>\n<meta name=\"robots\" content=\"index, follow, max-snippet:-1, max-image-preview:large, max-video-preview:-1\" \/>\n<link rel=\"canonical\" href=\"https:\/\/fit360.ee\/en\/pood\/product-groups\/\u0432\u0435\u0433\u0430\u043d\/vegan-capsules-en\/saw-palmetto-360tabs\/\" \/>\n<meta property=\"og:locale\" content=\"en_US\" \/>\n<meta property=\"og:type\" content=\"article\" \/>\n<meta property=\"og:title\" content=\"Saw Palmetto tabletid (360tabs) - Parim Hind - Kiire Tarne - Fit360\" \/>\n<meta property=\"og:description\" content=\"Saw Palmetto tabletid reguleerivad eesn\u00e4\u00e4rme funktsioone. Lisaks v\u00f5ivad need aidata kaasa vere kolesteroolisisalduse v\u00e4hendamisele. Teaduslikud uurin...\" \/>\n<meta property=\"og:url\" content=\"https:\/\/fit360.ee\/en\/pood\/product-groups\/\u0432\u0435\u0433\u0430\u043d\/vegan-capsules-en\/saw-palmetto-360tabs\/\" \/>\n<meta property=\"og:site_name\" content=\"Fit360\" \/>\n<meta property=\"article:modified_time\" content=\"2026-04-06T08:29:21+00:00\" \/>\n<meta property=\"og:image\" content=\"https:\/\/fit360.ee\/wp-content\/uploads\/2025\/02\/saw-palmetto-tabletid-fit360.ee-1.png\" \/>\n\t<meta property=\"og:image:width\" content=\"450\" \/>\n\t<meta property=\"og:image:height\" content=\"450\" \/>\n\t<meta property=\"og:image:type\" content=\"image\/png\" \/>\n<meta name=\"twitter:card\" content=\"summary_large_image\" \/>\n<meta name=\"twitter:label1\" content=\"Est. reading time\" \/>\n\t<meta name=\"twitter:data1\" content=\"3 minutes\" \/>\n<script type=\"application\/ld+json\" class=\"yoast-schema-graph\">{\"@context\":\"https:\\\/\\\/schema.org\",\"@graph\":[{\"@type\":\"WebPage\",\"@id\":\"https:\\\/\\\/fit360.ee\\\/en\\\/pood\\\/product-groups\\\/%d0%b2%d0%b5%d0%b3%d0%b0%d0%bd\\\/vegan-capsules-en\\\/saw-palmetto-360tabs\\\/\",\"url\":\"https:\\\/\\\/fit360.ee\\\/en\\\/pood\\\/product-groups\\\/%d0%b2%d0%b5%d0%b3%d0%b0%d0%bd\\\/vegan-capsules-en\\\/saw-palmetto-360tabs\\\/\",\"name\":\"Saw Palmetto tabletid (360tabs) - Parim Hind - Kiire Tarne - Fit360\",\"isPartOf\":{\"@id\":\"https:\\\/\\\/fit360.ee\\\/en\\\/#website\"},\"primaryImageOfPage\":{\"@id\":\"https:\\\/\\\/fit360.ee\\\/en\\\/pood\\\/product-groups\\\/%d0%b2%d0%b5%d0%b3%d0%b0%d0%bd\\\/vegan-capsules-en\\\/saw-palmetto-360tabs\\\/#primaryimage\"},\"image\":{\"@id\":\"https:\\\/\\\/fit360.ee\\\/en\\\/pood\\\/product-groups\\\/%d0%b2%d0%b5%d0%b3%d0%b0%d0%bd\\\/vegan-capsules-en\\\/saw-palmetto-360tabs\\\/#primaryimage\"},\"thumbnailUrl\":\"https:\\\/\\\/fit360.ee\\\/wp-content\\\/uploads\\\/2025\\\/02\\\/saw-palmetto-tabletid-fit360.ee-1.png\",\"datePublished\":\"2025-02-08T09:53:52+00:00\",\"dateModified\":\"2026-04-06T08:29:21+00:00\",\"description\":\"Saw Palmetto tabletid reguleerivad eesn\u00e4\u00e4rme funktsioone. Lisaks v\u00f5ivad need aidata kaasa vere kolesteroolisisalduse v\u00e4hendamisele. Teaduslikud uurin...\",\"breadcrumb\":{\"@id\":\"https:\\\/\\\/fit360.ee\\\/en\\\/pood\\\/product-groups\\\/%d0%b2%d0%b5%d0%b3%d0%b0%d0%bd\\\/vegan-capsules-en\\\/saw-palmetto-360tabs\\\/#breadcrumb\"},\"inLanguage\":\"en-US\",\"potentialAction\":[{\"@type\":\"ReadAction\",\"target\":[\"https:\\\/\\\/fit360.ee\\\/en\\\/pood\\\/product-groups\\\/%d0%b2%d0%b5%d0%b3%d0%b0%d0%bd\\\/vegan-capsules-en\\\/saw-palmetto-360tabs\\\/\"]}]},{\"@type\":\"ImageObject\",\"inLanguage\":\"en-US\",\"@id\":\"https:\\\/\\\/fit360.ee\\\/en\\\/pood\\\/product-groups\\\/%d0%b2%d0%b5%d0%b3%d0%b0%d0%bd\\\/vegan-capsules-en\\\/saw-palmetto-360tabs\\\/#primaryimage\",\"url\":\"https:\\\/\\\/fit360.ee\\\/wp-content\\\/uploads\\\/2025\\\/02\\\/saw-palmetto-tabletid-fit360.ee-1.png\",\"contentUrl\":\"https:\\\/\\\/fit360.ee\\\/wp-content\\\/uploads\\\/2025\\\/02\\\/saw-palmetto-tabletid-fit360.ee-1.png\",\"width\":450,\"height\":450,\"caption\":\"saw palmetto tabletid - fit360.ee\"},{\"@type\":\"BreadcrumbList\",\"@id\":\"https:\\\/\\\/fit360.ee\\\/en\\\/pood\\\/product-groups\\\/%d0%b2%d0%b5%d0%b3%d0%b0%d0%bd\\\/vegan-capsules-en\\\/saw-palmetto-360tabs\\\/#breadcrumb\",\"itemListElement\":[{\"@type\":\"ListItem\",\"position\":1,\"name\":\"Home\",\"item\":\"https:\\\/\\\/fit360.ee\\\/en\\\/\"},{\"@type\":\"ListItem\",\"position\":2,\"name\":\"Shop\",\"item\":\"https:\\\/\\\/fit360.ee\\\/en\\\/shop\\\/\"},{\"@type\":\"ListItem\",\"position\":3,\"name\":\"Saw Palmetto (360tabs)\"}]},{\"@type\":\"WebSite\",\"@id\":\"https:\\\/\\\/fit360.ee\\\/en\\\/#website\",\"url\":\"https:\\\/\\\/fit360.ee\\\/en\\\/\",\"name\":\"Fit360\",\"description\":\"\",\"publisher\":{\"@id\":\"https:\\\/\\\/fit360.ee\\\/en\\\/#organization\"},\"potentialAction\":[{\"@type\":\"SearchAction\",\"target\":{\"@type\":\"EntryPoint\",\"urlTemplate\":\"https:\\\/\\\/fit360.ee\\\/en\\\/?s={search_term_string}\"},\"query-input\":{\"@type\":\"PropertyValueSpecification\",\"valueRequired\":true,\"valueName\":\"search_term_string\"}}],\"inLanguage\":\"en-US\"},{\"@type\":\"Organization\",\"@id\":\"https:\\\/\\\/fit360.ee\\\/en\\\/#organization\",\"name\":\"Fit360\",\"url\":\"https:\\\/\\\/fit360.ee\\\/en\\\/\",\"logo\":{\"@type\":\"ImageObject\",\"inLanguage\":\"en-US\",\"@id\":\"https:\\\/\\\/fit360.ee\\\/en\\\/#\\\/schema\\\/logo\\\/image\\\/\",\"url\":\"https:\\\/\\\/fit360.ee\\\/wp-content\\\/uploads\\\/2017\\\/01\\\/logo-fit360.png\",\"contentUrl\":\"https:\\\/\\\/fit360.ee\\\/wp-content\\\/uploads\\\/2017\\\/01\\\/logo-fit360.png\",\"width\":180,\"height\":66,\"caption\":\"Fit360\"},\"image\":{\"@id\":\"https:\\\/\\\/fit360.ee\\\/en\\\/#\\\/schema\\\/logo\\\/image\\\/\"}}]}<\/script>\n<!-- \/ Yoast SEO plugin. -->","yoast_head_json":{"title":"Saw Palmetto tabletid (360tabs) - Parim Hind - Kiire Tarne - Fit360","description":"Saw Palmetto tabletid reguleerivad eesn\u00e4\u00e4rme funktsioone. Lisaks v\u00f5ivad need aidata kaasa vere kolesteroolisisalduse v\u00e4hendamisele. Teaduslikud uurin...","robots":{"index":"index","follow":"follow","max-snippet":"max-snippet:-1","max-image-preview":"max-image-preview:large","max-video-preview":"max-video-preview:-1"},"canonical":"https:\/\/fit360.ee\/en\/pood\/product-groups\/\u0432\u0435\u0433\u0430\u043d\/vegan-capsules-en\/saw-palmetto-360tabs\/","og_locale":"en_US","og_type":"article","og_title":"Saw Palmetto tabletid (360tabs) - Parim Hind - Kiire Tarne - Fit360","og_description":"Saw Palmetto tabletid reguleerivad eesn\u00e4\u00e4rme funktsioone. Lisaks v\u00f5ivad need aidata kaasa vere kolesteroolisisalduse v\u00e4hendamisele. Teaduslikud uurin...","og_url":"https:\/\/fit360.ee\/en\/pood\/product-groups\/\u0432\u0435\u0433\u0430\u043d\/vegan-capsules-en\/saw-palmetto-360tabs\/","og_site_name":"Fit360","article_modified_time":"2026-04-06T08:29:21+00:00","og_image":[{"width":450,"height":450,"url":"https:\/\/fit360.ee\/wp-content\/uploads\/2025\/02\/saw-palmetto-tabletid-fit360.ee-1.png","type":"image\/png"}],"twitter_card":"summary_large_image","twitter_misc":{"Est. reading time":"3 minutes"},"schema":{"@context":"https:\/\/schema.org","@graph":[{"@type":"WebPage","@id":"https:\/\/fit360.ee\/en\/pood\/product-groups\/%d0%b2%d0%b5%d0%b3%d0%b0%d0%bd\/vegan-capsules-en\/saw-palmetto-360tabs\/","url":"https:\/\/fit360.ee\/en\/pood\/product-groups\/%d0%b2%d0%b5%d0%b3%d0%b0%d0%bd\/vegan-capsules-en\/saw-palmetto-360tabs\/","name":"Saw Palmetto tabletid (360tabs) - Parim Hind - Kiire Tarne - Fit360","isPartOf":{"@id":"https:\/\/fit360.ee\/en\/#website"},"primaryImageOfPage":{"@id":"https:\/\/fit360.ee\/en\/pood\/product-groups\/%d0%b2%d0%b5%d0%b3%d0%b0%d0%bd\/vegan-capsules-en\/saw-palmetto-360tabs\/#primaryimage"},"image":{"@id":"https:\/\/fit360.ee\/en\/pood\/product-groups\/%d0%b2%d0%b5%d0%b3%d0%b0%d0%bd\/vegan-capsules-en\/saw-palmetto-360tabs\/#primaryimage"},"thumbnailUrl":"https:\/\/fit360.ee\/wp-content\/uploads\/2025\/02\/saw-palmetto-tabletid-fit360.ee-1.png","datePublished":"2025-02-08T09:53:52+00:00","dateModified":"2026-04-06T08:29:21+00:00","description":"Saw Palmetto tabletid reguleerivad eesn\u00e4\u00e4rme funktsioone. Lisaks v\u00f5ivad need aidata kaasa vere kolesteroolisisalduse v\u00e4hendamisele. Teaduslikud uurin...","breadcrumb":{"@id":"https:\/\/fit360.ee\/en\/pood\/product-groups\/%d0%b2%d0%b5%d0%b3%d0%b0%d0%bd\/vegan-capsules-en\/saw-palmetto-360tabs\/#breadcrumb"},"inLanguage":"en-US","potentialAction":[{"@type":"ReadAction","target":["https:\/\/fit360.ee\/en\/pood\/product-groups\/%d0%b2%d0%b5%d0%b3%d0%b0%d0%bd\/vegan-capsules-en\/saw-palmetto-360tabs\/"]}]},{"@type":"ImageObject","inLanguage":"en-US","@id":"https:\/\/fit360.ee\/en\/pood\/product-groups\/%d0%b2%d0%b5%d0%b3%d0%b0%d0%bd\/vegan-capsules-en\/saw-palmetto-360tabs\/#primaryimage","url":"https:\/\/fit360.ee\/wp-content\/uploads\/2025\/02\/saw-palmetto-tabletid-fit360.ee-1.png","contentUrl":"https:\/\/fit360.ee\/wp-content\/uploads\/2025\/02\/saw-palmetto-tabletid-fit360.ee-1.png","width":450,"height":450,"caption":"saw palmetto tabletid - fit360.ee"},{"@type":"BreadcrumbList","@id":"https:\/\/fit360.ee\/en\/pood\/product-groups\/%d0%b2%d0%b5%d0%b3%d0%b0%d0%bd\/vegan-capsules-en\/saw-palmetto-360tabs\/#breadcrumb","itemListElement":[{"@type":"ListItem","position":1,"name":"Home","item":"https:\/\/fit360.ee\/en\/"},{"@type":"ListItem","position":2,"name":"Shop","item":"https:\/\/fit360.ee\/en\/shop\/"},{"@type":"ListItem","position":3,"name":"Saw Palmetto (360tabs)"}]},{"@type":"WebSite","@id":"https:\/\/fit360.ee\/en\/#website","url":"https:\/\/fit360.ee\/en\/","name":"Fit360","description":"","publisher":{"@id":"https:\/\/fit360.ee\/en\/#organization"},"potentialAction":[{"@type":"SearchAction","target":{"@type":"EntryPoint","urlTemplate":"https:\/\/fit360.ee\/en\/?s={search_term_string}"},"query-input":{"@type":"PropertyValueSpecification","valueRequired":true,"valueName":"search_term_string"}}],"inLanguage":"en-US"},{"@type":"Organization","@id":"https:\/\/fit360.ee\/en\/#organization","name":"Fit360","url":"https:\/\/fit360.ee\/en\/","logo":{"@type":"ImageObject","inLanguage":"en-US","@id":"https:\/\/fit360.ee\/en\/#\/schema\/logo\/image\/","url":"https:\/\/fit360.ee\/wp-content\/uploads\/2017\/01\/logo-fit360.png","contentUrl":"https:\/\/fit360.ee\/wp-content\/uploads\/2017\/01\/logo-fit360.png","width":180,"height":66,"caption":"Fit360"},"image":{"@id":"https:\/\/fit360.ee\/en\/#\/schema\/logo\/image\/"}}]}},"_links":{"self":[{"href":"https:\/\/fit360.ee\/en\/wp-json\/wp\/v2\/product\/86489","targetHints":{"allow":["GET"]}}],"collection":[{"href":"https:\/\/fit360.ee\/en\/wp-json\/wp\/v2\/product"}],"about":[{"href":"https:\/\/fit360.ee\/en\/wp-json\/wp\/v2\/types\/product"}],"replies":[{"embeddable":true,"href":"https:\/\/fit360.ee\/en\/wp-json\/wp\/v2\/comments?post=86489"}],"wp:featuredmedia":[{"embeddable":true,"href":"https:\/\/fit360.ee\/en\/wp-json\/wp\/v2\/media\/86488"}],"wp:attachment":[{"href":"https:\/\/fit360.ee\/en\/wp-json\/wp\/v2\/media?parent=86489"}],"wp:term":[{"taxonomy":"product_brand","embeddable":true,"href":"https:\/\/fit360.ee\/en\/wp-json\/wp\/v2\/product_brand?post=86489"},{"taxonomy":"product_cat","embeddable":true,"href":"https:\/\/fit360.ee\/en\/wp-json\/wp\/v2\/product_cat?post=86489"},{"taxonomy":"product_tag","embeddable":true,"href":"https:\/\/fit360.ee\/en\/wp-json\/wp\/v2\/product_tag?post=86489"},{"taxonomy":"giftcard-category","embeddable":true,"href":"https:\/\/fit360.ee\/en\/wp-json\/wp\/v2\/giftcard-category?post=86489"}],"curies":[{"name":"wp","href":"https:\/\/api.w.org\/{rel}","templated":true}]}}