{"id":86500,"date":"2025-02-08T12:23:49","date_gmt":"2025-02-08T10:23:49","guid":{"rendered":"https:\/\/fit360.ee\/pood\/uncategorized\/alpha-gpc-300mg-60caps\/"},"modified":"2026-04-09T16:57:13","modified_gmt":"2026-04-09T14:57:13","slug":"alpha-gpc-300mg-60caps","status":"publish","type":"product","link":"https:\/\/fit360.ee\/en\/pood\/product-groups\/%d0%b2%d0%b5%d0%b3%d0%b0%d0%bd\/vegan-capsules-en\/alpha-gpc-300mg-60caps\/","title":{"rendered":"Alpha GPC 300mg (60caps)"},"content":{"rendered":"<h2><strong>Alpha GPC<\/strong><\/h2>\n<div id=\"tab-description\" class=\"tab-pane active product-desc product-section\">\n<p><strong>Evolite Alpha GPC 300mg kapslid<\/strong><\/p>\n<p>Alpha GPC on v\u00f5imas valem, mis on oluline teie \u00fcldise tervise jaoks.<\/p>\n<h4><strong>Alpha-GPC peamised omadused:<\/strong><\/h4>\n<ul>\n<li>Aitab parandada &#8220;Aju tervist&#8221;<\/li>\n<li>V\u00f5ib aidata tugevdada immuun- ja n\u00e4rvis\u00fcsteemi<\/li>\n<li>V\u00f5ib toetada lihaste kasvu<\/li>\n<li>Tugevad antioks\u00fcdantsed omadused<\/li>\n<li>Kvaliteetne toode<\/li>\n<\/ul>\n<p><strong>Alpha GPC<\/strong>\u00a0on\u00a0<strong>alfa-gl\u00fctser\u00fc\u00fclfosfor\u00fc\u00fclkoliini<\/strong>\u00a0toidulisand, mida kasutatakse kognitiivse funktsiooni parandamiseks ja lihaste funktsiooni suurendamiseks.\u00a0Alpha GPC saab h\u00f5lpsamini ravida tserebrospinaalvedelikku, toimides mitmel viisil.<\/p>\n<p><strong>Koliinalfostseraat<\/strong>\u00a0suurendab kolinergilise s\u00fcsteemi aktiivsust ja parandab neuronaalse rakumembraani talitlust. Koliinalfostseraat on fosfatid\u00fc\u00fclkoliini eelk\u00e4ija ja ka koliini \u2013 atset\u00fc\u00fclkoliini (ACh) otsese eelk\u00e4ija \u2013 kandja. Atset\u00fc\u00fclkoliin on \u00fcks olulisemaid neurotransmittereid, mis vastutab m\u00e4lu, emotsioonide ja motoorsete funktsioonide eest.<\/p>\n<p><strong>Alfa-GPC (alfa-gl\u00fctser\u00fc\u00fclfosfor\u00fc\u00fclkoliin, koliini alfostseraat)<\/strong>\u00a0\u00a0on koliini k\u00f5ige paremini imenduv vorm \u2013 n\u00e4rvikoes looduslikult esinev \u00fchend. Koliini \u00fclesanne on olla organismi \u00fche olulisema neurotransmitteri \u2013 atsetokoliini \u2013 eelk\u00e4ija. T\u00e4nu sellistele omadustele on aine n\u00e4rvis\u00fcsteemi n\u00f5uetekohaseks toimimiseks oluline element. Lisaks osaleb koliin fosfolipiidide &#8211; rakumembraanide olulise komponendi &#8211; s\u00fcnteesis, mis m\u00e4\u00e4rab nende terviklikkuse ja n\u00e4rviimpulsside t\u00f5husa edastamise. T\u00e4nu oma molekulaarstruktuurile suudab Alpha-GPC \u00fcletada hematoentsefaalbarj\u00e4\u00e4ri palju kergemini kui klassikaline koliini. Oma omaduste t\u00f5ttu on see soovitatav inimestele, kes v\u00f5tavad ette intensiivset intellektuaalset pingutust, kelle jaoks on oluline keskendumine, hea m\u00e4lu ja meeleselgus.<\/p>\n<ul>\n<li><strong>V\u00e4ga kergesti seeditav koliini vorm<\/strong><\/li>\n<li><strong>Toetab meeldej\u00e4tmise ja \u00f5ppimise\u00a0<\/strong>\u00a0protsesse<\/li>\n<li><strong>Keskendumine ja vaimne selgus<\/strong><\/li>\n<li><strong>Toetab n\u00e4rvis\u00fcsteemi<\/strong>\u00a0n\u00f5uetekohast toimimist<\/li>\n<li><strong>\u00d6konoomne<\/strong>\u00a0\u00a0pakend &#8211; 60 portsjonit<\/li>\n<\/ul>\n<\/div>\n<div id=\"tab-ingredients\" class=\"tab-pane product-section\">\n<p><strong>Kasutamine:<\/strong>\u00a02 kapslit p\u00e4evas koos veega.<\/p>\n<p>* P\u00e4evased v\u00e4\u00e4rtused 2 kapsli kohta p\u00f5hinevad 2000 kcal dieedil<br \/>\n** p\u00e4evane v\u00e4\u00e4rtus (DV) pole kindlaks tehtud<\/p>\n<p><strong>Koostisosad:<\/strong> koliinalfostseraat, mahuaine: mikrokristalne tselluloos; paakumisvastane aine\/r\u00e4nidioksiid; kapsli koostisained: h\u00fcpromelloos, v\u00e4rvained: kollane raudoksiid, must raudoksiid, lakksinine v.<\/p>\n<p><strong>Allergeenihoiatus:<\/strong>\u00a0toodetud seadmetel, mis t\u00f6\u00f6tlevad piima, muna, nisu ja soja sisaldavaid tooteid.<\/p>\n<p><strong>Suurus:<\/strong> 60 kapslit<\/p>\n<table>\n<tbody>\n<tr>\n<td><strong><b>Aktiivsed koostisosad<\/b><\/strong><\/td>\n<td><strong><b>2 kapslit<\/b><\/strong><\/td>\n<td><strong><b>% <\/b><\/strong><strong><b>SPK<\/b><\/strong><strong><b>*<\/b><\/strong><\/td>\n<\/tr>\n<tr>\n<td>Alfa GPC<br \/>\n(L-alfa-gl\u00fctser\u00fc\u00fclfosfor\u00fc\u00fclkoliin)<\/td>\n<td>600 mg<\/td>\n<td>**<\/td>\n<\/tr>\n<\/tbody>\n<\/table>\n<p>Vaata ka meie Teisi Aju tegevust toetavaid tooteid <a href=\"https:\/\/fit360.ee\/en\/product-category\/product-groups\/brain-support-nootropics-en\/\"><strong>SIIT<\/strong><\/a>!<\/p>\n<p>Soovid kaupa osta suuremas koguses? Vaata antud toodet ka meie HULGI poest\u00a0<a href=\"https:\/\/toidulisandidhulgi.ee\/tooted\/alpha-gpc-300mg-60caps\/\"><strong>SIIT<\/strong><\/a>!<\/p>\n<\/div>\n","protected":false},"excerpt":{"rendered":"<ul>\n<li>V\u00e4ga kergesti seeditav koliini vorm<\/li>\n<li>Toetab meeldej\u00e4tmise ja \u00f5ppimise\u00a0\u00a0protsesse<\/li>\n<li>Keskendumine ja vaimne selgus<\/li>\n<li>Toetab n\u00e4rvis\u00fcsteemi\u00a0n\u00f5uetekohast toimimist<\/li>\n<\/ul>\n","protected":false},"featured_media":86502,"comment_status":"open","ping_status":"closed","template":"","meta":[],"product_brand":[],"product_cat":[5311,2485,1618,5320,2664,536,1201],"product_tag":[5574,1773],"giftcard-category":[],"class_list":{"0":"post-86500","1":"product","2":"type-product","3":"status-publish","4":"has-post-thumbnail","6":"product_cat-antioxidants-en","7":"product_cat-brain-support-nootropics-en","8":"product_cat-evolite-en","9":"product_cat-for-immunity-en","10":"product_cat-vegan-capsules-en","11":"product_cat-vitamins-and-minerals-en","12":"product_cat-1201","13":"product_tag-alpha-gpc-en","14":"product_tag-evolite-en","15":"pa_kogus-60-vcaps-en","16":"pa_toidulisand-branddd-evolite","17":"pa_tootegruppp-aju-tegevus-nootropics-en","18":"pa_tootegruppp-antioksudandid-en","19":"pa_tootegruppp-immuunsusteem-en","20":"pa_tootegruppp-vcaps-vegan-kapslid-en","21":"pa_tootegruppp-vegan-en","22":"pa_tootegruppp-vitamins-and-minerals","24":"first","25":"outofstock","26":"sale","27":"taxable","28":"shipping-taxable","29":"purchasable","30":"product-type-simple"},"yoast_head":"<!-- This site is optimized with the Yoast SEO plugin v27.3 - https:\/\/yoast.com\/product\/yoast-seo-wordpress\/ -->\n<title>Alpha GPC 300mg (60caps) - Koliinalfostseraat - Parim Hind - Fit360<\/title>\n<meta name=\"description\" content=\"Alpha GPC\u00a0on\u00a0alfa-gl\u00fctser\u00fc\u00fclfosfor\u00fc\u00fclkoliini\u00a0toidulisand, mida kasutatakse kognitiivse funktsiooni parandamiseks ja lihaste funktsioondie suurendamiseks.\" \/>\n<meta name=\"robots\" content=\"index, follow, max-snippet:-1, max-image-preview:large, max-video-preview:-1\" \/>\n<link rel=\"canonical\" href=\"https:\/\/fit360.ee\/en\/pood\/product-groups\/\u0432\u0435\u0433\u0430\u043d\/vegan-capsules-en\/alpha-gpc-300mg-60caps\/\" \/>\n<meta property=\"og:locale\" content=\"en_US\" \/>\n<meta property=\"og:type\" content=\"article\" \/>\n<meta property=\"og:title\" content=\"Alpha GPC 300mg (60caps) - Koliinalfostseraat - Parim Hind - Fit360\" \/>\n<meta property=\"og:description\" content=\"Alpha GPC\u00a0on\u00a0alfa-gl\u00fctser\u00fc\u00fclfosfor\u00fc\u00fclkoliini\u00a0toidulisand, mida kasutatakse kognitiivse funktsiooni parandamiseks ja lihaste funktsioondie suurendamiseks.\" \/>\n<meta property=\"og:url\" content=\"https:\/\/fit360.ee\/en\/pood\/product-groups\/\u0432\u0435\u0433\u0430\u043d\/vegan-capsules-en\/alpha-gpc-300mg-60caps\/\" \/>\n<meta property=\"og:site_name\" content=\"Fit360\" \/>\n<meta property=\"article:modified_time\" content=\"2026-04-09T14:57:13+00:00\" \/>\n<meta property=\"og:image\" content=\"https:\/\/fit360.ee\/wp-content\/uploads\/2025\/02\/evolite-alpha-gpc-fit360.ee_.png\" \/>\n\t<meta property=\"og:image:width\" content=\"800\" \/>\n\t<meta property=\"og:image:height\" content=\"800\" \/>\n\t<meta property=\"og:image:type\" content=\"image\/png\" \/>\n<meta name=\"twitter:card\" content=\"summary_large_image\" \/>\n<meta name=\"twitter:label1\" content=\"Est. reading time\" \/>\n\t<meta name=\"twitter:data1\" content=\"2 minutes\" \/>\n<script type=\"application\/ld+json\" class=\"yoast-schema-graph\">{\"@context\":\"https:\\\/\\\/schema.org\",\"@graph\":[{\"@type\":\"WebPage\",\"@id\":\"https:\\\/\\\/fit360.ee\\\/en\\\/pood\\\/product-groups\\\/%d0%b2%d0%b5%d0%b3%d0%b0%d0%bd\\\/vegan-capsules-en\\\/alpha-gpc-300mg-60caps\\\/\",\"url\":\"https:\\\/\\\/fit360.ee\\\/en\\\/pood\\\/product-groups\\\/%d0%b2%d0%b5%d0%b3%d0%b0%d0%bd\\\/vegan-capsules-en\\\/alpha-gpc-300mg-60caps\\\/\",\"name\":\"Alpha GPC 300mg (60caps) - Koliinalfostseraat - Parim Hind - Fit360\",\"isPartOf\":{\"@id\":\"https:\\\/\\\/fit360.ee\\\/en\\\/#website\"},\"primaryImageOfPage\":{\"@id\":\"https:\\\/\\\/fit360.ee\\\/en\\\/pood\\\/product-groups\\\/%d0%b2%d0%b5%d0%b3%d0%b0%d0%bd\\\/vegan-capsules-en\\\/alpha-gpc-300mg-60caps\\\/#primaryimage\"},\"image\":{\"@id\":\"https:\\\/\\\/fit360.ee\\\/en\\\/pood\\\/product-groups\\\/%d0%b2%d0%b5%d0%b3%d0%b0%d0%bd\\\/vegan-capsules-en\\\/alpha-gpc-300mg-60caps\\\/#primaryimage\"},\"thumbnailUrl\":\"https:\\\/\\\/fit360.ee\\\/wp-content\\\/uploads\\\/2025\\\/02\\\/evolite-alpha-gpc-fit360.ee_.png\",\"datePublished\":\"2025-02-08T10:23:49+00:00\",\"dateModified\":\"2026-04-09T14:57:13+00:00\",\"description\":\"Alpha GPC\u00a0on\u00a0alfa-gl\u00fctser\u00fc\u00fclfosfor\u00fc\u00fclkoliini\u00a0toidulisand, mida kasutatakse kognitiivse funktsiooni parandamiseks ja lihaste funktsioondie suurendamiseks.\",\"breadcrumb\":{\"@id\":\"https:\\\/\\\/fit360.ee\\\/en\\\/pood\\\/product-groups\\\/%d0%b2%d0%b5%d0%b3%d0%b0%d0%bd\\\/vegan-capsules-en\\\/alpha-gpc-300mg-60caps\\\/#breadcrumb\"},\"inLanguage\":\"en-US\",\"potentialAction\":[{\"@type\":\"ReadAction\",\"target\":[\"https:\\\/\\\/fit360.ee\\\/en\\\/pood\\\/product-groups\\\/%d0%b2%d0%b5%d0%b3%d0%b0%d0%bd\\\/vegan-capsules-en\\\/alpha-gpc-300mg-60caps\\\/\"]}]},{\"@type\":\"ImageObject\",\"inLanguage\":\"en-US\",\"@id\":\"https:\\\/\\\/fit360.ee\\\/en\\\/pood\\\/product-groups\\\/%d0%b2%d0%b5%d0%b3%d0%b0%d0%bd\\\/vegan-capsules-en\\\/alpha-gpc-300mg-60caps\\\/#primaryimage\",\"url\":\"https:\\\/\\\/fit360.ee\\\/wp-content\\\/uploads\\\/2025\\\/02\\\/evolite-alpha-gpc-fit360.ee_.png\",\"contentUrl\":\"https:\\\/\\\/fit360.ee\\\/wp-content\\\/uploads\\\/2025\\\/02\\\/evolite-alpha-gpc-fit360.ee_.png\",\"width\":800,\"height\":800,\"caption\":\"evolite alpha gpc - fit360.ee\"},{\"@type\":\"BreadcrumbList\",\"@id\":\"https:\\\/\\\/fit360.ee\\\/en\\\/pood\\\/product-groups\\\/%d0%b2%d0%b5%d0%b3%d0%b0%d0%bd\\\/vegan-capsules-en\\\/alpha-gpc-300mg-60caps\\\/#breadcrumb\",\"itemListElement\":[{\"@type\":\"ListItem\",\"position\":1,\"name\":\"Home\",\"item\":\"https:\\\/\\\/fit360.ee\\\/en\\\/\"},{\"@type\":\"ListItem\",\"position\":2,\"name\":\"Shop\",\"item\":\"https:\\\/\\\/fit360.ee\\\/en\\\/shop\\\/\"},{\"@type\":\"ListItem\",\"position\":3,\"name\":\"Alpha GPC 300mg (60caps)\"}]},{\"@type\":\"WebSite\",\"@id\":\"https:\\\/\\\/fit360.ee\\\/en\\\/#website\",\"url\":\"https:\\\/\\\/fit360.ee\\\/en\\\/\",\"name\":\"Fit360\",\"description\":\"\",\"publisher\":{\"@id\":\"https:\\\/\\\/fit360.ee\\\/en\\\/#organization\"},\"potentialAction\":[{\"@type\":\"SearchAction\",\"target\":{\"@type\":\"EntryPoint\",\"urlTemplate\":\"https:\\\/\\\/fit360.ee\\\/en\\\/?s={search_term_string}\"},\"query-input\":{\"@type\":\"PropertyValueSpecification\",\"valueRequired\":true,\"valueName\":\"search_term_string\"}}],\"inLanguage\":\"en-US\"},{\"@type\":\"Organization\",\"@id\":\"https:\\\/\\\/fit360.ee\\\/en\\\/#organization\",\"name\":\"Fit360\",\"url\":\"https:\\\/\\\/fit360.ee\\\/en\\\/\",\"logo\":{\"@type\":\"ImageObject\",\"inLanguage\":\"en-US\",\"@id\":\"https:\\\/\\\/fit360.ee\\\/en\\\/#\\\/schema\\\/logo\\\/image\\\/\",\"url\":\"https:\\\/\\\/fit360.ee\\\/wp-content\\\/uploads\\\/2017\\\/01\\\/logo-fit360.png\",\"contentUrl\":\"https:\\\/\\\/fit360.ee\\\/wp-content\\\/uploads\\\/2017\\\/01\\\/logo-fit360.png\",\"width\":180,\"height\":66,\"caption\":\"Fit360\"},\"image\":{\"@id\":\"https:\\\/\\\/fit360.ee\\\/en\\\/#\\\/schema\\\/logo\\\/image\\\/\"}}]}<\/script>\n<!-- \/ Yoast SEO plugin. -->","yoast_head_json":{"title":"Alpha GPC 300mg (60caps) - Koliinalfostseraat - Parim Hind - Fit360","description":"Alpha GPC\u00a0on\u00a0alfa-gl\u00fctser\u00fc\u00fclfosfor\u00fc\u00fclkoliini\u00a0toidulisand, mida kasutatakse kognitiivse funktsiooni parandamiseks ja lihaste funktsioondie suurendamiseks.","robots":{"index":"index","follow":"follow","max-snippet":"max-snippet:-1","max-image-preview":"max-image-preview:large","max-video-preview":"max-video-preview:-1"},"canonical":"https:\/\/fit360.ee\/en\/pood\/product-groups\/\u0432\u0435\u0433\u0430\u043d\/vegan-capsules-en\/alpha-gpc-300mg-60caps\/","og_locale":"en_US","og_type":"article","og_title":"Alpha GPC 300mg (60caps) - Koliinalfostseraat - Parim Hind - Fit360","og_description":"Alpha GPC\u00a0on\u00a0alfa-gl\u00fctser\u00fc\u00fclfosfor\u00fc\u00fclkoliini\u00a0toidulisand, mida kasutatakse kognitiivse funktsiooni parandamiseks ja lihaste funktsioondie suurendamiseks.","og_url":"https:\/\/fit360.ee\/en\/pood\/product-groups\/\u0432\u0435\u0433\u0430\u043d\/vegan-capsules-en\/alpha-gpc-300mg-60caps\/","og_site_name":"Fit360","article_modified_time":"2026-04-09T14:57:13+00:00","og_image":[{"width":800,"height":800,"url":"https:\/\/fit360.ee\/wp-content\/uploads\/2025\/02\/evolite-alpha-gpc-fit360.ee_.png","type":"image\/png"}],"twitter_card":"summary_large_image","twitter_misc":{"Est. reading time":"2 minutes"},"schema":{"@context":"https:\/\/schema.org","@graph":[{"@type":"WebPage","@id":"https:\/\/fit360.ee\/en\/pood\/product-groups\/%d0%b2%d0%b5%d0%b3%d0%b0%d0%bd\/vegan-capsules-en\/alpha-gpc-300mg-60caps\/","url":"https:\/\/fit360.ee\/en\/pood\/product-groups\/%d0%b2%d0%b5%d0%b3%d0%b0%d0%bd\/vegan-capsules-en\/alpha-gpc-300mg-60caps\/","name":"Alpha GPC 300mg (60caps) - Koliinalfostseraat - Parim Hind - Fit360","isPartOf":{"@id":"https:\/\/fit360.ee\/en\/#website"},"primaryImageOfPage":{"@id":"https:\/\/fit360.ee\/en\/pood\/product-groups\/%d0%b2%d0%b5%d0%b3%d0%b0%d0%bd\/vegan-capsules-en\/alpha-gpc-300mg-60caps\/#primaryimage"},"image":{"@id":"https:\/\/fit360.ee\/en\/pood\/product-groups\/%d0%b2%d0%b5%d0%b3%d0%b0%d0%bd\/vegan-capsules-en\/alpha-gpc-300mg-60caps\/#primaryimage"},"thumbnailUrl":"https:\/\/fit360.ee\/wp-content\/uploads\/2025\/02\/evolite-alpha-gpc-fit360.ee_.png","datePublished":"2025-02-08T10:23:49+00:00","dateModified":"2026-04-09T14:57:13+00:00","description":"Alpha GPC\u00a0on\u00a0alfa-gl\u00fctser\u00fc\u00fclfosfor\u00fc\u00fclkoliini\u00a0toidulisand, mida kasutatakse kognitiivse funktsiooni parandamiseks ja lihaste funktsioondie suurendamiseks.","breadcrumb":{"@id":"https:\/\/fit360.ee\/en\/pood\/product-groups\/%d0%b2%d0%b5%d0%b3%d0%b0%d0%bd\/vegan-capsules-en\/alpha-gpc-300mg-60caps\/#breadcrumb"},"inLanguage":"en-US","potentialAction":[{"@type":"ReadAction","target":["https:\/\/fit360.ee\/en\/pood\/product-groups\/%d0%b2%d0%b5%d0%b3%d0%b0%d0%bd\/vegan-capsules-en\/alpha-gpc-300mg-60caps\/"]}]},{"@type":"ImageObject","inLanguage":"en-US","@id":"https:\/\/fit360.ee\/en\/pood\/product-groups\/%d0%b2%d0%b5%d0%b3%d0%b0%d0%bd\/vegan-capsules-en\/alpha-gpc-300mg-60caps\/#primaryimage","url":"https:\/\/fit360.ee\/wp-content\/uploads\/2025\/02\/evolite-alpha-gpc-fit360.ee_.png","contentUrl":"https:\/\/fit360.ee\/wp-content\/uploads\/2025\/02\/evolite-alpha-gpc-fit360.ee_.png","width":800,"height":800,"caption":"evolite alpha gpc - fit360.ee"},{"@type":"BreadcrumbList","@id":"https:\/\/fit360.ee\/en\/pood\/product-groups\/%d0%b2%d0%b5%d0%b3%d0%b0%d0%bd\/vegan-capsules-en\/alpha-gpc-300mg-60caps\/#breadcrumb","itemListElement":[{"@type":"ListItem","position":1,"name":"Home","item":"https:\/\/fit360.ee\/en\/"},{"@type":"ListItem","position":2,"name":"Shop","item":"https:\/\/fit360.ee\/en\/shop\/"},{"@type":"ListItem","position":3,"name":"Alpha GPC 300mg (60caps)"}]},{"@type":"WebSite","@id":"https:\/\/fit360.ee\/en\/#website","url":"https:\/\/fit360.ee\/en\/","name":"Fit360","description":"","publisher":{"@id":"https:\/\/fit360.ee\/en\/#organization"},"potentialAction":[{"@type":"SearchAction","target":{"@type":"EntryPoint","urlTemplate":"https:\/\/fit360.ee\/en\/?s={search_term_string}"},"query-input":{"@type":"PropertyValueSpecification","valueRequired":true,"valueName":"search_term_string"}}],"inLanguage":"en-US"},{"@type":"Organization","@id":"https:\/\/fit360.ee\/en\/#organization","name":"Fit360","url":"https:\/\/fit360.ee\/en\/","logo":{"@type":"ImageObject","inLanguage":"en-US","@id":"https:\/\/fit360.ee\/en\/#\/schema\/logo\/image\/","url":"https:\/\/fit360.ee\/wp-content\/uploads\/2017\/01\/logo-fit360.png","contentUrl":"https:\/\/fit360.ee\/wp-content\/uploads\/2017\/01\/logo-fit360.png","width":180,"height":66,"caption":"Fit360"},"image":{"@id":"https:\/\/fit360.ee\/en\/#\/schema\/logo\/image\/"}}]}},"_links":{"self":[{"href":"https:\/\/fit360.ee\/en\/wp-json\/wp\/v2\/product\/86500","targetHints":{"allow":["GET"]}}],"collection":[{"href":"https:\/\/fit360.ee\/en\/wp-json\/wp\/v2\/product"}],"about":[{"href":"https:\/\/fit360.ee\/en\/wp-json\/wp\/v2\/types\/product"}],"replies":[{"embeddable":true,"href":"https:\/\/fit360.ee\/en\/wp-json\/wp\/v2\/comments?post=86500"}],"wp:featuredmedia":[{"embeddable":true,"href":"https:\/\/fit360.ee\/en\/wp-json\/wp\/v2\/media\/86502"}],"wp:attachment":[{"href":"https:\/\/fit360.ee\/en\/wp-json\/wp\/v2\/media?parent=86500"}],"wp:term":[{"taxonomy":"product_brand","embeddable":true,"href":"https:\/\/fit360.ee\/en\/wp-json\/wp\/v2\/product_brand?post=86500"},{"taxonomy":"product_cat","embeddable":true,"href":"https:\/\/fit360.ee\/en\/wp-json\/wp\/v2\/product_cat?post=86500"},{"taxonomy":"product_tag","embeddable":true,"href":"https:\/\/fit360.ee\/en\/wp-json\/wp\/v2\/product_tag?post=86500"},{"taxonomy":"giftcard-category","embeddable":true,"href":"https:\/\/fit360.ee\/en\/wp-json\/wp\/v2\/giftcard-category?post=86500"}],"curies":[{"name":"wp","href":"https:\/\/api.w.org\/{rel}","templated":true}]}}