{"id":86608,"date":"2025-02-10T16:53:53","date_gmt":"2025-02-10T14:53:53","guid":{"rendered":"https:\/\/fit360.ee\/pood\/uncategorized\/iconfit-mahe-maca-pulber-150g\/"},"modified":"2026-03-26T16:26:18","modified_gmt":"2026-03-26T14:26:18","slug":"iconfit-mahe-maca-pulber-150g","status":"publish","type":"product","link":"https:\/\/fit360.ee\/en\/pood\/product-groups\/superfoods-health-foods-en\/fiber-en\/iconfit-mahe-maca-pulber-150g\/","title":{"rendered":"ICONFIT Mahe Maca pulber (150g)"},"content":{"rendered":"<h2><strong>Mahe Maca pulber<\/strong><\/h2>\n<p>ICONFIT Mahe Maca pulber on 100% naturaalne Maca pulber.<\/p>\n<p style=\"font-weight: 400;\"><b><strong>Maca<\/strong><\/b>\u00a0on Peruu Andide m\u00e4gedest p\u00e4rit juurvili. Seda hinnatakse tema toitainerikkuse t\u00f5ttu, olles mitmete kiudainete ja valkude allikas, ning sisaldades v\u00e4ga v\u00e4he soola. Maca on ideaalne ka neile, kes j\u00e4rgivad toortoidudieeti. Peruu Jun\u00edni piirkonnas s\u00fc\u00fcakse macat mitmel kujul: v\u00e4rskena koos lihaga, kuumadel kividel k\u00fcpsetatuna, kuivatatuna ja piimaga keedetuna, hapendatuna traditsiooniliseks joogiks nimega &#8220;maca chica&#8221; v\u00f5i jahvatatuna jahuks, mida kasutatakse pagaritoodetes.<\/p>\n<p style=\"font-weight: 400;\">Macapulber on saadud taime kuivatatud juurtest, mida on tarbitud nii toiduna kui ka ravimina juba \u00fcle kahe aastatuhande. See vastupidav taim kasvab \u00fcle 3500 meetri k\u00f5rgusel, kivisel ja viljatul pinnasel ning talub kuni -10 \u00b0C. See on ainus s\u00f6\u00f6dav taim, mis suudab sellistes ekstreemsetes tingimustes ellu j\u00e4\u00e4da. Andide kohalike elanike jaoks on maca p\u00f5hiline energiaallikas.<\/p>\n<p style=\"font-weight: 400;\">Maca (Peruu kress,\u00a0<i><em>Lepidium meyenii<\/em><\/i>) juur on tuntud energia suurendaja, vastupidavuse t\u00f5stja ja ning tugeva afrodisiaakumina.<\/p>\n<p style=\"font-weight: 400;\">Maca on ka\u00a0<b><strong>t\u00e4ielik\u00a0<\/strong><\/b>allikas\u00a0<b><strong><a href=\"https:\/\/fit360.ee\/en\/product-category\/product-groups\/protein-poweders-en\/\">valgu<\/a>, <a href=\"https:\/\/fit360.ee\/en\/product-category\/product-groups\/superfoods-health-foods-en\/fiber-en\/\">kiudainete<\/a> ja tervisliku\u00a0<\/strong><\/b><a href=\"https:\/\/fit360.ee\/en\/product-category\/product-groups\/energy-carbohydrates\/\"><b><strong>s\u00fcsivesikuid<\/strong><\/b><\/a>\u00a0p\u00fcsiva energia saamiseks. Lisaks on see t\u00e4is\u00a0<b><strong><a href=\"https:\/\/fit360.ee\/en\/product-category\/antioxidants-en\/\">antioks\u00fcdante<\/a>, pol\u00fcfenoole ja gl\u00fckosinolaate.<\/strong><\/b>\u00a0mis toetavad \u00fcldist tervist.<\/p>\n<p><strong>Mahe Maca pulber on toitaineterikas supertoit, mis pakub tasakaalustatud segu vitamiinidest, mineraalidest ja taimsetest \u00fchenditest. T\u00e4nu oma unikaalsele toitainete kombinatsioonile soodustab maca energiat, hormonaalset tasakaalu ja immuuns\u00fcsteemi tugevust, mist\u00f5ttu on see suurep\u00e4rane ja universaalne toidulisand igasse men\u00fc\u00fcsse.<\/strong><\/p>\n<ul>\n<li>Maca on valguallikas ja k\u00f5rge kiudainesisaldusega.<\/li>\n<li>See on v\u00f5imas adaptogeen, mis toetab f\u00fc\u00fcsilist ja vaimset v\u00f5imekust.<\/li>\n<li>M\u00f5jutab soodsalt viljakust. Aitab t\u00f5sta libiidot, on looduslik afrodisiaakum.<\/li>\n<li>Lisage 1 teelusikat\u00e4is (3,5 g) pulbrit p\u00e4evas mahlale, piimale, m\u00fcslile, jogurtile v\u00f5i smuutile.<\/li>\n<\/ul>\n<p style=\"font-weight: 400;\"><b><strong><br \/>\nKasutamine: <\/strong><\/b>Lisa 1 teelusikat\u00e4is (3,5 g) pulbrit mahlale, piimale, m\u00fcslile, jogurtile v\u00f5i smuutile.<\/p>\n<p><b><strong>HOIATUS:\u00a0<\/strong><\/b>Mitte kasutada lastel, rasedatel ja imetavatel naistel.<b><\/b><\/p>\n<p>Hoiustamine:\u00a0Hoida toatemperatuuril, kaitstuna niiskuse ja otsese p\u00e4ikesevalguse eest. Netokaal 150 g.<br \/>\n<b><strong><br \/>\nKoostisosad <\/strong><\/b>100% mahe Maca ehk mugulkressi (<em>Lepidium meyenii Walp<\/em>) juure pulber.<\/p>\n<p>Vaata ka meie teisi Supertoite <a href=\"https:\/\/fit360.ee\/en\/product-category\/product-groups\/superfoods-health-foods-en\/\"><strong>SIIT<\/strong><\/a> v\u00f5i Kiudaineid <a href=\"https:\/\/fit360.ee\/en\/product-category\/product-groups\/superfoods-health-foods-en\/fiber-en\/\"><strong>SIIT<\/strong><\/a>!<\/p>\n<p>Soovid kaupa osta suuremas koguses? Vaata antud toodet ka meie HULGI poest\u00a0<a href=\"https:\/\/toidulisandidhulgi.ee\/tooted\/iconfit-mahe-maca-pulber-150g\/\"><strong>SIIT<\/strong><\/a>!<\/p>\n","protected":false},"excerpt":{"rendered":"<ul>\n<li>Maca on valguallikas ja k\u00f5rge kiudainesisaldusega.<\/li>\n<li>See on v\u00f5imas adaptogeen, mis toetab f\u00fc\u00fcsilist ja vaimset v\u00f5imekust.<\/li>\n<li>M\u00f5jutab soodsalt viljakust. Aitab t\u00f5sta libiidot, on looduslik afrodisiaakum.<\/li>\n<li>Lisage 1 teelusikat\u00e4is (3,5 g) pulbrit p\u00e4evas mahlale, piimale, m\u00fcslile, jogurtile v\u00f5i smuutile.<\/li>\n<\/ul>\n","protected":false},"featured_media":86607,"comment_status":"open","ping_status":"closed","template":"","meta":[],"product_brand":[],"product_cat":[5311,522,2351,1318,1873,1454,532,536,1201],"product_tag":[1681,2057,2137,5586],"giftcard-category":[],"class_list":{"0":"post-86608","1":"product","2":"type-product","3":"status-publish","4":"has-post-thumbnail","6":"product_cat-antioxidants-en","7":"product_cat-energy-carbohydrates","8":"product_cat-fiber-en","9":"product_cat-iconfit-en","10":"product_cat-superfood-blends-en","11":"product_cat-superfoods-health-foods-en","12":"product_cat-testosterone-boosters-en","13":"product_cat-vitamins-and-minerals-en","14":"product_cat-1201","15":"product_tag-iconfit-en","16":"product_tag-maca-en","17":"product_tag-maca-pulber-en","18":"product_tag-mahe-maca-pulber-en","19":"pa_kogus-150g-en","20":"pa_toidulisand-branddd-iconfit","21":"pa_tootegruppp-antioksudandid-en","22":"pa_tootegruppp-energycarbs","23":"pa_tootegruppp-kiudained-en","24":"pa_tootegruppp-supertoidusegud-smuutidele-en","25":"pa_tootegruppp-supertoit-tervisetoit-en","26":"pa_tootegruppp-testosterone-enhancers","27":"pa_tootegruppp-vegan-en","28":"pa_tootegruppp-vitamins-and-minerals","30":"first","31":"instock","32":"sale","33":"taxable","34":"shipping-taxable","35":"purchasable","36":"product-type-simple"},"yoast_head":"<!-- This site is optimized with the Yoast SEO plugin v27.3 - https:\/\/yoast.com\/product\/yoast-seo-wordpress\/ -->\n<title>ICONFIT Mahe Maca pulber (150g) - Kiire Tarne - Parim Hind - Fit360<\/title>\n<meta name=\"description\" content=\"Mahe Maca pulber on toitaineterikas supertoit, mis pakub tasakaalustatud segu vitamiinidest, mineraalidest ja taimsetest \u00fchenditest. T\u00e4nu oma...\" \/>\n<meta name=\"robots\" content=\"index, follow, max-snippet:-1, max-image-preview:large, max-video-preview:-1\" \/>\n<link rel=\"canonical\" href=\"https:\/\/fit360.ee\/en\/pood\/product-groups\/superfoods-health-foods-en\/fiber-en\/iconfit-mahe-maca-pulber-150g\/\" \/>\n<meta property=\"og:locale\" content=\"en_US\" \/>\n<meta property=\"og:type\" content=\"article\" \/>\n<meta property=\"og:title\" content=\"ICONFIT Mahe Maca pulber (150g) - Kiire Tarne - Parim Hind - Fit360\" \/>\n<meta property=\"og:description\" content=\"Mahe Maca pulber on toitaineterikas supertoit, mis pakub tasakaalustatud segu vitamiinidest, mineraalidest ja taimsetest \u00fchenditest. T\u00e4nu oma...\" \/>\n<meta property=\"og:url\" content=\"https:\/\/fit360.ee\/en\/pood\/product-groups\/superfoods-health-foods-en\/fiber-en\/iconfit-mahe-maca-pulber-150g\/\" \/>\n<meta property=\"og:site_name\" content=\"Fit360\" \/>\n<meta property=\"article:modified_time\" content=\"2026-03-26T14:26:18+00:00\" \/>\n<meta property=\"og:image\" content=\"https:\/\/fit360.ee\/wp-content\/uploads\/2025\/02\/mahe-maca-pulber-fit360.ee_.jpg\" \/>\n\t<meta property=\"og:image:width\" content=\"695\" \/>\n\t<meta property=\"og:image:height\" content=\"695\" \/>\n\t<meta property=\"og:image:type\" content=\"image\/jpeg\" \/>\n<meta name=\"twitter:card\" content=\"summary_large_image\" \/>\n<meta name=\"twitter:label1\" content=\"Est. reading time\" \/>\n\t<meta name=\"twitter:data1\" content=\"2 minutes\" \/>\n<script type=\"application\/ld+json\" class=\"yoast-schema-graph\">{\"@context\":\"https:\\\/\\\/schema.org\",\"@graph\":[{\"@type\":\"WebPage\",\"@id\":\"https:\\\/\\\/fit360.ee\\\/en\\\/pood\\\/product-groups\\\/superfoods-health-foods-en\\\/fiber-en\\\/iconfit-mahe-maca-pulber-150g\\\/\",\"url\":\"https:\\\/\\\/fit360.ee\\\/en\\\/pood\\\/product-groups\\\/superfoods-health-foods-en\\\/fiber-en\\\/iconfit-mahe-maca-pulber-150g\\\/\",\"name\":\"ICONFIT Mahe Maca pulber (150g) - Kiire Tarne - Parim Hind - Fit360\",\"isPartOf\":{\"@id\":\"https:\\\/\\\/fit360.ee\\\/en\\\/#website\"},\"primaryImageOfPage\":{\"@id\":\"https:\\\/\\\/fit360.ee\\\/en\\\/pood\\\/product-groups\\\/superfoods-health-foods-en\\\/fiber-en\\\/iconfit-mahe-maca-pulber-150g\\\/#primaryimage\"},\"image\":{\"@id\":\"https:\\\/\\\/fit360.ee\\\/en\\\/pood\\\/product-groups\\\/superfoods-health-foods-en\\\/fiber-en\\\/iconfit-mahe-maca-pulber-150g\\\/#primaryimage\"},\"thumbnailUrl\":\"https:\\\/\\\/fit360.ee\\\/wp-content\\\/uploads\\\/2025\\\/02\\\/mahe-maca-pulber-fit360.ee_.jpg\",\"datePublished\":\"2025-02-10T14:53:53+00:00\",\"dateModified\":\"2026-03-26T14:26:18+00:00\",\"description\":\"Mahe Maca pulber on toitaineterikas supertoit, mis pakub tasakaalustatud segu vitamiinidest, mineraalidest ja taimsetest \u00fchenditest. T\u00e4nu oma...\",\"breadcrumb\":{\"@id\":\"https:\\\/\\\/fit360.ee\\\/en\\\/pood\\\/product-groups\\\/superfoods-health-foods-en\\\/fiber-en\\\/iconfit-mahe-maca-pulber-150g\\\/#breadcrumb\"},\"inLanguage\":\"en-US\",\"potentialAction\":[{\"@type\":\"ReadAction\",\"target\":[\"https:\\\/\\\/fit360.ee\\\/en\\\/pood\\\/product-groups\\\/superfoods-health-foods-en\\\/fiber-en\\\/iconfit-mahe-maca-pulber-150g\\\/\"]}]},{\"@type\":\"ImageObject\",\"inLanguage\":\"en-US\",\"@id\":\"https:\\\/\\\/fit360.ee\\\/en\\\/pood\\\/product-groups\\\/superfoods-health-foods-en\\\/fiber-en\\\/iconfit-mahe-maca-pulber-150g\\\/#primaryimage\",\"url\":\"https:\\\/\\\/fit360.ee\\\/wp-content\\\/uploads\\\/2025\\\/02\\\/mahe-maca-pulber-fit360.ee_.jpg\",\"contentUrl\":\"https:\\\/\\\/fit360.ee\\\/wp-content\\\/uploads\\\/2025\\\/02\\\/mahe-maca-pulber-fit360.ee_.jpg\",\"width\":695,\"height\":695,\"caption\":\"mahe maca pulber - fit360.ee\"},{\"@type\":\"BreadcrumbList\",\"@id\":\"https:\\\/\\\/fit360.ee\\\/en\\\/pood\\\/product-groups\\\/superfoods-health-foods-en\\\/fiber-en\\\/iconfit-mahe-maca-pulber-150g\\\/#breadcrumb\",\"itemListElement\":[{\"@type\":\"ListItem\",\"position\":1,\"name\":\"Home\",\"item\":\"https:\\\/\\\/fit360.ee\\\/en\\\/\"},{\"@type\":\"ListItem\",\"position\":2,\"name\":\"Shop\",\"item\":\"https:\\\/\\\/fit360.ee\\\/en\\\/shop\\\/\"},{\"@type\":\"ListItem\",\"position\":3,\"name\":\"ICONFIT Mahe Maca pulber (150g)\"}]},{\"@type\":\"WebSite\",\"@id\":\"https:\\\/\\\/fit360.ee\\\/en\\\/#website\",\"url\":\"https:\\\/\\\/fit360.ee\\\/en\\\/\",\"name\":\"Fit360\",\"description\":\"\",\"publisher\":{\"@id\":\"https:\\\/\\\/fit360.ee\\\/en\\\/#organization\"},\"potentialAction\":[{\"@type\":\"SearchAction\",\"target\":{\"@type\":\"EntryPoint\",\"urlTemplate\":\"https:\\\/\\\/fit360.ee\\\/en\\\/?s={search_term_string}\"},\"query-input\":{\"@type\":\"PropertyValueSpecification\",\"valueRequired\":true,\"valueName\":\"search_term_string\"}}],\"inLanguage\":\"en-US\"},{\"@type\":\"Organization\",\"@id\":\"https:\\\/\\\/fit360.ee\\\/en\\\/#organization\",\"name\":\"Fit360\",\"url\":\"https:\\\/\\\/fit360.ee\\\/en\\\/\",\"logo\":{\"@type\":\"ImageObject\",\"inLanguage\":\"en-US\",\"@id\":\"https:\\\/\\\/fit360.ee\\\/en\\\/#\\\/schema\\\/logo\\\/image\\\/\",\"url\":\"https:\\\/\\\/fit360.ee\\\/wp-content\\\/uploads\\\/2017\\\/01\\\/logo-fit360.png\",\"contentUrl\":\"https:\\\/\\\/fit360.ee\\\/wp-content\\\/uploads\\\/2017\\\/01\\\/logo-fit360.png\",\"width\":180,\"height\":66,\"caption\":\"Fit360\"},\"image\":{\"@id\":\"https:\\\/\\\/fit360.ee\\\/en\\\/#\\\/schema\\\/logo\\\/image\\\/\"}}]}<\/script>\n<!-- \/ Yoast SEO plugin. -->","yoast_head_json":{"title":"ICONFIT Mahe Maca pulber (150g) - Kiire Tarne - Parim Hind - Fit360","description":"Mahe Maca pulber on toitaineterikas supertoit, mis pakub tasakaalustatud segu vitamiinidest, mineraalidest ja taimsetest \u00fchenditest. T\u00e4nu oma...","robots":{"index":"index","follow":"follow","max-snippet":"max-snippet:-1","max-image-preview":"max-image-preview:large","max-video-preview":"max-video-preview:-1"},"canonical":"https:\/\/fit360.ee\/en\/pood\/product-groups\/superfoods-health-foods-en\/fiber-en\/iconfit-mahe-maca-pulber-150g\/","og_locale":"en_US","og_type":"article","og_title":"ICONFIT Mahe Maca pulber (150g) - Kiire Tarne - Parim Hind - Fit360","og_description":"Mahe Maca pulber on toitaineterikas supertoit, mis pakub tasakaalustatud segu vitamiinidest, mineraalidest ja taimsetest \u00fchenditest. T\u00e4nu oma...","og_url":"https:\/\/fit360.ee\/en\/pood\/product-groups\/superfoods-health-foods-en\/fiber-en\/iconfit-mahe-maca-pulber-150g\/","og_site_name":"Fit360","article_modified_time":"2026-03-26T14:26:18+00:00","og_image":[{"width":695,"height":695,"url":"https:\/\/fit360.ee\/wp-content\/uploads\/2025\/02\/mahe-maca-pulber-fit360.ee_.jpg","type":"image\/jpeg"}],"twitter_card":"summary_large_image","twitter_misc":{"Est. reading time":"2 minutes"},"schema":{"@context":"https:\/\/schema.org","@graph":[{"@type":"WebPage","@id":"https:\/\/fit360.ee\/en\/pood\/product-groups\/superfoods-health-foods-en\/fiber-en\/iconfit-mahe-maca-pulber-150g\/","url":"https:\/\/fit360.ee\/en\/pood\/product-groups\/superfoods-health-foods-en\/fiber-en\/iconfit-mahe-maca-pulber-150g\/","name":"ICONFIT Mahe Maca pulber (150g) - Kiire Tarne - Parim Hind - Fit360","isPartOf":{"@id":"https:\/\/fit360.ee\/en\/#website"},"primaryImageOfPage":{"@id":"https:\/\/fit360.ee\/en\/pood\/product-groups\/superfoods-health-foods-en\/fiber-en\/iconfit-mahe-maca-pulber-150g\/#primaryimage"},"image":{"@id":"https:\/\/fit360.ee\/en\/pood\/product-groups\/superfoods-health-foods-en\/fiber-en\/iconfit-mahe-maca-pulber-150g\/#primaryimage"},"thumbnailUrl":"https:\/\/fit360.ee\/wp-content\/uploads\/2025\/02\/mahe-maca-pulber-fit360.ee_.jpg","datePublished":"2025-02-10T14:53:53+00:00","dateModified":"2026-03-26T14:26:18+00:00","description":"Mahe Maca pulber on toitaineterikas supertoit, mis pakub tasakaalustatud segu vitamiinidest, mineraalidest ja taimsetest \u00fchenditest. T\u00e4nu oma...","breadcrumb":{"@id":"https:\/\/fit360.ee\/en\/pood\/product-groups\/superfoods-health-foods-en\/fiber-en\/iconfit-mahe-maca-pulber-150g\/#breadcrumb"},"inLanguage":"en-US","potentialAction":[{"@type":"ReadAction","target":["https:\/\/fit360.ee\/en\/pood\/product-groups\/superfoods-health-foods-en\/fiber-en\/iconfit-mahe-maca-pulber-150g\/"]}]},{"@type":"ImageObject","inLanguage":"en-US","@id":"https:\/\/fit360.ee\/en\/pood\/product-groups\/superfoods-health-foods-en\/fiber-en\/iconfit-mahe-maca-pulber-150g\/#primaryimage","url":"https:\/\/fit360.ee\/wp-content\/uploads\/2025\/02\/mahe-maca-pulber-fit360.ee_.jpg","contentUrl":"https:\/\/fit360.ee\/wp-content\/uploads\/2025\/02\/mahe-maca-pulber-fit360.ee_.jpg","width":695,"height":695,"caption":"mahe maca pulber - fit360.ee"},{"@type":"BreadcrumbList","@id":"https:\/\/fit360.ee\/en\/pood\/product-groups\/superfoods-health-foods-en\/fiber-en\/iconfit-mahe-maca-pulber-150g\/#breadcrumb","itemListElement":[{"@type":"ListItem","position":1,"name":"Home","item":"https:\/\/fit360.ee\/en\/"},{"@type":"ListItem","position":2,"name":"Shop","item":"https:\/\/fit360.ee\/en\/shop\/"},{"@type":"ListItem","position":3,"name":"ICONFIT Mahe Maca pulber (150g)"}]},{"@type":"WebSite","@id":"https:\/\/fit360.ee\/en\/#website","url":"https:\/\/fit360.ee\/en\/","name":"Fit360","description":"","publisher":{"@id":"https:\/\/fit360.ee\/en\/#organization"},"potentialAction":[{"@type":"SearchAction","target":{"@type":"EntryPoint","urlTemplate":"https:\/\/fit360.ee\/en\/?s={search_term_string}"},"query-input":{"@type":"PropertyValueSpecification","valueRequired":true,"valueName":"search_term_string"}}],"inLanguage":"en-US"},{"@type":"Organization","@id":"https:\/\/fit360.ee\/en\/#organization","name":"Fit360","url":"https:\/\/fit360.ee\/en\/","logo":{"@type":"ImageObject","inLanguage":"en-US","@id":"https:\/\/fit360.ee\/en\/#\/schema\/logo\/image\/","url":"https:\/\/fit360.ee\/wp-content\/uploads\/2017\/01\/logo-fit360.png","contentUrl":"https:\/\/fit360.ee\/wp-content\/uploads\/2017\/01\/logo-fit360.png","width":180,"height":66,"caption":"Fit360"},"image":{"@id":"https:\/\/fit360.ee\/en\/#\/schema\/logo\/image\/"}}]}},"_links":{"self":[{"href":"https:\/\/fit360.ee\/en\/wp-json\/wp\/v2\/product\/86608","targetHints":{"allow":["GET"]}}],"collection":[{"href":"https:\/\/fit360.ee\/en\/wp-json\/wp\/v2\/product"}],"about":[{"href":"https:\/\/fit360.ee\/en\/wp-json\/wp\/v2\/types\/product"}],"replies":[{"embeddable":true,"href":"https:\/\/fit360.ee\/en\/wp-json\/wp\/v2\/comments?post=86608"}],"wp:featuredmedia":[{"embeddable":true,"href":"https:\/\/fit360.ee\/en\/wp-json\/wp\/v2\/media\/86607"}],"wp:attachment":[{"href":"https:\/\/fit360.ee\/en\/wp-json\/wp\/v2\/media?parent=86608"}],"wp:term":[{"taxonomy":"product_brand","embeddable":true,"href":"https:\/\/fit360.ee\/en\/wp-json\/wp\/v2\/product_brand?post=86608"},{"taxonomy":"product_cat","embeddable":true,"href":"https:\/\/fit360.ee\/en\/wp-json\/wp\/v2\/product_cat?post=86608"},{"taxonomy":"product_tag","embeddable":true,"href":"https:\/\/fit360.ee\/en\/wp-json\/wp\/v2\/product_tag?post=86608"},{"taxonomy":"giftcard-category","embeddable":true,"href":"https:\/\/fit360.ee\/en\/wp-json\/wp\/v2\/giftcard-category?post=86608"}],"curies":[{"name":"wp","href":"https:\/\/api.w.org\/{rel}","templated":true}]}}