{"id":86613,"date":"2025-02-10T17:08:53","date_gmt":"2025-02-10T15:08:53","guid":{"rendered":"https:\/\/fit360.ee\/pood\/uncategorized\/iconfit-chia-seemned-150g\/"},"modified":"2026-04-10T14:56:36","modified_gmt":"2026-04-10T12:56:36","slug":"iconfit-chia-seemned-150g","status":"publish","type":"product","link":"https:\/\/fit360.ee\/en\/pood\/product-groups\/superfoods-health-foods-en\/fiber-en\/iconfit-chia-seemned-150g\/","title":{"rendered":"ICONFIT Chia seemned (150g)"},"content":{"rendered":"<h2><strong>Chia seemned<\/strong><\/h2>\n<p>Iconfit Chia seemned on t\u00e4is kiudaineid, mis aitavad vajadusel kaalu langetada, nad hoiavad k\u00f5hu t\u00e4is ning aitavad kaasa seedimisele.<\/p>\n<p>Chia seemne \u00fcks erakordne omadus on veel v\u00f5ime siduda vett, seda isegi kuni 12 korda seemne kaalust moodustavad kallerdiselaadse olluse. See v\u00f5ime kindlustab pikemaajalise varustatuse vedelikega.<\/p>\n<p>Seega kui te lisate chia seemneid vedelikule, siis nad koheselt imavad endasse vedelikku ning hakkavad paisuma. See t\u00e4hendab seda, et chia seemnetel on lahustuv kiud, mis aga on suurep\u00e4rane, sest lahustuv kiud haarab endaga kehast kaasa \u00fcleliigse kolesterooli ning viib selle v\u00e4lja. Kuna kolesteroolitase organismis langeb, siis sellega seoses v\u00e4heneb nii s\u00fcdamehaiguste kui ka insulti haigestumiste oht.<\/p>\n<p>V\u00e4hendab veresuhkru k\u00f5ikumist ja toetab h\u00fcpokl\u00fckeemia ja diabeedi seisundeid. Chia lahustuv kiudaine avaldab stabiliseerivat m\u00f5ju veresuhkru tasemele, reguleerides keerukate s\u00fcsivesikute seedumist ja kehapoolset omastamist. See loob p\u00fcsiva, stabiilse veresuhkru taseme mis t\u00e4hendab samuti p\u00fcsivat, k\u00f5rget energiataset.<\/p>\n<p>Omega 3 rasvhapped on asendamatud rasvhapped, mis v\u00e4hendavad s\u00fcdamehaiguste riski ning trigl\u00fctseriide veres ning suurendavad ajupotentsiaali. Omega 3 rasvhapped on olulised seet\u00f5ttu, et meie keha vajab neid korralikult toimimiseks ning me ise ei suuda neid looduslikult toota. Paljud erinevad toidud pakuvad meile Omega 3 rasvhappeid, n\u00e4iteks l\u00f5he, samas chia seemnetes on Omega 3 rasvhappeid rohkem kui l\u00f5hes.<\/p>\n<p>Kaks lusikat\u00e4it Iconfit Chia seemneid sisaldavad Omega-3 rasvhappeid sama palju kui pool kilo rasvast kala.<\/p>\n<p><a href=\"https:\/\/fit360.ee\/en\/product-category\/product-groups\/essential-fats-en\/omega-3-en\/\"><strong>Omega 3 rasvhapete<\/strong><\/a>\u00a0puudus organismis on seotud depressiooni ning meeleolu k\u00f5ikumistega \u2026 seega kui tunnete end madalseisus, s\u00f6\u00f6ge chia seemneid ja teie enesetunne peaks m\u00f5ne aja m\u00f6\u00f6dudes paranema.<\/p>\n<p>Chia seemnetes on 64 % omega-3 ja 19% omega-6 rasvhappeid. V\u00f5rdluseks, linaseemnetes on need arvud vastavalt 58 % ja 15 %. Kahtlemata on nii chia- kui ka linaseemned suurep\u00e4rasd omega-3 allikad.<\/p>\n<p>Lisaks on Omega 3 rasvhapped kasulikud inimestele, kellel on artriit, kuna neil on ka p\u00f5letikuvastane toime.<\/p>\n<p>Chia tasakaalustatud p\u00f5hilised rasvad (Omega-3 and Omega-6) v\u00f5ivad m\u00e4rkimisv\u00e4\u00e4rselt aju v\u00f5imet t\u00f5sta ja parandada tuju (p\u00f5hilised rasvad on tuntud nende antidepressiivse toime t\u00f5ttu). P\u00f5hilised rasvad muudavad raku membraanid palju painduvamaks ja v\u00f5imaldavad palju efektiivsemat membraani toimet, kaasa arvatud paremat n\u00e4rviimpulsside \u00fclekannet ja rakkudesse toitainete transportimist. Terve n\u00e4rvis\u00fcsteem toetab palju t\u00f5husamat aju toimimist.<\/p>\n<p>Tegelikult on chias olevad p\u00f5hilised rasvad h\u00e4sti tuntud ajutegevuse parandamisele kaasaaitamise poolest.<\/p>\n<p>Chias on k\u00f5rgem mineraalainete sisaldus kui linaseemnetes \u2013 nad sisaldavad 631 milligrammi kaltsiumi ja 466 mg magneesiumi 100 grammi seemnete kohta (linaseemnetes on vastavalt 199 mg kaltsiumi ja 362 mg magneesiumi).<\/p>\n<p>Kui s\u00fc\u00fca p\u00e4evas \u00fcks supilusikat\u00e4is Chia seemneid, saab sellest 100 mg kaltsiumi ja 70 mg magneesiumi, mis on \u00fcsna arvestatav kogus.<\/p>\n<p>Nii chia- kui ka linaseemnetes on palju kiudaineid ning k\u00f5rge valgusisaldus. ICONFIT Chia seemned sisaldavad 20 % valke, mis on paljude teraviljadega v\u00f5rreldes palju k\u00f5rgem protsent. N\u00e4iteks riisis on ainult 7 % valke, kaerahelvestes aga 17 %.<\/p>\n<h4><strong>Chia seemnete omadused<\/strong><\/h4>\n<p>Erinevalt t\u00fc\u00fcpilistest teraviljavalkudest, ei sisalda chia valk gluteeni. Seep\u00e4rast on Chia ideaalseks toiduks neile, kel on \u00fclitundlikkus gluteeni suhtes, s\u00fcsivesikute talumatus, hypogl\u00fckeemia, ts\u00f6liaakia, Krohn\u2019i haigus, v\u00f5i neile, kes tahavad v\u00e4ltida tavalisi gluteeni sisaldavaid teravilju,nagu mais, oder ja nisu. (Veelgi enam, lihtsad s\u00fcsivesikud\u2014kaasa arvatud k\u00f5rge gluteenisisaldusega toidud\u2014seonduvad lihavuse ja k\u00f5rge veresuhkru ebastabiilsusega ja annavad \u00fcldiselt kehvapoolset toitainete tihedust). Chia on gluteenivaba, toitaineterikas alternatiiv teraviljavalkudele!<\/p>\n<p>Nad on ka ideaalne kiudainete, antioks\u00fcdantide, valgu, vitamiinide ja mineraalide allikas. N\u00e4iteks sisaldavad nad 100g kohta rohkem ja kergemini omastatavat kaltsiumi kui piim, neis on kolm korda rohkem rauda kui spinatis ja 15 korda rohkem magneesiumi kui brokkolis.<\/p>\n<p><strong>Koostisosad:<\/strong> \u00d5lisalvei seemned (<i>Salvia Hispanica L.<\/i>).<\/p>\n<p><strong>Kasutamine: <\/strong>Lisa putrudele, magustoitudele, smuutidele v\u00f5i jogurtitele. Soovitatav on seemneid enne kasutamist leotada, kuna need paisuvad oluliselt.<\/p>\n<p><strong>HOIUSTAMINE:\u00a0<\/strong>Hoida toatemperatuuril, kaitstuna niiskuse ja otsese p\u00e4ikesevalguse eest.<\/p>\n<p><strong>Suurus<\/strong>: 150g<\/p>\n<p>Vaata ka meie teisi Chia seemneid <a href=\"https:\/\/fit360.ee\/en\/product-category\/product-groups\/superfoods-health-foods-en\/chia-seeds-chia-products-en\/\"><strong>SIIT<\/strong><\/a> v\u00f5i Supertoite <a href=\"https:\/\/fit360.ee\/en\/product-category\/product-groups\/superfoods-health-foods-en\/\"><strong>SIIT<\/strong><\/a>!<\/p>\n<p>Soovid kaupa osta suuremas koguses? Vaata antud toodet ka meie HULGI poest\u00a0<a href=\"https:\/\/toidulisandidhulgi.ee\/tooted\/iconfit-chia-seemned-150g\/\"><strong>SIIT<\/strong><\/a>!<\/p>\n","protected":false},"excerpt":{"rendered":"<ul>\n<li>Kvaliteetsed chia seemned parima hinnaga.<\/li>\n<li>Looduslik supertoit, mis sisaldab palju tervislikke aineid.<\/li>\n<li>Suurep\u00e4rane kiudainete, valkude, v\u00e4\u00e4rtuslike rasvhapete ning paljude oluliste vitamiinide ja mineraalainete allikas.<\/li>\n<li>Sobib kasutamiseks vegan- ja taimetoitlastele m\u00f5eldud roogades.<\/li>\n<\/ul>\n","protected":false},"featured_media":86612,"comment_status":"open","ping_status":"closed","template":"","meta":[],"product_brand":[],"product_cat":[5311,2379,525,2351,1318,535,1873,1454,536,1201],"product_tag":[4930,4931,1681,5588],"giftcard-category":[],"class_list":{"0":"post-86613","1":"product","2":"type-product","3":"status-publish","4":"has-post-thumbnail","6":"product_cat-antioxidants-en","7":"product_cat-chia-seeds-chia-products-en","8":"product_cat-essential-fats-en","9":"product_cat-fiber-en","10":"product_cat-iconfit-en","11":"product_cat-protein-poweders-en","12":"product_cat-superfood-blends-en","13":"product_cat-superfoods-health-foods-en","14":"product_cat-vitamins-and-minerals-en","15":"product_cat-1201","16":"product_tag-chia-en","17":"product_tag-chia-seemned-en","18":"product_tag-iconfit-en","19":"product_tag-iconfit-chia-seemned-en","20":"pa_kogus-150g-en","21":"pa_toidulisand-branddd-iconfit","22":"pa_tootegruppp-antioksudandid-en","23":"pa_tootegruppp-chia-seemned-chia-tooted-en","24":"pa_tootegruppp-kiudained-en","25":"pa_tootegruppp-protein","26":"pa_tootegruppp-supertoidusegud-smuutidele-en","27":"pa_tootegruppp-supertoit-tervisetoit-en","28":"pa_tootegruppp-useful-fatty-acids","29":"pa_tootegruppp-vegan-en","30":"pa_tootegruppp-vitamins-and-minerals","32":"first","33":"instock","34":"sale","35":"taxable","36":"shipping-taxable","37":"purchasable","38":"product-type-simple"},"yoast_head":"<!-- This site is optimized with the Yoast SEO plugin v27.3 - https:\/\/yoast.com\/product\/yoast-seo-wordpress\/ -->\n<title>ICONFIT Chia seemned (150g) - Parim Hind - Kiire Tarne - 100% puhas - Fit360<\/title>\n<meta name=\"description\" content=\"Iconfit Chia seemned on t\u00e4is kiudaineid, vitamiine, mineraalne, oomega rasvhappeid, antioks\u00fcdante ning lisaks on sellel veel palju muid kasulikke tegu..\" \/>\n<meta name=\"robots\" content=\"index, follow, max-snippet:-1, max-image-preview:large, max-video-preview:-1\" \/>\n<link rel=\"canonical\" href=\"https:\/\/fit360.ee\/en\/pood\/product-groups\/superfoods-health-foods-en\/fiber-en\/iconfit-chia-seemned-150g\/\" \/>\n<meta property=\"og:locale\" content=\"en_US\" \/>\n<meta property=\"og:type\" content=\"article\" \/>\n<meta property=\"og:title\" content=\"ICONFIT Chia seemned (150g) - Parim Hind - Kiire Tarne - 100% puhas - Fit360\" \/>\n<meta property=\"og:description\" content=\"Iconfit Chia seemned on t\u00e4is kiudaineid, vitamiine, mineraalne, oomega rasvhappeid, antioks\u00fcdante ning lisaks on sellel veel palju muid kasulikke tegu..\" \/>\n<meta property=\"og:url\" content=\"https:\/\/fit360.ee\/en\/pood\/product-groups\/superfoods-health-foods-en\/fiber-en\/iconfit-chia-seemned-150g\/\" \/>\n<meta property=\"og:site_name\" content=\"Fit360\" \/>\n<meta property=\"article:modified_time\" content=\"2026-04-10T12:56:36+00:00\" \/>\n<meta property=\"og:image\" content=\"https:\/\/fit360.ee\/wp-content\/uploads\/2025\/02\/iconfit-chia-seemned-fit360.ee_.jpg\" \/>\n\t<meta property=\"og:image:width\" content=\"695\" \/>\n\t<meta property=\"og:image:height\" content=\"695\" \/>\n\t<meta property=\"og:image:type\" content=\"image\/jpeg\" \/>\n<meta name=\"twitter:card\" content=\"summary_large_image\" \/>\n<meta name=\"twitter:label1\" content=\"Est. reading time\" \/>\n\t<meta name=\"twitter:data1\" content=\"4 minutes\" \/>\n<script type=\"application\/ld+json\" class=\"yoast-schema-graph\">{\"@context\":\"https:\\\/\\\/schema.org\",\"@graph\":[{\"@type\":\"WebPage\",\"@id\":\"https:\\\/\\\/fit360.ee\\\/en\\\/pood\\\/product-groups\\\/superfoods-health-foods-en\\\/fiber-en\\\/iconfit-chia-seemned-150g\\\/\",\"url\":\"https:\\\/\\\/fit360.ee\\\/en\\\/pood\\\/product-groups\\\/superfoods-health-foods-en\\\/fiber-en\\\/iconfit-chia-seemned-150g\\\/\",\"name\":\"ICONFIT Chia seemned (150g) - Parim Hind - Kiire Tarne - 100% puhas - Fit360\",\"isPartOf\":{\"@id\":\"https:\\\/\\\/fit360.ee\\\/en\\\/#website\"},\"primaryImageOfPage\":{\"@id\":\"https:\\\/\\\/fit360.ee\\\/en\\\/pood\\\/product-groups\\\/superfoods-health-foods-en\\\/fiber-en\\\/iconfit-chia-seemned-150g\\\/#primaryimage\"},\"image\":{\"@id\":\"https:\\\/\\\/fit360.ee\\\/en\\\/pood\\\/product-groups\\\/superfoods-health-foods-en\\\/fiber-en\\\/iconfit-chia-seemned-150g\\\/#primaryimage\"},\"thumbnailUrl\":\"https:\\\/\\\/fit360.ee\\\/wp-content\\\/uploads\\\/2025\\\/02\\\/iconfit-chia-seemned-fit360.ee_.jpg\",\"datePublished\":\"2025-02-10T15:08:53+00:00\",\"dateModified\":\"2026-04-10T12:56:36+00:00\",\"description\":\"Iconfit Chia seemned on t\u00e4is kiudaineid, vitamiine, mineraalne, oomega rasvhappeid, antioks\u00fcdante ning lisaks on sellel veel palju muid kasulikke tegu..\",\"breadcrumb\":{\"@id\":\"https:\\\/\\\/fit360.ee\\\/en\\\/pood\\\/product-groups\\\/superfoods-health-foods-en\\\/fiber-en\\\/iconfit-chia-seemned-150g\\\/#breadcrumb\"},\"inLanguage\":\"en-US\",\"potentialAction\":[{\"@type\":\"ReadAction\",\"target\":[\"https:\\\/\\\/fit360.ee\\\/en\\\/pood\\\/product-groups\\\/superfoods-health-foods-en\\\/fiber-en\\\/iconfit-chia-seemned-150g\\\/\"]}]},{\"@type\":\"ImageObject\",\"inLanguage\":\"en-US\",\"@id\":\"https:\\\/\\\/fit360.ee\\\/en\\\/pood\\\/product-groups\\\/superfoods-health-foods-en\\\/fiber-en\\\/iconfit-chia-seemned-150g\\\/#primaryimage\",\"url\":\"https:\\\/\\\/fit360.ee\\\/wp-content\\\/uploads\\\/2025\\\/02\\\/iconfit-chia-seemned-fit360.ee_.jpg\",\"contentUrl\":\"https:\\\/\\\/fit360.ee\\\/wp-content\\\/uploads\\\/2025\\\/02\\\/iconfit-chia-seemned-fit360.ee_.jpg\",\"width\":695,\"height\":695,\"caption\":\"iconfit chia seemned - fit360.ee\"},{\"@type\":\"BreadcrumbList\",\"@id\":\"https:\\\/\\\/fit360.ee\\\/en\\\/pood\\\/product-groups\\\/superfoods-health-foods-en\\\/fiber-en\\\/iconfit-chia-seemned-150g\\\/#breadcrumb\",\"itemListElement\":[{\"@type\":\"ListItem\",\"position\":1,\"name\":\"Home\",\"item\":\"https:\\\/\\\/fit360.ee\\\/en\\\/\"},{\"@type\":\"ListItem\",\"position\":2,\"name\":\"Shop\",\"item\":\"https:\\\/\\\/fit360.ee\\\/en\\\/shop\\\/\"},{\"@type\":\"ListItem\",\"position\":3,\"name\":\"ICONFIT Chia seemned (150g)\"}]},{\"@type\":\"WebSite\",\"@id\":\"https:\\\/\\\/fit360.ee\\\/en\\\/#website\",\"url\":\"https:\\\/\\\/fit360.ee\\\/en\\\/\",\"name\":\"Fit360\",\"description\":\"\",\"publisher\":{\"@id\":\"https:\\\/\\\/fit360.ee\\\/en\\\/#organization\"},\"potentialAction\":[{\"@type\":\"SearchAction\",\"target\":{\"@type\":\"EntryPoint\",\"urlTemplate\":\"https:\\\/\\\/fit360.ee\\\/en\\\/?s={search_term_string}\"},\"query-input\":{\"@type\":\"PropertyValueSpecification\",\"valueRequired\":true,\"valueName\":\"search_term_string\"}}],\"inLanguage\":\"en-US\"},{\"@type\":\"Organization\",\"@id\":\"https:\\\/\\\/fit360.ee\\\/en\\\/#organization\",\"name\":\"Fit360\",\"url\":\"https:\\\/\\\/fit360.ee\\\/en\\\/\",\"logo\":{\"@type\":\"ImageObject\",\"inLanguage\":\"en-US\",\"@id\":\"https:\\\/\\\/fit360.ee\\\/en\\\/#\\\/schema\\\/logo\\\/image\\\/\",\"url\":\"https:\\\/\\\/fit360.ee\\\/wp-content\\\/uploads\\\/2017\\\/01\\\/logo-fit360.png\",\"contentUrl\":\"https:\\\/\\\/fit360.ee\\\/wp-content\\\/uploads\\\/2017\\\/01\\\/logo-fit360.png\",\"width\":180,\"height\":66,\"caption\":\"Fit360\"},\"image\":{\"@id\":\"https:\\\/\\\/fit360.ee\\\/en\\\/#\\\/schema\\\/logo\\\/image\\\/\"}}]}<\/script>\n<!-- \/ Yoast SEO plugin. -->","yoast_head_json":{"title":"ICONFIT Chia seemned (150g) - Parim Hind - Kiire Tarne - 100% puhas - Fit360","description":"Iconfit Chia seemned on t\u00e4is kiudaineid, vitamiine, mineraalne, oomega rasvhappeid, antioks\u00fcdante ning lisaks on sellel veel palju muid kasulikke tegu..","robots":{"index":"index","follow":"follow","max-snippet":"max-snippet:-1","max-image-preview":"max-image-preview:large","max-video-preview":"max-video-preview:-1"},"canonical":"https:\/\/fit360.ee\/en\/pood\/product-groups\/superfoods-health-foods-en\/fiber-en\/iconfit-chia-seemned-150g\/","og_locale":"en_US","og_type":"article","og_title":"ICONFIT Chia seemned (150g) - Parim Hind - Kiire Tarne - 100% puhas - Fit360","og_description":"Iconfit Chia seemned on t\u00e4is kiudaineid, vitamiine, mineraalne, oomega rasvhappeid, antioks\u00fcdante ning lisaks on sellel veel palju muid kasulikke tegu..","og_url":"https:\/\/fit360.ee\/en\/pood\/product-groups\/superfoods-health-foods-en\/fiber-en\/iconfit-chia-seemned-150g\/","og_site_name":"Fit360","article_modified_time":"2026-04-10T12:56:36+00:00","og_image":[{"width":695,"height":695,"url":"https:\/\/fit360.ee\/wp-content\/uploads\/2025\/02\/iconfit-chia-seemned-fit360.ee_.jpg","type":"image\/jpeg"}],"twitter_card":"summary_large_image","twitter_misc":{"Est. reading time":"4 minutes"},"schema":{"@context":"https:\/\/schema.org","@graph":[{"@type":"WebPage","@id":"https:\/\/fit360.ee\/en\/pood\/product-groups\/superfoods-health-foods-en\/fiber-en\/iconfit-chia-seemned-150g\/","url":"https:\/\/fit360.ee\/en\/pood\/product-groups\/superfoods-health-foods-en\/fiber-en\/iconfit-chia-seemned-150g\/","name":"ICONFIT Chia seemned (150g) - Parim Hind - Kiire Tarne - 100% puhas - Fit360","isPartOf":{"@id":"https:\/\/fit360.ee\/en\/#website"},"primaryImageOfPage":{"@id":"https:\/\/fit360.ee\/en\/pood\/product-groups\/superfoods-health-foods-en\/fiber-en\/iconfit-chia-seemned-150g\/#primaryimage"},"image":{"@id":"https:\/\/fit360.ee\/en\/pood\/product-groups\/superfoods-health-foods-en\/fiber-en\/iconfit-chia-seemned-150g\/#primaryimage"},"thumbnailUrl":"https:\/\/fit360.ee\/wp-content\/uploads\/2025\/02\/iconfit-chia-seemned-fit360.ee_.jpg","datePublished":"2025-02-10T15:08:53+00:00","dateModified":"2026-04-10T12:56:36+00:00","description":"Iconfit Chia seemned on t\u00e4is kiudaineid, vitamiine, mineraalne, oomega rasvhappeid, antioks\u00fcdante ning lisaks on sellel veel palju muid kasulikke tegu..","breadcrumb":{"@id":"https:\/\/fit360.ee\/en\/pood\/product-groups\/superfoods-health-foods-en\/fiber-en\/iconfit-chia-seemned-150g\/#breadcrumb"},"inLanguage":"en-US","potentialAction":[{"@type":"ReadAction","target":["https:\/\/fit360.ee\/en\/pood\/product-groups\/superfoods-health-foods-en\/fiber-en\/iconfit-chia-seemned-150g\/"]}]},{"@type":"ImageObject","inLanguage":"en-US","@id":"https:\/\/fit360.ee\/en\/pood\/product-groups\/superfoods-health-foods-en\/fiber-en\/iconfit-chia-seemned-150g\/#primaryimage","url":"https:\/\/fit360.ee\/wp-content\/uploads\/2025\/02\/iconfit-chia-seemned-fit360.ee_.jpg","contentUrl":"https:\/\/fit360.ee\/wp-content\/uploads\/2025\/02\/iconfit-chia-seemned-fit360.ee_.jpg","width":695,"height":695,"caption":"iconfit chia seemned - fit360.ee"},{"@type":"BreadcrumbList","@id":"https:\/\/fit360.ee\/en\/pood\/product-groups\/superfoods-health-foods-en\/fiber-en\/iconfit-chia-seemned-150g\/#breadcrumb","itemListElement":[{"@type":"ListItem","position":1,"name":"Home","item":"https:\/\/fit360.ee\/en\/"},{"@type":"ListItem","position":2,"name":"Shop","item":"https:\/\/fit360.ee\/en\/shop\/"},{"@type":"ListItem","position":3,"name":"ICONFIT Chia seemned (150g)"}]},{"@type":"WebSite","@id":"https:\/\/fit360.ee\/en\/#website","url":"https:\/\/fit360.ee\/en\/","name":"Fit360","description":"","publisher":{"@id":"https:\/\/fit360.ee\/en\/#organization"},"potentialAction":[{"@type":"SearchAction","target":{"@type":"EntryPoint","urlTemplate":"https:\/\/fit360.ee\/en\/?s={search_term_string}"},"query-input":{"@type":"PropertyValueSpecification","valueRequired":true,"valueName":"search_term_string"}}],"inLanguage":"en-US"},{"@type":"Organization","@id":"https:\/\/fit360.ee\/en\/#organization","name":"Fit360","url":"https:\/\/fit360.ee\/en\/","logo":{"@type":"ImageObject","inLanguage":"en-US","@id":"https:\/\/fit360.ee\/en\/#\/schema\/logo\/image\/","url":"https:\/\/fit360.ee\/wp-content\/uploads\/2017\/01\/logo-fit360.png","contentUrl":"https:\/\/fit360.ee\/wp-content\/uploads\/2017\/01\/logo-fit360.png","width":180,"height":66,"caption":"Fit360"},"image":{"@id":"https:\/\/fit360.ee\/en\/#\/schema\/logo\/image\/"}}]}},"_links":{"self":[{"href":"https:\/\/fit360.ee\/en\/wp-json\/wp\/v2\/product\/86613","targetHints":{"allow":["GET"]}}],"collection":[{"href":"https:\/\/fit360.ee\/en\/wp-json\/wp\/v2\/product"}],"about":[{"href":"https:\/\/fit360.ee\/en\/wp-json\/wp\/v2\/types\/product"}],"replies":[{"embeddable":true,"href":"https:\/\/fit360.ee\/en\/wp-json\/wp\/v2\/comments?post=86613"}],"wp:featuredmedia":[{"embeddable":true,"href":"https:\/\/fit360.ee\/en\/wp-json\/wp\/v2\/media\/86612"}],"wp:attachment":[{"href":"https:\/\/fit360.ee\/en\/wp-json\/wp\/v2\/media?parent=86613"}],"wp:term":[{"taxonomy":"product_brand","embeddable":true,"href":"https:\/\/fit360.ee\/en\/wp-json\/wp\/v2\/product_brand?post=86613"},{"taxonomy":"product_cat","embeddable":true,"href":"https:\/\/fit360.ee\/en\/wp-json\/wp\/v2\/product_cat?post=86613"},{"taxonomy":"product_tag","embeddable":true,"href":"https:\/\/fit360.ee\/en\/wp-json\/wp\/v2\/product_tag?post=86613"},{"taxonomy":"giftcard-category","embeddable":true,"href":"https:\/\/fit360.ee\/en\/wp-json\/wp\/v2\/giftcard-category?post=86613"}],"curies":[{"name":"wp","href":"https:\/\/api.w.org\/{rel}","templated":true}]}}