{"id":86617,"date":"2025-02-10T17:08:53","date_gmt":"2025-02-10T15:08:53","guid":{"rendered":"https:\/\/fit360.ee\/pood\/uncategorized\/iconfit-mahe-chaga-pulber-100g\/"},"modified":"2026-03-26T16:26:19","modified_gmt":"2026-03-26T14:26:19","slug":"iconfit-mahe-chaga-pulber-100g","status":"publish","type":"product","link":"https:\/\/fit360.ee\/en\/pood\/product-groups\/superfoods-health-foods-en\/chaga-en\/iconfit-mahe-chaga-pulber-100g\/","title":{"rendered":"ICONFIT Mahe Chaga Pulber (100g)"},"content":{"rendered":"<h2><strong>Mahe Chaga pulber<\/strong><\/h2>\n<p><b>ICONFIT Mahe Chaga pulber on tehtud teatud t\u00fc\u00fcpi seenest, mis kasvab kasepuu t\u00fcvel.<\/b><\/p>\n<p>Antud toode on Eesti p\u00e4ritoluga, mahe ja ilma lisanditeta.<\/p>\n<p style=\"font-weight: 400;\"><b><strong>CHAGA (kasepol\u00fcpoor,\u00a0<i><em>Inonotus obliquus<\/em><\/i>)\u00a0<\/strong><\/b><b><strong>on seeneliik, mis kasvab kaskedel<\/strong><\/b>. Chaga seeni on tuntud ja kasutatud Ida- ja P\u00f5hja-Euroopa rahvameditsiinis alates 16. sajandist. Hiljutised uuringud kinnitavad nende kasulikke omadusi. Seda on kasutatud sajandeid Siberis ja Aasias immuunsuse t\u00f5stmiseks. Kuigi see seen ei pruugi tunduda ahvatlev, on see l\u00e4\u00e4ne maailmas t\u00e4nu oma tervisele kasulikele omadustele kogumas populaarsust.<\/p>\n<p style=\"font-weight: 400;\"><b><strong>Mahe Chaga pulber Kasutamine: <\/strong><\/b>T\u00e4iskasvanutele, p\u00e4evane annus 1-2 teelusikat\u00e4it sisaldab 1,5-3 g chaga pulbrit. Lisada veele.<\/p>\n<p><strong>HOIATUS<\/strong>:<span style=\"font-weight: 400;\">\u00a0Mitte kasutada toidulisandit mitmekesise toitumise asendajana. Oluline on toituda mitmek\u00fclgselt ja tasakaalustatult ning harrastada tervislikku elustiili. Mitte \u00fcletada soovitatavat \u00f6\u00f6p\u00e4evast annust. Hoida lastele k\u00e4ttesaamatus kohas. Mitte kasutada, kui olete m\u00f5ne komponendi suhtes \u00fclitundlik, raseduse ja imetamise ajal. Toodet mitte tarbida neerukivide tekke ohu v\u00f5i veritsush\u00e4irete korral.<\/span><br style=\"font-weight: 400;\" \/>S\u00c4ILITAMINE:<span style=\"font-weight: 400;\">\u00a0Hoida toatemperatuuril, niiskuse ja otsese p\u00e4ikesevalguse eest kaitstult.<\/span><br style=\"font-weight: 400;\" \/><b><strong><br \/>\nKoostisosad <\/strong><\/b><span style=\"font-weight: 400;\">100% chaga seene ehk musta p\u00e4ssiku (Inonotus obliquus) viljakeha pulber.<\/span><\/p>\n<p>Vaata ka meie Teisi Supertoite <a href=\"https:\/\/fit360.ee\/en\/product-category\/product-groups\/superfoods-health-foods-en\/\"><strong>SIIT<\/strong><\/a> v\u00f5i Chaga tooteid <a href=\"https:\/\/fit360.ee\/en\/product-category\/product-groups\/superfoods-health-foods-en\/chaga-en\/\"><strong>SIIT<\/strong><\/a>!<\/p>\n<p>Soovid kaupa osta suuremas koguses? Vaata antud toodet ka meie HULGI poest\u00a0<a href=\"https:\/\/toidulisandidhulgi.ee\/tooted\/iconfit-mahe-chaga-pulber-100g\/\"><strong>SIIT<\/strong><\/a>!<\/p>\n","protected":false},"excerpt":{"rendered":"<p><b>ICONFIT Mahe Chaga pulber on tehtud teatud t\u00fc\u00fcpi seenest, mis kasvab kasepuu t\u00fcvel.<\/b><\/p>\n<p>Antud toode on Eesti p\u00e4ritoluga, mahe ja ilma lisanditeta.<\/p>\n","protected":false},"featured_media":86616,"comment_status":"open","ping_status":"closed","template":"","meta":[],"product_brand":[],"product_cat":[5311,2400,5320,1318,1873,1454,1201],"product_tag":[1874,5371,1681,5590],"giftcard-category":[],"class_list":{"0":"post-86617","1":"product","2":"type-product","3":"status-publish","4":"has-post-thumbnail","6":"product_cat-antioxidants-en","7":"product_cat-chaga-en","8":"product_cat-for-immunity-en","9":"product_cat-iconfit-en","10":"product_cat-superfood-blends-en","11":"product_cat-superfoods-health-foods-en","12":"product_cat-1201","13":"product_tag-chaga-en","14":"product_tag-chaga-pulber-en","15":"product_tag-iconfit-en","16":"product_tag-mahe-chaga-pulber-en","17":"pa_kogus-100g-en","18":"pa_toidulisand-branddd-iconfit","19":"pa_tootegruppp-antioksudandid-en","20":"pa_tootegruppp-chaga-must-passik-en","21":"pa_tootegruppp-immuunsusteem-en","22":"pa_tootegruppp-supertoidusegud-smuutidele-en","23":"pa_tootegruppp-supertoit-tervisetoit-en","24":"pa_tootegruppp-vegan-en","26":"first","27":"instock","28":"sale","29":"taxable","30":"shipping-taxable","31":"purchasable","32":"product-type-simple"},"yoast_head":"<!-- This site is optimized with the Yoast SEO plugin v27.3 - https:\/\/yoast.com\/product\/yoast-seo-wordpress\/ -->\n<title>ICONFIT Mahe Chaga Pulber (100g) - Parim Hind - Kiire Tarne - Fit360<\/title>\n<meta name=\"description\" content=\"ICONFIT Mahe Chaga pulber on tehtud teatud t\u00fc\u00fcpi seenest, mis kasvab kasepuu t\u00fcvel. Antud toode on Eesti p\u00e4rituoluga ning 100% naturaalne.\" \/>\n<meta name=\"robots\" content=\"index, follow, max-snippet:-1, max-image-preview:large, max-video-preview:-1\" \/>\n<link rel=\"canonical\" href=\"https:\/\/fit360.ee\/en\/pood\/product-groups\/superfoods-health-foods-en\/chaga-en\/iconfit-mahe-chaga-pulber-100g\/\" \/>\n<meta property=\"og:locale\" content=\"en_US\" \/>\n<meta property=\"og:type\" content=\"article\" \/>\n<meta property=\"og:title\" content=\"ICONFIT Mahe Chaga Pulber (100g) - Parim Hind - Kiire Tarne - Fit360\" \/>\n<meta property=\"og:description\" content=\"ICONFIT Mahe Chaga pulber on tehtud teatud t\u00fc\u00fcpi seenest, mis kasvab kasepuu t\u00fcvel. Antud toode on Eesti p\u00e4rituoluga ning 100% naturaalne.\" \/>\n<meta property=\"og:url\" content=\"https:\/\/fit360.ee\/en\/pood\/product-groups\/superfoods-health-foods-en\/chaga-en\/iconfit-mahe-chaga-pulber-100g\/\" \/>\n<meta property=\"og:site_name\" content=\"Fit360\" \/>\n<meta property=\"article:modified_time\" content=\"2026-03-26T14:26:19+00:00\" \/>\n<meta property=\"og:image\" content=\"https:\/\/fit360.ee\/wp-content\/uploads\/2025\/02\/mahe-chaga-pulber-fit360.ee_.jpg\" \/>\n\t<meta property=\"og:image:width\" content=\"695\" \/>\n\t<meta property=\"og:image:height\" content=\"695\" \/>\n\t<meta property=\"og:image:type\" content=\"image\/jpeg\" \/>\n<meta name=\"twitter:card\" content=\"summary_large_image\" \/>\n<meta name=\"twitter:label1\" content=\"Est. reading time\" \/>\n\t<meta name=\"twitter:data1\" content=\"2 minutes\" \/>\n<script type=\"application\/ld+json\" class=\"yoast-schema-graph\">{\"@context\":\"https:\\\/\\\/schema.org\",\"@graph\":[{\"@type\":\"WebPage\",\"@id\":\"https:\\\/\\\/fit360.ee\\\/en\\\/pood\\\/product-groups\\\/superfoods-health-foods-en\\\/chaga-en\\\/iconfit-mahe-chaga-pulber-100g\\\/\",\"url\":\"https:\\\/\\\/fit360.ee\\\/en\\\/pood\\\/product-groups\\\/superfoods-health-foods-en\\\/chaga-en\\\/iconfit-mahe-chaga-pulber-100g\\\/\",\"name\":\"ICONFIT Mahe Chaga Pulber (100g) - Parim Hind - Kiire Tarne - Fit360\",\"isPartOf\":{\"@id\":\"https:\\\/\\\/fit360.ee\\\/en\\\/#website\"},\"primaryImageOfPage\":{\"@id\":\"https:\\\/\\\/fit360.ee\\\/en\\\/pood\\\/product-groups\\\/superfoods-health-foods-en\\\/chaga-en\\\/iconfit-mahe-chaga-pulber-100g\\\/#primaryimage\"},\"image\":{\"@id\":\"https:\\\/\\\/fit360.ee\\\/en\\\/pood\\\/product-groups\\\/superfoods-health-foods-en\\\/chaga-en\\\/iconfit-mahe-chaga-pulber-100g\\\/#primaryimage\"},\"thumbnailUrl\":\"https:\\\/\\\/fit360.ee\\\/wp-content\\\/uploads\\\/2025\\\/02\\\/mahe-chaga-pulber-fit360.ee_.jpg\",\"datePublished\":\"2025-02-10T15:08:53+00:00\",\"dateModified\":\"2026-03-26T14:26:19+00:00\",\"description\":\"ICONFIT Mahe Chaga pulber on tehtud teatud t\u00fc\u00fcpi seenest, mis kasvab kasepuu t\u00fcvel. Antud toode on Eesti p\u00e4rituoluga ning 100% naturaalne.\",\"breadcrumb\":{\"@id\":\"https:\\\/\\\/fit360.ee\\\/en\\\/pood\\\/product-groups\\\/superfoods-health-foods-en\\\/chaga-en\\\/iconfit-mahe-chaga-pulber-100g\\\/#breadcrumb\"},\"inLanguage\":\"en-US\",\"potentialAction\":[{\"@type\":\"ReadAction\",\"target\":[\"https:\\\/\\\/fit360.ee\\\/en\\\/pood\\\/product-groups\\\/superfoods-health-foods-en\\\/chaga-en\\\/iconfit-mahe-chaga-pulber-100g\\\/\"]}]},{\"@type\":\"ImageObject\",\"inLanguage\":\"en-US\",\"@id\":\"https:\\\/\\\/fit360.ee\\\/en\\\/pood\\\/product-groups\\\/superfoods-health-foods-en\\\/chaga-en\\\/iconfit-mahe-chaga-pulber-100g\\\/#primaryimage\",\"url\":\"https:\\\/\\\/fit360.ee\\\/wp-content\\\/uploads\\\/2025\\\/02\\\/mahe-chaga-pulber-fit360.ee_.jpg\",\"contentUrl\":\"https:\\\/\\\/fit360.ee\\\/wp-content\\\/uploads\\\/2025\\\/02\\\/mahe-chaga-pulber-fit360.ee_.jpg\",\"width\":695,\"height\":695,\"caption\":\"mahe chaga pulber - fit360.ee\"},{\"@type\":\"BreadcrumbList\",\"@id\":\"https:\\\/\\\/fit360.ee\\\/en\\\/pood\\\/product-groups\\\/superfoods-health-foods-en\\\/chaga-en\\\/iconfit-mahe-chaga-pulber-100g\\\/#breadcrumb\",\"itemListElement\":[{\"@type\":\"ListItem\",\"position\":1,\"name\":\"Home\",\"item\":\"https:\\\/\\\/fit360.ee\\\/en\\\/\"},{\"@type\":\"ListItem\",\"position\":2,\"name\":\"Shop\",\"item\":\"https:\\\/\\\/fit360.ee\\\/en\\\/shop\\\/\"},{\"@type\":\"ListItem\",\"position\":3,\"name\":\"ICONFIT Mahe Chaga Pulber (100g)\"}]},{\"@type\":\"WebSite\",\"@id\":\"https:\\\/\\\/fit360.ee\\\/en\\\/#website\",\"url\":\"https:\\\/\\\/fit360.ee\\\/en\\\/\",\"name\":\"Fit360\",\"description\":\"\",\"publisher\":{\"@id\":\"https:\\\/\\\/fit360.ee\\\/en\\\/#organization\"},\"potentialAction\":[{\"@type\":\"SearchAction\",\"target\":{\"@type\":\"EntryPoint\",\"urlTemplate\":\"https:\\\/\\\/fit360.ee\\\/en\\\/?s={search_term_string}\"},\"query-input\":{\"@type\":\"PropertyValueSpecification\",\"valueRequired\":true,\"valueName\":\"search_term_string\"}}],\"inLanguage\":\"en-US\"},{\"@type\":\"Organization\",\"@id\":\"https:\\\/\\\/fit360.ee\\\/en\\\/#organization\",\"name\":\"Fit360\",\"url\":\"https:\\\/\\\/fit360.ee\\\/en\\\/\",\"logo\":{\"@type\":\"ImageObject\",\"inLanguage\":\"en-US\",\"@id\":\"https:\\\/\\\/fit360.ee\\\/en\\\/#\\\/schema\\\/logo\\\/image\\\/\",\"url\":\"https:\\\/\\\/fit360.ee\\\/wp-content\\\/uploads\\\/2017\\\/01\\\/logo-fit360.png\",\"contentUrl\":\"https:\\\/\\\/fit360.ee\\\/wp-content\\\/uploads\\\/2017\\\/01\\\/logo-fit360.png\",\"width\":180,\"height\":66,\"caption\":\"Fit360\"},\"image\":{\"@id\":\"https:\\\/\\\/fit360.ee\\\/en\\\/#\\\/schema\\\/logo\\\/image\\\/\"}}]}<\/script>\n<!-- \/ Yoast SEO plugin. -->","yoast_head_json":{"title":"ICONFIT Mahe Chaga Pulber (100g) - Parim Hind - Kiire Tarne - Fit360","description":"ICONFIT Mahe Chaga pulber on tehtud teatud t\u00fc\u00fcpi seenest, mis kasvab kasepuu t\u00fcvel. Antud toode on Eesti p\u00e4rituoluga ning 100% naturaalne.","robots":{"index":"index","follow":"follow","max-snippet":"max-snippet:-1","max-image-preview":"max-image-preview:large","max-video-preview":"max-video-preview:-1"},"canonical":"https:\/\/fit360.ee\/en\/pood\/product-groups\/superfoods-health-foods-en\/chaga-en\/iconfit-mahe-chaga-pulber-100g\/","og_locale":"en_US","og_type":"article","og_title":"ICONFIT Mahe Chaga Pulber (100g) - Parim Hind - Kiire Tarne - Fit360","og_description":"ICONFIT Mahe Chaga pulber on tehtud teatud t\u00fc\u00fcpi seenest, mis kasvab kasepuu t\u00fcvel. Antud toode on Eesti p\u00e4rituoluga ning 100% naturaalne.","og_url":"https:\/\/fit360.ee\/en\/pood\/product-groups\/superfoods-health-foods-en\/chaga-en\/iconfit-mahe-chaga-pulber-100g\/","og_site_name":"Fit360","article_modified_time":"2026-03-26T14:26:19+00:00","og_image":[{"width":695,"height":695,"url":"https:\/\/fit360.ee\/wp-content\/uploads\/2025\/02\/mahe-chaga-pulber-fit360.ee_.jpg","type":"image\/jpeg"}],"twitter_card":"summary_large_image","twitter_misc":{"Est. reading time":"2 minutes"},"schema":{"@context":"https:\/\/schema.org","@graph":[{"@type":"WebPage","@id":"https:\/\/fit360.ee\/en\/pood\/product-groups\/superfoods-health-foods-en\/chaga-en\/iconfit-mahe-chaga-pulber-100g\/","url":"https:\/\/fit360.ee\/en\/pood\/product-groups\/superfoods-health-foods-en\/chaga-en\/iconfit-mahe-chaga-pulber-100g\/","name":"ICONFIT Mahe Chaga Pulber (100g) - Parim Hind - Kiire Tarne - Fit360","isPartOf":{"@id":"https:\/\/fit360.ee\/en\/#website"},"primaryImageOfPage":{"@id":"https:\/\/fit360.ee\/en\/pood\/product-groups\/superfoods-health-foods-en\/chaga-en\/iconfit-mahe-chaga-pulber-100g\/#primaryimage"},"image":{"@id":"https:\/\/fit360.ee\/en\/pood\/product-groups\/superfoods-health-foods-en\/chaga-en\/iconfit-mahe-chaga-pulber-100g\/#primaryimage"},"thumbnailUrl":"https:\/\/fit360.ee\/wp-content\/uploads\/2025\/02\/mahe-chaga-pulber-fit360.ee_.jpg","datePublished":"2025-02-10T15:08:53+00:00","dateModified":"2026-03-26T14:26:19+00:00","description":"ICONFIT Mahe Chaga pulber on tehtud teatud t\u00fc\u00fcpi seenest, mis kasvab kasepuu t\u00fcvel. Antud toode on Eesti p\u00e4rituoluga ning 100% naturaalne.","breadcrumb":{"@id":"https:\/\/fit360.ee\/en\/pood\/product-groups\/superfoods-health-foods-en\/chaga-en\/iconfit-mahe-chaga-pulber-100g\/#breadcrumb"},"inLanguage":"en-US","potentialAction":[{"@type":"ReadAction","target":["https:\/\/fit360.ee\/en\/pood\/product-groups\/superfoods-health-foods-en\/chaga-en\/iconfit-mahe-chaga-pulber-100g\/"]}]},{"@type":"ImageObject","inLanguage":"en-US","@id":"https:\/\/fit360.ee\/en\/pood\/product-groups\/superfoods-health-foods-en\/chaga-en\/iconfit-mahe-chaga-pulber-100g\/#primaryimage","url":"https:\/\/fit360.ee\/wp-content\/uploads\/2025\/02\/mahe-chaga-pulber-fit360.ee_.jpg","contentUrl":"https:\/\/fit360.ee\/wp-content\/uploads\/2025\/02\/mahe-chaga-pulber-fit360.ee_.jpg","width":695,"height":695,"caption":"mahe chaga pulber - fit360.ee"},{"@type":"BreadcrumbList","@id":"https:\/\/fit360.ee\/en\/pood\/product-groups\/superfoods-health-foods-en\/chaga-en\/iconfit-mahe-chaga-pulber-100g\/#breadcrumb","itemListElement":[{"@type":"ListItem","position":1,"name":"Home","item":"https:\/\/fit360.ee\/en\/"},{"@type":"ListItem","position":2,"name":"Shop","item":"https:\/\/fit360.ee\/en\/shop\/"},{"@type":"ListItem","position":3,"name":"ICONFIT Mahe Chaga Pulber (100g)"}]},{"@type":"WebSite","@id":"https:\/\/fit360.ee\/en\/#website","url":"https:\/\/fit360.ee\/en\/","name":"Fit360","description":"","publisher":{"@id":"https:\/\/fit360.ee\/en\/#organization"},"potentialAction":[{"@type":"SearchAction","target":{"@type":"EntryPoint","urlTemplate":"https:\/\/fit360.ee\/en\/?s={search_term_string}"},"query-input":{"@type":"PropertyValueSpecification","valueRequired":true,"valueName":"search_term_string"}}],"inLanguage":"en-US"},{"@type":"Organization","@id":"https:\/\/fit360.ee\/en\/#organization","name":"Fit360","url":"https:\/\/fit360.ee\/en\/","logo":{"@type":"ImageObject","inLanguage":"en-US","@id":"https:\/\/fit360.ee\/en\/#\/schema\/logo\/image\/","url":"https:\/\/fit360.ee\/wp-content\/uploads\/2017\/01\/logo-fit360.png","contentUrl":"https:\/\/fit360.ee\/wp-content\/uploads\/2017\/01\/logo-fit360.png","width":180,"height":66,"caption":"Fit360"},"image":{"@id":"https:\/\/fit360.ee\/en\/#\/schema\/logo\/image\/"}}]}},"_links":{"self":[{"href":"https:\/\/fit360.ee\/en\/wp-json\/wp\/v2\/product\/86617","targetHints":{"allow":["GET"]}}],"collection":[{"href":"https:\/\/fit360.ee\/en\/wp-json\/wp\/v2\/product"}],"about":[{"href":"https:\/\/fit360.ee\/en\/wp-json\/wp\/v2\/types\/product"}],"replies":[{"embeddable":true,"href":"https:\/\/fit360.ee\/en\/wp-json\/wp\/v2\/comments?post=86617"}],"wp:featuredmedia":[{"embeddable":true,"href":"https:\/\/fit360.ee\/en\/wp-json\/wp\/v2\/media\/86616"}],"wp:attachment":[{"href":"https:\/\/fit360.ee\/en\/wp-json\/wp\/v2\/media?parent=86617"}],"wp:term":[{"taxonomy":"product_brand","embeddable":true,"href":"https:\/\/fit360.ee\/en\/wp-json\/wp\/v2\/product_brand?post=86617"},{"taxonomy":"product_cat","embeddable":true,"href":"https:\/\/fit360.ee\/en\/wp-json\/wp\/v2\/product_cat?post=86617"},{"taxonomy":"product_tag","embeddable":true,"href":"https:\/\/fit360.ee\/en\/wp-json\/wp\/v2\/product_tag?post=86617"},{"taxonomy":"giftcard-category","embeddable":true,"href":"https:\/\/fit360.ee\/en\/wp-json\/wp\/v2\/giftcard-category?post=86617"}],"curies":[{"name":"wp","href":"https:\/\/api.w.org\/{rel}","templated":true}]}}