{"id":86626,"date":"2025-02-11T18:09:49","date_gmt":"2025-02-11T16:09:49","guid":{"rendered":"https:\/\/fit360.ee\/pood\/uncategorized\/iconfit-organic-raw-cacao-nibs-200g\/"},"modified":"2026-04-10T14:56:32","modified_gmt":"2026-04-10T12:56:32","slug":"iconfit-organic-raw-cacao-nibs-200g","status":"publish","type":"product","link":"https:\/\/fit360.ee\/en\/pood\/product-groups\/superfoods-health-foods-en\/fiber-en\/iconfit-organic-raw-cacao-nibs-200g\/","title":{"rendered":"ICONFIT Mahedad purustatud toorkakao oad (200g)"},"content":{"rendered":"<h2><strong>Mahedad purustatud toorkakao oad<\/strong><\/h2>\n<p><strong>ICONFIT Mahedad purustatud toorkakao oad ehk kakaonibsid on v\u00e4ikesed, kr\u00f5bedad t\u00fckid purustatud kakaoubadest, mis on tuntud oma rikkaliku ja intensiivse \u0161okolaadimaitse ning p\u00e4hklitega sarnase meeldivalt kr\u00f5mpsuva tekstuuri poolest. Need v\u00e4rsketest kakaoubadest t\u00fckid on traditsiooniliselt valmistatud Peruu talunike poolt, s\u00e4ilitades selle toitev\u00e4\u00e4rtuse ja kultuurilise t\u00e4htsuse, mida hindasid k\u00f5rgelt maiade ja asteekide tsivilisatsioonid.<\/strong><\/p>\n<ul>\n<li>Looduslikud t\u00fckid tooretest kakaoubadest.<\/li>\n<li>Need tekivad osana \u0161okolaadi valmistamise protsessist, mille k\u00e4igus kakaooad r\u00f6stitakse ja seej\u00e4rel purustatakse, eraldades koored ubadest.<\/li>\n<li>K\u00f5rge antioks\u00fcdantide, mineraalide ja vitamiinide sisaldus.<\/li>\n<li>Kakaonibsid sisaldavad teobromiini ja v\u00e4hesel m\u00e4\u00e4ral kofeiini, mis annab neile kergelt stimuleeriva m\u00f5ju.<\/li>\n<li>Purustatud toorkakao ube saab kasutada erinevates toitudes ja jookides, n\u00e4iteks smuutides, j\u00e4\u00e4tise lisandina, k\u00fcpsetistes, putrudes, smuutides, jogurtides, kombuchas ja mujal.<\/li>\n<\/ul>\n<p style=\"font-weight: 400;\"><b><strong>Purustatud toorkakao oad<\/strong><\/b>\u00a0on k\u00f5rge kiudainesisaldusega, rikkaliku \u0161okolaadimaitsega ja kr\u00f5mpsuva tekstuuriga. Kakaonibsid sisaldavad rohkelt antioks\u00fcdante ning mineraalaineid, nagu magneesium ja raud, olles seega \u00fchteaegu toitev ja maitsev supertoit.<\/p>\n<p style=\"font-weight: 400;\">Purustatud toorkakao oad on uskumatult mitmek\u00fclgsed ja neid saab h\u00f5lpsasti lisada erinevatele toitudele. Need annavad mitmetele toitudele s\u00fcgava \u0161okolaadimaitse ja meeldiva kr\u00f5beda maitse. Tervisliku ja v\u00e4hese suhkrusisaldusega \u0161okolaadilaastude asendajana on need nii toitvad kui ka lihtsasti erinevatesse retseptidesse lisatavad.<\/p>\n<p style=\"font-weight: 400;\"><b><strong>Kasutamine: <\/strong><\/b>Lisa m\u00fcslile, k\u00fcpsetistele, jogurtitele v\u00f5i putrudele.<\/p>\n<p style=\"font-weight: 400;\"><b><strong>HOIUSTAMINE:\u00a0<\/strong><\/b>Hoida toatemperatuuril, kaitstuna niiskuse ja otsese p\u00e4ikesevalguse eest. Netokaal 200 g.<\/p>\n<p style=\"font-weight: 400;\"><b><strong>Koostisosad: <\/strong><\/b>Mahedad purustatud hariliku kakaopuu (<em>Theobroma cacao<\/em>) oad.<\/p>\n<p>Vaata ka meie teisi Supertoite <a href=\"https:\/\/fit360.ee\/en\/product-category\/product-groups\/superfoods-health-foods-en\/\"><strong>SIIT<\/strong><\/a> v\u00f5i Kiudaine rikkaid tooteid <a href=\"https:\/\/fit360.ee\/en\/product-category\/product-groups\/superfoods-health-foods-en\/fiber-en\/\"><strong>SIIT<\/strong><\/a>!<\/p>\n<p>Soovid kaupa osta suuremas koguses? Vaata antud toodet ka meie HULGI poest\u00a0<a href=\"https:\/\/toidulisandidhulgi.ee\/tooted\/iconfit-mahedad-purustatud-toorkakao-oad-200g\/\"><strong>SIIT<\/strong><\/a>!<\/p>\n","protected":false},"excerpt":{"rendered":"<ul>\n<li>Looduslikud t\u00fckid tooretest kakaoubadest.<\/li>\n<li>Need tekivad osana \u0161okolaadi valmistamise protsessist, mille k\u00e4igus kakaooad r\u00f6stitakse ja seej\u00e4rel purustatakse, eraldades koored ubadest.<\/li>\n<li>K\u00f5rge antioks\u00fcdantide, mineraalide ja vitamiinide sisaldus.<\/li>\n<li>Kakaonibsid sisaldavad teobromiini ja v\u00e4hesel m\u00e4\u00e4ral kofeiini, mis annab neile kergelt stimuleeriva m\u00f5ju.<\/li>\n<li>Purustatud toorkakao ube saab kasutada erinevates toitudes ja jookides, n\u00e4iteks smuutides, j\u00e4\u00e4tise lisandina, k\u00fcpsetistes, putrudes, smuutides, jogurtides, kombuchas ja mujal.<\/li>\n<\/ul>\n","protected":false},"featured_media":86624,"comment_status":"open","ping_status":"closed","template":"","meta":[],"product_brand":[],"product_cat":[2351,1318,1873,1454,536,1201],"product_tag":[5593,1681,5594,2219],"giftcard-category":[],"class_list":{"0":"post-86626","1":"product","2":"type-product","3":"status-publish","4":"has-post-thumbnail","6":"product_cat-fiber-en","7":"product_cat-iconfit-en","8":"product_cat-superfood-blends-en","9":"product_cat-superfoods-health-foods-en","10":"product_cat-vitamins-and-minerals-en","11":"product_cat-1201","12":"product_tag-cacao-nibs-en","13":"product_tag-iconfit-en","14":"product_tag-mahedad-toorkakao-oad-en","15":"product_tag-toorkakao-en","16":"pa_kogus-200g-en","17":"pa_toidulisand-branddd-iconfit","18":"pa_tootegruppp-kiudained-en","19":"pa_tootegruppp-supertoidusegud-smuutidele-en","20":"pa_tootegruppp-supertoit-tervisetoit-en","21":"pa_tootegruppp-vegan-en","22":"pa_tootegruppp-vitamins-and-minerals","24":"first","25":"instock","26":"sale","27":"taxable","28":"shipping-taxable","29":"purchasable","30":"product-type-simple"},"yoast_head":"<!-- This site is optimized with the Yoast SEO plugin v27.3 - https:\/\/yoast.com\/product\/yoast-seo-wordpress\/ -->\n<title>ICONFIT Mahedad purustatud toorkakao oad (200g) - Kiire Tarne - Parim Hind - Fit360<\/title>\n<meta name=\"description\" content=\"Mahedad purustatud toorkakao oad ehk kakaonibsid on v\u00e4ikesed, kr\u00f5bedad t\u00fckid purustatud kakaoubadest, mis on tuntud oma rikkaliku ja intensiivse \u0161oko...\" \/>\n<meta name=\"robots\" content=\"index, follow, max-snippet:-1, max-image-preview:large, max-video-preview:-1\" \/>\n<link rel=\"canonical\" href=\"https:\/\/fit360.ee\/en\/pood\/product-groups\/superfoods-health-foods-en\/fiber-en\/iconfit-organic-raw-cacao-nibs-200g\/\" \/>\n<meta property=\"og:locale\" content=\"en_US\" \/>\n<meta property=\"og:type\" content=\"article\" \/>\n<meta property=\"og:title\" content=\"ICONFIT Mahedad purustatud toorkakao oad (200g) - Kiire Tarne - Parim Hind - Fit360\" \/>\n<meta property=\"og:description\" content=\"Mahedad purustatud toorkakao oad ehk kakaonibsid on v\u00e4ikesed, kr\u00f5bedad t\u00fckid purustatud kakaoubadest, mis on tuntud oma rikkaliku ja intensiivse \u0161oko...\" \/>\n<meta property=\"og:url\" content=\"https:\/\/fit360.ee\/en\/pood\/product-groups\/superfoods-health-foods-en\/fiber-en\/iconfit-organic-raw-cacao-nibs-200g\/\" \/>\n<meta property=\"og:site_name\" content=\"Fit360\" \/>\n<meta property=\"article:modified_time\" content=\"2026-04-10T12:56:32+00:00\" \/>\n<meta property=\"og:image\" content=\"https:\/\/fit360.ee\/wp-content\/uploads\/2025\/02\/mahedad-toorkakao-oad-fit360.ee_.jpg\" \/>\n\t<meta property=\"og:image:width\" content=\"695\" \/>\n\t<meta property=\"og:image:height\" content=\"695\" \/>\n\t<meta property=\"og:image:type\" content=\"image\/jpeg\" \/>\n<meta name=\"twitter:card\" content=\"summary_large_image\" \/>\n<meta name=\"twitter:label1\" content=\"Est. reading time\" \/>\n\t<meta name=\"twitter:data1\" content=\"2 minutes\" \/>\n<script type=\"application\/ld+json\" class=\"yoast-schema-graph\">{\"@context\":\"https:\\\/\\\/schema.org\",\"@graph\":[{\"@type\":\"WebPage\",\"@id\":\"https:\\\/\\\/fit360.ee\\\/en\\\/pood\\\/product-groups\\\/superfoods-health-foods-en\\\/fiber-en\\\/iconfit-organic-raw-cacao-nibs-200g\\\/\",\"url\":\"https:\\\/\\\/fit360.ee\\\/en\\\/pood\\\/product-groups\\\/superfoods-health-foods-en\\\/fiber-en\\\/iconfit-organic-raw-cacao-nibs-200g\\\/\",\"name\":\"ICONFIT Mahedad purustatud toorkakao oad (200g) - Kiire Tarne - Parim Hind - Fit360\",\"isPartOf\":{\"@id\":\"https:\\\/\\\/fit360.ee\\\/en\\\/#website\"},\"primaryImageOfPage\":{\"@id\":\"https:\\\/\\\/fit360.ee\\\/en\\\/pood\\\/product-groups\\\/superfoods-health-foods-en\\\/fiber-en\\\/iconfit-organic-raw-cacao-nibs-200g\\\/#primaryimage\"},\"image\":{\"@id\":\"https:\\\/\\\/fit360.ee\\\/en\\\/pood\\\/product-groups\\\/superfoods-health-foods-en\\\/fiber-en\\\/iconfit-organic-raw-cacao-nibs-200g\\\/#primaryimage\"},\"thumbnailUrl\":\"https:\\\/\\\/fit360.ee\\\/wp-content\\\/uploads\\\/2025\\\/02\\\/mahedad-toorkakao-oad-fit360.ee_.jpg\",\"datePublished\":\"2025-02-11T16:09:49+00:00\",\"dateModified\":\"2026-04-10T12:56:32+00:00\",\"description\":\"Mahedad purustatud toorkakao oad ehk kakaonibsid on v\u00e4ikesed, kr\u00f5bedad t\u00fckid purustatud kakaoubadest, mis on tuntud oma rikkaliku ja intensiivse \u0161oko...\",\"breadcrumb\":{\"@id\":\"https:\\\/\\\/fit360.ee\\\/en\\\/pood\\\/product-groups\\\/superfoods-health-foods-en\\\/fiber-en\\\/iconfit-organic-raw-cacao-nibs-200g\\\/#breadcrumb\"},\"inLanguage\":\"en-US\",\"potentialAction\":[{\"@type\":\"ReadAction\",\"target\":[\"https:\\\/\\\/fit360.ee\\\/en\\\/pood\\\/product-groups\\\/superfoods-health-foods-en\\\/fiber-en\\\/iconfit-organic-raw-cacao-nibs-200g\\\/\"]}]},{\"@type\":\"ImageObject\",\"inLanguage\":\"en-US\",\"@id\":\"https:\\\/\\\/fit360.ee\\\/en\\\/pood\\\/product-groups\\\/superfoods-health-foods-en\\\/fiber-en\\\/iconfit-organic-raw-cacao-nibs-200g\\\/#primaryimage\",\"url\":\"https:\\\/\\\/fit360.ee\\\/wp-content\\\/uploads\\\/2025\\\/02\\\/mahedad-toorkakao-oad-fit360.ee_.jpg\",\"contentUrl\":\"https:\\\/\\\/fit360.ee\\\/wp-content\\\/uploads\\\/2025\\\/02\\\/mahedad-toorkakao-oad-fit360.ee_.jpg\",\"width\":695,\"height\":695,\"caption\":\"mahedad toorkakao oad - fit360.ee\"},{\"@type\":\"BreadcrumbList\",\"@id\":\"https:\\\/\\\/fit360.ee\\\/en\\\/pood\\\/product-groups\\\/superfoods-health-foods-en\\\/fiber-en\\\/iconfit-organic-raw-cacao-nibs-200g\\\/#breadcrumb\",\"itemListElement\":[{\"@type\":\"ListItem\",\"position\":1,\"name\":\"Home\",\"item\":\"https:\\\/\\\/fit360.ee\\\/en\\\/\"},{\"@type\":\"ListItem\",\"position\":2,\"name\":\"Shop\",\"item\":\"https:\\\/\\\/fit360.ee\\\/en\\\/shop\\\/\"},{\"@type\":\"ListItem\",\"position\":3,\"name\":\"ICONFIT Mahedad purustatud toorkakao oad (200g)\"}]},{\"@type\":\"WebSite\",\"@id\":\"https:\\\/\\\/fit360.ee\\\/en\\\/#website\",\"url\":\"https:\\\/\\\/fit360.ee\\\/en\\\/\",\"name\":\"Fit360\",\"description\":\"\",\"publisher\":{\"@id\":\"https:\\\/\\\/fit360.ee\\\/en\\\/#organization\"},\"potentialAction\":[{\"@type\":\"SearchAction\",\"target\":{\"@type\":\"EntryPoint\",\"urlTemplate\":\"https:\\\/\\\/fit360.ee\\\/en\\\/?s={search_term_string}\"},\"query-input\":{\"@type\":\"PropertyValueSpecification\",\"valueRequired\":true,\"valueName\":\"search_term_string\"}}],\"inLanguage\":\"en-US\"},{\"@type\":\"Organization\",\"@id\":\"https:\\\/\\\/fit360.ee\\\/en\\\/#organization\",\"name\":\"Fit360\",\"url\":\"https:\\\/\\\/fit360.ee\\\/en\\\/\",\"logo\":{\"@type\":\"ImageObject\",\"inLanguage\":\"en-US\",\"@id\":\"https:\\\/\\\/fit360.ee\\\/en\\\/#\\\/schema\\\/logo\\\/image\\\/\",\"url\":\"https:\\\/\\\/fit360.ee\\\/wp-content\\\/uploads\\\/2017\\\/01\\\/logo-fit360.png\",\"contentUrl\":\"https:\\\/\\\/fit360.ee\\\/wp-content\\\/uploads\\\/2017\\\/01\\\/logo-fit360.png\",\"width\":180,\"height\":66,\"caption\":\"Fit360\"},\"image\":{\"@id\":\"https:\\\/\\\/fit360.ee\\\/en\\\/#\\\/schema\\\/logo\\\/image\\\/\"}}]}<\/script>\n<!-- \/ Yoast SEO plugin. -->","yoast_head_json":{"title":"ICONFIT Mahedad purustatud toorkakao oad (200g) - Kiire Tarne - Parim Hind - Fit360","description":"Mahedad purustatud toorkakao oad ehk kakaonibsid on v\u00e4ikesed, kr\u00f5bedad t\u00fckid purustatud kakaoubadest, mis on tuntud oma rikkaliku ja intensiivse \u0161oko...","robots":{"index":"index","follow":"follow","max-snippet":"max-snippet:-1","max-image-preview":"max-image-preview:large","max-video-preview":"max-video-preview:-1"},"canonical":"https:\/\/fit360.ee\/en\/pood\/product-groups\/superfoods-health-foods-en\/fiber-en\/iconfit-organic-raw-cacao-nibs-200g\/","og_locale":"en_US","og_type":"article","og_title":"ICONFIT Mahedad purustatud toorkakao oad (200g) - Kiire Tarne - Parim Hind - Fit360","og_description":"Mahedad purustatud toorkakao oad ehk kakaonibsid on v\u00e4ikesed, kr\u00f5bedad t\u00fckid purustatud kakaoubadest, mis on tuntud oma rikkaliku ja intensiivse \u0161oko...","og_url":"https:\/\/fit360.ee\/en\/pood\/product-groups\/superfoods-health-foods-en\/fiber-en\/iconfit-organic-raw-cacao-nibs-200g\/","og_site_name":"Fit360","article_modified_time":"2026-04-10T12:56:32+00:00","og_image":[{"width":695,"height":695,"url":"https:\/\/fit360.ee\/wp-content\/uploads\/2025\/02\/mahedad-toorkakao-oad-fit360.ee_.jpg","type":"image\/jpeg"}],"twitter_card":"summary_large_image","twitter_misc":{"Est. reading time":"2 minutes"},"schema":{"@context":"https:\/\/schema.org","@graph":[{"@type":"WebPage","@id":"https:\/\/fit360.ee\/en\/pood\/product-groups\/superfoods-health-foods-en\/fiber-en\/iconfit-organic-raw-cacao-nibs-200g\/","url":"https:\/\/fit360.ee\/en\/pood\/product-groups\/superfoods-health-foods-en\/fiber-en\/iconfit-organic-raw-cacao-nibs-200g\/","name":"ICONFIT Mahedad purustatud toorkakao oad (200g) - Kiire Tarne - Parim Hind - Fit360","isPartOf":{"@id":"https:\/\/fit360.ee\/en\/#website"},"primaryImageOfPage":{"@id":"https:\/\/fit360.ee\/en\/pood\/product-groups\/superfoods-health-foods-en\/fiber-en\/iconfit-organic-raw-cacao-nibs-200g\/#primaryimage"},"image":{"@id":"https:\/\/fit360.ee\/en\/pood\/product-groups\/superfoods-health-foods-en\/fiber-en\/iconfit-organic-raw-cacao-nibs-200g\/#primaryimage"},"thumbnailUrl":"https:\/\/fit360.ee\/wp-content\/uploads\/2025\/02\/mahedad-toorkakao-oad-fit360.ee_.jpg","datePublished":"2025-02-11T16:09:49+00:00","dateModified":"2026-04-10T12:56:32+00:00","description":"Mahedad purustatud toorkakao oad ehk kakaonibsid on v\u00e4ikesed, kr\u00f5bedad t\u00fckid purustatud kakaoubadest, mis on tuntud oma rikkaliku ja intensiivse \u0161oko...","breadcrumb":{"@id":"https:\/\/fit360.ee\/en\/pood\/product-groups\/superfoods-health-foods-en\/fiber-en\/iconfit-organic-raw-cacao-nibs-200g\/#breadcrumb"},"inLanguage":"en-US","potentialAction":[{"@type":"ReadAction","target":["https:\/\/fit360.ee\/en\/pood\/product-groups\/superfoods-health-foods-en\/fiber-en\/iconfit-organic-raw-cacao-nibs-200g\/"]}]},{"@type":"ImageObject","inLanguage":"en-US","@id":"https:\/\/fit360.ee\/en\/pood\/product-groups\/superfoods-health-foods-en\/fiber-en\/iconfit-organic-raw-cacao-nibs-200g\/#primaryimage","url":"https:\/\/fit360.ee\/wp-content\/uploads\/2025\/02\/mahedad-toorkakao-oad-fit360.ee_.jpg","contentUrl":"https:\/\/fit360.ee\/wp-content\/uploads\/2025\/02\/mahedad-toorkakao-oad-fit360.ee_.jpg","width":695,"height":695,"caption":"mahedad toorkakao oad - fit360.ee"},{"@type":"BreadcrumbList","@id":"https:\/\/fit360.ee\/en\/pood\/product-groups\/superfoods-health-foods-en\/fiber-en\/iconfit-organic-raw-cacao-nibs-200g\/#breadcrumb","itemListElement":[{"@type":"ListItem","position":1,"name":"Home","item":"https:\/\/fit360.ee\/en\/"},{"@type":"ListItem","position":2,"name":"Shop","item":"https:\/\/fit360.ee\/en\/shop\/"},{"@type":"ListItem","position":3,"name":"ICONFIT Mahedad purustatud toorkakao oad (200g)"}]},{"@type":"WebSite","@id":"https:\/\/fit360.ee\/en\/#website","url":"https:\/\/fit360.ee\/en\/","name":"Fit360","description":"","publisher":{"@id":"https:\/\/fit360.ee\/en\/#organization"},"potentialAction":[{"@type":"SearchAction","target":{"@type":"EntryPoint","urlTemplate":"https:\/\/fit360.ee\/en\/?s={search_term_string}"},"query-input":{"@type":"PropertyValueSpecification","valueRequired":true,"valueName":"search_term_string"}}],"inLanguage":"en-US"},{"@type":"Organization","@id":"https:\/\/fit360.ee\/en\/#organization","name":"Fit360","url":"https:\/\/fit360.ee\/en\/","logo":{"@type":"ImageObject","inLanguage":"en-US","@id":"https:\/\/fit360.ee\/en\/#\/schema\/logo\/image\/","url":"https:\/\/fit360.ee\/wp-content\/uploads\/2017\/01\/logo-fit360.png","contentUrl":"https:\/\/fit360.ee\/wp-content\/uploads\/2017\/01\/logo-fit360.png","width":180,"height":66,"caption":"Fit360"},"image":{"@id":"https:\/\/fit360.ee\/en\/#\/schema\/logo\/image\/"}}]}},"_links":{"self":[{"href":"https:\/\/fit360.ee\/en\/wp-json\/wp\/v2\/product\/86626","targetHints":{"allow":["GET"]}}],"collection":[{"href":"https:\/\/fit360.ee\/en\/wp-json\/wp\/v2\/product"}],"about":[{"href":"https:\/\/fit360.ee\/en\/wp-json\/wp\/v2\/types\/product"}],"replies":[{"embeddable":true,"href":"https:\/\/fit360.ee\/en\/wp-json\/wp\/v2\/comments?post=86626"}],"wp:featuredmedia":[{"embeddable":true,"href":"https:\/\/fit360.ee\/en\/wp-json\/wp\/v2\/media\/86624"}],"wp:attachment":[{"href":"https:\/\/fit360.ee\/en\/wp-json\/wp\/v2\/media?parent=86626"}],"wp:term":[{"taxonomy":"product_brand","embeddable":true,"href":"https:\/\/fit360.ee\/en\/wp-json\/wp\/v2\/product_brand?post=86626"},{"taxonomy":"product_cat","embeddable":true,"href":"https:\/\/fit360.ee\/en\/wp-json\/wp\/v2\/product_cat?post=86626"},{"taxonomy":"product_tag","embeddable":true,"href":"https:\/\/fit360.ee\/en\/wp-json\/wp\/v2\/product_tag?post=86626"},{"taxonomy":"giftcard-category","embeddable":true,"href":"https:\/\/fit360.ee\/en\/wp-json\/wp\/v2\/giftcard-category?post=86626"}],"curies":[{"name":"wp","href":"https:\/\/api.w.org\/{rel}","templated":true}]}}