{"id":8668,"date":"2016-12-21T12:59:28","date_gmt":"2016-12-21T10:59:28","guid":{"rendered":"https:\/\/fit360.ee\/shop\/maaratlemata\/tyrosine-200g-2\/"},"modified":"2022-09-17T15:35:27","modified_gmt":"2022-09-17T13:35:27","slug":"tyrosine-200g-2","status":"publish","type":"product","link":"https:\/\/fit360.ee\/en\/pood\/product-groups\/amino-acids-bcaa\/tyrosine-en\/tyrosine-200g-2\/","title":{"rendered":"Tyrosine (200g)"},"content":{"rendered":"<p><strong>Ingredients<\/strong>: L-tyrosine, acid: citric acid, aromas, sweetner &#8211; sucralose, colorants (for lemon and orange flavour &#8211; beta carotene, for exotic flavour &#8211; beetroot concentrate, beta carotene for raspberry-strawberry flavour &#8211; beetroot concentrate, for forest fruit flavour &#8211; indigotine).<\/p>\n<p><strong>Directions for use<\/strong>: Consume once a day 2g of product, mixed with 90ml of water.<\/p>\n<p><strong>Package contents:<\/strong> 200g \u2013 100 servings.<\/p>\n<table>\n<tbody>\n<tr>\n<td width=\"205\"><strong>Active ingredients<\/strong><\/td>\n<td width=\"205\"><strong>2g (1 serving)<\/strong><\/td>\n<\/tr>\n<tr>\n<td width=\"205\">Tyrosine<\/td>\n<td width=\"205\">1,66g<\/td>\n<\/tr>\n<\/tbody>\n<\/table>\n","protected":false},"excerpt":{"rendered":"<p><strong>TYROSINE<\/strong>:<\/p>\n<ul>\n<li>Support adrenal function<\/li>\n<li>Promote healthy thyroid function<\/li>\n<li>Support mood and well being<\/li>\n<li>Improves mental health<\/li>\n<li>Energy booster<\/li>\n<\/ul>\n<p><strong>Tyrosine<\/strong> is a top quality powdered supplement, which contains a large dose of quickly absorbed L-tyrosine. This amino acid enhances general fitness, puts you in a good mood and improves your mental health, also increasing your motivation.<\/p>\n<p><strong>L-tyrosine<\/strong> helps to reduce fatigue, participates in metabolic process and reduces appetite, which is particularly desired by people following reduction diets, who suffer from the constant feeling of hunger. Tyrosine is also a perfect choice for everyone who wants to burn excess fat more quickly and effectively.<\/p>\n","protected":false},"featured_media":8661,"comment_status":"open","ping_status":"closed","template":"","meta":[],"product_brand":[],"product_cat":[520,3030,533,515,2327],"product_tag":[1787,1803,1809,1810],"giftcard-category":[],"class_list":{"0":"post-8668","1":"product","2":"type-product","3":"status-publish","4":"has-post-thumbnail","6":"product_cat-amino-acids-bcaa","7":"product_cat-best-before-en","8":"product_cat-pre-workout-en","9":"product_cat-real-pharm","10":"product_cat-tyrosine-en","11":"product_tag-aminohapped-en","12":"product_tag-real-pharm-en","13":"product_tag-turosiin-en","14":"product_tag-tyrosine-en","15":"pa_maitse-exotic-en","16":"pa_maitse-lemon-orange-en","17":"pa_maitse-natural","18":"pa_maitse-raspberry-strawberry","20":"first","21":"instock","22":"sale","23":"taxable","24":"shipping-taxable","25":"purchasable","26":"product-type-variable"},"yoast_head":"<!-- This site is optimized with the Yoast SEO plugin v27.3 - https:\/\/yoast.com\/product\/yoast-seo-wordpress\/ -->\n<title>T\u00fcrosiin (200g) - Aminohapped - Tyrosine pulber - Kiire tarne: 1-3 p\u00e4eva<\/title>\n<meta name=\"description\" content=\"T\u00fcrosiin sobib: treeningueelseks &quot;pump&quot; efekti andmiseks, dieedi kergemaks l\u00e4biviimiseks\u00a0ja kasutamiseks energiaallikana. Proovi j\u00e4rgi!\" \/>\n<meta name=\"robots\" content=\"index, follow, max-snippet:-1, max-image-preview:large, max-video-preview:-1\" \/>\n<link rel=\"canonical\" href=\"https:\/\/fit360.ee\/en\/pood\/product-groups\/amino-acids-bcaa\/tyrosine-en\/tyrosine-200g-2\/\" \/>\n<meta property=\"og:locale\" content=\"en_US\" \/>\n<meta property=\"og:type\" content=\"article\" \/>\n<meta property=\"og:title\" content=\"T\u00fcrosiin (200g) - Aminohapped - Tyrosine pulber - Kiire tarne: 1-3 p\u00e4eva\" \/>\n<meta property=\"og:description\" content=\"T\u00fcrosiin sobib: treeningueelseks &quot;pump&quot; efekti andmiseks, dieedi kergemaks l\u00e4biviimiseks\u00a0ja kasutamiseks energiaallikana. Proovi j\u00e4rgi!\" \/>\n<meta property=\"og:url\" content=\"https:\/\/fit360.ee\/en\/pood\/product-groups\/amino-acids-bcaa\/tyrosine-en\/tyrosine-200g-2\/\" \/>\n<meta property=\"og:site_name\" content=\"Fit360\" \/>\n<meta property=\"article:modified_time\" content=\"2022-09-17T13:35:27+00:00\" \/>\n<meta property=\"og:image\" content=\"https:\/\/fit360.ee\/wp-content\/uploads\/2016\/12\/tyrosine-200g.png\" \/>\n\t<meta property=\"og:image:width\" content=\"600\" \/>\n\t<meta property=\"og:image:height\" content=\"600\" \/>\n\t<meta property=\"og:image:type\" content=\"image\/png\" \/>\n<meta name=\"twitter:card\" content=\"summary_large_image\" \/>\n<script type=\"application\/ld+json\" class=\"yoast-schema-graph\">{\"@context\":\"https:\\\/\\\/schema.org\",\"@graph\":[{\"@type\":\"WebPage\",\"@id\":\"https:\\\/\\\/fit360.ee\\\/en\\\/pood\\\/product-groups\\\/amino-acids-bcaa\\\/tyrosine-en\\\/tyrosine-200g-2\\\/\",\"url\":\"https:\\\/\\\/fit360.ee\\\/en\\\/pood\\\/product-groups\\\/amino-acids-bcaa\\\/tyrosine-en\\\/tyrosine-200g-2\\\/\",\"name\":\"T\u00fcrosiin (200g) - Aminohapped - Tyrosine pulber - Kiire tarne: 1-3 p\u00e4eva\",\"isPartOf\":{\"@id\":\"https:\\\/\\\/fit360.ee\\\/en\\\/#website\"},\"primaryImageOfPage\":{\"@id\":\"https:\\\/\\\/fit360.ee\\\/en\\\/pood\\\/product-groups\\\/amino-acids-bcaa\\\/tyrosine-en\\\/tyrosine-200g-2\\\/#primaryimage\"},\"image\":{\"@id\":\"https:\\\/\\\/fit360.ee\\\/en\\\/pood\\\/product-groups\\\/amino-acids-bcaa\\\/tyrosine-en\\\/tyrosine-200g-2\\\/#primaryimage\"},\"thumbnailUrl\":\"https:\\\/\\\/fit360.ee\\\/wp-content\\\/uploads\\\/2016\\\/12\\\/tyrosine-200g.png\",\"datePublished\":\"2016-12-21T10:59:28+00:00\",\"dateModified\":\"2022-09-17T13:35:27+00:00\",\"description\":\"T\u00fcrosiin sobib: treeningueelseks \\\"pump\\\" efekti andmiseks, dieedi kergemaks l\u00e4biviimiseks\u00a0ja kasutamiseks energiaallikana. Proovi j\u00e4rgi!\",\"breadcrumb\":{\"@id\":\"https:\\\/\\\/fit360.ee\\\/en\\\/pood\\\/product-groups\\\/amino-acids-bcaa\\\/tyrosine-en\\\/tyrosine-200g-2\\\/#breadcrumb\"},\"inLanguage\":\"en-US\",\"potentialAction\":[{\"@type\":\"ReadAction\",\"target\":[\"https:\\\/\\\/fit360.ee\\\/en\\\/pood\\\/product-groups\\\/amino-acids-bcaa\\\/tyrosine-en\\\/tyrosine-200g-2\\\/\"]}]},{\"@type\":\"ImageObject\",\"inLanguage\":\"en-US\",\"@id\":\"https:\\\/\\\/fit360.ee\\\/en\\\/pood\\\/product-groups\\\/amino-acids-bcaa\\\/tyrosine-en\\\/tyrosine-200g-2\\\/#primaryimage\",\"url\":\"https:\\\/\\\/fit360.ee\\\/wp-content\\\/uploads\\\/2016\\\/12\\\/tyrosine-200g.png\",\"contentUrl\":\"https:\\\/\\\/fit360.ee\\\/wp-content\\\/uploads\\\/2016\\\/12\\\/tyrosine-200g.png\",\"width\":600,\"height\":600,\"caption\":\"T\u00fcrosiin pulbri kujul - fit360.ee\"},{\"@type\":\"BreadcrumbList\",\"@id\":\"https:\\\/\\\/fit360.ee\\\/en\\\/pood\\\/product-groups\\\/amino-acids-bcaa\\\/tyrosine-en\\\/tyrosine-200g-2\\\/#breadcrumb\",\"itemListElement\":[{\"@type\":\"ListItem\",\"position\":1,\"name\":\"Home\",\"item\":\"https:\\\/\\\/fit360.ee\\\/en\\\/\"},{\"@type\":\"ListItem\",\"position\":2,\"name\":\"Shop\",\"item\":\"https:\\\/\\\/fit360.ee\\\/en\\\/shop\\\/\"},{\"@type\":\"ListItem\",\"position\":3,\"name\":\"Tyrosine (200g)\"}]},{\"@type\":\"WebSite\",\"@id\":\"https:\\\/\\\/fit360.ee\\\/en\\\/#website\",\"url\":\"https:\\\/\\\/fit360.ee\\\/en\\\/\",\"name\":\"Fit360\",\"description\":\"\",\"publisher\":{\"@id\":\"https:\\\/\\\/fit360.ee\\\/en\\\/#organization\"},\"potentialAction\":[{\"@type\":\"SearchAction\",\"target\":{\"@type\":\"EntryPoint\",\"urlTemplate\":\"https:\\\/\\\/fit360.ee\\\/en\\\/?s={search_term_string}\"},\"query-input\":{\"@type\":\"PropertyValueSpecification\",\"valueRequired\":true,\"valueName\":\"search_term_string\"}}],\"inLanguage\":\"en-US\"},{\"@type\":\"Organization\",\"@id\":\"https:\\\/\\\/fit360.ee\\\/en\\\/#organization\",\"name\":\"Fit360\",\"url\":\"https:\\\/\\\/fit360.ee\\\/en\\\/\",\"logo\":{\"@type\":\"ImageObject\",\"inLanguage\":\"en-US\",\"@id\":\"https:\\\/\\\/fit360.ee\\\/en\\\/#\\\/schema\\\/logo\\\/image\\\/\",\"url\":\"https:\\\/\\\/fit360.ee\\\/wp-content\\\/uploads\\\/2017\\\/01\\\/logo-fit360.png\",\"contentUrl\":\"https:\\\/\\\/fit360.ee\\\/wp-content\\\/uploads\\\/2017\\\/01\\\/logo-fit360.png\",\"width\":180,\"height\":66,\"caption\":\"Fit360\"},\"image\":{\"@id\":\"https:\\\/\\\/fit360.ee\\\/en\\\/#\\\/schema\\\/logo\\\/image\\\/\"}}]}<\/script>\n<!-- \/ Yoast SEO plugin. -->","yoast_head_json":{"title":"T\u00fcrosiin (200g) - Aminohapped - Tyrosine pulber - Kiire tarne: 1-3 p\u00e4eva","description":"T\u00fcrosiin sobib: treeningueelseks \"pump\" efekti andmiseks, dieedi kergemaks l\u00e4biviimiseks\u00a0ja kasutamiseks energiaallikana. Proovi j\u00e4rgi!","robots":{"index":"index","follow":"follow","max-snippet":"max-snippet:-1","max-image-preview":"max-image-preview:large","max-video-preview":"max-video-preview:-1"},"canonical":"https:\/\/fit360.ee\/en\/pood\/product-groups\/amino-acids-bcaa\/tyrosine-en\/tyrosine-200g-2\/","og_locale":"en_US","og_type":"article","og_title":"T\u00fcrosiin (200g) - Aminohapped - Tyrosine pulber - Kiire tarne: 1-3 p\u00e4eva","og_description":"T\u00fcrosiin sobib: treeningueelseks \"pump\" efekti andmiseks, dieedi kergemaks l\u00e4biviimiseks\u00a0ja kasutamiseks energiaallikana. Proovi j\u00e4rgi!","og_url":"https:\/\/fit360.ee\/en\/pood\/product-groups\/amino-acids-bcaa\/tyrosine-en\/tyrosine-200g-2\/","og_site_name":"Fit360","article_modified_time":"2022-09-17T13:35:27+00:00","og_image":[{"width":600,"height":600,"url":"https:\/\/fit360.ee\/wp-content\/uploads\/2016\/12\/tyrosine-200g.png","type":"image\/png"}],"twitter_card":"summary_large_image","schema":{"@context":"https:\/\/schema.org","@graph":[{"@type":"WebPage","@id":"https:\/\/fit360.ee\/en\/pood\/product-groups\/amino-acids-bcaa\/tyrosine-en\/tyrosine-200g-2\/","url":"https:\/\/fit360.ee\/en\/pood\/product-groups\/amino-acids-bcaa\/tyrosine-en\/tyrosine-200g-2\/","name":"T\u00fcrosiin (200g) - Aminohapped - Tyrosine pulber - Kiire tarne: 1-3 p\u00e4eva","isPartOf":{"@id":"https:\/\/fit360.ee\/en\/#website"},"primaryImageOfPage":{"@id":"https:\/\/fit360.ee\/en\/pood\/product-groups\/amino-acids-bcaa\/tyrosine-en\/tyrosine-200g-2\/#primaryimage"},"image":{"@id":"https:\/\/fit360.ee\/en\/pood\/product-groups\/amino-acids-bcaa\/tyrosine-en\/tyrosine-200g-2\/#primaryimage"},"thumbnailUrl":"https:\/\/fit360.ee\/wp-content\/uploads\/2016\/12\/tyrosine-200g.png","datePublished":"2016-12-21T10:59:28+00:00","dateModified":"2022-09-17T13:35:27+00:00","description":"T\u00fcrosiin sobib: treeningueelseks \"pump\" efekti andmiseks, dieedi kergemaks l\u00e4biviimiseks\u00a0ja kasutamiseks energiaallikana. Proovi j\u00e4rgi!","breadcrumb":{"@id":"https:\/\/fit360.ee\/en\/pood\/product-groups\/amino-acids-bcaa\/tyrosine-en\/tyrosine-200g-2\/#breadcrumb"},"inLanguage":"en-US","potentialAction":[{"@type":"ReadAction","target":["https:\/\/fit360.ee\/en\/pood\/product-groups\/amino-acids-bcaa\/tyrosine-en\/tyrosine-200g-2\/"]}]},{"@type":"ImageObject","inLanguage":"en-US","@id":"https:\/\/fit360.ee\/en\/pood\/product-groups\/amino-acids-bcaa\/tyrosine-en\/tyrosine-200g-2\/#primaryimage","url":"https:\/\/fit360.ee\/wp-content\/uploads\/2016\/12\/tyrosine-200g.png","contentUrl":"https:\/\/fit360.ee\/wp-content\/uploads\/2016\/12\/tyrosine-200g.png","width":600,"height":600,"caption":"T\u00fcrosiin pulbri kujul - fit360.ee"},{"@type":"BreadcrumbList","@id":"https:\/\/fit360.ee\/en\/pood\/product-groups\/amino-acids-bcaa\/tyrosine-en\/tyrosine-200g-2\/#breadcrumb","itemListElement":[{"@type":"ListItem","position":1,"name":"Home","item":"https:\/\/fit360.ee\/en\/"},{"@type":"ListItem","position":2,"name":"Shop","item":"https:\/\/fit360.ee\/en\/shop\/"},{"@type":"ListItem","position":3,"name":"Tyrosine (200g)"}]},{"@type":"WebSite","@id":"https:\/\/fit360.ee\/en\/#website","url":"https:\/\/fit360.ee\/en\/","name":"Fit360","description":"","publisher":{"@id":"https:\/\/fit360.ee\/en\/#organization"},"potentialAction":[{"@type":"SearchAction","target":{"@type":"EntryPoint","urlTemplate":"https:\/\/fit360.ee\/en\/?s={search_term_string}"},"query-input":{"@type":"PropertyValueSpecification","valueRequired":true,"valueName":"search_term_string"}}],"inLanguage":"en-US"},{"@type":"Organization","@id":"https:\/\/fit360.ee\/en\/#organization","name":"Fit360","url":"https:\/\/fit360.ee\/en\/","logo":{"@type":"ImageObject","inLanguage":"en-US","@id":"https:\/\/fit360.ee\/en\/#\/schema\/logo\/image\/","url":"https:\/\/fit360.ee\/wp-content\/uploads\/2017\/01\/logo-fit360.png","contentUrl":"https:\/\/fit360.ee\/wp-content\/uploads\/2017\/01\/logo-fit360.png","width":180,"height":66,"caption":"Fit360"},"image":{"@id":"https:\/\/fit360.ee\/en\/#\/schema\/logo\/image\/"}}]}},"_links":{"self":[{"href":"https:\/\/fit360.ee\/en\/wp-json\/wp\/v2\/product\/8668","targetHints":{"allow":["GET"]}}],"collection":[{"href":"https:\/\/fit360.ee\/en\/wp-json\/wp\/v2\/product"}],"about":[{"href":"https:\/\/fit360.ee\/en\/wp-json\/wp\/v2\/types\/product"}],"replies":[{"embeddable":true,"href":"https:\/\/fit360.ee\/en\/wp-json\/wp\/v2\/comments?post=8668"}],"wp:featuredmedia":[{"embeddable":true,"href":"https:\/\/fit360.ee\/en\/wp-json\/wp\/v2\/media\/8661"}],"wp:attachment":[{"href":"https:\/\/fit360.ee\/en\/wp-json\/wp\/v2\/media?parent=8668"}],"wp:term":[{"taxonomy":"product_brand","embeddable":true,"href":"https:\/\/fit360.ee\/en\/wp-json\/wp\/v2\/product_brand?post=8668"},{"taxonomy":"product_cat","embeddable":true,"href":"https:\/\/fit360.ee\/en\/wp-json\/wp\/v2\/product_cat?post=8668"},{"taxonomy":"product_tag","embeddable":true,"href":"https:\/\/fit360.ee\/en\/wp-json\/wp\/v2\/product_tag?post=8668"},{"taxonomy":"giftcard-category","embeddable":true,"href":"https:\/\/fit360.ee\/en\/wp-json\/wp\/v2\/giftcard-category?post=8668"}],"curies":[{"name":"wp","href":"https:\/\/api.w.org\/{rel}","templated":true}]}}