{"id":86842,"date":"2025-02-21T19:15:25","date_gmt":"2025-02-21T17:15:25","guid":{"rendered":"https:\/\/fit360.ee\/pood\/uncategorized\/iconfit-msm-pulber-150g\/"},"modified":"2026-04-10T14:56:44","modified_gmt":"2026-04-10T12:56:44","slug":"iconfit-msm-pulber-150g","status":"publish","type":"product","link":"https:\/\/fit360.ee\/en\/pood\/product-groups\/superfoods-health-foods-en\/msm-en\/iconfit-msm-pulber-150g\/","title":{"rendered":"ICONFIT MSM Pulber  (150g)"},"content":{"rendered":"<h2><strong>ICONFIT MSM Pulber\u00a0<\/strong><\/h2>\n<p>ICONFIT MSM Pulber on hea ja t\u00f5hus liigesetoit.<\/p>\n<p>MSM (met\u00fc\u00fclsulfon\u00fc\u00fclmetaani) pulber on looduslik v\u00e4\u00e4vlip\u00f5hine \u00fchend, mis esineb sellistes toiduainetes nagu puuviljad, k\u00f6\u00f6giviljad ja teraviljad.\u00a0HOIATUS:\u00a0Mitte kasutada toidulisandit mitmekesise toitumise asendajana. Mitte \u00fcletada soovitatavat \u00f6\u00f6p\u00e4evast annust. Hoida lastele k\u00e4ttesaamatus kohas. Mitte kasutada lastel, rasedatel ja imetavatel naistel.<\/p>\n<p>S\u00c4ILITAMINE:\u00a0Hoida toatemperatuuril, niiskuse ja otsese p\u00e4ikesevalguse eest kaitstult.<\/p>\n<p><b><strong>KUIDAS KASUTADA:\u00a0<\/strong><\/b>T\u00e4iskasvanutel kasutada 1 kord p\u00e4evas, lisades \u00bd teelusikat\u00e4it (1 g) pulbrit mahladele, smuutidele v\u00f5i jogurtitele. MSM on kergelt m\u00f5rkja maitsega. Kasutada kuurina 1-4 kuud.<\/p>\n<p><b><strong>KOOSTISOSAD:<\/strong><\/b>\u00a0MSM pulber\u00a0<i><em>(met\u00fc\u00fclsulfon\u00fc\u00fclmetaan<\/em><\/i>).<\/p>\n<p>Vaata ka meie teisi MSM tooteid <a href=\"https:\/\/fit360.ee\/en\/product-category\/product-groups\/superfoods-health-foods-en\/msm-en\/\"><strong>SIIT<\/strong><\/a> v\u00f5i Liigestele m\u00f5eldud tooteid <a href=\"https:\/\/fit360.ee\/en\/product-category\/product-groups\/joint-support-en\/\"><strong>SIIT<\/strong><\/a>!<\/p>\n<p>Soovid kaupa osta suuremas koguses? Vaata antud toodet ka meie HULGI poest\u00a0<a href=\"https:\/\/toidulisandidhulgi.ee\/tooted\/iconfit-msm-pulber-150g\/\"><strong>SIIT<\/strong><\/a>!<\/p>\n","protected":false},"excerpt":{"rendered":"<p><strong>ICONFIT MSM pulber (met\u00fc\u00fclsulfon\u00fc\u00fclmetaan) on v\u00e4\u00e4vlit sisaldav \u00fchend, mida leidub looduslikult taimedes, loomades ja inimkehas. See on toidulisand, mida kasutatakse ka lisaainena looduslikus kodukosmeetikas. Sobib veganitele ja taimetoitlastele<\/strong><\/p>\n","protected":false},"featured_media":86841,"comment_status":"open","ping_status":"closed","template":"","meta":[],"product_brand":[],"product_cat":[1318,527,2342,1454,1201],"product_tag":[1681,5599,3363,5600],"giftcard-category":[],"class_list":{"0":"post-86842","1":"product","2":"type-product","3":"status-publish","4":"has-post-thumbnail","6":"product_cat-iconfit-en","7":"product_cat-joint-support-en","8":"product_cat-msm-en","9":"product_cat-superfoods-health-foods-en","10":"product_cat-1201","11":"product_tag-iconfit-en","12":"product_tag-iconfit-msm-pulber-en","13":"product_tag-msm-en","14":"product_tag-msm-pulber-en","15":"pa_kogus-150g-en","16":"pa_toidulisand-branddd-iconfit","17":"pa_tootegruppp-for-joints","18":"pa_tootegruppp-msm-en","19":"pa_tootegruppp-supertoit-tervisetoit-en","20":"pa_tootegruppp-vegan-en","22":"first","23":"instock","24":"sale","25":"taxable","26":"shipping-taxable","27":"purchasable","28":"product-type-simple"},"yoast_head":"<!-- This site is optimized with the Yoast SEO plugin v27.3 - https:\/\/yoast.com\/product\/yoast-seo-wordpress\/ -->\n<title>ICONFIT MSM Pulber (150g) - 100% puhas - Parim Hind - Kiire Tarne - Fit360<\/title>\n<meta name=\"description\" content=\"ICONFIT MSM pulber (met\u00fc\u00fclsulfon\u00fc\u00fclmetaani) on looduslik v\u00e4\u00e4vlip\u00f5hine \u00fchend, mis esineb sellistes toiduainetes nagu puuviljad, k\u00f6\u00f6giviljad ja teraviljad.\u00a0\" \/>\n<meta name=\"robots\" content=\"index, follow, max-snippet:-1, max-image-preview:large, max-video-preview:-1\" \/>\n<link rel=\"canonical\" href=\"https:\/\/fit360.ee\/en\/pood\/product-groups\/superfoods-health-foods-en\/msm-en\/iconfit-msm-pulber-150g\/\" \/>\n<meta property=\"og:locale\" content=\"en_US\" \/>\n<meta property=\"og:type\" content=\"article\" \/>\n<meta property=\"og:title\" content=\"ICONFIT MSM Pulber (150g) - 100% puhas - Parim Hind - Kiire Tarne - Fit360\" \/>\n<meta property=\"og:description\" content=\"ICONFIT MSM pulber (met\u00fc\u00fclsulfon\u00fc\u00fclmetaani) on looduslik v\u00e4\u00e4vlip\u00f5hine \u00fchend, mis esineb sellistes toiduainetes nagu puuviljad, k\u00f6\u00f6giviljad ja teraviljad.\u00a0\" \/>\n<meta property=\"og:url\" content=\"https:\/\/fit360.ee\/en\/pood\/product-groups\/superfoods-health-foods-en\/msm-en\/iconfit-msm-pulber-150g\/\" \/>\n<meta property=\"og:site_name\" content=\"Fit360\" \/>\n<meta property=\"article:modified_time\" content=\"2026-04-10T12:56:44+00:00\" \/>\n<meta property=\"og:image\" content=\"https:\/\/fit360.ee\/wp-content\/uploads\/2025\/02\/iconfit-msm-pulber-fit360.ee_.jpg\" \/>\n\t<meta property=\"og:image:width\" content=\"695\" \/>\n\t<meta property=\"og:image:height\" content=\"695\" \/>\n\t<meta property=\"og:image:type\" content=\"image\/jpeg\" \/>\n<meta name=\"twitter:card\" content=\"summary_large_image\" \/>\n<meta name=\"twitter:label1\" content=\"Est. reading time\" \/>\n\t<meta name=\"twitter:data1\" content=\"1 minute\" \/>\n<script type=\"application\/ld+json\" class=\"yoast-schema-graph\">{\"@context\":\"https:\\\/\\\/schema.org\",\"@graph\":[{\"@type\":\"WebPage\",\"@id\":\"https:\\\/\\\/fit360.ee\\\/en\\\/pood\\\/product-groups\\\/superfoods-health-foods-en\\\/msm-en\\\/iconfit-msm-pulber-150g\\\/\",\"url\":\"https:\\\/\\\/fit360.ee\\\/en\\\/pood\\\/product-groups\\\/superfoods-health-foods-en\\\/msm-en\\\/iconfit-msm-pulber-150g\\\/\",\"name\":\"ICONFIT MSM Pulber (150g) - 100% puhas - Parim Hind - Kiire Tarne - Fit360\",\"isPartOf\":{\"@id\":\"https:\\\/\\\/fit360.ee\\\/en\\\/#website\"},\"primaryImageOfPage\":{\"@id\":\"https:\\\/\\\/fit360.ee\\\/en\\\/pood\\\/product-groups\\\/superfoods-health-foods-en\\\/msm-en\\\/iconfit-msm-pulber-150g\\\/#primaryimage\"},\"image\":{\"@id\":\"https:\\\/\\\/fit360.ee\\\/en\\\/pood\\\/product-groups\\\/superfoods-health-foods-en\\\/msm-en\\\/iconfit-msm-pulber-150g\\\/#primaryimage\"},\"thumbnailUrl\":\"https:\\\/\\\/fit360.ee\\\/wp-content\\\/uploads\\\/2025\\\/02\\\/iconfit-msm-pulber-fit360.ee_.jpg\",\"datePublished\":\"2025-02-21T17:15:25+00:00\",\"dateModified\":\"2026-04-10T12:56:44+00:00\",\"description\":\"ICONFIT MSM pulber (met\u00fc\u00fclsulfon\u00fc\u00fclmetaani) on looduslik v\u00e4\u00e4vlip\u00f5hine \u00fchend, mis esineb sellistes toiduainetes nagu puuviljad, k\u00f6\u00f6giviljad ja teraviljad.\u00a0\",\"breadcrumb\":{\"@id\":\"https:\\\/\\\/fit360.ee\\\/en\\\/pood\\\/product-groups\\\/superfoods-health-foods-en\\\/msm-en\\\/iconfit-msm-pulber-150g\\\/#breadcrumb\"},\"inLanguage\":\"en-US\",\"potentialAction\":[{\"@type\":\"ReadAction\",\"target\":[\"https:\\\/\\\/fit360.ee\\\/en\\\/pood\\\/product-groups\\\/superfoods-health-foods-en\\\/msm-en\\\/iconfit-msm-pulber-150g\\\/\"]}]},{\"@type\":\"ImageObject\",\"inLanguage\":\"en-US\",\"@id\":\"https:\\\/\\\/fit360.ee\\\/en\\\/pood\\\/product-groups\\\/superfoods-health-foods-en\\\/msm-en\\\/iconfit-msm-pulber-150g\\\/#primaryimage\",\"url\":\"https:\\\/\\\/fit360.ee\\\/wp-content\\\/uploads\\\/2025\\\/02\\\/iconfit-msm-pulber-fit360.ee_.jpg\",\"contentUrl\":\"https:\\\/\\\/fit360.ee\\\/wp-content\\\/uploads\\\/2025\\\/02\\\/iconfit-msm-pulber-fit360.ee_.jpg\",\"width\":695,\"height\":695,\"caption\":\"iconfit msm pulber - fit360.ee\"},{\"@type\":\"BreadcrumbList\",\"@id\":\"https:\\\/\\\/fit360.ee\\\/en\\\/pood\\\/product-groups\\\/superfoods-health-foods-en\\\/msm-en\\\/iconfit-msm-pulber-150g\\\/#breadcrumb\",\"itemListElement\":[{\"@type\":\"ListItem\",\"position\":1,\"name\":\"Home\",\"item\":\"https:\\\/\\\/fit360.ee\\\/en\\\/\"},{\"@type\":\"ListItem\",\"position\":2,\"name\":\"Shop\",\"item\":\"https:\\\/\\\/fit360.ee\\\/en\\\/shop\\\/\"},{\"@type\":\"ListItem\",\"position\":3,\"name\":\"ICONFIT MSM Pulber (150g)\"}]},{\"@type\":\"WebSite\",\"@id\":\"https:\\\/\\\/fit360.ee\\\/en\\\/#website\",\"url\":\"https:\\\/\\\/fit360.ee\\\/en\\\/\",\"name\":\"Fit360\",\"description\":\"\",\"publisher\":{\"@id\":\"https:\\\/\\\/fit360.ee\\\/en\\\/#organization\"},\"potentialAction\":[{\"@type\":\"SearchAction\",\"target\":{\"@type\":\"EntryPoint\",\"urlTemplate\":\"https:\\\/\\\/fit360.ee\\\/en\\\/?s={search_term_string}\"},\"query-input\":{\"@type\":\"PropertyValueSpecification\",\"valueRequired\":true,\"valueName\":\"search_term_string\"}}],\"inLanguage\":\"en-US\"},{\"@type\":\"Organization\",\"@id\":\"https:\\\/\\\/fit360.ee\\\/en\\\/#organization\",\"name\":\"Fit360\",\"url\":\"https:\\\/\\\/fit360.ee\\\/en\\\/\",\"logo\":{\"@type\":\"ImageObject\",\"inLanguage\":\"en-US\",\"@id\":\"https:\\\/\\\/fit360.ee\\\/en\\\/#\\\/schema\\\/logo\\\/image\\\/\",\"url\":\"https:\\\/\\\/fit360.ee\\\/wp-content\\\/uploads\\\/2017\\\/01\\\/logo-fit360.png\",\"contentUrl\":\"https:\\\/\\\/fit360.ee\\\/wp-content\\\/uploads\\\/2017\\\/01\\\/logo-fit360.png\",\"width\":180,\"height\":66,\"caption\":\"Fit360\"},\"image\":{\"@id\":\"https:\\\/\\\/fit360.ee\\\/en\\\/#\\\/schema\\\/logo\\\/image\\\/\"}}]}<\/script>\n<!-- \/ Yoast SEO plugin. -->","yoast_head_json":{"title":"ICONFIT MSM Pulber (150g) - 100% puhas - Parim Hind - Kiire Tarne - Fit360","description":"ICONFIT MSM pulber (met\u00fc\u00fclsulfon\u00fc\u00fclmetaani) on looduslik v\u00e4\u00e4vlip\u00f5hine \u00fchend, mis esineb sellistes toiduainetes nagu puuviljad, k\u00f6\u00f6giviljad ja teraviljad.\u00a0","robots":{"index":"index","follow":"follow","max-snippet":"max-snippet:-1","max-image-preview":"max-image-preview:large","max-video-preview":"max-video-preview:-1"},"canonical":"https:\/\/fit360.ee\/en\/pood\/product-groups\/superfoods-health-foods-en\/msm-en\/iconfit-msm-pulber-150g\/","og_locale":"en_US","og_type":"article","og_title":"ICONFIT MSM Pulber (150g) - 100% puhas - Parim Hind - Kiire Tarne - Fit360","og_description":"ICONFIT MSM pulber (met\u00fc\u00fclsulfon\u00fc\u00fclmetaani) on looduslik v\u00e4\u00e4vlip\u00f5hine \u00fchend, mis esineb sellistes toiduainetes nagu puuviljad, k\u00f6\u00f6giviljad ja teraviljad.\u00a0","og_url":"https:\/\/fit360.ee\/en\/pood\/product-groups\/superfoods-health-foods-en\/msm-en\/iconfit-msm-pulber-150g\/","og_site_name":"Fit360","article_modified_time":"2026-04-10T12:56:44+00:00","og_image":[{"width":695,"height":695,"url":"https:\/\/fit360.ee\/wp-content\/uploads\/2025\/02\/iconfit-msm-pulber-fit360.ee_.jpg","type":"image\/jpeg"}],"twitter_card":"summary_large_image","twitter_misc":{"Est. reading time":"1 minute"},"schema":{"@context":"https:\/\/schema.org","@graph":[{"@type":"WebPage","@id":"https:\/\/fit360.ee\/en\/pood\/product-groups\/superfoods-health-foods-en\/msm-en\/iconfit-msm-pulber-150g\/","url":"https:\/\/fit360.ee\/en\/pood\/product-groups\/superfoods-health-foods-en\/msm-en\/iconfit-msm-pulber-150g\/","name":"ICONFIT MSM Pulber (150g) - 100% puhas - Parim Hind - Kiire Tarne - Fit360","isPartOf":{"@id":"https:\/\/fit360.ee\/en\/#website"},"primaryImageOfPage":{"@id":"https:\/\/fit360.ee\/en\/pood\/product-groups\/superfoods-health-foods-en\/msm-en\/iconfit-msm-pulber-150g\/#primaryimage"},"image":{"@id":"https:\/\/fit360.ee\/en\/pood\/product-groups\/superfoods-health-foods-en\/msm-en\/iconfit-msm-pulber-150g\/#primaryimage"},"thumbnailUrl":"https:\/\/fit360.ee\/wp-content\/uploads\/2025\/02\/iconfit-msm-pulber-fit360.ee_.jpg","datePublished":"2025-02-21T17:15:25+00:00","dateModified":"2026-04-10T12:56:44+00:00","description":"ICONFIT MSM pulber (met\u00fc\u00fclsulfon\u00fc\u00fclmetaani) on looduslik v\u00e4\u00e4vlip\u00f5hine \u00fchend, mis esineb sellistes toiduainetes nagu puuviljad, k\u00f6\u00f6giviljad ja teraviljad.\u00a0","breadcrumb":{"@id":"https:\/\/fit360.ee\/en\/pood\/product-groups\/superfoods-health-foods-en\/msm-en\/iconfit-msm-pulber-150g\/#breadcrumb"},"inLanguage":"en-US","potentialAction":[{"@type":"ReadAction","target":["https:\/\/fit360.ee\/en\/pood\/product-groups\/superfoods-health-foods-en\/msm-en\/iconfit-msm-pulber-150g\/"]}]},{"@type":"ImageObject","inLanguage":"en-US","@id":"https:\/\/fit360.ee\/en\/pood\/product-groups\/superfoods-health-foods-en\/msm-en\/iconfit-msm-pulber-150g\/#primaryimage","url":"https:\/\/fit360.ee\/wp-content\/uploads\/2025\/02\/iconfit-msm-pulber-fit360.ee_.jpg","contentUrl":"https:\/\/fit360.ee\/wp-content\/uploads\/2025\/02\/iconfit-msm-pulber-fit360.ee_.jpg","width":695,"height":695,"caption":"iconfit msm pulber - fit360.ee"},{"@type":"BreadcrumbList","@id":"https:\/\/fit360.ee\/en\/pood\/product-groups\/superfoods-health-foods-en\/msm-en\/iconfit-msm-pulber-150g\/#breadcrumb","itemListElement":[{"@type":"ListItem","position":1,"name":"Home","item":"https:\/\/fit360.ee\/en\/"},{"@type":"ListItem","position":2,"name":"Shop","item":"https:\/\/fit360.ee\/en\/shop\/"},{"@type":"ListItem","position":3,"name":"ICONFIT MSM Pulber (150g)"}]},{"@type":"WebSite","@id":"https:\/\/fit360.ee\/en\/#website","url":"https:\/\/fit360.ee\/en\/","name":"Fit360","description":"","publisher":{"@id":"https:\/\/fit360.ee\/en\/#organization"},"potentialAction":[{"@type":"SearchAction","target":{"@type":"EntryPoint","urlTemplate":"https:\/\/fit360.ee\/en\/?s={search_term_string}"},"query-input":{"@type":"PropertyValueSpecification","valueRequired":true,"valueName":"search_term_string"}}],"inLanguage":"en-US"},{"@type":"Organization","@id":"https:\/\/fit360.ee\/en\/#organization","name":"Fit360","url":"https:\/\/fit360.ee\/en\/","logo":{"@type":"ImageObject","inLanguage":"en-US","@id":"https:\/\/fit360.ee\/en\/#\/schema\/logo\/image\/","url":"https:\/\/fit360.ee\/wp-content\/uploads\/2017\/01\/logo-fit360.png","contentUrl":"https:\/\/fit360.ee\/wp-content\/uploads\/2017\/01\/logo-fit360.png","width":180,"height":66,"caption":"Fit360"},"image":{"@id":"https:\/\/fit360.ee\/en\/#\/schema\/logo\/image\/"}}]}},"_links":{"self":[{"href":"https:\/\/fit360.ee\/en\/wp-json\/wp\/v2\/product\/86842","targetHints":{"allow":["GET"]}}],"collection":[{"href":"https:\/\/fit360.ee\/en\/wp-json\/wp\/v2\/product"}],"about":[{"href":"https:\/\/fit360.ee\/en\/wp-json\/wp\/v2\/types\/product"}],"replies":[{"embeddable":true,"href":"https:\/\/fit360.ee\/en\/wp-json\/wp\/v2\/comments?post=86842"}],"wp:featuredmedia":[{"embeddable":true,"href":"https:\/\/fit360.ee\/en\/wp-json\/wp\/v2\/media\/86841"}],"wp:attachment":[{"href":"https:\/\/fit360.ee\/en\/wp-json\/wp\/v2\/media?parent=86842"}],"wp:term":[{"taxonomy":"product_brand","embeddable":true,"href":"https:\/\/fit360.ee\/en\/wp-json\/wp\/v2\/product_brand?post=86842"},{"taxonomy":"product_cat","embeddable":true,"href":"https:\/\/fit360.ee\/en\/wp-json\/wp\/v2\/product_cat?post=86842"},{"taxonomy":"product_tag","embeddable":true,"href":"https:\/\/fit360.ee\/en\/wp-json\/wp\/v2\/product_tag?post=86842"},{"taxonomy":"giftcard-category","embeddable":true,"href":"https:\/\/fit360.ee\/en\/wp-json\/wp\/v2\/giftcard-category?post=86842"}],"curies":[{"name":"wp","href":"https:\/\/api.w.org\/{rel}","templated":true}]}}