{"id":87083,"date":"2025-03-08T09:45:19","date_gmt":"2025-03-08T07:45:19","guid":{"rendered":"https:\/\/fit360.ee\/pood\/uncategorized\/pre-workout-shot-60-ml\/"},"modified":"2025-09-03T19:33:51","modified_gmt":"2025-09-03T17:33:51","slug":"pre-workout-shot-60-ml","status":"publish","type":"product","link":"https:\/\/fit360.ee\/en\/pood\/product-groups\/amino-acids-bcaa\/beta-alanine-en\/pre-workout-shot-60-ml\/","title":{"rendered":"Pre-Workout Shot (60 ml)"},"content":{"rendered":"<h2><strong>ICONFIT Pre-Workout Shot<\/strong><\/h2>\n<p style=\"font-weight: 400;\"><b><strong>ICONFIT Pre-workout shot\u00a0<\/strong><\/b>&#8211; lihtne ja t\u00f5hus viis treeninguks vajaliku energia saamiseks ilma energiajookide, banaanide v\u00f5i kohvita. Loodud neile, kes n\u00f5uavad oma treeningult rohkem. See mugav 60 ml shot sisaldab teaduslikult tasakaalustatud segu tulemuslikkust suurendavatest koostisosadest, andes lisaj\u00f5udu just siis, kui seda k\u00f5ige rohkem vaja on.<\/p>\n<p style=\"font-weight: 400;\">Unusta keerulised rutiinid v\u00f5i mitmed toidulisandid. \u00dchest shotist saad v\u00f5imsa segu j\u00e4rgmistest koostisosadest:<\/p>\n<ul style=\"font-weight: 400;\">\n<li aria-level=\"1\">L-arginiin AKG (AAKG): toetab paremat vereringet ja\u00a0soodustab lihaste ajutist vol\u00fc\u00fcmi suurenemist treeningu ajal, valmistades keha ette suure intensiivsusega pingutusteks.<\/li>\n<li aria-level=\"1\">Beeta-alaniin: aitab edasi l\u00fckata v\u00e4simust, v\u00f5imaldades treeningu ajal rohkem pingutada ja sellest kiiremini taastuda.<\/li>\n<li aria-level=\"1\">Tsitruliinmalaat: suurendab vastupidavust, v\u00e4hendades lihasvalulikkust ja toetades t\u00f5husat energiatootmist.<\/li>\n<li aria-level=\"1\">Kofeiin (200 mg 60 ml kohta):\u00a0suurendab erksust ja parandab keskendumisv\u00f5imet, aidates treeningeesm\u00e4rke saavutada.<\/li>\n<li aria-level=\"1\">Vitamiin B6: aitab kaasa immuuns\u00fcsteemi normaalsele toimimisele.<\/li>\n<li aria-level=\"1\">B12-vitamiin: aitab v\u00e4hendada v\u00e4simust ja kurnatust.<\/li>\n<li aria-level=\"1\">T\u00e4iendavad koostisosad: hoolikalt tasakaalustatud segu, mis sisaldab happesuse regulaatoreid, looduslikke ekstrakte ja kvaliteetseid magusaineid, tagades puhta ja maitsva maitse ilma suhkrulisandita.<\/li>\n<\/ul>\n<p style=\"font-weight: 400;\"><b><strong>Mille poolest erinevad pre-workout shotid energiajookidest?<\/strong><\/b><\/p>\n<p style=\"font-weight: 400;\">Treeningueelsed shotid ja energiajoogid on m\u00f5lemad populaarsed valikud neile, kes otsivad energialaengut, kuid need t\u00e4idavad erinevaid eesm\u00e4rke ja sisaldavad erinevaid koostisosi, olles kohandatud konkreetseteks vajadusteks.<\/p>\n<p style=\"font-weight: 400;\"><b><strong>Eesm\u00e4rk ja koostisosad:<\/strong><\/b><\/p>\n<p style=\"font-weight: 400;\">Energiajoogid: loodud\u00a0kiireks energialaenguks ja suurema erksuse saavutamiseks ning sisaldavad tavaliselt kofeiini ja suhkrut. Sobides \u00fcldiseks energiataseme t\u00f5stmiseks, aitavad need joogid ajutiselt suurendada energiat ja parandada vaimset erksust erinevates olukordades, mis ei pruugi olla seotud f\u00fc\u00fcsilise treeninguga.<\/p>\n<p style=\"font-weight: 400;\">Kohv: kuigi paljud joovad kohvi hommikuse rituaalina v\u00f5i keskp\u00e4evase energialaengu saamiseks, on selle peamine eesm\u00e4rk pakkuda loomulikku stimuleerivat toimet ilma t\u00e4iendavate treeningut toetavate koostisosadeta.<\/p>\n<p style=\"font-weight: 400;\">Treeningueelsed shotid: need on loodud spetsiaalselt treeningsoorituste t\u00e4iustamiseks ning sisaldavad sageli aminohapped, kreatiini ja kofeiini. Need koostisosad toimivad koos, et suurendada vastupidavust, j\u00f5udu ja keskendumisv\u00f5imet treeningu ajal. Pre-workout shotid on m\u00f5eldud tarbimiseks enne f\u00fc\u00fcsilist tegevust ning aitavad t\u00f5sta treeningu efektiivsust, suurendades vastupidavust, j\u00f5udu ja keskendumisv\u00f5imet.<\/p>\n<p style=\"font-weight: 400;\">Kokkuv\u00f5tteks v\u00f5ib \u00f6elda, et nii energiajookide, kohvi kui ka treeningueelsete shot&#8217;ide eesm\u00e4rk on energiataseme t\u00f5stmine, kuid treeningueelsed shotid on spetsiaalselt v\u00e4lja t\u00f6\u00f6tatud kindlate koostisosadega, et suurendada treeningsooritust. Energiajoogid v\u00f5i kohv pakuvad \u00fcldisemat energiat\u00f5usu, mis ei pruugi olla sobiv sportlikuks tegevuseks.<\/p>\n<p style=\"font-weight: 400;\"><b><strong>Miks valida ICONFITi Preworkout shot?<\/strong><\/b><\/p>\n<p style=\"font-weight: 400;\">ICONFIT treeningueelne shot ei ole lihtsalt toidulisand \u2013 see on p\u00fchendumus oma t\u00f5elise potentsiaali avamiseks. Olgu sinu eesm\u00e4rk j\u00f5usaalitreening, jooksmine v\u00f5i ettevalmistus j\u00e4rgmiseks v\u00f5istluseks, meie hoolikalt koostatud segu on loodud toetama sinu sooritusv\u00f5imet ja aitab sul oma treeningeesm\u00e4rke saavutada.<\/p>\n<p style=\"font-weight: 400;\">Kompaktne 60 ml shot teeb ICONFIT Pre-workout&#8217;ist ideaalse valiku liikvel olevale sportlastele. Enne kasutamist loksutada ja kasutada umbes 30 minutit enne treeningut, et kogeda selle t\u00e4ielikku potentsiaali.<\/p>\n<p style=\"font-weight: 400;\">Sisaldab kofeiini. Ei ole soovitatav lastele v\u00f5i rasedatele naistele.<\/p>\n<p><strong>Marja maitse:<\/strong><br \/>\n<strong>KOOSTISOSAD:\u00a0<\/strong>Vesi, L-arginiini alfa-ketoglutaraat, beeta-alaniin, happesuse regulaatorid (sidrunhape, \u00f5unhape), tsitrulliinmalaat, veevaba kofeiin, s\u00e4ilitusaine kaaliumsorbaat, toiduv\u00e4rv antots\u00fcaniinid E 163, marja maitseaine, magusained (sukraloos, stevioolgl\u00fckosiidid stevia E 960a), musta pipra\u00a0<em>(Piper nigrum<\/em>) ekstrakt, vitamiin B6\u00a0<em>(p\u00fcridoksiinvesinikkloriid<\/em>), vitamiin B12\u00a0<em>(ts\u00fcanokobalamiin<\/em>).<\/p>\n<p><strong>Apelsini maitse:<\/strong><br \/>\n<strong>KOOSTISOSAD:\u00a0<\/strong>Vesi, L-arginiini alfa-ketoglutaraat, beeta-alaniin, happesuse regulaatorid (sidrunhape, \u00f5unhape), tsitrulliinmalaat, veevaba kofeiin, s\u00e4ilitusaine kaaliumsorbaat, toiduv\u00e4rv antots\u00fcaniinid E 163, apelsini maitseaine, magusained (sukraloos, steviaalgl\u00fckosiidid stevia E 960a), musta pipra\u00a0<em>(Piper nigrum<\/em>) ekstrakt, vitamiin B6\u00a0<em>(p\u00fcridoksiinvesinikkloriid<\/em>), vitamiin B12\u00a0<em>(ts\u00fcanokobalamiin<\/em>).<\/p>\n<p><strong>MANUSTAMINE:<\/strong>\u00a0T\u00e4iskasvanutel tarbida \u00fcks portsjon enne treeningut. Enne kasutamist loksutada.<br \/>\n<strong>HOIATUS:\u00a0<\/strong>\u00a0Mitte kasutada toidulisandit mitmekesise toitumise asendajana. Mitte \u00fcletada soovitatud p\u00e4evast annust. Hoida lastele k\u00e4ttesaamatus kohas.<br \/>\n<strong>S\u00c4ILITAMINE:\u00a0<\/strong>Hoida originaalpakendis temperatuuril 2-25\u00b0C, niiskuse ja otsese p\u00e4ikesevalguse eest kaitstult.<\/p>\n<div id=\"shopify-section-template--22550311829838__main\" class=\"shopify-section product--section section--canonical\">\n<section class=\"\n    product__container\n    product__container--two-columns\n  \" data-product-wrapper=\"\"><\/p>\n<div class=\"product-readmore rte\" data-product-readmore=\"\">\n<div class=\" grouped-content grouped-content-layout-tabs\">\n<table width=\"100%\">\n<thead>\n<tr>\n<th align=\"left\"><strong>Toimeained<\/strong><\/th>\n<th align=\"left\"><strong>60ml<\/strong><\/th>\n<\/tr>\n<\/thead>\n<tbody>\n<tr>\n<td align=\"left\">Arginiin AKG 2:1<\/td>\n<td align=\"left\">2g<\/td>\n<\/tr>\n<tr>\n<td align=\"left\">Beeta-alaniin<\/td>\n<td align=\"left\">2g<\/td>\n<\/tr>\n<tr>\n<td>Tsitrulliinmalaat 2:1<\/td>\n<td>1g<\/td>\n<\/tr>\n<tr>\n<td>Kofeiin<\/td>\n<td>200mg<\/td>\n<\/tr>\n<tr>\n<td>Musta pipra ekstrakt<\/td>\n<td>2mg<\/td>\n<\/tr>\n<tr>\n<td>Vitamiin B6<\/td>\n<td>1,4mg<\/td>\n<\/tr>\n<tr>\n<td>B12-vitamiin<\/td>\n<td>2,5 \u03bcg<\/td>\n<\/tr>\n<\/tbody>\n<\/table>\n<p>Vaata ka meie teisi Pre-Workoute <a href=\"https:\/\/fit360.ee\/en\/product-category\/product-groups\/pre-workout-en\/\"><strong>SIIT<\/strong><\/a> v\u00f5i Jooke\/Shotte <a href=\"https:\/\/fit360.ee\/en\/product-category\/product-groups\/drinks-shots\/\"><strong>SIIT<\/strong><\/a>!<\/p>\n<\/div>\n<\/div>\n<\/section>\n<\/div>\n","protected":false},"excerpt":{"rendered":"<ul>\n<li>Plahvatuslik energia: shot sisaldab 200 mg kofeiini, pakkudes kiiret ja t\u00f5husat energialaengut, et vastu pidada ka k\u00f5ige raskematel treeningutel.<\/li>\n<li>T\u00f5hustatud sooritusv\u00f5ime: t\u00e4nu AAKG-le (arginiin alfa-ketoglutaraat), beeta-alaniinile ja tsitrulliinmalaadile toetab see shot paremat vereringet, lihasvastupidavust ja v\u00e4hendab v\u00e4simust.<\/li>\n<li>Vitamiiniv\u00f5imendus: rikastatud B6- ja B12-vitamiinidega, mis toetavad energiavahetust ja aitavad s\u00e4ilitada keskendumisv\u00f5imet ja energilisust.<\/li>\n<li>V\u00e4rskendav maitse: maitsev apelsini v\u00f5i marja maitse teeb pre-workout shotist nauditava maitseelamuse, mitte t\u00fc\u00fctu kohustuse.<\/li>\n<\/ul>\n","protected":false},"featured_media":87080,"comment_status":"open","ping_status":"closed","template":"","meta":[],"product_brand":[],"product_cat":[2303,5324,2314,523,1318,2311,533],"product_tag":[],"giftcard-category":[],"class_list":{"0":"post-87083","1":"product","2":"type-product","3":"status-publish","4":"has-post-thumbnail","6":"product_cat-beta-alanine-en","7":"product_cat-caffeine-en","8":"product_cat-citrulline-en","9":"product_cat-drinks-shots","10":"product_cat-iconfit-en","11":"product_cat-l-arginine-en","12":"product_cat-pre-workout-en","13":"pa_kogus-60ml-en","14":"pa_maitse-marja-en","15":"pa_maitse-orange","16":"pa_toidulisand-branddd-iconfit","17":"pa_tootegruppp-beeta-alaniin-en","18":"pa_tootegruppp-drinksshots","19":"pa_tootegruppp-kofeiin-en","20":"pa_tootegruppp-l-arginiin-en","21":"pa_tootegruppp-pre-workout","22":"pa_tootegruppp-tsitrulliin-en","24":"first","25":"instock","26":"sale","27":"taxable","28":"shipping-taxable","29":"purchasable","30":"product-type-variable"},"yoast_head":"<!-- This site is optimized with the Yoast SEO plugin v27.3 - https:\/\/yoast.com\/product\/yoast-seo-wordpress\/ -->\n<title>Pre-Workout Shot (60 ml) - Kofeiiniga suur energialaeng - Parim Hind - Fit360<\/title>\n<meta name=\"description\" content=\"ICONFIT Pre-workout shot\u00a0- lihtne ja t\u00f5hus viis treeninguks vajaliku energia saamiseks ilma energiajookide, banaanide v\u00f5i kohvita. Loodud neile, kes n\u00f5uav...\" \/>\n<meta name=\"robots\" content=\"index, follow, max-snippet:-1, max-image-preview:large, max-video-preview:-1\" \/>\n<link rel=\"canonical\" href=\"https:\/\/fit360.ee\/en\/pood\/product-groups\/amino-acids-bcaa\/beta-alanine-en\/pre-workout-shot-60-ml\/\" \/>\n<meta property=\"og:locale\" content=\"en_US\" \/>\n<meta property=\"og:type\" content=\"article\" \/>\n<meta property=\"og:title\" content=\"Pre-Workout Shot (60 ml) - Kofeiiniga suur energialaeng - Parim Hind - Fit360\" \/>\n<meta property=\"og:description\" content=\"ICONFIT Pre-workout shot\u00a0- lihtne ja t\u00f5hus viis treeninguks vajaliku energia saamiseks ilma energiajookide, banaanide v\u00f5i kohvita. Loodud neile, kes n\u00f5uav...\" \/>\n<meta property=\"og:url\" content=\"https:\/\/fit360.ee\/en\/pood\/product-groups\/amino-acids-bcaa\/beta-alanine-en\/pre-workout-shot-60-ml\/\" \/>\n<meta property=\"og:site_name\" content=\"Fit360\" \/>\n<meta property=\"article:modified_time\" content=\"2025-09-03T17:33:51+00:00\" \/>\n<meta property=\"og:image\" content=\"https:\/\/fit360.ee\/wp-content\/uploads\/2025\/03\/iconfit-pre-workout-shot-fit360.ee_.jpg\" \/>\n\t<meta property=\"og:image:width\" content=\"695\" \/>\n\t<meta property=\"og:image:height\" content=\"695\" \/>\n\t<meta property=\"og:image:type\" content=\"image\/jpeg\" \/>\n<meta name=\"twitter:card\" content=\"summary_large_image\" \/>\n<meta name=\"twitter:label1\" content=\"Est. reading time\" \/>\n\t<meta name=\"twitter:data1\" content=\"4 minutes\" \/>\n<script type=\"application\/ld+json\" class=\"yoast-schema-graph\">{\"@context\":\"https:\\\/\\\/schema.org\",\"@graph\":[{\"@type\":\"WebPage\",\"@id\":\"https:\\\/\\\/fit360.ee\\\/en\\\/pood\\\/product-groups\\\/amino-acids-bcaa\\\/beta-alanine-en\\\/pre-workout-shot-60-ml\\\/\",\"url\":\"https:\\\/\\\/fit360.ee\\\/en\\\/pood\\\/product-groups\\\/amino-acids-bcaa\\\/beta-alanine-en\\\/pre-workout-shot-60-ml\\\/\",\"name\":\"Pre-Workout Shot (60 ml) - Kofeiiniga suur energialaeng - Parim Hind - Fit360\",\"isPartOf\":{\"@id\":\"https:\\\/\\\/fit360.ee\\\/en\\\/#website\"},\"primaryImageOfPage\":{\"@id\":\"https:\\\/\\\/fit360.ee\\\/en\\\/pood\\\/product-groups\\\/amino-acids-bcaa\\\/beta-alanine-en\\\/pre-workout-shot-60-ml\\\/#primaryimage\"},\"image\":{\"@id\":\"https:\\\/\\\/fit360.ee\\\/en\\\/pood\\\/product-groups\\\/amino-acids-bcaa\\\/beta-alanine-en\\\/pre-workout-shot-60-ml\\\/#primaryimage\"},\"thumbnailUrl\":\"https:\\\/\\\/fit360.ee\\\/wp-content\\\/uploads\\\/2025\\\/03\\\/iconfit-pre-workout-shot-fit360.ee_.jpg\",\"datePublished\":\"2025-03-08T07:45:19+00:00\",\"dateModified\":\"2025-09-03T17:33:51+00:00\",\"description\":\"ICONFIT Pre-workout shot\u00a0- lihtne ja t\u00f5hus viis treeninguks vajaliku energia saamiseks ilma energiajookide, banaanide v\u00f5i kohvita. Loodud neile, kes n\u00f5uav...\",\"breadcrumb\":{\"@id\":\"https:\\\/\\\/fit360.ee\\\/en\\\/pood\\\/product-groups\\\/amino-acids-bcaa\\\/beta-alanine-en\\\/pre-workout-shot-60-ml\\\/#breadcrumb\"},\"inLanguage\":\"en-US\",\"potentialAction\":[{\"@type\":\"ReadAction\",\"target\":[\"https:\\\/\\\/fit360.ee\\\/en\\\/pood\\\/product-groups\\\/amino-acids-bcaa\\\/beta-alanine-en\\\/pre-workout-shot-60-ml\\\/\"]}]},{\"@type\":\"ImageObject\",\"inLanguage\":\"en-US\",\"@id\":\"https:\\\/\\\/fit360.ee\\\/en\\\/pood\\\/product-groups\\\/amino-acids-bcaa\\\/beta-alanine-en\\\/pre-workout-shot-60-ml\\\/#primaryimage\",\"url\":\"https:\\\/\\\/fit360.ee\\\/wp-content\\\/uploads\\\/2025\\\/03\\\/iconfit-pre-workout-shot-fit360.ee_.jpg\",\"contentUrl\":\"https:\\\/\\\/fit360.ee\\\/wp-content\\\/uploads\\\/2025\\\/03\\\/iconfit-pre-workout-shot-fit360.ee_.jpg\",\"width\":695,\"height\":695,\"caption\":\"iconfit pre-workout shot - fit360.ee\"},{\"@type\":\"BreadcrumbList\",\"@id\":\"https:\\\/\\\/fit360.ee\\\/en\\\/pood\\\/product-groups\\\/amino-acids-bcaa\\\/beta-alanine-en\\\/pre-workout-shot-60-ml\\\/#breadcrumb\",\"itemListElement\":[{\"@type\":\"ListItem\",\"position\":1,\"name\":\"Home\",\"item\":\"https:\\\/\\\/fit360.ee\\\/en\\\/\"},{\"@type\":\"ListItem\",\"position\":2,\"name\":\"Shop\",\"item\":\"https:\\\/\\\/fit360.ee\\\/en\\\/shop\\\/\"},{\"@type\":\"ListItem\",\"position\":3,\"name\":\"Pre-Workout Shot (60 ml)\"}]},{\"@type\":\"WebSite\",\"@id\":\"https:\\\/\\\/fit360.ee\\\/en\\\/#website\",\"url\":\"https:\\\/\\\/fit360.ee\\\/en\\\/\",\"name\":\"Fit360\",\"description\":\"\",\"publisher\":{\"@id\":\"https:\\\/\\\/fit360.ee\\\/en\\\/#organization\"},\"potentialAction\":[{\"@type\":\"SearchAction\",\"target\":{\"@type\":\"EntryPoint\",\"urlTemplate\":\"https:\\\/\\\/fit360.ee\\\/en\\\/?s={search_term_string}\"},\"query-input\":{\"@type\":\"PropertyValueSpecification\",\"valueRequired\":true,\"valueName\":\"search_term_string\"}}],\"inLanguage\":\"en-US\"},{\"@type\":\"Organization\",\"@id\":\"https:\\\/\\\/fit360.ee\\\/en\\\/#organization\",\"name\":\"Fit360\",\"url\":\"https:\\\/\\\/fit360.ee\\\/en\\\/\",\"logo\":{\"@type\":\"ImageObject\",\"inLanguage\":\"en-US\",\"@id\":\"https:\\\/\\\/fit360.ee\\\/en\\\/#\\\/schema\\\/logo\\\/image\\\/\",\"url\":\"https:\\\/\\\/fit360.ee\\\/wp-content\\\/uploads\\\/2017\\\/01\\\/logo-fit360.png\",\"contentUrl\":\"https:\\\/\\\/fit360.ee\\\/wp-content\\\/uploads\\\/2017\\\/01\\\/logo-fit360.png\",\"width\":180,\"height\":66,\"caption\":\"Fit360\"},\"image\":{\"@id\":\"https:\\\/\\\/fit360.ee\\\/en\\\/#\\\/schema\\\/logo\\\/image\\\/\"}}]}<\/script>\n<!-- \/ Yoast SEO plugin. -->","yoast_head_json":{"title":"Pre-Workout Shot (60 ml) - Kofeiiniga suur energialaeng - Parim Hind - Fit360","description":"ICONFIT Pre-workout shot\u00a0- lihtne ja t\u00f5hus viis treeninguks vajaliku energia saamiseks ilma energiajookide, banaanide v\u00f5i kohvita. Loodud neile, kes n\u00f5uav...","robots":{"index":"index","follow":"follow","max-snippet":"max-snippet:-1","max-image-preview":"max-image-preview:large","max-video-preview":"max-video-preview:-1"},"canonical":"https:\/\/fit360.ee\/en\/pood\/product-groups\/amino-acids-bcaa\/beta-alanine-en\/pre-workout-shot-60-ml\/","og_locale":"en_US","og_type":"article","og_title":"Pre-Workout Shot (60 ml) - Kofeiiniga suur energialaeng - Parim Hind - Fit360","og_description":"ICONFIT Pre-workout shot\u00a0- lihtne ja t\u00f5hus viis treeninguks vajaliku energia saamiseks ilma energiajookide, banaanide v\u00f5i kohvita. Loodud neile, kes n\u00f5uav...","og_url":"https:\/\/fit360.ee\/en\/pood\/product-groups\/amino-acids-bcaa\/beta-alanine-en\/pre-workout-shot-60-ml\/","og_site_name":"Fit360","article_modified_time":"2025-09-03T17:33:51+00:00","og_image":[{"width":695,"height":695,"url":"https:\/\/fit360.ee\/wp-content\/uploads\/2025\/03\/iconfit-pre-workout-shot-fit360.ee_.jpg","type":"image\/jpeg"}],"twitter_card":"summary_large_image","twitter_misc":{"Est. reading time":"4 minutes"},"schema":{"@context":"https:\/\/schema.org","@graph":[{"@type":"WebPage","@id":"https:\/\/fit360.ee\/en\/pood\/product-groups\/amino-acids-bcaa\/beta-alanine-en\/pre-workout-shot-60-ml\/","url":"https:\/\/fit360.ee\/en\/pood\/product-groups\/amino-acids-bcaa\/beta-alanine-en\/pre-workout-shot-60-ml\/","name":"Pre-Workout Shot (60 ml) - Kofeiiniga suur energialaeng - Parim Hind - Fit360","isPartOf":{"@id":"https:\/\/fit360.ee\/en\/#website"},"primaryImageOfPage":{"@id":"https:\/\/fit360.ee\/en\/pood\/product-groups\/amino-acids-bcaa\/beta-alanine-en\/pre-workout-shot-60-ml\/#primaryimage"},"image":{"@id":"https:\/\/fit360.ee\/en\/pood\/product-groups\/amino-acids-bcaa\/beta-alanine-en\/pre-workout-shot-60-ml\/#primaryimage"},"thumbnailUrl":"https:\/\/fit360.ee\/wp-content\/uploads\/2025\/03\/iconfit-pre-workout-shot-fit360.ee_.jpg","datePublished":"2025-03-08T07:45:19+00:00","dateModified":"2025-09-03T17:33:51+00:00","description":"ICONFIT Pre-workout shot\u00a0- lihtne ja t\u00f5hus viis treeninguks vajaliku energia saamiseks ilma energiajookide, banaanide v\u00f5i kohvita. Loodud neile, kes n\u00f5uav...","breadcrumb":{"@id":"https:\/\/fit360.ee\/en\/pood\/product-groups\/amino-acids-bcaa\/beta-alanine-en\/pre-workout-shot-60-ml\/#breadcrumb"},"inLanguage":"en-US","potentialAction":[{"@type":"ReadAction","target":["https:\/\/fit360.ee\/en\/pood\/product-groups\/amino-acids-bcaa\/beta-alanine-en\/pre-workout-shot-60-ml\/"]}]},{"@type":"ImageObject","inLanguage":"en-US","@id":"https:\/\/fit360.ee\/en\/pood\/product-groups\/amino-acids-bcaa\/beta-alanine-en\/pre-workout-shot-60-ml\/#primaryimage","url":"https:\/\/fit360.ee\/wp-content\/uploads\/2025\/03\/iconfit-pre-workout-shot-fit360.ee_.jpg","contentUrl":"https:\/\/fit360.ee\/wp-content\/uploads\/2025\/03\/iconfit-pre-workout-shot-fit360.ee_.jpg","width":695,"height":695,"caption":"iconfit pre-workout shot - fit360.ee"},{"@type":"BreadcrumbList","@id":"https:\/\/fit360.ee\/en\/pood\/product-groups\/amino-acids-bcaa\/beta-alanine-en\/pre-workout-shot-60-ml\/#breadcrumb","itemListElement":[{"@type":"ListItem","position":1,"name":"Home","item":"https:\/\/fit360.ee\/en\/"},{"@type":"ListItem","position":2,"name":"Shop","item":"https:\/\/fit360.ee\/en\/shop\/"},{"@type":"ListItem","position":3,"name":"Pre-Workout Shot (60 ml)"}]},{"@type":"WebSite","@id":"https:\/\/fit360.ee\/en\/#website","url":"https:\/\/fit360.ee\/en\/","name":"Fit360","description":"","publisher":{"@id":"https:\/\/fit360.ee\/en\/#organization"},"potentialAction":[{"@type":"SearchAction","target":{"@type":"EntryPoint","urlTemplate":"https:\/\/fit360.ee\/en\/?s={search_term_string}"},"query-input":{"@type":"PropertyValueSpecification","valueRequired":true,"valueName":"search_term_string"}}],"inLanguage":"en-US"},{"@type":"Organization","@id":"https:\/\/fit360.ee\/en\/#organization","name":"Fit360","url":"https:\/\/fit360.ee\/en\/","logo":{"@type":"ImageObject","inLanguage":"en-US","@id":"https:\/\/fit360.ee\/en\/#\/schema\/logo\/image\/","url":"https:\/\/fit360.ee\/wp-content\/uploads\/2017\/01\/logo-fit360.png","contentUrl":"https:\/\/fit360.ee\/wp-content\/uploads\/2017\/01\/logo-fit360.png","width":180,"height":66,"caption":"Fit360"},"image":{"@id":"https:\/\/fit360.ee\/en\/#\/schema\/logo\/image\/"}}]}},"_links":{"self":[{"href":"https:\/\/fit360.ee\/en\/wp-json\/wp\/v2\/product\/87083","targetHints":{"allow":["GET"]}}],"collection":[{"href":"https:\/\/fit360.ee\/en\/wp-json\/wp\/v2\/product"}],"about":[{"href":"https:\/\/fit360.ee\/en\/wp-json\/wp\/v2\/types\/product"}],"replies":[{"embeddable":true,"href":"https:\/\/fit360.ee\/en\/wp-json\/wp\/v2\/comments?post=87083"}],"wp:featuredmedia":[{"embeddable":true,"href":"https:\/\/fit360.ee\/en\/wp-json\/wp\/v2\/media\/87080"}],"wp:attachment":[{"href":"https:\/\/fit360.ee\/en\/wp-json\/wp\/v2\/media?parent=87083"}],"wp:term":[{"taxonomy":"product_brand","embeddable":true,"href":"https:\/\/fit360.ee\/en\/wp-json\/wp\/v2\/product_brand?post=87083"},{"taxonomy":"product_cat","embeddable":true,"href":"https:\/\/fit360.ee\/en\/wp-json\/wp\/v2\/product_cat?post=87083"},{"taxonomy":"product_tag","embeddable":true,"href":"https:\/\/fit360.ee\/en\/wp-json\/wp\/v2\/product_tag?post=87083"},{"taxonomy":"giftcard-category","embeddable":true,"href":"https:\/\/fit360.ee\/en\/wp-json\/wp\/v2\/giftcard-category?post=87083"}],"curies":[{"name":"wp","href":"https:\/\/api.w.org\/{rel}","templated":true}]}}