{"id":87399,"date":"2025-03-20T13:37:11","date_gmt":"2025-03-20T11:37:11","guid":{"rendered":"https:\/\/fit360.ee\/pood\/uncategorized\/vegan-protein-bar-40g\/"},"modified":"2025-08-13T07:36:43","modified_gmt":"2025-08-13T05:36:43","slug":"vegan-protein-bar-40g","status":"publish","type":"product","link":"https:\/\/fit360.ee\/en\/pood\/product-groups\/protein-poweders-en\/vegan-protein-en\/vegan-protein-bar-40g\/","title":{"rendered":"Vegan Protein Bar (40g)"},"content":{"rendered":"<h2><strong>Barbarian Vegan Protein Bar<\/strong><\/h2>\n<p><span>Barbarian Vegan Protein Bar on loodud olema \u00fcks maitsvamaid valgubatoone, mida olete kunagi proovinud. See mitte ainult ei maitse maitsvalt, vaid ka tehnilised andmed muudavad selle kvaliteetseks. Barbarian on teie valik, kui otsite k\u00f5rge valgu- ja madala suhkrusisaldusega batooni.<\/span><\/p>\n<p><span>Tootmisprotsessis ei kasuta Barbarian sitket valgupastat, mida leidub nii paljudes teistes valgubatoonides. Selle asemel oleme kasutanud\u00a0<\/span><strong><span>uut t\u00e4iustatud protsessi,<\/span><\/strong><span>\u00a0mille k\u00e4igus valk t\u00f5useb ja k\u00fcpsetatakse. Nii saad palju maitsvama batooni, mis on\u00a0seest\u00a0<\/span><strong><span>pehme<\/span><\/strong><span>\u00a0ja v\u00e4ljast\u00a0<\/span><strong><span>kr\u00f5mpsuv .<\/span><\/strong><\/p>\n<h4><span><strong>Barbarian Vegan valgubatoon peamised omadused<\/strong>:<\/span><\/h4>\n<ul>\n<li><span>Sisaldab k\u00f5rge bioloogilise v\u00e4\u00e4rtusega valku<\/span><\/li>\n<li><span>Sisaldab kuni 70% v\u00e4hem suhkrut kui teised \u0161okolaadiga suupisted<\/span><\/li>\n<li><span>V\u00f5rratu maitse ja tekstuur<\/span><span>Madala suhkrusisaldusega<\/span><\/li>\n<li><span>Gluteenivaba<\/span><\/li>\n<li><span>Mitte GMO<\/span><\/li>\n<li><span>K\u00f5rge valgusisaldus<\/span><\/li>\n<li><span>K\u00f5rge kiudainesisaldus<\/span><\/li>\n<li><span>Ei kunstlikke v\u00e4rvaineid<\/span><\/li>\n<li><span>Ei sisalda s\u00e4ilitusaineid<\/span><\/li>\n<\/ul>\n<p><strong>Koostisosad<\/strong>: Valgusegu (herneproteiin, rapsi valk, fava oa proteiin), tume \u0161okolaad magusainega 20% (kakaomass, magusaine maltitool, kakaov\u00f5i, emulgaator (sojaletsitiin), looduslik vanilje maitseaine), frukto-oligosahhariidid, karamelli t\u00e4idis 9% (magusaine, mahlasuhkrusiirup, magusaine, kookossuhkrusiirup, magusaine piimapulber, hernevalk, stabilisaator: gl\u00fctserool, sool, emulgaator: p\u00e4evalille letsitiin, happesuse regulaator: naatriumh\u00fcdroksiid), niiskuses\u00e4ilitajad: pol\u00fcdekstroos, gl\u00fctserool; maap\u00e4hklid 5%, kookos\u00f5li, sojakr\u00f5psud (sojavalk, maniokkt\u00e4rklis, sojaletsitiin); looduslik l\u00f5hna- ja maitseaine, maitse-magusaine: steviast saadud stevioolgl\u00fckosiidid.<\/p>\n<p><strong>Liigne tarbimine v\u00f5ib p\u00f5hjustada lahtistavat toimet. V\u00f5ib sisaldada piima, gluteeni ja teiste p\u00e4hklite j\u00e4lgi. Hoida puhtas, kuivas ja jahedas, otsese p\u00e4ikesevalguse eest kaitstult. <\/strong><\/p>\n<p><strong>Partii number ja parim enne l\u00f5pp (EXP): vaata paremalt.<\/strong><\/p>\n<p><strong>Kasutamine<\/strong>: Tarbi vastavalt vajadusele.<\/p>\n<p><strong>Suurus<\/strong>: 40g<\/p>\n<p>Siin on tabel t\u00f5lgituna eesti keelde:<\/p>\n<table>\n<thead>\n<tr>\n<th><strong>Toitainesisaldus<\/strong><\/th>\n<th><strong>100 g kohta<\/strong><\/th>\n<th><strong>1 batoon (40 g) kohta<\/strong><\/th>\n<\/tr>\n<\/thead>\n<tbody>\n<tr>\n<td><strong>Energia<\/strong><\/td>\n<td>1622 kJ \/ 390 kcal<\/td>\n<td>649 kJ \/ 156 kcal<\/td>\n<\/tr>\n<tr>\n<td><strong>Rasv<\/strong><\/td>\n<td>19 g<\/td>\n<td>7.6 g<\/td>\n<\/tr>\n<tr>\n<td>&#8211; millest k\u00fcllastunud rasvhapped<\/td>\n<td>14 g<\/td>\n<td>5.6 g<\/td>\n<\/tr>\n<tr>\n<td><strong>S\u00fcsivesikud<\/strong><\/td>\n<td>25 g<\/td>\n<td>10 g<\/td>\n<\/tr>\n<tr>\n<td>&#8211; millest suhkrud<\/td>\n<td>2.5 g<\/td>\n<td>1 g<\/td>\n<\/tr>\n<tr>\n<td>&#8211; millest pol\u00fcoolid<\/td>\n<td>17 g<\/td>\n<td>6.8 g<\/td>\n<\/tr>\n<tr>\n<td><strong>Kiudained<\/strong><\/td>\n<td>21 g<\/td>\n<td>8.4 g<\/td>\n<\/tr>\n<tr>\n<td><strong>Valgud<\/strong><\/td>\n<td>26 g<\/td>\n<td>11 g<\/td>\n<\/tr>\n<tr>\n<td><strong>Sool<\/strong><\/td>\n<td>0.65 g<\/td>\n<td>0.26 g<\/td>\n<\/tr>\n<\/tbody>\n<\/table>\n<p>&nbsp;<\/p>\n<p>Vaata ka meie Teisi Proteiinibatoone <a href=\"https:\/\/fit360.ee\/en\/product-category\/product-groups\/protein-bars-and-snacks\/\"><strong>SIIT<\/strong><\/a> v\u00f5i Vegan tooteid <a href=\"https:\/\/fit360.ee\/en\/product-category\/product-groups\/vegan-en\/\"><strong>SIIT<\/strong><\/a>!<\/p>\n","protected":false},"excerpt":{"rendered":"<ul>\n<li>Sisaldab k\u00f5rge bioloogilise v\u00e4\u00e4rtusega valku<\/li>\n<li>Sisaldab kuni 70% v\u00e4hem suhkrut kui teised \u0161okolaadiga suupisted<\/li>\n<li>V\u00f5rratu maitse ja tekstuurMadala suhkrusisaldusega<\/li>\n<li>Gluteenivaba<\/li>\n<li>Mitte GMO<\/li>\n<li>K\u00f5rge valgusisaldus<\/li>\n<li>K\u00f5rge kiudainesisaldus<\/li>\n<li>Ei kunstlikke v\u00e4rvaineid<\/li>\n<li>Ei sisalda s\u00e4ilitusaineid<\/li>\n<\/ul>\n","protected":false},"featured_media":87396,"comment_status":"open","ping_status":"closed","template":"","meta":[],"product_brand":[],"product_cat":[534,3047,2428,1201],"product_tag":[5611,5101,3049,4662],"giftcard-category":[],"class_list":{"0":"post-87399","1":"product","2":"type-product","3":"status-publish","4":"has-post-thumbnail","6":"product_cat-protein-bars-and-snacks","7":"product_cat-stacker2-en","8":"product_cat-vegan-protein-en","9":"product_cat-1201","10":"product_tag-barbarian-vegan-protein-bar-en","11":"product_tag-protein-bar-en","12":"product_tag-stacker2-en","13":"product_tag-vegan-protein-bar-en","14":"pa_kogus-40g-en","15":"pa_maitse-kupsise-pahkli-en","16":"pa_maitse-peanut-butter-en-2","17":"pa_toidulisand-branddd-stacker2","18":"pa_tootegruppp-snacks","19":"pa_tootegruppp-taimne-valk-en","20":"pa_tootegruppp-vegan-en","22":"first","23":"instock","24":"sale","25":"taxable","26":"shipping-taxable","27":"purchasable","28":"product-type-variable"},"yoast_head":"<!-- This site is optimized with the Yoast SEO plugin v27.3 - https:\/\/yoast.com\/product\/yoast-seo-wordpress\/ -->\n<title>Vegan Protein Bar (40g) - Taimne valgubaoon - Imemaitsev - Hea hind - Fit360<\/title>\n<meta name=\"description\" content=\"Barbarian Vegan Protein Bar on loodud olema \u00fcks maitsvamaid valgubatoone, mida olete kunagi proovinud. See mitte ainult ei maitse maitsvalt, vaid ka tehn...\" \/>\n<meta name=\"robots\" content=\"index, follow, max-snippet:-1, max-image-preview:large, max-video-preview:-1\" \/>\n<link rel=\"canonical\" href=\"https:\/\/fit360.ee\/en\/pood\/product-groups\/protein-poweders-en\/vegan-protein-en\/vegan-protein-bar-40g\/\" \/>\n<meta property=\"og:locale\" content=\"en_US\" \/>\n<meta property=\"og:type\" content=\"article\" \/>\n<meta property=\"og:title\" content=\"Vegan Protein Bar (40g) - Taimne valgubaoon - Imemaitsev - Hea hind - Fit360\" \/>\n<meta property=\"og:description\" content=\"Barbarian Vegan Protein Bar on loodud olema \u00fcks maitsvamaid valgubatoone, mida olete kunagi proovinud. See mitte ainult ei maitse maitsvalt, vaid ka tehn...\" \/>\n<meta property=\"og:url\" content=\"https:\/\/fit360.ee\/en\/pood\/product-groups\/protein-poweders-en\/vegan-protein-en\/vegan-protein-bar-40g\/\" \/>\n<meta property=\"og:site_name\" content=\"Fit360\" \/>\n<meta property=\"article:modified_time\" content=\"2025-08-13T05:36:43+00:00\" \/>\n<meta property=\"og:image\" content=\"https:\/\/fit360.ee\/wp-content\/uploads\/2025\/03\/barbarian-vegan-protein-bar-fit360.ee_.jpg\" \/>\n\t<meta property=\"og:image:width\" content=\"1000\" \/>\n\t<meta property=\"og:image:height\" content=\"1000\" \/>\n\t<meta property=\"og:image:type\" content=\"image\/jpeg\" \/>\n<meta name=\"twitter:card\" content=\"summary_large_image\" \/>\n<meta name=\"twitter:label1\" content=\"Est. reading time\" \/>\n\t<meta name=\"twitter:data1\" content=\"2 minutes\" \/>\n<script type=\"application\/ld+json\" class=\"yoast-schema-graph\">{\"@context\":\"https:\\\/\\\/schema.org\",\"@graph\":[{\"@type\":\"WebPage\",\"@id\":\"https:\\\/\\\/fit360.ee\\\/en\\\/pood\\\/product-groups\\\/protein-poweders-en\\\/vegan-protein-en\\\/vegan-protein-bar-40g\\\/\",\"url\":\"https:\\\/\\\/fit360.ee\\\/en\\\/pood\\\/product-groups\\\/protein-poweders-en\\\/vegan-protein-en\\\/vegan-protein-bar-40g\\\/\",\"name\":\"Vegan Protein Bar (40g) - Taimne valgubaoon - Imemaitsev - Hea hind - Fit360\",\"isPartOf\":{\"@id\":\"https:\\\/\\\/fit360.ee\\\/en\\\/#website\"},\"primaryImageOfPage\":{\"@id\":\"https:\\\/\\\/fit360.ee\\\/en\\\/pood\\\/product-groups\\\/protein-poweders-en\\\/vegan-protein-en\\\/vegan-protein-bar-40g\\\/#primaryimage\"},\"image\":{\"@id\":\"https:\\\/\\\/fit360.ee\\\/en\\\/pood\\\/product-groups\\\/protein-poweders-en\\\/vegan-protein-en\\\/vegan-protein-bar-40g\\\/#primaryimage\"},\"thumbnailUrl\":\"https:\\\/\\\/fit360.ee\\\/wp-content\\\/uploads\\\/2025\\\/03\\\/barbarian-vegan-protein-bar-fit360.ee_.jpg\",\"datePublished\":\"2025-03-20T11:37:11+00:00\",\"dateModified\":\"2025-08-13T05:36:43+00:00\",\"description\":\"Barbarian Vegan Protein Bar on loodud olema \u00fcks maitsvamaid valgubatoone, mida olete kunagi proovinud. See mitte ainult ei maitse maitsvalt, vaid ka tehn...\",\"breadcrumb\":{\"@id\":\"https:\\\/\\\/fit360.ee\\\/en\\\/pood\\\/product-groups\\\/protein-poweders-en\\\/vegan-protein-en\\\/vegan-protein-bar-40g\\\/#breadcrumb\"},\"inLanguage\":\"en-US\",\"potentialAction\":[{\"@type\":\"ReadAction\",\"target\":[\"https:\\\/\\\/fit360.ee\\\/en\\\/pood\\\/product-groups\\\/protein-poweders-en\\\/vegan-protein-en\\\/vegan-protein-bar-40g\\\/\"]}]},{\"@type\":\"ImageObject\",\"inLanguage\":\"en-US\",\"@id\":\"https:\\\/\\\/fit360.ee\\\/en\\\/pood\\\/product-groups\\\/protein-poweders-en\\\/vegan-protein-en\\\/vegan-protein-bar-40g\\\/#primaryimage\",\"url\":\"https:\\\/\\\/fit360.ee\\\/wp-content\\\/uploads\\\/2025\\\/03\\\/barbarian-vegan-protein-bar-fit360.ee_.jpg\",\"contentUrl\":\"https:\\\/\\\/fit360.ee\\\/wp-content\\\/uploads\\\/2025\\\/03\\\/barbarian-vegan-protein-bar-fit360.ee_.jpg\",\"width\":1000,\"height\":1000,\"caption\":\"barbarian vegan protein bar - fit360.ee\"},{\"@type\":\"BreadcrumbList\",\"@id\":\"https:\\\/\\\/fit360.ee\\\/en\\\/pood\\\/product-groups\\\/protein-poweders-en\\\/vegan-protein-en\\\/vegan-protein-bar-40g\\\/#breadcrumb\",\"itemListElement\":[{\"@type\":\"ListItem\",\"position\":1,\"name\":\"Home\",\"item\":\"https:\\\/\\\/fit360.ee\\\/en\\\/\"},{\"@type\":\"ListItem\",\"position\":2,\"name\":\"Shop\",\"item\":\"https:\\\/\\\/fit360.ee\\\/en\\\/shop\\\/\"},{\"@type\":\"ListItem\",\"position\":3,\"name\":\"Vegan Protein Bar (40g)\"}]},{\"@type\":\"WebSite\",\"@id\":\"https:\\\/\\\/fit360.ee\\\/en\\\/#website\",\"url\":\"https:\\\/\\\/fit360.ee\\\/en\\\/\",\"name\":\"Fit360\",\"description\":\"\",\"publisher\":{\"@id\":\"https:\\\/\\\/fit360.ee\\\/en\\\/#organization\"},\"potentialAction\":[{\"@type\":\"SearchAction\",\"target\":{\"@type\":\"EntryPoint\",\"urlTemplate\":\"https:\\\/\\\/fit360.ee\\\/en\\\/?s={search_term_string}\"},\"query-input\":{\"@type\":\"PropertyValueSpecification\",\"valueRequired\":true,\"valueName\":\"search_term_string\"}}],\"inLanguage\":\"en-US\"},{\"@type\":\"Organization\",\"@id\":\"https:\\\/\\\/fit360.ee\\\/en\\\/#organization\",\"name\":\"Fit360\",\"url\":\"https:\\\/\\\/fit360.ee\\\/en\\\/\",\"logo\":{\"@type\":\"ImageObject\",\"inLanguage\":\"en-US\",\"@id\":\"https:\\\/\\\/fit360.ee\\\/en\\\/#\\\/schema\\\/logo\\\/image\\\/\",\"url\":\"https:\\\/\\\/fit360.ee\\\/wp-content\\\/uploads\\\/2017\\\/01\\\/logo-fit360.png\",\"contentUrl\":\"https:\\\/\\\/fit360.ee\\\/wp-content\\\/uploads\\\/2017\\\/01\\\/logo-fit360.png\",\"width\":180,\"height\":66,\"caption\":\"Fit360\"},\"image\":{\"@id\":\"https:\\\/\\\/fit360.ee\\\/en\\\/#\\\/schema\\\/logo\\\/image\\\/\"}}]}<\/script>\n<!-- \/ Yoast SEO plugin. -->","yoast_head_json":{"title":"Vegan Protein Bar (40g) - Taimne valgubaoon - Imemaitsev - Hea hind - Fit360","description":"Barbarian Vegan Protein Bar on loodud olema \u00fcks maitsvamaid valgubatoone, mida olete kunagi proovinud. See mitte ainult ei maitse maitsvalt, vaid ka tehn...","robots":{"index":"index","follow":"follow","max-snippet":"max-snippet:-1","max-image-preview":"max-image-preview:large","max-video-preview":"max-video-preview:-1"},"canonical":"https:\/\/fit360.ee\/en\/pood\/product-groups\/protein-poweders-en\/vegan-protein-en\/vegan-protein-bar-40g\/","og_locale":"en_US","og_type":"article","og_title":"Vegan Protein Bar (40g) - Taimne valgubaoon - Imemaitsev - Hea hind - Fit360","og_description":"Barbarian Vegan Protein Bar on loodud olema \u00fcks maitsvamaid valgubatoone, mida olete kunagi proovinud. See mitte ainult ei maitse maitsvalt, vaid ka tehn...","og_url":"https:\/\/fit360.ee\/en\/pood\/product-groups\/protein-poweders-en\/vegan-protein-en\/vegan-protein-bar-40g\/","og_site_name":"Fit360","article_modified_time":"2025-08-13T05:36:43+00:00","og_image":[{"width":1000,"height":1000,"url":"https:\/\/fit360.ee\/wp-content\/uploads\/2025\/03\/barbarian-vegan-protein-bar-fit360.ee_.jpg","type":"image\/jpeg"}],"twitter_card":"summary_large_image","twitter_misc":{"Est. reading time":"2 minutes"},"schema":{"@context":"https:\/\/schema.org","@graph":[{"@type":"WebPage","@id":"https:\/\/fit360.ee\/en\/pood\/product-groups\/protein-poweders-en\/vegan-protein-en\/vegan-protein-bar-40g\/","url":"https:\/\/fit360.ee\/en\/pood\/product-groups\/protein-poweders-en\/vegan-protein-en\/vegan-protein-bar-40g\/","name":"Vegan Protein Bar (40g) - Taimne valgubaoon - Imemaitsev - Hea hind - Fit360","isPartOf":{"@id":"https:\/\/fit360.ee\/en\/#website"},"primaryImageOfPage":{"@id":"https:\/\/fit360.ee\/en\/pood\/product-groups\/protein-poweders-en\/vegan-protein-en\/vegan-protein-bar-40g\/#primaryimage"},"image":{"@id":"https:\/\/fit360.ee\/en\/pood\/product-groups\/protein-poweders-en\/vegan-protein-en\/vegan-protein-bar-40g\/#primaryimage"},"thumbnailUrl":"https:\/\/fit360.ee\/wp-content\/uploads\/2025\/03\/barbarian-vegan-protein-bar-fit360.ee_.jpg","datePublished":"2025-03-20T11:37:11+00:00","dateModified":"2025-08-13T05:36:43+00:00","description":"Barbarian Vegan Protein Bar on loodud olema \u00fcks maitsvamaid valgubatoone, mida olete kunagi proovinud. See mitte ainult ei maitse maitsvalt, vaid ka tehn...","breadcrumb":{"@id":"https:\/\/fit360.ee\/en\/pood\/product-groups\/protein-poweders-en\/vegan-protein-en\/vegan-protein-bar-40g\/#breadcrumb"},"inLanguage":"en-US","potentialAction":[{"@type":"ReadAction","target":["https:\/\/fit360.ee\/en\/pood\/product-groups\/protein-poweders-en\/vegan-protein-en\/vegan-protein-bar-40g\/"]}]},{"@type":"ImageObject","inLanguage":"en-US","@id":"https:\/\/fit360.ee\/en\/pood\/product-groups\/protein-poweders-en\/vegan-protein-en\/vegan-protein-bar-40g\/#primaryimage","url":"https:\/\/fit360.ee\/wp-content\/uploads\/2025\/03\/barbarian-vegan-protein-bar-fit360.ee_.jpg","contentUrl":"https:\/\/fit360.ee\/wp-content\/uploads\/2025\/03\/barbarian-vegan-protein-bar-fit360.ee_.jpg","width":1000,"height":1000,"caption":"barbarian vegan protein bar - fit360.ee"},{"@type":"BreadcrumbList","@id":"https:\/\/fit360.ee\/en\/pood\/product-groups\/protein-poweders-en\/vegan-protein-en\/vegan-protein-bar-40g\/#breadcrumb","itemListElement":[{"@type":"ListItem","position":1,"name":"Home","item":"https:\/\/fit360.ee\/en\/"},{"@type":"ListItem","position":2,"name":"Shop","item":"https:\/\/fit360.ee\/en\/shop\/"},{"@type":"ListItem","position":3,"name":"Vegan Protein Bar (40g)"}]},{"@type":"WebSite","@id":"https:\/\/fit360.ee\/en\/#website","url":"https:\/\/fit360.ee\/en\/","name":"Fit360","description":"","publisher":{"@id":"https:\/\/fit360.ee\/en\/#organization"},"potentialAction":[{"@type":"SearchAction","target":{"@type":"EntryPoint","urlTemplate":"https:\/\/fit360.ee\/en\/?s={search_term_string}"},"query-input":{"@type":"PropertyValueSpecification","valueRequired":true,"valueName":"search_term_string"}}],"inLanguage":"en-US"},{"@type":"Organization","@id":"https:\/\/fit360.ee\/en\/#organization","name":"Fit360","url":"https:\/\/fit360.ee\/en\/","logo":{"@type":"ImageObject","inLanguage":"en-US","@id":"https:\/\/fit360.ee\/en\/#\/schema\/logo\/image\/","url":"https:\/\/fit360.ee\/wp-content\/uploads\/2017\/01\/logo-fit360.png","contentUrl":"https:\/\/fit360.ee\/wp-content\/uploads\/2017\/01\/logo-fit360.png","width":180,"height":66,"caption":"Fit360"},"image":{"@id":"https:\/\/fit360.ee\/en\/#\/schema\/logo\/image\/"}}]}},"_links":{"self":[{"href":"https:\/\/fit360.ee\/en\/wp-json\/wp\/v2\/product\/87399","targetHints":{"allow":["GET"]}}],"collection":[{"href":"https:\/\/fit360.ee\/en\/wp-json\/wp\/v2\/product"}],"about":[{"href":"https:\/\/fit360.ee\/en\/wp-json\/wp\/v2\/types\/product"}],"replies":[{"embeddable":true,"href":"https:\/\/fit360.ee\/en\/wp-json\/wp\/v2\/comments?post=87399"}],"wp:featuredmedia":[{"embeddable":true,"href":"https:\/\/fit360.ee\/en\/wp-json\/wp\/v2\/media\/87396"}],"wp:attachment":[{"href":"https:\/\/fit360.ee\/en\/wp-json\/wp\/v2\/media?parent=87399"}],"wp:term":[{"taxonomy":"product_brand","embeddable":true,"href":"https:\/\/fit360.ee\/en\/wp-json\/wp\/v2\/product_brand?post=87399"},{"taxonomy":"product_cat","embeddable":true,"href":"https:\/\/fit360.ee\/en\/wp-json\/wp\/v2\/product_cat?post=87399"},{"taxonomy":"product_tag","embeddable":true,"href":"https:\/\/fit360.ee\/en\/wp-json\/wp\/v2\/product_tag?post=87399"},{"taxonomy":"giftcard-category","embeddable":true,"href":"https:\/\/fit360.ee\/en\/wp-json\/wp\/v2\/giftcard-category?post=87399"}],"curies":[{"name":"wp","href":"https:\/\/api.w.org\/{rel}","templated":true}]}}