{"id":87405,"date":"2025-03-20T14:37:06","date_gmt":"2025-03-20T12:37:06","guid":{"rendered":"https:\/\/fit360.ee\/pood\/uncategorized\/creatine-protein-bar-chocolate-peanut-75g\/"},"modified":"2025-11-16T14:29:23","modified_gmt":"2025-11-16T12:29:23","slug":"creatine-protein-bar-chocolate-peanut-75g","status":"publish","type":"product","link":"https:\/\/fit360.ee\/en\/pood\/product-groups\/creatine-en\/creatine-protein-bar-chocolate-peanut-75g\/","title":{"rendered":"Creatine + Protein Bar, Chocolate Peanut (75g)"},"content":{"rendered":"<h2><strong>Creatine + Protein Bar<\/strong><\/h2>\n<p>Warrior Creatine + Protein Bar sobib igale tublile j\u00f5usaalis treenjale taastumiseks. Tutvustame uhiuut Warrior Creatine Protein Batooni, mis on parim k\u00fctus teie treeningute eesm\u00e4rkide saavutamiseks! Sisaldab 3g kreatiini j\u00f5u ja sooritusv\u00f5ime suurendamiseks, 20g kvaliteetset valku lihaste taastamiseks ja rohkelt kiudaineid energia saamiseks. Madala suhkrusisaldusega on see ideaalne vahepala stressivabaks treeninguks.<\/p>\n<ul>\n<li><span class=\"a-list-item\"><strong>20 grammi valku batooni kohta<\/strong> \u2013 iga 75 g Warriori valgubatoon sisaldab tohutult 20 grammi valku, mille kalorisisaldus on alla 248, mist\u00f5ttu on see ideaalne suupiste valgutarbimise eesm\u00e4rkide saavutamiseks, sest iga batooni kohta on ainult 3,7 g suhkrut.<\/span><\/li>\n<li><span class=\"a-list-item\"><strong>3 grammi kreatiini batooni kohta<\/strong> \u2013 3 grammi kreatiini sisaldavad batoonid pakuvad lihtsat viisi nii kreatiini kui ka valguvajaduse rahuldamiseks, aidates parandada teie f\u00fc\u00fcsilist j\u00f5udlust.<\/span><\/li>\n<li><span class=\"a-list-item\"><strong>Sobib s\u00f6\u00f6miseks igal ajal<\/strong> \u2013 nautige neid mitmek\u00fclgseid valgubatoone igal ajal \u2013 treeningeelse energialaenguna, treeninguj\u00e4rgse taastumisabina v\u00f5i isegi rahuldava vahepalana liikvel olles.<\/span><\/li>\n<li><span class=\"a-list-item\"><strong>Imeline maitse<\/strong> \u2013 need n\u00e4tsked kaerabatoonid, mis on valmistatud Warriori tipptasemel tootmishoones, on t\u00e4is maitsvaid \u0161okolaadit\u00fckke, mis pakuvad nii suurep\u00e4rast maitset kui ka tekstuuri iga suupiste puhul.<\/span><\/li>\n<li><span class=\"a-list-item\"><strong>Warrior tooted<\/strong> \u2013 Loodi \u00fchte eesm\u00e4rki silmas pidades \u2013 \u00fcksildane eesm\u00e4rk. Parandada neid tarbivate inimeste sportlikku j\u00f5udlust ja vaimset keskendumist. Soovime aidata inimesi k\u00f5igis eluvaldkondades k\u00f5igi nende ees seisvate v\u00e4ljakutsetega, olgu selleks siis koletise koolitus, t\u00f6\u00f6kohtumine v\u00f5i \u00f5pilas\u00fclesanne. Liituge meiega ja saage s\u00f5dalaseks<\/span><\/li>\n<\/ul>\n<p><strong>Koostisosad<\/strong>: valtsitud kaer, valgusegu (PIIMAvalk, h\u00fcdrol\u00fc\u00fcsitud \u017eelatiin), gl\u00fctseriin, r\u00f6stitud kaer (sisaldab mett, linnaseekstrakti, suhkrut, taime\u00f5li), frukto-oligosahhariid, maap\u00e4hkliv\u00f5i, kreatiinmonoh\u00fcdraat (4%), valge \u0161okolaad, 5% suhkrumass (3,5%). Kakaov\u00f5i, emulgaator: SOJA letsitiin, kakaopulber, l\u00f5hna- ja maitseaine, sool, magusaine (sukraloos, stevia). Allergeenide kohta vaadake koostisosi paksus kirjas \/ SUURT\u00c4HTEDEGA. V\u00f5ib sisaldada ka MUNA, PIIMA, GLUTEENI, SOJA, P\u00c4HKLID ja MAAP\u00c4HKLID.<\/p>\n<p><strong>Kasutamine<\/strong>: Tarbi 1-2 batooni p\u00e4evas, vastavalt vajadusele.<\/p>\n<p><strong>Suurus<\/strong>: 75g<\/p>\n<p><strong>Maitse<\/strong>: \u0160okolaad-P\u00e4hkli<\/p>\n<table>\n<thead>\n<tr>\n<th><strong>Toitainesisaldus<\/strong><\/th>\n<th><strong>75 g kohta<\/strong><\/th>\n<th><strong>100 g kohta<\/strong><\/th>\n<\/tr>\n<\/thead>\n<tbody>\n<tr>\n<td><strong>Energia (kJ)<\/strong><\/td>\n<td>1000<\/td>\n<td>1333<\/td>\n<\/tr>\n<tr>\n<td><strong>Energia (kcal)<\/strong><\/td>\n<td>237<\/td>\n<td>316<\/td>\n<\/tr>\n<tr>\n<td><strong>S\u00fcsivesikud (g)<\/strong><\/td>\n<td>19,3<\/td>\n<td>25,7<\/td>\n<\/tr>\n<tr>\n<td>&#8211; millest suhkrud (g)<\/td>\n<td>3,6<\/td>\n<td>4,8<\/td>\n<\/tr>\n<tr>\n<td>&#8211; millest pol\u00fcoolid (g)<\/td>\n<td>15<\/td>\n<td>20<\/td>\n<\/tr>\n<tr>\n<td><strong>Valk (g)<\/strong><\/td>\n<td>20,1<\/td>\n<td>26,8<\/td>\n<\/tr>\n<tr>\n<td><strong>Rasv (g)<\/strong><\/td>\n<td>3,6<\/td>\n<td>4,8<\/td>\n<\/tr>\n<tr>\n<td>&#8211; millest k\u00fcllastunud (g)<\/td>\n<td>1,3<\/td>\n<td>1,7<\/td>\n<\/tr>\n<tr>\n<td><strong>Sool (g)<\/strong><\/td>\n<td>0,23<\/td>\n<td>0,3<\/td>\n<\/tr>\n<tr>\n<td><strong>Kiudained (g)<\/strong><\/td>\n<td>6,8<\/td>\n<td>9<\/td>\n<\/tr>\n<\/tbody>\n<\/table>\n<p>&nbsp;<\/p>\n<p>Vaata ka meie Teisi Proteiinibatoone<a href=\"https:\/\/fit360.ee\/en\/product-category\/product-groups\/protein-bars-and-snacks\/\"><strong> SIIT<\/strong><\/a> v\u00f5i Kreatiini lisandeid <a href=\"https:\/\/fit360.ee\/en\/product-category\/product-groups\/creatine-en\/\"><strong>SIIT<\/strong><\/a>!<\/p>\n","protected":false},"excerpt":{"rendered":"<ul>\n<li>20g proteiini batooni kohta<\/li>\n<li>3g kreatiini batooni kohta<\/li>\n<li>Imeline maitse<\/li>\n<\/ul>\n","protected":false},"featured_media":87404,"comment_status":"open","ping_status":"closed","template":"","meta":[],"product_brand":[],"product_cat":[526,534,4212],"product_tag":[5614,4215],"giftcard-category":[],"class_list":{"0":"post-87405","1":"product","2":"type-product","3":"status-publish","4":"has-post-thumbnail","6":"product_cat-creatine-en","7":"product_cat-protein-bars-and-snacks","8":"product_cat-warrior-en","9":"product_tag-creatine-protein-bar-en","10":"product_tag-warrior-en","11":"pa_kogus-75g-en","12":"pa_toidulisand-branddd-warrior","13":"pa_tootegruppp-creatine","14":"pa_tootegruppp-snacks","16":"first","17":"instock","18":"sale","19":"taxable","20":"shipping-taxable","21":"purchasable","22":"product-type-simple"},"yoast_head":"<!-- This site is optimized with the Yoast SEO plugin v27.3 - https:\/\/yoast.com\/product\/yoast-seo-wordpress\/ -->\n<title>Creatine + Protein Bar, Chocolate Peanut (75g) - Valgubatoon + krea - Fit360<\/title>\n<meta name=\"description\" content=\"Warrior Creatine + Protein Bar sobib igale tublile j\u00f5usaalis treenjale taastumiseks. Tutvustame uhiuut Warrior Creatine Protein Batooni, mis on parim k\u00fct...\" \/>\n<meta name=\"robots\" content=\"index, follow, max-snippet:-1, max-image-preview:large, max-video-preview:-1\" \/>\n<link rel=\"canonical\" href=\"https:\/\/fit360.ee\/en\/pood\/product-groups\/creatine-en\/creatine-protein-bar-chocolate-peanut-75g\/\" \/>\n<meta property=\"og:locale\" content=\"en_US\" \/>\n<meta property=\"og:type\" content=\"article\" \/>\n<meta property=\"og:title\" content=\"Creatine + Protein Bar, Chocolate Peanut (75g) - Valgubatoon + krea - Fit360\" \/>\n<meta property=\"og:description\" content=\"Warrior Creatine + Protein Bar sobib igale tublile j\u00f5usaalis treenjale taastumiseks. Tutvustame uhiuut Warrior Creatine Protein Batooni, mis on parim k\u00fct...\" \/>\n<meta property=\"og:url\" content=\"https:\/\/fit360.ee\/en\/pood\/product-groups\/creatine-en\/creatine-protein-bar-chocolate-peanut-75g\/\" \/>\n<meta property=\"og:site_name\" content=\"Fit360\" \/>\n<meta property=\"article:modified_time\" content=\"2025-11-16T12:29:23+00:00\" \/>\n<meta property=\"og:image\" content=\"https:\/\/fit360.ee\/wp-content\/uploads\/2025\/03\/warroior-creatine-protein-bar-fit360.ee_.png\" \/>\n\t<meta property=\"og:image:width\" content=\"800\" \/>\n\t<meta property=\"og:image:height\" content=\"800\" \/>\n\t<meta property=\"og:image:type\" content=\"image\/png\" \/>\n<meta name=\"twitter:card\" content=\"summary_large_image\" \/>\n<meta name=\"twitter:label1\" content=\"Est. reading time\" \/>\n\t<meta name=\"twitter:data1\" content=\"2 minutes\" \/>\n<script type=\"application\/ld+json\" class=\"yoast-schema-graph\">{\"@context\":\"https:\\\/\\\/schema.org\",\"@graph\":[{\"@type\":\"WebPage\",\"@id\":\"https:\\\/\\\/fit360.ee\\\/en\\\/pood\\\/product-groups\\\/creatine-en\\\/creatine-protein-bar-chocolate-peanut-75g\\\/\",\"url\":\"https:\\\/\\\/fit360.ee\\\/en\\\/pood\\\/product-groups\\\/creatine-en\\\/creatine-protein-bar-chocolate-peanut-75g\\\/\",\"name\":\"Creatine + Protein Bar, Chocolate Peanut (75g) - Valgubatoon + krea - Fit360\",\"isPartOf\":{\"@id\":\"https:\\\/\\\/fit360.ee\\\/en\\\/#website\"},\"primaryImageOfPage\":{\"@id\":\"https:\\\/\\\/fit360.ee\\\/en\\\/pood\\\/product-groups\\\/creatine-en\\\/creatine-protein-bar-chocolate-peanut-75g\\\/#primaryimage\"},\"image\":{\"@id\":\"https:\\\/\\\/fit360.ee\\\/en\\\/pood\\\/product-groups\\\/creatine-en\\\/creatine-protein-bar-chocolate-peanut-75g\\\/#primaryimage\"},\"thumbnailUrl\":\"https:\\\/\\\/fit360.ee\\\/wp-content\\\/uploads\\\/2025\\\/03\\\/warroior-creatine-protein-bar-fit360.ee_.png\",\"datePublished\":\"2025-03-20T12:37:06+00:00\",\"dateModified\":\"2025-11-16T12:29:23+00:00\",\"description\":\"Warrior Creatine + Protein Bar sobib igale tublile j\u00f5usaalis treenjale taastumiseks. Tutvustame uhiuut Warrior Creatine Protein Batooni, mis on parim k\u00fct...\",\"breadcrumb\":{\"@id\":\"https:\\\/\\\/fit360.ee\\\/en\\\/pood\\\/product-groups\\\/creatine-en\\\/creatine-protein-bar-chocolate-peanut-75g\\\/#breadcrumb\"},\"inLanguage\":\"en-US\",\"potentialAction\":[{\"@type\":\"ReadAction\",\"target\":[\"https:\\\/\\\/fit360.ee\\\/en\\\/pood\\\/product-groups\\\/creatine-en\\\/creatine-protein-bar-chocolate-peanut-75g\\\/\"]}]},{\"@type\":\"ImageObject\",\"inLanguage\":\"en-US\",\"@id\":\"https:\\\/\\\/fit360.ee\\\/en\\\/pood\\\/product-groups\\\/creatine-en\\\/creatine-protein-bar-chocolate-peanut-75g\\\/#primaryimage\",\"url\":\"https:\\\/\\\/fit360.ee\\\/wp-content\\\/uploads\\\/2025\\\/03\\\/warroior-creatine-protein-bar-fit360.ee_.png\",\"contentUrl\":\"https:\\\/\\\/fit360.ee\\\/wp-content\\\/uploads\\\/2025\\\/03\\\/warroior-creatine-protein-bar-fit360.ee_.png\",\"width\":800,\"height\":800,\"caption\":\"warroior creatine + protein bar - fit360.ee\"},{\"@type\":\"BreadcrumbList\",\"@id\":\"https:\\\/\\\/fit360.ee\\\/en\\\/pood\\\/product-groups\\\/creatine-en\\\/creatine-protein-bar-chocolate-peanut-75g\\\/#breadcrumb\",\"itemListElement\":[{\"@type\":\"ListItem\",\"position\":1,\"name\":\"Home\",\"item\":\"https:\\\/\\\/fit360.ee\\\/en\\\/\"},{\"@type\":\"ListItem\",\"position\":2,\"name\":\"Shop\",\"item\":\"https:\\\/\\\/fit360.ee\\\/en\\\/shop\\\/\"},{\"@type\":\"ListItem\",\"position\":3,\"name\":\"Creatine + Protein Bar, Chocolate Peanut (75g)\"}]},{\"@type\":\"WebSite\",\"@id\":\"https:\\\/\\\/fit360.ee\\\/en\\\/#website\",\"url\":\"https:\\\/\\\/fit360.ee\\\/en\\\/\",\"name\":\"Fit360\",\"description\":\"\",\"publisher\":{\"@id\":\"https:\\\/\\\/fit360.ee\\\/en\\\/#organization\"},\"potentialAction\":[{\"@type\":\"SearchAction\",\"target\":{\"@type\":\"EntryPoint\",\"urlTemplate\":\"https:\\\/\\\/fit360.ee\\\/en\\\/?s={search_term_string}\"},\"query-input\":{\"@type\":\"PropertyValueSpecification\",\"valueRequired\":true,\"valueName\":\"search_term_string\"}}],\"inLanguage\":\"en-US\"},{\"@type\":\"Organization\",\"@id\":\"https:\\\/\\\/fit360.ee\\\/en\\\/#organization\",\"name\":\"Fit360\",\"url\":\"https:\\\/\\\/fit360.ee\\\/en\\\/\",\"logo\":{\"@type\":\"ImageObject\",\"inLanguage\":\"en-US\",\"@id\":\"https:\\\/\\\/fit360.ee\\\/en\\\/#\\\/schema\\\/logo\\\/image\\\/\",\"url\":\"https:\\\/\\\/fit360.ee\\\/wp-content\\\/uploads\\\/2017\\\/01\\\/logo-fit360.png\",\"contentUrl\":\"https:\\\/\\\/fit360.ee\\\/wp-content\\\/uploads\\\/2017\\\/01\\\/logo-fit360.png\",\"width\":180,\"height\":66,\"caption\":\"Fit360\"},\"image\":{\"@id\":\"https:\\\/\\\/fit360.ee\\\/en\\\/#\\\/schema\\\/logo\\\/image\\\/\"}}]}<\/script>\n<!-- \/ Yoast SEO plugin. -->","yoast_head_json":{"title":"Creatine + Protein Bar, Chocolate Peanut (75g) - Valgubatoon + krea - Fit360","description":"Warrior Creatine + Protein Bar sobib igale tublile j\u00f5usaalis treenjale taastumiseks. Tutvustame uhiuut Warrior Creatine Protein Batooni, mis on parim k\u00fct...","robots":{"index":"index","follow":"follow","max-snippet":"max-snippet:-1","max-image-preview":"max-image-preview:large","max-video-preview":"max-video-preview:-1"},"canonical":"https:\/\/fit360.ee\/en\/pood\/product-groups\/creatine-en\/creatine-protein-bar-chocolate-peanut-75g\/","og_locale":"en_US","og_type":"article","og_title":"Creatine + Protein Bar, Chocolate Peanut (75g) - Valgubatoon + krea - Fit360","og_description":"Warrior Creatine + Protein Bar sobib igale tublile j\u00f5usaalis treenjale taastumiseks. Tutvustame uhiuut Warrior Creatine Protein Batooni, mis on parim k\u00fct...","og_url":"https:\/\/fit360.ee\/en\/pood\/product-groups\/creatine-en\/creatine-protein-bar-chocolate-peanut-75g\/","og_site_name":"Fit360","article_modified_time":"2025-11-16T12:29:23+00:00","og_image":[{"width":800,"height":800,"url":"https:\/\/fit360.ee\/wp-content\/uploads\/2025\/03\/warroior-creatine-protein-bar-fit360.ee_.png","type":"image\/png"}],"twitter_card":"summary_large_image","twitter_misc":{"Est. reading time":"2 minutes"},"schema":{"@context":"https:\/\/schema.org","@graph":[{"@type":"WebPage","@id":"https:\/\/fit360.ee\/en\/pood\/product-groups\/creatine-en\/creatine-protein-bar-chocolate-peanut-75g\/","url":"https:\/\/fit360.ee\/en\/pood\/product-groups\/creatine-en\/creatine-protein-bar-chocolate-peanut-75g\/","name":"Creatine + Protein Bar, Chocolate Peanut (75g) - Valgubatoon + krea - Fit360","isPartOf":{"@id":"https:\/\/fit360.ee\/en\/#website"},"primaryImageOfPage":{"@id":"https:\/\/fit360.ee\/en\/pood\/product-groups\/creatine-en\/creatine-protein-bar-chocolate-peanut-75g\/#primaryimage"},"image":{"@id":"https:\/\/fit360.ee\/en\/pood\/product-groups\/creatine-en\/creatine-protein-bar-chocolate-peanut-75g\/#primaryimage"},"thumbnailUrl":"https:\/\/fit360.ee\/wp-content\/uploads\/2025\/03\/warroior-creatine-protein-bar-fit360.ee_.png","datePublished":"2025-03-20T12:37:06+00:00","dateModified":"2025-11-16T12:29:23+00:00","description":"Warrior Creatine + Protein Bar sobib igale tublile j\u00f5usaalis treenjale taastumiseks. Tutvustame uhiuut Warrior Creatine Protein Batooni, mis on parim k\u00fct...","breadcrumb":{"@id":"https:\/\/fit360.ee\/en\/pood\/product-groups\/creatine-en\/creatine-protein-bar-chocolate-peanut-75g\/#breadcrumb"},"inLanguage":"en-US","potentialAction":[{"@type":"ReadAction","target":["https:\/\/fit360.ee\/en\/pood\/product-groups\/creatine-en\/creatine-protein-bar-chocolate-peanut-75g\/"]}]},{"@type":"ImageObject","inLanguage":"en-US","@id":"https:\/\/fit360.ee\/en\/pood\/product-groups\/creatine-en\/creatine-protein-bar-chocolate-peanut-75g\/#primaryimage","url":"https:\/\/fit360.ee\/wp-content\/uploads\/2025\/03\/warroior-creatine-protein-bar-fit360.ee_.png","contentUrl":"https:\/\/fit360.ee\/wp-content\/uploads\/2025\/03\/warroior-creatine-protein-bar-fit360.ee_.png","width":800,"height":800,"caption":"warroior creatine + protein bar - fit360.ee"},{"@type":"BreadcrumbList","@id":"https:\/\/fit360.ee\/en\/pood\/product-groups\/creatine-en\/creatine-protein-bar-chocolate-peanut-75g\/#breadcrumb","itemListElement":[{"@type":"ListItem","position":1,"name":"Home","item":"https:\/\/fit360.ee\/en\/"},{"@type":"ListItem","position":2,"name":"Shop","item":"https:\/\/fit360.ee\/en\/shop\/"},{"@type":"ListItem","position":3,"name":"Creatine + Protein Bar, Chocolate Peanut (75g)"}]},{"@type":"WebSite","@id":"https:\/\/fit360.ee\/en\/#website","url":"https:\/\/fit360.ee\/en\/","name":"Fit360","description":"","publisher":{"@id":"https:\/\/fit360.ee\/en\/#organization"},"potentialAction":[{"@type":"SearchAction","target":{"@type":"EntryPoint","urlTemplate":"https:\/\/fit360.ee\/en\/?s={search_term_string}"},"query-input":{"@type":"PropertyValueSpecification","valueRequired":true,"valueName":"search_term_string"}}],"inLanguage":"en-US"},{"@type":"Organization","@id":"https:\/\/fit360.ee\/en\/#organization","name":"Fit360","url":"https:\/\/fit360.ee\/en\/","logo":{"@type":"ImageObject","inLanguage":"en-US","@id":"https:\/\/fit360.ee\/en\/#\/schema\/logo\/image\/","url":"https:\/\/fit360.ee\/wp-content\/uploads\/2017\/01\/logo-fit360.png","contentUrl":"https:\/\/fit360.ee\/wp-content\/uploads\/2017\/01\/logo-fit360.png","width":180,"height":66,"caption":"Fit360"},"image":{"@id":"https:\/\/fit360.ee\/en\/#\/schema\/logo\/image\/"}}]}},"_links":{"self":[{"href":"https:\/\/fit360.ee\/en\/wp-json\/wp\/v2\/product\/87405","targetHints":{"allow":["GET"]}}],"collection":[{"href":"https:\/\/fit360.ee\/en\/wp-json\/wp\/v2\/product"}],"about":[{"href":"https:\/\/fit360.ee\/en\/wp-json\/wp\/v2\/types\/product"}],"replies":[{"embeddable":true,"href":"https:\/\/fit360.ee\/en\/wp-json\/wp\/v2\/comments?post=87405"}],"wp:featuredmedia":[{"embeddable":true,"href":"https:\/\/fit360.ee\/en\/wp-json\/wp\/v2\/media\/87404"}],"wp:attachment":[{"href":"https:\/\/fit360.ee\/en\/wp-json\/wp\/v2\/media?parent=87405"}],"wp:term":[{"taxonomy":"product_brand","embeddable":true,"href":"https:\/\/fit360.ee\/en\/wp-json\/wp\/v2\/product_brand?post=87405"},{"taxonomy":"product_cat","embeddable":true,"href":"https:\/\/fit360.ee\/en\/wp-json\/wp\/v2\/product_cat?post=87405"},{"taxonomy":"product_tag","embeddable":true,"href":"https:\/\/fit360.ee\/en\/wp-json\/wp\/v2\/product_tag?post=87405"},{"taxonomy":"giftcard-category","embeddable":true,"href":"https:\/\/fit360.ee\/en\/wp-json\/wp\/v2\/giftcard-category?post=87405"}],"curies":[{"name":"wp","href":"https:\/\/api.w.org\/{rel}","templated":true}]}}