{"id":87426,"date":"2025-03-20T16:07:09","date_gmt":"2025-03-20T14:07:09","guid":{"rendered":"https:\/\/fit360.ee\/pood\/uncategorized\/iconfit-posh-bar-protein-bar-55g\/"},"modified":"2025-08-19T12:28:20","modified_gmt":"2025-08-19T10:28:20","slug":"iconfit-posh-bar-protein-bar-55g","status":"publish","type":"product","link":"https:\/\/fit360.ee\/en\/pood\/product-groups\/protein-bars-and-snacks\/iconfit-posh-bar-protein-bar-55g\/","title":{"rendered":"ICONFIT Posh Bar Protein Bar (55g)"},"content":{"rendered":"<h2><strong>ICONFIT Posh Bar<\/strong><\/h2>\n<p dir=\"ltr\"><strong>ICONFIT POSH BAR proteiinibatoonid<\/strong>\u00a0&#8211; naudingu ja toitev\u00e4\u00e4rtuse kehastus, mis on loodud selleks, et rahuldada sinu magusaisu tervislikul viisil. Iga batoon sisaldab k\u00f5rgekvaliteedilist koostisosade harmoonilist segu, mis pakub v\u00f5rratut maitseelamust, t\u00e4iendades samal ajal sinu terviseteadlikku elustiili.<\/p>\n<p dir=\"ltr\">Suurep\u00e4rased maitsed ja esmaklassilised koostisosad<\/p>\n<p dir=\"ltr\">POSH valgubatoonid on saadaval mitmes v\u00f5rratus maitses, millest m\u00f5lemad on hoolikalt v\u00e4lja t\u00f6\u00f6tatud, et r\u00f5\u00f5mustada sinu maitsemeelt. Me seame esikohale tipptasemel koostisosade kasutamise, tagades, et iga suut\u00e4is maitseb erakordselt h\u00e4sti ning toetab ka sinu toitumisalaseid eesm\u00e4rke.<\/p>\n<p dir=\"ltr\"><strong>Toitumisalane tipptase<\/strong><\/p>\n<ul>\n<li dir=\"ltr\" aria-level=\"1\">\n<p dir=\"ltr\" role=\"presentation\">Valgurikas: Iga POSH valgubatoon sisaldab ohtralt kvaliteetset valku, mis on oluline lihasmassi kasvatamiseks ja s\u00e4ilitamiseks ning normaalse luutervise s\u00e4ilitamiseks.<\/p>\n<\/li>\n<li dir=\"ltr\" aria-level=\"1\">\n<p dir=\"ltr\" role=\"presentation\">M\u00f5\u00f5dukas rasvasisaldus: m\u00f5eldud tasakaalustatud toitumisega koosk\u00f5lasse viimiseks, sisaldavad meie POSH valgubatoonid m\u00f5\u00f5dukat rasvasisaldust, mis teeb neist sobiva valiku neile, kes j\u00e4lgivad oma rasva tarbimist.<\/p>\n<\/li>\n<\/ul>\n<p dir=\"ltr\"><strong>Kr\u00f5be tekstuur nauditavaks elamuseks<\/strong><\/p>\n<p dir=\"ltr\">Naudi m\u00f5nusalt kr\u00f5mpsuvat tekstuuri meie hoolikalt loodud kr\u00f5bedas kattekihis. Selle eriline tekstuur t\u00e4iustab maitseelamust, muutes iga ampsu POSH valguribatoonist t\u00f5eliselt nauditavaks hetkeks.<\/p>\n<p dir=\"ltr\"><strong>Mugavus aktiivse inimese jaoks<\/strong><\/p>\n<p dir=\"ltr\">T\u00e4nap\u00e4eva kiiretempolises maailmas pakuvad POSH valgubatoonid mugava lahenduse neile, kes otsivad toitvat vahepala kaasa haaramiseks. Olenemata sellest, kas oled sportlane, kes vajab lisavalku, v\u00f5i keegi, kes otsib tervislikumat alternatiivi traditsioonilistele maiustustele, POSH batoonid on valmis vastama sinu vajadustele.<\/p>\n<p dir=\"ltr\"><strong>Mitmek\u00fclgne ja nautimiseks valmis<\/strong><\/p>\n<ul>\n<li dir=\"ltr\" aria-level=\"1\">\n<p dir=\"ltr\" role=\"presentation\">Treeninguj\u00e4rgne taastumine: t\u00e4ienda oma energiat ja toeta lihaste taastumisprotsessi p\u00e4rast treeningut.<\/p>\n<\/li>\n<li dir=\"ltr\" aria-level=\"1\">\n<p dir=\"ltr\" role=\"presentation\">Keskp\u00e4evane vahepala: hoia \u00fchte batooni oma kotis, et saada kiire ja toitev energialaeng tegusatel p\u00e4evadel.<\/p>\n<\/li>\n<li dir=\"ltr\" aria-level=\"1\">\n<p dir=\"ltr\" role=\"presentation\">Reisikaaslane: tervislik vahepala, mida on lihtne kaasa v\u00f5tta, mist\u00f5ttu sobib see ideaalselt reisidele, t\u00f6\u00f6le, kooli v\u00f5i kuhu iganes elu sind viia v\u00f5ib.<\/p>\n<\/li>\n<\/ul>\n<p><b>ICONFIT POSH BAR proteiinibatoonid<\/b><b>\u00a0<\/b>\u00fchendavad hea maitse, suurep\u00e4rase toitev\u00e4\u00e4rtuse ja mugavuse.\u00a0POSH batoonid on loodud neile, kellel on aktiivne elustiil ja v\u00e4\u00e4rtustavad tervislikku toitumist, tegemata kompromisse maitse osas. Naudi neid t\u00f6\u00f6l olles, p\u00e4rast trenni, liikvel olles v\u00f5i mis tahes muul ajal, kui vajad valgurikast maiustust.<\/p>\n<ul>\n<li>K\u00f5rge valgusisaldusega (igas batoonis on 20% valku) ja kiudaineterikas (iga batoon sisaldab \u00fcle 2% kiudaineid).<\/li>\n<li>Madal suhkrusisaldus (vaid 1,4-1,5 g suhkrut \u00fche batooni kohta).<\/li>\n<li>Pehme ja kr\u00f5be tekstuur &#8211; t\u00e4iuslik tasakaal kreemja \u0161okolaadi ja kr\u00f5mpsuvate sojakakaot\u00fckkide vahel tagab m\u00f5nusa maiustuse elamuse.<\/li>\n<li>Parim aktiivse elustiili jaoks: POSH valgubatoonid on ideaalne kaaslane neile, kes elavad d\u00fcnaamilist elu. Olenemata sellest, kas otsid valgurikast vahepala v\u00f5i tervislikumat naudingut, POSH batoonid on valmis sinu isu rahuldama.<\/li>\n<li>Valida saab kahe maitsva maitse vahel &#8211;\u00a0<strong>Choco &amp; Caramel<\/strong>\u00a0ning\u00a0<strong>Cookie bliss<\/strong>. Raske valida? Miks mitte m\u00f5lemat proovida?<\/li>\n<\/ul>\n<p>&nbsp;<\/p>\n<p style=\"font-weight: 400;\"><strong>Koostisosad<\/strong>:<br \/>\nChoco &amp; Caramel:\u00a0<b><strong>piim<\/strong><\/b>a\u0161okolaad magusainega 26% (magusaine maltitool, kakaov\u00f5i, t\u00e4is<b><strong>piim<\/strong><\/b>apulber, kakaomass, emulgaator letsitiinid, looduslik vanilli l\u00f5hna- ja maitseaine),\u00a0<b><strong>piim<\/strong><\/b>avalk, h\u00fcdrol\u00fc\u00fcsitud kollageen, niiskuses\u00e4ilitaja gl\u00fctserool, vesi, valge \u0161okolaad magusainega 5,8% (magusaine maltitool, kakaov\u00f5i, t\u00e4is<b><strong>piim<\/strong><\/b>apulber, emulgaator letsitiinid, looduslik vanilli l\u00f5hna- ja maitseaine),\u00a0<b><strong>soja<\/strong><\/b>kr\u00f5psud kakaoga (<b><strong>soja<\/strong><\/b>valk, kakaopulber, tapiokit\u00e4rklis), mahuaine pol\u00fcdekstroos,\u00a0<b><strong>soja<\/strong><\/b>valk, palmirasv, v\u00e4hendatud rasvasisaldusega kakaopulber, l\u00f5hna- ja maitseaine, looduslik l\u00f5hna- ja maitseaine.<\/p>\n<p style=\"font-weight: 400;\"><b><strong>Cookie Bliss<\/strong><\/b><b><strong>:<\/strong><\/b>\u00a0<b><strong>piim<\/strong><\/b>a\u0161okolaad magusainega (magusaine maltitool, kakaov\u00f5i, t\u00e4is<b><strong>piim<\/strong><\/b>apulber, kakaomass, emulgaator letsitiinid, looduslik vanilli l\u00f5hna- ja maitseaine),\u00a0<b><strong>piim<\/strong><\/b>avalk, niiskuses\u00e4ilitaja gl\u00fctserool, h\u00fcdrol\u00fc\u00fcsitud kollageen,\u00a0<b><strong>soja<\/strong><\/b>kr\u00f5psud kakaoga (<b><strong>soja<\/strong><\/b>valk, kakaopulber, tapiokit\u00e4rklis), valge \u0161okolaad magusainega (magusaine maltitool, kakaov\u00f5i, t\u00e4is<b><strong>piim<\/strong><\/b>apulber, emulgaator letsitiinid, looduslik vanilli l\u00f5hna- ja maitseaine), vesi, mahuaine pol\u00fcdekstroos,\u00a0<b><strong>soja<\/strong><\/b>valk, palmirasv, l\u00f5hna- ja maitseaine, looduslik l\u00f5hna- ja maitseaine.<\/p>\n<table style=\"font-weight: 400; height: 295px;\" width=\"861\">\n<thead>\n<tr>\n<th style=\"font-weight: 800;\"><b><strong>Toitumisalane teave:<\/strong><\/b><\/th>\n<th style=\"font-weight: 800;\"><b><strong>Choco&amp;Caramel \/ 100 g<\/strong><\/b><\/th>\n<th style=\"font-weight: 800;\"><b><strong>Cookie Bliss \/ 100 g<\/strong><\/b><\/th>\n<th style=\"font-weight: 800;\"><b><strong>Choco&amp;Caramel \/ 55 g<\/strong><\/b><\/th>\n<th style=\"font-weight: 800;\"><b><strong>Cookie bliss \/ 55 g<\/strong><\/b><\/th>\n<\/tr>\n<\/thead>\n<tbody>\n<tr>\n<td>Energiasisaldus (kJ\/kcal)<\/td>\n<td>1550 \/ 371<\/td>\n<td>1567 \/ 375<\/td>\n<td>852 \/ 204<\/td>\n<td>862 \/ 206<\/td>\n<\/tr>\n<tr>\n<td>Rasvad<\/td>\n<td>15 g<\/td>\n<td>15 g<\/td>\n<td>8,4 g<\/td>\n<td>8,4 g<\/td>\n<\/tr>\n<tr>\n<td>millest k\u00fcllastunud rasvhapped<\/td>\n<td>8,8 g<\/td>\n<td>8,8 g<\/td>\n<td>4,8 g<\/td>\n<td>4,9 g<\/td>\n<\/tr>\n<tr>\n<td>S\u00fcsivesikud<\/td>\n<td>30 g<\/td>\n<td>32 g<\/td>\n<td>17 g<\/td>\n<td>17 g<\/td>\n<\/tr>\n<tr>\n<td>millest suhkrud<\/td>\n<td>2,6 g<\/td>\n<td>2,7 g<\/td>\n<td>1,4 g<\/td>\n<td>1,5 g<\/td>\n<\/tr>\n<tr>\n<td>millest pol\u00fcoolid<\/td>\n<td>26 g<\/td>\n<td>27 g<\/td>\n<td>14 g<\/td>\n<td>15 g<\/td>\n<\/tr>\n<tr>\n<td>Kiudained<\/td>\n<td>3,9 g<\/td>\n<td>3,9 g<\/td>\n<td>2,1 g<\/td>\n<td>2,1 g<\/td>\n<\/tr>\n<tr>\n<td>Valgud<\/td>\n<td>36 g<\/td>\n<td>36 g<\/td>\n<td>20 g<\/td>\n<td>20 g<\/td>\n<\/tr>\n<tr>\n<td>Sool<\/td>\n<td>0,45 g<\/td>\n<td>0,48 g<\/td>\n<td>0,25 g<\/td>\n<td>0,26 g<\/td>\n<\/tr>\n<\/tbody>\n<\/table>\n<p>&nbsp;<\/p>\n<p><strong>KASUTAMINE:<\/strong>\u00a0Naudi seda maitsva vahepalana alati, kui sul on vaja n\u00e4lga kustutada v\u00f5i t\u00e4iendada oma valgu- ja energiavarusid. See sobib suurep\u00e4raselt\u00a0<strong>meie Diet Shake&#8217;i toidukorra asendajaga\u00a0<\/strong>kombineerimiseks, pakkudes kiiret ja toitvat vahepala.<\/p>\n<p><b>S\u00c4ILITAMINE:\u00a0<\/b>Hoida kuivas temperatuuril 15-22\u00a0\u00b0C, otsese p\u00e4ikesevalguse eest kaitstult.<\/p>\n<p><b>HOIATUS:\u00a0<\/b>\u00dclem\u00e4\u00e4rane tarbimine v\u00f5ib p\u00f5hjustada k\u00f5hulahtisust. V\u00f5ib sisaldada erinevaid\u00a0<b>p\u00e4hkleid, maap\u00e4hkleid\u00a0<\/b>ja\u00a0<b>gluteeni<\/b>\u00a0sisaldavaid teravilju.<\/p>\n<p>Vaata ka meie Teisi Proteiinibatoone <a href=\"https:\/\/fit360.ee\/en\/product-category\/product-groups\/protein-bars-and-snacks\/\"><strong>SIIT<\/strong><\/a> v\u00f5i Valgu tooteid <a href=\"https:\/\/fit360.ee\/en\/product-category\/product-groups\/protein-poweders-en\/\"><strong>SIIT<\/strong><\/a>!<\/p>\n","protected":false},"excerpt":{"rendered":"<ul>\n<li>K\u00f5rge valgusisaldusega (igas batoonis on 20% valku) ja kiudaineterikas (iga batoon sisaldab \u00fcle 2% kiudaineid).<\/li>\n<li>Madal suhkrusisaldus (vaid 1,4-1,5 g suhkrut \u00fche batooni kohta).<\/li>\n<li>Pehme ja kr\u00f5be tekstuur &#8211; t\u00e4iuslik tasakaal kreemja \u0161okolaadi ja kr\u00f5mpsuvate sojakakaot\u00fckkide vahel tagab m\u00f5nusa maiustuse elamuse.<\/li>\n<li>Parim aktiivse elustiili jaoks: POSH valgubatoonid on ideaalne kaaslane neile, kes elavad d\u00fcnaamilist elu. Olenemata sellest, kas otsid valgurikast vahepala v\u00f5i tervislikumat naudingut, POSH batoonid on valmis sinu isu rahuldama.<\/li>\n<li>Valida saab kahe maitsva maitse vahel &#8211;\u00a0<strong>Choco &amp; Caramel<\/strong>\u00a0ning\u00a0<strong>Cookie bliss<\/strong>. Raske valida? Miks mitte m\u00f5lemat proovida?<\/li>\n<\/ul>\n<p>&nbsp;<\/p>\n","protected":false},"featured_media":87423,"comment_status":"open","ping_status":"closed","template":"","meta":[],"product_brand":[],"product_cat":[1318,534,535],"product_tag":[],"giftcard-category":[],"class_list":{"0":"post-87426","1":"product","2":"type-product","3":"status-publish","4":"has-post-thumbnail","6":"product_cat-iconfit-en","7":"product_cat-protein-bars-and-snacks","8":"product_cat-protein-poweders-en","9":"pa_kogus-55g-en","10":"pa_maitse-chocolate-caramel","11":"pa_maitse-cookie","12":"pa_toidulisand-branddd-iconfit","13":"pa_tootegruppp-protein","14":"pa_tootegruppp-snacks","16":"first","17":"instock","18":"sale","19":"taxable","20":"shipping-taxable","21":"purchasable","22":"product-type-variable"},"yoast_head":"<!-- This site is optimized with the Yoast SEO plugin v27.3 - https:\/\/yoast.com\/product\/yoast-seo-wordpress\/ -->\n<title>ICONFIT Posh Bar Protein Bar (55g) - Maitsev Valgubatoon - Fit360<\/title>\n<meta name=\"description\" content=\"ICONFIT POSH BAR proteiinibatoonid\u00a0- naudingu ja toitev\u00e4\u00e4rtuse kehastus, mis on loodud selleks, et rahuldada sinu magusaisu tervislikul viisil. Iga bato...\" \/>\n<meta name=\"robots\" content=\"index, follow, max-snippet:-1, max-image-preview:large, max-video-preview:-1\" \/>\n<link rel=\"canonical\" href=\"https:\/\/fit360.ee\/en\/pood\/product-groups\/protein-bars-and-snacks\/iconfit-posh-bar-protein-bar-55g\/\" \/>\n<meta property=\"og:locale\" content=\"en_US\" \/>\n<meta property=\"og:type\" content=\"article\" \/>\n<meta property=\"og:title\" content=\"ICONFIT Posh Bar Protein Bar (55g) - Maitsev Valgubatoon - Fit360\" \/>\n<meta property=\"og:description\" content=\"ICONFIT POSH BAR proteiinibatoonid\u00a0- naudingu ja toitev\u00e4\u00e4rtuse kehastus, mis on loodud selleks, et rahuldada sinu magusaisu tervislikul viisil. Iga bato...\" \/>\n<meta property=\"og:url\" content=\"https:\/\/fit360.ee\/en\/pood\/product-groups\/protein-bars-and-snacks\/iconfit-posh-bar-protein-bar-55g\/\" \/>\n<meta property=\"og:site_name\" content=\"Fit360\" \/>\n<meta property=\"article:modified_time\" content=\"2025-08-19T10:28:20+00:00\" \/>\n<meta property=\"og:image\" content=\"https:\/\/fit360.ee\/wp-content\/uploads\/2025\/03\/iconfit-posh-bar-fit360.ee_.jpg\" \/>\n\t<meta property=\"og:image:width\" content=\"695\" \/>\n\t<meta property=\"og:image:height\" content=\"695\" \/>\n\t<meta property=\"og:image:type\" content=\"image\/jpeg\" \/>\n<meta name=\"twitter:card\" content=\"summary_large_image\" \/>\n<meta name=\"twitter:label1\" content=\"Est. reading time\" \/>\n\t<meta name=\"twitter:data1\" content=\"4 minutes\" \/>\n<script type=\"application\/ld+json\" class=\"yoast-schema-graph\">{\"@context\":\"https:\\\/\\\/schema.org\",\"@graph\":[{\"@type\":\"WebPage\",\"@id\":\"https:\\\/\\\/fit360.ee\\\/en\\\/pood\\\/product-groups\\\/protein-bars-and-snacks\\\/iconfit-posh-bar-protein-bar-55g\\\/\",\"url\":\"https:\\\/\\\/fit360.ee\\\/en\\\/pood\\\/product-groups\\\/protein-bars-and-snacks\\\/iconfit-posh-bar-protein-bar-55g\\\/\",\"name\":\"ICONFIT Posh Bar Protein Bar (55g) - Maitsev Valgubatoon - Fit360\",\"isPartOf\":{\"@id\":\"https:\\\/\\\/fit360.ee\\\/en\\\/#website\"},\"primaryImageOfPage\":{\"@id\":\"https:\\\/\\\/fit360.ee\\\/en\\\/pood\\\/product-groups\\\/protein-bars-and-snacks\\\/iconfit-posh-bar-protein-bar-55g\\\/#primaryimage\"},\"image\":{\"@id\":\"https:\\\/\\\/fit360.ee\\\/en\\\/pood\\\/product-groups\\\/protein-bars-and-snacks\\\/iconfit-posh-bar-protein-bar-55g\\\/#primaryimage\"},\"thumbnailUrl\":\"https:\\\/\\\/fit360.ee\\\/wp-content\\\/uploads\\\/2025\\\/03\\\/iconfit-posh-bar-fit360.ee_.jpg\",\"datePublished\":\"2025-03-20T14:07:09+00:00\",\"dateModified\":\"2025-08-19T10:28:20+00:00\",\"description\":\"ICONFIT POSH BAR proteiinibatoonid\u00a0- naudingu ja toitev\u00e4\u00e4rtuse kehastus, mis on loodud selleks, et rahuldada sinu magusaisu tervislikul viisil. Iga bato...\",\"breadcrumb\":{\"@id\":\"https:\\\/\\\/fit360.ee\\\/en\\\/pood\\\/product-groups\\\/protein-bars-and-snacks\\\/iconfit-posh-bar-protein-bar-55g\\\/#breadcrumb\"},\"inLanguage\":\"en-US\",\"potentialAction\":[{\"@type\":\"ReadAction\",\"target\":[\"https:\\\/\\\/fit360.ee\\\/en\\\/pood\\\/product-groups\\\/protein-bars-and-snacks\\\/iconfit-posh-bar-protein-bar-55g\\\/\"]}]},{\"@type\":\"ImageObject\",\"inLanguage\":\"en-US\",\"@id\":\"https:\\\/\\\/fit360.ee\\\/en\\\/pood\\\/product-groups\\\/protein-bars-and-snacks\\\/iconfit-posh-bar-protein-bar-55g\\\/#primaryimage\",\"url\":\"https:\\\/\\\/fit360.ee\\\/wp-content\\\/uploads\\\/2025\\\/03\\\/iconfit-posh-bar-fit360.ee_.jpg\",\"contentUrl\":\"https:\\\/\\\/fit360.ee\\\/wp-content\\\/uploads\\\/2025\\\/03\\\/iconfit-posh-bar-fit360.ee_.jpg\",\"width\":695,\"height\":695,\"caption\":\"iconfit posh bar - fit360.ee\"},{\"@type\":\"BreadcrumbList\",\"@id\":\"https:\\\/\\\/fit360.ee\\\/en\\\/pood\\\/product-groups\\\/protein-bars-and-snacks\\\/iconfit-posh-bar-protein-bar-55g\\\/#breadcrumb\",\"itemListElement\":[{\"@type\":\"ListItem\",\"position\":1,\"name\":\"Home\",\"item\":\"https:\\\/\\\/fit360.ee\\\/en\\\/\"},{\"@type\":\"ListItem\",\"position\":2,\"name\":\"Shop\",\"item\":\"https:\\\/\\\/fit360.ee\\\/en\\\/shop\\\/\"},{\"@type\":\"ListItem\",\"position\":3,\"name\":\"ICONFIT Posh Bar Protein Bar (55g)\"}]},{\"@type\":\"WebSite\",\"@id\":\"https:\\\/\\\/fit360.ee\\\/en\\\/#website\",\"url\":\"https:\\\/\\\/fit360.ee\\\/en\\\/\",\"name\":\"Fit360\",\"description\":\"\",\"publisher\":{\"@id\":\"https:\\\/\\\/fit360.ee\\\/en\\\/#organization\"},\"potentialAction\":[{\"@type\":\"SearchAction\",\"target\":{\"@type\":\"EntryPoint\",\"urlTemplate\":\"https:\\\/\\\/fit360.ee\\\/en\\\/?s={search_term_string}\"},\"query-input\":{\"@type\":\"PropertyValueSpecification\",\"valueRequired\":true,\"valueName\":\"search_term_string\"}}],\"inLanguage\":\"en-US\"},{\"@type\":\"Organization\",\"@id\":\"https:\\\/\\\/fit360.ee\\\/en\\\/#organization\",\"name\":\"Fit360\",\"url\":\"https:\\\/\\\/fit360.ee\\\/en\\\/\",\"logo\":{\"@type\":\"ImageObject\",\"inLanguage\":\"en-US\",\"@id\":\"https:\\\/\\\/fit360.ee\\\/en\\\/#\\\/schema\\\/logo\\\/image\\\/\",\"url\":\"https:\\\/\\\/fit360.ee\\\/wp-content\\\/uploads\\\/2017\\\/01\\\/logo-fit360.png\",\"contentUrl\":\"https:\\\/\\\/fit360.ee\\\/wp-content\\\/uploads\\\/2017\\\/01\\\/logo-fit360.png\",\"width\":180,\"height\":66,\"caption\":\"Fit360\"},\"image\":{\"@id\":\"https:\\\/\\\/fit360.ee\\\/en\\\/#\\\/schema\\\/logo\\\/image\\\/\"}}]}<\/script>\n<!-- \/ Yoast SEO plugin. -->","yoast_head_json":{"title":"ICONFIT Posh Bar Protein Bar (55g) - Maitsev Valgubatoon - Fit360","description":"ICONFIT POSH BAR proteiinibatoonid\u00a0- naudingu ja toitev\u00e4\u00e4rtuse kehastus, mis on loodud selleks, et rahuldada sinu magusaisu tervislikul viisil. Iga bato...","robots":{"index":"index","follow":"follow","max-snippet":"max-snippet:-1","max-image-preview":"max-image-preview:large","max-video-preview":"max-video-preview:-1"},"canonical":"https:\/\/fit360.ee\/en\/pood\/product-groups\/protein-bars-and-snacks\/iconfit-posh-bar-protein-bar-55g\/","og_locale":"en_US","og_type":"article","og_title":"ICONFIT Posh Bar Protein Bar (55g) - Maitsev Valgubatoon - Fit360","og_description":"ICONFIT POSH BAR proteiinibatoonid\u00a0- naudingu ja toitev\u00e4\u00e4rtuse kehastus, mis on loodud selleks, et rahuldada sinu magusaisu tervislikul viisil. Iga bato...","og_url":"https:\/\/fit360.ee\/en\/pood\/product-groups\/protein-bars-and-snacks\/iconfit-posh-bar-protein-bar-55g\/","og_site_name":"Fit360","article_modified_time":"2025-08-19T10:28:20+00:00","og_image":[{"width":695,"height":695,"url":"https:\/\/fit360.ee\/wp-content\/uploads\/2025\/03\/iconfit-posh-bar-fit360.ee_.jpg","type":"image\/jpeg"}],"twitter_card":"summary_large_image","twitter_misc":{"Est. reading time":"4 minutes"},"schema":{"@context":"https:\/\/schema.org","@graph":[{"@type":"WebPage","@id":"https:\/\/fit360.ee\/en\/pood\/product-groups\/protein-bars-and-snacks\/iconfit-posh-bar-protein-bar-55g\/","url":"https:\/\/fit360.ee\/en\/pood\/product-groups\/protein-bars-and-snacks\/iconfit-posh-bar-protein-bar-55g\/","name":"ICONFIT Posh Bar Protein Bar (55g) - Maitsev Valgubatoon - Fit360","isPartOf":{"@id":"https:\/\/fit360.ee\/en\/#website"},"primaryImageOfPage":{"@id":"https:\/\/fit360.ee\/en\/pood\/product-groups\/protein-bars-and-snacks\/iconfit-posh-bar-protein-bar-55g\/#primaryimage"},"image":{"@id":"https:\/\/fit360.ee\/en\/pood\/product-groups\/protein-bars-and-snacks\/iconfit-posh-bar-protein-bar-55g\/#primaryimage"},"thumbnailUrl":"https:\/\/fit360.ee\/wp-content\/uploads\/2025\/03\/iconfit-posh-bar-fit360.ee_.jpg","datePublished":"2025-03-20T14:07:09+00:00","dateModified":"2025-08-19T10:28:20+00:00","description":"ICONFIT POSH BAR proteiinibatoonid\u00a0- naudingu ja toitev\u00e4\u00e4rtuse kehastus, mis on loodud selleks, et rahuldada sinu magusaisu tervislikul viisil. Iga bato...","breadcrumb":{"@id":"https:\/\/fit360.ee\/en\/pood\/product-groups\/protein-bars-and-snacks\/iconfit-posh-bar-protein-bar-55g\/#breadcrumb"},"inLanguage":"en-US","potentialAction":[{"@type":"ReadAction","target":["https:\/\/fit360.ee\/en\/pood\/product-groups\/protein-bars-and-snacks\/iconfit-posh-bar-protein-bar-55g\/"]}]},{"@type":"ImageObject","inLanguage":"en-US","@id":"https:\/\/fit360.ee\/en\/pood\/product-groups\/protein-bars-and-snacks\/iconfit-posh-bar-protein-bar-55g\/#primaryimage","url":"https:\/\/fit360.ee\/wp-content\/uploads\/2025\/03\/iconfit-posh-bar-fit360.ee_.jpg","contentUrl":"https:\/\/fit360.ee\/wp-content\/uploads\/2025\/03\/iconfit-posh-bar-fit360.ee_.jpg","width":695,"height":695,"caption":"iconfit posh bar - fit360.ee"},{"@type":"BreadcrumbList","@id":"https:\/\/fit360.ee\/en\/pood\/product-groups\/protein-bars-and-snacks\/iconfit-posh-bar-protein-bar-55g\/#breadcrumb","itemListElement":[{"@type":"ListItem","position":1,"name":"Home","item":"https:\/\/fit360.ee\/en\/"},{"@type":"ListItem","position":2,"name":"Shop","item":"https:\/\/fit360.ee\/en\/shop\/"},{"@type":"ListItem","position":3,"name":"ICONFIT Posh Bar Protein Bar (55g)"}]},{"@type":"WebSite","@id":"https:\/\/fit360.ee\/en\/#website","url":"https:\/\/fit360.ee\/en\/","name":"Fit360","description":"","publisher":{"@id":"https:\/\/fit360.ee\/en\/#organization"},"potentialAction":[{"@type":"SearchAction","target":{"@type":"EntryPoint","urlTemplate":"https:\/\/fit360.ee\/en\/?s={search_term_string}"},"query-input":{"@type":"PropertyValueSpecification","valueRequired":true,"valueName":"search_term_string"}}],"inLanguage":"en-US"},{"@type":"Organization","@id":"https:\/\/fit360.ee\/en\/#organization","name":"Fit360","url":"https:\/\/fit360.ee\/en\/","logo":{"@type":"ImageObject","inLanguage":"en-US","@id":"https:\/\/fit360.ee\/en\/#\/schema\/logo\/image\/","url":"https:\/\/fit360.ee\/wp-content\/uploads\/2017\/01\/logo-fit360.png","contentUrl":"https:\/\/fit360.ee\/wp-content\/uploads\/2017\/01\/logo-fit360.png","width":180,"height":66,"caption":"Fit360"},"image":{"@id":"https:\/\/fit360.ee\/en\/#\/schema\/logo\/image\/"}}]}},"_links":{"self":[{"href":"https:\/\/fit360.ee\/en\/wp-json\/wp\/v2\/product\/87426","targetHints":{"allow":["GET"]}}],"collection":[{"href":"https:\/\/fit360.ee\/en\/wp-json\/wp\/v2\/product"}],"about":[{"href":"https:\/\/fit360.ee\/en\/wp-json\/wp\/v2\/types\/product"}],"replies":[{"embeddable":true,"href":"https:\/\/fit360.ee\/en\/wp-json\/wp\/v2\/comments?post=87426"}],"wp:featuredmedia":[{"embeddable":true,"href":"https:\/\/fit360.ee\/en\/wp-json\/wp\/v2\/media\/87423"}],"wp:attachment":[{"href":"https:\/\/fit360.ee\/en\/wp-json\/wp\/v2\/media?parent=87426"}],"wp:term":[{"taxonomy":"product_brand","embeddable":true,"href":"https:\/\/fit360.ee\/en\/wp-json\/wp\/v2\/product_brand?post=87426"},{"taxonomy":"product_cat","embeddable":true,"href":"https:\/\/fit360.ee\/en\/wp-json\/wp\/v2\/product_cat?post=87426"},{"taxonomy":"product_tag","embeddable":true,"href":"https:\/\/fit360.ee\/en\/wp-json\/wp\/v2\/product_tag?post=87426"},{"taxonomy":"giftcard-category","embeddable":true,"href":"https:\/\/fit360.ee\/en\/wp-json\/wp\/v2\/giftcard-category?post=87426"}],"curies":[{"name":"wp","href":"https:\/\/api.w.org\/{rel}","templated":true}]}}