{"id":87531,"date":"2024-04-26T10:29:47","date_gmt":"2024-04-26T08:29:47","guid":{"rendered":"https:\/\/fit360.ee\/pood\/uncategorized\/creatine-monohydrate-kotiga-500g\/"},"modified":"2026-02-17T22:12:20","modified_gmt":"2026-02-17T20:12:20","slug":"creatine-monohydrate-kotiga-500g","status":"publish","type":"product","link":"https:\/\/fit360.ee\/en\/pood\/product-groups\/creatine-en\/creatine-monohydrate-en\/creatine-monohydrate-kotiga-500g\/","title":{"rendered":"Creatine Monohydrate Naturaalne (500g)"},"content":{"rendered":"<h2><strong>Kreatiin Monoh\u00fcdraat<\/strong><\/h2>\n<p>OstroVit Kreatiin Monoh\u00fcdraat on kvaliteetne toidulisand, mis on kreatiini allikas monoh\u00fcdraadi kujul. See on lihtsa koostisega preparaat, mis on saadaval mugavas pulbri kujul. See on toode, mis on loodud sportlastele ja f\u00fc\u00fcsiliselt aktiivsetele inimestele, kes soovivad t\u00e4iendada oma men\u00fc\u00fcd v\u00e4\u00e4rtusliku koostisosaga.<\/p>\n<ul class=\"cm__list\">\n<li><strong>Kreatiini allikas<\/strong>\u00a0\u2013 \u00fcks toidulisandi portsjon annab kehale 3000 mg kreatiinmonoh\u00fcdraati.<\/li>\n<li><strong>Lihtne koostis<\/strong>\u00a0\u2013 Toode sisaldab ainult soovitud ainet, ilma tarbetute lisanditeta.<\/li>\n<li><strong>Loomulik maitse.<\/strong><\/li>\n<li><strong>1 portsjon = \u00be lusikat\u00e4it = 3 g<\/strong>\u00a0.<\/li>\n<li><strong>T\u00f5husus<\/strong>\u00a0\u2013 tootepakendis on 333 portsjonit preparaati.<\/li>\n<li><strong>Mugav vorm<\/strong>\u00a0\u2013 pulbrina saadaval olev preparaat tagab toidulisandi t\u00f5rgeteta tarnimise ja sobib suurep\u00e4raselt inimestele, kellel on raskusi tablettide neelamisega.<\/li>\n<\/ul>\n<h4 class=\"cm__heading\"><strong>OstroVit Creatine Monohydrate \u2013 kontsentreeritud kreatiini allikas<\/strong><\/h4>\n<p><strong>Kreatiin<\/strong>\u00a0on inimkehas looduslikult esinev keemiline \u00fchend. Aine tarnitakse organismi ka igap\u00e4evase men\u00fc\u00fcga \u2013 kreatiini leidub loomsetes saadustes, sh lihas, kalas v\u00f5i munas, aga ka toidulisandite kujul.<\/p>\n<p>OstroVit kasutab kreatiin monoh\u00fcdraati ehk kreatiini molekuli ja veemolekuli kombinatsiooni \u00fcheks molekuliks \u2013 kuna kreatiin on h\u00fcdrofiilne \u00fchend, siis \u00fchineb see probleemideta veega ja seega on tegemist ainega, mida eristab suurep\u00e4rane omastatavus. Kreatiinmonoh\u00fcdraat on oma struktuurilt k\u00f5ige lihtsam kreatiini vorm ja samas ka sportlaste seas populaarseim \u00fchend \u2013 sobib suurep\u00e4raselt nii algajatele kui ka professionaalidele, mis tuleneb sellest, et kreatiin t\u00f5stab f\u00fc\u00fcsilist j\u00f5udlust j\u00e4rjestikused, l\u00fchikesed, v\u00e4ga intensiivsed f\u00fc\u00fcsilised harjutused ning kasulik m\u00f5ju avaldub 3 g kreatiini tarbimisel p\u00e4evas.<\/p>\n<p><strong>Koostisosad<\/strong>: Kreatiin monoh\u00fcdraat.<\/p>\n<p>Toode v\u00f5ib sisaldada piima (sh laktoosi), sojaube, maap\u00e4hkleid, muid p\u00e4hkleid, seesamiseemneid, gluteeni sisaldavaid teravilju, mune, v\u00e4hilaadseid, kala.<\/p>\n<p><strong>Kasutamine<\/strong>: Sega portsjon 3 g (3\/4 lusikat\u00e4it) 100-150 ml vees v\u00f5i mahlas. Treeningup\u00e4evadel tarbi \u00fcks portsjon p\u00e4evas \u2013 p\u00e4rast \u00e4rkamist v\u00f5i p\u00e4rast treeningut. Treeninguvabadel p\u00e4evadel tarbi \u00fcks portsjon p\u00e4evas p\u00e4rast \u00e4rkamist.<\/p>\n<p><strong>Suurus<\/strong>: 500g<\/p>\n<p><strong>Maitse<\/strong>: Naturaalne<\/p>\n<section class=\"projector__description--nutritional row\" data-selector=\".--nutritional\">\n<div class=\"col-12 col-md-10 col-lg-8\">\n<div class=\"--nutrit\">\n<div class=\"nutrition_table_wrapper\">\n<div class=\"table_wrapper\">\n<table>\n<tbody>\n<tr>\n<th>Aktiivsed koostisosad<\/th>\n<th>Portsjoni kohta<\/th>\n<\/tr>\n<tr>\n<td>Kreatiin monoh\u00fcdraat<\/td>\n<td>3000 mg<\/td>\n<\/tr>\n<tr class=\"sub\">\n<td>&#8211; millest kreatiin<\/td>\n<td>2640 mg<\/td>\n<\/tr>\n<\/tbody>\n<\/table>\n<p>Vaata ka meie teisi Kreatiine <a href=\"https:\/\/fit360.ee\/en\/product-category\/product-groups\/creatine-en\/\"><strong>SIIT<\/strong><\/a> v\u00f5i Kreatiin Monoh\u00fcdraate <a href=\"https:\/\/fit360.ee\/en\/product-category\/product-groups\/creatine-en\/creatine-monohydrate-en\/\"><strong>SIIT<\/strong><\/a>!<\/p>\n<\/div>\n<\/div>\n<\/div>\n<\/div>\n<\/section>\n<div class=\"--label col-12\">Soovid kaupa osta suuremas koguses? Vaata antud toodet ka meie HULGI poest\u00a0<a href=\"https:\/\/toidulisandidhulgi.ee\/tooted\/creatine-monohydrate-kotiga-500g\/\"><strong>SIIT<\/strong><\/a>!<\/div>\n","protected":false},"excerpt":{"rendered":"<ul>\n<li>Kasvatab puhast lihasmassi.<\/li>\n<li>Kiirendab taastumist treeningutest.<\/li>\n<li>Lisab plahvatuslikku j\u00f5udu.<\/li>\n<li>Suurendab valgus\u00fcnteesi.<\/li>\n<\/ul>\n","protected":false},"featured_media":87533,"comment_status":"open","ping_status":"closed","template":"","meta":[],"product_brand":[],"product_cat":[526,2412,1329,531],"product_tag":[2964,1780,1924],"giftcard-category":[],"class_list":{"0":"post-87531","1":"product","2":"type-product","3":"status-publish","4":"has-post-thumbnail","6":"product_cat-creatine-en","7":"product_cat-creatine-monohydrate-en","8":"product_cat-ostrovit-en","9":"product_cat-recovery-post-workout-en","10":"product_tag-creatine-monohydrate-en","11":"product_tag-kreatiin-monohudraat-en","12":"product_tag-ostrovit-en","13":"pa_kogus-500g-en","14":"pa_maitse-natural","15":"pa_toidulisand-branddd-ostrovit","16":"pa_tootegruppp-creatine","17":"pa_tootegruppp-kreatiin-monohudraat-en","18":"pa_tootegruppp-recoveryafter-workout","20":"first","21":"instock","22":"sale","23":"taxable","24":"shipping-taxable","25":"purchasable","26":"product-type-simple"},"yoast_head":"<!-- This site is optimized with the Yoast SEO plugin v27.3 - https:\/\/yoast.com\/product\/yoast-seo-wordpress\/ -->\n<title>Creatine Monohydrate Naturaalne (500g) - Kvaliteet Kreatiin - Kiire Tarne - Fit360<\/title>\n<meta name=\"description\" content=\"OstroVit Kreatiin Monoh\u00fcdraat on kvaliteetne toidulisand, mis on kreatiini allikas monoh\u00fcdraadi kujul. See on lihtsa koostisega preparaat, mis on ...\" \/>\n<meta name=\"robots\" content=\"index, follow, max-snippet:-1, max-image-preview:large, max-video-preview:-1\" \/>\n<link rel=\"canonical\" href=\"https:\/\/fit360.ee\/en\/pood\/product-groups\/creatine-en\/creatine-monohydrate-en\/creatine-monohydrate-kotiga-500g\/\" \/>\n<meta property=\"og:locale\" content=\"en_US\" \/>\n<meta property=\"og:type\" content=\"article\" \/>\n<meta property=\"og:title\" content=\"Creatine Monohydrate Naturaalne (500g) - Kvaliteet Kreatiin - Kiire Tarne - Fit360\" \/>\n<meta property=\"og:description\" content=\"OstroVit Kreatiin Monoh\u00fcdraat on kvaliteetne toidulisand, mis on kreatiini allikas monoh\u00fcdraadi kujul. See on lihtsa koostisega preparaat, mis on ...\" \/>\n<meta property=\"og:url\" content=\"https:\/\/fit360.ee\/en\/pood\/product-groups\/creatine-en\/creatine-monohydrate-en\/creatine-monohydrate-kotiga-500g\/\" \/>\n<meta property=\"og:site_name\" content=\"Fit360\" \/>\n<meta property=\"article:modified_time\" content=\"2026-02-17T20:12:20+00:00\" \/>\n<meta property=\"og:image\" content=\"https:\/\/fit360.ee\/wp-content\/uploads\/2024\/04\/creatine-monohydrate-ostrovit-fit360.ee-1.png\" \/>\n\t<meta property=\"og:image:width\" content=\"450\" \/>\n\t<meta property=\"og:image:height\" content=\"450\" \/>\n\t<meta property=\"og:image:type\" content=\"image\/png\" \/>\n<meta name=\"twitter:card\" content=\"summary_large_image\" \/>\n<meta name=\"twitter:label1\" content=\"Est. reading time\" \/>\n\t<meta name=\"twitter:data1\" content=\"2 minutes\" \/>\n<script type=\"application\/ld+json\" class=\"yoast-schema-graph\">{\"@context\":\"https:\\\/\\\/schema.org\",\"@graph\":[{\"@type\":\"WebPage\",\"@id\":\"https:\\\/\\\/fit360.ee\\\/en\\\/pood\\\/product-groups\\\/creatine-en\\\/creatine-monohydrate-en\\\/creatine-monohydrate-kotiga-500g\\\/\",\"url\":\"https:\\\/\\\/fit360.ee\\\/en\\\/pood\\\/product-groups\\\/creatine-en\\\/creatine-monohydrate-en\\\/creatine-monohydrate-kotiga-500g\\\/\",\"name\":\"Creatine Monohydrate Naturaalne (500g) - Kvaliteet Kreatiin - Kiire Tarne - Fit360\",\"isPartOf\":{\"@id\":\"https:\\\/\\\/fit360.ee\\\/en\\\/#website\"},\"primaryImageOfPage\":{\"@id\":\"https:\\\/\\\/fit360.ee\\\/en\\\/pood\\\/product-groups\\\/creatine-en\\\/creatine-monohydrate-en\\\/creatine-monohydrate-kotiga-500g\\\/#primaryimage\"},\"image\":{\"@id\":\"https:\\\/\\\/fit360.ee\\\/en\\\/pood\\\/product-groups\\\/creatine-en\\\/creatine-monohydrate-en\\\/creatine-monohydrate-kotiga-500g\\\/#primaryimage\"},\"thumbnailUrl\":\"https:\\\/\\\/fit360.ee\\\/wp-content\\\/uploads\\\/2024\\\/04\\\/creatine-monohydrate-ostrovit-fit360.ee-1.png\",\"datePublished\":\"2024-04-26T08:29:47+00:00\",\"dateModified\":\"2026-02-17T20:12:20+00:00\",\"description\":\"OstroVit Kreatiin Monoh\u00fcdraat on kvaliteetne toidulisand, mis on kreatiini allikas monoh\u00fcdraadi kujul. See on lihtsa koostisega preparaat, mis on ...\",\"breadcrumb\":{\"@id\":\"https:\\\/\\\/fit360.ee\\\/en\\\/pood\\\/product-groups\\\/creatine-en\\\/creatine-monohydrate-en\\\/creatine-monohydrate-kotiga-500g\\\/#breadcrumb\"},\"inLanguage\":\"en-US\",\"potentialAction\":[{\"@type\":\"ReadAction\",\"target\":[\"https:\\\/\\\/fit360.ee\\\/en\\\/pood\\\/product-groups\\\/creatine-en\\\/creatine-monohydrate-en\\\/creatine-monohydrate-kotiga-500g\\\/\"]}]},{\"@type\":\"ImageObject\",\"inLanguage\":\"en-US\",\"@id\":\"https:\\\/\\\/fit360.ee\\\/en\\\/pood\\\/product-groups\\\/creatine-en\\\/creatine-monohydrate-en\\\/creatine-monohydrate-kotiga-500g\\\/#primaryimage\",\"url\":\"https:\\\/\\\/fit360.ee\\\/wp-content\\\/uploads\\\/2024\\\/04\\\/creatine-monohydrate-ostrovit-fit360.ee-1.png\",\"contentUrl\":\"https:\\\/\\\/fit360.ee\\\/wp-content\\\/uploads\\\/2024\\\/04\\\/creatine-monohydrate-ostrovit-fit360.ee-1.png\",\"width\":450,\"height\":450,\"caption\":\"creatine monohydrate ostrovit - fit360.ee\"},{\"@type\":\"BreadcrumbList\",\"@id\":\"https:\\\/\\\/fit360.ee\\\/en\\\/pood\\\/product-groups\\\/creatine-en\\\/creatine-monohydrate-en\\\/creatine-monohydrate-kotiga-500g\\\/#breadcrumb\",\"itemListElement\":[{\"@type\":\"ListItem\",\"position\":1,\"name\":\"Home\",\"item\":\"https:\\\/\\\/fit360.ee\\\/en\\\/\"},{\"@type\":\"ListItem\",\"position\":2,\"name\":\"Shop\",\"item\":\"https:\\\/\\\/fit360.ee\\\/en\\\/shop\\\/\"},{\"@type\":\"ListItem\",\"position\":3,\"name\":\"Creatine Monohydrate Naturaalne (500g)\"}]},{\"@type\":\"WebSite\",\"@id\":\"https:\\\/\\\/fit360.ee\\\/en\\\/#website\",\"url\":\"https:\\\/\\\/fit360.ee\\\/en\\\/\",\"name\":\"Fit360\",\"description\":\"\",\"publisher\":{\"@id\":\"https:\\\/\\\/fit360.ee\\\/en\\\/#organization\"},\"potentialAction\":[{\"@type\":\"SearchAction\",\"target\":{\"@type\":\"EntryPoint\",\"urlTemplate\":\"https:\\\/\\\/fit360.ee\\\/en\\\/?s={search_term_string}\"},\"query-input\":{\"@type\":\"PropertyValueSpecification\",\"valueRequired\":true,\"valueName\":\"search_term_string\"}}],\"inLanguage\":\"en-US\"},{\"@type\":\"Organization\",\"@id\":\"https:\\\/\\\/fit360.ee\\\/en\\\/#organization\",\"name\":\"Fit360\",\"url\":\"https:\\\/\\\/fit360.ee\\\/en\\\/\",\"logo\":{\"@type\":\"ImageObject\",\"inLanguage\":\"en-US\",\"@id\":\"https:\\\/\\\/fit360.ee\\\/en\\\/#\\\/schema\\\/logo\\\/image\\\/\",\"url\":\"https:\\\/\\\/fit360.ee\\\/wp-content\\\/uploads\\\/2017\\\/01\\\/logo-fit360.png\",\"contentUrl\":\"https:\\\/\\\/fit360.ee\\\/wp-content\\\/uploads\\\/2017\\\/01\\\/logo-fit360.png\",\"width\":180,\"height\":66,\"caption\":\"Fit360\"},\"image\":{\"@id\":\"https:\\\/\\\/fit360.ee\\\/en\\\/#\\\/schema\\\/logo\\\/image\\\/\"}}]}<\/script>\n<!-- \/ Yoast SEO plugin. -->","yoast_head_json":{"title":"Creatine Monohydrate Naturaalne (500g) - Kvaliteet Kreatiin - Kiire Tarne - Fit360","description":"OstroVit Kreatiin Monoh\u00fcdraat on kvaliteetne toidulisand, mis on kreatiini allikas monoh\u00fcdraadi kujul. See on lihtsa koostisega preparaat, mis on ...","robots":{"index":"index","follow":"follow","max-snippet":"max-snippet:-1","max-image-preview":"max-image-preview:large","max-video-preview":"max-video-preview:-1"},"canonical":"https:\/\/fit360.ee\/en\/pood\/product-groups\/creatine-en\/creatine-monohydrate-en\/creatine-monohydrate-kotiga-500g\/","og_locale":"en_US","og_type":"article","og_title":"Creatine Monohydrate Naturaalne (500g) - Kvaliteet Kreatiin - Kiire Tarne - Fit360","og_description":"OstroVit Kreatiin Monoh\u00fcdraat on kvaliteetne toidulisand, mis on kreatiini allikas monoh\u00fcdraadi kujul. See on lihtsa koostisega preparaat, mis on ...","og_url":"https:\/\/fit360.ee\/en\/pood\/product-groups\/creatine-en\/creatine-monohydrate-en\/creatine-monohydrate-kotiga-500g\/","og_site_name":"Fit360","article_modified_time":"2026-02-17T20:12:20+00:00","og_image":[{"width":450,"height":450,"url":"https:\/\/fit360.ee\/wp-content\/uploads\/2024\/04\/creatine-monohydrate-ostrovit-fit360.ee-1.png","type":"image\/png"}],"twitter_card":"summary_large_image","twitter_misc":{"Est. reading time":"2 minutes"},"schema":{"@context":"https:\/\/schema.org","@graph":[{"@type":"WebPage","@id":"https:\/\/fit360.ee\/en\/pood\/product-groups\/creatine-en\/creatine-monohydrate-en\/creatine-monohydrate-kotiga-500g\/","url":"https:\/\/fit360.ee\/en\/pood\/product-groups\/creatine-en\/creatine-monohydrate-en\/creatine-monohydrate-kotiga-500g\/","name":"Creatine Monohydrate Naturaalne (500g) - Kvaliteet Kreatiin - Kiire Tarne - Fit360","isPartOf":{"@id":"https:\/\/fit360.ee\/en\/#website"},"primaryImageOfPage":{"@id":"https:\/\/fit360.ee\/en\/pood\/product-groups\/creatine-en\/creatine-monohydrate-en\/creatine-monohydrate-kotiga-500g\/#primaryimage"},"image":{"@id":"https:\/\/fit360.ee\/en\/pood\/product-groups\/creatine-en\/creatine-monohydrate-en\/creatine-monohydrate-kotiga-500g\/#primaryimage"},"thumbnailUrl":"https:\/\/fit360.ee\/wp-content\/uploads\/2024\/04\/creatine-monohydrate-ostrovit-fit360.ee-1.png","datePublished":"2024-04-26T08:29:47+00:00","dateModified":"2026-02-17T20:12:20+00:00","description":"OstroVit Kreatiin Monoh\u00fcdraat on kvaliteetne toidulisand, mis on kreatiini allikas monoh\u00fcdraadi kujul. See on lihtsa koostisega preparaat, mis on ...","breadcrumb":{"@id":"https:\/\/fit360.ee\/en\/pood\/product-groups\/creatine-en\/creatine-monohydrate-en\/creatine-monohydrate-kotiga-500g\/#breadcrumb"},"inLanguage":"en-US","potentialAction":[{"@type":"ReadAction","target":["https:\/\/fit360.ee\/en\/pood\/product-groups\/creatine-en\/creatine-monohydrate-en\/creatine-monohydrate-kotiga-500g\/"]}]},{"@type":"ImageObject","inLanguage":"en-US","@id":"https:\/\/fit360.ee\/en\/pood\/product-groups\/creatine-en\/creatine-monohydrate-en\/creatine-monohydrate-kotiga-500g\/#primaryimage","url":"https:\/\/fit360.ee\/wp-content\/uploads\/2024\/04\/creatine-monohydrate-ostrovit-fit360.ee-1.png","contentUrl":"https:\/\/fit360.ee\/wp-content\/uploads\/2024\/04\/creatine-monohydrate-ostrovit-fit360.ee-1.png","width":450,"height":450,"caption":"creatine monohydrate ostrovit - fit360.ee"},{"@type":"BreadcrumbList","@id":"https:\/\/fit360.ee\/en\/pood\/product-groups\/creatine-en\/creatine-monohydrate-en\/creatine-monohydrate-kotiga-500g\/#breadcrumb","itemListElement":[{"@type":"ListItem","position":1,"name":"Home","item":"https:\/\/fit360.ee\/en\/"},{"@type":"ListItem","position":2,"name":"Shop","item":"https:\/\/fit360.ee\/en\/shop\/"},{"@type":"ListItem","position":3,"name":"Creatine Monohydrate Naturaalne (500g)"}]},{"@type":"WebSite","@id":"https:\/\/fit360.ee\/en\/#website","url":"https:\/\/fit360.ee\/en\/","name":"Fit360","description":"","publisher":{"@id":"https:\/\/fit360.ee\/en\/#organization"},"potentialAction":[{"@type":"SearchAction","target":{"@type":"EntryPoint","urlTemplate":"https:\/\/fit360.ee\/en\/?s={search_term_string}"},"query-input":{"@type":"PropertyValueSpecification","valueRequired":true,"valueName":"search_term_string"}}],"inLanguage":"en-US"},{"@type":"Organization","@id":"https:\/\/fit360.ee\/en\/#organization","name":"Fit360","url":"https:\/\/fit360.ee\/en\/","logo":{"@type":"ImageObject","inLanguage":"en-US","@id":"https:\/\/fit360.ee\/en\/#\/schema\/logo\/image\/","url":"https:\/\/fit360.ee\/wp-content\/uploads\/2017\/01\/logo-fit360.png","contentUrl":"https:\/\/fit360.ee\/wp-content\/uploads\/2017\/01\/logo-fit360.png","width":180,"height":66,"caption":"Fit360"},"image":{"@id":"https:\/\/fit360.ee\/en\/#\/schema\/logo\/image\/"}}]}},"_links":{"self":[{"href":"https:\/\/fit360.ee\/en\/wp-json\/wp\/v2\/product\/87531","targetHints":{"allow":["GET"]}}],"collection":[{"href":"https:\/\/fit360.ee\/en\/wp-json\/wp\/v2\/product"}],"about":[{"href":"https:\/\/fit360.ee\/en\/wp-json\/wp\/v2\/types\/product"}],"replies":[{"embeddable":true,"href":"https:\/\/fit360.ee\/en\/wp-json\/wp\/v2\/comments?post=87531"}],"wp:featuredmedia":[{"embeddable":true,"href":"https:\/\/fit360.ee\/en\/wp-json\/wp\/v2\/media\/87533"}],"wp:attachment":[{"href":"https:\/\/fit360.ee\/en\/wp-json\/wp\/v2\/media?parent=87531"}],"wp:term":[{"taxonomy":"product_brand","embeddable":true,"href":"https:\/\/fit360.ee\/en\/wp-json\/wp\/v2\/product_brand?post=87531"},{"taxonomy":"product_cat","embeddable":true,"href":"https:\/\/fit360.ee\/en\/wp-json\/wp\/v2\/product_cat?post=87531"},{"taxonomy":"product_tag","embeddable":true,"href":"https:\/\/fit360.ee\/en\/wp-json\/wp\/v2\/product_tag?post=87531"},{"taxonomy":"giftcard-category","embeddable":true,"href":"https:\/\/fit360.ee\/en\/wp-json\/wp\/v2\/giftcard-category?post=87531"}],"curies":[{"name":"wp","href":"https:\/\/api.w.org\/{rel}","templated":true}]}}