{"id":87579,"date":"2025-03-29T07:52:47","date_gmt":"2025-03-29T05:52:47","guid":{"rendered":"https:\/\/fit360.ee\/pood\/uncategorized\/piperine-95-180-caps\/"},"modified":"2025-08-13T07:35:45","modified_gmt":"2025-08-13T05:35:45","slug":"piperine-95-180-caps","status":"publish","type":"product","link":"https:\/\/fit360.ee\/en\/pood\/product-groups\/%d0%b2%d0%b5%d0%b3%d0%b0%d0%bd\/vegan-capsules-en\/piperine-95-180-caps\/","title":{"rendered":"Piperine 95 (180 caps)"},"content":{"rendered":"<h2><strong>Piperine &#8211; Must Pipar<\/strong><\/h2>\n<p class=\"cm__text --bold\">OstroVit Piperine &#8211; Must Pipar VEGE on kvaliteetne toidulisand, mis sisaldab musta pipra puuviljaekstrakti, mis on standardiseeritud 95% piperiiniga. See on vegan preparaat, mis on saadaval kergesti neelatavate kapslite kujul, mis on loodud teadlikele tarbijatele, kes soovivad oma dieedile v\u00e4\u00e4rtuslikku t\u00e4iendust.<picture class=\"cm__stats-picture\"><\/picture><\/p>\n<ul class=\"cm__list\">\n<li><strong>Piperiini allikas<\/strong>\u00a0\u2013 \u00fcks toidulisandi portsjon annab kehale 2,1 mg musta pipra puuviljaekstrakti, mis on standardiseeritud 95% piperiinini.<\/li>\n<li><strong>Sobib taimetoitlastele ja veganitele<\/strong>\u00a0\u2013 toode ei sisalda loomset p\u00e4ritolu koostisosi.<\/li>\n<li><strong>1 portsjon = 1 kapsel<\/strong>\u00a0.<\/li>\n<li><strong>T\u00f5husus<\/strong>\u00a0\u2013 tootepakendis on 180 portsjonit preparaati, millest piisab ca 6 kuuks regulaarseks toidulisandiks.<\/li>\n<li><strong>Mugav vorm<\/strong>\u00a0\u2013 preparaat on saadaval kergesti neelatavate kapslitena, tagades toidulisandi t\u00f5rgeteta tarnimise.<\/li>\n<\/ul>\n<h4 class=\"cm__heading\"><strong>OstroVit Piperine 95 VEGE \u2013 v\u00e4\u00e4rtuslik toidulisand<\/strong><\/h4>\n<p><strong>Must pipar<\/strong>\u00a0\u2013 pipra perekonna taim, mis on p\u00e4rit Kagu-Indiast. See on igihaljas taim, mis v\u00f5ib ulatuda kuni 15 meetri k\u00f5rguseks. Ta \u00f5itseb aastaringselt ja tema \u00f5ied on kogutud suurtesse rippuvatesse \u00f5isikutesse. Musta pipart kasvatatakse troopilistes maades eelk\u00f5ige selle taime viljade jaoks, millest saadakse populaarne v\u00fcrts. Mustas pipras sisalduv v\u00e4\u00e4rtuslik \u00fchend on piperiin \u2013 alkaloidiks klassifitseeritud orgaaniline keemiline \u00fchend. See on aine, mis vastutab pipra iseloomuliku terava maitse eest. Kuna \u00fchendil on mitmeid v\u00e4\u00e4rtuslikke omadusi, kasutatakse seda toidulisandite koostisosana.<\/p>\n<p>OstroVit Piperine &#8211; Must Pipar preparaadis on kasutatud 95% piperiini standarditud musta pipra ekstrakti, mis m\u00f5jutab positiivselt toote kvaliteeti ja tagab k\u00f5rge bioaktiivse \u00fchendi sisalduse igas toidulisandi\u00a0portsjonis .<\/p>\n<p class=\"cm__text\"><a href=\"https:\/\/fit360.ee\/en\/product-category\/product-groups\/vegan-en\/vegan-capsules-en\/\"><strong>VEGE CAPSULES<\/strong><\/a> tooted on v\u00e4lja t\u00f6\u00f6tatud ainult vegan koostisosi kasutades. Tulenevalt ettev\u00f5tte k\u00f5rgest ohutuspoliitikast ja asjaolust, et tootmisettev\u00f5ttes kasutatakse allergeense toimega koostisosi, on m\u00e4rgistusel teave ristallergeenide v\u00f5imalikkuse kohta. Lisateabe saamiseks v\u00f5tke meiega \u00fchendust e-posti teel.<\/p>\n<p><strong>Piperine &#8211; Must Pipar peamised omadused:<\/strong><\/p>\n<ul>\n<li><strong>Parandab toitainete imendumist<\/strong> \u2013 sisaldab piperiini, mis suurendab teatud toitainete (nt kurkumiini, seleeni, B-vitamiinide) omastamist.<\/li>\n<li><strong>Toetab seedimist<\/strong> \u2013 stimuleerib seedemahlade ja ens\u00fc\u00fcmide tootmist, aidates kaasa paremale seedimisele.<\/li>\n<li><strong>Tugevdab immuunsust<\/strong> \u2013 omab antioks\u00fcdantseid ja antibakteriaalseid omadusi, mis toetavad immuuns\u00fcsteemi.<\/li>\n<li><strong>V\u00f5ib aidata kaalulangetamisel<\/strong> \u2013 piperiin v\u00f5ib toetada rasvade ainevahetust ja aidata kaaluj\u00e4lgimisel.<\/li>\n<li><strong>V\u00f5ib toetada aju tervist<\/strong> \u2013 piperiini on seostatud kognitiivse funktsiooni ja v\u00f5imaliku neuroprotektiivse toimega.<\/li>\n<li><strong>Aitab v\u00e4hendada p\u00f5letikku<\/strong> \u2013 toimib loodusliku p\u00f5letikuvastase ainena, mis v\u00f5ib aidata liigese- ja lihasvalude korral.<\/li>\n<\/ul>\n<p><strong>Koostisosad<\/strong>: Inuliin, mahuaine: h\u00fcdroks\u00fcprop\u00fc\u00fclmet\u00fc\u00fcltselluloos; musta pipra puuviljaekstrakt (<em>Piper nigrum L<\/em>.), mis on standardiseeritud 95% piperiiniga.<\/p>\n<p>Toode v\u00f5ib sisaldada piima (sh laktoosi), soja, maap\u00e4hkleid, muid p\u00e4hkleid, seesamiseemneid, gluteeni sisaldavaid teravilju, mune, v\u00e4hilaadseid, kala.<\/p>\n<p><strong>Kasutamine<\/strong>: V\u00f5tke 1 portsjon (1 kapsel) p\u00e4evas.<\/p>\n<p>\u00c4rge \u00fcletage soovitatavat \u00f6\u00f6p\u00e4evast annust. Toidulisandit ei saa kasutada mitmek\u00fclgse toitumise asendajana. Soovitatav on tasakaalustatud toitumine ja tervislik eluviis. \u00c4rge tarbige, kui olete m\u00f5ne toote koostisosa suhtes allergiline. Toodet ei tohi tarbida lapsed, rasedad ega imetavad naised. Hoida v\u00e4ikelastele k\u00e4ttesaamatus kohas.<\/p>\n<p><strong>Suurus<\/strong>: 180 Vcaps &#8211; Vegan kapslit<\/p>\n<section class=\"projector__description--nutritional row\" data-selector=\".--nutritional\">\n<div class=\"col-12 col-md-10 col-lg-8\">\n<div class=\"--nutrit\">\n<div class=\"nutrition_table_wrapper\">\n<div class=\"table_wrapper\">\n<table>\n<tbody>\n<tr>\n<th>Aktiivsed koostisained<\/th>\n<th>portsjoni kohta<\/th>\n<\/tr>\n<tr>\n<td>Musta pipra puuviljaekstrakt:<\/td>\n<td>2,1 mg<\/td>\n<\/tr>\n<tr class=\"sub\">\n<td>&#8211; sealhulgas piperiin (95%)<\/td>\n<td>2 mg<\/td>\n<\/tr>\n<\/tbody>\n<\/table>\n<p>Vaata ka meie Teisi Rasvap\u00f5letajaid <a href=\"https:\/\/fit360.ee\/en\/product-category\/product-groups\/fat-burners-en\/\"><strong>SIIT<\/strong><\/a> v\u00f5i Aju Tegevust toetavaid lisandeid <a href=\"https:\/\/fit360.ee\/en\/product-category\/product-groups\/brain-support-nootropics-en\/\"><strong>SIIT<\/strong><\/a>!<\/p>\n<p>Soovid kaupa osta suuremas koguses? Vaata antud toodet ka meie HULGI poest\u00a0<a href=\"https:\/\/toidulisandidhulgi.ee\/tooted\/piperine-95-180-caps\/\"><strong>SIIT<\/strong><\/a>!<\/p>\n<\/div>\n<\/div>\n<\/div>\n<\/div>\n<\/section>\n","protected":false},"excerpt":{"rendered":"<ul>\n<li>Parandab toitainete imendumist<\/li>\n<li>Toetab seedimist<\/li>\n<li>Tugevdab immuunsust<\/li>\n<li>V\u00f5ib aidata kaalulangetamisel<\/li>\n<li>V\u00f5ib toetada aju tervist<\/li>\n<li>Aitab v\u00e4hendada p\u00f5letikku<\/li>\n<\/ul>\n","protected":false},"featured_media":87578,"comment_status":"open","ping_status":"closed","template":"","meta":[],"product_brand":[],"product_cat":[5311,2485,530,5320,1329,2408,1454,2664,1201],"product_tag":[5633,1924,2676,5634],"giftcard-category":[],"class_list":{"0":"post-87579","1":"product","2":"type-product","3":"status-publish","4":"has-post-thumbnail","6":"product_cat-antioxidants-en","7":"product_cat-brain-support-nootropics-en","8":"product_cat-fat-burners-en","9":"product_cat-for-immunity-en","10":"product_cat-ostrovit-en","11":"product_cat-stimulant-free-fat-burners-en","12":"product_cat-superfoods-health-foods-en","13":"product_cat-vegan-capsules-en","14":"product_cat-1201","15":"product_tag-must-pipar-en","16":"product_tag-ostrovit-en","17":"product_tag-piperine-en","18":"product_tag-piperine-must-pipar-en","19":"pa_kogus-180-capsules","20":"pa_toidulisand-branddd-ostrovit","21":"pa_tootegruppp-aju-tegevus-nootropics-en","22":"pa_tootegruppp-antioksudandid-en","23":"pa_tootegruppp-immuunsusteem-en","24":"pa_tootegruppp-stimulandivaba-en","25":"pa_tootegruppp-supertoit-tervisetoit-en","26":"pa_tootegruppp-vcaps-vegan-kapslid-en","27":"pa_tootegruppp-vegan-en","28":"pa_tootegruppp-weight-loss","30":"first","31":"instock","32":"sale","33":"taxable","34":"shipping-taxable","35":"purchasable","36":"product-type-simple"},"yoast_head":"<!-- This site is optimized with the Yoast SEO plugin v27.3 - https:\/\/yoast.com\/product\/yoast-seo-wordpress\/ -->\n<title>Piperine 95 (180 caps) - Musta Pipra ekstrakt - Kiire Tarne - Parim Hind - Fit360<\/title>\n<meta name=\"description\" content=\"Piperine - Must Pipar VEGE on kvaliteetne toidulisand, mis sisaldab musta pipra puuviljaekstrakti, mis on standardiseeritud 95% piperiiniga. Soodustab...\" \/>\n<meta name=\"robots\" content=\"index, follow, max-snippet:-1, max-image-preview:large, max-video-preview:-1\" \/>\n<link rel=\"canonical\" href=\"https:\/\/fit360.ee\/en\/pood\/product-groups\/\u0432\u0435\u0433\u0430\u043d\/vegan-capsules-en\/piperine-95-180-caps\/\" \/>\n<meta property=\"og:locale\" content=\"en_US\" \/>\n<meta property=\"og:type\" content=\"article\" \/>\n<meta property=\"og:title\" content=\"Piperine 95 (180 caps) - Musta Pipra ekstrakt - Kiire Tarne - Parim Hind - Fit360\" \/>\n<meta property=\"og:description\" content=\"Piperine - Must Pipar VEGE on kvaliteetne toidulisand, mis sisaldab musta pipra puuviljaekstrakti, mis on standardiseeritud 95% piperiiniga. Soodustab...\" \/>\n<meta property=\"og:url\" content=\"https:\/\/fit360.ee\/en\/pood\/product-groups\/\u0432\u0435\u0433\u0430\u043d\/vegan-capsules-en\/piperine-95-180-caps\/\" \/>\n<meta property=\"og:site_name\" content=\"Fit360\" \/>\n<meta property=\"article:modified_time\" content=\"2025-08-13T05:35:45+00:00\" \/>\n<meta property=\"og:image\" content=\"https:\/\/fit360.ee\/wp-content\/uploads\/2025\/03\/piperine-must-pipar-fit360.ee-1.png\" \/>\n\t<meta property=\"og:image:width\" content=\"450\" \/>\n\t<meta property=\"og:image:height\" content=\"450\" \/>\n\t<meta property=\"og:image:type\" content=\"image\/png\" \/>\n<meta name=\"twitter:card\" content=\"summary_large_image\" \/>\n<meta name=\"twitter:label1\" content=\"Est. reading time\" \/>\n\t<meta name=\"twitter:data1\" content=\"3 minutes\" \/>\n<script type=\"application\/ld+json\" class=\"yoast-schema-graph\">{\"@context\":\"https:\\\/\\\/schema.org\",\"@graph\":[{\"@type\":\"WebPage\",\"@id\":\"https:\\\/\\\/fit360.ee\\\/en\\\/pood\\\/product-groups\\\/%d0%b2%d0%b5%d0%b3%d0%b0%d0%bd\\\/vegan-capsules-en\\\/piperine-95-180-caps\\\/\",\"url\":\"https:\\\/\\\/fit360.ee\\\/en\\\/pood\\\/product-groups\\\/%d0%b2%d0%b5%d0%b3%d0%b0%d0%bd\\\/vegan-capsules-en\\\/piperine-95-180-caps\\\/\",\"name\":\"Piperine 95 (180 caps) - Musta Pipra ekstrakt - Kiire Tarne - Parim Hind - Fit360\",\"isPartOf\":{\"@id\":\"https:\\\/\\\/fit360.ee\\\/en\\\/#website\"},\"primaryImageOfPage\":{\"@id\":\"https:\\\/\\\/fit360.ee\\\/en\\\/pood\\\/product-groups\\\/%d0%b2%d0%b5%d0%b3%d0%b0%d0%bd\\\/vegan-capsules-en\\\/piperine-95-180-caps\\\/#primaryimage\"},\"image\":{\"@id\":\"https:\\\/\\\/fit360.ee\\\/en\\\/pood\\\/product-groups\\\/%d0%b2%d0%b5%d0%b3%d0%b0%d0%bd\\\/vegan-capsules-en\\\/piperine-95-180-caps\\\/#primaryimage\"},\"thumbnailUrl\":\"https:\\\/\\\/fit360.ee\\\/wp-content\\\/uploads\\\/2025\\\/03\\\/piperine-must-pipar-fit360.ee-1.png\",\"datePublished\":\"2025-03-29T05:52:47+00:00\",\"dateModified\":\"2025-08-13T05:35:45+00:00\",\"description\":\"Piperine - Must Pipar VEGE on kvaliteetne toidulisand, mis sisaldab musta pipra puuviljaekstrakti, mis on standardiseeritud 95% piperiiniga. Soodustab...\",\"breadcrumb\":{\"@id\":\"https:\\\/\\\/fit360.ee\\\/en\\\/pood\\\/product-groups\\\/%d0%b2%d0%b5%d0%b3%d0%b0%d0%bd\\\/vegan-capsules-en\\\/piperine-95-180-caps\\\/#breadcrumb\"},\"inLanguage\":\"en-US\",\"potentialAction\":[{\"@type\":\"ReadAction\",\"target\":[\"https:\\\/\\\/fit360.ee\\\/en\\\/pood\\\/product-groups\\\/%d0%b2%d0%b5%d0%b3%d0%b0%d0%bd\\\/vegan-capsules-en\\\/piperine-95-180-caps\\\/\"]}]},{\"@type\":\"ImageObject\",\"inLanguage\":\"en-US\",\"@id\":\"https:\\\/\\\/fit360.ee\\\/en\\\/pood\\\/product-groups\\\/%d0%b2%d0%b5%d0%b3%d0%b0%d0%bd\\\/vegan-capsules-en\\\/piperine-95-180-caps\\\/#primaryimage\",\"url\":\"https:\\\/\\\/fit360.ee\\\/wp-content\\\/uploads\\\/2025\\\/03\\\/piperine-must-pipar-fit360.ee-1.png\",\"contentUrl\":\"https:\\\/\\\/fit360.ee\\\/wp-content\\\/uploads\\\/2025\\\/03\\\/piperine-must-pipar-fit360.ee-1.png\",\"width\":450,\"height\":450,\"caption\":\"piperine - must pipar - fit360.ee\"},{\"@type\":\"BreadcrumbList\",\"@id\":\"https:\\\/\\\/fit360.ee\\\/en\\\/pood\\\/product-groups\\\/%d0%b2%d0%b5%d0%b3%d0%b0%d0%bd\\\/vegan-capsules-en\\\/piperine-95-180-caps\\\/#breadcrumb\",\"itemListElement\":[{\"@type\":\"ListItem\",\"position\":1,\"name\":\"Home\",\"item\":\"https:\\\/\\\/fit360.ee\\\/en\\\/\"},{\"@type\":\"ListItem\",\"position\":2,\"name\":\"Shop\",\"item\":\"https:\\\/\\\/fit360.ee\\\/en\\\/shop\\\/\"},{\"@type\":\"ListItem\",\"position\":3,\"name\":\"Piperine 95 (180 caps)\"}]},{\"@type\":\"WebSite\",\"@id\":\"https:\\\/\\\/fit360.ee\\\/en\\\/#website\",\"url\":\"https:\\\/\\\/fit360.ee\\\/en\\\/\",\"name\":\"Fit360\",\"description\":\"\",\"publisher\":{\"@id\":\"https:\\\/\\\/fit360.ee\\\/en\\\/#organization\"},\"potentialAction\":[{\"@type\":\"SearchAction\",\"target\":{\"@type\":\"EntryPoint\",\"urlTemplate\":\"https:\\\/\\\/fit360.ee\\\/en\\\/?s={search_term_string}\"},\"query-input\":{\"@type\":\"PropertyValueSpecification\",\"valueRequired\":true,\"valueName\":\"search_term_string\"}}],\"inLanguage\":\"en-US\"},{\"@type\":\"Organization\",\"@id\":\"https:\\\/\\\/fit360.ee\\\/en\\\/#organization\",\"name\":\"Fit360\",\"url\":\"https:\\\/\\\/fit360.ee\\\/en\\\/\",\"logo\":{\"@type\":\"ImageObject\",\"inLanguage\":\"en-US\",\"@id\":\"https:\\\/\\\/fit360.ee\\\/en\\\/#\\\/schema\\\/logo\\\/image\\\/\",\"url\":\"https:\\\/\\\/fit360.ee\\\/wp-content\\\/uploads\\\/2017\\\/01\\\/logo-fit360.png\",\"contentUrl\":\"https:\\\/\\\/fit360.ee\\\/wp-content\\\/uploads\\\/2017\\\/01\\\/logo-fit360.png\",\"width\":180,\"height\":66,\"caption\":\"Fit360\"},\"image\":{\"@id\":\"https:\\\/\\\/fit360.ee\\\/en\\\/#\\\/schema\\\/logo\\\/image\\\/\"}}]}<\/script>\n<!-- \/ Yoast SEO plugin. -->","yoast_head_json":{"title":"Piperine 95 (180 caps) - Musta Pipra ekstrakt - Kiire Tarne - Parim Hind - Fit360","description":"Piperine - Must Pipar VEGE on kvaliteetne toidulisand, mis sisaldab musta pipra puuviljaekstrakti, mis on standardiseeritud 95% piperiiniga. Soodustab...","robots":{"index":"index","follow":"follow","max-snippet":"max-snippet:-1","max-image-preview":"max-image-preview:large","max-video-preview":"max-video-preview:-1"},"canonical":"https:\/\/fit360.ee\/en\/pood\/product-groups\/\u0432\u0435\u0433\u0430\u043d\/vegan-capsules-en\/piperine-95-180-caps\/","og_locale":"en_US","og_type":"article","og_title":"Piperine 95 (180 caps) - Musta Pipra ekstrakt - Kiire Tarne - Parim Hind - Fit360","og_description":"Piperine - Must Pipar VEGE on kvaliteetne toidulisand, mis sisaldab musta pipra puuviljaekstrakti, mis on standardiseeritud 95% piperiiniga. Soodustab...","og_url":"https:\/\/fit360.ee\/en\/pood\/product-groups\/\u0432\u0435\u0433\u0430\u043d\/vegan-capsules-en\/piperine-95-180-caps\/","og_site_name":"Fit360","article_modified_time":"2025-08-13T05:35:45+00:00","og_image":[{"width":450,"height":450,"url":"https:\/\/fit360.ee\/wp-content\/uploads\/2025\/03\/piperine-must-pipar-fit360.ee-1.png","type":"image\/png"}],"twitter_card":"summary_large_image","twitter_misc":{"Est. reading time":"3 minutes"},"schema":{"@context":"https:\/\/schema.org","@graph":[{"@type":"WebPage","@id":"https:\/\/fit360.ee\/en\/pood\/product-groups\/%d0%b2%d0%b5%d0%b3%d0%b0%d0%bd\/vegan-capsules-en\/piperine-95-180-caps\/","url":"https:\/\/fit360.ee\/en\/pood\/product-groups\/%d0%b2%d0%b5%d0%b3%d0%b0%d0%bd\/vegan-capsules-en\/piperine-95-180-caps\/","name":"Piperine 95 (180 caps) - Musta Pipra ekstrakt - Kiire Tarne - Parim Hind - Fit360","isPartOf":{"@id":"https:\/\/fit360.ee\/en\/#website"},"primaryImageOfPage":{"@id":"https:\/\/fit360.ee\/en\/pood\/product-groups\/%d0%b2%d0%b5%d0%b3%d0%b0%d0%bd\/vegan-capsules-en\/piperine-95-180-caps\/#primaryimage"},"image":{"@id":"https:\/\/fit360.ee\/en\/pood\/product-groups\/%d0%b2%d0%b5%d0%b3%d0%b0%d0%bd\/vegan-capsules-en\/piperine-95-180-caps\/#primaryimage"},"thumbnailUrl":"https:\/\/fit360.ee\/wp-content\/uploads\/2025\/03\/piperine-must-pipar-fit360.ee-1.png","datePublished":"2025-03-29T05:52:47+00:00","dateModified":"2025-08-13T05:35:45+00:00","description":"Piperine - Must Pipar VEGE on kvaliteetne toidulisand, mis sisaldab musta pipra puuviljaekstrakti, mis on standardiseeritud 95% piperiiniga. Soodustab...","breadcrumb":{"@id":"https:\/\/fit360.ee\/en\/pood\/product-groups\/%d0%b2%d0%b5%d0%b3%d0%b0%d0%bd\/vegan-capsules-en\/piperine-95-180-caps\/#breadcrumb"},"inLanguage":"en-US","potentialAction":[{"@type":"ReadAction","target":["https:\/\/fit360.ee\/en\/pood\/product-groups\/%d0%b2%d0%b5%d0%b3%d0%b0%d0%bd\/vegan-capsules-en\/piperine-95-180-caps\/"]}]},{"@type":"ImageObject","inLanguage":"en-US","@id":"https:\/\/fit360.ee\/en\/pood\/product-groups\/%d0%b2%d0%b5%d0%b3%d0%b0%d0%bd\/vegan-capsules-en\/piperine-95-180-caps\/#primaryimage","url":"https:\/\/fit360.ee\/wp-content\/uploads\/2025\/03\/piperine-must-pipar-fit360.ee-1.png","contentUrl":"https:\/\/fit360.ee\/wp-content\/uploads\/2025\/03\/piperine-must-pipar-fit360.ee-1.png","width":450,"height":450,"caption":"piperine - must pipar - fit360.ee"},{"@type":"BreadcrumbList","@id":"https:\/\/fit360.ee\/en\/pood\/product-groups\/%d0%b2%d0%b5%d0%b3%d0%b0%d0%bd\/vegan-capsules-en\/piperine-95-180-caps\/#breadcrumb","itemListElement":[{"@type":"ListItem","position":1,"name":"Home","item":"https:\/\/fit360.ee\/en\/"},{"@type":"ListItem","position":2,"name":"Shop","item":"https:\/\/fit360.ee\/en\/shop\/"},{"@type":"ListItem","position":3,"name":"Piperine 95 (180 caps)"}]},{"@type":"WebSite","@id":"https:\/\/fit360.ee\/en\/#website","url":"https:\/\/fit360.ee\/en\/","name":"Fit360","description":"","publisher":{"@id":"https:\/\/fit360.ee\/en\/#organization"},"potentialAction":[{"@type":"SearchAction","target":{"@type":"EntryPoint","urlTemplate":"https:\/\/fit360.ee\/en\/?s={search_term_string}"},"query-input":{"@type":"PropertyValueSpecification","valueRequired":true,"valueName":"search_term_string"}}],"inLanguage":"en-US"},{"@type":"Organization","@id":"https:\/\/fit360.ee\/en\/#organization","name":"Fit360","url":"https:\/\/fit360.ee\/en\/","logo":{"@type":"ImageObject","inLanguage":"en-US","@id":"https:\/\/fit360.ee\/en\/#\/schema\/logo\/image\/","url":"https:\/\/fit360.ee\/wp-content\/uploads\/2017\/01\/logo-fit360.png","contentUrl":"https:\/\/fit360.ee\/wp-content\/uploads\/2017\/01\/logo-fit360.png","width":180,"height":66,"caption":"Fit360"},"image":{"@id":"https:\/\/fit360.ee\/en\/#\/schema\/logo\/image\/"}}]}},"_links":{"self":[{"href":"https:\/\/fit360.ee\/en\/wp-json\/wp\/v2\/product\/87579","targetHints":{"allow":["GET"]}}],"collection":[{"href":"https:\/\/fit360.ee\/en\/wp-json\/wp\/v2\/product"}],"about":[{"href":"https:\/\/fit360.ee\/en\/wp-json\/wp\/v2\/types\/product"}],"replies":[{"embeddable":true,"href":"https:\/\/fit360.ee\/en\/wp-json\/wp\/v2\/comments?post=87579"}],"wp:featuredmedia":[{"embeddable":true,"href":"https:\/\/fit360.ee\/en\/wp-json\/wp\/v2\/media\/87578"}],"wp:attachment":[{"href":"https:\/\/fit360.ee\/en\/wp-json\/wp\/v2\/media?parent=87579"}],"wp:term":[{"taxonomy":"product_brand","embeddable":true,"href":"https:\/\/fit360.ee\/en\/wp-json\/wp\/v2\/product_brand?post=87579"},{"taxonomy":"product_cat","embeddable":true,"href":"https:\/\/fit360.ee\/en\/wp-json\/wp\/v2\/product_cat?post=87579"},{"taxonomy":"product_tag","embeddable":true,"href":"https:\/\/fit360.ee\/en\/wp-json\/wp\/v2\/product_tag?post=87579"},{"taxonomy":"giftcard-category","embeddable":true,"href":"https:\/\/fit360.ee\/en\/wp-json\/wp\/v2\/giftcard-category?post=87579"}],"curies":[{"name":"wp","href":"https:\/\/api.w.org\/{rel}","templated":true}]}}