{"id":87820,"date":"2025-04-10T11:29:43","date_gmt":"2025-04-10T09:29:43","guid":{"rendered":"https:\/\/fit360.ee\/pood\/uncategorized\/citrulline-load-300g\/"},"modified":"2025-09-26T15:57:22","modified_gmt":"2025-09-26T13:57:22","slug":"citrulline-load-300g","status":"publish","type":"product","link":"https:\/\/fit360.ee\/en\/pood\/product-groups\/amino-acids-bcaa\/citrulline-en\/citrulline-load-300g\/","title":{"rendered":"Citrulline LOAD (300g)"},"content":{"rendered":"<h2><strong>Citrulline Load<\/strong><\/h2>\n<p class=\"\" data-start=\"36\" data-end=\"544\">Citrulline Load on funktsionaalne toidulisand, mis sobib ideaalselt sportlastele ja aktiivse eluviisiga inimestele, kes soovivad t\u00f5sta oma treeningute intensiivsust ja taastumist. Iga 5-grammine serveering sisaldab 3 grammi puhast L-tsitruliini ja piisavas maltodekstriini. Tsitrulliin on tuntud l\u00e4mmastikoksiidi tootmise toetajana kehas, mis omakorda parandab verevoolu ja hapniku transporti lihastesse. See aitab suurendada lihaste pump-efekti treeningu ajal, v\u00e4hendada v\u00e4simust ja kiirendada taastumist.<\/p>\n<p class=\"\" data-start=\"546\" data-end=\"859\">Lisatud maltodekstriin aitab parandada tsitruliini imendumist ning toimib ka kiire energiaallikana enne v\u00f5i treeningu ajal. Toode sobib kasutamiseks enne treeningut, eriti j\u00f5u- v\u00f5i vastupidavustreeningute eel. T\u00e4nu oma lihtsale koostisele on Citrulline Load kergesti seeditav ning ei sisalda tarbetuid lisaaineid.<\/p>\n<p class=\"\" data-start=\"861\" data-end=\"1018\">Toodet v\u00f5ib segada veega v\u00f5i lisada treeningueelsesse joogisegusse. Parima tulemuse saavutamiseks soovitatakse tarvitada umbes 20\u201330 minutit enne treeningut.<\/p>\n<p><strong>Koostisosad: <\/strong>Tsitrulliinmalaat, maltodekstriin, hape &#8211; sidrunhape, l\u00f5hna- ja maitseained, magusained &#8211; sukraloos, atsesulfaam K, paakumisvastane aine &#8211; r\u00e4nidioksiid, happesuse regulaator &#8211; kaltsiumfosfaat, v\u00e4rvained: karoteenid sidruni-apelsini maitseks, indigotiin metsamarja maitseks. Sisaldab magusaineid.<\/p>\n<p><strong>NB!<\/strong> Toidulisandeid ei saa kasutada mitmek\u00fclgse toitumise ja tervisliku eluviisi asendajana. Toidulisandeid tuleb hoida v\u00e4ikelastele k\u00e4ttesaamatus kohas. Toode on m\u00f5eldud t\u00e4iskasvanutele ja tervetele inimestele. Toode ei ole m\u00f5eldud lastele ja rinnaga toitvatele naistele.<\/p>\n<p><strong>Kasutamine: <\/strong>Tarbida 5 g toodet segatuna 200 ml veega \u00fcks kord p\u00e4evas. \u00c4rge \u00fcletage maksimaalset 1 portsjonit 5 g p\u00e4evas. M\u00f5\u00f5tetops pakendis.<\/p>\n<p><strong>Suurus<\/strong>: 300g &#8211; 60 serveeringut.<\/p>\n<table>\n<tbody>\n<tr>\n<td width=\"284\"><strong><b>Toimeained<\/b><\/strong><\/td>\n<td width=\"284\"><strong><b>1 serveering &#8211; 5g<\/b><\/strong><\/td>\n<\/tr>\n<tr>\n<td width=\"284\">Tsitrulliin<\/td>\n<td width=\"284\">3 g<\/td>\n<\/tr>\n<\/tbody>\n<\/table>\n<p>Vaata ka meie Teisi Tsitrulliini tooteid <a href=\"https:\/\/fit360.ee\/en\/product-category\/product-groups\/amino-acids-bcaa\/citrulline-en\/\"><strong>SIIT<\/strong><\/a> v\u00f5i Aminohappeid <a href=\"https:\/\/fit360.ee\/en\/product-category\/product-groups\/amino-acids-bcaa\/\"><strong>SIIT<\/strong><\/a>!<\/p>\n<p>Soovid kaupa osta suuremas koguses? Vaata antud toodet ka meie HULGI poest\u00a0<a href=\"https:\/\/toidulisandidhulgi.ee\/tooted\/citrulline-load-300g\/\"><strong>SIIT<\/strong><\/a>!<\/p>\n","protected":false},"excerpt":{"rendered":"<ul class=\"cm__list\">\n<li>Aitab v\u00e4hendada v\u00e4simustunnet f\u00fc\u00fcsilise koormuse ajal<\/li>\n<li>Aitab taastada suurep\u00e4raselt ja v\u00e4hendab lihasvalu isegi paar p\u00e4eva p\u00e4rast treeningut<\/li>\n<li>Aitab suurendada lihaste pumpamist t\u00e4nu l\u00e4mmastikoksiidi s\u00fcnteesi intensiivistumisele<\/li>\n<li>See on ideaalne keharasva v\u00e4hendamiseks, toimides antikataboolsena (v\u00e4hendab lihaskoe lagunemist)<\/li>\n<li>Aitab parandada verevoolu.<\/li>\n<li>See aitab parandab meeste seksuaalset v\u00f5imekust, toetades erektsiooniefekti.<\/li>\n<\/ul>\n","protected":false},"featured_media":87819,"comment_status":"open","ping_status":"closed","template":"","meta":[],"product_brand":[],"product_cat":[520,2314,533,1326],"product_tag":[4100,5636,1793,3715],"giftcard-category":[],"class_list":{"0":"post-87820","1":"product","2":"type-product","3":"status-publish","4":"has-post-thumbnail","6":"product_cat-amino-acids-bcaa","7":"product_cat-citrulline-en","8":"product_cat-pre-workout-en","9":"product_cat-proactive-en","10":"product_tag-citrulline-en","11":"product_tag-citrulline-load-en","12":"product_tag-proactive-en","13":"product_tag-tsitrulliin-en","14":"pa_kogus-300g-en","15":"pa_maitse-lemon","16":"pa_maitse-mango-en","17":"pa_maitse-orange","18":"pa_toidulisand-branddd-proactive","19":"pa_tootegruppp-amino-acidsbcaa","20":"pa_tootegruppp-pre-workout","21":"pa_tootegruppp-tsitrulliin-en","23":"first","24":"outofstock","25":"sale","26":"taxable","27":"shipping-taxable","28":"purchasable","29":"product-type-variable"},"yoast_head":"<!-- This site is optimized with the Yoast SEO plugin v27.5 - https:\/\/yoast.com\/product\/yoast-seo-wordpress\/ -->\n<title>Citrulline LOAD (300g) - Tsitrulliin - Parim Hind - Kiire Tarne - Fit360<\/title>\n<meta name=\"description\" content=\"Citrulline Load on funktsionaalne toidulisand, mis sobib ideaalselt sportlastele ja aktiivse eluviisiga inimestele, kes soovivad t\u00f5sta oma treeningute int..\" \/>\n<meta name=\"robots\" content=\"index, follow, max-snippet:-1, max-image-preview:large, max-video-preview:-1\" \/>\n<link rel=\"canonical\" href=\"https:\/\/fit360.ee\/en\/pood\/product-groups\/amino-acids-bcaa\/citrulline-en\/citrulline-load-300g\/\" \/>\n<meta property=\"og:locale\" content=\"en_US\" \/>\n<meta property=\"og:type\" content=\"article\" \/>\n<meta property=\"og:title\" content=\"Citrulline LOAD (300g) - Tsitrulliin - Parim Hind - Kiire Tarne - Fit360\" \/>\n<meta property=\"og:description\" content=\"Citrulline Load on funktsionaalne toidulisand, mis sobib ideaalselt sportlastele ja aktiivse eluviisiga inimestele, kes soovivad t\u00f5sta oma treeningute int..\" \/>\n<meta property=\"og:url\" content=\"https:\/\/fit360.ee\/en\/pood\/product-groups\/amino-acids-bcaa\/citrulline-en\/citrulline-load-300g\/\" \/>\n<meta property=\"og:site_name\" content=\"Fit360\" \/>\n<meta property=\"article:modified_time\" content=\"2025-09-26T13:57:22+00:00\" \/>\n<meta property=\"og:image\" content=\"https:\/\/fit360.ee\/wp-content\/uploads\/2025\/04\/citrulline-load-tsitrulliinmalaat-fit360.ee_.jpg\" \/>\n\t<meta property=\"og:image:width\" content=\"600\" \/>\n\t<meta property=\"og:image:height\" content=\"600\" \/>\n\t<meta property=\"og:image:type\" content=\"image\/jpeg\" \/>\n<meta name=\"twitter:card\" content=\"summary_large_image\" \/>\n<meta name=\"twitter:label1\" content=\"Est. reading time\" \/>\n\t<meta name=\"twitter:data1\" content=\"2 minutes\" \/>\n<script type=\"application\/ld+json\" class=\"yoast-schema-graph\">{\"@context\":\"https:\\\/\\\/schema.org\",\"@graph\":[{\"@type\":\"WebPage\",\"@id\":\"https:\\\/\\\/fit360.ee\\\/en\\\/pood\\\/product-groups\\\/amino-acids-bcaa\\\/citrulline-en\\\/citrulline-load-300g\\\/\",\"url\":\"https:\\\/\\\/fit360.ee\\\/en\\\/pood\\\/product-groups\\\/amino-acids-bcaa\\\/citrulline-en\\\/citrulline-load-300g\\\/\",\"name\":\"Citrulline LOAD (300g) - Tsitrulliin - Parim Hind - Kiire Tarne - Fit360\",\"isPartOf\":{\"@id\":\"https:\\\/\\\/fit360.ee\\\/en\\\/#website\"},\"primaryImageOfPage\":{\"@id\":\"https:\\\/\\\/fit360.ee\\\/en\\\/pood\\\/product-groups\\\/amino-acids-bcaa\\\/citrulline-en\\\/citrulline-load-300g\\\/#primaryimage\"},\"image\":{\"@id\":\"https:\\\/\\\/fit360.ee\\\/en\\\/pood\\\/product-groups\\\/amino-acids-bcaa\\\/citrulline-en\\\/citrulline-load-300g\\\/#primaryimage\"},\"thumbnailUrl\":\"https:\\\/\\\/fit360.ee\\\/wp-content\\\/uploads\\\/2025\\\/04\\\/citrulline-load-tsitrulliinmalaat-fit360.ee_.jpg\",\"datePublished\":\"2025-04-10T09:29:43+00:00\",\"dateModified\":\"2025-09-26T13:57:22+00:00\",\"description\":\"Citrulline Load on funktsionaalne toidulisand, mis sobib ideaalselt sportlastele ja aktiivse eluviisiga inimestele, kes soovivad t\u00f5sta oma treeningute int..\",\"breadcrumb\":{\"@id\":\"https:\\\/\\\/fit360.ee\\\/en\\\/pood\\\/product-groups\\\/amino-acids-bcaa\\\/citrulline-en\\\/citrulline-load-300g\\\/#breadcrumb\"},\"inLanguage\":\"en-US\",\"potentialAction\":[{\"@type\":\"ReadAction\",\"target\":[\"https:\\\/\\\/fit360.ee\\\/en\\\/pood\\\/product-groups\\\/amino-acids-bcaa\\\/citrulline-en\\\/citrulline-load-300g\\\/\"]}]},{\"@type\":\"ImageObject\",\"inLanguage\":\"en-US\",\"@id\":\"https:\\\/\\\/fit360.ee\\\/en\\\/pood\\\/product-groups\\\/amino-acids-bcaa\\\/citrulline-en\\\/citrulline-load-300g\\\/#primaryimage\",\"url\":\"https:\\\/\\\/fit360.ee\\\/wp-content\\\/uploads\\\/2025\\\/04\\\/citrulline-load-tsitrulliinmalaat-fit360.ee_.jpg\",\"contentUrl\":\"https:\\\/\\\/fit360.ee\\\/wp-content\\\/uploads\\\/2025\\\/04\\\/citrulline-load-tsitrulliinmalaat-fit360.ee_.jpg\",\"width\":600,\"height\":600,\"caption\":\"56334481e3d590f36f265139173df20c1122e297001fd1cd1378c55bd9a9e71ada994adabe70871bebfa9509d2404358670daa8570bca0e656372869e53617ae43cbcab561c2ddc40c5f00341c747b03\"},{\"@type\":\"BreadcrumbList\",\"@id\":\"https:\\\/\\\/fit360.ee\\\/en\\\/pood\\\/product-groups\\\/amino-acids-bcaa\\\/citrulline-en\\\/citrulline-load-300g\\\/#breadcrumb\",\"itemListElement\":[{\"@type\":\"ListItem\",\"position\":1,\"name\":\"Home\",\"item\":\"https:\\\/\\\/fit360.ee\\\/en\\\/\"},{\"@type\":\"ListItem\",\"position\":2,\"name\":\"Shop\",\"item\":\"https:\\\/\\\/fit360.ee\\\/en\\\/shop\\\/\"},{\"@type\":\"ListItem\",\"position\":3,\"name\":\"Citrulline LOAD (300g)\"}]},{\"@type\":\"WebSite\",\"@id\":\"https:\\\/\\\/fit360.ee\\\/en\\\/#website\",\"url\":\"https:\\\/\\\/fit360.ee\\\/en\\\/\",\"name\":\"Fit360\",\"description\":\"\",\"publisher\":{\"@id\":\"https:\\\/\\\/fit360.ee\\\/en\\\/#organization\"},\"potentialAction\":[{\"@type\":\"SearchAction\",\"target\":{\"@type\":\"EntryPoint\",\"urlTemplate\":\"https:\\\/\\\/fit360.ee\\\/en\\\/?s={search_term_string}\"},\"query-input\":{\"@type\":\"PropertyValueSpecification\",\"valueRequired\":true,\"valueName\":\"search_term_string\"}}],\"inLanguage\":\"en-US\"},{\"@type\":\"Organization\",\"@id\":\"https:\\\/\\\/fit360.ee\\\/en\\\/#organization\",\"name\":\"Fit360\",\"url\":\"https:\\\/\\\/fit360.ee\\\/en\\\/\",\"logo\":{\"@type\":\"ImageObject\",\"inLanguage\":\"en-US\",\"@id\":\"https:\\\/\\\/fit360.ee\\\/en\\\/#\\\/schema\\\/logo\\\/image\\\/\",\"url\":\"https:\\\/\\\/fit360.ee\\\/wp-content\\\/uploads\\\/2017\\\/01\\\/logo-fit360.png\",\"contentUrl\":\"https:\\\/\\\/fit360.ee\\\/wp-content\\\/uploads\\\/2017\\\/01\\\/logo-fit360.png\",\"width\":180,\"height\":66,\"caption\":\"Fit360\"},\"image\":{\"@id\":\"https:\\\/\\\/fit360.ee\\\/en\\\/#\\\/schema\\\/logo\\\/image\\\/\"}}]}<\/script>\n<!-- \/ Yoast SEO plugin. -->","yoast_head_json":{"title":"Citrulline LOAD (300g) - Tsitrulliin - Parim Hind - Kiire Tarne - Fit360","description":"Citrulline Load on funktsionaalne toidulisand, mis sobib ideaalselt sportlastele ja aktiivse eluviisiga inimestele, kes soovivad t\u00f5sta oma treeningute int..","robots":{"index":"index","follow":"follow","max-snippet":"max-snippet:-1","max-image-preview":"max-image-preview:large","max-video-preview":"max-video-preview:-1"},"canonical":"https:\/\/fit360.ee\/en\/pood\/product-groups\/amino-acids-bcaa\/citrulline-en\/citrulline-load-300g\/","og_locale":"en_US","og_type":"article","og_title":"Citrulline LOAD (300g) - Tsitrulliin - Parim Hind - Kiire Tarne - Fit360","og_description":"Citrulline Load on funktsionaalne toidulisand, mis sobib ideaalselt sportlastele ja aktiivse eluviisiga inimestele, kes soovivad t\u00f5sta oma treeningute int..","og_url":"https:\/\/fit360.ee\/en\/pood\/product-groups\/amino-acids-bcaa\/citrulline-en\/citrulline-load-300g\/","og_site_name":"Fit360","article_modified_time":"2025-09-26T13:57:22+00:00","og_image":[{"width":600,"height":600,"url":"https:\/\/fit360.ee\/wp-content\/uploads\/2025\/04\/citrulline-load-tsitrulliinmalaat-fit360.ee_.jpg","type":"image\/jpeg"}],"twitter_card":"summary_large_image","twitter_misc":{"Est. reading time":"2 minutes"},"schema":{"@context":"https:\/\/schema.org","@graph":[{"@type":"WebPage","@id":"https:\/\/fit360.ee\/en\/pood\/product-groups\/amino-acids-bcaa\/citrulline-en\/citrulline-load-300g\/","url":"https:\/\/fit360.ee\/en\/pood\/product-groups\/amino-acids-bcaa\/citrulline-en\/citrulline-load-300g\/","name":"Citrulline LOAD (300g) - Tsitrulliin - Parim Hind - Kiire Tarne - Fit360","isPartOf":{"@id":"https:\/\/fit360.ee\/en\/#website"},"primaryImageOfPage":{"@id":"https:\/\/fit360.ee\/en\/pood\/product-groups\/amino-acids-bcaa\/citrulline-en\/citrulline-load-300g\/#primaryimage"},"image":{"@id":"https:\/\/fit360.ee\/en\/pood\/product-groups\/amino-acids-bcaa\/citrulline-en\/citrulline-load-300g\/#primaryimage"},"thumbnailUrl":"https:\/\/fit360.ee\/wp-content\/uploads\/2025\/04\/citrulline-load-tsitrulliinmalaat-fit360.ee_.jpg","datePublished":"2025-04-10T09:29:43+00:00","dateModified":"2025-09-26T13:57:22+00:00","description":"Citrulline Load on funktsionaalne toidulisand, mis sobib ideaalselt sportlastele ja aktiivse eluviisiga inimestele, kes soovivad t\u00f5sta oma treeningute int..","breadcrumb":{"@id":"https:\/\/fit360.ee\/en\/pood\/product-groups\/amino-acids-bcaa\/citrulline-en\/citrulline-load-300g\/#breadcrumb"},"inLanguage":"en-US","potentialAction":[{"@type":"ReadAction","target":["https:\/\/fit360.ee\/en\/pood\/product-groups\/amino-acids-bcaa\/citrulline-en\/citrulline-load-300g\/"]}]},{"@type":"ImageObject","inLanguage":"en-US","@id":"https:\/\/fit360.ee\/en\/pood\/product-groups\/amino-acids-bcaa\/citrulline-en\/citrulline-load-300g\/#primaryimage","url":"https:\/\/fit360.ee\/wp-content\/uploads\/2025\/04\/citrulline-load-tsitrulliinmalaat-fit360.ee_.jpg","contentUrl":"https:\/\/fit360.ee\/wp-content\/uploads\/2025\/04\/citrulline-load-tsitrulliinmalaat-fit360.ee_.jpg","width":600,"height":600,"caption":"56334481e3d590f36f265139173df20c1122e297001fd1cd1378c55bd9a9e71ada994adabe70871bebfa9509d2404358670daa8570bca0e656372869e53617ae43cbcab561c2ddc40c5f00341c747b03"},{"@type":"BreadcrumbList","@id":"https:\/\/fit360.ee\/en\/pood\/product-groups\/amino-acids-bcaa\/citrulline-en\/citrulline-load-300g\/#breadcrumb","itemListElement":[{"@type":"ListItem","position":1,"name":"Home","item":"https:\/\/fit360.ee\/en\/"},{"@type":"ListItem","position":2,"name":"Shop","item":"https:\/\/fit360.ee\/en\/shop\/"},{"@type":"ListItem","position":3,"name":"Citrulline LOAD (300g)"}]},{"@type":"WebSite","@id":"https:\/\/fit360.ee\/en\/#website","url":"https:\/\/fit360.ee\/en\/","name":"Fit360","description":"","publisher":{"@id":"https:\/\/fit360.ee\/en\/#organization"},"potentialAction":[{"@type":"SearchAction","target":{"@type":"EntryPoint","urlTemplate":"https:\/\/fit360.ee\/en\/?s={search_term_string}"},"query-input":{"@type":"PropertyValueSpecification","valueRequired":true,"valueName":"search_term_string"}}],"inLanguage":"en-US"},{"@type":"Organization","@id":"https:\/\/fit360.ee\/en\/#organization","name":"Fit360","url":"https:\/\/fit360.ee\/en\/","logo":{"@type":"ImageObject","inLanguage":"en-US","@id":"https:\/\/fit360.ee\/en\/#\/schema\/logo\/image\/","url":"https:\/\/fit360.ee\/wp-content\/uploads\/2017\/01\/logo-fit360.png","contentUrl":"https:\/\/fit360.ee\/wp-content\/uploads\/2017\/01\/logo-fit360.png","width":180,"height":66,"caption":"Fit360"},"image":{"@id":"https:\/\/fit360.ee\/en\/#\/schema\/logo\/image\/"}}]}},"_links":{"self":[{"href":"https:\/\/fit360.ee\/en\/wp-json\/wp\/v2\/product\/87820","targetHints":{"allow":["GET"]}}],"collection":[{"href":"https:\/\/fit360.ee\/en\/wp-json\/wp\/v2\/product"}],"about":[{"href":"https:\/\/fit360.ee\/en\/wp-json\/wp\/v2\/types\/product"}],"replies":[{"embeddable":true,"href":"https:\/\/fit360.ee\/en\/wp-json\/wp\/v2\/comments?post=87820"}],"wp:featuredmedia":[{"embeddable":true,"href":"https:\/\/fit360.ee\/en\/wp-json\/wp\/v2\/media\/87819"}],"wp:attachment":[{"href":"https:\/\/fit360.ee\/en\/wp-json\/wp\/v2\/media?parent=87820"}],"wp:term":[{"taxonomy":"product_brand","embeddable":true,"href":"https:\/\/fit360.ee\/en\/wp-json\/wp\/v2\/product_brand?post=87820"},{"taxonomy":"product_cat","embeddable":true,"href":"https:\/\/fit360.ee\/en\/wp-json\/wp\/v2\/product_cat?post=87820"},{"taxonomy":"product_tag","embeddable":true,"href":"https:\/\/fit360.ee\/en\/wp-json\/wp\/v2\/product_tag?post=87820"},{"taxonomy":"giftcard-category","embeddable":true,"href":"https:\/\/fit360.ee\/en\/wp-json\/wp\/v2\/giftcard-category?post=87820"}],"curies":[{"name":"wp","href":"https:\/\/api.w.org\/{rel}","templated":true}]}}