{"id":87959,"date":"2025-04-15T12:43:11","date_gmt":"2025-04-15T10:43:11","guid":{"rendered":"https:\/\/fit360.ee\/pood\/uncategorized\/d-vitamiin-4000-iu-120softgels-12tk\/"},"modified":"2025-08-13T07:38:50","modified_gmt":"2025-08-13T05:38:50","slug":"d-vitamiin-4000-iu-120softgels-12tk","status":"publish","type":"product","link":"https:\/\/fit360.ee\/en\/pood\/product-groups\/vitamins-and-minerals-en\/d-vitamin-en\/d-vitamiin-4000-iu-120softgels-12tk\/","title":{"rendered":"D-Vitamiin 4000 IU (120softgels) 12tk"},"content":{"rendered":"<h1><strong>D Vitamiin<\/strong><\/h1>\n<p>D Vitamiin 4000 IU puhul on tegemist rasvlahustuva vitamiiniga. \u00dcldnimetusena on nad kaltsiferoolid ning keskseteks esindajateks on vitameer D2 ehk ergokaltsiferool ja vitameer D3 ehk kolekaltsiferool. Just need nimetatud vitameerid omavadki bioaktiivsust. Kusjuures tuleb silmas pidada seda, et kolekaltsiferool on tugevam vorm ja just seda kasutatakse toidulisandites.<\/p>\n<p>D Vitamiin 4000 IU aitab meil paremini omastada <a href=\"https:\/\/fit360.ee\/en\/product-category\/product-groups\/vitamins-and-minerals-en\/calcium-en\/\"><strong>kaltsiumi<\/strong><\/a>\u00a0ja fosforit, mis omakorda on kriitilise t\u00e4htsusega luude ja hammaste heaoluks. Kaltsiumi imendumine on eriti t\u00e4htis, kuna siis, kui seda kehas piisavalt ei ole, v\u00f5tab organism selle meie luudest. Kaltsiumi kasutab meie keha igap\u00e4evaselt n\u00e4iteks juuste ja naha uuendamiseks. Kaudselt v\u00f5ib p\u00e4ikesevitamiini nendes igap\u00e4evastes t\u00e4htsates toimingutes osaliseks pidada, kuna on kaltsiumiga tihedalt seotud.<\/p>\n<p>Kui D-vitamiini tase on kehas pikemat aega normist madalam, kasvab osteoporoosi ehk luuh\u00f5renemise oht, kuna kaltsium ei j\u00f5ua kehasse. Selle haiguse all kannatab p\u00e4ris suur hulk inimesi, eriti vanemas eas ja tihti enesele teadmata on see tingitud pikaajalisest D-vitamiini puudusest. Vanuse lisandudes t\u00f5useb ka vajadus p\u00e4ikesevitamiini j\u00e4rele.<\/p>\n<p><strong>Teised koostisosad<\/strong>: Oliivi\u00f5li, kapsli kest (\u017eelatiin, niisutaja: gl\u00fctserool; puhastatud vesi), kolekaltsiferool (D -vitamiin).<\/p>\n<p><strong>Kasutamine<\/strong>: V\u00f5ta 1 kapsel p\u00e4evas koos toiduga.<\/p>\n<p><strong>Suurus<\/strong>: 120 kapslit &#8211; 12 purki<\/p>\n<table>\n<tbody>\n<tr>\n<td width=\"205\"><strong>Toimeaine<\/strong><\/td>\n<td width=\"205\"><strong>1 geelkapsel<\/strong><\/td>\n<td width=\"205\"><strong>% SPK<\/strong><\/td>\n<\/tr>\n<tr>\n<td width=\"205\">Vitamin D3<\/td>\n<td width=\"205\">100\u03bcg (4000IU)<\/td>\n<td width=\"205\">1000%<\/td>\n<\/tr>\n<\/tbody>\n<\/table>\n<p><strong>Hoiusta<\/strong> kuivas ja jahedas kohas, eemal otsesest p\u00e4evavalgusest.<\/p>\n<p>Vaata ka meie teisi D Vitamiine <a href=\"https:\/\/fit360.ee\/en\/product-category\/product-groups\/vitamins-and-minerals-en\/d-vitamin-en\/\"><strong>SIIT<\/strong><\/a>!<\/p>\n<p>Soovid kaupa osta suuremas koguses? Vaata antud toodet ka meie HULGI poest\u00a0<a href=\"https:\/\/toidulisandidhulgi.ee\/tooted\/d-vitamiin-4000-iu-120softgels-12tk\/\"><strong>SIIT<\/strong><\/a>!<\/p>\n","protected":false},"excerpt":{"rendered":"<ul>\n<li>Aitab s\u00e4ilitada tugevat luustiku<\/li>\n<li>Tugevdab immuuns\u00fcsteemi<\/li>\n<li>Annab lisaenergiat<\/li>\n<li>Geelkapsli vorm &#8211; parim imendumine<\/li>\n<\/ul>\n<p><strong>OSTA SUUREMAS KOGUSES JA S\u00c4\u00c4STA!<\/strong><\/p>\n","protected":false},"featured_media":84442,"comment_status":"open","ping_status":"closed","template":"","meta":[],"product_brand":[],"product_cat":[1913,5320,527,1329,536],"product_tag":[1958,5641,1924,1931],"giftcard-category":[],"class_list":{"0":"post-87959","1":"product","2":"type-product","3":"status-publish","4":"has-post-thumbnail","6":"product_cat-d-vitamin-en","7":"product_cat-for-immunity-en","8":"product_cat-joint-support-en","9":"product_cat-ostrovit-en","10":"product_cat-vitamins-and-minerals-en","11":"product_tag-d-vitamiin-en","12":"product_tag-d-vitamiin-4000-iu-en","13":"product_tag-ostrovit-en","14":"product_tag-vitamiin-d-en","15":"pa_kogus-120-capsules","16":"pa_toidulisand-branddd-ostrovit","17":"pa_tootegruppp-d-vitamiin-en","18":"pa_tootegruppp-for-joints","19":"pa_tootegruppp-immuunsusteem-en","20":"pa_tootegruppp-vitamins-and-minerals","22":"first","23":"instock","24":"sale","25":"featured","26":"taxable","27":"shipping-taxable","28":"purchasable","29":"product-type-simple"},"yoast_head":"<!-- This site is optimized with the Yoast SEO plugin v27.3 - https:\/\/yoast.com\/product\/yoast-seo-wordpress\/ -->\n<title>D-Vitamiin 4000 IU (120softgels) 12tk - Vitamiin D - Kiire Tarne - Fit360<\/title>\n<meta name=\"description\" content=\"D Vitamiin 4000 IU aitab meil paremini omastada kaltsiumi\u00a0ja fosforit, mis omakorda on kriitilise t\u00e4htsusega luude ja hammaste heaoluks.\" \/>\n<meta name=\"robots\" content=\"index, follow, max-snippet:-1, max-image-preview:large, max-video-preview:-1\" \/>\n<link rel=\"canonical\" href=\"https:\/\/fit360.ee\/en\/pood\/product-groups\/vitamins-and-minerals-en\/d-vitamin-en\/d-vitamiin-4000-iu-120softgels-12tk\/\" \/>\n<meta property=\"og:locale\" content=\"en_US\" \/>\n<meta property=\"og:type\" content=\"article\" \/>\n<meta property=\"og:title\" content=\"D-Vitamiin 4000 IU (120softgels) 12tk - Vitamiin D - Kiire Tarne - Fit360\" \/>\n<meta property=\"og:description\" content=\"D Vitamiin 4000 IU aitab meil paremini omastada kaltsiumi\u00a0ja fosforit, mis omakorda on kriitilise t\u00e4htsusega luude ja hammaste heaoluks.\" \/>\n<meta property=\"og:url\" content=\"https:\/\/fit360.ee\/en\/pood\/product-groups\/vitamins-and-minerals-en\/d-vitamin-en\/d-vitamiin-4000-iu-120softgels-12tk\/\" \/>\n<meta property=\"og:site_name\" content=\"Fit360\" \/>\n<meta property=\"article:modified_time\" content=\"2025-08-13T05:38:50+00:00\" \/>\n<meta property=\"og:image\" content=\"https:\/\/fit360.ee\/wp-content\/uploads\/2021\/09\/D-Vitamiin-4000-IU-fit360.ee_.png\" \/>\n\t<meta property=\"og:image:width\" content=\"450\" \/>\n\t<meta property=\"og:image:height\" content=\"450\" \/>\n\t<meta property=\"og:image:type\" content=\"image\/png\" \/>\n<meta name=\"twitter:card\" content=\"summary_large_image\" \/>\n<meta name=\"twitter:label1\" content=\"Est. reading time\" \/>\n\t<meta name=\"twitter:data1\" content=\"2 minutes\" \/>\n<script type=\"application\/ld+json\" class=\"yoast-schema-graph\">{\"@context\":\"https:\\\/\\\/schema.org\",\"@graph\":[{\"@type\":\"WebPage\",\"@id\":\"https:\\\/\\\/fit360.ee\\\/en\\\/pood\\\/product-groups\\\/vitamins-and-minerals-en\\\/d-vitamin-en\\\/d-vitamiin-4000-iu-120softgels-12tk\\\/\",\"url\":\"https:\\\/\\\/fit360.ee\\\/en\\\/pood\\\/product-groups\\\/vitamins-and-minerals-en\\\/d-vitamin-en\\\/d-vitamiin-4000-iu-120softgels-12tk\\\/\",\"name\":\"D-Vitamiin 4000 IU (120softgels) 12tk - Vitamiin D - Kiire Tarne - Fit360\",\"isPartOf\":{\"@id\":\"https:\\\/\\\/fit360.ee\\\/en\\\/#website\"},\"primaryImageOfPage\":{\"@id\":\"https:\\\/\\\/fit360.ee\\\/en\\\/pood\\\/product-groups\\\/vitamins-and-minerals-en\\\/d-vitamin-en\\\/d-vitamiin-4000-iu-120softgels-12tk\\\/#primaryimage\"},\"image\":{\"@id\":\"https:\\\/\\\/fit360.ee\\\/en\\\/pood\\\/product-groups\\\/vitamins-and-minerals-en\\\/d-vitamin-en\\\/d-vitamiin-4000-iu-120softgels-12tk\\\/#primaryimage\"},\"thumbnailUrl\":\"https:\\\/\\\/fit360.ee\\\/wp-content\\\/uploads\\\/2021\\\/09\\\/D-Vitamiin-4000-IU-fit360.ee_.png\",\"datePublished\":\"2025-04-15T10:43:11+00:00\",\"dateModified\":\"2025-08-13T05:38:50+00:00\",\"description\":\"D Vitamiin 4000 IU aitab meil paremini omastada kaltsiumi\u00a0ja fosforit, mis omakorda on kriitilise t\u00e4htsusega luude ja hammaste heaoluks.\",\"breadcrumb\":{\"@id\":\"https:\\\/\\\/fit360.ee\\\/en\\\/pood\\\/product-groups\\\/vitamins-and-minerals-en\\\/d-vitamin-en\\\/d-vitamiin-4000-iu-120softgels-12tk\\\/#breadcrumb\"},\"inLanguage\":\"en-US\",\"potentialAction\":[{\"@type\":\"ReadAction\",\"target\":[\"https:\\\/\\\/fit360.ee\\\/en\\\/pood\\\/product-groups\\\/vitamins-and-minerals-en\\\/d-vitamin-en\\\/d-vitamiin-4000-iu-120softgels-12tk\\\/\"]}]},{\"@type\":\"ImageObject\",\"inLanguage\":\"en-US\",\"@id\":\"https:\\\/\\\/fit360.ee\\\/en\\\/pood\\\/product-groups\\\/vitamins-and-minerals-en\\\/d-vitamin-en\\\/d-vitamiin-4000-iu-120softgels-12tk\\\/#primaryimage\",\"url\":\"https:\\\/\\\/fit360.ee\\\/wp-content\\\/uploads\\\/2021\\\/09\\\/D-Vitamiin-4000-IU-fit360.ee_.png\",\"contentUrl\":\"https:\\\/\\\/fit360.ee\\\/wp-content\\\/uploads\\\/2021\\\/09\\\/D-Vitamiin-4000-IU-fit360.ee_.png\",\"width\":450,\"height\":450,\"caption\":\"D Vitamiin 4000 IU - fit360.ee\"},{\"@type\":\"BreadcrumbList\",\"@id\":\"https:\\\/\\\/fit360.ee\\\/en\\\/pood\\\/product-groups\\\/vitamins-and-minerals-en\\\/d-vitamin-en\\\/d-vitamiin-4000-iu-120softgels-12tk\\\/#breadcrumb\",\"itemListElement\":[{\"@type\":\"ListItem\",\"position\":1,\"name\":\"Home\",\"item\":\"https:\\\/\\\/fit360.ee\\\/en\\\/\"},{\"@type\":\"ListItem\",\"position\":2,\"name\":\"Shop\",\"item\":\"https:\\\/\\\/fit360.ee\\\/en\\\/shop\\\/\"},{\"@type\":\"ListItem\",\"position\":3,\"name\":\"D-Vitamiin 4000 IU (120softgels) 12tk\"}]},{\"@type\":\"WebSite\",\"@id\":\"https:\\\/\\\/fit360.ee\\\/en\\\/#website\",\"url\":\"https:\\\/\\\/fit360.ee\\\/en\\\/\",\"name\":\"Fit360\",\"description\":\"\",\"publisher\":{\"@id\":\"https:\\\/\\\/fit360.ee\\\/en\\\/#organization\"},\"potentialAction\":[{\"@type\":\"SearchAction\",\"target\":{\"@type\":\"EntryPoint\",\"urlTemplate\":\"https:\\\/\\\/fit360.ee\\\/en\\\/?s={search_term_string}\"},\"query-input\":{\"@type\":\"PropertyValueSpecification\",\"valueRequired\":true,\"valueName\":\"search_term_string\"}}],\"inLanguage\":\"en-US\"},{\"@type\":\"Organization\",\"@id\":\"https:\\\/\\\/fit360.ee\\\/en\\\/#organization\",\"name\":\"Fit360\",\"url\":\"https:\\\/\\\/fit360.ee\\\/en\\\/\",\"logo\":{\"@type\":\"ImageObject\",\"inLanguage\":\"en-US\",\"@id\":\"https:\\\/\\\/fit360.ee\\\/en\\\/#\\\/schema\\\/logo\\\/image\\\/\",\"url\":\"https:\\\/\\\/fit360.ee\\\/wp-content\\\/uploads\\\/2017\\\/01\\\/logo-fit360.png\",\"contentUrl\":\"https:\\\/\\\/fit360.ee\\\/wp-content\\\/uploads\\\/2017\\\/01\\\/logo-fit360.png\",\"width\":180,\"height\":66,\"caption\":\"Fit360\"},\"image\":{\"@id\":\"https:\\\/\\\/fit360.ee\\\/en\\\/#\\\/schema\\\/logo\\\/image\\\/\"}}]}<\/script>\n<!-- \/ Yoast SEO plugin. -->","yoast_head_json":{"title":"D-Vitamiin 4000 IU (120softgels) 12tk - Vitamiin D - Kiire Tarne - Fit360","description":"D Vitamiin 4000 IU aitab meil paremini omastada kaltsiumi\u00a0ja fosforit, mis omakorda on kriitilise t\u00e4htsusega luude ja hammaste heaoluks.","robots":{"index":"index","follow":"follow","max-snippet":"max-snippet:-1","max-image-preview":"max-image-preview:large","max-video-preview":"max-video-preview:-1"},"canonical":"https:\/\/fit360.ee\/en\/pood\/product-groups\/vitamins-and-minerals-en\/d-vitamin-en\/d-vitamiin-4000-iu-120softgels-12tk\/","og_locale":"en_US","og_type":"article","og_title":"D-Vitamiin 4000 IU (120softgels) 12tk - Vitamiin D - Kiire Tarne - Fit360","og_description":"D Vitamiin 4000 IU aitab meil paremini omastada kaltsiumi\u00a0ja fosforit, mis omakorda on kriitilise t\u00e4htsusega luude ja hammaste heaoluks.","og_url":"https:\/\/fit360.ee\/en\/pood\/product-groups\/vitamins-and-minerals-en\/d-vitamin-en\/d-vitamiin-4000-iu-120softgels-12tk\/","og_site_name":"Fit360","article_modified_time":"2025-08-13T05:38:50+00:00","og_image":[{"width":450,"height":450,"url":"https:\/\/fit360.ee\/wp-content\/uploads\/2021\/09\/D-Vitamiin-4000-IU-fit360.ee_.png","type":"image\/png"}],"twitter_card":"summary_large_image","twitter_misc":{"Est. reading time":"2 minutes"},"schema":{"@context":"https:\/\/schema.org","@graph":[{"@type":"WebPage","@id":"https:\/\/fit360.ee\/en\/pood\/product-groups\/vitamins-and-minerals-en\/d-vitamin-en\/d-vitamiin-4000-iu-120softgels-12tk\/","url":"https:\/\/fit360.ee\/en\/pood\/product-groups\/vitamins-and-minerals-en\/d-vitamin-en\/d-vitamiin-4000-iu-120softgels-12tk\/","name":"D-Vitamiin 4000 IU (120softgels) 12tk - Vitamiin D - Kiire Tarne - Fit360","isPartOf":{"@id":"https:\/\/fit360.ee\/en\/#website"},"primaryImageOfPage":{"@id":"https:\/\/fit360.ee\/en\/pood\/product-groups\/vitamins-and-minerals-en\/d-vitamin-en\/d-vitamiin-4000-iu-120softgels-12tk\/#primaryimage"},"image":{"@id":"https:\/\/fit360.ee\/en\/pood\/product-groups\/vitamins-and-minerals-en\/d-vitamin-en\/d-vitamiin-4000-iu-120softgels-12tk\/#primaryimage"},"thumbnailUrl":"https:\/\/fit360.ee\/wp-content\/uploads\/2021\/09\/D-Vitamiin-4000-IU-fit360.ee_.png","datePublished":"2025-04-15T10:43:11+00:00","dateModified":"2025-08-13T05:38:50+00:00","description":"D Vitamiin 4000 IU aitab meil paremini omastada kaltsiumi\u00a0ja fosforit, mis omakorda on kriitilise t\u00e4htsusega luude ja hammaste heaoluks.","breadcrumb":{"@id":"https:\/\/fit360.ee\/en\/pood\/product-groups\/vitamins-and-minerals-en\/d-vitamin-en\/d-vitamiin-4000-iu-120softgels-12tk\/#breadcrumb"},"inLanguage":"en-US","potentialAction":[{"@type":"ReadAction","target":["https:\/\/fit360.ee\/en\/pood\/product-groups\/vitamins-and-minerals-en\/d-vitamin-en\/d-vitamiin-4000-iu-120softgels-12tk\/"]}]},{"@type":"ImageObject","inLanguage":"en-US","@id":"https:\/\/fit360.ee\/en\/pood\/product-groups\/vitamins-and-minerals-en\/d-vitamin-en\/d-vitamiin-4000-iu-120softgels-12tk\/#primaryimage","url":"https:\/\/fit360.ee\/wp-content\/uploads\/2021\/09\/D-Vitamiin-4000-IU-fit360.ee_.png","contentUrl":"https:\/\/fit360.ee\/wp-content\/uploads\/2021\/09\/D-Vitamiin-4000-IU-fit360.ee_.png","width":450,"height":450,"caption":"D Vitamiin 4000 IU - fit360.ee"},{"@type":"BreadcrumbList","@id":"https:\/\/fit360.ee\/en\/pood\/product-groups\/vitamins-and-minerals-en\/d-vitamin-en\/d-vitamiin-4000-iu-120softgels-12tk\/#breadcrumb","itemListElement":[{"@type":"ListItem","position":1,"name":"Home","item":"https:\/\/fit360.ee\/en\/"},{"@type":"ListItem","position":2,"name":"Shop","item":"https:\/\/fit360.ee\/en\/shop\/"},{"@type":"ListItem","position":3,"name":"D-Vitamiin 4000 IU (120softgels) 12tk"}]},{"@type":"WebSite","@id":"https:\/\/fit360.ee\/en\/#website","url":"https:\/\/fit360.ee\/en\/","name":"Fit360","description":"","publisher":{"@id":"https:\/\/fit360.ee\/en\/#organization"},"potentialAction":[{"@type":"SearchAction","target":{"@type":"EntryPoint","urlTemplate":"https:\/\/fit360.ee\/en\/?s={search_term_string}"},"query-input":{"@type":"PropertyValueSpecification","valueRequired":true,"valueName":"search_term_string"}}],"inLanguage":"en-US"},{"@type":"Organization","@id":"https:\/\/fit360.ee\/en\/#organization","name":"Fit360","url":"https:\/\/fit360.ee\/en\/","logo":{"@type":"ImageObject","inLanguage":"en-US","@id":"https:\/\/fit360.ee\/en\/#\/schema\/logo\/image\/","url":"https:\/\/fit360.ee\/wp-content\/uploads\/2017\/01\/logo-fit360.png","contentUrl":"https:\/\/fit360.ee\/wp-content\/uploads\/2017\/01\/logo-fit360.png","width":180,"height":66,"caption":"Fit360"},"image":{"@id":"https:\/\/fit360.ee\/en\/#\/schema\/logo\/image\/"}}]}},"_links":{"self":[{"href":"https:\/\/fit360.ee\/en\/wp-json\/wp\/v2\/product\/87959","targetHints":{"allow":["GET"]}}],"collection":[{"href":"https:\/\/fit360.ee\/en\/wp-json\/wp\/v2\/product"}],"about":[{"href":"https:\/\/fit360.ee\/en\/wp-json\/wp\/v2\/types\/product"}],"replies":[{"embeddable":true,"href":"https:\/\/fit360.ee\/en\/wp-json\/wp\/v2\/comments?post=87959"}],"wp:featuredmedia":[{"embeddable":true,"href":"https:\/\/fit360.ee\/en\/wp-json\/wp\/v2\/media\/84442"}],"wp:attachment":[{"href":"https:\/\/fit360.ee\/en\/wp-json\/wp\/v2\/media?parent=87959"}],"wp:term":[{"taxonomy":"product_brand","embeddable":true,"href":"https:\/\/fit360.ee\/en\/wp-json\/wp\/v2\/product_brand?post=87959"},{"taxonomy":"product_cat","embeddable":true,"href":"https:\/\/fit360.ee\/en\/wp-json\/wp\/v2\/product_cat?post=87959"},{"taxonomy":"product_tag","embeddable":true,"href":"https:\/\/fit360.ee\/en\/wp-json\/wp\/v2\/product_tag?post=87959"},{"taxonomy":"giftcard-category","embeddable":true,"href":"https:\/\/fit360.ee\/en\/wp-json\/wp\/v2\/giftcard-category?post=87959"}],"curies":[{"name":"wp","href":"https:\/\/api.w.org\/{rel}","templated":true}]}}