{"id":88083,"date":"2025-04-21T13:58:16","date_gmt":"2025-04-21T11:58:16","guid":{"rendered":"https:\/\/fit360.ee\/pood\/uncategorized\/scrunch-sports-bra\/"},"modified":"2026-03-16T18:06:46","modified_gmt":"2026-03-16T16:06:46","slug":"scrunch-sports-bra","status":"publish","type":"product","link":"https:\/\/fit360.ee\/en\/pood\/training-equipment-en\/fitness-clothing-en\/scrunch-sports-bra\/","title":{"rendered":"Scrunch Sports Bra"},"content":{"rendered":"<h2><strong>Scrunch Sports Bra<\/strong><\/h2>\n<p><strong>Sobivus:<\/strong>\u00a0Sisseehitatud<br \/>\n<strong>Tugi:<\/strong>\u00a0Kerge<br \/>\n<strong>Materjal:<\/strong>\u00a051% pol\u00fcamiid 38% pol\u00fcester 11% elastaan<br \/>\n<strong>\u200b\u200bOmadused<\/strong>: \u00f5mblusteta, pehme k\u00e4epidemega, all\u00e4\u00e4res soonik, ees kriips, laiad \u00f5larihmad mugavuse tagamiseks, eemaldatavad padjad<\/p>\n<p>Better Bodies Scrunch Sports Bra spordirinnahoidja on \u00f5mblusteta treeningrinnahoidja, mis pakub kerget mugavust ja stiili. Valmistatud pehmest ja venivast pol\u00fcamiidi segust, selle esiosas on meelitav kriimustusdetail, mis suurendab teie loomulikku kuju. Laiad \u00f5larihmad pakuvad kogu p\u00e4eva mugavust ilma s\u00fcvenemata.<\/p>\n<p>Sooniline \u00e4\u00e4r tagab kindla istuvuse, mis p\u00fcsib paigal, olenemata sellest, kas t\u00f5state, venitate v\u00f5i kannate seda igap\u00e4evase vabaaja esemena. Eemaldatavad padjad v\u00f5imaldavad teil katvust vastavalt oma eelistustele reguleerida.<\/p>\n<p>T\u00e4iuslikult \u00fchendatud Scrunchi l\u00fchikeste p\u00fckste v\u00f5i s\u00e4\u00e4ristega, et saavutada kaunis ja enesekindel j\u00f5usaali v\u00e4limus.<\/p>\n<p>&nbsp;<\/p>\n","protected":false},"excerpt":{"rendered":"<p><strong>Better Bodies Scrunch Sports Bra<\/strong> spordirinnahoidja on \u00f5mblusteta treeningrinnahoidja, mis pakub kerget mugavust ja stiili. Valmistatud pehmest ja venivast pol\u00fcamiidi segust, selle esiosas on meelitav kriimustusdetail, mis suurendab teie loomulikku kuju. Laiad \u00f5larihmad pakuvad kogu p\u00e4eva mugavust ilma s\u00fcvenemata.<\/p>\n","protected":false},"featured_media":88080,"comment_status":"open","ping_status":"closed","template":"","meta":[],"product_brand":[],"product_cat":[547],"product_tag":[2522,5745],"giftcard-category":[],"class_list":{"0":"post-88083","1":"product","2":"type-product","3":"status-publish","4":"has-post-thumbnail","6":"product_cat-fitness-clothing-en","7":"product_tag-better-bodies-en","8":"product_tag-scrunch-sports-bra-en","9":"pa_brand-better-bodies-en","10":"pa_riidetuup-tank-tops","11":"pa_riidetuup-tops","12":"pa_sugu-for-women","13":"pa_suurus-l","14":"pa_suurus-m","15":"pa_suurus-s","16":"pa_suurus-xl","17":"pa_suurus-xs","18":"pa_varvus-black","20":"first","21":"instock","22":"sale","23":"taxable","24":"shipping-taxable","25":"purchasable","26":"product-type-variable"},"yoast_head":"<!-- This site is optimized with the Yoast SEO plugin v27.3 - https:\/\/yoast.com\/product\/yoast-seo-wordpress\/ -->\n<title>Scrunch Sports Bra - Imeline spordirinnahoidja - Parim Hind - Fit360<\/title>\n<meta name=\"description\" content=\"Better Bodies Scrunch Sports Bra spordirinnahoidja on \u00f5mblusteta treeningrinnahoidja, mis pakub kerget mugavust ja stiili. Valmistatud pehmest ja venivast..\" \/>\n<meta name=\"robots\" content=\"index, follow, max-snippet:-1, max-image-preview:large, max-video-preview:-1\" \/>\n<link rel=\"canonical\" href=\"https:\/\/fit360.ee\/en\/pood\/training-equipment-en\/fitness-clothing-en\/scrunch-sports-bra\/\" \/>\n<meta property=\"og:locale\" content=\"en_US\" \/>\n<meta property=\"og:type\" content=\"article\" \/>\n<meta property=\"og:title\" content=\"Scrunch Sports Bra - Imeline spordirinnahoidja - Parim Hind - Fit360\" \/>\n<meta property=\"og:description\" content=\"Better Bodies Scrunch Sports Bra spordirinnahoidja on \u00f5mblusteta treeningrinnahoidja, mis pakub kerget mugavust ja stiili. Valmistatud pehmest ja venivast..\" \/>\n<meta property=\"og:url\" content=\"https:\/\/fit360.ee\/en\/pood\/training-equipment-en\/fitness-clothing-en\/scrunch-sports-bra\/\" \/>\n<meta property=\"og:site_name\" content=\"Fit360\" \/>\n<meta property=\"article:modified_time\" content=\"2026-03-16T16:06:46+00:00\" \/>\n<meta property=\"og:image\" content=\"https:\/\/fit360.ee\/wp-content\/uploads\/2025\/04\/sports-scrunch-bra-fit360.ee_.jpg\" \/>\n\t<meta property=\"og:image:width\" content=\"1000\" \/>\n\t<meta property=\"og:image:height\" content=\"1000\" \/>\n\t<meta property=\"og:image:type\" content=\"image\/jpeg\" \/>\n<meta name=\"twitter:card\" content=\"summary_large_image\" \/>\n<meta name=\"twitter:label1\" content=\"Est. reading time\" \/>\n\t<meta name=\"twitter:data1\" content=\"1 minute\" \/>\n<script type=\"application\/ld+json\" class=\"yoast-schema-graph\">{\"@context\":\"https:\\\/\\\/schema.org\",\"@graph\":[{\"@type\":\"WebPage\",\"@id\":\"https:\\\/\\\/fit360.ee\\\/en\\\/pood\\\/training-equipment-en\\\/fitness-clothing-en\\\/scrunch-sports-bra\\\/\",\"url\":\"https:\\\/\\\/fit360.ee\\\/en\\\/pood\\\/training-equipment-en\\\/fitness-clothing-en\\\/scrunch-sports-bra\\\/\",\"name\":\"Scrunch Sports Bra - Imeline spordirinnahoidja - Parim Hind - Fit360\",\"isPartOf\":{\"@id\":\"https:\\\/\\\/fit360.ee\\\/en\\\/#website\"},\"primaryImageOfPage\":{\"@id\":\"https:\\\/\\\/fit360.ee\\\/en\\\/pood\\\/training-equipment-en\\\/fitness-clothing-en\\\/scrunch-sports-bra\\\/#primaryimage\"},\"image\":{\"@id\":\"https:\\\/\\\/fit360.ee\\\/en\\\/pood\\\/training-equipment-en\\\/fitness-clothing-en\\\/scrunch-sports-bra\\\/#primaryimage\"},\"thumbnailUrl\":\"https:\\\/\\\/fit360.ee\\\/wp-content\\\/uploads\\\/2025\\\/04\\\/sports-scrunch-bra-fit360.ee_.jpg\",\"datePublished\":\"2025-04-21T11:58:16+00:00\",\"dateModified\":\"2026-03-16T16:06:46+00:00\",\"description\":\"Better Bodies Scrunch Sports Bra spordirinnahoidja on \u00f5mblusteta treeningrinnahoidja, mis pakub kerget mugavust ja stiili. Valmistatud pehmest ja venivast..\",\"breadcrumb\":{\"@id\":\"https:\\\/\\\/fit360.ee\\\/en\\\/pood\\\/training-equipment-en\\\/fitness-clothing-en\\\/scrunch-sports-bra\\\/#breadcrumb\"},\"inLanguage\":\"en-US\",\"potentialAction\":[{\"@type\":\"ReadAction\",\"target\":[\"https:\\\/\\\/fit360.ee\\\/en\\\/pood\\\/training-equipment-en\\\/fitness-clothing-en\\\/scrunch-sports-bra\\\/\"]}]},{\"@type\":\"ImageObject\",\"inLanguage\":\"en-US\",\"@id\":\"https:\\\/\\\/fit360.ee\\\/en\\\/pood\\\/training-equipment-en\\\/fitness-clothing-en\\\/scrunch-sports-bra\\\/#primaryimage\",\"url\":\"https:\\\/\\\/fit360.ee\\\/wp-content\\\/uploads\\\/2025\\\/04\\\/sports-scrunch-bra-fit360.ee_.jpg\",\"contentUrl\":\"https:\\\/\\\/fit360.ee\\\/wp-content\\\/uploads\\\/2025\\\/04\\\/sports-scrunch-bra-fit360.ee_.jpg\",\"width\":1000,\"height\":1000,\"caption\":\"sports scrunch bra - fit360.ee\"},{\"@type\":\"BreadcrumbList\",\"@id\":\"https:\\\/\\\/fit360.ee\\\/en\\\/pood\\\/training-equipment-en\\\/fitness-clothing-en\\\/scrunch-sports-bra\\\/#breadcrumb\",\"itemListElement\":[{\"@type\":\"ListItem\",\"position\":1,\"name\":\"Home\",\"item\":\"https:\\\/\\\/fit360.ee\\\/en\\\/\"},{\"@type\":\"ListItem\",\"position\":2,\"name\":\"Shop\",\"item\":\"https:\\\/\\\/fit360.ee\\\/en\\\/shop\\\/\"},{\"@type\":\"ListItem\",\"position\":3,\"name\":\"Scrunch Sports Bra\"}]},{\"@type\":\"WebSite\",\"@id\":\"https:\\\/\\\/fit360.ee\\\/en\\\/#website\",\"url\":\"https:\\\/\\\/fit360.ee\\\/en\\\/\",\"name\":\"Fit360\",\"description\":\"\",\"publisher\":{\"@id\":\"https:\\\/\\\/fit360.ee\\\/en\\\/#organization\"},\"potentialAction\":[{\"@type\":\"SearchAction\",\"target\":{\"@type\":\"EntryPoint\",\"urlTemplate\":\"https:\\\/\\\/fit360.ee\\\/en\\\/?s={search_term_string}\"},\"query-input\":{\"@type\":\"PropertyValueSpecification\",\"valueRequired\":true,\"valueName\":\"search_term_string\"}}],\"inLanguage\":\"en-US\"},{\"@type\":\"Organization\",\"@id\":\"https:\\\/\\\/fit360.ee\\\/en\\\/#organization\",\"name\":\"Fit360\",\"url\":\"https:\\\/\\\/fit360.ee\\\/en\\\/\",\"logo\":{\"@type\":\"ImageObject\",\"inLanguage\":\"en-US\",\"@id\":\"https:\\\/\\\/fit360.ee\\\/en\\\/#\\\/schema\\\/logo\\\/image\\\/\",\"url\":\"https:\\\/\\\/fit360.ee\\\/wp-content\\\/uploads\\\/2017\\\/01\\\/logo-fit360.png\",\"contentUrl\":\"https:\\\/\\\/fit360.ee\\\/wp-content\\\/uploads\\\/2017\\\/01\\\/logo-fit360.png\",\"width\":180,\"height\":66,\"caption\":\"Fit360\"},\"image\":{\"@id\":\"https:\\\/\\\/fit360.ee\\\/en\\\/#\\\/schema\\\/logo\\\/image\\\/\"}}]}<\/script>\n<!-- \/ Yoast SEO plugin. -->","yoast_head_json":{"title":"Scrunch Sports Bra - Imeline spordirinnahoidja - Parim Hind - Fit360","description":"Better Bodies Scrunch Sports Bra spordirinnahoidja on \u00f5mblusteta treeningrinnahoidja, mis pakub kerget mugavust ja stiili. Valmistatud pehmest ja venivast..","robots":{"index":"index","follow":"follow","max-snippet":"max-snippet:-1","max-image-preview":"max-image-preview:large","max-video-preview":"max-video-preview:-1"},"canonical":"https:\/\/fit360.ee\/en\/pood\/training-equipment-en\/fitness-clothing-en\/scrunch-sports-bra\/","og_locale":"en_US","og_type":"article","og_title":"Scrunch Sports Bra - Imeline spordirinnahoidja - Parim Hind - Fit360","og_description":"Better Bodies Scrunch Sports Bra spordirinnahoidja on \u00f5mblusteta treeningrinnahoidja, mis pakub kerget mugavust ja stiili. Valmistatud pehmest ja venivast..","og_url":"https:\/\/fit360.ee\/en\/pood\/training-equipment-en\/fitness-clothing-en\/scrunch-sports-bra\/","og_site_name":"Fit360","article_modified_time":"2026-03-16T16:06:46+00:00","og_image":[{"width":1000,"height":1000,"url":"https:\/\/fit360.ee\/wp-content\/uploads\/2025\/04\/sports-scrunch-bra-fit360.ee_.jpg","type":"image\/jpeg"}],"twitter_card":"summary_large_image","twitter_misc":{"Est. reading time":"1 minute"},"schema":{"@context":"https:\/\/schema.org","@graph":[{"@type":"WebPage","@id":"https:\/\/fit360.ee\/en\/pood\/training-equipment-en\/fitness-clothing-en\/scrunch-sports-bra\/","url":"https:\/\/fit360.ee\/en\/pood\/training-equipment-en\/fitness-clothing-en\/scrunch-sports-bra\/","name":"Scrunch Sports Bra - Imeline spordirinnahoidja - Parim Hind - Fit360","isPartOf":{"@id":"https:\/\/fit360.ee\/en\/#website"},"primaryImageOfPage":{"@id":"https:\/\/fit360.ee\/en\/pood\/training-equipment-en\/fitness-clothing-en\/scrunch-sports-bra\/#primaryimage"},"image":{"@id":"https:\/\/fit360.ee\/en\/pood\/training-equipment-en\/fitness-clothing-en\/scrunch-sports-bra\/#primaryimage"},"thumbnailUrl":"https:\/\/fit360.ee\/wp-content\/uploads\/2025\/04\/sports-scrunch-bra-fit360.ee_.jpg","datePublished":"2025-04-21T11:58:16+00:00","dateModified":"2026-03-16T16:06:46+00:00","description":"Better Bodies Scrunch Sports Bra spordirinnahoidja on \u00f5mblusteta treeningrinnahoidja, mis pakub kerget mugavust ja stiili. Valmistatud pehmest ja venivast..","breadcrumb":{"@id":"https:\/\/fit360.ee\/en\/pood\/training-equipment-en\/fitness-clothing-en\/scrunch-sports-bra\/#breadcrumb"},"inLanguage":"en-US","potentialAction":[{"@type":"ReadAction","target":["https:\/\/fit360.ee\/en\/pood\/training-equipment-en\/fitness-clothing-en\/scrunch-sports-bra\/"]}]},{"@type":"ImageObject","inLanguage":"en-US","@id":"https:\/\/fit360.ee\/en\/pood\/training-equipment-en\/fitness-clothing-en\/scrunch-sports-bra\/#primaryimage","url":"https:\/\/fit360.ee\/wp-content\/uploads\/2025\/04\/sports-scrunch-bra-fit360.ee_.jpg","contentUrl":"https:\/\/fit360.ee\/wp-content\/uploads\/2025\/04\/sports-scrunch-bra-fit360.ee_.jpg","width":1000,"height":1000,"caption":"sports scrunch bra - fit360.ee"},{"@type":"BreadcrumbList","@id":"https:\/\/fit360.ee\/en\/pood\/training-equipment-en\/fitness-clothing-en\/scrunch-sports-bra\/#breadcrumb","itemListElement":[{"@type":"ListItem","position":1,"name":"Home","item":"https:\/\/fit360.ee\/en\/"},{"@type":"ListItem","position":2,"name":"Shop","item":"https:\/\/fit360.ee\/en\/shop\/"},{"@type":"ListItem","position":3,"name":"Scrunch Sports Bra"}]},{"@type":"WebSite","@id":"https:\/\/fit360.ee\/en\/#website","url":"https:\/\/fit360.ee\/en\/","name":"Fit360","description":"","publisher":{"@id":"https:\/\/fit360.ee\/en\/#organization"},"potentialAction":[{"@type":"SearchAction","target":{"@type":"EntryPoint","urlTemplate":"https:\/\/fit360.ee\/en\/?s={search_term_string}"},"query-input":{"@type":"PropertyValueSpecification","valueRequired":true,"valueName":"search_term_string"}}],"inLanguage":"en-US"},{"@type":"Organization","@id":"https:\/\/fit360.ee\/en\/#organization","name":"Fit360","url":"https:\/\/fit360.ee\/en\/","logo":{"@type":"ImageObject","inLanguage":"en-US","@id":"https:\/\/fit360.ee\/en\/#\/schema\/logo\/image\/","url":"https:\/\/fit360.ee\/wp-content\/uploads\/2017\/01\/logo-fit360.png","contentUrl":"https:\/\/fit360.ee\/wp-content\/uploads\/2017\/01\/logo-fit360.png","width":180,"height":66,"caption":"Fit360"},"image":{"@id":"https:\/\/fit360.ee\/en\/#\/schema\/logo\/image\/"}}]}},"_links":{"self":[{"href":"https:\/\/fit360.ee\/en\/wp-json\/wp\/v2\/product\/88083","targetHints":{"allow":["GET"]}}],"collection":[{"href":"https:\/\/fit360.ee\/en\/wp-json\/wp\/v2\/product"}],"about":[{"href":"https:\/\/fit360.ee\/en\/wp-json\/wp\/v2\/types\/product"}],"replies":[{"embeddable":true,"href":"https:\/\/fit360.ee\/en\/wp-json\/wp\/v2\/comments?post=88083"}],"wp:featuredmedia":[{"embeddable":true,"href":"https:\/\/fit360.ee\/en\/wp-json\/wp\/v2\/media\/88080"}],"wp:attachment":[{"href":"https:\/\/fit360.ee\/en\/wp-json\/wp\/v2\/media?parent=88083"}],"wp:term":[{"taxonomy":"product_brand","embeddable":true,"href":"https:\/\/fit360.ee\/en\/wp-json\/wp\/v2\/product_brand?post=88083"},{"taxonomy":"product_cat","embeddable":true,"href":"https:\/\/fit360.ee\/en\/wp-json\/wp\/v2\/product_cat?post=88083"},{"taxonomy":"product_tag","embeddable":true,"href":"https:\/\/fit360.ee\/en\/wp-json\/wp\/v2\/product_tag?post=88083"},{"taxonomy":"giftcard-category","embeddable":true,"href":"https:\/\/fit360.ee\/en\/wp-json\/wp\/v2\/giftcard-category?post=88083"}],"curies":[{"name":"wp","href":"https:\/\/api.w.org\/{rel}","templated":true}]}}