{"id":88095,"date":"2025-04-21T14:43:25","date_gmt":"2025-04-21T12:43:25","guid":{"rendered":"https:\/\/fit360.ee\/pood\/uncategorized\/gasp-essential-t-back\/"},"modified":"2026-04-11T11:57:30","modified_gmt":"2026-04-11T09:57:30","slug":"gasp-essential-t-back","status":"publish","type":"product","link":"https:\/\/fit360.ee\/en\/pood\/training-equipment-en\/fitness-clothing-en\/gasp-essential-t-back\/","title":{"rendered":"Gasp Essential T-Back"},"content":{"rendered":"<h2><strong>Gasp Essential T-back<\/strong><\/h2>\n<p><strong>Sobivus:<\/strong>\u00a0Tavaline<br \/>\n<strong>Materjal:<\/strong>\u00a060% puuvill 40% pol\u00fcester<br \/>\n<strong>Omadused:<\/strong>\u00a0Mugav puuvillase\/pol\u00fcester, \u00fcmar p\u00f5hi, T-Back l\u00f5ige, tr\u00fckk rinnal ja kaelal<\/p>\n<p>GASP Essential T-Back on klassikaline j\u00f5usaali maika, mis on m\u00f5eldud t\u00f5siseks treeninguks ja igap\u00e4evaseks mugavuseks. Traditsioonilise T-seljal\u00f5ike ja korrap\u00e4rase istuvusega v\u00f5imaldab see t\u00e4ielikku liikumisulatust ja t\u00f5stab teie kehaehitust esile, olenemata sellest, kas t\u00f5state raskust v\u00f5i naudite puhkep\u00e4eva.<\/p>\n<p>See pehmest ja vastupidavast puuvilla-pol\u00fcestri segust valmistatud treeningmaika pakub intensiivsete treeningute ajal kauakestvat mugavust.<\/p>\n<p>&nbsp;<\/p>\n<p>&nbsp;<\/p>\n","protected":false},"excerpt":{"rendered":"<p>GASP Essential T-Back on klassikaline j\u00f5usaali maika, mis on m\u00f5eldud t\u00f5siseks treeninguks ja igap\u00e4evaseks mugavuseks. Traditsioonilise T-seljal\u00f5ike ja korrap\u00e4rase istuvusega v\u00f5imaldab see t\u00e4ielikku liikumisulatust ja t\u00f5stab teie kehaehitust esile, olenemata sellest, kas t\u00f5state raskust v\u00f5i naudite puhkep\u00e4eva.<\/p>\n","protected":false},"featured_media":88092,"comment_status":"open","ping_status":"closed","template":"","meta":[],"product_brand":[],"product_cat":[547],"product_tag":[5748,2515,5749],"giftcard-category":[],"class_list":{"0":"post-88095","1":"product","2":"type-product","3":"status-publish","4":"has-post-thumbnail","6":"product_cat-fitness-clothing-en","7":"product_tag-essential-t-back-en","8":"product_tag-gasp-en","9":"product_tag-gasp-essential-t-back-en","10":"pa_brand-gasp-en","11":"pa_riidetuup-tank-tops","12":"pa_sugu-for-men","13":"pa_suurus-l","14":"pa_suurus-m","15":"pa_suurus-s","16":"pa_suurus-xl","17":"pa_suurus-xxl","18":"pa_varvus-black","19":"pa_varvus-black-white-en","20":"pa_varvus-dark-camo-en","21":"pa_varvus-white","23":"first","24":"instock","25":"sale","26":"taxable","27":"shipping-taxable","28":"purchasable","29":"product-type-variable"},"yoast_head":"<!-- This site is optimized with the Yoast SEO plugin v27.3 - https:\/\/yoast.com\/product\/yoast-seo-wordpress\/ -->\n<title>Gasp Essential T-Back - Kvaliteetne ja mugav maika - Parim Hind - Fit360<\/title>\n<meta name=\"description\" content=\"GASP Essential T-Back on klassikaline j\u00f5usaali maika, mis on m\u00f5eldud t\u00f5siseks treeninguks ja igap\u00e4evaseks mugavuseks. Traditsioonilise T-se...\" \/>\n<meta name=\"robots\" content=\"index, follow, max-snippet:-1, max-image-preview:large, max-video-preview:-1\" \/>\n<link rel=\"canonical\" href=\"https:\/\/fit360.ee\/en\/pood\/training-equipment-en\/fitness-clothing-en\/gasp-essential-t-back\/\" \/>\n<meta property=\"og:locale\" content=\"en_US\" \/>\n<meta property=\"og:type\" content=\"article\" \/>\n<meta property=\"og:title\" content=\"Gasp Essential T-Back - Kvaliteetne ja mugav maika - Parim Hind - Fit360\" \/>\n<meta property=\"og:description\" content=\"GASP Essential T-Back on klassikaline j\u00f5usaali maika, mis on m\u00f5eldud t\u00f5siseks treeninguks ja igap\u00e4evaseks mugavuseks. Traditsioonilise T-se...\" \/>\n<meta property=\"og:url\" content=\"https:\/\/fit360.ee\/en\/pood\/training-equipment-en\/fitness-clothing-en\/gasp-essential-t-back\/\" \/>\n<meta property=\"og:site_name\" content=\"Fit360\" \/>\n<meta property=\"article:modified_time\" content=\"2026-04-11T09:57:30+00:00\" \/>\n<meta property=\"og:image\" content=\"https:\/\/fit360.ee\/wp-content\/uploads\/2025\/04\/gasp-essential-t-back-fit360.ee_.jpg\" \/>\n\t<meta property=\"og:image:width\" content=\"1000\" \/>\n\t<meta property=\"og:image:height\" content=\"1000\" \/>\n\t<meta property=\"og:image:type\" content=\"image\/jpeg\" \/>\n<meta name=\"twitter:card\" content=\"summary_large_image\" \/>\n<meta name=\"twitter:label1\" content=\"Est. reading time\" \/>\n\t<meta name=\"twitter:data1\" content=\"1 minute\" \/>\n<script type=\"application\/ld+json\" class=\"yoast-schema-graph\">{\"@context\":\"https:\\\/\\\/schema.org\",\"@graph\":[{\"@type\":\"WebPage\",\"@id\":\"https:\\\/\\\/fit360.ee\\\/en\\\/pood\\\/training-equipment-en\\\/fitness-clothing-en\\\/gasp-essential-t-back\\\/\",\"url\":\"https:\\\/\\\/fit360.ee\\\/en\\\/pood\\\/training-equipment-en\\\/fitness-clothing-en\\\/gasp-essential-t-back\\\/\",\"name\":\"Gasp Essential T-Back - Kvaliteetne ja mugav maika - Parim Hind - Fit360\",\"isPartOf\":{\"@id\":\"https:\\\/\\\/fit360.ee\\\/en\\\/#website\"},\"primaryImageOfPage\":{\"@id\":\"https:\\\/\\\/fit360.ee\\\/en\\\/pood\\\/training-equipment-en\\\/fitness-clothing-en\\\/gasp-essential-t-back\\\/#primaryimage\"},\"image\":{\"@id\":\"https:\\\/\\\/fit360.ee\\\/en\\\/pood\\\/training-equipment-en\\\/fitness-clothing-en\\\/gasp-essential-t-back\\\/#primaryimage\"},\"thumbnailUrl\":\"https:\\\/\\\/fit360.ee\\\/wp-content\\\/uploads\\\/2025\\\/04\\\/gasp-essential-t-back-fit360.ee_.jpg\",\"datePublished\":\"2025-04-21T12:43:25+00:00\",\"dateModified\":\"2026-04-11T09:57:30+00:00\",\"description\":\"GASP Essential T-Back on klassikaline j\u00f5usaali maika, mis on m\u00f5eldud t\u00f5siseks treeninguks ja igap\u00e4evaseks mugavuseks. Traditsioonilise T-se...\",\"breadcrumb\":{\"@id\":\"https:\\\/\\\/fit360.ee\\\/en\\\/pood\\\/training-equipment-en\\\/fitness-clothing-en\\\/gasp-essential-t-back\\\/#breadcrumb\"},\"inLanguage\":\"en-US\",\"potentialAction\":[{\"@type\":\"ReadAction\",\"target\":[\"https:\\\/\\\/fit360.ee\\\/en\\\/pood\\\/training-equipment-en\\\/fitness-clothing-en\\\/gasp-essential-t-back\\\/\"]}]},{\"@type\":\"ImageObject\",\"inLanguage\":\"en-US\",\"@id\":\"https:\\\/\\\/fit360.ee\\\/en\\\/pood\\\/training-equipment-en\\\/fitness-clothing-en\\\/gasp-essential-t-back\\\/#primaryimage\",\"url\":\"https:\\\/\\\/fit360.ee\\\/wp-content\\\/uploads\\\/2025\\\/04\\\/gasp-essential-t-back-fit360.ee_.jpg\",\"contentUrl\":\"https:\\\/\\\/fit360.ee\\\/wp-content\\\/uploads\\\/2025\\\/04\\\/gasp-essential-t-back-fit360.ee_.jpg\",\"width\":1000,\"height\":1000,\"caption\":\"gasp essential t-back - fit360.ee\"},{\"@type\":\"BreadcrumbList\",\"@id\":\"https:\\\/\\\/fit360.ee\\\/en\\\/pood\\\/training-equipment-en\\\/fitness-clothing-en\\\/gasp-essential-t-back\\\/#breadcrumb\",\"itemListElement\":[{\"@type\":\"ListItem\",\"position\":1,\"name\":\"Home\",\"item\":\"https:\\\/\\\/fit360.ee\\\/en\\\/\"},{\"@type\":\"ListItem\",\"position\":2,\"name\":\"Shop\",\"item\":\"https:\\\/\\\/fit360.ee\\\/en\\\/shop\\\/\"},{\"@type\":\"ListItem\",\"position\":3,\"name\":\"Gasp Essential T-Back\"}]},{\"@type\":\"WebSite\",\"@id\":\"https:\\\/\\\/fit360.ee\\\/en\\\/#website\",\"url\":\"https:\\\/\\\/fit360.ee\\\/en\\\/\",\"name\":\"Fit360\",\"description\":\"\",\"publisher\":{\"@id\":\"https:\\\/\\\/fit360.ee\\\/en\\\/#organization\"},\"potentialAction\":[{\"@type\":\"SearchAction\",\"target\":{\"@type\":\"EntryPoint\",\"urlTemplate\":\"https:\\\/\\\/fit360.ee\\\/en\\\/?s={search_term_string}\"},\"query-input\":{\"@type\":\"PropertyValueSpecification\",\"valueRequired\":true,\"valueName\":\"search_term_string\"}}],\"inLanguage\":\"en-US\"},{\"@type\":\"Organization\",\"@id\":\"https:\\\/\\\/fit360.ee\\\/en\\\/#organization\",\"name\":\"Fit360\",\"url\":\"https:\\\/\\\/fit360.ee\\\/en\\\/\",\"logo\":{\"@type\":\"ImageObject\",\"inLanguage\":\"en-US\",\"@id\":\"https:\\\/\\\/fit360.ee\\\/en\\\/#\\\/schema\\\/logo\\\/image\\\/\",\"url\":\"https:\\\/\\\/fit360.ee\\\/wp-content\\\/uploads\\\/2017\\\/01\\\/logo-fit360.png\",\"contentUrl\":\"https:\\\/\\\/fit360.ee\\\/wp-content\\\/uploads\\\/2017\\\/01\\\/logo-fit360.png\",\"width\":180,\"height\":66,\"caption\":\"Fit360\"},\"image\":{\"@id\":\"https:\\\/\\\/fit360.ee\\\/en\\\/#\\\/schema\\\/logo\\\/image\\\/\"}}]}<\/script>\n<!-- \/ Yoast SEO plugin. -->","yoast_head_json":{"title":"Gasp Essential T-Back - Kvaliteetne ja mugav maika - Parim Hind - Fit360","description":"GASP Essential T-Back on klassikaline j\u00f5usaali maika, mis on m\u00f5eldud t\u00f5siseks treeninguks ja igap\u00e4evaseks mugavuseks. Traditsioonilise T-se...","robots":{"index":"index","follow":"follow","max-snippet":"max-snippet:-1","max-image-preview":"max-image-preview:large","max-video-preview":"max-video-preview:-1"},"canonical":"https:\/\/fit360.ee\/en\/pood\/training-equipment-en\/fitness-clothing-en\/gasp-essential-t-back\/","og_locale":"en_US","og_type":"article","og_title":"Gasp Essential T-Back - Kvaliteetne ja mugav maika - Parim Hind - Fit360","og_description":"GASP Essential T-Back on klassikaline j\u00f5usaali maika, mis on m\u00f5eldud t\u00f5siseks treeninguks ja igap\u00e4evaseks mugavuseks. Traditsioonilise T-se...","og_url":"https:\/\/fit360.ee\/en\/pood\/training-equipment-en\/fitness-clothing-en\/gasp-essential-t-back\/","og_site_name":"Fit360","article_modified_time":"2026-04-11T09:57:30+00:00","og_image":[{"width":1000,"height":1000,"url":"https:\/\/fit360.ee\/wp-content\/uploads\/2025\/04\/gasp-essential-t-back-fit360.ee_.jpg","type":"image\/jpeg"}],"twitter_card":"summary_large_image","twitter_misc":{"Est. reading time":"1 minute"},"schema":{"@context":"https:\/\/schema.org","@graph":[{"@type":"WebPage","@id":"https:\/\/fit360.ee\/en\/pood\/training-equipment-en\/fitness-clothing-en\/gasp-essential-t-back\/","url":"https:\/\/fit360.ee\/en\/pood\/training-equipment-en\/fitness-clothing-en\/gasp-essential-t-back\/","name":"Gasp Essential T-Back - Kvaliteetne ja mugav maika - Parim Hind - Fit360","isPartOf":{"@id":"https:\/\/fit360.ee\/en\/#website"},"primaryImageOfPage":{"@id":"https:\/\/fit360.ee\/en\/pood\/training-equipment-en\/fitness-clothing-en\/gasp-essential-t-back\/#primaryimage"},"image":{"@id":"https:\/\/fit360.ee\/en\/pood\/training-equipment-en\/fitness-clothing-en\/gasp-essential-t-back\/#primaryimage"},"thumbnailUrl":"https:\/\/fit360.ee\/wp-content\/uploads\/2025\/04\/gasp-essential-t-back-fit360.ee_.jpg","datePublished":"2025-04-21T12:43:25+00:00","dateModified":"2026-04-11T09:57:30+00:00","description":"GASP Essential T-Back on klassikaline j\u00f5usaali maika, mis on m\u00f5eldud t\u00f5siseks treeninguks ja igap\u00e4evaseks mugavuseks. Traditsioonilise T-se...","breadcrumb":{"@id":"https:\/\/fit360.ee\/en\/pood\/training-equipment-en\/fitness-clothing-en\/gasp-essential-t-back\/#breadcrumb"},"inLanguage":"en-US","potentialAction":[{"@type":"ReadAction","target":["https:\/\/fit360.ee\/en\/pood\/training-equipment-en\/fitness-clothing-en\/gasp-essential-t-back\/"]}]},{"@type":"ImageObject","inLanguage":"en-US","@id":"https:\/\/fit360.ee\/en\/pood\/training-equipment-en\/fitness-clothing-en\/gasp-essential-t-back\/#primaryimage","url":"https:\/\/fit360.ee\/wp-content\/uploads\/2025\/04\/gasp-essential-t-back-fit360.ee_.jpg","contentUrl":"https:\/\/fit360.ee\/wp-content\/uploads\/2025\/04\/gasp-essential-t-back-fit360.ee_.jpg","width":1000,"height":1000,"caption":"gasp essential t-back - fit360.ee"},{"@type":"BreadcrumbList","@id":"https:\/\/fit360.ee\/en\/pood\/training-equipment-en\/fitness-clothing-en\/gasp-essential-t-back\/#breadcrumb","itemListElement":[{"@type":"ListItem","position":1,"name":"Home","item":"https:\/\/fit360.ee\/en\/"},{"@type":"ListItem","position":2,"name":"Shop","item":"https:\/\/fit360.ee\/en\/shop\/"},{"@type":"ListItem","position":3,"name":"Gasp Essential T-Back"}]},{"@type":"WebSite","@id":"https:\/\/fit360.ee\/en\/#website","url":"https:\/\/fit360.ee\/en\/","name":"Fit360","description":"","publisher":{"@id":"https:\/\/fit360.ee\/en\/#organization"},"potentialAction":[{"@type":"SearchAction","target":{"@type":"EntryPoint","urlTemplate":"https:\/\/fit360.ee\/en\/?s={search_term_string}"},"query-input":{"@type":"PropertyValueSpecification","valueRequired":true,"valueName":"search_term_string"}}],"inLanguage":"en-US"},{"@type":"Organization","@id":"https:\/\/fit360.ee\/en\/#organization","name":"Fit360","url":"https:\/\/fit360.ee\/en\/","logo":{"@type":"ImageObject","inLanguage":"en-US","@id":"https:\/\/fit360.ee\/en\/#\/schema\/logo\/image\/","url":"https:\/\/fit360.ee\/wp-content\/uploads\/2017\/01\/logo-fit360.png","contentUrl":"https:\/\/fit360.ee\/wp-content\/uploads\/2017\/01\/logo-fit360.png","width":180,"height":66,"caption":"Fit360"},"image":{"@id":"https:\/\/fit360.ee\/en\/#\/schema\/logo\/image\/"}}]}},"_links":{"self":[{"href":"https:\/\/fit360.ee\/en\/wp-json\/wp\/v2\/product\/88095","targetHints":{"allow":["GET"]}}],"collection":[{"href":"https:\/\/fit360.ee\/en\/wp-json\/wp\/v2\/product"}],"about":[{"href":"https:\/\/fit360.ee\/en\/wp-json\/wp\/v2\/types\/product"}],"replies":[{"embeddable":true,"href":"https:\/\/fit360.ee\/en\/wp-json\/wp\/v2\/comments?post=88095"}],"wp:featuredmedia":[{"embeddable":true,"href":"https:\/\/fit360.ee\/en\/wp-json\/wp\/v2\/media\/88092"}],"wp:attachment":[{"href":"https:\/\/fit360.ee\/en\/wp-json\/wp\/v2\/media?parent=88095"}],"wp:term":[{"taxonomy":"product_brand","embeddable":true,"href":"https:\/\/fit360.ee\/en\/wp-json\/wp\/v2\/product_brand?post=88095"},{"taxonomy":"product_cat","embeddable":true,"href":"https:\/\/fit360.ee\/en\/wp-json\/wp\/v2\/product_cat?post=88095"},{"taxonomy":"product_tag","embeddable":true,"href":"https:\/\/fit360.ee\/en\/wp-json\/wp\/v2\/product_tag?post=88095"},{"taxonomy":"giftcard-category","embeddable":true,"href":"https:\/\/fit360.ee\/en\/wp-json\/wp\/v2\/giftcard-category?post=88095"}],"curies":[{"name":"wp","href":"https:\/\/api.w.org\/{rel}","templated":true}]}}