{"id":88179,"date":"2025-04-26T07:13:12","date_gmt":"2025-04-26T05:13:12","guid":{"rendered":"https:\/\/fit360.ee\/pood\/uncategorized\/nano-protein-cookies-128g\/"},"modified":"2026-03-05T16:05:37","modified_gmt":"2026-03-05T14:05:37","slug":"nano-protein-cookies-128g","status":"publish","type":"product","link":"https:\/\/fit360.ee\/en\/pood\/product-groups\/protein-bars-and-snacks\/nano-protein-cookies-128g\/","title":{"rendered":"Nano Protein Cookies (128g) Parim enne 01-02\/2026"},"content":{"rendered":"<h2><strong>Nano Protein Cookies<\/strong><\/h2>\n<p>Nano Protein Cookies tuleb kahes imelies maitses. \u0160okolaadiga kaetud kr\u00f5mpsuvad k\u00fcpsised on t\u00e4idetud karamelli ja maap\u00e4hklitega, et luua madala suhkrusisaldusega k\u00fcpsis, millesse v\u00f5ite t\u00f5esti kinni j\u00e4\u00e4da. Ungaris Nano Suppsi toodetud need v\u00f5imaldavad teil end ikka veel nautida ilma oma dieeti v\u00f5i igap\u00e4evaseid makroeesm\u00e4rke muutmata.<\/p>\n<p>Igas pakis on kaheksa eepilise maitsega k\u00fcpsist, millest iga\u00fches on alla \u00fche grammi suhkrut \u2013 p\u00e4ris uskumatu, kui arvestada, et see on \u0161okolaadi ja karamelli kihiline!<\/p>\n<p>Naudi kr\u00f5mpsuvat ja suussulavat Nano Protein k\u00fcpsist, mis \u00fchendab suurep\u00e4rase maitse ja kvaliteetse sisu. T\u00e4iuslik vahepala kiireks energiaks \u2013 ideaalne trenni eel v\u00f5i j\u00e4rel, t\u00f6\u00f6le kaasa v\u00f5i lihtsalt magusaisu rahuldamiseks. Madala suhkru- ja k\u00f5rge valgusisaldusega!<\/p>\n<p class=\"\" data-start=\"139\" data-end=\"598\">Nano Protein Cookies on ideaalne valik k\u00f5igile, kes soovivad nautida magusat ampsu ilma s\u00fc\u00fcmepiinadeta. Need valguk\u00fcpsised pakuvad suurep\u00e4rast maitset koos tasakaalustatud toitev\u00e4\u00e4rtusega. Iga k\u00fcpsis sisaldab ka 8%-9% valku, mis toetab lihaste taastumist ja aitab s\u00e4ilitada t\u00e4isk\u00f5hutunnet pikemaks ajaks. Samal ajal on k\u00fcpsised madala suhkrusisaldusega, mist\u00f5ttu sobivad need suurep\u00e4raselt nii sportlastele kui ka terviseteadlikele maiustajatele.<\/p>\n<p class=\"\" data-start=\"600\" data-end=\"870\">Nano Protein k\u00fcpsised on praktilised ja maitsvad \u2013 need sobivad ideaalselt kiireks vahepalaks t\u00f6\u00f6l, koolis, trennis v\u00f5i reisil. \u00dcksk\u00f5ik, kas vajad energiat enne treeningut, taastumist p\u00e4rast pingutust v\u00f5i lihtsalt maitsvat ampsu \u2013 Nano Protein k\u00fcpsis on alati hea valik.<\/p>\n<p class=\"\" data-start=\"872\" data-end=\"1042\">Lisaks on need k\u00fcpsised saadaval kahes erinevates maitsetes, et iga\u00fcks leiaks oma lemmiku. Tervislik toitumine ei pea olema igav \u2013 vali Nano ja tee igast ampsust teadlik valik!<\/p>\n<p><strong>Koostisosad Karamell P\u00e4hkli<\/strong>:<\/p>\n<p><b>piima\u0161okolaad<\/b>\u00a035% [magusaine: maltitoolid; t\u00e4ispiimapulber\u00a0, kakaov\u00f5i, kakaopasta,\u00a0<b>vadakupulber<\/b>\u00a0(\u00a0<b>piimast ),\u00a0<\/b><b>emulgaator<\/b>\u00a0: letsitiinid], karamell 31% [magusained: maltitoolisiirup, maltitoolid; kookos\u00f5li,\u00a0<b>vadakupulber<\/b>\u00a0(\u00a0<b>piimast<\/b>\u00a0), rasvatustatud\u00a0<b>piimapulber<\/b>\u00a0, sool, l\u00f5hna- ja maitseained],\u00a0<b>maap\u00e4hklid<\/b>\u00a013%,\u00a0<b>nisujahu<\/b>\u00a0, magusaine: maltitoolid; taime\u00f5lid (kookos-, rapsiseemned), kergitusaine: naatriumkarbonaadid; maitseaine, sool.\u00a0V\u00f5ib sisaldada:\u00a0<b>p\u00e4hkleid, seesamiseemneid, mune, soja<\/b>\u00a0ja\u00a0<b>derivaate<\/b>\u00a0. Sisaldab magusainet: maltitool; liigne tarbimine v\u00f5ib avaldada lahtistavat toimet. Hoida jahedas ja kuivas kohas.<\/p>\n<p><strong>Koostisosad Kookos-Karamell<\/strong>:<\/p>\n<p><b>piimakate<\/b>\u00a035% [magusaine: maltitoolid; rapsi\u00f5li, t\u00e4ispiimapulber\u00a0<b>,<\/b>\u00a0t\u00fchjendatud\u00a0<b>piimapulber<\/b>\u00a0, emulgaator: letsitiinid; l\u00f5hna- ja maitseaine], karamell 31% [magusained: maltitoolisiirup, maltitoolid; kookos\u00f5li,\u00a0<b>vadakupulber<\/b>\u00a0(\u00a0<b>piimast<\/b>\u00a0), rasvatustatud\u00a0<b>piimapulber<\/b>\u00a0, sool, l\u00f5hna- ja maitseained],\u00a0<b>nisujahu<\/b>\u00a0,\u00a0<b>maap\u00e4hklid<\/b>\u00a012%, taime\u00f5lid (kookos-, rapsiseemned), magusaine: maltitoolid; kookosp\u00e4hkli riivid 2%, kergitusaine: naatriumkarbonaadid; maitseaine, sool.<br \/>\nV\u00f5ib sisaldada:\u00a0<b>p\u00e4hkleid, seesamiseemneid, mune, soja<\/b>\u00a0ja\u00a0<b>derivaate<\/b>\u00a0. Sisaldab magusainet: maltitool; liigne tarbimine v\u00f5ib avaldada lahtistavat toimet. Hoida jahedas ja kuivas kohas.<\/p>\n<p><strong>Suurus<\/strong>: 128g &#8211; 8x16g<\/p>\n<table id=\"table2\">\n<tbody>\n<tr>\n<td>Toitumisv\u00e4\u00e4rtuste anal\u00fc\u00fcs<\/td>\n<td>100g<\/td>\n<td>SPK %<\/td>\n<\/tr>\n<tr>\n<td>Energia<\/td>\n<td>2010 KJ \/ 484 KCAL<\/td>\n<td>4%<\/td>\n<\/tr>\n<tr>\n<td><strong>Rasvad<\/strong><\/td>\n<td>31 g<\/td>\n<td>7%<\/td>\n<\/tr>\n<tr>\n<td><em>millest<\/em> k\u00fcllastunud rasvhapped<\/td>\n<td>17 g<\/td>\n<td>14%<\/td>\n<\/tr>\n<tr>\n<td>Transrasvad<\/td>\n<td>0 g<\/td>\n<td>0%<\/td>\n<\/tr>\n<tr>\n<td>S\u00fcsivesikud<\/td>\n<td>52 g<\/td>\n<td>3%<\/td>\n<\/tr>\n<tr>\n<td><em>millest<\/em> suhkur<\/td>\n<td>4,6 g<\/td>\n<td>1%<\/td>\n<\/tr>\n<tr>\n<td><em>millest<\/em> pol\u00fcoolid<\/td>\n<td>27 g<\/td>\n<td>&#8211;<\/td>\n<\/tr>\n<tr>\n<td>Valgud<\/td>\n<td>9,1 g<\/td>\n<td>3%<\/td>\n<\/tr>\n<tr>\n<td>Sool<\/td>\n<td>0,4 g<\/td>\n<td>1%<\/td>\n<\/tr>\n<\/tbody>\n<\/table>\n<p>*SPK &#8211; Soovitatud p\u00e4evane kogus.<\/p>\n<p>Vaata ka meie Teisi Proteiinibatoone v\u00f5i vahepalasid ja Sn\u00e4kke <a href=\"https:\/\/fit360.ee\/en\/product-category\/product-groups\/protein-bars-and-snacks\/\"><strong>SIIT<\/strong><\/a>!<\/p>\n","protected":false},"excerpt":{"rendered":"<p>Igas pakis on kaheksa eepilise maitsega k\u00fcpsist, millest iga\u00fches on alla \u00fche grammi suhkrut \u2013 p\u00e4ris uskumatu, kui arvestada, et see on \u0161okolaadi ja karamelli kihiline!<\/p>\n","protected":false},"featured_media":88176,"comment_status":"open","ping_status":"closed","template":"","meta":[],"product_brand":[],"product_cat":[3030,3195,5059,534],"product_tag":[5088,5754,5067,5755],"giftcard-category":[],"class_list":{"0":"post-88179","1":"product","2":"type-product","3":"status-publish","4":"has-post-thumbnail","6":"product_cat-best-before-en","7":"product_cat-last-in-stock-en","8":"product_cat-nano-supps-en","9":"product_cat-protein-bars-and-snacks","10":"product_tag-nano-en","11":"product_tag-nano-protein-cookies-en","12":"product_tag-nano-supps-en","13":"product_tag-proteiinikupsis-en","14":"pa_kogus-200g-en","15":"pa_maitse-coconut-caramel-peanut-en","16":"pa_maitse-karamell-pahkli-parim-enne-11-2025","17":"pa_maitse-peanut-butter-jelly-en","18":"pa_toidulisand-branddd-nano-supps","19":"pa_tootegruppp-snacks","21":"first","22":"instock","23":"sale","24":"taxable","25":"shipping-taxable","26":"purchasable","27":"product-type-variable"},"yoast_head":"<!-- This site is optimized with the Yoast SEO plugin v27.3 - https:\/\/yoast.com\/product\/yoast-seo-wordpress\/ -->\n<title>Nano Protein Cookies (128g) Parim enne 01-02\/2026 - Madal suhkrusisaldus - Parim Hind - Fit360<\/title>\n<meta name=\"description\" content=\"Nano Protein Cookies tuleb kahes imelies maitses. \u0160okolaadiga kaetud kr\u00f5mpsuvad k\u00fcpsised on t\u00e4idetud karamelli ja maap\u00e4hklitega, et luua madala suhkr...\" \/>\n<meta name=\"robots\" content=\"index, follow, max-snippet:-1, max-image-preview:large, max-video-preview:-1\" \/>\n<link rel=\"canonical\" href=\"https:\/\/fit360.ee\/en\/pood\/product-groups\/protein-bars-and-snacks\/nano-protein-cookies-128g\/\" \/>\n<meta property=\"og:locale\" content=\"en_US\" \/>\n<meta property=\"og:type\" content=\"article\" \/>\n<meta property=\"og:title\" content=\"Nano Protein Cookies (128g) Parim enne 01-02\/2026 - Madal suhkrusisaldus - Parim Hind - Fit360\" \/>\n<meta property=\"og:description\" content=\"Nano Protein Cookies tuleb kahes imelies maitses. \u0160okolaadiga kaetud kr\u00f5mpsuvad k\u00fcpsised on t\u00e4idetud karamelli ja maap\u00e4hklitega, et luua madala suhkr...\" \/>\n<meta property=\"og:url\" content=\"https:\/\/fit360.ee\/en\/pood\/product-groups\/protein-bars-and-snacks\/nano-protein-cookies-128g\/\" \/>\n<meta property=\"og:site_name\" content=\"Fit360\" \/>\n<meta property=\"article:modified_time\" content=\"2026-03-05T14:05:37+00:00\" \/>\n<meta property=\"og:image\" content=\"https:\/\/fit360.ee\/wp-content\/uploads\/2025\/04\/nano-protein-cookies-fit360.ee-1.png\" \/>\n\t<meta property=\"og:image:width\" content=\"700\" \/>\n\t<meta property=\"og:image:height\" content=\"500\" \/>\n\t<meta property=\"og:image:type\" content=\"image\/png\" \/>\n<meta name=\"twitter:card\" content=\"summary_large_image\" \/>\n<meta name=\"twitter:label1\" content=\"Est. reading time\" \/>\n\t<meta name=\"twitter:data1\" content=\"3 minutes\" \/>\n<script type=\"application\/ld+json\" class=\"yoast-schema-graph\">{\"@context\":\"https:\\\/\\\/schema.org\",\"@graph\":[{\"@type\":\"WebPage\",\"@id\":\"https:\\\/\\\/fit360.ee\\\/en\\\/pood\\\/product-groups\\\/protein-bars-and-snacks\\\/nano-protein-cookies-128g\\\/\",\"url\":\"https:\\\/\\\/fit360.ee\\\/en\\\/pood\\\/product-groups\\\/protein-bars-and-snacks\\\/nano-protein-cookies-128g\\\/\",\"name\":\"Nano Protein Cookies (128g) Parim enne 01-02\\\/2026 - Madal suhkrusisaldus - Parim Hind - Fit360\",\"isPartOf\":{\"@id\":\"https:\\\/\\\/fit360.ee\\\/en\\\/#website\"},\"primaryImageOfPage\":{\"@id\":\"https:\\\/\\\/fit360.ee\\\/en\\\/pood\\\/product-groups\\\/protein-bars-and-snacks\\\/nano-protein-cookies-128g\\\/#primaryimage\"},\"image\":{\"@id\":\"https:\\\/\\\/fit360.ee\\\/en\\\/pood\\\/product-groups\\\/protein-bars-and-snacks\\\/nano-protein-cookies-128g\\\/#primaryimage\"},\"thumbnailUrl\":\"https:\\\/\\\/fit360.ee\\\/wp-content\\\/uploads\\\/2025\\\/04\\\/nano-protein-cookies-fit360.ee-1.png\",\"datePublished\":\"2025-04-26T05:13:12+00:00\",\"dateModified\":\"2026-03-05T14:05:37+00:00\",\"description\":\"Nano Protein Cookies tuleb kahes imelies maitses. \u0160okolaadiga kaetud kr\u00f5mpsuvad k\u00fcpsised on t\u00e4idetud karamelli ja maap\u00e4hklitega, et luua madala suhkr...\",\"breadcrumb\":{\"@id\":\"https:\\\/\\\/fit360.ee\\\/en\\\/pood\\\/product-groups\\\/protein-bars-and-snacks\\\/nano-protein-cookies-128g\\\/#breadcrumb\"},\"inLanguage\":\"en-US\",\"potentialAction\":[{\"@type\":\"ReadAction\",\"target\":[\"https:\\\/\\\/fit360.ee\\\/en\\\/pood\\\/product-groups\\\/protein-bars-and-snacks\\\/nano-protein-cookies-128g\\\/\"]}]},{\"@type\":\"ImageObject\",\"inLanguage\":\"en-US\",\"@id\":\"https:\\\/\\\/fit360.ee\\\/en\\\/pood\\\/product-groups\\\/protein-bars-and-snacks\\\/nano-protein-cookies-128g\\\/#primaryimage\",\"url\":\"https:\\\/\\\/fit360.ee\\\/wp-content\\\/uploads\\\/2025\\\/04\\\/nano-protein-cookies-fit360.ee-1.png\",\"contentUrl\":\"https:\\\/\\\/fit360.ee\\\/wp-content\\\/uploads\\\/2025\\\/04\\\/nano-protein-cookies-fit360.ee-1.png\",\"width\":700,\"height\":500,\"caption\":\"nano protein cookies - fit360.ee\"},{\"@type\":\"BreadcrumbList\",\"@id\":\"https:\\\/\\\/fit360.ee\\\/en\\\/pood\\\/product-groups\\\/protein-bars-and-snacks\\\/nano-protein-cookies-128g\\\/#breadcrumb\",\"itemListElement\":[{\"@type\":\"ListItem\",\"position\":1,\"name\":\"Home\",\"item\":\"https:\\\/\\\/fit360.ee\\\/en\\\/\"},{\"@type\":\"ListItem\",\"position\":2,\"name\":\"Shop\",\"item\":\"https:\\\/\\\/fit360.ee\\\/en\\\/shop\\\/\"},{\"@type\":\"ListItem\",\"position\":3,\"name\":\"Nano Protein Cookies (128g) Parim enne 01-02\\\/2026\"}]},{\"@type\":\"WebSite\",\"@id\":\"https:\\\/\\\/fit360.ee\\\/en\\\/#website\",\"url\":\"https:\\\/\\\/fit360.ee\\\/en\\\/\",\"name\":\"Fit360\",\"description\":\"\",\"publisher\":{\"@id\":\"https:\\\/\\\/fit360.ee\\\/en\\\/#organization\"},\"potentialAction\":[{\"@type\":\"SearchAction\",\"target\":{\"@type\":\"EntryPoint\",\"urlTemplate\":\"https:\\\/\\\/fit360.ee\\\/en\\\/?s={search_term_string}\"},\"query-input\":{\"@type\":\"PropertyValueSpecification\",\"valueRequired\":true,\"valueName\":\"search_term_string\"}}],\"inLanguage\":\"en-US\"},{\"@type\":\"Organization\",\"@id\":\"https:\\\/\\\/fit360.ee\\\/en\\\/#organization\",\"name\":\"Fit360\",\"url\":\"https:\\\/\\\/fit360.ee\\\/en\\\/\",\"logo\":{\"@type\":\"ImageObject\",\"inLanguage\":\"en-US\",\"@id\":\"https:\\\/\\\/fit360.ee\\\/en\\\/#\\\/schema\\\/logo\\\/image\\\/\",\"url\":\"https:\\\/\\\/fit360.ee\\\/wp-content\\\/uploads\\\/2017\\\/01\\\/logo-fit360.png\",\"contentUrl\":\"https:\\\/\\\/fit360.ee\\\/wp-content\\\/uploads\\\/2017\\\/01\\\/logo-fit360.png\",\"width\":180,\"height\":66,\"caption\":\"Fit360\"},\"image\":{\"@id\":\"https:\\\/\\\/fit360.ee\\\/en\\\/#\\\/schema\\\/logo\\\/image\\\/\"}}]}<\/script>\n<!-- \/ Yoast SEO plugin. -->","yoast_head_json":{"title":"Nano Protein Cookies (128g) Parim enne 01-02\/2026 - Madal suhkrusisaldus - Parim Hind - Fit360","description":"Nano Protein Cookies tuleb kahes imelies maitses. \u0160okolaadiga kaetud kr\u00f5mpsuvad k\u00fcpsised on t\u00e4idetud karamelli ja maap\u00e4hklitega, et luua madala suhkr...","robots":{"index":"index","follow":"follow","max-snippet":"max-snippet:-1","max-image-preview":"max-image-preview:large","max-video-preview":"max-video-preview:-1"},"canonical":"https:\/\/fit360.ee\/en\/pood\/product-groups\/protein-bars-and-snacks\/nano-protein-cookies-128g\/","og_locale":"en_US","og_type":"article","og_title":"Nano Protein Cookies (128g) Parim enne 01-02\/2026 - Madal suhkrusisaldus - Parim Hind - Fit360","og_description":"Nano Protein Cookies tuleb kahes imelies maitses. \u0160okolaadiga kaetud kr\u00f5mpsuvad k\u00fcpsised on t\u00e4idetud karamelli ja maap\u00e4hklitega, et luua madala suhkr...","og_url":"https:\/\/fit360.ee\/en\/pood\/product-groups\/protein-bars-and-snacks\/nano-protein-cookies-128g\/","og_site_name":"Fit360","article_modified_time":"2026-03-05T14:05:37+00:00","og_image":[{"width":700,"height":500,"url":"https:\/\/fit360.ee\/wp-content\/uploads\/2025\/04\/nano-protein-cookies-fit360.ee-1.png","type":"image\/png"}],"twitter_card":"summary_large_image","twitter_misc":{"Est. reading time":"3 minutes"},"schema":{"@context":"https:\/\/schema.org","@graph":[{"@type":"WebPage","@id":"https:\/\/fit360.ee\/en\/pood\/product-groups\/protein-bars-and-snacks\/nano-protein-cookies-128g\/","url":"https:\/\/fit360.ee\/en\/pood\/product-groups\/protein-bars-and-snacks\/nano-protein-cookies-128g\/","name":"Nano Protein Cookies (128g) Parim enne 01-02\/2026 - Madal suhkrusisaldus - Parim Hind - Fit360","isPartOf":{"@id":"https:\/\/fit360.ee\/en\/#website"},"primaryImageOfPage":{"@id":"https:\/\/fit360.ee\/en\/pood\/product-groups\/protein-bars-and-snacks\/nano-protein-cookies-128g\/#primaryimage"},"image":{"@id":"https:\/\/fit360.ee\/en\/pood\/product-groups\/protein-bars-and-snacks\/nano-protein-cookies-128g\/#primaryimage"},"thumbnailUrl":"https:\/\/fit360.ee\/wp-content\/uploads\/2025\/04\/nano-protein-cookies-fit360.ee-1.png","datePublished":"2025-04-26T05:13:12+00:00","dateModified":"2026-03-05T14:05:37+00:00","description":"Nano Protein Cookies tuleb kahes imelies maitses. \u0160okolaadiga kaetud kr\u00f5mpsuvad k\u00fcpsised on t\u00e4idetud karamelli ja maap\u00e4hklitega, et luua madala suhkr...","breadcrumb":{"@id":"https:\/\/fit360.ee\/en\/pood\/product-groups\/protein-bars-and-snacks\/nano-protein-cookies-128g\/#breadcrumb"},"inLanguage":"en-US","potentialAction":[{"@type":"ReadAction","target":["https:\/\/fit360.ee\/en\/pood\/product-groups\/protein-bars-and-snacks\/nano-protein-cookies-128g\/"]}]},{"@type":"ImageObject","inLanguage":"en-US","@id":"https:\/\/fit360.ee\/en\/pood\/product-groups\/protein-bars-and-snacks\/nano-protein-cookies-128g\/#primaryimage","url":"https:\/\/fit360.ee\/wp-content\/uploads\/2025\/04\/nano-protein-cookies-fit360.ee-1.png","contentUrl":"https:\/\/fit360.ee\/wp-content\/uploads\/2025\/04\/nano-protein-cookies-fit360.ee-1.png","width":700,"height":500,"caption":"nano protein cookies - fit360.ee"},{"@type":"BreadcrumbList","@id":"https:\/\/fit360.ee\/en\/pood\/product-groups\/protein-bars-and-snacks\/nano-protein-cookies-128g\/#breadcrumb","itemListElement":[{"@type":"ListItem","position":1,"name":"Home","item":"https:\/\/fit360.ee\/en\/"},{"@type":"ListItem","position":2,"name":"Shop","item":"https:\/\/fit360.ee\/en\/shop\/"},{"@type":"ListItem","position":3,"name":"Nano Protein Cookies (128g) Parim enne 01-02\/2026"}]},{"@type":"WebSite","@id":"https:\/\/fit360.ee\/en\/#website","url":"https:\/\/fit360.ee\/en\/","name":"Fit360","description":"","publisher":{"@id":"https:\/\/fit360.ee\/en\/#organization"},"potentialAction":[{"@type":"SearchAction","target":{"@type":"EntryPoint","urlTemplate":"https:\/\/fit360.ee\/en\/?s={search_term_string}"},"query-input":{"@type":"PropertyValueSpecification","valueRequired":true,"valueName":"search_term_string"}}],"inLanguage":"en-US"},{"@type":"Organization","@id":"https:\/\/fit360.ee\/en\/#organization","name":"Fit360","url":"https:\/\/fit360.ee\/en\/","logo":{"@type":"ImageObject","inLanguage":"en-US","@id":"https:\/\/fit360.ee\/en\/#\/schema\/logo\/image\/","url":"https:\/\/fit360.ee\/wp-content\/uploads\/2017\/01\/logo-fit360.png","contentUrl":"https:\/\/fit360.ee\/wp-content\/uploads\/2017\/01\/logo-fit360.png","width":180,"height":66,"caption":"Fit360"},"image":{"@id":"https:\/\/fit360.ee\/en\/#\/schema\/logo\/image\/"}}]}},"_links":{"self":[{"href":"https:\/\/fit360.ee\/en\/wp-json\/wp\/v2\/product\/88179","targetHints":{"allow":["GET"]}}],"collection":[{"href":"https:\/\/fit360.ee\/en\/wp-json\/wp\/v2\/product"}],"about":[{"href":"https:\/\/fit360.ee\/en\/wp-json\/wp\/v2\/types\/product"}],"replies":[{"embeddable":true,"href":"https:\/\/fit360.ee\/en\/wp-json\/wp\/v2\/comments?post=88179"}],"wp:featuredmedia":[{"embeddable":true,"href":"https:\/\/fit360.ee\/en\/wp-json\/wp\/v2\/media\/88176"}],"wp:attachment":[{"href":"https:\/\/fit360.ee\/en\/wp-json\/wp\/v2\/media?parent=88179"}],"wp:term":[{"taxonomy":"product_brand","embeddable":true,"href":"https:\/\/fit360.ee\/en\/wp-json\/wp\/v2\/product_brand?post=88179"},{"taxonomy":"product_cat","embeddable":true,"href":"https:\/\/fit360.ee\/en\/wp-json\/wp\/v2\/product_cat?post=88179"},{"taxonomy":"product_tag","embeddable":true,"href":"https:\/\/fit360.ee\/en\/wp-json\/wp\/v2\/product_tag?post=88179"},{"taxonomy":"giftcard-category","embeddable":true,"href":"https:\/\/fit360.ee\/en\/wp-json\/wp\/v2\/giftcard-category?post=88179"}],"curies":[{"name":"wp","href":"https:\/\/api.w.org\/{rel}","templated":true}]}}