{"id":88186,"date":"2025-04-26T07:13:12","date_gmt":"2025-04-26T05:13:12","guid":{"rendered":"https:\/\/fit360.ee\/pood\/uncategorized\/nano-protein-brownie-60g-double-chocolate\/"},"modified":"2025-08-13T07:36:25","modified_gmt":"2025-08-13T05:36:25","slug":"nano-protein-brownie-60g-double-chocolate","status":"publish","type":"product","link":"https:\/\/fit360.ee\/en\/pood\/product-groups\/protein-poweders-en\/vegan-protein-en\/nano-protein-brownie-60g-double-chocolate\/","title":{"rendered":"Nano Protein Brownie (60g) Double Chocolate"},"content":{"rendered":"<h2><strong>Protein Brownie<\/strong><\/h2>\n<p class=\"\" data-start=\"175\" data-end=\"557\">Kui otsid midagi, mis on samaaegselt maitsev ja toitainerikas, siis 25% valgusisaldusega Nano <strong data-start=\"264\" data-end=\"283\">Protein Brownie<\/strong> on just sulle. Iga 60-grammine brownie sisaldab koguni 15 grammi kvaliteetset valku, mis toetab lihaskasvu ja taastumist, sobides suurep\u00e4raselt aktiivse eluviisiga inimestele, sportlastele v\u00f5i k\u00f5igile, kes soovivad tervislikumat alternatiivi klassikalistele magustoitudele.<\/p>\n<p class=\"\" data-start=\"559\" data-end=\"865\">Nano Protein Brownie on pehme, \u0161okolaadine ja t\u00f5eliselt nauditav. See sobib suurep\u00e4raselt hommikukohvi k\u00f5rvale, kiireks vahepalaks t\u00f6\u00f6p\u00e4eva keskel v\u00f5i trenni j\u00e4rgseks taastumisampsuks. Madalama suhkru- ja k\u00f5rgema kiudainesisaldusega retsept aitab hoida veresuhkrut stabiilsena ning pakub pikemat t\u00e4isk\u00f5hutunnet.<\/p>\n<p class=\"\" data-start=\"867\" data-end=\"1134\">Erinevalt tavalistest maiustustest ei ole see brownie lihtsalt magus suut\u00e4is \u2013 see on funktsionaalne sn\u00e4kk, mis annab sinu p\u00e4evale vajaliku lisat\u00f5uke. Mugav kaasa haarata, ei vaja s\u00e4ilitamist k\u00fclmkapis ning maitseb nagu patune \u0161okolaadikook \u2013 aga ilma s\u00fc\u00fcmepiinadeta.<\/p>\n<p data-start=\"867\" data-end=\"1134\"><strong>Koostisosad<\/strong>: valgusegu (herneproteiin, h\u00fcdrol\u00fc\u00fcsitud\u00a0<b>nisuproteiin<\/b>\u00a0,\u00a0<b>sojaproteiin<\/b>\u00a0), niiskuses\u00e4ilitaja (taimne gl\u00fctseriin), tume \u0161okolaadit\u00fckid (9%) (kakaomass, suhkur, emulgaator (\u00a0<b>sojaletsitiin<\/b>\u00a0), l\u00f5hna- ja maitseaine),\u00a0<b>kaerasiirup<\/b>\u00a0, pruunsuhkur, pruunsuhkur, oliivi\u00f5li.\u00a0<b>Nisujahu<\/b>\u00a0(\u00a0<b>nisujahu<\/b>\u00a0, kaltsiumkarbonaat, raud, niatsiin, tiamiin), riisijahu, kookos\u00f5li, emulgaator (kummi akaatsia), tume \u0161okolaadi maitseaine, kergitusaine (naatriumvesinikkarbonaat).<\/p>\n<p><b>Allergeenid:<\/b>\u00a0allergeenide, sealhulgas gluteeni sisaldavate teraviljade kohta vaadake koostisosi\u00a0<b>paksus<\/b>\u00a0kirjas . V\u00f5ib sisaldada ka piima, p\u00e4hkleid ja maap\u00e4hkleid.<br \/>\n<b>Hoiatused:<\/b>\u00a0Hoida jahedas, kuivas kohas otsese p\u00e4ikesevalguse eest kaitstult.<\/p>\n<p data-start=\"867\" data-end=\"1134\"><strong>Kasutamine<\/strong>: Tarbi vastavalt vajadusele.<\/p>\n<p data-start=\"867\" data-end=\"1134\"><strong>Suurus<\/strong>: 60g<\/p>\n<table id=\"t_1\">\n<tbody>\n<tr>\n<td><span>Toitev\u00e4\u00e4rtuste anal\u00fc\u00fcs<\/span><\/td>\n<td><span>100g<\/span><\/td>\n<td><span>60g<\/span><\/td>\n<\/tr>\n<\/tbody>\n<tbody>\n<tr>\n<td><span>Energia<\/span><\/td>\n<td><span>1615 KJ \/ 386 KCAL<\/span><\/td>\n<td><span>969 KJ \/ 232 KCAL<\/span><\/td>\n<\/tr>\n<\/tbody>\n<tbody>\n<tr>\n<td><span>Rasvad<\/span><\/td>\n<td><span>12 g<\/span><\/td>\n<td><span>7,4 g<\/span><\/td>\n<\/tr>\n<\/tbody>\n<tbody>\n<tr>\n<td><span>&#8211; millest k\u00fcllastunud rasvhapped<\/span><\/td>\n<td><span>5,4 g<\/span><\/td>\n<td><span>3,2 g<\/span><\/td>\n<\/tr>\n<\/tbody>\n<tbody>\n<tr>\n<td><span>S\u00fcsivesikud<\/span><\/td>\n<td><span>42 g<\/span><\/td>\n<td><span>25 g<\/span><\/td>\n<\/tr>\n<\/tbody>\n<tbody>\n<tr>\n<td><span>&#8211; <em>millest<\/em> suhkur<\/span><\/td>\n<td><span>18 g<\/span><\/td>\n<td><span>11 g<\/span><\/td>\n<\/tr>\n<\/tbody>\n<tbody>\n<tr>\n<td><span>Kiudained<\/span><\/td>\n<td><span>3,5 g<\/span><\/td>\n<td><span>2,1 g<\/span><\/td>\n<\/tr>\n<\/tbody>\n<tbody>\n<tr>\n<td><strong>Valgud<\/strong><\/td>\n<td><span>25 g<\/span><\/td>\n<td><span>15 g<\/span><\/td>\n<\/tr>\n<\/tbody>\n<tbody>\n<tr>\n<td><span>Sool<\/span><\/td>\n<td><span>0,80 g<\/span><\/td>\n<td><span>0,48 g<\/span><\/td>\n<\/tr>\n<\/tbody>\n<\/table>\n<p>&nbsp;<\/p>\n<p>Vaata ka meie Teisi Proteiinibattone v\u00f5i vahepalasid ja Sn\u00e4kke\u00a0<a href=\"https:\/\/fit360.ee\/en\/product-category\/product-groups\/protein-bars-and-snacks\/\"><strong>SIIT<\/strong><\/a>\u00a0v\u00f5i Taimseid Valke <a href=\"https:\/\/fit360.ee\/en\/product-category\/product-groups\/protein-poweders-en\/vegan-protein-en\/\"><strong>SIIT<\/strong><\/a>!<\/p>\n","protected":false},"excerpt":{"rendered":"<p><strong>Protein Brownie<\/strong> on pehme, \u0161okolaadine ja t\u00f5eliselt nauditav. See sobib suurep\u00e4raselt hommikukohvi k\u00f5rvale, kiireks vahepalaks t\u00f6\u00f6p\u00e4eva keskel v\u00f5i trenni j\u00e4rgseks taastumis<\/p>\n","protected":false},"featured_media":88185,"comment_status":"open","ping_status":"closed","template":"","meta":[],"product_brand":[],"product_cat":[5059,534,535,2428],"product_tag":[5088,5760,5067,5761],"giftcard-category":[],"class_list":{"0":"post-88186","1":"product","2":"type-product","3":"status-publish","4":"has-post-thumbnail","6":"product_cat-nano-supps-en","7":"product_cat-protein-bars-and-snacks","8":"product_cat-protein-poweders-en","9":"product_cat-vegan-protein-en","10":"product_tag-nano-en","11":"product_tag-nano-protein-brownie-en","12":"product_tag-nano-supps-en","13":"product_tag-protein-brownie-en","14":"pa_kogus-60g-en","15":"pa_maitse-double-choco-en","16":"pa_toidulisand-branddd-nano-supps","17":"pa_tootegruppp-snacks","18":"pa_tootegruppp-taimne-valk-en","20":"first","21":"outofstock","22":"sale","23":"taxable","24":"shipping-taxable","25":"purchasable","26":"product-type-simple"},"yoast_head":"<!-- This site is optimized with the Yoast SEO plugin v27.3 - https:\/\/yoast.com\/product\/yoast-seo-wordpress\/ -->\n<title>Nano Protein Brownie (60g) Double Chocolate - 25% Valku - Fit360<\/title>\n<meta name=\"description\" content=\"Nano Protein Brownie on pehme, \u0161okolaadine ja t\u00f5eliselt nauditav. See sobib suurep\u00e4raselt hommikukohvi k\u00f5rvale, kiireks vahepalaks t\u00f6\u00f6p\u00e4eva k...\" \/>\n<meta name=\"robots\" content=\"index, follow, max-snippet:-1, max-image-preview:large, max-video-preview:-1\" \/>\n<link rel=\"canonical\" href=\"https:\/\/fit360.ee\/en\/pood\/product-groups\/protein-poweders-en\/vegan-protein-en\/nano-protein-brownie-60g-double-chocolate\/\" \/>\n<meta property=\"og:locale\" content=\"en_US\" \/>\n<meta property=\"og:type\" content=\"article\" \/>\n<meta property=\"og:title\" content=\"Nano Protein Brownie (60g) Double Chocolate - 25% Valku - Fit360\" \/>\n<meta property=\"og:description\" content=\"Nano Protein Brownie on pehme, \u0161okolaadine ja t\u00f5eliselt nauditav. See sobib suurep\u00e4raselt hommikukohvi k\u00f5rvale, kiireks vahepalaks t\u00f6\u00f6p\u00e4eva k...\" \/>\n<meta property=\"og:url\" content=\"https:\/\/fit360.ee\/en\/pood\/product-groups\/protein-poweders-en\/vegan-protein-en\/nano-protein-brownie-60g-double-chocolate\/\" \/>\n<meta property=\"og:site_name\" content=\"Fit360\" \/>\n<meta property=\"article:modified_time\" content=\"2025-08-13T05:36:25+00:00\" \/>\n<meta property=\"og:image\" content=\"https:\/\/fit360.ee\/wp-content\/uploads\/2025\/04\/nano-protein-brownie-fit360.ee_.jpg\" \/>\n\t<meta property=\"og:image:width\" content=\"700\" \/>\n\t<meta property=\"og:image:height\" content=\"700\" \/>\n\t<meta property=\"og:image:type\" content=\"image\/jpeg\" \/>\n<meta name=\"twitter:card\" content=\"summary_large_image\" \/>\n<meta name=\"twitter:label1\" content=\"Est. reading time\" \/>\n\t<meta name=\"twitter:data1\" content=\"2 minutes\" \/>\n<script type=\"application\/ld+json\" class=\"yoast-schema-graph\">{\"@context\":\"https:\\\/\\\/schema.org\",\"@graph\":[{\"@type\":\"WebPage\",\"@id\":\"https:\\\/\\\/fit360.ee\\\/en\\\/pood\\\/product-groups\\\/protein-poweders-en\\\/vegan-protein-en\\\/nano-protein-brownie-60g-double-chocolate\\\/\",\"url\":\"https:\\\/\\\/fit360.ee\\\/en\\\/pood\\\/product-groups\\\/protein-poweders-en\\\/vegan-protein-en\\\/nano-protein-brownie-60g-double-chocolate\\\/\",\"name\":\"Nano Protein Brownie (60g) Double Chocolate - 25% Valku - Fit360\",\"isPartOf\":{\"@id\":\"https:\\\/\\\/fit360.ee\\\/en\\\/#website\"},\"primaryImageOfPage\":{\"@id\":\"https:\\\/\\\/fit360.ee\\\/en\\\/pood\\\/product-groups\\\/protein-poweders-en\\\/vegan-protein-en\\\/nano-protein-brownie-60g-double-chocolate\\\/#primaryimage\"},\"image\":{\"@id\":\"https:\\\/\\\/fit360.ee\\\/en\\\/pood\\\/product-groups\\\/protein-poweders-en\\\/vegan-protein-en\\\/nano-protein-brownie-60g-double-chocolate\\\/#primaryimage\"},\"thumbnailUrl\":\"https:\\\/\\\/fit360.ee\\\/wp-content\\\/uploads\\\/2025\\\/04\\\/nano-protein-brownie-fit360.ee_.jpg\",\"datePublished\":\"2025-04-26T05:13:12+00:00\",\"dateModified\":\"2025-08-13T05:36:25+00:00\",\"description\":\"Nano Protein Brownie on pehme, \u0161okolaadine ja t\u00f5eliselt nauditav. See sobib suurep\u00e4raselt hommikukohvi k\u00f5rvale, kiireks vahepalaks t\u00f6\u00f6p\u00e4eva k...\",\"breadcrumb\":{\"@id\":\"https:\\\/\\\/fit360.ee\\\/en\\\/pood\\\/product-groups\\\/protein-poweders-en\\\/vegan-protein-en\\\/nano-protein-brownie-60g-double-chocolate\\\/#breadcrumb\"},\"inLanguage\":\"en-US\",\"potentialAction\":[{\"@type\":\"ReadAction\",\"target\":[\"https:\\\/\\\/fit360.ee\\\/en\\\/pood\\\/product-groups\\\/protein-poweders-en\\\/vegan-protein-en\\\/nano-protein-brownie-60g-double-chocolate\\\/\"]}]},{\"@type\":\"ImageObject\",\"inLanguage\":\"en-US\",\"@id\":\"https:\\\/\\\/fit360.ee\\\/en\\\/pood\\\/product-groups\\\/protein-poweders-en\\\/vegan-protein-en\\\/nano-protein-brownie-60g-double-chocolate\\\/#primaryimage\",\"url\":\"https:\\\/\\\/fit360.ee\\\/wp-content\\\/uploads\\\/2025\\\/04\\\/nano-protein-brownie-fit360.ee_.jpg\",\"contentUrl\":\"https:\\\/\\\/fit360.ee\\\/wp-content\\\/uploads\\\/2025\\\/04\\\/nano-protein-brownie-fit360.ee_.jpg\",\"width\":700,\"height\":700,\"caption\":\"nano protein brownie - fit360.ee\"},{\"@type\":\"BreadcrumbList\",\"@id\":\"https:\\\/\\\/fit360.ee\\\/en\\\/pood\\\/product-groups\\\/protein-poweders-en\\\/vegan-protein-en\\\/nano-protein-brownie-60g-double-chocolate\\\/#breadcrumb\",\"itemListElement\":[{\"@type\":\"ListItem\",\"position\":1,\"name\":\"Home\",\"item\":\"https:\\\/\\\/fit360.ee\\\/en\\\/\"},{\"@type\":\"ListItem\",\"position\":2,\"name\":\"Shop\",\"item\":\"https:\\\/\\\/fit360.ee\\\/en\\\/shop\\\/\"},{\"@type\":\"ListItem\",\"position\":3,\"name\":\"Nano Protein Brownie (60g) Double Chocolate\"}]},{\"@type\":\"WebSite\",\"@id\":\"https:\\\/\\\/fit360.ee\\\/en\\\/#website\",\"url\":\"https:\\\/\\\/fit360.ee\\\/en\\\/\",\"name\":\"Fit360\",\"description\":\"\",\"publisher\":{\"@id\":\"https:\\\/\\\/fit360.ee\\\/en\\\/#organization\"},\"potentialAction\":[{\"@type\":\"SearchAction\",\"target\":{\"@type\":\"EntryPoint\",\"urlTemplate\":\"https:\\\/\\\/fit360.ee\\\/en\\\/?s={search_term_string}\"},\"query-input\":{\"@type\":\"PropertyValueSpecification\",\"valueRequired\":true,\"valueName\":\"search_term_string\"}}],\"inLanguage\":\"en-US\"},{\"@type\":\"Organization\",\"@id\":\"https:\\\/\\\/fit360.ee\\\/en\\\/#organization\",\"name\":\"Fit360\",\"url\":\"https:\\\/\\\/fit360.ee\\\/en\\\/\",\"logo\":{\"@type\":\"ImageObject\",\"inLanguage\":\"en-US\",\"@id\":\"https:\\\/\\\/fit360.ee\\\/en\\\/#\\\/schema\\\/logo\\\/image\\\/\",\"url\":\"https:\\\/\\\/fit360.ee\\\/wp-content\\\/uploads\\\/2017\\\/01\\\/logo-fit360.png\",\"contentUrl\":\"https:\\\/\\\/fit360.ee\\\/wp-content\\\/uploads\\\/2017\\\/01\\\/logo-fit360.png\",\"width\":180,\"height\":66,\"caption\":\"Fit360\"},\"image\":{\"@id\":\"https:\\\/\\\/fit360.ee\\\/en\\\/#\\\/schema\\\/logo\\\/image\\\/\"}}]}<\/script>\n<!-- \/ Yoast SEO plugin. -->","yoast_head_json":{"title":"Nano Protein Brownie (60g) Double Chocolate - 25% Valku - Fit360","description":"Nano Protein Brownie on pehme, \u0161okolaadine ja t\u00f5eliselt nauditav. See sobib suurep\u00e4raselt hommikukohvi k\u00f5rvale, kiireks vahepalaks t\u00f6\u00f6p\u00e4eva k...","robots":{"index":"index","follow":"follow","max-snippet":"max-snippet:-1","max-image-preview":"max-image-preview:large","max-video-preview":"max-video-preview:-1"},"canonical":"https:\/\/fit360.ee\/en\/pood\/product-groups\/protein-poweders-en\/vegan-protein-en\/nano-protein-brownie-60g-double-chocolate\/","og_locale":"en_US","og_type":"article","og_title":"Nano Protein Brownie (60g) Double Chocolate - 25% Valku - Fit360","og_description":"Nano Protein Brownie on pehme, \u0161okolaadine ja t\u00f5eliselt nauditav. See sobib suurep\u00e4raselt hommikukohvi k\u00f5rvale, kiireks vahepalaks t\u00f6\u00f6p\u00e4eva k...","og_url":"https:\/\/fit360.ee\/en\/pood\/product-groups\/protein-poweders-en\/vegan-protein-en\/nano-protein-brownie-60g-double-chocolate\/","og_site_name":"Fit360","article_modified_time":"2025-08-13T05:36:25+00:00","og_image":[{"width":700,"height":700,"url":"https:\/\/fit360.ee\/wp-content\/uploads\/2025\/04\/nano-protein-brownie-fit360.ee_.jpg","type":"image\/jpeg"}],"twitter_card":"summary_large_image","twitter_misc":{"Est. reading time":"2 minutes"},"schema":{"@context":"https:\/\/schema.org","@graph":[{"@type":"WebPage","@id":"https:\/\/fit360.ee\/en\/pood\/product-groups\/protein-poweders-en\/vegan-protein-en\/nano-protein-brownie-60g-double-chocolate\/","url":"https:\/\/fit360.ee\/en\/pood\/product-groups\/protein-poweders-en\/vegan-protein-en\/nano-protein-brownie-60g-double-chocolate\/","name":"Nano Protein Brownie (60g) Double Chocolate - 25% Valku - Fit360","isPartOf":{"@id":"https:\/\/fit360.ee\/en\/#website"},"primaryImageOfPage":{"@id":"https:\/\/fit360.ee\/en\/pood\/product-groups\/protein-poweders-en\/vegan-protein-en\/nano-protein-brownie-60g-double-chocolate\/#primaryimage"},"image":{"@id":"https:\/\/fit360.ee\/en\/pood\/product-groups\/protein-poweders-en\/vegan-protein-en\/nano-protein-brownie-60g-double-chocolate\/#primaryimage"},"thumbnailUrl":"https:\/\/fit360.ee\/wp-content\/uploads\/2025\/04\/nano-protein-brownie-fit360.ee_.jpg","datePublished":"2025-04-26T05:13:12+00:00","dateModified":"2025-08-13T05:36:25+00:00","description":"Nano Protein Brownie on pehme, \u0161okolaadine ja t\u00f5eliselt nauditav. See sobib suurep\u00e4raselt hommikukohvi k\u00f5rvale, kiireks vahepalaks t\u00f6\u00f6p\u00e4eva k...","breadcrumb":{"@id":"https:\/\/fit360.ee\/en\/pood\/product-groups\/protein-poweders-en\/vegan-protein-en\/nano-protein-brownie-60g-double-chocolate\/#breadcrumb"},"inLanguage":"en-US","potentialAction":[{"@type":"ReadAction","target":["https:\/\/fit360.ee\/en\/pood\/product-groups\/protein-poweders-en\/vegan-protein-en\/nano-protein-brownie-60g-double-chocolate\/"]}]},{"@type":"ImageObject","inLanguage":"en-US","@id":"https:\/\/fit360.ee\/en\/pood\/product-groups\/protein-poweders-en\/vegan-protein-en\/nano-protein-brownie-60g-double-chocolate\/#primaryimage","url":"https:\/\/fit360.ee\/wp-content\/uploads\/2025\/04\/nano-protein-brownie-fit360.ee_.jpg","contentUrl":"https:\/\/fit360.ee\/wp-content\/uploads\/2025\/04\/nano-protein-brownie-fit360.ee_.jpg","width":700,"height":700,"caption":"nano protein brownie - fit360.ee"},{"@type":"BreadcrumbList","@id":"https:\/\/fit360.ee\/en\/pood\/product-groups\/protein-poweders-en\/vegan-protein-en\/nano-protein-brownie-60g-double-chocolate\/#breadcrumb","itemListElement":[{"@type":"ListItem","position":1,"name":"Home","item":"https:\/\/fit360.ee\/en\/"},{"@type":"ListItem","position":2,"name":"Shop","item":"https:\/\/fit360.ee\/en\/shop\/"},{"@type":"ListItem","position":3,"name":"Nano Protein Brownie (60g) Double Chocolate"}]},{"@type":"WebSite","@id":"https:\/\/fit360.ee\/en\/#website","url":"https:\/\/fit360.ee\/en\/","name":"Fit360","description":"","publisher":{"@id":"https:\/\/fit360.ee\/en\/#organization"},"potentialAction":[{"@type":"SearchAction","target":{"@type":"EntryPoint","urlTemplate":"https:\/\/fit360.ee\/en\/?s={search_term_string}"},"query-input":{"@type":"PropertyValueSpecification","valueRequired":true,"valueName":"search_term_string"}}],"inLanguage":"en-US"},{"@type":"Organization","@id":"https:\/\/fit360.ee\/en\/#organization","name":"Fit360","url":"https:\/\/fit360.ee\/en\/","logo":{"@type":"ImageObject","inLanguage":"en-US","@id":"https:\/\/fit360.ee\/en\/#\/schema\/logo\/image\/","url":"https:\/\/fit360.ee\/wp-content\/uploads\/2017\/01\/logo-fit360.png","contentUrl":"https:\/\/fit360.ee\/wp-content\/uploads\/2017\/01\/logo-fit360.png","width":180,"height":66,"caption":"Fit360"},"image":{"@id":"https:\/\/fit360.ee\/en\/#\/schema\/logo\/image\/"}}]}},"_links":{"self":[{"href":"https:\/\/fit360.ee\/en\/wp-json\/wp\/v2\/product\/88186","targetHints":{"allow":["GET"]}}],"collection":[{"href":"https:\/\/fit360.ee\/en\/wp-json\/wp\/v2\/product"}],"about":[{"href":"https:\/\/fit360.ee\/en\/wp-json\/wp\/v2\/types\/product"}],"replies":[{"embeddable":true,"href":"https:\/\/fit360.ee\/en\/wp-json\/wp\/v2\/comments?post=88186"}],"wp:featuredmedia":[{"embeddable":true,"href":"https:\/\/fit360.ee\/en\/wp-json\/wp\/v2\/media\/88185"}],"wp:attachment":[{"href":"https:\/\/fit360.ee\/en\/wp-json\/wp\/v2\/media?parent=88186"}],"wp:term":[{"taxonomy":"product_brand","embeddable":true,"href":"https:\/\/fit360.ee\/en\/wp-json\/wp\/v2\/product_brand?post=88186"},{"taxonomy":"product_cat","embeddable":true,"href":"https:\/\/fit360.ee\/en\/wp-json\/wp\/v2\/product_cat?post=88186"},{"taxonomy":"product_tag","embeddable":true,"href":"https:\/\/fit360.ee\/en\/wp-json\/wp\/v2\/product_tag?post=88186"},{"taxonomy":"giftcard-category","embeddable":true,"href":"https:\/\/fit360.ee\/en\/wp-json\/wp\/v2\/giftcard-category?post=88186"}],"curies":[{"name":"wp","href":"https:\/\/api.w.org\/{rel}","templated":true}]}}