{"id":88193,"date":"2025-04-26T07:13:13","date_gmt":"2025-04-26T05:13:13","guid":{"rendered":"https:\/\/fit360.ee\/pood\/uncategorized\/nano-protein-wafer-40g\/"},"modified":"2025-08-13T07:35:32","modified_gmt":"2025-08-13T05:35:32","slug":"nano-protein-wafer-40g","status":"publish","type":"product","link":"https:\/\/fit360.ee\/en\/pood\/product-groups\/protein-bars-and-snacks\/nano-protein-wafer-40g\/","title":{"rendered":"Nano Protein Wafer (40g)"},"content":{"rendered":"<h2><strong>Nano Protein Wafer<\/strong><\/h2>\n<p class=\"\" data-start=\"142\" data-end=\"437\">Tee igast vahepalast nauding! <strong>Nano<\/strong> <strong data-start=\"172\" data-end=\"189\">Protein Wafer<\/strong> on suussulavalt kr\u00f5be valgubatoon, mis \u00fchendab klassikalise vahvli m\u00f5nusa tekstuuri ja tervisliku toitev\u00e4\u00e4rtuse. Iga batoon sisaldab 21% kvaliteetset valku, aidates toetada lihaste taastumist, s\u00e4ilitada energiat ning hoida t\u00e4isk\u00f5hutunnet pikemalt.<\/p>\n<p class=\"\" data-start=\"439\" data-end=\"843\">Protein Wafer on saadaval kolmes vastupandamatus maitses: <strong data-start=\"497\" data-end=\"509\">\u0161okolaad<\/strong>, <strong data-start=\"511\" data-end=\"527\">vanillikreem<\/strong> ja <strong data-start=\"531\" data-end=\"548\">sarapuup\u00e4hkel<\/strong> \u2013 seega leiab iga\u00fcks oma lemmiku. Sobib ideaalselt kiireks ja maitsvaks sn\u00e4kiks t\u00f6\u00f6l, koolis v\u00f5i treeningu j\u00e4rel. Eriline kihtide vaheline kreemjas t\u00e4idis koos kr\u00f5beda vahvliga pakub t\u00f5elist maitseelamust, samas kui madalam suhkrusisaldus teeb sellest nutika valiku terviseteadlikule inimesele.<\/p>\n<p class=\"\" data-start=\"845\" data-end=\"1020\">Nano Protein Wafer ei ole lihtsalt valgubatoon \u2013 see on maitsev elamus, mis aitab sul p\u00fcsida aktiivne ja toetada oma toitumiseesm\u00e4rke ilma maitsekvaliteedis j\u00e4releandmisi tegemata.<\/p>\n<p data-start=\"845\" data-end=\"1020\"><strong>Koostisosad<\/strong>:<\/p>\n<p data-start=\"845\" data-end=\"1020\"><strong>\u0160okolaad<\/strong> &#8211; piima\u0161okolaad maltitooliga 31% [magusaine (maltitool), kakaov\u00f5i, t\u00e4ispiimapulber\u00a0<b>,<\/b>\u00a0kakaomass, naturaalne vanilje maitseaine, emulgaator (\u00a0<b>sojaletsitiin<\/b>\u00a0)], piimavalk (vadakuvalgu isolaat (\u00a0<b>piim<\/b>\u00a0), kaseiin (\u00a0<b>piim<\/b>\u00a0)),\u00a0<b>nisujahu<\/b>\u00a0, palmirasv, taimsed kiudained (coa-reuccanduct). pulber, kookos\u00f5li, emulgaator (letsitiin), vabapidamisega\u00a0<b>munakollane<\/b>\u00a0, sool, magusaine (sukraloos), jahu t\u00f6\u00f6tlemisaine (askorbiinhape).<br \/>\n<b>Allergeenid<\/b>\u00a0: allergeenide kohta vaadake koostisosi\u00a0<b>paksus kirjas<\/b>\u00a0. V\u00f5ib sisaldada p\u00e4hklite j\u00e4lgi.\u00a0<b>Hoiatus:<\/b>\u00a0liigne tarbimine v\u00f5ib avaldada lahtistavat toimet. Hoida jahedas kuivas kohas, eemal otsesest p\u00e4ikesevalgusest. See toode on m\u00f5eldud kasutamiseks koos aktiivse elustiili ja tasakaalustatud toitumisega. Sobib taimetoitlastele.<\/p>\n<p data-start=\"845\" data-end=\"1020\"><strong>Kreemi-K\u00fcpsise<\/strong> &#8211; valge \u0161okolaad magusainega 31% [kakaov\u00f5i, magusaine (maltitool), vadakuvalgu kontsentraat (\u00a0<b>piim<\/b>\u00a0), t\u00e4ispiimapulber\u00a0<b>,<\/b>\u00a0v\u00f5ikontsentraat (\u00a0<b>piim<\/b>\u00a0), emulgaator (letsitiin), Bourbon vanilje ekstrakt],\u00a0<b>piimavalk<\/b>\u00a018% [vadakuvalgu kontsentraat (\u00a0<b>piim<\/b>\u00a0), kaseiin (\u00a0<b>piim )],\u00a0<\/b><b>palmirasv<\/b>\u00a0, oligofruudi\u00a0jahu ,\u00a0<b>oligofruudi<\/b>\u00a0jahu (raps), v\u00e4hendatud rasvasisaldusega kakaopulber, taimsed kiudained, vabapidamisega\u00a0<b>munakollane<\/b>\u00a0, emulgaator (letsitiin), kookos\u00f5li, looduslik l\u00f5hna- ja maitseaine, sool, stabilisaator (guarkummi), magusaine (sukraloos), jahu t\u00f6\u00f6tlemisaine (askorbiinhape).<br \/>\n<b>Allergeenid:<\/b>\u00a0allergeenide kohta vaadake koostisosi\u00a0<b>paksus kirjas<\/b>\u00a0. V\u00f5ib sisaldada sojat ja p\u00e4hkleid.<br \/>\n<b>Hoiatus\/allergeen:<\/b>\u00a0Gluteenivaba, v\u00f5ib sisaldada alla 10mg\/1000g gluteeni.<\/p>\n<p data-start=\"845\" data-end=\"1020\"><strong>Soola-Karamell<\/strong> &#8211; <b>piima\u0161okolaad<\/b>\u00a0magusainega 31% [magusaine (maltitool), kakaov\u00f5i, t\u00e4ispiimapulber\u00a0<b>,<\/b>\u00a0kakaomass, naturaalne vanilje maitseaine, emulgaator (sojaletsitiin)],\u00a0<b>piimavalk<\/b>\u00a020% (vadakuvalgu kontsentraat (\u00a0<b>piim<\/b>\u00a0), kaseiin (piim)),\u00a0<b>palmirasv<\/b>\u00a0, nisujahu,\u00a0<b>kookose\u00f5li<\/b>\u00a0, kookose\u00f5li, taime\u00f5li (letsitiin), vaba\u00a0<b>munakollane , looduslik l\u00f5hna-\u00a0<\/b><b>ja<\/b>\u00a0maitseaine, magusaine (sukraloos), jahu t\u00f6\u00f6tlev aine (askorbiinhape):\u00a0<b>Allergeenid\u00a0<\/b><b>v\u00f5ivad<\/b>\u00a0sisaldada\u00a0soja\u00a0ja p\u00e4hkleid.<\/p>\n<p data-start=\"845\" data-end=\"1020\"><strong>Kasutamine<\/strong>: Tarbi vastavalt vajadusele.<\/p>\n<p data-start=\"845\" data-end=\"1020\"><strong>Suurus<\/strong>: 40g<\/p>\n<table id=\"t_3\">\n<tbody>\n<tr>\n<td><strong>Toitumisv\u00e4\u00e4rtuste Anal\u00fc\u00fcs*<\/strong><\/td>\n<td><strong>100g<\/strong><\/td>\n<td><strong>40g<\/strong><\/td>\n<\/tr>\n<tr>\n<td><b><span>Energia<\/span><\/b><\/td>\n<td><span>2181 KJ \/ 518 KCAL<\/span><\/td>\n<td><span>872 KJ \/ 207 KCAL<\/span><\/td>\n<\/tr>\n<tr>\n<td><b><span>Rasvad<\/span><\/b><\/td>\n<td><span>36 g<\/span><\/td>\n<td><span>15 g<\/span><\/td>\n<\/tr>\n<tr>\n<td><span>&#8211; millest k\u00fcllastunud rasvhapped<\/span><\/td>\n<td><span>18 g<\/span><\/td>\n<td><span>7,2 g<\/span><\/td>\n<\/tr>\n<tr>\n<td><b><span>Transrasv<\/span><\/b><\/td>\n<td><span>0 g<\/span><\/td>\n<td><span>0 g<\/span><\/td>\n<\/tr>\n<tr>\n<td><b><span>S\u00fcsivesikud<\/span><\/b><\/td>\n<td><span>24 g<\/span><\/td>\n<td><span>9,6 g<\/span><\/td>\n<\/tr>\n<tr>\n<td><span>&#8211; <em>millest<\/em> suhkur<\/span><\/td>\n<td><span>3,3 g<\/span><\/td>\n<td><span>1,3 g<\/span><\/td>\n<\/tr>\n<tr>\n<td><span>&#8211; millest pol\u00fcoolid<\/span><\/td>\n<td><span>8,6 g<\/span><\/td>\n<td><span>3,4 g<\/span><\/td>\n<\/tr>\n<tr>\n<td><b><span>Kiudained<\/span><\/b><\/td>\n<td><span>11 g<\/span><\/td>\n<td><span>4,4 g<\/span><\/td>\n<\/tr>\n<tr>\n<td><b><span>Valgud<\/span><\/b><\/td>\n<td><span>23 g<\/span><\/td>\n<td><span>9,2 g<\/span><\/td>\n<\/tr>\n<tr>\n<td><b><span>Sool<\/span><\/b><\/td>\n<td><span>0,32 g<\/span><\/td>\n<td><span>0,13 g<\/span><\/td>\n<\/tr>\n<\/tbody>\n<\/table>\n<p>*- t\u00f5lgitud on Soola-karamelli toitev\u00e4\u00e4rtused. Teiste maitsete t\u00e4psema info saamiseks kirjutage: info@fit360.ee<\/p>\n<p>Vaata ka meie Teisi Proteiinibatoone v\u00f5i vahepalasid ja Sn\u00e4kke <a href=\"https:\/\/fit360.ee\/en\/product-category\/product-groups\/protein-bars-and-snacks\/\"><strong>SIIT<\/strong><\/a>!<\/p>\n","protected":false},"excerpt":{"rendered":"<p><strong>Nano<\/strong> <strong data-start=\"172\" data-end=\"189\">Protein Wafer<\/strong> on suussulavalt kr\u00f5be valgubatoon, mis \u00fchendab klassikalise vahvli m\u00f5nusa tekstuuri ja tervisliku toitev\u00e4\u00e4rtuse. Iga batoon sisaldab 21% kvaliteetset valku, aidates toetada lihaste taastumist, s\u00e4ilitada energiat ning hoida t\u00e4isk\u00f5hutunnet pikemalt.<\/p>\n","protected":false},"featured_media":88192,"comment_status":"open","ping_status":"closed","template":"","meta":[],"product_brand":[],"product_cat":[5059,534,535],"product_tag":[5088,5765,5067,5766,5767],"giftcard-category":[],"class_list":{"0":"post-88193","1":"product","2":"type-product","3":"status-publish","4":"has-post-thumbnail","6":"product_cat-nano-supps-en","7":"product_cat-protein-bars-and-snacks","8":"product_cat-protein-poweders-en","9":"product_tag-nano-en","10":"product_tag-nano-protein-wafer-en","11":"product_tag-nano-supps-en","12":"product_tag-protein-wafer-en","13":"product_tag-wafer-en","14":"pa_kogus-40g-en","15":"pa_maitse-chocolate","16":"pa_maitse-soolakaramell-en","17":"pa_toidulisand-branddd-nano-supps","18":"pa_tootegruppp-protein","19":"pa_tootegruppp-snacks","21":"first","22":"instock","23":"sale","24":"taxable","25":"shipping-taxable","26":"purchasable","27":"product-type-variable"},"yoast_head":"<!-- This site is optimized with the Yoast SEO plugin v27.3 - https:\/\/yoast.com\/product\/yoast-seo-wordpress\/ -->\n<title>Nano Protein Wafer (40g) - \u00dclimaitsev Vahvlibatoon valguga - Fit360<\/title>\n<meta name=\"description\" content=\"Nano Protein Wafer on suussulavalt kr\u00f5be valgubatoon, mis \u00fchendab klassikalise vahvli m\u00f5nusa tekstuuri ja tervislikkuse. Iga batoon sisaldab 21% prot...\" \/>\n<meta name=\"robots\" content=\"index, follow, max-snippet:-1, max-image-preview:large, max-video-preview:-1\" \/>\n<link rel=\"canonical\" href=\"https:\/\/fit360.ee\/en\/pood\/product-groups\/protein-bars-and-snacks\/nano-protein-wafer-40g\/\" \/>\n<meta property=\"og:locale\" content=\"en_US\" \/>\n<meta property=\"og:type\" content=\"article\" \/>\n<meta property=\"og:title\" content=\"Nano Protein Wafer (40g) - \u00dclimaitsev Vahvlibatoon valguga - Fit360\" \/>\n<meta property=\"og:description\" content=\"Nano Protein Wafer on suussulavalt kr\u00f5be valgubatoon, mis \u00fchendab klassikalise vahvli m\u00f5nusa tekstuuri ja tervislikkuse. Iga batoon sisaldab 21% prot...\" \/>\n<meta property=\"og:url\" content=\"https:\/\/fit360.ee\/en\/pood\/product-groups\/protein-bars-and-snacks\/nano-protein-wafer-40g\/\" \/>\n<meta property=\"og:site_name\" content=\"Fit360\" \/>\n<meta property=\"article:modified_time\" content=\"2025-08-13T05:35:32+00:00\" \/>\n<meta property=\"og:image\" content=\"https:\/\/fit360.ee\/wp-content\/uploads\/2025\/04\/nano-protein-wafer-fit360.ee_.jpg\" \/>\n\t<meta property=\"og:image:width\" content=\"540\" \/>\n\t<meta property=\"og:image:height\" content=\"540\" \/>\n\t<meta property=\"og:image:type\" content=\"image\/jpeg\" \/>\n<meta name=\"twitter:card\" content=\"summary_large_image\" \/>\n<meta name=\"twitter:label1\" content=\"Est. reading time\" \/>\n\t<meta name=\"twitter:data1\" content=\"3 minutes\" \/>\n<script type=\"application\/ld+json\" class=\"yoast-schema-graph\">{\"@context\":\"https:\\\/\\\/schema.org\",\"@graph\":[{\"@type\":\"WebPage\",\"@id\":\"https:\\\/\\\/fit360.ee\\\/en\\\/pood\\\/product-groups\\\/protein-bars-and-snacks\\\/nano-protein-wafer-40g\\\/\",\"url\":\"https:\\\/\\\/fit360.ee\\\/en\\\/pood\\\/product-groups\\\/protein-bars-and-snacks\\\/nano-protein-wafer-40g\\\/\",\"name\":\"Nano Protein Wafer (40g) - \u00dclimaitsev Vahvlibatoon valguga - Fit360\",\"isPartOf\":{\"@id\":\"https:\\\/\\\/fit360.ee\\\/en\\\/#website\"},\"primaryImageOfPage\":{\"@id\":\"https:\\\/\\\/fit360.ee\\\/en\\\/pood\\\/product-groups\\\/protein-bars-and-snacks\\\/nano-protein-wafer-40g\\\/#primaryimage\"},\"image\":{\"@id\":\"https:\\\/\\\/fit360.ee\\\/en\\\/pood\\\/product-groups\\\/protein-bars-and-snacks\\\/nano-protein-wafer-40g\\\/#primaryimage\"},\"thumbnailUrl\":\"https:\\\/\\\/fit360.ee\\\/wp-content\\\/uploads\\\/2025\\\/04\\\/nano-protein-wafer-fit360.ee_.jpg\",\"datePublished\":\"2025-04-26T05:13:13+00:00\",\"dateModified\":\"2025-08-13T05:35:32+00:00\",\"description\":\"Nano Protein Wafer on suussulavalt kr\u00f5be valgubatoon, mis \u00fchendab klassikalise vahvli m\u00f5nusa tekstuuri ja tervislikkuse. Iga batoon sisaldab 21% prot...\",\"breadcrumb\":{\"@id\":\"https:\\\/\\\/fit360.ee\\\/en\\\/pood\\\/product-groups\\\/protein-bars-and-snacks\\\/nano-protein-wafer-40g\\\/#breadcrumb\"},\"inLanguage\":\"en-US\",\"potentialAction\":[{\"@type\":\"ReadAction\",\"target\":[\"https:\\\/\\\/fit360.ee\\\/en\\\/pood\\\/product-groups\\\/protein-bars-and-snacks\\\/nano-protein-wafer-40g\\\/\"]}]},{\"@type\":\"ImageObject\",\"inLanguage\":\"en-US\",\"@id\":\"https:\\\/\\\/fit360.ee\\\/en\\\/pood\\\/product-groups\\\/protein-bars-and-snacks\\\/nano-protein-wafer-40g\\\/#primaryimage\",\"url\":\"https:\\\/\\\/fit360.ee\\\/wp-content\\\/uploads\\\/2025\\\/04\\\/nano-protein-wafer-fit360.ee_.jpg\",\"contentUrl\":\"https:\\\/\\\/fit360.ee\\\/wp-content\\\/uploads\\\/2025\\\/04\\\/nano-protein-wafer-fit360.ee_.jpg\",\"width\":540,\"height\":540,\"caption\":\"nano protein wafer - fit360.ee\"},{\"@type\":\"BreadcrumbList\",\"@id\":\"https:\\\/\\\/fit360.ee\\\/en\\\/pood\\\/product-groups\\\/protein-bars-and-snacks\\\/nano-protein-wafer-40g\\\/#breadcrumb\",\"itemListElement\":[{\"@type\":\"ListItem\",\"position\":1,\"name\":\"Home\",\"item\":\"https:\\\/\\\/fit360.ee\\\/en\\\/\"},{\"@type\":\"ListItem\",\"position\":2,\"name\":\"Shop\",\"item\":\"https:\\\/\\\/fit360.ee\\\/en\\\/shop\\\/\"},{\"@type\":\"ListItem\",\"position\":3,\"name\":\"Nano Protein Wafer (40g)\"}]},{\"@type\":\"WebSite\",\"@id\":\"https:\\\/\\\/fit360.ee\\\/en\\\/#website\",\"url\":\"https:\\\/\\\/fit360.ee\\\/en\\\/\",\"name\":\"Fit360\",\"description\":\"\",\"publisher\":{\"@id\":\"https:\\\/\\\/fit360.ee\\\/en\\\/#organization\"},\"potentialAction\":[{\"@type\":\"SearchAction\",\"target\":{\"@type\":\"EntryPoint\",\"urlTemplate\":\"https:\\\/\\\/fit360.ee\\\/en\\\/?s={search_term_string}\"},\"query-input\":{\"@type\":\"PropertyValueSpecification\",\"valueRequired\":true,\"valueName\":\"search_term_string\"}}],\"inLanguage\":\"en-US\"},{\"@type\":\"Organization\",\"@id\":\"https:\\\/\\\/fit360.ee\\\/en\\\/#organization\",\"name\":\"Fit360\",\"url\":\"https:\\\/\\\/fit360.ee\\\/en\\\/\",\"logo\":{\"@type\":\"ImageObject\",\"inLanguage\":\"en-US\",\"@id\":\"https:\\\/\\\/fit360.ee\\\/en\\\/#\\\/schema\\\/logo\\\/image\\\/\",\"url\":\"https:\\\/\\\/fit360.ee\\\/wp-content\\\/uploads\\\/2017\\\/01\\\/logo-fit360.png\",\"contentUrl\":\"https:\\\/\\\/fit360.ee\\\/wp-content\\\/uploads\\\/2017\\\/01\\\/logo-fit360.png\",\"width\":180,\"height\":66,\"caption\":\"Fit360\"},\"image\":{\"@id\":\"https:\\\/\\\/fit360.ee\\\/en\\\/#\\\/schema\\\/logo\\\/image\\\/\"}}]}<\/script>\n<!-- \/ Yoast SEO plugin. -->","yoast_head_json":{"title":"Nano Protein Wafer (40g) - \u00dclimaitsev Vahvlibatoon valguga - Fit360","description":"Nano Protein Wafer on suussulavalt kr\u00f5be valgubatoon, mis \u00fchendab klassikalise vahvli m\u00f5nusa tekstuuri ja tervislikkuse. Iga batoon sisaldab 21% prot...","robots":{"index":"index","follow":"follow","max-snippet":"max-snippet:-1","max-image-preview":"max-image-preview:large","max-video-preview":"max-video-preview:-1"},"canonical":"https:\/\/fit360.ee\/en\/pood\/product-groups\/protein-bars-and-snacks\/nano-protein-wafer-40g\/","og_locale":"en_US","og_type":"article","og_title":"Nano Protein Wafer (40g) - \u00dclimaitsev Vahvlibatoon valguga - Fit360","og_description":"Nano Protein Wafer on suussulavalt kr\u00f5be valgubatoon, mis \u00fchendab klassikalise vahvli m\u00f5nusa tekstuuri ja tervislikkuse. Iga batoon sisaldab 21% prot...","og_url":"https:\/\/fit360.ee\/en\/pood\/product-groups\/protein-bars-and-snacks\/nano-protein-wafer-40g\/","og_site_name":"Fit360","article_modified_time":"2025-08-13T05:35:32+00:00","og_image":[{"width":540,"height":540,"url":"https:\/\/fit360.ee\/wp-content\/uploads\/2025\/04\/nano-protein-wafer-fit360.ee_.jpg","type":"image\/jpeg"}],"twitter_card":"summary_large_image","twitter_misc":{"Est. reading time":"3 minutes"},"schema":{"@context":"https:\/\/schema.org","@graph":[{"@type":"WebPage","@id":"https:\/\/fit360.ee\/en\/pood\/product-groups\/protein-bars-and-snacks\/nano-protein-wafer-40g\/","url":"https:\/\/fit360.ee\/en\/pood\/product-groups\/protein-bars-and-snacks\/nano-protein-wafer-40g\/","name":"Nano Protein Wafer (40g) - \u00dclimaitsev Vahvlibatoon valguga - Fit360","isPartOf":{"@id":"https:\/\/fit360.ee\/en\/#website"},"primaryImageOfPage":{"@id":"https:\/\/fit360.ee\/en\/pood\/product-groups\/protein-bars-and-snacks\/nano-protein-wafer-40g\/#primaryimage"},"image":{"@id":"https:\/\/fit360.ee\/en\/pood\/product-groups\/protein-bars-and-snacks\/nano-protein-wafer-40g\/#primaryimage"},"thumbnailUrl":"https:\/\/fit360.ee\/wp-content\/uploads\/2025\/04\/nano-protein-wafer-fit360.ee_.jpg","datePublished":"2025-04-26T05:13:13+00:00","dateModified":"2025-08-13T05:35:32+00:00","description":"Nano Protein Wafer on suussulavalt kr\u00f5be valgubatoon, mis \u00fchendab klassikalise vahvli m\u00f5nusa tekstuuri ja tervislikkuse. Iga batoon sisaldab 21% prot...","breadcrumb":{"@id":"https:\/\/fit360.ee\/en\/pood\/product-groups\/protein-bars-and-snacks\/nano-protein-wafer-40g\/#breadcrumb"},"inLanguage":"en-US","potentialAction":[{"@type":"ReadAction","target":["https:\/\/fit360.ee\/en\/pood\/product-groups\/protein-bars-and-snacks\/nano-protein-wafer-40g\/"]}]},{"@type":"ImageObject","inLanguage":"en-US","@id":"https:\/\/fit360.ee\/en\/pood\/product-groups\/protein-bars-and-snacks\/nano-protein-wafer-40g\/#primaryimage","url":"https:\/\/fit360.ee\/wp-content\/uploads\/2025\/04\/nano-protein-wafer-fit360.ee_.jpg","contentUrl":"https:\/\/fit360.ee\/wp-content\/uploads\/2025\/04\/nano-protein-wafer-fit360.ee_.jpg","width":540,"height":540,"caption":"nano protein wafer - fit360.ee"},{"@type":"BreadcrumbList","@id":"https:\/\/fit360.ee\/en\/pood\/product-groups\/protein-bars-and-snacks\/nano-protein-wafer-40g\/#breadcrumb","itemListElement":[{"@type":"ListItem","position":1,"name":"Home","item":"https:\/\/fit360.ee\/en\/"},{"@type":"ListItem","position":2,"name":"Shop","item":"https:\/\/fit360.ee\/en\/shop\/"},{"@type":"ListItem","position":3,"name":"Nano Protein Wafer (40g)"}]},{"@type":"WebSite","@id":"https:\/\/fit360.ee\/en\/#website","url":"https:\/\/fit360.ee\/en\/","name":"Fit360","description":"","publisher":{"@id":"https:\/\/fit360.ee\/en\/#organization"},"potentialAction":[{"@type":"SearchAction","target":{"@type":"EntryPoint","urlTemplate":"https:\/\/fit360.ee\/en\/?s={search_term_string}"},"query-input":{"@type":"PropertyValueSpecification","valueRequired":true,"valueName":"search_term_string"}}],"inLanguage":"en-US"},{"@type":"Organization","@id":"https:\/\/fit360.ee\/en\/#organization","name":"Fit360","url":"https:\/\/fit360.ee\/en\/","logo":{"@type":"ImageObject","inLanguage":"en-US","@id":"https:\/\/fit360.ee\/en\/#\/schema\/logo\/image\/","url":"https:\/\/fit360.ee\/wp-content\/uploads\/2017\/01\/logo-fit360.png","contentUrl":"https:\/\/fit360.ee\/wp-content\/uploads\/2017\/01\/logo-fit360.png","width":180,"height":66,"caption":"Fit360"},"image":{"@id":"https:\/\/fit360.ee\/en\/#\/schema\/logo\/image\/"}}]}},"_links":{"self":[{"href":"https:\/\/fit360.ee\/en\/wp-json\/wp\/v2\/product\/88193","targetHints":{"allow":["GET"]}}],"collection":[{"href":"https:\/\/fit360.ee\/en\/wp-json\/wp\/v2\/product"}],"about":[{"href":"https:\/\/fit360.ee\/en\/wp-json\/wp\/v2\/types\/product"}],"replies":[{"embeddable":true,"href":"https:\/\/fit360.ee\/en\/wp-json\/wp\/v2\/comments?post=88193"}],"wp:featuredmedia":[{"embeddable":true,"href":"https:\/\/fit360.ee\/en\/wp-json\/wp\/v2\/media\/88192"}],"wp:attachment":[{"href":"https:\/\/fit360.ee\/en\/wp-json\/wp\/v2\/media?parent=88193"}],"wp:term":[{"taxonomy":"product_brand","embeddable":true,"href":"https:\/\/fit360.ee\/en\/wp-json\/wp\/v2\/product_brand?post=88193"},{"taxonomy":"product_cat","embeddable":true,"href":"https:\/\/fit360.ee\/en\/wp-json\/wp\/v2\/product_cat?post=88193"},{"taxonomy":"product_tag","embeddable":true,"href":"https:\/\/fit360.ee\/en\/wp-json\/wp\/v2\/product_tag?post=88193"},{"taxonomy":"giftcard-category","embeddable":true,"href":"https:\/\/fit360.ee\/en\/wp-json\/wp\/v2\/giftcard-category?post=88193"}],"curies":[{"name":"wp","href":"https:\/\/api.w.org\/{rel}","templated":true}]}}