{"id":88201,"date":"2025-04-26T08:58:17","date_gmt":"2025-04-26T06:58:17","guid":{"rendered":"https:\/\/fit360.ee\/pood\/uncategorized\/hype-beast-shot-60ml\/"},"modified":"2026-04-10T14:56:46","modified_gmt":"2026-04-10T12:56:46","slug":"hype-beast-shot-60ml","status":"publish","type":"product","link":"https:\/\/fit360.ee\/en\/pood\/product-groups\/amino-acids-bcaa\/beta-alanine-en\/hype-beast-shot-60ml\/","title":{"rendered":"Hype Beast Shot (60ml)"},"content":{"rendered":"<h2><strong>Hype Beast Shot<\/strong><\/h2>\n<p><strong>Hype Beast Pre-Workout Shot \u2013 \u00fclim treeningeelne toidulisand, mis on loodud teie sooritusv\u00f5ime suurendamiseks ja kasu maksimeerimiseks.<\/strong><\/p>\n<p><span style=\"font-weight: 400;\">Iga Shot sisaldab tugevaid koostisosasid, mis aitavad teie treeningut kiirendada ja aitavad teil saavutada oma treeningu eesm\u00e4rke. <\/span><span style=\"font-weight: 400;\">Need mugavad joomiseks valmis ampsud sobivad ideaalselt sportlastele, fitness-entusiastidele ja k\u00f5igile, kes soovivad oma treeninguid t\u00e4iustada.<\/span><\/p>\n<p class=\"\" data-start=\"173\" data-end=\"564\">Valmistu viima oma treeningud t\u00e4iesti uuele tasemele! <strong data-start=\"227\" data-end=\"250\">Hype Beast Shot<\/strong> on intensiivne ja kompaktne lahendus neile, kes otsivad kiiret ja t\u00f5husat energialaengut enne trenni. \u00dcks portsjon sisaldab muljetavaldavad <strong data-start=\"391\" data-end=\"417\">4000 mg L-tsitrulliini<\/strong>, mis toetab paremat lihaspumpa ja vereringet, ning <strong data-start=\"469\" data-end=\"495\">3000 mg beeta-alaniini<\/strong>, mis aitab parandada vastupidavust ja l\u00fckata edasi lihaste v\u00e4simust.<\/p>\n<p class=\"\" data-start=\"566\" data-end=\"767\">Lisaks annab <strong data-start=\"579\" data-end=\"598\">200 mg kofeiini<\/strong> tugeva energias\u00fcsti ja vaimse erksuse, et saaksid igast trennist maksimumi v\u00f5tta. Shot on loodud kiireks ja lihtsaks kasutamiseks \u2013 v\u00f5ta see kaasa ja naudi enne trenni!<\/p>\n<p class=\"\" data-start=\"769\" data-end=\"975\">Saadaval kahes eepilises maitses \u2013 <strong data-start=\"804\" data-end=\"823\">sinine vaarikas<\/strong> ja <strong data-start=\"827\" data-end=\"842\">energiajook<\/strong> \u2013 mis pakuvad v\u00e4rsket ja ergutavat elamust iga lonksuga. Ideaalne valik nii j\u00f5usaali, r\u00fchmatreeningu kui ka vastupidavusalade jaoks.<\/p>\n<p class=\"\" data-start=\"977\" data-end=\"1077\">Kui vajad tugevat stardipauku oma treeninguks, siis <b>Hype Beast Shot <\/b>on just see, mida vajad!<\/p>\n<ul>\n<li><span style=\"font-weight: 400;\">4000 mg L-tsitrulliini<\/span><\/li>\n<li><span style=\"font-weight: 400;\">Kofeiini sisaldus 200 mg<\/span><\/li>\n<li><span style=\"font-weight: 400;\">3000 mg beeta-alaniini<\/span><\/li>\n<li><span style=\"font-weight: 400;\">Saadaval 2 eepilise maitsega \u2013 sinine vaarikas ja energiajook<\/span><\/li>\n<\/ul>\n<p><span style=\"font-weight: 400;\">Hype Beast Pre-Workout Shot muudab treeningeelse toidulisandi v\u00f5tmise nauditavaks kogemuseks!<\/span><\/p>\n<p><strong>Koostisosad<\/strong><\/p>\n<p><strong>Sinine vaarikas<\/strong>\u00a0:\u00a0<span style=\"font-weight: 400;\">Vesi, l-tsitrulliin-dl-malaat, beeta-alaniin, aroomid, veevaba kofeiin, magusaine (sukraloos), happesuse regulaator (\u00f5unhape), s\u00e4ilitusaine (naatriumbensoaat), magusaine (atsesulfaam k), s\u00e4ilitusaine (kaaliumsorbaat), v\u00e4rvus sinine (briljantsinine).<\/span><\/p>\n<p><strong>Energiajook<\/strong>\u00a0:\u00a0<span style=\"font-weight: 400;\">Vesi, l-tsitrulliin-dl-malaat, beeta-alaniin, veevaba kofeiin, l\u00f5hna- ja maitseained, magusaine (sukraloos), v\u00e4rvaine (antots\u00fcaniinid), happesuse regulaator (\u00f5unhape), s\u00e4ilitusaine (naatriumbensoaat), magusaine (atsesulfaam k), s\u00e4ilitusaine (kaaliumsorbaat).<\/span><\/p>\n<p><strong>Kasutamine<\/strong>: V\u00f5tke 30 minutit enne treeningut. Soovitatav 1 kord p\u00e4evas.<\/p>\n<p><strong>Hoiatused:\u00a0<span style=\"font-weight: 400;\">Kasutada mitmek\u00fclgse ja tasakaalustatud toitumise ning tervislike eluviiside raames. Toidulisandeid ei tohi kasutada mitmek\u00fclgse toitumise asendajana. \u00c4rge \u00fcletage soovitatavat \u00f6\u00f6p\u00e4evast annust (1 s\u00fcst p\u00e4evas). Hoida lastele k\u00e4ttesaamatus kohas.\u00a0\u00a0<\/span><span style=\"font-weight: 400;\">Hoida jahedas ja kuivas kohas. Hoida eemal otsesest kuumusest, niiskusest ja p\u00e4ikesevalgusest. P\u00e4rast avamist kasutage kiiresti \u00e4ra.<\/span><\/strong><\/p>\n<table>\n<tbody>\n<tr>\n<td><strong>Toimeained<\/strong><\/td>\n<td><strong>100ml<\/strong><\/td>\n<td><strong>Serveeringu kohta (60m<\/strong>l)<\/td>\n<\/tr>\n<tr>\n<td>L-Tsitrulliin Malaat<\/td>\n<td>6666 mg<\/td>\n<td>4000 mg<\/td>\n<\/tr>\n<tr>\n<td>Beeta-Alaniin<\/td>\n<td>5000 mg<\/td>\n<td>3000 mg<\/td>\n<\/tr>\n<tr>\n<td>Veevaba Kofeiin<\/td>\n<td>333 mg<\/td>\n<td>200 mg<\/td>\n<\/tr>\n<\/tbody>\n<\/table>\n<p>&nbsp;<\/p>\n<p>Vaata ka meie Teisi Jooke\/Shotte <a href=\"https:\/\/fit360.ee\/en\/product-category\/product-groups\/drinks-shots\/\"><strong>SIIT<\/strong><\/a> v\u00f5i Pre-Workoute <a href=\"https:\/\/fit360.ee\/en\/product-category\/product-groups\/pre-workout-en\/\"><strong>SIIT<\/strong><\/a>!<\/p>\n","protected":false},"excerpt":{"rendered":"<ul>\n<li><span style=\"font-weight: 400;\">4000 mg L-tsitrulliini<\/span><\/li>\n<li><span style=\"font-weight: 400;\">Kofeiini sisaldus 200 mg<\/span><\/li>\n<li><span style=\"font-weight: 400;\">3000 mg beeta-alaniini<\/span><\/li>\n<li><span style=\"font-weight: 400;\">Saadaval 2 eepilise maitsega \u2013 sinine vaarikas ja energiajook<\/span><\/li>\n<\/ul>\n","protected":false},"featured_media":88198,"comment_status":"open","ping_status":"closed","template":"","meta":[],"product_brand":[],"product_cat":[2303,5324,2314,523,5059,533],"product_tag":[5770,5088,5771,5067],"giftcard-category":[],"class_list":{"0":"post-88201","1":"product","2":"type-product","3":"status-publish","4":"has-post-thumbnail","6":"product_cat-beta-alanine-en","7":"product_cat-caffeine-en","8":"product_cat-citrulline-en","9":"product_cat-drinks-shots","10":"product_cat-nano-supps-en","11":"product_cat-pre-workout-en","12":"product_tag-hype-beast-shot-en","13":"product_tag-nano-en","14":"product_tag-nano-pre-workout-shot-en","15":"product_tag-nano-supps-en","16":"pa_kogus-60ml-en","17":"pa_maitse-blue-raz-en","18":"pa_maitse-energy-drink-en","19":"pa_toidulisand-branddd-nano-supps","20":"pa_tootegruppp-beeta-alaniin-en","21":"pa_tootegruppp-drinksshots","22":"pa_tootegruppp-kofeiin-en","23":"pa_tootegruppp-pre-workout","24":"pa_tootegruppp-tsitrulliin-en","26":"first","27":"instock","28":"sale","29":"taxable","30":"shipping-taxable","31":"purchasable","32":"product-type-variable"},"yoast_head":"<!-- This site is optimized with the Yoast SEO plugin v27.3 - https:\/\/yoast.com\/product\/yoast-seo-wordpress\/ -->\n<title>Hype Beast Shot (60ml) - Tugev Treeningeelne Shot - Parim Hind - Fit360<\/title>\n<meta name=\"description\" content=\"Hype Beast Shot on intensiivne ja kompaktne lahendus neile, kes otsivad kiiret ja t\u00f5husat energialaengut enne trenni. \u00dcks portsjon sisald....\" \/>\n<meta name=\"robots\" content=\"index, follow, max-snippet:-1, max-image-preview:large, max-video-preview:-1\" \/>\n<link rel=\"canonical\" href=\"https:\/\/fit360.ee\/en\/pood\/product-groups\/amino-acids-bcaa\/beta-alanine-en\/hype-beast-shot-60ml\/\" \/>\n<meta property=\"og:locale\" content=\"en_US\" \/>\n<meta property=\"og:type\" content=\"article\" \/>\n<meta property=\"og:title\" content=\"Hype Beast Shot (60ml) - Tugev Treeningeelne Shot - Parim Hind - Fit360\" \/>\n<meta property=\"og:description\" content=\"Hype Beast Shot on intensiivne ja kompaktne lahendus neile, kes otsivad kiiret ja t\u00f5husat energialaengut enne trenni. \u00dcks portsjon sisald....\" \/>\n<meta property=\"og:url\" content=\"https:\/\/fit360.ee\/en\/pood\/product-groups\/amino-acids-bcaa\/beta-alanine-en\/hype-beast-shot-60ml\/\" \/>\n<meta property=\"og:site_name\" content=\"Fit360\" \/>\n<meta property=\"article:modified_time\" content=\"2026-04-10T12:56:46+00:00\" \/>\n<meta property=\"og:image\" content=\"https:\/\/fit360.ee\/wp-content\/uploads\/2025\/04\/hype-beast-shot-fit360.ee_.jpg\" \/>\n\t<meta property=\"og:image:width\" content=\"600\" \/>\n\t<meta property=\"og:image:height\" content=\"600\" \/>\n\t<meta property=\"og:image:type\" content=\"image\/jpeg\" \/>\n<meta name=\"twitter:card\" content=\"summary_large_image\" \/>\n<meta name=\"twitter:label1\" content=\"Est. reading time\" \/>\n\t<meta name=\"twitter:data1\" content=\"3 minutes\" \/>\n<script type=\"application\/ld+json\" class=\"yoast-schema-graph\">{\"@context\":\"https:\\\/\\\/schema.org\",\"@graph\":[{\"@type\":\"WebPage\",\"@id\":\"https:\\\/\\\/fit360.ee\\\/en\\\/pood\\\/product-groups\\\/amino-acids-bcaa\\\/beta-alanine-en\\\/hype-beast-shot-60ml\\\/\",\"url\":\"https:\\\/\\\/fit360.ee\\\/en\\\/pood\\\/product-groups\\\/amino-acids-bcaa\\\/beta-alanine-en\\\/hype-beast-shot-60ml\\\/\",\"name\":\"Hype Beast Shot (60ml) - Tugev Treeningeelne Shot - Parim Hind - Fit360\",\"isPartOf\":{\"@id\":\"https:\\\/\\\/fit360.ee\\\/en\\\/#website\"},\"primaryImageOfPage\":{\"@id\":\"https:\\\/\\\/fit360.ee\\\/en\\\/pood\\\/product-groups\\\/amino-acids-bcaa\\\/beta-alanine-en\\\/hype-beast-shot-60ml\\\/#primaryimage\"},\"image\":{\"@id\":\"https:\\\/\\\/fit360.ee\\\/en\\\/pood\\\/product-groups\\\/amino-acids-bcaa\\\/beta-alanine-en\\\/hype-beast-shot-60ml\\\/#primaryimage\"},\"thumbnailUrl\":\"https:\\\/\\\/fit360.ee\\\/wp-content\\\/uploads\\\/2025\\\/04\\\/hype-beast-shot-fit360.ee_.jpg\",\"datePublished\":\"2025-04-26T06:58:17+00:00\",\"dateModified\":\"2026-04-10T12:56:46+00:00\",\"description\":\"Hype Beast Shot on intensiivne ja kompaktne lahendus neile, kes otsivad kiiret ja t\u00f5husat energialaengut enne trenni. \u00dcks portsjon sisald....\",\"breadcrumb\":{\"@id\":\"https:\\\/\\\/fit360.ee\\\/en\\\/pood\\\/product-groups\\\/amino-acids-bcaa\\\/beta-alanine-en\\\/hype-beast-shot-60ml\\\/#breadcrumb\"},\"inLanguage\":\"en-US\",\"potentialAction\":[{\"@type\":\"ReadAction\",\"target\":[\"https:\\\/\\\/fit360.ee\\\/en\\\/pood\\\/product-groups\\\/amino-acids-bcaa\\\/beta-alanine-en\\\/hype-beast-shot-60ml\\\/\"]}]},{\"@type\":\"ImageObject\",\"inLanguage\":\"en-US\",\"@id\":\"https:\\\/\\\/fit360.ee\\\/en\\\/pood\\\/product-groups\\\/amino-acids-bcaa\\\/beta-alanine-en\\\/hype-beast-shot-60ml\\\/#primaryimage\",\"url\":\"https:\\\/\\\/fit360.ee\\\/wp-content\\\/uploads\\\/2025\\\/04\\\/hype-beast-shot-fit360.ee_.jpg\",\"contentUrl\":\"https:\\\/\\\/fit360.ee\\\/wp-content\\\/uploads\\\/2025\\\/04\\\/hype-beast-shot-fit360.ee_.jpg\",\"width\":600,\"height\":600,\"caption\":\"hype beast shot - fit360.ee\"},{\"@type\":\"BreadcrumbList\",\"@id\":\"https:\\\/\\\/fit360.ee\\\/en\\\/pood\\\/product-groups\\\/amino-acids-bcaa\\\/beta-alanine-en\\\/hype-beast-shot-60ml\\\/#breadcrumb\",\"itemListElement\":[{\"@type\":\"ListItem\",\"position\":1,\"name\":\"Home\",\"item\":\"https:\\\/\\\/fit360.ee\\\/en\\\/\"},{\"@type\":\"ListItem\",\"position\":2,\"name\":\"Shop\",\"item\":\"https:\\\/\\\/fit360.ee\\\/en\\\/shop\\\/\"},{\"@type\":\"ListItem\",\"position\":3,\"name\":\"Hype Beast Shot (60ml)\"}]},{\"@type\":\"WebSite\",\"@id\":\"https:\\\/\\\/fit360.ee\\\/en\\\/#website\",\"url\":\"https:\\\/\\\/fit360.ee\\\/en\\\/\",\"name\":\"Fit360\",\"description\":\"\",\"publisher\":{\"@id\":\"https:\\\/\\\/fit360.ee\\\/en\\\/#organization\"},\"potentialAction\":[{\"@type\":\"SearchAction\",\"target\":{\"@type\":\"EntryPoint\",\"urlTemplate\":\"https:\\\/\\\/fit360.ee\\\/en\\\/?s={search_term_string}\"},\"query-input\":{\"@type\":\"PropertyValueSpecification\",\"valueRequired\":true,\"valueName\":\"search_term_string\"}}],\"inLanguage\":\"en-US\"},{\"@type\":\"Organization\",\"@id\":\"https:\\\/\\\/fit360.ee\\\/en\\\/#organization\",\"name\":\"Fit360\",\"url\":\"https:\\\/\\\/fit360.ee\\\/en\\\/\",\"logo\":{\"@type\":\"ImageObject\",\"inLanguage\":\"en-US\",\"@id\":\"https:\\\/\\\/fit360.ee\\\/en\\\/#\\\/schema\\\/logo\\\/image\\\/\",\"url\":\"https:\\\/\\\/fit360.ee\\\/wp-content\\\/uploads\\\/2017\\\/01\\\/logo-fit360.png\",\"contentUrl\":\"https:\\\/\\\/fit360.ee\\\/wp-content\\\/uploads\\\/2017\\\/01\\\/logo-fit360.png\",\"width\":180,\"height\":66,\"caption\":\"Fit360\"},\"image\":{\"@id\":\"https:\\\/\\\/fit360.ee\\\/en\\\/#\\\/schema\\\/logo\\\/image\\\/\"}}]}<\/script>\n<!-- \/ Yoast SEO plugin. -->","yoast_head_json":{"title":"Hype Beast Shot (60ml) - Tugev Treeningeelne Shot - Parim Hind - Fit360","description":"Hype Beast Shot on intensiivne ja kompaktne lahendus neile, kes otsivad kiiret ja t\u00f5husat energialaengut enne trenni. \u00dcks portsjon sisald....","robots":{"index":"index","follow":"follow","max-snippet":"max-snippet:-1","max-image-preview":"max-image-preview:large","max-video-preview":"max-video-preview:-1"},"canonical":"https:\/\/fit360.ee\/en\/pood\/product-groups\/amino-acids-bcaa\/beta-alanine-en\/hype-beast-shot-60ml\/","og_locale":"en_US","og_type":"article","og_title":"Hype Beast Shot (60ml) - Tugev Treeningeelne Shot - Parim Hind - Fit360","og_description":"Hype Beast Shot on intensiivne ja kompaktne lahendus neile, kes otsivad kiiret ja t\u00f5husat energialaengut enne trenni. \u00dcks portsjon sisald....","og_url":"https:\/\/fit360.ee\/en\/pood\/product-groups\/amino-acids-bcaa\/beta-alanine-en\/hype-beast-shot-60ml\/","og_site_name":"Fit360","article_modified_time":"2026-04-10T12:56:46+00:00","og_image":[{"width":600,"height":600,"url":"https:\/\/fit360.ee\/wp-content\/uploads\/2025\/04\/hype-beast-shot-fit360.ee_.jpg","type":"image\/jpeg"}],"twitter_card":"summary_large_image","twitter_misc":{"Est. reading time":"3 minutes"},"schema":{"@context":"https:\/\/schema.org","@graph":[{"@type":"WebPage","@id":"https:\/\/fit360.ee\/en\/pood\/product-groups\/amino-acids-bcaa\/beta-alanine-en\/hype-beast-shot-60ml\/","url":"https:\/\/fit360.ee\/en\/pood\/product-groups\/amino-acids-bcaa\/beta-alanine-en\/hype-beast-shot-60ml\/","name":"Hype Beast Shot (60ml) - Tugev Treeningeelne Shot - Parim Hind - Fit360","isPartOf":{"@id":"https:\/\/fit360.ee\/en\/#website"},"primaryImageOfPage":{"@id":"https:\/\/fit360.ee\/en\/pood\/product-groups\/amino-acids-bcaa\/beta-alanine-en\/hype-beast-shot-60ml\/#primaryimage"},"image":{"@id":"https:\/\/fit360.ee\/en\/pood\/product-groups\/amino-acids-bcaa\/beta-alanine-en\/hype-beast-shot-60ml\/#primaryimage"},"thumbnailUrl":"https:\/\/fit360.ee\/wp-content\/uploads\/2025\/04\/hype-beast-shot-fit360.ee_.jpg","datePublished":"2025-04-26T06:58:17+00:00","dateModified":"2026-04-10T12:56:46+00:00","description":"Hype Beast Shot on intensiivne ja kompaktne lahendus neile, kes otsivad kiiret ja t\u00f5husat energialaengut enne trenni. \u00dcks portsjon sisald....","breadcrumb":{"@id":"https:\/\/fit360.ee\/en\/pood\/product-groups\/amino-acids-bcaa\/beta-alanine-en\/hype-beast-shot-60ml\/#breadcrumb"},"inLanguage":"en-US","potentialAction":[{"@type":"ReadAction","target":["https:\/\/fit360.ee\/en\/pood\/product-groups\/amino-acids-bcaa\/beta-alanine-en\/hype-beast-shot-60ml\/"]}]},{"@type":"ImageObject","inLanguage":"en-US","@id":"https:\/\/fit360.ee\/en\/pood\/product-groups\/amino-acids-bcaa\/beta-alanine-en\/hype-beast-shot-60ml\/#primaryimage","url":"https:\/\/fit360.ee\/wp-content\/uploads\/2025\/04\/hype-beast-shot-fit360.ee_.jpg","contentUrl":"https:\/\/fit360.ee\/wp-content\/uploads\/2025\/04\/hype-beast-shot-fit360.ee_.jpg","width":600,"height":600,"caption":"hype beast shot - fit360.ee"},{"@type":"BreadcrumbList","@id":"https:\/\/fit360.ee\/en\/pood\/product-groups\/amino-acids-bcaa\/beta-alanine-en\/hype-beast-shot-60ml\/#breadcrumb","itemListElement":[{"@type":"ListItem","position":1,"name":"Home","item":"https:\/\/fit360.ee\/en\/"},{"@type":"ListItem","position":2,"name":"Shop","item":"https:\/\/fit360.ee\/en\/shop\/"},{"@type":"ListItem","position":3,"name":"Hype Beast Shot (60ml)"}]},{"@type":"WebSite","@id":"https:\/\/fit360.ee\/en\/#website","url":"https:\/\/fit360.ee\/en\/","name":"Fit360","description":"","publisher":{"@id":"https:\/\/fit360.ee\/en\/#organization"},"potentialAction":[{"@type":"SearchAction","target":{"@type":"EntryPoint","urlTemplate":"https:\/\/fit360.ee\/en\/?s={search_term_string}"},"query-input":{"@type":"PropertyValueSpecification","valueRequired":true,"valueName":"search_term_string"}}],"inLanguage":"en-US"},{"@type":"Organization","@id":"https:\/\/fit360.ee\/en\/#organization","name":"Fit360","url":"https:\/\/fit360.ee\/en\/","logo":{"@type":"ImageObject","inLanguage":"en-US","@id":"https:\/\/fit360.ee\/en\/#\/schema\/logo\/image\/","url":"https:\/\/fit360.ee\/wp-content\/uploads\/2017\/01\/logo-fit360.png","contentUrl":"https:\/\/fit360.ee\/wp-content\/uploads\/2017\/01\/logo-fit360.png","width":180,"height":66,"caption":"Fit360"},"image":{"@id":"https:\/\/fit360.ee\/en\/#\/schema\/logo\/image\/"}}]}},"_links":{"self":[{"href":"https:\/\/fit360.ee\/en\/wp-json\/wp\/v2\/product\/88201","targetHints":{"allow":["GET"]}}],"collection":[{"href":"https:\/\/fit360.ee\/en\/wp-json\/wp\/v2\/product"}],"about":[{"href":"https:\/\/fit360.ee\/en\/wp-json\/wp\/v2\/types\/product"}],"replies":[{"embeddable":true,"href":"https:\/\/fit360.ee\/en\/wp-json\/wp\/v2\/comments?post=88201"}],"wp:featuredmedia":[{"embeddable":true,"href":"https:\/\/fit360.ee\/en\/wp-json\/wp\/v2\/media\/88198"}],"wp:attachment":[{"href":"https:\/\/fit360.ee\/en\/wp-json\/wp\/v2\/media?parent=88201"}],"wp:term":[{"taxonomy":"product_brand","embeddable":true,"href":"https:\/\/fit360.ee\/en\/wp-json\/wp\/v2\/product_brand?post=88201"},{"taxonomy":"product_cat","embeddable":true,"href":"https:\/\/fit360.ee\/en\/wp-json\/wp\/v2\/product_cat?post=88201"},{"taxonomy":"product_tag","embeddable":true,"href":"https:\/\/fit360.ee\/en\/wp-json\/wp\/v2\/product_tag?post=88201"},{"taxonomy":"giftcard-category","embeddable":true,"href":"https:\/\/fit360.ee\/en\/wp-json\/wp\/v2\/giftcard-category?post=88201"}],"curies":[{"name":"wp","href":"https:\/\/api.w.org\/{rel}","templated":true}]}}