{"id":88299,"date":"2025-05-02T13:48:31","date_gmt":"2025-05-02T11:48:31","guid":{"rendered":"https:\/\/fit360.ee\/pood\/uncategorized\/iconfit-mahe-toorkakaopulber-150g\/"},"modified":"2026-04-10T14:56:44","modified_gmt":"2026-04-10T12:56:44","slug":"iconfit-mahe-toorkakaopulber-150g","status":"publish","type":"product","link":"https:\/\/fit360.ee\/en\/pood\/product-groups\/superfoods-health-foods-en\/fiber-en\/iconfit-mahe-toorkakaopulber-150g\/","title":{"rendered":"ICONFIT Mahe toorkakaopulber (150g)"},"content":{"rendered":"<h2><strong>Toorkakaopulber<\/strong><\/h2>\n<p style=\"font-weight: 400;\"><b><strong>Toorkakaopulber<\/strong><\/b>\u00a0on \u00fcks parimaid looduslikke supertoiduaineid oma k\u00fcllusliku mineraalainete ja vitamiinide sisalduse t\u00f5ttu. Sellel on rikkalik, intensiivne \u0161okolaadimaitse ning k\u00f5rge valgu- ja kiudainesisaldus. Puhas toorkakao on aga paljudele tarbijatele veel tundmatu \u2013 kauplustes m\u00fc\u00fcdavaid t\u00fc\u00fcpilisi kakaopulbreid t\u00f6\u00f6deldakse kuumutamise teel, mis v\u00e4hendab oluliselt nende toitev\u00e4\u00e4rtust.<\/p>\n<p style=\"font-weight: 400;\">Keemiliselt on toorkakao \u00fcpris keeruline supertoit, mis sisaldab \u00fcle 300 tuvastatud keemilise \u00fchendi ja \u00fcle 1200 aromaatse komponendi. See on rikkalik A-, B1-, B2-, B3-, C- ja E-vitamiini allikas.<\/p>\n<p style=\"font-weight: 400;\">Toorkakao oad on ka maailma rikkalikum looduslik magneesiumiallikas. See oluline mineraal toetab s\u00fcdame tervist, parandab ajufunktsiooni, tpetab seedimist, l\u00f5dvestab lihaseid, ennetab krampe, tugevdab luid ning suurendab paindlikkust. Piisav magneesiumitase parandab vereringet, hapnikuga varustamist ja toitainete edastamist kogu kehas. Seevastu magneesiumipuudust seostatakse sageli s\u00fcdamehaigustega. Raud on oluline hemoglobiini jaoks, mis transpordib veres hapnikku, toetab \u00fcldist tervist ja hoiab \u00e4ra aneemia. Lisaks sisaldab kakao kroomi, mis on mineraal, mis aitab tasakaalustada veresuhkru taset.<\/p>\n<p style=\"font-weight: 400;\">Kakao on rikas ka teiste elut\u00e4htsate mineraalide, sealhulgas kaltsiumi, kaaliumi, tsingi, vase ja v\u00e4\u00e4vli poolest. See on hea kiudainete ja C-vitamiini allikas. M\u00e4rkimisv\u00e4\u00e4rne on, et toorkakao v\u00f5ib aidata v\u00e4hendada s\u00f6\u00f6giisu, mis teeb sellest potentsiaalse abivahendi kaalulangetuseks, suurendades samal ajal keskendumisv\u00f5imet. See on looduslikult gluteeni- ja laktoosivaba.<\/p>\n<p style=\"font-weight: 400;\"><b><strong>Toorkakao peamised eelised:<\/strong><\/b><br \/>\n<b><strong>Toitainete tihedus \u2013\u00a0<\/strong><\/b>rohkem kui 1200 bioaktiivset \u00fchendit ja 300 keemilist ainet toovad kasu erinevatele keha s\u00fcsteemidele.<br \/>\n<b><strong>Serotoniini stimuleerimine \u2013\u00a0<\/strong><\/b>soodustab organismis meeleolu parandava, und reguleeriva ja s\u00f6\u00f6giisu ohjeldava serotoniini ehk &#8220;\u00f5nnehormooni&#8221; tootmist.<br \/>\n<b><strong>Heaolu suurendaja \u2013\u00a0<\/strong><\/b>sisaldab \u00fchendeid nagu anandamiid ja fen\u00fc\u00fclet\u00fc\u00fclamiin, mis soodustavad \u00f5nne- ja heaolutunnet.<br \/>\n<b><strong>K\u00fclmpressi eelised \u2013\u00a0<\/strong><\/b>toores kakaopulber s\u00e4ilitab looduslikud ens\u00fc\u00fcmid ja antioks\u00fcdandid, mis puuduvad tavapulbrites.<br \/>\n<b><strong>Mineraalide j\u00f5ujaam\u00a0<\/strong><\/b>\u2013 sisaldab rohkesti mangaani, rauda, vaske, kaltsiumi, tsinki ja kroomi.<br \/>\nToorkakao on t\u00f5eline toitainete aardelaegas, mis toetab nii f\u00fc\u00fcsilist kui ka vaimset heaolu.<\/p>\n<p style=\"font-weight: 400;\"><b><strong><br \/>\nKUIDAS KASUTADA:\u00a0<\/strong><\/b>Lisa smuutidele, k\u00fcpsetistele, putrudele v\u00f5i jogurtitele. Sobib toor\u0161okolaadi valmistamiseks.<\/p>\n<p style=\"font-weight: 400;\"><b><strong>S\u00c4ILITAMINE:<\/strong><\/b>\u00a0Hoida toatemperatuuril, kaitstuna niiskuse ja otsese p\u00e4ikesevalguse eest. Netokaal 150 g.<\/p>\n<p><b><strong>KOOSTISOSAD:\u00a0<\/strong><\/b><span style=\"font-weight: 400;\">100% mahe hariliku kakaopuu oa pulber (<\/span><em style=\"font-weight: 400;\">Theobroma cacao<\/em><span style=\"font-weight: 400;\">).<\/span><\/p>\n<p><strong>ICONFIT toorkakaopulber on valmistatud puhastest, r\u00f6stimata kakaoubadest, mis tagab, et k\u00f5ik toitained, antioks\u00fcdandid ja kasulikud omadused on t\u00e4ielikult s\u00e4ilinud. Sellel on intensiivne \u0161okolaadimaitse ning k\u00f5rge valgu- ja kiudainesisaldus.<\/strong><\/p>\n<ul>\n<li>K\u00f5rge looduslike antioks\u00fcdantide sisaldus \u2013 sisaldab kuni 10% <a href=\"https:\/\/fit360.ee\/en\/product-category\/antioxidants-en\/\"><strong>antioks\u00fcdante<\/strong><\/a> koos <strong><a href=\"https:\/\/fit360.ee\/en\/product-category\/product-groups\/vitamins-and-minerals-en\/c-vitamin-en\/\">C<\/a><\/strong>&#8211; ja <a href=\"https:\/\/fit360.ee\/en\/product-category\/product-groups\/vitamins-and-minerals-en\/e-vitamin-en\/\"><strong>E-vitamiinidega<\/strong><\/a>.<\/li>\n<li>Mineraalaineterikas \u2013 suurep\u00e4rane oluliste mineraalainete nagu <a href=\"https:\/\/fit360.ee\/en\/product-category\/product-groups\/vitamins-and-minerals-en\/magnesium-en\/\"><strong>magneesium<\/strong><\/a>, <a href=\"https:\/\/fit360.ee\/en\/product-category\/product-groups\/vitamins-and-minerals-en\/calcium-en\/\"><strong>kaltsium<\/strong><\/a>, <a href=\"https:\/\/fit360.ee\/en\/product-category\/product-groups\/vitamins-and-minerals-en\/potassium-en\/\"><strong>kaalium<\/strong><\/a>, <a href=\"https:\/\/fit360.ee\/en\/product-category\/product-groups\/vitamins-and-minerals-en\/zinc-en\/\"><strong>tsink<\/strong><\/a> ja vask, allikas.<\/li>\n<li>Kiudaineterikas \u2013 \u00fcle 40% kiudainesisaldus aitab kauem hoida t\u00e4isk\u00f5hutunnet, mist\u00f5ttu on see ideaalne lisand smuutidele.<\/li>\n<\/ul>\n<p>Vaata ka meie teisi Kiudaineid <a href=\"https:\/\/fit360.ee\/en\/product-category\/product-groups\/superfoods-health-foods-en\/fiber-en\/\"><strong>SIIT<\/strong><\/a> v\u00f5i Antioks\u00fcdante <a href=\"https:\/\/fit360.ee\/en\/product-category\/antioxidants-en\/\"><strong>SIIT<\/strong><\/a>!<\/p>\n<p>Soovid kaupa osta suuremas koguses? Vaata antud toodet ka meie HULGI poest\u00a0<a href=\"https:\/\/toidulisandidhulgi.ee\/tooted\/iconfit-mahe-toorkakaopulber-150g\/\"><strong>SIIT<\/strong><\/a>!<\/p>\n","protected":false},"excerpt":{"rendered":"<ul>\n<li>K\u00f5rge looduslike antioks\u00fcdantide sisaldus \u2013 sisaldab kuni 10% antioks\u00fcdante koos C- ja E-vitamiinidega.<\/li>\n<li>Mineraalaineterikas \u2013 suurep\u00e4rane oluliste mineraalainete nagu magneesium, kaltsium, kaalium, tsink ja vask, allikas.<\/li>\n<li>Kiudaineterikas \u2013 \u00fcle 40% kiudainesisaldus aitab kauem hoida t\u00e4isk\u00f5hutunnet, mist\u00f5ttu on see ideaalne lisand smuutidele.<\/li>\n<\/ul>\n","protected":false},"featured_media":88298,"comment_status":"open","ping_status":"closed","template":"","meta":[],"product_brand":[],"product_cat":[5311,1911,2267,2283,2351,5320,1318,1915,2271,1873,1454,536,2275],"product_tag":[1681,2219,5773],"giftcard-category":[],"class_list":{"0":"post-88299","1":"product","2":"type-product","3":"status-publish","4":"has-post-thumbnail","6":"product_cat-antioxidants-en","7":"product_cat-c-vitamin-en","8":"product_cat-calcium-en","9":"product_cat-e-vitamin-en","10":"product_cat-fiber-en","11":"product_cat-for-immunity-en","12":"product_cat-iconfit-en","13":"product_cat-magnesium-en","14":"product_cat-potassium-en","15":"product_cat-superfood-blends-en","16":"product_cat-superfoods-health-foods-en","17":"product_cat-vitamins-and-minerals-en","18":"product_cat-zinc-en","19":"product_tag-iconfit-en","20":"product_tag-toorkakao-en","21":"product_tag-toorkakaopulber-en","22":"pa_kogus-150g-en","23":"pa_toidulisand-branddd-iconfit","24":"pa_tootegruppp-antioksudandid-en","25":"pa_tootegruppp-c-vitamiin-en","26":"pa_tootegruppp-e-vitamiin-en","27":"pa_tootegruppp-immuunsusteem-en","28":"pa_tootegruppp-kaalium-en","29":"pa_tootegruppp-kaltsium-en","30":"pa_tootegruppp-kiudained-en","31":"pa_tootegruppp-magneesium-en","32":"pa_tootegruppp-supertoidusegud-smuutidele-en","33":"pa_tootegruppp-supertoit-tervisetoit-en","34":"pa_tootegruppp-tsink-en","35":"pa_tootegruppp-vitamins-and-minerals","37":"first","38":"outofstock","39":"sale","40":"taxable","41":"shipping-taxable","42":"purchasable","43":"product-type-simple"},"yoast_head":"<!-- This site is optimized with the Yoast SEO plugin v27.3 - https:\/\/yoast.com\/product\/yoast-seo-wordpress\/ -->\n<title>ICONFIT Mahe toorkakaopulber (150g) - Parim Hind - Kiire Tarne - Fit360<\/title>\n<meta name=\"description\" content=\"Toorkakaopulber\u00a0on \u00fcks parimaid looduslikke supertoiduaineid oma k\u00fcllusliku mineraalainete ja vitamiinide sisalduse t\u00f5ttu. Sellel on rikkalik, int...\" \/>\n<meta name=\"robots\" content=\"index, follow, max-snippet:-1, max-image-preview:large, max-video-preview:-1\" \/>\n<link rel=\"canonical\" href=\"https:\/\/fit360.ee\/en\/pood\/product-groups\/superfoods-health-foods-en\/fiber-en\/iconfit-mahe-toorkakaopulber-150g\/\" \/>\n<meta property=\"og:locale\" content=\"en_US\" \/>\n<meta property=\"og:type\" content=\"article\" \/>\n<meta property=\"og:title\" content=\"ICONFIT Mahe toorkakaopulber (150g) - Parim Hind - Kiire Tarne - Fit360\" \/>\n<meta property=\"og:description\" content=\"Toorkakaopulber\u00a0on \u00fcks parimaid looduslikke supertoiduaineid oma k\u00fcllusliku mineraalainete ja vitamiinide sisalduse t\u00f5ttu. Sellel on rikkalik, int...\" \/>\n<meta property=\"og:url\" content=\"https:\/\/fit360.ee\/en\/pood\/product-groups\/superfoods-health-foods-en\/fiber-en\/iconfit-mahe-toorkakaopulber-150g\/\" \/>\n<meta property=\"og:site_name\" content=\"Fit360\" \/>\n<meta property=\"article:modified_time\" content=\"2026-04-10T12:56:44+00:00\" \/>\n<meta property=\"og:image\" content=\"https:\/\/fit360.ee\/wp-content\/uploads\/2025\/05\/toorkakaopulber-iconfit-fit360.ee_.jpg\" \/>\n\t<meta property=\"og:image:width\" content=\"695\" \/>\n\t<meta property=\"og:image:height\" content=\"695\" \/>\n\t<meta property=\"og:image:type\" content=\"image\/jpeg\" \/>\n<meta name=\"twitter:card\" content=\"summary_large_image\" \/>\n<meta name=\"twitter:label1\" content=\"Est. reading time\" \/>\n\t<meta name=\"twitter:data1\" content=\"3 minutes\" \/>\n<script type=\"application\/ld+json\" class=\"yoast-schema-graph\">{\"@context\":\"https:\\\/\\\/schema.org\",\"@graph\":[{\"@type\":\"WebPage\",\"@id\":\"https:\\\/\\\/fit360.ee\\\/en\\\/pood\\\/product-groups\\\/superfoods-health-foods-en\\\/fiber-en\\\/iconfit-mahe-toorkakaopulber-150g\\\/\",\"url\":\"https:\\\/\\\/fit360.ee\\\/en\\\/pood\\\/product-groups\\\/superfoods-health-foods-en\\\/fiber-en\\\/iconfit-mahe-toorkakaopulber-150g\\\/\",\"name\":\"ICONFIT Mahe toorkakaopulber (150g) - Parim Hind - Kiire Tarne - Fit360\",\"isPartOf\":{\"@id\":\"https:\\\/\\\/fit360.ee\\\/en\\\/#website\"},\"primaryImageOfPage\":{\"@id\":\"https:\\\/\\\/fit360.ee\\\/en\\\/pood\\\/product-groups\\\/superfoods-health-foods-en\\\/fiber-en\\\/iconfit-mahe-toorkakaopulber-150g\\\/#primaryimage\"},\"image\":{\"@id\":\"https:\\\/\\\/fit360.ee\\\/en\\\/pood\\\/product-groups\\\/superfoods-health-foods-en\\\/fiber-en\\\/iconfit-mahe-toorkakaopulber-150g\\\/#primaryimage\"},\"thumbnailUrl\":\"https:\\\/\\\/fit360.ee\\\/wp-content\\\/uploads\\\/2025\\\/05\\\/toorkakaopulber-iconfit-fit360.ee_.jpg\",\"datePublished\":\"2025-05-02T11:48:31+00:00\",\"dateModified\":\"2026-04-10T12:56:44+00:00\",\"description\":\"Toorkakaopulber\u00a0on \u00fcks parimaid looduslikke supertoiduaineid oma k\u00fcllusliku mineraalainete ja vitamiinide sisalduse t\u00f5ttu. Sellel on rikkalik, int...\",\"breadcrumb\":{\"@id\":\"https:\\\/\\\/fit360.ee\\\/en\\\/pood\\\/product-groups\\\/superfoods-health-foods-en\\\/fiber-en\\\/iconfit-mahe-toorkakaopulber-150g\\\/#breadcrumb\"},\"inLanguage\":\"en-US\",\"potentialAction\":[{\"@type\":\"ReadAction\",\"target\":[\"https:\\\/\\\/fit360.ee\\\/en\\\/pood\\\/product-groups\\\/superfoods-health-foods-en\\\/fiber-en\\\/iconfit-mahe-toorkakaopulber-150g\\\/\"]}]},{\"@type\":\"ImageObject\",\"inLanguage\":\"en-US\",\"@id\":\"https:\\\/\\\/fit360.ee\\\/en\\\/pood\\\/product-groups\\\/superfoods-health-foods-en\\\/fiber-en\\\/iconfit-mahe-toorkakaopulber-150g\\\/#primaryimage\",\"url\":\"https:\\\/\\\/fit360.ee\\\/wp-content\\\/uploads\\\/2025\\\/05\\\/toorkakaopulber-iconfit-fit360.ee_.jpg\",\"contentUrl\":\"https:\\\/\\\/fit360.ee\\\/wp-content\\\/uploads\\\/2025\\\/05\\\/toorkakaopulber-iconfit-fit360.ee_.jpg\",\"width\":695,\"height\":695,\"caption\":\"toorkakaopulber iconfit - fit360.ee\"},{\"@type\":\"BreadcrumbList\",\"@id\":\"https:\\\/\\\/fit360.ee\\\/en\\\/pood\\\/product-groups\\\/superfoods-health-foods-en\\\/fiber-en\\\/iconfit-mahe-toorkakaopulber-150g\\\/#breadcrumb\",\"itemListElement\":[{\"@type\":\"ListItem\",\"position\":1,\"name\":\"Home\",\"item\":\"https:\\\/\\\/fit360.ee\\\/en\\\/\"},{\"@type\":\"ListItem\",\"position\":2,\"name\":\"Shop\",\"item\":\"https:\\\/\\\/fit360.ee\\\/en\\\/shop\\\/\"},{\"@type\":\"ListItem\",\"position\":3,\"name\":\"ICONFIT Mahe toorkakaopulber (150g)\"}]},{\"@type\":\"WebSite\",\"@id\":\"https:\\\/\\\/fit360.ee\\\/en\\\/#website\",\"url\":\"https:\\\/\\\/fit360.ee\\\/en\\\/\",\"name\":\"Fit360\",\"description\":\"\",\"publisher\":{\"@id\":\"https:\\\/\\\/fit360.ee\\\/en\\\/#organization\"},\"potentialAction\":[{\"@type\":\"SearchAction\",\"target\":{\"@type\":\"EntryPoint\",\"urlTemplate\":\"https:\\\/\\\/fit360.ee\\\/en\\\/?s={search_term_string}\"},\"query-input\":{\"@type\":\"PropertyValueSpecification\",\"valueRequired\":true,\"valueName\":\"search_term_string\"}}],\"inLanguage\":\"en-US\"},{\"@type\":\"Organization\",\"@id\":\"https:\\\/\\\/fit360.ee\\\/en\\\/#organization\",\"name\":\"Fit360\",\"url\":\"https:\\\/\\\/fit360.ee\\\/en\\\/\",\"logo\":{\"@type\":\"ImageObject\",\"inLanguage\":\"en-US\",\"@id\":\"https:\\\/\\\/fit360.ee\\\/en\\\/#\\\/schema\\\/logo\\\/image\\\/\",\"url\":\"https:\\\/\\\/fit360.ee\\\/wp-content\\\/uploads\\\/2017\\\/01\\\/logo-fit360.png\",\"contentUrl\":\"https:\\\/\\\/fit360.ee\\\/wp-content\\\/uploads\\\/2017\\\/01\\\/logo-fit360.png\",\"width\":180,\"height\":66,\"caption\":\"Fit360\"},\"image\":{\"@id\":\"https:\\\/\\\/fit360.ee\\\/en\\\/#\\\/schema\\\/logo\\\/image\\\/\"}}]}<\/script>\n<!-- \/ Yoast SEO plugin. -->","yoast_head_json":{"title":"ICONFIT Mahe toorkakaopulber (150g) - Parim Hind - Kiire Tarne - Fit360","description":"Toorkakaopulber\u00a0on \u00fcks parimaid looduslikke supertoiduaineid oma k\u00fcllusliku mineraalainete ja vitamiinide sisalduse t\u00f5ttu. Sellel on rikkalik, int...","robots":{"index":"index","follow":"follow","max-snippet":"max-snippet:-1","max-image-preview":"max-image-preview:large","max-video-preview":"max-video-preview:-1"},"canonical":"https:\/\/fit360.ee\/en\/pood\/product-groups\/superfoods-health-foods-en\/fiber-en\/iconfit-mahe-toorkakaopulber-150g\/","og_locale":"en_US","og_type":"article","og_title":"ICONFIT Mahe toorkakaopulber (150g) - Parim Hind - Kiire Tarne - Fit360","og_description":"Toorkakaopulber\u00a0on \u00fcks parimaid looduslikke supertoiduaineid oma k\u00fcllusliku mineraalainete ja vitamiinide sisalduse t\u00f5ttu. Sellel on rikkalik, int...","og_url":"https:\/\/fit360.ee\/en\/pood\/product-groups\/superfoods-health-foods-en\/fiber-en\/iconfit-mahe-toorkakaopulber-150g\/","og_site_name":"Fit360","article_modified_time":"2026-04-10T12:56:44+00:00","og_image":[{"width":695,"height":695,"url":"https:\/\/fit360.ee\/wp-content\/uploads\/2025\/05\/toorkakaopulber-iconfit-fit360.ee_.jpg","type":"image\/jpeg"}],"twitter_card":"summary_large_image","twitter_misc":{"Est. reading time":"3 minutes"},"schema":{"@context":"https:\/\/schema.org","@graph":[{"@type":"WebPage","@id":"https:\/\/fit360.ee\/en\/pood\/product-groups\/superfoods-health-foods-en\/fiber-en\/iconfit-mahe-toorkakaopulber-150g\/","url":"https:\/\/fit360.ee\/en\/pood\/product-groups\/superfoods-health-foods-en\/fiber-en\/iconfit-mahe-toorkakaopulber-150g\/","name":"ICONFIT Mahe toorkakaopulber (150g) - Parim Hind - Kiire Tarne - Fit360","isPartOf":{"@id":"https:\/\/fit360.ee\/en\/#website"},"primaryImageOfPage":{"@id":"https:\/\/fit360.ee\/en\/pood\/product-groups\/superfoods-health-foods-en\/fiber-en\/iconfit-mahe-toorkakaopulber-150g\/#primaryimage"},"image":{"@id":"https:\/\/fit360.ee\/en\/pood\/product-groups\/superfoods-health-foods-en\/fiber-en\/iconfit-mahe-toorkakaopulber-150g\/#primaryimage"},"thumbnailUrl":"https:\/\/fit360.ee\/wp-content\/uploads\/2025\/05\/toorkakaopulber-iconfit-fit360.ee_.jpg","datePublished":"2025-05-02T11:48:31+00:00","dateModified":"2026-04-10T12:56:44+00:00","description":"Toorkakaopulber\u00a0on \u00fcks parimaid looduslikke supertoiduaineid oma k\u00fcllusliku mineraalainete ja vitamiinide sisalduse t\u00f5ttu. Sellel on rikkalik, int...","breadcrumb":{"@id":"https:\/\/fit360.ee\/en\/pood\/product-groups\/superfoods-health-foods-en\/fiber-en\/iconfit-mahe-toorkakaopulber-150g\/#breadcrumb"},"inLanguage":"en-US","potentialAction":[{"@type":"ReadAction","target":["https:\/\/fit360.ee\/en\/pood\/product-groups\/superfoods-health-foods-en\/fiber-en\/iconfit-mahe-toorkakaopulber-150g\/"]}]},{"@type":"ImageObject","inLanguage":"en-US","@id":"https:\/\/fit360.ee\/en\/pood\/product-groups\/superfoods-health-foods-en\/fiber-en\/iconfit-mahe-toorkakaopulber-150g\/#primaryimage","url":"https:\/\/fit360.ee\/wp-content\/uploads\/2025\/05\/toorkakaopulber-iconfit-fit360.ee_.jpg","contentUrl":"https:\/\/fit360.ee\/wp-content\/uploads\/2025\/05\/toorkakaopulber-iconfit-fit360.ee_.jpg","width":695,"height":695,"caption":"toorkakaopulber iconfit - fit360.ee"},{"@type":"BreadcrumbList","@id":"https:\/\/fit360.ee\/en\/pood\/product-groups\/superfoods-health-foods-en\/fiber-en\/iconfit-mahe-toorkakaopulber-150g\/#breadcrumb","itemListElement":[{"@type":"ListItem","position":1,"name":"Home","item":"https:\/\/fit360.ee\/en\/"},{"@type":"ListItem","position":2,"name":"Shop","item":"https:\/\/fit360.ee\/en\/shop\/"},{"@type":"ListItem","position":3,"name":"ICONFIT Mahe toorkakaopulber (150g)"}]},{"@type":"WebSite","@id":"https:\/\/fit360.ee\/en\/#website","url":"https:\/\/fit360.ee\/en\/","name":"Fit360","description":"","publisher":{"@id":"https:\/\/fit360.ee\/en\/#organization"},"potentialAction":[{"@type":"SearchAction","target":{"@type":"EntryPoint","urlTemplate":"https:\/\/fit360.ee\/en\/?s={search_term_string}"},"query-input":{"@type":"PropertyValueSpecification","valueRequired":true,"valueName":"search_term_string"}}],"inLanguage":"en-US"},{"@type":"Organization","@id":"https:\/\/fit360.ee\/en\/#organization","name":"Fit360","url":"https:\/\/fit360.ee\/en\/","logo":{"@type":"ImageObject","inLanguage":"en-US","@id":"https:\/\/fit360.ee\/en\/#\/schema\/logo\/image\/","url":"https:\/\/fit360.ee\/wp-content\/uploads\/2017\/01\/logo-fit360.png","contentUrl":"https:\/\/fit360.ee\/wp-content\/uploads\/2017\/01\/logo-fit360.png","width":180,"height":66,"caption":"Fit360"},"image":{"@id":"https:\/\/fit360.ee\/en\/#\/schema\/logo\/image\/"}}]}},"_links":{"self":[{"href":"https:\/\/fit360.ee\/en\/wp-json\/wp\/v2\/product\/88299","targetHints":{"allow":["GET"]}}],"collection":[{"href":"https:\/\/fit360.ee\/en\/wp-json\/wp\/v2\/product"}],"about":[{"href":"https:\/\/fit360.ee\/en\/wp-json\/wp\/v2\/types\/product"}],"replies":[{"embeddable":true,"href":"https:\/\/fit360.ee\/en\/wp-json\/wp\/v2\/comments?post=88299"}],"wp:featuredmedia":[{"embeddable":true,"href":"https:\/\/fit360.ee\/en\/wp-json\/wp\/v2\/media\/88298"}],"wp:attachment":[{"href":"https:\/\/fit360.ee\/en\/wp-json\/wp\/v2\/media?parent=88299"}],"wp:term":[{"taxonomy":"product_brand","embeddable":true,"href":"https:\/\/fit360.ee\/en\/wp-json\/wp\/v2\/product_brand?post=88299"},{"taxonomy":"product_cat","embeddable":true,"href":"https:\/\/fit360.ee\/en\/wp-json\/wp\/v2\/product_cat?post=88299"},{"taxonomy":"product_tag","embeddable":true,"href":"https:\/\/fit360.ee\/en\/wp-json\/wp\/v2\/product_tag?post=88299"},{"taxonomy":"giftcard-category","embeddable":true,"href":"https:\/\/fit360.ee\/en\/wp-json\/wp\/v2\/giftcard-category?post=88299"}],"curies":[{"name":"wp","href":"https:\/\/api.w.org\/{rel}","templated":true}]}}