{"id":88303,"date":"2025-05-02T13:48:31","date_gmt":"2025-05-02T11:48:31","guid":{"rendered":"https:\/\/fit360.ee\/pood\/uncategorized\/iconfit-mahedad-kooritud-kanepiseemned-200g\/"},"modified":"2026-03-24T19:33:34","modified_gmt":"2026-03-24T17:33:34","slug":"iconfit-mahedad-kooritud-kanepiseemned-200g","status":"publish","type":"product","link":"https:\/\/fit360.ee\/en\/pood\/product-groups\/vitamins-and-minerals-en\/magnesium-en\/iconfit-mahedad-kooritud-kanepiseemned-200g\/","title":{"rendered":"ICONFIT Mahedad kooritud kanepiseemned (200g)"},"content":{"rendered":"<h2><strong>Kooritud Kanepiseemned<\/strong><\/h2>\n<p style=\"font-weight: 400;\"><b><strong>Kooritud kanepiseemned<\/strong><\/b>\u00a0on t\u00e4is tervislikke <a href=\"https:\/\/fit360.ee\/tootekategooria\/tootegrupid\/kasulikud-rasvhapped\/omega-3\/\"><strong>oomega-3<\/strong><\/a> ja <a href=\"https:\/\/fit360.ee\/tootekategooria\/tootegrupid\/kasulikud-rasvhapped\/omega-3-6-9\/\"><strong>oomega-6 rasvhappeid<\/strong><\/a>, mis toetavad s\u00fcdame tervist, aitavad v\u00e4hendada p\u00f5letikku ja toetada ajutegevust. Samuti sisaldavad nad rohkesti olulisi vitamiine ja <a href=\"https:\/\/fit360.ee\/tootekategooria\/tootegrupid\/vitamiinid-mineraalid-ja-muu\/\"><strong>mineraalaineid<\/strong><\/a> nagu <a href=\"https:\/\/fit360.ee\/tootekategooria\/tootegrupid\/vitamiinid-mineraalid-ja-muu\/magneesium\/\"><strong>magneesium<\/strong><\/a>, <a href=\"https:\/\/fit360.ee\/tootekategooria\/tootegrupid\/vitamiinid-mineraalid-ja-muu\/tsink\/\"><strong>tsink<\/strong><\/a>, <a href=\"https:\/\/fit360.ee\/tootekategooria\/tootegrupid\/vitamiinid-mineraalid-ja-muu\/raud\/\"><strong>raud<\/strong><\/a> ja <a href=\"https:\/\/fit360.ee\/tootekategooria\/tootegrupid\/vitamiinid-mineraalid-ja-muu\/e-vitamiin\/\"><strong>E-vitamiin<\/strong><\/a>, mis aitavad kaasa energiatootmisele, immuuns\u00fcsteemi toetamisele ja s\u00e4ravale nahale.<\/p>\n<p style=\"font-weight: 400;\">V\u00e4ikestel seemnetel on \u00f5rn p\u00e4hkline maitse ja neid on lihtne toitudele lisada. Puista neid smuutidesse, salatitele, jogurtile v\u00f5i pudrule, et lisada neile head maitset ja toitev\u00e4\u00e4rtust. Kooritud kanepiseemned sobivad ideaalselt k\u00fcpsiste, saiade ja leibade k\u00fcpsetamiseks. Samuti on need suurep\u00e4rane valik koduse kanepipiima valmistamiseks nign sobilikud taimetoitlaste ja veganite men\u00fc\u00fcsse.<\/p>\n<p><strong>ICONFIT kooritud kanepiseemned on fantastiline taimse valgu allikas, mis sisaldab k\u00f5iki \u00fcheksat olulist aminohapet &#8211; seega on need suurep\u00e4rane valik veganitele, taimetoitlastele ja k\u00f5igile, kes soovivad puhast valku. Toetab ka seedimist loodusliku kiudainesisaldusega.<\/strong><\/p>\n<ul>\n<li>Kooritud kanepiseemned on toitaineterikas supertoit, mis on t\u00e4is taimset valku ja asendamatuid oomega rasvhappeid.<\/li>\n<li>Toetavad seedimist loodusliku kiudainesisaldusega.<\/li>\n<li>Sisaldavad palju antioks\u00fcdante naha ja immuuns\u00fcsteemi tervise tagamiseks.<\/li>\n<li>Toetavad s\u00fcdame tervist, aju toimimist ning pakuvad p\u00f5hilisi vitamiine ja mineraalaineid \u00fcldise heaolu tagamiseks.<\/li>\n<li>Maheda p\u00e4hklimaitse ja kr\u00f5mpsuva tekstuuriga kooritud kanepiseemned on ideaalne lisand smuutidele, salatitele ja igap\u00e4evastele toitudele.<\/li>\n<\/ul>\n<p style=\"font-weight: 400;\"><b><strong>KUIDAS KASUTADA:\u00a0<\/strong><\/b>Lisa m\u00fcslile, salatitele, p\u00fcreesuppidele v\u00f5i putrudele.<\/p>\n<p style=\"font-weight: 400;\"><b><strong>HOIUSTAMINE:\u00a0<\/strong><\/b>Hoida toatemperatuuril, kaitstuna niiskuse ja otsese p\u00e4ikesevalguse eest. Netokaal 200 g.<\/p>\n<p style=\"font-weight: 400;\"><b><strong>KOOSTISOSAD:\u00a0<\/strong><\/b>100% mahedad kooritud hariliku kanepi seemned (<em>Cannabis sativa<\/em>).<\/p>\n<p>Vaata ka meie Teisi Kasulike Rasvhappeid <a href=\"https:\/\/fit360.ee\/tootekategooria\/tootegrupid\/kasulikud-rasvhapped\/\"><strong>SIIT<\/strong><\/a> v\u00f5i Vitamiine\/Mineraale <a href=\"https:\/\/fit360.ee\/tootekategooria\/tootegrupid\/vitamiinid-mineraalid-ja-muu\/\"><strong>SIIT<\/strong><\/a>!<\/p>\n<p>Soovid kaupa osta suuremas koguses? Vaata antud toodet ka meie HULGI poest\u00a0<a href=\"https:\/\/toidulisandidhulgi.ee\/tooted\/iconfit-mahedad-kooritud-kanepiseemned-200g\/\"><strong>SIIT<\/strong><\/a>!<\/p>\n","protected":false},"excerpt":{"rendered":"<ul>\n<li>Kooritud kanepiseemned on toitaineterikas supertoit, mis on t\u00e4is taimset valku ja asendamatuid oomega rasvhappeid.<\/li>\n<li>Toetavad seedimist loodusliku kiudainesisaldusega.<\/li>\n<li>Sisaldavad palju antioks\u00fcdante naha ja immuuns\u00fcsteemi tervise tagamiseks.<\/li>\n<li>Toetavad s\u00fcdame tervist, aju toimimist ning pakuvad p\u00f5hilisi vitamiine ja mineraalaineid \u00fcldise heaolu tagamiseks.<\/li>\n<li>Maheda p\u00e4hklimaitse ja kr\u00f5mpsuva tekstuuriga kooritud kanepiseemned on ideaalne lisand smuutidele, salatitele ja igap\u00e4evastele toitudele.<\/li>\n<\/ul>\n","protected":false},"featured_media":88302,"comment_status":"open","ping_status":"closed","template":"","meta":[],"product_brand":[],"product_cat":[5311,2283,525,1318,2665,1915,2438,2442,1873,1454,536,2275,1201],"product_tag":[5777,1681,5778,5779],"giftcard-category":[],"class_list":{"0":"post-88303","1":"product","2":"type-product","3":"status-publish","4":"has-post-thumbnail","6":"product_cat-antioxidants-en","7":"product_cat-e-vitamin-en","8":"product_cat-essential-fats-en","9":"product_cat-iconfit-en","10":"product_cat-iron-en","11":"product_cat-magnesium-en","12":"product_cat-omega-3-en","13":"product_cat-omega-3-6-9-en","14":"product_cat-superfood-blends-en","15":"product_cat-superfoods-health-foods-en","16":"product_cat-vitamins-and-minerals-en","17":"product_cat-zinc-en","18":"product_cat-1201","19":"product_tag-hulled-hemp-en","20":"product_tag-iconfit-en","21":"product_tag-kanepiseemned-en","22":"product_tag-kooritud-kanepiseemned-en","23":"pa_kogus-200g-en","24":"pa_toidulisand-branddd-iconfit","25":"pa_tootegruppp-antioksudandid-en","26":"pa_tootegruppp-e-vitamiin-en","27":"pa_tootegruppp-magneesium-en","28":"pa_tootegruppp-omega-3-en","29":"pa_tootegruppp-omega-3-6-9-en","30":"pa_tootegruppp-raud-en","31":"pa_tootegruppp-supertoidusegud-smuutidele-en","32":"pa_tootegruppp-supertoit-tervisetoit-en","33":"pa_tootegruppp-tsink-en","34":"pa_tootegruppp-useful-fatty-acids","35":"pa_tootegruppp-vegan-en","36":"pa_tootegruppp-vitamins-and-minerals","38":"first","39":"instock","40":"sale","41":"taxable","42":"shipping-taxable","43":"purchasable","44":"product-type-simple"},"yoast_head":"<!-- This site is optimized with the Yoast SEO plugin v27.3 - https:\/\/yoast.com\/product\/yoast-seo-wordpress\/ -->\n<title>ICONFIT Mahedad kooritud kanepiseemned (200g) - Parim Hind - Fit360<\/title>\n<meta name=\"description\" content=\"Kooritud kanepiseemned\u00a0on t\u00e4is tervislikke oomega-3 ja oomega-6 rasvhappeid, mis toetavad s\u00fcdame tervist, aitavad v\u00e4hendada p\u00f5letikku ja toetada ajutegevust\" \/>\n<meta name=\"robots\" content=\"index, follow, max-snippet:-1, max-image-preview:large, max-video-preview:-1\" \/>\n<link rel=\"canonical\" href=\"https:\/\/fit360.ee\/en\/pood\/product-groups\/vitamins-and-minerals-en\/magnesium-en\/iconfit-mahedad-kooritud-kanepiseemned-200g\/\" \/>\n<meta property=\"og:locale\" content=\"en_US\" \/>\n<meta property=\"og:type\" content=\"article\" \/>\n<meta property=\"og:title\" content=\"ICONFIT Mahedad kooritud kanepiseemned (200g) - Parim Hind - Fit360\" \/>\n<meta property=\"og:description\" content=\"Kooritud kanepiseemned\u00a0on t\u00e4is tervislikke oomega-3 ja oomega-6 rasvhappeid, mis toetavad s\u00fcdame tervist, aitavad v\u00e4hendada p\u00f5letikku ja toetada ajutegevust\" \/>\n<meta property=\"og:url\" content=\"https:\/\/fit360.ee\/en\/pood\/product-groups\/vitamins-and-minerals-en\/magnesium-en\/iconfit-mahedad-kooritud-kanepiseemned-200g\/\" \/>\n<meta property=\"og:site_name\" content=\"Fit360\" \/>\n<meta property=\"article:modified_time\" content=\"2026-03-24T17:33:34+00:00\" \/>\n<meta property=\"og:image\" content=\"https:\/\/fit360.ee\/wp-content\/uploads\/2025\/05\/kooritud-kanepiseemned-iconfit-fit360.ee_.jpg\" \/>\n\t<meta property=\"og:image:width\" content=\"695\" \/>\n\t<meta property=\"og:image:height\" content=\"695\" \/>\n\t<meta property=\"og:image:type\" content=\"image\/jpeg\" \/>\n<meta name=\"twitter:card\" content=\"summary_large_image\" \/>\n<meta name=\"twitter:label1\" content=\"Est. reading time\" \/>\n\t<meta name=\"twitter:data1\" content=\"2 minutes\" \/>\n<script type=\"application\/ld+json\" class=\"yoast-schema-graph\">{\"@context\":\"https:\\\/\\\/schema.org\",\"@graph\":[{\"@type\":\"WebPage\",\"@id\":\"https:\\\/\\\/fit360.ee\\\/en\\\/pood\\\/product-groups\\\/vitamins-and-minerals-en\\\/magnesium-en\\\/iconfit-mahedad-kooritud-kanepiseemned-200g\\\/\",\"url\":\"https:\\\/\\\/fit360.ee\\\/en\\\/pood\\\/product-groups\\\/vitamins-and-minerals-en\\\/magnesium-en\\\/iconfit-mahedad-kooritud-kanepiseemned-200g\\\/\",\"name\":\"ICONFIT Mahedad kooritud kanepiseemned (200g) - Parim Hind - Fit360\",\"isPartOf\":{\"@id\":\"https:\\\/\\\/fit360.ee\\\/en\\\/#website\"},\"primaryImageOfPage\":{\"@id\":\"https:\\\/\\\/fit360.ee\\\/en\\\/pood\\\/product-groups\\\/vitamins-and-minerals-en\\\/magnesium-en\\\/iconfit-mahedad-kooritud-kanepiseemned-200g\\\/#primaryimage\"},\"image\":{\"@id\":\"https:\\\/\\\/fit360.ee\\\/en\\\/pood\\\/product-groups\\\/vitamins-and-minerals-en\\\/magnesium-en\\\/iconfit-mahedad-kooritud-kanepiseemned-200g\\\/#primaryimage\"},\"thumbnailUrl\":\"https:\\\/\\\/fit360.ee\\\/wp-content\\\/uploads\\\/2025\\\/05\\\/kooritud-kanepiseemned-iconfit-fit360.ee_.jpg\",\"datePublished\":\"2025-05-02T11:48:31+00:00\",\"dateModified\":\"2026-03-24T17:33:34+00:00\",\"description\":\"Kooritud kanepiseemned\u00a0on t\u00e4is tervislikke oomega-3 ja oomega-6 rasvhappeid, mis toetavad s\u00fcdame tervist, aitavad v\u00e4hendada p\u00f5letikku ja toetada ajutegevust\",\"breadcrumb\":{\"@id\":\"https:\\\/\\\/fit360.ee\\\/en\\\/pood\\\/product-groups\\\/vitamins-and-minerals-en\\\/magnesium-en\\\/iconfit-mahedad-kooritud-kanepiseemned-200g\\\/#breadcrumb\"},\"inLanguage\":\"en-US\",\"potentialAction\":[{\"@type\":\"ReadAction\",\"target\":[\"https:\\\/\\\/fit360.ee\\\/en\\\/pood\\\/product-groups\\\/vitamins-and-minerals-en\\\/magnesium-en\\\/iconfit-mahedad-kooritud-kanepiseemned-200g\\\/\"]}]},{\"@type\":\"ImageObject\",\"inLanguage\":\"en-US\",\"@id\":\"https:\\\/\\\/fit360.ee\\\/en\\\/pood\\\/product-groups\\\/vitamins-and-minerals-en\\\/magnesium-en\\\/iconfit-mahedad-kooritud-kanepiseemned-200g\\\/#primaryimage\",\"url\":\"https:\\\/\\\/fit360.ee\\\/wp-content\\\/uploads\\\/2025\\\/05\\\/kooritud-kanepiseemned-iconfit-fit360.ee_.jpg\",\"contentUrl\":\"https:\\\/\\\/fit360.ee\\\/wp-content\\\/uploads\\\/2025\\\/05\\\/kooritud-kanepiseemned-iconfit-fit360.ee_.jpg\",\"width\":695,\"height\":695,\"caption\":\"kooritud kanepiseemned iconfit - fit360.ee\"},{\"@type\":\"BreadcrumbList\",\"@id\":\"https:\\\/\\\/fit360.ee\\\/en\\\/pood\\\/product-groups\\\/vitamins-and-minerals-en\\\/magnesium-en\\\/iconfit-mahedad-kooritud-kanepiseemned-200g\\\/#breadcrumb\",\"itemListElement\":[{\"@type\":\"ListItem\",\"position\":1,\"name\":\"Home\",\"item\":\"https:\\\/\\\/fit360.ee\\\/en\\\/\"},{\"@type\":\"ListItem\",\"position\":2,\"name\":\"Shop\",\"item\":\"https:\\\/\\\/fit360.ee\\\/en\\\/shop\\\/\"},{\"@type\":\"ListItem\",\"position\":3,\"name\":\"ICONFIT Mahedad kooritud kanepiseemned (200g)\"}]},{\"@type\":\"WebSite\",\"@id\":\"https:\\\/\\\/fit360.ee\\\/en\\\/#website\",\"url\":\"https:\\\/\\\/fit360.ee\\\/en\\\/\",\"name\":\"Fit360\",\"description\":\"\",\"publisher\":{\"@id\":\"https:\\\/\\\/fit360.ee\\\/en\\\/#organization\"},\"potentialAction\":[{\"@type\":\"SearchAction\",\"target\":{\"@type\":\"EntryPoint\",\"urlTemplate\":\"https:\\\/\\\/fit360.ee\\\/en\\\/?s={search_term_string}\"},\"query-input\":{\"@type\":\"PropertyValueSpecification\",\"valueRequired\":true,\"valueName\":\"search_term_string\"}}],\"inLanguage\":\"en-US\"},{\"@type\":\"Organization\",\"@id\":\"https:\\\/\\\/fit360.ee\\\/en\\\/#organization\",\"name\":\"Fit360\",\"url\":\"https:\\\/\\\/fit360.ee\\\/en\\\/\",\"logo\":{\"@type\":\"ImageObject\",\"inLanguage\":\"en-US\",\"@id\":\"https:\\\/\\\/fit360.ee\\\/en\\\/#\\\/schema\\\/logo\\\/image\\\/\",\"url\":\"https:\\\/\\\/fit360.ee\\\/wp-content\\\/uploads\\\/2017\\\/01\\\/logo-fit360.png\",\"contentUrl\":\"https:\\\/\\\/fit360.ee\\\/wp-content\\\/uploads\\\/2017\\\/01\\\/logo-fit360.png\",\"width\":180,\"height\":66,\"caption\":\"Fit360\"},\"image\":{\"@id\":\"https:\\\/\\\/fit360.ee\\\/en\\\/#\\\/schema\\\/logo\\\/image\\\/\"}}]}<\/script>\n<!-- \/ Yoast SEO plugin. -->","yoast_head_json":{"title":"ICONFIT Mahedad kooritud kanepiseemned (200g) - Parim Hind - Fit360","description":"Kooritud kanepiseemned\u00a0on t\u00e4is tervislikke oomega-3 ja oomega-6 rasvhappeid, mis toetavad s\u00fcdame tervist, aitavad v\u00e4hendada p\u00f5letikku ja toetada ajutegevust","robots":{"index":"index","follow":"follow","max-snippet":"max-snippet:-1","max-image-preview":"max-image-preview:large","max-video-preview":"max-video-preview:-1"},"canonical":"https:\/\/fit360.ee\/en\/pood\/product-groups\/vitamins-and-minerals-en\/magnesium-en\/iconfit-mahedad-kooritud-kanepiseemned-200g\/","og_locale":"en_US","og_type":"article","og_title":"ICONFIT Mahedad kooritud kanepiseemned (200g) - Parim Hind - Fit360","og_description":"Kooritud kanepiseemned\u00a0on t\u00e4is tervislikke oomega-3 ja oomega-6 rasvhappeid, mis toetavad s\u00fcdame tervist, aitavad v\u00e4hendada p\u00f5letikku ja toetada ajutegevust","og_url":"https:\/\/fit360.ee\/en\/pood\/product-groups\/vitamins-and-minerals-en\/magnesium-en\/iconfit-mahedad-kooritud-kanepiseemned-200g\/","og_site_name":"Fit360","article_modified_time":"2026-03-24T17:33:34+00:00","og_image":[{"width":695,"height":695,"url":"https:\/\/fit360.ee\/wp-content\/uploads\/2025\/05\/kooritud-kanepiseemned-iconfit-fit360.ee_.jpg","type":"image\/jpeg"}],"twitter_card":"summary_large_image","twitter_misc":{"Est. reading time":"2 minutes"},"schema":{"@context":"https:\/\/schema.org","@graph":[{"@type":"WebPage","@id":"https:\/\/fit360.ee\/en\/pood\/product-groups\/vitamins-and-minerals-en\/magnesium-en\/iconfit-mahedad-kooritud-kanepiseemned-200g\/","url":"https:\/\/fit360.ee\/en\/pood\/product-groups\/vitamins-and-minerals-en\/magnesium-en\/iconfit-mahedad-kooritud-kanepiseemned-200g\/","name":"ICONFIT Mahedad kooritud kanepiseemned (200g) - Parim Hind - Fit360","isPartOf":{"@id":"https:\/\/fit360.ee\/en\/#website"},"primaryImageOfPage":{"@id":"https:\/\/fit360.ee\/en\/pood\/product-groups\/vitamins-and-minerals-en\/magnesium-en\/iconfit-mahedad-kooritud-kanepiseemned-200g\/#primaryimage"},"image":{"@id":"https:\/\/fit360.ee\/en\/pood\/product-groups\/vitamins-and-minerals-en\/magnesium-en\/iconfit-mahedad-kooritud-kanepiseemned-200g\/#primaryimage"},"thumbnailUrl":"https:\/\/fit360.ee\/wp-content\/uploads\/2025\/05\/kooritud-kanepiseemned-iconfit-fit360.ee_.jpg","datePublished":"2025-05-02T11:48:31+00:00","dateModified":"2026-03-24T17:33:34+00:00","description":"Kooritud kanepiseemned\u00a0on t\u00e4is tervislikke oomega-3 ja oomega-6 rasvhappeid, mis toetavad s\u00fcdame tervist, aitavad v\u00e4hendada p\u00f5letikku ja toetada ajutegevust","breadcrumb":{"@id":"https:\/\/fit360.ee\/en\/pood\/product-groups\/vitamins-and-minerals-en\/magnesium-en\/iconfit-mahedad-kooritud-kanepiseemned-200g\/#breadcrumb"},"inLanguage":"en-US","potentialAction":[{"@type":"ReadAction","target":["https:\/\/fit360.ee\/en\/pood\/product-groups\/vitamins-and-minerals-en\/magnesium-en\/iconfit-mahedad-kooritud-kanepiseemned-200g\/"]}]},{"@type":"ImageObject","inLanguage":"en-US","@id":"https:\/\/fit360.ee\/en\/pood\/product-groups\/vitamins-and-minerals-en\/magnesium-en\/iconfit-mahedad-kooritud-kanepiseemned-200g\/#primaryimage","url":"https:\/\/fit360.ee\/wp-content\/uploads\/2025\/05\/kooritud-kanepiseemned-iconfit-fit360.ee_.jpg","contentUrl":"https:\/\/fit360.ee\/wp-content\/uploads\/2025\/05\/kooritud-kanepiseemned-iconfit-fit360.ee_.jpg","width":695,"height":695,"caption":"kooritud kanepiseemned iconfit - fit360.ee"},{"@type":"BreadcrumbList","@id":"https:\/\/fit360.ee\/en\/pood\/product-groups\/vitamins-and-minerals-en\/magnesium-en\/iconfit-mahedad-kooritud-kanepiseemned-200g\/#breadcrumb","itemListElement":[{"@type":"ListItem","position":1,"name":"Home","item":"https:\/\/fit360.ee\/en\/"},{"@type":"ListItem","position":2,"name":"Shop","item":"https:\/\/fit360.ee\/en\/shop\/"},{"@type":"ListItem","position":3,"name":"ICONFIT Mahedad kooritud kanepiseemned (200g)"}]},{"@type":"WebSite","@id":"https:\/\/fit360.ee\/en\/#website","url":"https:\/\/fit360.ee\/en\/","name":"Fit360","description":"","publisher":{"@id":"https:\/\/fit360.ee\/en\/#organization"},"potentialAction":[{"@type":"SearchAction","target":{"@type":"EntryPoint","urlTemplate":"https:\/\/fit360.ee\/en\/?s={search_term_string}"},"query-input":{"@type":"PropertyValueSpecification","valueRequired":true,"valueName":"search_term_string"}}],"inLanguage":"en-US"},{"@type":"Organization","@id":"https:\/\/fit360.ee\/en\/#organization","name":"Fit360","url":"https:\/\/fit360.ee\/en\/","logo":{"@type":"ImageObject","inLanguage":"en-US","@id":"https:\/\/fit360.ee\/en\/#\/schema\/logo\/image\/","url":"https:\/\/fit360.ee\/wp-content\/uploads\/2017\/01\/logo-fit360.png","contentUrl":"https:\/\/fit360.ee\/wp-content\/uploads\/2017\/01\/logo-fit360.png","width":180,"height":66,"caption":"Fit360"},"image":{"@id":"https:\/\/fit360.ee\/en\/#\/schema\/logo\/image\/"}}]}},"_links":{"self":[{"href":"https:\/\/fit360.ee\/en\/wp-json\/wp\/v2\/product\/88303","targetHints":{"allow":["GET"]}}],"collection":[{"href":"https:\/\/fit360.ee\/en\/wp-json\/wp\/v2\/product"}],"about":[{"href":"https:\/\/fit360.ee\/en\/wp-json\/wp\/v2\/types\/product"}],"replies":[{"embeddable":true,"href":"https:\/\/fit360.ee\/en\/wp-json\/wp\/v2\/comments?post=88303"}],"wp:featuredmedia":[{"embeddable":true,"href":"https:\/\/fit360.ee\/en\/wp-json\/wp\/v2\/media\/88302"}],"wp:attachment":[{"href":"https:\/\/fit360.ee\/en\/wp-json\/wp\/v2\/media?parent=88303"}],"wp:term":[{"taxonomy":"product_brand","embeddable":true,"href":"https:\/\/fit360.ee\/en\/wp-json\/wp\/v2\/product_brand?post=88303"},{"taxonomy":"product_cat","embeddable":true,"href":"https:\/\/fit360.ee\/en\/wp-json\/wp\/v2\/product_cat?post=88303"},{"taxonomy":"product_tag","embeddable":true,"href":"https:\/\/fit360.ee\/en\/wp-json\/wp\/v2\/product_tag?post=88303"},{"taxonomy":"giftcard-category","embeddable":true,"href":"https:\/\/fit360.ee\/en\/wp-json\/wp\/v2\/giftcard-category?post=88303"}],"curies":[{"name":"wp","href":"https:\/\/api.w.org\/{rel}","templated":true}]}}