{"id":88309,"date":"2025-05-02T13:48:31","date_gmt":"2025-05-02T11:48:31","guid":{"rendered":"https:\/\/fit360.ee\/pood\/uncategorized\/iconfit-mahe-klorella-125g\/"},"modified":"2026-04-10T14:56:42","modified_gmt":"2026-04-10T12:56:42","slug":"iconfit-mahe-klorella-125g","status":"publish","type":"product","link":"https:\/\/fit360.ee\/en\/pood\/product-groups\/superfoods-health-foods-en\/fiber-en\/iconfit-mahe-klorella-125g\/","title":{"rendered":"ICONFIT Mahe Klorella (125g)"},"content":{"rendered":"<h2><strong>Klorella pulber<\/strong><\/h2>\n<p><strong>ICONFIT Klorella pulber<\/strong>\u00a0on looduslik detoksifitseerija, mis sisaldab \u00fcle 60% valku. Klorella seob raskemetalle, kemikaale ja muid m\u00fcrkaineid ning viib need kehast v\u00e4lja \u2013 lisage seda oma igap\u00e4evasesse toiduvalikusse ja hoidke oma immuuns\u00fcsteem tugevana.<\/p>\n<p>Klorellal sisaldab ka palju kasulikke toitaineid:<\/p>\n<p><strong>Valgud \u2013\u00a0<\/strong>klorella sisaldab palju valku, sealhulgas k\u00f5iki \u00fcheksat asendamatut aminohapet.<br \/>\n<strong>Raud ja C-vitamiin \u2013\u00a0<\/strong>klorella on ka hea raua- ja C-vitamiini allikas. C-vitamiin suurendab raua imendumist.<br \/>\n<strong>Muud antioks\u00fcdandid \u2013\u00a0<\/strong>need pisikesed rohelised rakud pakuvad mitmesuguseid antioks\u00fcdante.<br \/>\n<strong>Omega-3-ained \u2013\u00a0<\/strong>nagu teised vetikad, sisaldab ka klorella m\u00f5ningaid oomega-3-\u00fchendeid. Vaid 3 grammi klorellat annab 100 mg oomega-3-\u00fchendeid.<\/p>\n<p>Klorella toetab ka maksa tervist ja on \u00fcsna neutraalse maitsega, sarnanedes rohelise teega, seega saab seda kergesti lisada smuutidele v\u00f5i putrudele.<\/p>\n<p><strong>ICONFIT Mahe Klorella on looduslik detoksifitseerija. Klorella on ka v\u00e4ga hea valkude, rasvade, s\u00fcsivesikute, kiudainete, klorof\u00fclli, vitamiinide ja mineraalide allikas.<\/strong><\/p>\n<ul>\n<li>Sisaldab \u00fcle 60% valku.<\/li>\n<li>Detoksifitseerivad omadused aitavad kehast m\u00fcrkaineid eemaldada.<\/li>\n<li>Sobib suurep\u00e4raselt smuutidesse v\u00f5i kasutamiseks taimse spordijoogina, sest see suurendab eluj\u00f5udu ja energiat.<\/li>\n<li>Looduslik oluliste toitainete allikas.<\/li>\n<\/ul>\n<p><strong>KUIDAS KASUTADA:\u00a0<\/strong>Lisa 1 teelusikat\u00e4is (3 g) pulbrit mahladele, smuutidele, jogurtitele v\u00f5i pestodele.<\/p>\n<p><strong>HOIUSTAMINE:\u00a0<\/strong>Hoida toatemperatuuril, kaitstuna niiskuse ja otsese p\u00e4ikesevalguse eest. Netokaal 125 g.<\/p>\n<p><strong>KOOSTISOSAD:\u00a0<\/strong>Mahe klorella pulber (<i>Chlorella Pyrenoidosa<\/i>).<\/p>\n<p>Vaata ka meie teisi Supertoite <a href=\"https:\/\/fit360.ee\/en\/product-category\/product-groups\/superfoods-health-foods-en\/\"><strong>SIIT<\/strong><\/a> v\u00f5i Antioks\u00fcdante <a href=\"https:\/\/fit360.ee\/en\/product-category\/antioxidants-en\/\"><strong>SIIT<\/strong><\/a>!<\/p>\n<p>Soovid kaupa osta suuremas koguses? Vaata antud toodet ka meie HULGI poest\u00a0<a href=\"https:\/\/toidulisandidhulgi.ee\/tooted\/iconfit-mahe-klorella-125g\/\"><strong>SIIT<\/strong><\/a>!<\/p>\n","protected":false},"excerpt":{"rendered":"<ul>\n<li>Sisaldab \u00fcle 60% valku.<\/li>\n<li>Detoksifitseerivad omadused aitavad kehast m\u00fcrkaineid eemaldada.<\/li>\n<li>Sobib suurep\u00e4raselt smuutidesse v\u00f5i kasutamiseks taimse spordijoogina, sest see suurendab eluj\u00f5udu ja energiat.<\/li>\n<li>Looduslik oluliste toitainete allikas.<\/li>\n<\/ul>\n","protected":false},"featured_media":88308,"comment_status":"open","ping_status":"closed","template":"","meta":[],"product_brand":[],"product_cat":[5311,1911,2388,522,525,2351,5320,1318,2665,2438,1873,1454,2428,536,1201],"product_tag":[5783,1681,5784,5785],"giftcard-category":[],"class_list":{"0":"post-88309","1":"product","2":"type-product","3":"status-publish","4":"has-post-thumbnail","6":"product_cat-antioxidants-en","7":"product_cat-c-vitamin-en","8":"product_cat-chlorella-en","9":"product_cat-energy-carbohydrates","10":"product_cat-essential-fats-en","11":"product_cat-fiber-en","12":"product_cat-for-immunity-en","13":"product_cat-iconfit-en","14":"product_cat-iron-en","15":"product_cat-omega-3-en","16":"product_cat-superfood-blends-en","17":"product_cat-superfoods-health-foods-en","18":"product_cat-vegan-protein-en","19":"product_cat-vitamins-and-minerals-en","20":"product_cat-1201","21":"product_tag-chlorella-en","22":"product_tag-iconfit-en","23":"product_tag-klorella-en","24":"product_tag-klorella-pulber-en","25":"pa_kogus-125g-en","26":"pa_toidulisand-branddd-iconfit","27":"pa_tootegruppp-antioksudandid-en","28":"pa_tootegruppp-c-vitamiin-en","29":"pa_tootegruppp-energycarbs","30":"pa_tootegruppp-immuunsusteem-en","31":"pa_tootegruppp-kiudained-en","32":"pa_tootegruppp-klorella-en","33":"pa_tootegruppp-omega-3-en","34":"pa_tootegruppp-raud-en","35":"pa_tootegruppp-supertoidusegud-smuutidele-en","36":"pa_tootegruppp-supertoit-tervisetoit-en","37":"pa_tootegruppp-taimne-valk-en","38":"pa_tootegruppp-useful-fatty-acids","39":"pa_tootegruppp-vegan-en","40":"pa_tootegruppp-vitamins-and-minerals","42":"first","43":"instock","44":"sale","45":"taxable","46":"shipping-taxable","47":"purchasable","48":"product-type-simple"},"yoast_head":"<!-- This site is optimized with the Yoast SEO plugin v27.3 - https:\/\/yoast.com\/product\/yoast-seo-wordpress\/ -->\n<title>ICONFIT Mahe Klorella (125g) - Puhas lorella pulber - Parim Hind - Fit360<\/title>\n<meta name=\"description\" content=\"Klorella pulber\u00a0on looduslik detoksifitseerija, mis sisaldab \u00fcle 60% valku. Klorella seob raskemetalle, kemikaale ja muid m\u00fcrkaineid ning viib need kehast..\" \/>\n<meta name=\"robots\" content=\"index, follow, max-snippet:-1, max-image-preview:large, max-video-preview:-1\" \/>\n<link rel=\"canonical\" href=\"https:\/\/fit360.ee\/en\/pood\/product-groups\/superfoods-health-foods-en\/fiber-en\/iconfit-mahe-klorella-125g\/\" \/>\n<meta property=\"og:locale\" content=\"en_US\" \/>\n<meta property=\"og:type\" content=\"article\" \/>\n<meta property=\"og:title\" content=\"ICONFIT Mahe Klorella (125g) - Puhas lorella pulber - Parim Hind - Fit360\" \/>\n<meta property=\"og:description\" content=\"Klorella pulber\u00a0on looduslik detoksifitseerija, mis sisaldab \u00fcle 60% valku. Klorella seob raskemetalle, kemikaale ja muid m\u00fcrkaineid ning viib need kehast..\" \/>\n<meta property=\"og:url\" content=\"https:\/\/fit360.ee\/en\/pood\/product-groups\/superfoods-health-foods-en\/fiber-en\/iconfit-mahe-klorella-125g\/\" \/>\n<meta property=\"og:site_name\" content=\"Fit360\" \/>\n<meta property=\"article:modified_time\" content=\"2026-04-10T12:56:42+00:00\" \/>\n<meta property=\"og:image\" content=\"https:\/\/fit360.ee\/wp-content\/uploads\/2025\/05\/klorella-pulber-iconfit-fit360.ee_.jpg\" \/>\n\t<meta property=\"og:image:width\" content=\"695\" \/>\n\t<meta property=\"og:image:height\" content=\"695\" \/>\n\t<meta property=\"og:image:type\" content=\"image\/jpeg\" \/>\n<meta name=\"twitter:card\" content=\"summary_large_image\" \/>\n<meta name=\"twitter:label1\" content=\"Est. reading time\" \/>\n\t<meta name=\"twitter:data1\" content=\"2 minutes\" \/>\n<script type=\"application\/ld+json\" class=\"yoast-schema-graph\">{\"@context\":\"https:\\\/\\\/schema.org\",\"@graph\":[{\"@type\":\"WebPage\",\"@id\":\"https:\\\/\\\/fit360.ee\\\/en\\\/pood\\\/product-groups\\\/superfoods-health-foods-en\\\/fiber-en\\\/iconfit-mahe-klorella-125g\\\/\",\"url\":\"https:\\\/\\\/fit360.ee\\\/en\\\/pood\\\/product-groups\\\/superfoods-health-foods-en\\\/fiber-en\\\/iconfit-mahe-klorella-125g\\\/\",\"name\":\"ICONFIT Mahe Klorella (125g) - Puhas lorella pulber - Parim Hind - Fit360\",\"isPartOf\":{\"@id\":\"https:\\\/\\\/fit360.ee\\\/en\\\/#website\"},\"primaryImageOfPage\":{\"@id\":\"https:\\\/\\\/fit360.ee\\\/en\\\/pood\\\/product-groups\\\/superfoods-health-foods-en\\\/fiber-en\\\/iconfit-mahe-klorella-125g\\\/#primaryimage\"},\"image\":{\"@id\":\"https:\\\/\\\/fit360.ee\\\/en\\\/pood\\\/product-groups\\\/superfoods-health-foods-en\\\/fiber-en\\\/iconfit-mahe-klorella-125g\\\/#primaryimage\"},\"thumbnailUrl\":\"https:\\\/\\\/fit360.ee\\\/wp-content\\\/uploads\\\/2025\\\/05\\\/klorella-pulber-iconfit-fit360.ee_.jpg\",\"datePublished\":\"2025-05-02T11:48:31+00:00\",\"dateModified\":\"2026-04-10T12:56:42+00:00\",\"description\":\"Klorella pulber\u00a0on looduslik detoksifitseerija, mis sisaldab \u00fcle 60% valku. Klorella seob raskemetalle, kemikaale ja muid m\u00fcrkaineid ning viib need kehast..\",\"breadcrumb\":{\"@id\":\"https:\\\/\\\/fit360.ee\\\/en\\\/pood\\\/product-groups\\\/superfoods-health-foods-en\\\/fiber-en\\\/iconfit-mahe-klorella-125g\\\/#breadcrumb\"},\"inLanguage\":\"en-US\",\"potentialAction\":[{\"@type\":\"ReadAction\",\"target\":[\"https:\\\/\\\/fit360.ee\\\/en\\\/pood\\\/product-groups\\\/superfoods-health-foods-en\\\/fiber-en\\\/iconfit-mahe-klorella-125g\\\/\"]}]},{\"@type\":\"ImageObject\",\"inLanguage\":\"en-US\",\"@id\":\"https:\\\/\\\/fit360.ee\\\/en\\\/pood\\\/product-groups\\\/superfoods-health-foods-en\\\/fiber-en\\\/iconfit-mahe-klorella-125g\\\/#primaryimage\",\"url\":\"https:\\\/\\\/fit360.ee\\\/wp-content\\\/uploads\\\/2025\\\/05\\\/klorella-pulber-iconfit-fit360.ee_.jpg\",\"contentUrl\":\"https:\\\/\\\/fit360.ee\\\/wp-content\\\/uploads\\\/2025\\\/05\\\/klorella-pulber-iconfit-fit360.ee_.jpg\",\"width\":695,\"height\":695,\"caption\":\"klorella pulber iconfit -fit360.ee\"},{\"@type\":\"BreadcrumbList\",\"@id\":\"https:\\\/\\\/fit360.ee\\\/en\\\/pood\\\/product-groups\\\/superfoods-health-foods-en\\\/fiber-en\\\/iconfit-mahe-klorella-125g\\\/#breadcrumb\",\"itemListElement\":[{\"@type\":\"ListItem\",\"position\":1,\"name\":\"Home\",\"item\":\"https:\\\/\\\/fit360.ee\\\/en\\\/\"},{\"@type\":\"ListItem\",\"position\":2,\"name\":\"Shop\",\"item\":\"https:\\\/\\\/fit360.ee\\\/en\\\/shop\\\/\"},{\"@type\":\"ListItem\",\"position\":3,\"name\":\"ICONFIT Mahe Klorella (125g)\"}]},{\"@type\":\"WebSite\",\"@id\":\"https:\\\/\\\/fit360.ee\\\/en\\\/#website\",\"url\":\"https:\\\/\\\/fit360.ee\\\/en\\\/\",\"name\":\"Fit360\",\"description\":\"\",\"publisher\":{\"@id\":\"https:\\\/\\\/fit360.ee\\\/en\\\/#organization\"},\"potentialAction\":[{\"@type\":\"SearchAction\",\"target\":{\"@type\":\"EntryPoint\",\"urlTemplate\":\"https:\\\/\\\/fit360.ee\\\/en\\\/?s={search_term_string}\"},\"query-input\":{\"@type\":\"PropertyValueSpecification\",\"valueRequired\":true,\"valueName\":\"search_term_string\"}}],\"inLanguage\":\"en-US\"},{\"@type\":\"Organization\",\"@id\":\"https:\\\/\\\/fit360.ee\\\/en\\\/#organization\",\"name\":\"Fit360\",\"url\":\"https:\\\/\\\/fit360.ee\\\/en\\\/\",\"logo\":{\"@type\":\"ImageObject\",\"inLanguage\":\"en-US\",\"@id\":\"https:\\\/\\\/fit360.ee\\\/en\\\/#\\\/schema\\\/logo\\\/image\\\/\",\"url\":\"https:\\\/\\\/fit360.ee\\\/wp-content\\\/uploads\\\/2017\\\/01\\\/logo-fit360.png\",\"contentUrl\":\"https:\\\/\\\/fit360.ee\\\/wp-content\\\/uploads\\\/2017\\\/01\\\/logo-fit360.png\",\"width\":180,\"height\":66,\"caption\":\"Fit360\"},\"image\":{\"@id\":\"https:\\\/\\\/fit360.ee\\\/en\\\/#\\\/schema\\\/logo\\\/image\\\/\"}}]}<\/script>\n<!-- \/ Yoast SEO plugin. -->","yoast_head_json":{"title":"ICONFIT Mahe Klorella (125g) - Puhas lorella pulber - Parim Hind - Fit360","description":"Klorella pulber\u00a0on looduslik detoksifitseerija, mis sisaldab \u00fcle 60% valku. Klorella seob raskemetalle, kemikaale ja muid m\u00fcrkaineid ning viib need kehast..","robots":{"index":"index","follow":"follow","max-snippet":"max-snippet:-1","max-image-preview":"max-image-preview:large","max-video-preview":"max-video-preview:-1"},"canonical":"https:\/\/fit360.ee\/en\/pood\/product-groups\/superfoods-health-foods-en\/fiber-en\/iconfit-mahe-klorella-125g\/","og_locale":"en_US","og_type":"article","og_title":"ICONFIT Mahe Klorella (125g) - Puhas lorella pulber - Parim Hind - Fit360","og_description":"Klorella pulber\u00a0on looduslik detoksifitseerija, mis sisaldab \u00fcle 60% valku. Klorella seob raskemetalle, kemikaale ja muid m\u00fcrkaineid ning viib need kehast..","og_url":"https:\/\/fit360.ee\/en\/pood\/product-groups\/superfoods-health-foods-en\/fiber-en\/iconfit-mahe-klorella-125g\/","og_site_name":"Fit360","article_modified_time":"2026-04-10T12:56:42+00:00","og_image":[{"width":695,"height":695,"url":"https:\/\/fit360.ee\/wp-content\/uploads\/2025\/05\/klorella-pulber-iconfit-fit360.ee_.jpg","type":"image\/jpeg"}],"twitter_card":"summary_large_image","twitter_misc":{"Est. reading time":"2 minutes"},"schema":{"@context":"https:\/\/schema.org","@graph":[{"@type":"WebPage","@id":"https:\/\/fit360.ee\/en\/pood\/product-groups\/superfoods-health-foods-en\/fiber-en\/iconfit-mahe-klorella-125g\/","url":"https:\/\/fit360.ee\/en\/pood\/product-groups\/superfoods-health-foods-en\/fiber-en\/iconfit-mahe-klorella-125g\/","name":"ICONFIT Mahe Klorella (125g) - Puhas lorella pulber - Parim Hind - Fit360","isPartOf":{"@id":"https:\/\/fit360.ee\/en\/#website"},"primaryImageOfPage":{"@id":"https:\/\/fit360.ee\/en\/pood\/product-groups\/superfoods-health-foods-en\/fiber-en\/iconfit-mahe-klorella-125g\/#primaryimage"},"image":{"@id":"https:\/\/fit360.ee\/en\/pood\/product-groups\/superfoods-health-foods-en\/fiber-en\/iconfit-mahe-klorella-125g\/#primaryimage"},"thumbnailUrl":"https:\/\/fit360.ee\/wp-content\/uploads\/2025\/05\/klorella-pulber-iconfit-fit360.ee_.jpg","datePublished":"2025-05-02T11:48:31+00:00","dateModified":"2026-04-10T12:56:42+00:00","description":"Klorella pulber\u00a0on looduslik detoksifitseerija, mis sisaldab \u00fcle 60% valku. Klorella seob raskemetalle, kemikaale ja muid m\u00fcrkaineid ning viib need kehast..","breadcrumb":{"@id":"https:\/\/fit360.ee\/en\/pood\/product-groups\/superfoods-health-foods-en\/fiber-en\/iconfit-mahe-klorella-125g\/#breadcrumb"},"inLanguage":"en-US","potentialAction":[{"@type":"ReadAction","target":["https:\/\/fit360.ee\/en\/pood\/product-groups\/superfoods-health-foods-en\/fiber-en\/iconfit-mahe-klorella-125g\/"]}]},{"@type":"ImageObject","inLanguage":"en-US","@id":"https:\/\/fit360.ee\/en\/pood\/product-groups\/superfoods-health-foods-en\/fiber-en\/iconfit-mahe-klorella-125g\/#primaryimage","url":"https:\/\/fit360.ee\/wp-content\/uploads\/2025\/05\/klorella-pulber-iconfit-fit360.ee_.jpg","contentUrl":"https:\/\/fit360.ee\/wp-content\/uploads\/2025\/05\/klorella-pulber-iconfit-fit360.ee_.jpg","width":695,"height":695,"caption":"klorella pulber iconfit -fit360.ee"},{"@type":"BreadcrumbList","@id":"https:\/\/fit360.ee\/en\/pood\/product-groups\/superfoods-health-foods-en\/fiber-en\/iconfit-mahe-klorella-125g\/#breadcrumb","itemListElement":[{"@type":"ListItem","position":1,"name":"Home","item":"https:\/\/fit360.ee\/en\/"},{"@type":"ListItem","position":2,"name":"Shop","item":"https:\/\/fit360.ee\/en\/shop\/"},{"@type":"ListItem","position":3,"name":"ICONFIT Mahe Klorella (125g)"}]},{"@type":"WebSite","@id":"https:\/\/fit360.ee\/en\/#website","url":"https:\/\/fit360.ee\/en\/","name":"Fit360","description":"","publisher":{"@id":"https:\/\/fit360.ee\/en\/#organization"},"potentialAction":[{"@type":"SearchAction","target":{"@type":"EntryPoint","urlTemplate":"https:\/\/fit360.ee\/en\/?s={search_term_string}"},"query-input":{"@type":"PropertyValueSpecification","valueRequired":true,"valueName":"search_term_string"}}],"inLanguage":"en-US"},{"@type":"Organization","@id":"https:\/\/fit360.ee\/en\/#organization","name":"Fit360","url":"https:\/\/fit360.ee\/en\/","logo":{"@type":"ImageObject","inLanguage":"en-US","@id":"https:\/\/fit360.ee\/en\/#\/schema\/logo\/image\/","url":"https:\/\/fit360.ee\/wp-content\/uploads\/2017\/01\/logo-fit360.png","contentUrl":"https:\/\/fit360.ee\/wp-content\/uploads\/2017\/01\/logo-fit360.png","width":180,"height":66,"caption":"Fit360"},"image":{"@id":"https:\/\/fit360.ee\/en\/#\/schema\/logo\/image\/"}}]}},"_links":{"self":[{"href":"https:\/\/fit360.ee\/en\/wp-json\/wp\/v2\/product\/88309","targetHints":{"allow":["GET"]}}],"collection":[{"href":"https:\/\/fit360.ee\/en\/wp-json\/wp\/v2\/product"}],"about":[{"href":"https:\/\/fit360.ee\/en\/wp-json\/wp\/v2\/types\/product"}],"replies":[{"embeddable":true,"href":"https:\/\/fit360.ee\/en\/wp-json\/wp\/v2\/comments?post=88309"}],"wp:featuredmedia":[{"embeddable":true,"href":"https:\/\/fit360.ee\/en\/wp-json\/wp\/v2\/media\/88308"}],"wp:attachment":[{"href":"https:\/\/fit360.ee\/en\/wp-json\/wp\/v2\/media?parent=88309"}],"wp:term":[{"taxonomy":"product_brand","embeddable":true,"href":"https:\/\/fit360.ee\/en\/wp-json\/wp\/v2\/product_brand?post=88309"},{"taxonomy":"product_cat","embeddable":true,"href":"https:\/\/fit360.ee\/en\/wp-json\/wp\/v2\/product_cat?post=88309"},{"taxonomy":"product_tag","embeddable":true,"href":"https:\/\/fit360.ee\/en\/wp-json\/wp\/v2\/product_tag?post=88309"},{"taxonomy":"giftcard-category","embeddable":true,"href":"https:\/\/fit360.ee\/en\/wp-json\/wp\/v2\/giftcard-category?post=88309"}],"curies":[{"name":"wp","href":"https:\/\/api.w.org\/{rel}","templated":true}]}}