{"id":8846,"date":"2016-10-03T10:10:54","date_gmt":"2016-10-03T08:10:54","guid":{"rendered":"https:\/\/fit360.ee\/shop\/maaratlemata\/kookosoli-extra-virgin-900g-2\/"},"modified":"2024-07-15T10:47:17","modified_gmt":"2024-07-15T08:47:17","slug":"kookosoli-extra-virgin-900g-2","status":"publish","type":"product","link":"https:\/\/fit360.ee\/en\/pood\/product-groups\/essential-fats-en\/coconut-oil-en\/kookosoli-extra-virgin-900g-2\/","title":{"rendered":"Extra Virgin Coconut Oil (900g)"},"content":{"rendered":"<p><strong>Ostrovit&#8217;s Extra Virgin<\/strong> is an u<span title=\"Olej kokosowy nierafinowany jest naturalnym produktem pozyskiwanym z mi\u0105\u017cszu kokosa.\">nrefined coconut oil. It&#8217;s a natural product harvested from the flesh of the coconut.\u00a0<\/span><span title=\"Jest otrzymywany w procesie t\u0142oczenia w zimnej temperaturze (do 40 stopni), nierafinowany, niefiltrowany i nieoczyszczony.\">It is produced by the stamping in cold temperature (40 degrees), unrefined, unfiltered.\u00a0<\/span><span title=\"Uwa\u017cany za najzdrowszy olej ze wzgl\u0119du na bogat\u0105 zawarto\u015b\u0107 sk\u0142adnik\u00f3w od\u017cywczych oraz kwasu laurynowego.\">Considered to be the healthiest oil because of the rich content of nutrients and lauric acid.\u00a0<\/span><span title=\"Ma dobroczynny wp\u0142yw na funkcjonowanie niemal wszystkich uk\u0142ad\u00f3w i narz\u0105d\u00f3w w organizmie. \">It has a beneficial effect on the functioning of almost all systems and organs in the<\/span> <span title=\"Ma dobroczynny wp\u0142yw na funkcjonowanie niemal wszystkich uk\u0142ad\u00f3w i narz\u0105d\u00f3w w organizmie. \">body<\/span><strong><span title=\"Ma dobroczynny wp\u0142yw na funkcjonowanie niemal wszystkich uk\u0142ad\u00f3w i narz\u0105d\u00f3w w organizmie. \">.<\/span><\/strong><\/p>\n<p><strong><span title=\"Ma dobroczynny wp\u0142yw na funkcjonowanie niemal wszystkich uk\u0142ad\u00f3w i narz\u0105d\u00f3w w organizmie. \">How to use<\/span><\/strong><strong>:<\/strong><\/p>\n<ul>\n<li>Substitute to butter<\/li>\n<li>Addition to a\u00a0<em>smoothie<\/em><\/li>\n<li>Frying<\/li>\n<li>Adding to a cup of coffee<\/li>\n<\/ul>\n<p><b>Size<\/b>: 900g<\/p>\n<table>\n<tbody>\n<tr>\n<td><strong>Analysis<\/strong><\/td>\n<td><strong>100g<\/strong><\/td>\n<td><strong>% RDA (100g)<\/strong><\/td>\n<\/tr>\n<tr>\n<td>Energy value<\/td>\n<td>3467kJ\/828kcal<\/td>\n<td>41%<\/td>\n<\/tr>\n<tr>\n<td>Fat<\/td>\n<td>92g<\/td>\n<td>131%<\/td>\n<\/tr>\n<tr>\n<td><i>of which saturated<\/i><\/td>\n<td>87g<\/td>\n<td>435%<\/td>\n<\/tr>\n<tr>\n<td><em>of which monosaturated<\/em><\/td>\n<td>4g<\/td>\n<td>&#8211;<\/td>\n<\/tr>\n<tr>\n<td><em>of which polysaturated<\/em><\/td>\n<td>1g<\/td>\n<td>&#8211;<\/td>\n<\/tr>\n<tr>\n<td>Carbohydrates<\/td>\n<td>0g<\/td>\n<td>0%<\/td>\n<\/tr>\n<tr>\n<td><em>of which sugars<\/em><\/td>\n<td>0g<\/td>\n<td>0%<\/td>\n<\/tr>\n<tr>\n<td>Protein<\/td>\n<td>0g<\/td>\n<td>0%<\/td>\n<\/tr>\n<tr>\n<td>Salt<\/td>\n<td>0g<\/td>\n<td>0%<\/td>\n<\/tr>\n<\/tbody>\n<\/table>\n","protected":false},"excerpt":{"rendered":"<p><strong>100% NATURAL UNREFINED COCONUT OIL<\/strong><\/p>\n<ul>\n<li>Unrefined<\/li>\n<li>Strengthens the immune system<\/li>\n<li>Has strong antibacterial characteristics and protects the body against different viruses<\/li>\n<li>Has positive influence in metabolism<\/li>\n<li>Product&#8217;s lack of calories is ideal for people who wish to lose weight and at the same time take care of their health<\/li>\n<li>Good for frying and cooking<\/li>\n<\/ul>\n<p><strong>Unrefined Extra Virgin coconut oil\u00a0<\/strong>has a positive effect on the whole body and immune system.<\/p>\n","protected":false},"featured_media":80596,"comment_status":"open","ping_status":"closed","template":"","meta":[],"product_brand":[],"product_cat":[2446,525,1329],"product_tag":[],"giftcard-category":[],"class_list":{"0":"post-8846","1":"product","2":"type-product","3":"status-publish","4":"has-post-thumbnail","6":"product_cat-coconut-oil-en","7":"product_cat-essential-fats-en","8":"product_cat-ostrovit-en","9":"pa_toidulisand-branddd-ostrovit","10":"pa_tootegruppp-kookosoli-en","11":"pa_tootegruppp-useful-fatty-acids","13":"first","14":"outofstock","15":"sale","16":"taxable","17":"shipping-taxable","18":"purchasable","19":"product-type-simple"},"yoast_head":"<!-- This site is optimized with the Yoast SEO plugin v27.3 - https:\/\/yoast.com\/product\/yoast-seo-wordpress\/ -->\n<title>Extra Virgin Coconut Oil (900g) - Fit360<\/title>\n<meta name=\"robots\" content=\"index, follow, max-snippet:-1, max-image-preview:large, max-video-preview:-1\" \/>\n<link rel=\"canonical\" href=\"https:\/\/fit360.ee\/en\/pood\/product-groups\/essential-fats-en\/coconut-oil-en\/kookosoli-extra-virgin-900g-2\/\" \/>\n<meta property=\"og:locale\" content=\"en_US\" \/>\n<meta property=\"og:type\" content=\"article\" \/>\n<meta property=\"og:title\" content=\"Extra Virgin Coconut Oil (900g) - Fit360\" \/>\n<meta property=\"og:description\" content=\"100% NATURAL UNREFINED COCONUT OIL   Unrefined  Strengthens the immune system  Has strong antibacterial characteristics and protects the body against different viruses  Has positive influence in metabolism  Product&#039;s lack of calories is ideal for people who wish to lose weight and at the same time take care of their health  Good for frying and cooking  Unrefined Extra Virgin coconut oil\u00a0has a positive effect on the whole body and immune system.\" \/>\n<meta property=\"og:url\" content=\"https:\/\/fit360.ee\/en\/pood\/product-groups\/essential-fats-en\/coconut-oil-en\/kookosoli-extra-virgin-900g-2\/\" \/>\n<meta property=\"og:site_name\" content=\"Fit360\" \/>\n<meta property=\"article:modified_time\" content=\"2024-07-15T08:47:17+00:00\" \/>\n<meta property=\"og:image\" content=\"https:\/\/fit360.ee\/wp-content\/uploads\/2016\/10\/111.png\" \/>\n\t<meta property=\"og:image:width\" content=\"1000\" \/>\n\t<meta property=\"og:image:height\" content=\"1000\" \/>\n\t<meta property=\"og:image:type\" content=\"image\/png\" \/>\n<meta name=\"twitter:card\" content=\"summary_large_image\" \/>\n<meta name=\"twitter:label1\" content=\"Est. reading time\" \/>\n\t<meta name=\"twitter:data1\" content=\"1 minute\" \/>\n<script type=\"application\/ld+json\" class=\"yoast-schema-graph\">{\"@context\":\"https:\\\/\\\/schema.org\",\"@graph\":[{\"@type\":\"WebPage\",\"@id\":\"https:\\\/\\\/fit360.ee\\\/en\\\/pood\\\/product-groups\\\/essential-fats-en\\\/coconut-oil-en\\\/kookosoli-extra-virgin-900g-2\\\/\",\"url\":\"https:\\\/\\\/fit360.ee\\\/en\\\/pood\\\/product-groups\\\/essential-fats-en\\\/coconut-oil-en\\\/kookosoli-extra-virgin-900g-2\\\/\",\"name\":\"Extra Virgin Coconut Oil (900g) - Fit360\",\"isPartOf\":{\"@id\":\"https:\\\/\\\/fit360.ee\\\/en\\\/#website\"},\"primaryImageOfPage\":{\"@id\":\"https:\\\/\\\/fit360.ee\\\/en\\\/pood\\\/product-groups\\\/essential-fats-en\\\/coconut-oil-en\\\/kookosoli-extra-virgin-900g-2\\\/#primaryimage\"},\"image\":{\"@id\":\"https:\\\/\\\/fit360.ee\\\/en\\\/pood\\\/product-groups\\\/essential-fats-en\\\/coconut-oil-en\\\/kookosoli-extra-virgin-900g-2\\\/#primaryimage\"},\"thumbnailUrl\":\"https:\\\/\\\/fit360.ee\\\/wp-content\\\/uploads\\\/2016\\\/10\\\/111.png\",\"datePublished\":\"2016-10-03T08:10:54+00:00\",\"dateModified\":\"2024-07-15T08:47:17+00:00\",\"breadcrumb\":{\"@id\":\"https:\\\/\\\/fit360.ee\\\/en\\\/pood\\\/product-groups\\\/essential-fats-en\\\/coconut-oil-en\\\/kookosoli-extra-virgin-900g-2\\\/#breadcrumb\"},\"inLanguage\":\"en-US\",\"potentialAction\":[{\"@type\":\"ReadAction\",\"target\":[\"https:\\\/\\\/fit360.ee\\\/en\\\/pood\\\/product-groups\\\/essential-fats-en\\\/coconut-oil-en\\\/kookosoli-extra-virgin-900g-2\\\/\"]}]},{\"@type\":\"ImageObject\",\"inLanguage\":\"en-US\",\"@id\":\"https:\\\/\\\/fit360.ee\\\/en\\\/pood\\\/product-groups\\\/essential-fats-en\\\/coconut-oil-en\\\/kookosoli-extra-virgin-900g-2\\\/#primaryimage\",\"url\":\"https:\\\/\\\/fit360.ee\\\/wp-content\\\/uploads\\\/2016\\\/10\\\/111.png\",\"contentUrl\":\"https:\\\/\\\/fit360.ee\\\/wp-content\\\/uploads\\\/2016\\\/10\\\/111.png\",\"width\":1000,\"height\":1000},{\"@type\":\"BreadcrumbList\",\"@id\":\"https:\\\/\\\/fit360.ee\\\/en\\\/pood\\\/product-groups\\\/essential-fats-en\\\/coconut-oil-en\\\/kookosoli-extra-virgin-900g-2\\\/#breadcrumb\",\"itemListElement\":[{\"@type\":\"ListItem\",\"position\":1,\"name\":\"Home\",\"item\":\"https:\\\/\\\/fit360.ee\\\/en\\\/\"},{\"@type\":\"ListItem\",\"position\":2,\"name\":\"Shop\",\"item\":\"https:\\\/\\\/fit360.ee\\\/en\\\/shop\\\/\"},{\"@type\":\"ListItem\",\"position\":3,\"name\":\"Extra Virgin Coconut Oil (900g)\"}]},{\"@type\":\"WebSite\",\"@id\":\"https:\\\/\\\/fit360.ee\\\/en\\\/#website\",\"url\":\"https:\\\/\\\/fit360.ee\\\/en\\\/\",\"name\":\"Fit360\",\"description\":\"\",\"publisher\":{\"@id\":\"https:\\\/\\\/fit360.ee\\\/en\\\/#organization\"},\"potentialAction\":[{\"@type\":\"SearchAction\",\"target\":{\"@type\":\"EntryPoint\",\"urlTemplate\":\"https:\\\/\\\/fit360.ee\\\/en\\\/?s={search_term_string}\"},\"query-input\":{\"@type\":\"PropertyValueSpecification\",\"valueRequired\":true,\"valueName\":\"search_term_string\"}}],\"inLanguage\":\"en-US\"},{\"@type\":\"Organization\",\"@id\":\"https:\\\/\\\/fit360.ee\\\/en\\\/#organization\",\"name\":\"Fit360\",\"url\":\"https:\\\/\\\/fit360.ee\\\/en\\\/\",\"logo\":{\"@type\":\"ImageObject\",\"inLanguage\":\"en-US\",\"@id\":\"https:\\\/\\\/fit360.ee\\\/en\\\/#\\\/schema\\\/logo\\\/image\\\/\",\"url\":\"https:\\\/\\\/fit360.ee\\\/wp-content\\\/uploads\\\/2017\\\/01\\\/logo-fit360.png\",\"contentUrl\":\"https:\\\/\\\/fit360.ee\\\/wp-content\\\/uploads\\\/2017\\\/01\\\/logo-fit360.png\",\"width\":180,\"height\":66,\"caption\":\"Fit360\"},\"image\":{\"@id\":\"https:\\\/\\\/fit360.ee\\\/en\\\/#\\\/schema\\\/logo\\\/image\\\/\"}}]}<\/script>\n<!-- \/ Yoast SEO plugin. -->","yoast_head_json":{"title":"Extra Virgin Coconut Oil (900g) - Fit360","robots":{"index":"index","follow":"follow","max-snippet":"max-snippet:-1","max-image-preview":"max-image-preview:large","max-video-preview":"max-video-preview:-1"},"canonical":"https:\/\/fit360.ee\/en\/pood\/product-groups\/essential-fats-en\/coconut-oil-en\/kookosoli-extra-virgin-900g-2\/","og_locale":"en_US","og_type":"article","og_title":"Extra Virgin Coconut Oil (900g) - Fit360","og_description":"100% NATURAL UNREFINED COCONUT OIL   Unrefined  Strengthens the immune system  Has strong antibacterial characteristics and protects the body against different viruses  Has positive influence in metabolism  Product's lack of calories is ideal for people who wish to lose weight and at the same time take care of their health  Good for frying and cooking  Unrefined Extra Virgin coconut oil\u00a0has a positive effect on the whole body and immune system.","og_url":"https:\/\/fit360.ee\/en\/pood\/product-groups\/essential-fats-en\/coconut-oil-en\/kookosoli-extra-virgin-900g-2\/","og_site_name":"Fit360","article_modified_time":"2024-07-15T08:47:17+00:00","og_image":[{"width":1000,"height":1000,"url":"https:\/\/fit360.ee\/wp-content\/uploads\/2016\/10\/111.png","type":"image\/png"}],"twitter_card":"summary_large_image","twitter_misc":{"Est. reading time":"1 minute"},"schema":{"@context":"https:\/\/schema.org","@graph":[{"@type":"WebPage","@id":"https:\/\/fit360.ee\/en\/pood\/product-groups\/essential-fats-en\/coconut-oil-en\/kookosoli-extra-virgin-900g-2\/","url":"https:\/\/fit360.ee\/en\/pood\/product-groups\/essential-fats-en\/coconut-oil-en\/kookosoli-extra-virgin-900g-2\/","name":"Extra Virgin Coconut Oil (900g) - Fit360","isPartOf":{"@id":"https:\/\/fit360.ee\/en\/#website"},"primaryImageOfPage":{"@id":"https:\/\/fit360.ee\/en\/pood\/product-groups\/essential-fats-en\/coconut-oil-en\/kookosoli-extra-virgin-900g-2\/#primaryimage"},"image":{"@id":"https:\/\/fit360.ee\/en\/pood\/product-groups\/essential-fats-en\/coconut-oil-en\/kookosoli-extra-virgin-900g-2\/#primaryimage"},"thumbnailUrl":"https:\/\/fit360.ee\/wp-content\/uploads\/2016\/10\/111.png","datePublished":"2016-10-03T08:10:54+00:00","dateModified":"2024-07-15T08:47:17+00:00","breadcrumb":{"@id":"https:\/\/fit360.ee\/en\/pood\/product-groups\/essential-fats-en\/coconut-oil-en\/kookosoli-extra-virgin-900g-2\/#breadcrumb"},"inLanguage":"en-US","potentialAction":[{"@type":"ReadAction","target":["https:\/\/fit360.ee\/en\/pood\/product-groups\/essential-fats-en\/coconut-oil-en\/kookosoli-extra-virgin-900g-2\/"]}]},{"@type":"ImageObject","inLanguage":"en-US","@id":"https:\/\/fit360.ee\/en\/pood\/product-groups\/essential-fats-en\/coconut-oil-en\/kookosoli-extra-virgin-900g-2\/#primaryimage","url":"https:\/\/fit360.ee\/wp-content\/uploads\/2016\/10\/111.png","contentUrl":"https:\/\/fit360.ee\/wp-content\/uploads\/2016\/10\/111.png","width":1000,"height":1000},{"@type":"BreadcrumbList","@id":"https:\/\/fit360.ee\/en\/pood\/product-groups\/essential-fats-en\/coconut-oil-en\/kookosoli-extra-virgin-900g-2\/#breadcrumb","itemListElement":[{"@type":"ListItem","position":1,"name":"Home","item":"https:\/\/fit360.ee\/en\/"},{"@type":"ListItem","position":2,"name":"Shop","item":"https:\/\/fit360.ee\/en\/shop\/"},{"@type":"ListItem","position":3,"name":"Extra Virgin Coconut Oil (900g)"}]},{"@type":"WebSite","@id":"https:\/\/fit360.ee\/en\/#website","url":"https:\/\/fit360.ee\/en\/","name":"Fit360","description":"","publisher":{"@id":"https:\/\/fit360.ee\/en\/#organization"},"potentialAction":[{"@type":"SearchAction","target":{"@type":"EntryPoint","urlTemplate":"https:\/\/fit360.ee\/en\/?s={search_term_string}"},"query-input":{"@type":"PropertyValueSpecification","valueRequired":true,"valueName":"search_term_string"}}],"inLanguage":"en-US"},{"@type":"Organization","@id":"https:\/\/fit360.ee\/en\/#organization","name":"Fit360","url":"https:\/\/fit360.ee\/en\/","logo":{"@type":"ImageObject","inLanguage":"en-US","@id":"https:\/\/fit360.ee\/en\/#\/schema\/logo\/image\/","url":"https:\/\/fit360.ee\/wp-content\/uploads\/2017\/01\/logo-fit360.png","contentUrl":"https:\/\/fit360.ee\/wp-content\/uploads\/2017\/01\/logo-fit360.png","width":180,"height":66,"caption":"Fit360"},"image":{"@id":"https:\/\/fit360.ee\/en\/#\/schema\/logo\/image\/"}}]}},"_links":{"self":[{"href":"https:\/\/fit360.ee\/en\/wp-json\/wp\/v2\/product\/8846","targetHints":{"allow":["GET"]}}],"collection":[{"href":"https:\/\/fit360.ee\/en\/wp-json\/wp\/v2\/product"}],"about":[{"href":"https:\/\/fit360.ee\/en\/wp-json\/wp\/v2\/types\/product"}],"replies":[{"embeddable":true,"href":"https:\/\/fit360.ee\/en\/wp-json\/wp\/v2\/comments?post=8846"}],"wp:featuredmedia":[{"embeddable":true,"href":"https:\/\/fit360.ee\/en\/wp-json\/wp\/v2\/media\/80596"}],"wp:attachment":[{"href":"https:\/\/fit360.ee\/en\/wp-json\/wp\/v2\/media?parent=8846"}],"wp:term":[{"taxonomy":"product_brand","embeddable":true,"href":"https:\/\/fit360.ee\/en\/wp-json\/wp\/v2\/product_brand?post=8846"},{"taxonomy":"product_cat","embeddable":true,"href":"https:\/\/fit360.ee\/en\/wp-json\/wp\/v2\/product_cat?post=8846"},{"taxonomy":"product_tag","embeddable":true,"href":"https:\/\/fit360.ee\/en\/wp-json\/wp\/v2\/product_tag?post=8846"},{"taxonomy":"giftcard-category","embeddable":true,"href":"https:\/\/fit360.ee\/en\/wp-json\/wp\/v2\/giftcard-category?post=8846"}],"curies":[{"name":"wp","href":"https:\/\/api.w.org\/{rel}","templated":true}]}}