{"id":88462,"date":"2025-05-11T07:07:30","date_gmt":"2025-05-11T05:07:30","guid":{"rendered":"https:\/\/fit360.ee\/pood\/uncategorized\/viking-360g\/"},"modified":"2025-08-13T07:36:34","modified_gmt":"2025-08-13T05:36:34","slug":"viking-360g","status":"publish","type":"product","link":"https:\/\/fit360.ee\/en\/pood\/product-groups\/amino-acids-bcaa\/beta-alanine-en\/viking-360g\/","title":{"rendered":"Real Viking Pre-Workout (360g)"},"content":{"rendered":"<h2><strong>Real Viking<\/strong><\/h2>\n<p><strong>Real Viking<\/strong>\u00a0on treeningueelsete toidulisandite seas t\u00f5eline pomm! Kuni 20 toimeaine segu on koostatud nii, et tunneksid toidulisandi maksimaalset m\u00f5ju. N\u00fc\u00fcd saate oma lihaseid t\u00f5husalt katabolismi eest kaitsta ja samal ajal oma keha sooritusv\u00f5imet suurendada. Real Viking on kontsentreeritud pulbri kujul, mida saate h\u00f5lpsalt valmistada ja joogi maitsvat maitset kiiresti nautida.<\/p>\n<p>Piisab vaid \u00fchest portsjonist treeningueelset toidulisandit \u2013 Real Viking on treeningueelne k\u00fctus sinu kehale. Kofeiin ja tauriin annavad sulle j\u00f5udu endast rohkem anda! T\u00e4iustatud tootevalem t\u00e4hendab veelgi paremaid tulemusi l\u00fchema ajaga. T\u00f5eline Viking koosneb muuhulgas j\u00e4rgmistest koostisosadest: AAKG, tsitrulliin, t\u00fcrosiin ja beeta-alaniin, mida toetavad taimeekstraktid \u2013 koos loovad need v\u00f5rratu koostise! Vaata, kui palju su keha suudab!<\/p>\n<ul>\n<li><strong>Suurenda oma energiataset<\/strong><\/li>\n<li><strong style=\"color: #555555; font-size: 14.4px;\">Saavuta maksimaalne lihaspump<\/strong><\/li>\n<li><strong style=\"color: #555555; font-size: 14.4px;\">Kaitse oma lihaseid katabolismi eest<\/strong><\/li>\n<li><strong style=\"color: #555555; font-size: 14.4px;\">Vali t\u00e4iustatud koostisega treeningueelne toode<\/strong><\/li>\n<li><strong style=\"color: #555555; font-size: 14.4px;\">Kuni 20 toimeainet<\/strong><\/li>\n<\/ul>\n<h2><strong>Looduslikud ekstraktid, mis toimivad!<\/strong><\/h2>\n<p><strong>Real Viking<\/strong>\u00a0sisaldab\u00a0mitmeid taimeekstrakte, mis aitavad kaasa selle treeningueelse toidulisandi ainulaadsetele efektidele. M\u00f5ru apelsin ning must ja cayenne&#8217;i pipar on termogeensed ained, mis soodustavad rasvkoe v\u00e4henemist. Guaraana on kofeiini allikas, mis annab sulle energiat ning t\u00e4nu kakaole ja selles sisalduvatele flavonoididele parandad kudede hapnikuga varustatust ja keha sooritusv\u00f5imet. Rosea rodiola on adaptogeen, mis toetab taastumist, ja chisindra schisandra lisab energiat, tegutsemisindu ja suurendab vastupidavust.<\/p>\n<p><strong>Koostisosad<\/strong>: AAKG (L-arginiini alfa-ketoglutaraat), beeta-alaniin, tsitrulliin, t\u00fcrosiin, tauriin, inosiin, Vinitrox, l\u00f5hna- ja maitseained, kofeiin, tsitruseliste m\u00f5ru apelsini koore ekstrakt aurantium L., standardiseeritud 98% hesperidiinisisaldusega, guaraana ekstrakt Paulinia cupana L. standardiseeritud 22% kofeiini, inositooli, Ahwaganda ekstrakti 7% (Withania somnifera) DER 4:1, happesuse regulaator &#8211; sidrunhape, magusaine &#8211; sukraloos, beetapeedi ekstrakt vulgaris DER 4:1, gl\u00fckuronolaktoon, Cayenne&#8217;i pipra ekstrakt Capsicum annuum DER 8:1, paakumisvastane aine &#8211; r\u00e4nidioksiid, roosil\u00f5hna ekstrakt standardiseeritud 1% salidrosiidide, 40% pol\u00fcfenoolide ja \u017een\u0161enni DER 4:1 ekstrakti j\u00e4rgi, 2% schizandriinide sisaldusega standardiseeritud Schisandra chinensis ekstrakt, ekstrakt Theobroma cacao kakaoubad, standardiseeritud 50% flavonoidide ja musts\u00f5straekstraktiga 95% piperiini sisaldusega standardiseeritud musta pipra ekstrakt, gl\u00fctseroolmonostearaat punane peet maitse andmiseks maasikas arbuus, musta porgandi ekstrakt musta maitse andmiseks s\u00f5star sidruniga, v\u00e4rvained (maitse saamiseks: maasikas, arbuus \u2013 karmiinpunane 4R, maitse saamiseks \u2013 mango, kannatusvili \u2013 karoteenid, kinoliinkollane, kiivi ja viinamarja maitse jaoks \u2013 tartrasiin, briljantsinine FCF; Sest j\u00e4\u00e4kommi maitse \u2013 briljantsinine FCF musts\u00f5strale sidruni-karamelli maitsega). Kinoliinkollane, Ponceau 4R, tartrasiin \u2013 v\u00f5ib avaldada kahjulikku m\u00f5ju aktiivsusele ja t\u00e4helepanuv\u00f5imele lastel.<\/p>\n<p><strong>NB! Hoida lastele k\u00e4ttesaamatus kohas.<\/strong><\/p>\n<p><strong>Kasutamine<\/strong>: 3g &#8211; 1 serveering<\/p>\n<p><strong>Suurus<\/strong>: 360g &#8211; 120 serveeringut.<\/p>\n<table class=\"w-fit min-w-(--thread-content-width)\" data-start=\"64\" data-end=\"740\">\n<thead data-start=\"64\" data-end=\"104\">\n<tr data-start=\"64\" data-end=\"104\">\n<th data-start=\"64\" data-end=\"79\" data-col-size=\"md\"><strong data-start=\"64\" data-end=\"78\">Toimeained<\/strong><\/th>\n<th data-start=\"79\" data-end=\"104\" data-col-size=\"sm\"><strong data-start=\"81\" data-end=\"102\">3g &#8211; 1 serveering<\/strong><\/th>\n<\/tr>\n<\/thead>\n<tbody data-start=\"115\" data-end=\"740\">\n<tr data-start=\"115\" data-end=\"139\">\n<td data-start=\"115\" data-end=\"129\" data-col-size=\"md\">Beeta-alaniin<\/td>\n<td data-start=\"129\" data-end=\"139\" data-col-size=\"sm\">750 mg<\/td>\n<\/tr>\n<tr data-start=\"140\" data-end=\"162\">\n<td data-start=\"140\" data-end=\"152\" data-col-size=\"md\">Tsitrulliin<\/td>\n<td data-start=\"152\" data-end=\"162\" data-col-size=\"sm\">312 mg<\/td>\n<\/tr>\n<tr data-start=\"163\" data-end=\"182\">\n<td data-start=\"163\" data-end=\"172\" data-col-size=\"md\">T\u00fcrosiin<\/td>\n<td data-col-size=\"sm\" data-start=\"172\" data-end=\"182\">165 mg<\/td>\n<\/tr>\n<tr data-start=\"183\" data-end=\"201\">\n<td data-start=\"183\" data-end=\"191\" data-col-size=\"md\">Tauriin<\/td>\n<td data-start=\"191\" data-end=\"201\" data-col-size=\"sm\">165 mg<\/td>\n<\/tr>\n<tr data-start=\"202\" data-end=\"219\">\n<td data-start=\"202\" data-end=\"210\" data-col-size=\"md\">Kofeiin<\/td>\n<td data-start=\"210\" data-end=\"219\" data-col-size=\"sm\">50 mg<\/td>\n<\/tr>\n<tr data-start=\"220\" data-end=\"244\">\n<td data-start=\"220\" data-end=\"234\" data-col-size=\"md\">Peediekstrakt<\/td>\n<td data-col-size=\"sm\" data-start=\"234\" data-end=\"244\">150 mg<\/td>\n<\/tr>\n<tr data-start=\"245\" data-end=\"273\">\n<td data-start=\"245\" data-end=\"262\" data-col-size=\"md\">Gl\u00fckuronolaktoon<\/td>\n<td data-start=\"262\" data-end=\"273\" data-col-size=\"sm\">37,5 mg<\/td>\n<\/tr>\n<tr data-start=\"274\" data-end=\"293\">\n<td data-start=\"274\" data-end=\"284\" data-col-size=\"md\">Inositool<\/td>\n<td data-start=\"284\" data-end=\"293\" data-col-size=\"sm\">50 mg<\/td>\n<\/tr>\n<tr data-start=\"294\" data-end=\"366\">\n<td data-start=\"294\" data-end=\"355\" data-col-size=\"md\">Rhodiola rosea ekstrakt (1% salidrosiidid, 40% pol\u00fcfenoolid)<\/td>\n<td data-col-size=\"sm\" data-start=\"355\" data-end=\"366\">12,5 mg<\/td>\n<\/tr>\n<tr data-start=\"367\" data-end=\"423\">\n<td data-start=\"367\" data-end=\"413\" data-col-size=\"md\">Hiina sidrunheina ekstrakt (2% skisandriinid)<\/td>\n<td data-col-size=\"sm\" data-start=\"413\" data-end=\"423\">8,3 mg<\/td>\n<\/tr>\n<tr data-start=\"424\" data-end=\"470\">\n<td data-start=\"424\" data-end=\"462\" data-col-size=\"md\">Kakaoubade ekstrakt (50% flavonoidid)<\/td>\n<td data-col-size=\"sm\" data-start=\"462\" data-end=\"470\">5 mg<\/td>\n<\/tr>\n<tr data-start=\"471\" data-end=\"515\">\n<td data-start=\"471\" data-end=\"507\" data-col-size=\"md\">Musta pipra ekstrakt (95% piperiin)<\/td>\n<td data-col-size=\"sm\" data-start=\"507\" data-end=\"515\">3 mg<\/td>\n<\/tr>\n<tr data-start=\"516\" data-end=\"576\">\n<td data-start=\"516\" data-end=\"567\" data-col-size=\"md\">Cayenne\u2019i pipra ekstrakt (Capsicum annuum DER 8:1)<\/td>\n<td data-col-size=\"sm\" data-start=\"567\" data-end=\"576\">25 mg<\/td>\n<\/tr>\n<tr data-start=\"577\" data-end=\"630\">\n<td data-start=\"577\" data-end=\"619\" data-col-size=\"md\">\u017den\u0161enni ekstrakt (Panax ginseng DER 4:1)<\/td>\n<td data-col-size=\"sm\" data-start=\"619\" data-end=\"630\">12,5 mg<\/td>\n<\/tr>\n<tr data-start=\"631\" data-end=\"649\">\n<td data-start=\"631\" data-end=\"639\" data-col-size=\"md\">Inosiin<\/td>\n<td data-start=\"639\" data-end=\"649\" data-col-size=\"sm\">165 mg<\/td>\n<\/tr>\n<tr data-start=\"650\" data-end=\"700\">\n<td data-start=\"650\" data-end=\"691\" data-col-size=\"md\">M\u00f5ru apelsini ekstrakt (98% hesperidiin)<\/td>\n<td data-col-size=\"sm\" data-start=\"691\" data-end=\"700\">50 mg<\/td>\n<\/tr>\n<tr data-start=\"701\" data-end=\"740\">\n<td data-start=\"701\" data-end=\"733\" data-col-size=\"md\">Guaraana ekstrakt (22% kofeiin)<\/td>\n<td data-start=\"733\" data-end=\"740\" data-col-size=\"sm\">50 mg<\/td>\n<\/tr>\n<\/tbody>\n<\/table>\n<p>Vaata ka meie teisi Pre-Workoute <a href=\"https:\/\/fit360.ee\/en\/product-category\/product-groups\/pre-workout-en\/\"><strong>SIIT<\/strong><\/a> v\u00f5i Aminohappeid <a href=\"https:\/\/fit360.ee\/en\/product-category\/product-groups\/amino-acids-bcaa\/\"><strong>SIIT<\/strong><\/a>!<\/p>\n<p>Soovid kaupa osta suuremas koguses? Vaata antud toodet ka meie HULGI poest\u00a0<a href=\"https:\/\/toidulisandidhulgi.ee\/tooted\/real-viking-pre-workout-360g\/\"><strong>SIIT<\/strong><\/a>!<\/p>\n","protected":false},"excerpt":{"rendered":"<ul>\n<li>T\u00f5hus toime<\/li>\n<li>120 serveeringut<\/li>\n<li>Pump efekt<\/li>\n<li>Palju erinevaid toimeained<\/li>\n<\/ul>\n","protected":false},"featured_media":88461,"comment_status":"open","ping_status":"closed","template":"","meta":[],"product_brand":[],"product_cat":[520,2303,5324,2314,2311,533,515,2327],"product_tag":[1803,5788,5789],"giftcard-category":[],"class_list":{"0":"post-88462","1":"product","2":"type-product","3":"status-publish","4":"has-post-thumbnail","6":"product_cat-amino-acids-bcaa","7":"product_cat-beta-alanine-en","8":"product_cat-caffeine-en","9":"product_cat-citrulline-en","10":"product_cat-l-arginine-en","11":"product_cat-pre-workout-en","12":"product_cat-real-pharm","13":"product_cat-tyrosine-en","14":"product_tag-real-pharm-en","15":"product_tag-real-viking-en","16":"product_tag-viking-en","17":"pa_kogus-360g-en","18":"pa_maitse-blue-raz-en","19":"pa_maitse-orange","20":"pa_toidulisand-branddd-real-pharm","21":"pa_tootegruppp-amino-acidsbcaa","22":"pa_tootegruppp-beeta-alaniin-en","23":"pa_tootegruppp-kofeiin-en","24":"pa_tootegruppp-l-arginiin-en","25":"pa_tootegruppp-pre-workout","26":"pa_tootegruppp-tsitrulliin-en","27":"pa_tootegruppp-turosiin-en","29":"first","30":"outofstock","31":"sale","32":"taxable","33":"shipping-taxable","34":"purchasable","35":"product-type-variable"},"yoast_head":"<!-- This site is optimized with the Yoast SEO plugin v27.3 - https:\/\/yoast.com\/product\/yoast-seo-wordpress\/ -->\n<title>Real Viking Pre-Workout (360g) - T\u00f5hus Pre-Workout - Parim Hind - Fit360<\/title>\n<meta name=\"description\" content=\"Real Viking\u00a0on treeningueelsete toidulisandite seas t\u00f5eline pomm! Kuni 20 toimeaine segu on koostatud nii, et tunneksid toidulisandi maksimaalset m\u00f5ju. N\u00fc..\" \/>\n<meta name=\"robots\" content=\"index, follow, max-snippet:-1, max-image-preview:large, max-video-preview:-1\" \/>\n<link rel=\"canonical\" href=\"https:\/\/fit360.ee\/en\/pood\/product-groups\/amino-acids-bcaa\/beta-alanine-en\/viking-360g\/\" \/>\n<meta property=\"og:locale\" content=\"en_US\" \/>\n<meta property=\"og:type\" content=\"article\" \/>\n<meta property=\"og:title\" content=\"Real Viking Pre-Workout (360g) - T\u00f5hus Pre-Workout - Parim Hind - Fit360\" \/>\n<meta property=\"og:description\" content=\"Real Viking\u00a0on treeningueelsete toidulisandite seas t\u00f5eline pomm! Kuni 20 toimeaine segu on koostatud nii, et tunneksid toidulisandi maksimaalset m\u00f5ju. N\u00fc..\" \/>\n<meta property=\"og:url\" content=\"https:\/\/fit360.ee\/en\/pood\/product-groups\/amino-acids-bcaa\/beta-alanine-en\/viking-360g\/\" \/>\n<meta property=\"og:site_name\" content=\"Fit360\" \/>\n<meta property=\"article:modified_time\" content=\"2025-08-13T05:36:34+00:00\" \/>\n<meta property=\"og:image\" content=\"https:\/\/fit360.ee\/wp-content\/uploads\/2025\/05\/real-viking-fit360.ee-1.jpg\" \/>\n\t<meta property=\"og:image:width\" content=\"1280\" \/>\n\t<meta property=\"og:image:height\" content=\"1280\" \/>\n\t<meta property=\"og:image:type\" content=\"image\/jpeg\" \/>\n<meta name=\"twitter:card\" content=\"summary_large_image\" \/>\n<meta name=\"twitter:label1\" content=\"Est. reading time\" \/>\n\t<meta name=\"twitter:data1\" content=\"3 minutes\" \/>\n<script type=\"application\/ld+json\" class=\"yoast-schema-graph\">{\"@context\":\"https:\\\/\\\/schema.org\",\"@graph\":[{\"@type\":\"WebPage\",\"@id\":\"https:\\\/\\\/fit360.ee\\\/en\\\/pood\\\/product-groups\\\/amino-acids-bcaa\\\/beta-alanine-en\\\/viking-360g\\\/\",\"url\":\"https:\\\/\\\/fit360.ee\\\/en\\\/pood\\\/product-groups\\\/amino-acids-bcaa\\\/beta-alanine-en\\\/viking-360g\\\/\",\"name\":\"Real Viking Pre-Workout (360g) - T\u00f5hus Pre-Workout - Parim Hind - Fit360\",\"isPartOf\":{\"@id\":\"https:\\\/\\\/fit360.ee\\\/en\\\/#website\"},\"primaryImageOfPage\":{\"@id\":\"https:\\\/\\\/fit360.ee\\\/en\\\/pood\\\/product-groups\\\/amino-acids-bcaa\\\/beta-alanine-en\\\/viking-360g\\\/#primaryimage\"},\"image\":{\"@id\":\"https:\\\/\\\/fit360.ee\\\/en\\\/pood\\\/product-groups\\\/amino-acids-bcaa\\\/beta-alanine-en\\\/viking-360g\\\/#primaryimage\"},\"thumbnailUrl\":\"https:\\\/\\\/fit360.ee\\\/wp-content\\\/uploads\\\/2025\\\/05\\\/real-viking-fit360.ee-1.jpg\",\"datePublished\":\"2025-05-11T05:07:30+00:00\",\"dateModified\":\"2025-08-13T05:36:34+00:00\",\"description\":\"Real Viking\u00a0on treeningueelsete toidulisandite seas t\u00f5eline pomm! Kuni 20 toimeaine segu on koostatud nii, et tunneksid toidulisandi maksimaalset m\u00f5ju. N\u00fc..\",\"breadcrumb\":{\"@id\":\"https:\\\/\\\/fit360.ee\\\/en\\\/pood\\\/product-groups\\\/amino-acids-bcaa\\\/beta-alanine-en\\\/viking-360g\\\/#breadcrumb\"},\"inLanguage\":\"en-US\",\"potentialAction\":[{\"@type\":\"ReadAction\",\"target\":[\"https:\\\/\\\/fit360.ee\\\/en\\\/pood\\\/product-groups\\\/amino-acids-bcaa\\\/beta-alanine-en\\\/viking-360g\\\/\"]}]},{\"@type\":\"ImageObject\",\"inLanguage\":\"en-US\",\"@id\":\"https:\\\/\\\/fit360.ee\\\/en\\\/pood\\\/product-groups\\\/amino-acids-bcaa\\\/beta-alanine-en\\\/viking-360g\\\/#primaryimage\",\"url\":\"https:\\\/\\\/fit360.ee\\\/wp-content\\\/uploads\\\/2025\\\/05\\\/real-viking-fit360.ee-1.jpg\",\"contentUrl\":\"https:\\\/\\\/fit360.ee\\\/wp-content\\\/uploads\\\/2025\\\/05\\\/real-viking-fit360.ee-1.jpg\",\"width\":1280,\"height\":1280,\"caption\":\"real viking - fit360.ee\"},{\"@type\":\"BreadcrumbList\",\"@id\":\"https:\\\/\\\/fit360.ee\\\/en\\\/pood\\\/product-groups\\\/amino-acids-bcaa\\\/beta-alanine-en\\\/viking-360g\\\/#breadcrumb\",\"itemListElement\":[{\"@type\":\"ListItem\",\"position\":1,\"name\":\"Home\",\"item\":\"https:\\\/\\\/fit360.ee\\\/en\\\/\"},{\"@type\":\"ListItem\",\"position\":2,\"name\":\"Shop\",\"item\":\"https:\\\/\\\/fit360.ee\\\/en\\\/shop\\\/\"},{\"@type\":\"ListItem\",\"position\":3,\"name\":\"Real Viking Pre-Workout (360g)\"}]},{\"@type\":\"WebSite\",\"@id\":\"https:\\\/\\\/fit360.ee\\\/en\\\/#website\",\"url\":\"https:\\\/\\\/fit360.ee\\\/en\\\/\",\"name\":\"Fit360\",\"description\":\"\",\"publisher\":{\"@id\":\"https:\\\/\\\/fit360.ee\\\/en\\\/#organization\"},\"potentialAction\":[{\"@type\":\"SearchAction\",\"target\":{\"@type\":\"EntryPoint\",\"urlTemplate\":\"https:\\\/\\\/fit360.ee\\\/en\\\/?s={search_term_string}\"},\"query-input\":{\"@type\":\"PropertyValueSpecification\",\"valueRequired\":true,\"valueName\":\"search_term_string\"}}],\"inLanguage\":\"en-US\"},{\"@type\":\"Organization\",\"@id\":\"https:\\\/\\\/fit360.ee\\\/en\\\/#organization\",\"name\":\"Fit360\",\"url\":\"https:\\\/\\\/fit360.ee\\\/en\\\/\",\"logo\":{\"@type\":\"ImageObject\",\"inLanguage\":\"en-US\",\"@id\":\"https:\\\/\\\/fit360.ee\\\/en\\\/#\\\/schema\\\/logo\\\/image\\\/\",\"url\":\"https:\\\/\\\/fit360.ee\\\/wp-content\\\/uploads\\\/2017\\\/01\\\/logo-fit360.png\",\"contentUrl\":\"https:\\\/\\\/fit360.ee\\\/wp-content\\\/uploads\\\/2017\\\/01\\\/logo-fit360.png\",\"width\":180,\"height\":66,\"caption\":\"Fit360\"},\"image\":{\"@id\":\"https:\\\/\\\/fit360.ee\\\/en\\\/#\\\/schema\\\/logo\\\/image\\\/\"}}]}<\/script>\n<!-- \/ Yoast SEO plugin. -->","yoast_head_json":{"title":"Real Viking Pre-Workout (360g) - T\u00f5hus Pre-Workout - Parim Hind - Fit360","description":"Real Viking\u00a0on treeningueelsete toidulisandite seas t\u00f5eline pomm! Kuni 20 toimeaine segu on koostatud nii, et tunneksid toidulisandi maksimaalset m\u00f5ju. N\u00fc..","robots":{"index":"index","follow":"follow","max-snippet":"max-snippet:-1","max-image-preview":"max-image-preview:large","max-video-preview":"max-video-preview:-1"},"canonical":"https:\/\/fit360.ee\/en\/pood\/product-groups\/amino-acids-bcaa\/beta-alanine-en\/viking-360g\/","og_locale":"en_US","og_type":"article","og_title":"Real Viking Pre-Workout (360g) - T\u00f5hus Pre-Workout - Parim Hind - Fit360","og_description":"Real Viking\u00a0on treeningueelsete toidulisandite seas t\u00f5eline pomm! Kuni 20 toimeaine segu on koostatud nii, et tunneksid toidulisandi maksimaalset m\u00f5ju. N\u00fc..","og_url":"https:\/\/fit360.ee\/en\/pood\/product-groups\/amino-acids-bcaa\/beta-alanine-en\/viking-360g\/","og_site_name":"Fit360","article_modified_time":"2025-08-13T05:36:34+00:00","og_image":[{"width":1280,"height":1280,"url":"https:\/\/fit360.ee\/wp-content\/uploads\/2025\/05\/real-viking-fit360.ee-1.jpg","type":"image\/jpeg"}],"twitter_card":"summary_large_image","twitter_misc":{"Est. reading time":"3 minutes"},"schema":{"@context":"https:\/\/schema.org","@graph":[{"@type":"WebPage","@id":"https:\/\/fit360.ee\/en\/pood\/product-groups\/amino-acids-bcaa\/beta-alanine-en\/viking-360g\/","url":"https:\/\/fit360.ee\/en\/pood\/product-groups\/amino-acids-bcaa\/beta-alanine-en\/viking-360g\/","name":"Real Viking Pre-Workout (360g) - T\u00f5hus Pre-Workout - Parim Hind - Fit360","isPartOf":{"@id":"https:\/\/fit360.ee\/en\/#website"},"primaryImageOfPage":{"@id":"https:\/\/fit360.ee\/en\/pood\/product-groups\/amino-acids-bcaa\/beta-alanine-en\/viking-360g\/#primaryimage"},"image":{"@id":"https:\/\/fit360.ee\/en\/pood\/product-groups\/amino-acids-bcaa\/beta-alanine-en\/viking-360g\/#primaryimage"},"thumbnailUrl":"https:\/\/fit360.ee\/wp-content\/uploads\/2025\/05\/real-viking-fit360.ee-1.jpg","datePublished":"2025-05-11T05:07:30+00:00","dateModified":"2025-08-13T05:36:34+00:00","description":"Real Viking\u00a0on treeningueelsete toidulisandite seas t\u00f5eline pomm! Kuni 20 toimeaine segu on koostatud nii, et tunneksid toidulisandi maksimaalset m\u00f5ju. N\u00fc..","breadcrumb":{"@id":"https:\/\/fit360.ee\/en\/pood\/product-groups\/amino-acids-bcaa\/beta-alanine-en\/viking-360g\/#breadcrumb"},"inLanguage":"en-US","potentialAction":[{"@type":"ReadAction","target":["https:\/\/fit360.ee\/en\/pood\/product-groups\/amino-acids-bcaa\/beta-alanine-en\/viking-360g\/"]}]},{"@type":"ImageObject","inLanguage":"en-US","@id":"https:\/\/fit360.ee\/en\/pood\/product-groups\/amino-acids-bcaa\/beta-alanine-en\/viking-360g\/#primaryimage","url":"https:\/\/fit360.ee\/wp-content\/uploads\/2025\/05\/real-viking-fit360.ee-1.jpg","contentUrl":"https:\/\/fit360.ee\/wp-content\/uploads\/2025\/05\/real-viking-fit360.ee-1.jpg","width":1280,"height":1280,"caption":"real viking - fit360.ee"},{"@type":"BreadcrumbList","@id":"https:\/\/fit360.ee\/en\/pood\/product-groups\/amino-acids-bcaa\/beta-alanine-en\/viking-360g\/#breadcrumb","itemListElement":[{"@type":"ListItem","position":1,"name":"Home","item":"https:\/\/fit360.ee\/en\/"},{"@type":"ListItem","position":2,"name":"Shop","item":"https:\/\/fit360.ee\/en\/shop\/"},{"@type":"ListItem","position":3,"name":"Real Viking Pre-Workout (360g)"}]},{"@type":"WebSite","@id":"https:\/\/fit360.ee\/en\/#website","url":"https:\/\/fit360.ee\/en\/","name":"Fit360","description":"","publisher":{"@id":"https:\/\/fit360.ee\/en\/#organization"},"potentialAction":[{"@type":"SearchAction","target":{"@type":"EntryPoint","urlTemplate":"https:\/\/fit360.ee\/en\/?s={search_term_string}"},"query-input":{"@type":"PropertyValueSpecification","valueRequired":true,"valueName":"search_term_string"}}],"inLanguage":"en-US"},{"@type":"Organization","@id":"https:\/\/fit360.ee\/en\/#organization","name":"Fit360","url":"https:\/\/fit360.ee\/en\/","logo":{"@type":"ImageObject","inLanguage":"en-US","@id":"https:\/\/fit360.ee\/en\/#\/schema\/logo\/image\/","url":"https:\/\/fit360.ee\/wp-content\/uploads\/2017\/01\/logo-fit360.png","contentUrl":"https:\/\/fit360.ee\/wp-content\/uploads\/2017\/01\/logo-fit360.png","width":180,"height":66,"caption":"Fit360"},"image":{"@id":"https:\/\/fit360.ee\/en\/#\/schema\/logo\/image\/"}}]}},"_links":{"self":[{"href":"https:\/\/fit360.ee\/en\/wp-json\/wp\/v2\/product\/88462","targetHints":{"allow":["GET"]}}],"collection":[{"href":"https:\/\/fit360.ee\/en\/wp-json\/wp\/v2\/product"}],"about":[{"href":"https:\/\/fit360.ee\/en\/wp-json\/wp\/v2\/types\/product"}],"replies":[{"embeddable":true,"href":"https:\/\/fit360.ee\/en\/wp-json\/wp\/v2\/comments?post=88462"}],"wp:featuredmedia":[{"embeddable":true,"href":"https:\/\/fit360.ee\/en\/wp-json\/wp\/v2\/media\/88461"}],"wp:attachment":[{"href":"https:\/\/fit360.ee\/en\/wp-json\/wp\/v2\/media?parent=88462"}],"wp:term":[{"taxonomy":"product_brand","embeddable":true,"href":"https:\/\/fit360.ee\/en\/wp-json\/wp\/v2\/product_brand?post=88462"},{"taxonomy":"product_cat","embeddable":true,"href":"https:\/\/fit360.ee\/en\/wp-json\/wp\/v2\/product_cat?post=88462"},{"taxonomy":"product_tag","embeddable":true,"href":"https:\/\/fit360.ee\/en\/wp-json\/wp\/v2\/product_tag?post=88462"},{"taxonomy":"giftcard-category","embeddable":true,"href":"https:\/\/fit360.ee\/en\/wp-json\/wp\/v2\/giftcard-category?post=88462"}],"curies":[{"name":"wp","href":"https:\/\/api.w.org\/{rel}","templated":true}]}}