{"id":8848,"date":"2016-09-24T10:07:17","date_gmt":"2016-09-24T08:07:17","guid":{"rendered":"https:\/\/fit360.ee\/shop\/maaratlemata\/express-gel-80g-2\/"},"modified":"2020-11-04T02:45:51","modified_gmt":"2020-11-04T00:45:51","slug":"express-gel-80g-2","status":"publish","type":"product","link":"https:\/\/fit360.ee\/en\/pood\/uncategorized\/express-gel-80g-2\/","title":{"rendered":"Express Gel (80g)"},"content":{"rendered":"<table>\n<tbody>\n<tr>\n<td width=\"307\"><strong>Anal\u00fc\u00fcs<\/strong><\/td>\n<td width=\"307\"><strong>80g<\/strong><\/td>\n<\/tr>\n<tr>\n<td width=\"307\">Energia<\/td>\n<td width=\"307\">623kJ\/148kcal<\/td>\n<\/tr>\n<tr>\n<td width=\"307\">Rasvad<\/td>\n<td width=\"307\">0g<\/td>\n<\/tr>\n<tr>\n<td width=\"307\">S\u00fcsivesikud<\/td>\n<td width=\"307\">33g<\/td>\n<\/tr>\n<tr>\n<td width=\"307\"><em>millest suhkrud<\/em><\/td>\n<td width=\"307\">26g<\/td>\n<\/tr>\n<tr>\n<td width=\"307\">Kiudained<\/td>\n<td width=\"307\">0,6g<\/td>\n<\/tr>\n<tr>\n<td width=\"307\">Valgud<\/td>\n<td width=\"307\">0,2g<\/td>\n<\/tr>\n<tr>\n<td width=\"307\">Sool<\/td>\n<td width=\"307\">0,26g<\/td>\n<\/tr>\n<\/tbody>\n<\/table>\n<p>&nbsp;<\/p>\n<table>\n<tbody>\n<tr>\n<td width=\"307\"><strong>Mineraalid (*RDA 20%)<\/strong><\/td>\n<td width=\"307\"><strong>735mg<\/strong><\/td>\n<\/tr>\n<tr>\n<td width=\"307\">Kaalium<\/td>\n<td width=\"307\">400mg*<\/td>\n<\/tr>\n<tr>\n<td width=\"307\">Magneesium<\/td>\n<td width=\"307\">75mg*<\/td>\n<\/tr>\n<tr>\n<td width=\"307\">Kaltsium<\/td>\n<td width=\"307\">160mg*<\/td>\n<\/tr>\n<tr>\n<td width=\"307\">Naatrium<\/td>\n<td width=\"307\">100mg<\/td>\n<\/tr>\n<tr>\n<td width=\"307\"><strong>Energia ja mentaalne fookus<\/strong><\/td>\n<td width=\"307\"><strong>2850mg<\/strong><\/td>\n<\/tr>\n<tr>\n<td width=\"307\">Tauriin<\/td>\n<td width=\"307\">2000mg<\/td>\n<\/tr>\n<tr>\n<td width=\"307\">T\u00fcrosiin<\/td>\n<td width=\"307\">750mg<\/td>\n<\/tr>\n<tr>\n<td width=\"307\">Kofeiin<\/td>\n<td width=\"307\">100mg<\/td>\n<\/tr>\n<tr>\n<td width=\"307\"><strong>S\u00fcsivesiku kompleks<\/strong><\/td>\n<td width=\"307\"><strong>36000mg<\/strong><\/td>\n<\/tr>\n<tr>\n<td width=\"307\">Dekstroos<\/td>\n<td width=\"307\">24000mg<\/td>\n<\/tr>\n<tr>\n<td width=\"307\">Maltodekstriin<\/td>\n<td width=\"307\">8000mg<\/td>\n<\/tr>\n<tr>\n<td width=\"307\">Platinoos<\/td>\n<td width=\"307\">4000mg<\/td>\n<\/tr>\n<\/tbody>\n<\/table>\n<p><strong>Teised koostisosad<\/strong>: Puhastatud vesi, ksantaankummid (stabiliseeriv paksendaja), sidrunhape (happelisuse regulaator), maitseained, sukraloos (magusaine), kaaliumsorbaat ja naatriumbensoaat (s\u00e4ilitusained), karmiin v\u00e4rvaine ( vaarika ja kirsi maitse jaoks), v\u00e4rvaine klorof\u00fcll (laimi maitse jaoks), beetakaroteen ( aprikoosi ja apelsini maitse jaoks). <strong>Kasutamine<\/strong>: Tarbi \u00fcks pakk (80g) 20-30 minutit enne treeningut v\u00f5i treeningu ajal. Sisaldab suhkrut, magusaineid ja kofeiini. Ei sobi lastele ja rasedatele naistele. 100mg kofeiini \u00fche geeli kohta. <strong>Suurus<\/strong>: 80g<\/p>\n","protected":false},"excerpt":{"rendered":"<p><strong>EXPRESS GEL kiireks energia\u00a0omandamiseks:\u00a0<\/strong><\/p>\n<ul>\n<li>\u00a0Mentaalse fookuse kompleks 2850mg (tauriin, t\u00fcrosiin, kofeiin)<\/li>\n<li>\u00a0Energia kompleks \u2013 sisaldades 36000mg energiat<\/li>\n<li>\u00a0815mg mineraale (Naatrium, Kaalium, Kaltsium, Magneesium)<\/li>\n<li>\u00a0Kiire ja lihtne kasutada<\/li>\n<li>\u00a0Sobib kasutamiseks matkadel, kestvustreeningul, j\u00f5utreeningul jms.<\/li>\n<\/ul>\n","protected":false},"featured_media":8502,"comment_status":"open","ping_status":"closed","template":"","meta":[],"product_brand":[],"product_cat":[1403],"product_tag":[],"giftcard-category":[],"class_list":{"0":"post-8848","1":"product","2":"type-product","3":"status-publish","4":"has-post-thumbnail","6":"product_cat-uncategorized","8":"first","9":"outofstock","10":"taxable","11":"shipping-taxable","12":"purchasable","13":"product-type-variable","14":"has-default-attributes"},"yoast_head":"<!-- This site is optimized with the Yoast SEO plugin v27.3 - https:\/\/yoast.com\/product\/yoast-seo-wordpress\/ -->\n<title>Express Gel (80g) - Fit360<\/title>\n<meta name=\"robots\" content=\"index, follow, max-snippet:-1, max-image-preview:large, max-video-preview:-1\" \/>\n<link rel=\"canonical\" href=\"https:\/\/fit360.ee\/en\/pood\/uncategorized\/express-gel-80g-2\/\" \/>\n<meta property=\"og:locale\" content=\"en_US\" \/>\n<meta property=\"og:type\" content=\"article\" \/>\n<meta property=\"og:title\" content=\"Express Gel (80g) - Fit360\" \/>\n<meta property=\"og:description\" content=\"EXPRESS GEL kiireks energia\u00a0omandamiseks:\u00a0   \u00a0Mentaalse fookuse kompleks 2850mg (tauriin, t\u00fcrosiin, kofeiin)  \u00a0Energia kompleks \u2013 sisaldades 36000mg energiat  \u00a0815mg mineraale (Naatrium, Kaalium, Kaltsium, Magneesium)  \u00a0Kiire ja lihtne kasutada  \u00a0Sobib kasutamiseks matkadel, kestvustreeningul, j\u00f5utreeningul jms.\" \/>\n<meta property=\"og:url\" content=\"https:\/\/fit360.ee\/en\/pood\/uncategorized\/express-gel-80g-2\/\" \/>\n<meta property=\"og:site_name\" content=\"Fit360\" \/>\n<meta property=\"article:modified_time\" content=\"2020-11-04T00:45:51+00:00\" \/>\n<meta property=\"og:image\" content=\"https:\/\/fit360.ee\/wp-content\/uploads\/2016\/09\/extrifit-express-gel-80g-.jpg\" \/>\n\t<meta property=\"og:image:width\" content=\"800\" \/>\n\t<meta property=\"og:image:height\" content=\"800\" \/>\n\t<meta property=\"og:image:type\" content=\"image\/jpeg\" \/>\n<meta name=\"twitter:card\" content=\"summary_large_image\" \/>\n<meta name=\"twitter:label1\" content=\"Est. reading time\" \/>\n\t<meta name=\"twitter:data1\" content=\"1 minute\" \/>\n<script type=\"application\/ld+json\" class=\"yoast-schema-graph\">{\"@context\":\"https:\\\/\\\/schema.org\",\"@graph\":[{\"@type\":\"WebPage\",\"@id\":\"https:\\\/\\\/fit360.ee\\\/en\\\/pood\\\/uncategorized\\\/express-gel-80g-2\\\/\",\"url\":\"https:\\\/\\\/fit360.ee\\\/en\\\/pood\\\/uncategorized\\\/express-gel-80g-2\\\/\",\"name\":\"Express Gel (80g) - Fit360\",\"isPartOf\":{\"@id\":\"https:\\\/\\\/fit360.ee\\\/en\\\/#website\"},\"primaryImageOfPage\":{\"@id\":\"https:\\\/\\\/fit360.ee\\\/en\\\/pood\\\/uncategorized\\\/express-gel-80g-2\\\/#primaryimage\"},\"image\":{\"@id\":\"https:\\\/\\\/fit360.ee\\\/en\\\/pood\\\/uncategorized\\\/express-gel-80g-2\\\/#primaryimage\"},\"thumbnailUrl\":\"https:\\\/\\\/fit360.ee\\\/wp-content\\\/uploads\\\/2016\\\/09\\\/extrifit-express-gel-80g-.jpg\",\"datePublished\":\"2016-09-24T08:07:17+00:00\",\"dateModified\":\"2020-11-04T00:45:51+00:00\",\"breadcrumb\":{\"@id\":\"https:\\\/\\\/fit360.ee\\\/en\\\/pood\\\/uncategorized\\\/express-gel-80g-2\\\/#breadcrumb\"},\"inLanguage\":\"en-US\",\"potentialAction\":[{\"@type\":\"ReadAction\",\"target\":[\"https:\\\/\\\/fit360.ee\\\/en\\\/pood\\\/uncategorized\\\/express-gel-80g-2\\\/\"]}]},{\"@type\":\"ImageObject\",\"inLanguage\":\"en-US\",\"@id\":\"https:\\\/\\\/fit360.ee\\\/en\\\/pood\\\/uncategorized\\\/express-gel-80g-2\\\/#primaryimage\",\"url\":\"https:\\\/\\\/fit360.ee\\\/wp-content\\\/uploads\\\/2016\\\/09\\\/extrifit-express-gel-80g-.jpg\",\"contentUrl\":\"https:\\\/\\\/fit360.ee\\\/wp-content\\\/uploads\\\/2016\\\/09\\\/extrifit-express-gel-80g-.jpg\",\"width\":800,\"height\":800},{\"@type\":\"BreadcrumbList\",\"@id\":\"https:\\\/\\\/fit360.ee\\\/en\\\/pood\\\/uncategorized\\\/express-gel-80g-2\\\/#breadcrumb\",\"itemListElement\":[{\"@type\":\"ListItem\",\"position\":1,\"name\":\"Home\",\"item\":\"https:\\\/\\\/fit360.ee\\\/en\\\/\"},{\"@type\":\"ListItem\",\"position\":2,\"name\":\"Shop\",\"item\":\"https:\\\/\\\/fit360.ee\\\/en\\\/shop\\\/\"},{\"@type\":\"ListItem\",\"position\":3,\"name\":\"Express Gel (80g)\"}]},{\"@type\":\"WebSite\",\"@id\":\"https:\\\/\\\/fit360.ee\\\/en\\\/#website\",\"url\":\"https:\\\/\\\/fit360.ee\\\/en\\\/\",\"name\":\"Fit360\",\"description\":\"\",\"publisher\":{\"@id\":\"https:\\\/\\\/fit360.ee\\\/en\\\/#organization\"},\"potentialAction\":[{\"@type\":\"SearchAction\",\"target\":{\"@type\":\"EntryPoint\",\"urlTemplate\":\"https:\\\/\\\/fit360.ee\\\/en\\\/?s={search_term_string}\"},\"query-input\":{\"@type\":\"PropertyValueSpecification\",\"valueRequired\":true,\"valueName\":\"search_term_string\"}}],\"inLanguage\":\"en-US\"},{\"@type\":\"Organization\",\"@id\":\"https:\\\/\\\/fit360.ee\\\/en\\\/#organization\",\"name\":\"Fit360\",\"url\":\"https:\\\/\\\/fit360.ee\\\/en\\\/\",\"logo\":{\"@type\":\"ImageObject\",\"inLanguage\":\"en-US\",\"@id\":\"https:\\\/\\\/fit360.ee\\\/en\\\/#\\\/schema\\\/logo\\\/image\\\/\",\"url\":\"https:\\\/\\\/fit360.ee\\\/wp-content\\\/uploads\\\/2017\\\/01\\\/logo-fit360.png\",\"contentUrl\":\"https:\\\/\\\/fit360.ee\\\/wp-content\\\/uploads\\\/2017\\\/01\\\/logo-fit360.png\",\"width\":180,\"height\":66,\"caption\":\"Fit360\"},\"image\":{\"@id\":\"https:\\\/\\\/fit360.ee\\\/en\\\/#\\\/schema\\\/logo\\\/image\\\/\"}}]}<\/script>\n<!-- \/ Yoast SEO plugin. -->","yoast_head_json":{"title":"Express Gel (80g) - Fit360","robots":{"index":"index","follow":"follow","max-snippet":"max-snippet:-1","max-image-preview":"max-image-preview:large","max-video-preview":"max-video-preview:-1"},"canonical":"https:\/\/fit360.ee\/en\/pood\/uncategorized\/express-gel-80g-2\/","og_locale":"en_US","og_type":"article","og_title":"Express Gel (80g) - Fit360","og_description":"EXPRESS GEL kiireks energia\u00a0omandamiseks:\u00a0   \u00a0Mentaalse fookuse kompleks 2850mg (tauriin, t\u00fcrosiin, kofeiin)  \u00a0Energia kompleks \u2013 sisaldades 36000mg energiat  \u00a0815mg mineraale (Naatrium, Kaalium, Kaltsium, Magneesium)  \u00a0Kiire ja lihtne kasutada  \u00a0Sobib kasutamiseks matkadel, kestvustreeningul, j\u00f5utreeningul jms.","og_url":"https:\/\/fit360.ee\/en\/pood\/uncategorized\/express-gel-80g-2\/","og_site_name":"Fit360","article_modified_time":"2020-11-04T00:45:51+00:00","og_image":[{"width":800,"height":800,"url":"https:\/\/fit360.ee\/wp-content\/uploads\/2016\/09\/extrifit-express-gel-80g-.jpg","type":"image\/jpeg"}],"twitter_card":"summary_large_image","twitter_misc":{"Est. reading time":"1 minute"},"schema":{"@context":"https:\/\/schema.org","@graph":[{"@type":"WebPage","@id":"https:\/\/fit360.ee\/en\/pood\/uncategorized\/express-gel-80g-2\/","url":"https:\/\/fit360.ee\/en\/pood\/uncategorized\/express-gel-80g-2\/","name":"Express Gel (80g) - Fit360","isPartOf":{"@id":"https:\/\/fit360.ee\/en\/#website"},"primaryImageOfPage":{"@id":"https:\/\/fit360.ee\/en\/pood\/uncategorized\/express-gel-80g-2\/#primaryimage"},"image":{"@id":"https:\/\/fit360.ee\/en\/pood\/uncategorized\/express-gel-80g-2\/#primaryimage"},"thumbnailUrl":"https:\/\/fit360.ee\/wp-content\/uploads\/2016\/09\/extrifit-express-gel-80g-.jpg","datePublished":"2016-09-24T08:07:17+00:00","dateModified":"2020-11-04T00:45:51+00:00","breadcrumb":{"@id":"https:\/\/fit360.ee\/en\/pood\/uncategorized\/express-gel-80g-2\/#breadcrumb"},"inLanguage":"en-US","potentialAction":[{"@type":"ReadAction","target":["https:\/\/fit360.ee\/en\/pood\/uncategorized\/express-gel-80g-2\/"]}]},{"@type":"ImageObject","inLanguage":"en-US","@id":"https:\/\/fit360.ee\/en\/pood\/uncategorized\/express-gel-80g-2\/#primaryimage","url":"https:\/\/fit360.ee\/wp-content\/uploads\/2016\/09\/extrifit-express-gel-80g-.jpg","contentUrl":"https:\/\/fit360.ee\/wp-content\/uploads\/2016\/09\/extrifit-express-gel-80g-.jpg","width":800,"height":800},{"@type":"BreadcrumbList","@id":"https:\/\/fit360.ee\/en\/pood\/uncategorized\/express-gel-80g-2\/#breadcrumb","itemListElement":[{"@type":"ListItem","position":1,"name":"Home","item":"https:\/\/fit360.ee\/en\/"},{"@type":"ListItem","position":2,"name":"Shop","item":"https:\/\/fit360.ee\/en\/shop\/"},{"@type":"ListItem","position":3,"name":"Express Gel (80g)"}]},{"@type":"WebSite","@id":"https:\/\/fit360.ee\/en\/#website","url":"https:\/\/fit360.ee\/en\/","name":"Fit360","description":"","publisher":{"@id":"https:\/\/fit360.ee\/en\/#organization"},"potentialAction":[{"@type":"SearchAction","target":{"@type":"EntryPoint","urlTemplate":"https:\/\/fit360.ee\/en\/?s={search_term_string}"},"query-input":{"@type":"PropertyValueSpecification","valueRequired":true,"valueName":"search_term_string"}}],"inLanguage":"en-US"},{"@type":"Organization","@id":"https:\/\/fit360.ee\/en\/#organization","name":"Fit360","url":"https:\/\/fit360.ee\/en\/","logo":{"@type":"ImageObject","inLanguage":"en-US","@id":"https:\/\/fit360.ee\/en\/#\/schema\/logo\/image\/","url":"https:\/\/fit360.ee\/wp-content\/uploads\/2017\/01\/logo-fit360.png","contentUrl":"https:\/\/fit360.ee\/wp-content\/uploads\/2017\/01\/logo-fit360.png","width":180,"height":66,"caption":"Fit360"},"image":{"@id":"https:\/\/fit360.ee\/en\/#\/schema\/logo\/image\/"}}]}},"_links":{"self":[{"href":"https:\/\/fit360.ee\/en\/wp-json\/wp\/v2\/product\/8848","targetHints":{"allow":["GET"]}}],"collection":[{"href":"https:\/\/fit360.ee\/en\/wp-json\/wp\/v2\/product"}],"about":[{"href":"https:\/\/fit360.ee\/en\/wp-json\/wp\/v2\/types\/product"}],"replies":[{"embeddable":true,"href":"https:\/\/fit360.ee\/en\/wp-json\/wp\/v2\/comments?post=8848"}],"wp:featuredmedia":[{"embeddable":true,"href":"https:\/\/fit360.ee\/en\/wp-json\/wp\/v2\/media\/8502"}],"wp:attachment":[{"href":"https:\/\/fit360.ee\/en\/wp-json\/wp\/v2\/media?parent=8848"}],"wp:term":[{"taxonomy":"product_brand","embeddable":true,"href":"https:\/\/fit360.ee\/en\/wp-json\/wp\/v2\/product_brand?post=8848"},{"taxonomy":"product_cat","embeddable":true,"href":"https:\/\/fit360.ee\/en\/wp-json\/wp\/v2\/product_cat?post=8848"},{"taxonomy":"product_tag","embeddable":true,"href":"https:\/\/fit360.ee\/en\/wp-json\/wp\/v2\/product_tag?post=8848"},{"taxonomy":"giftcard-category","embeddable":true,"href":"https:\/\/fit360.ee\/en\/wp-json\/wp\/v2\/giftcard-category?post=8848"}],"curies":[{"name":"wp","href":"https:\/\/api.w.org\/{rel}","templated":true}]}}