{"id":88505,"date":"2025-05-13T09:37:31","date_gmt":"2025-05-13T07:37:31","guid":{"rendered":"https:\/\/fit360.ee\/pood\/uncategorized\/ostrovit-pharma-shilajit-mumio-90caps\/"},"modified":"2025-08-13T07:38:05","modified_gmt":"2025-08-13T05:38:05","slug":"ostrovit-pharma-shilajit-mumio-90caps","status":"publish","type":"product","link":"https:\/\/fit360.ee\/en\/pood\/product-groups\/joint-support-en\/ostrovit-pharma-shilajit-mumio-90caps\/","title":{"rendered":"Ostrovit Pharma Shilajit (Mumio) (90caps)"},"content":{"rendered":"<h2><strong>Shilajit Mumio<\/strong><\/h2>\n<p class=\"cm__text --bold\">OstroVit Pharma Shilajit (Mumio) on kvaliteetne toidulisand, mis sisaldab 20% fulvohapete sisaldusega \u0161ilajiti ekstrakti. See on eliit OstroVit Pharma sarja preparaat, mis on saadaval kergesti neelatavate kapslite kujul. See toode on loodud teadlikele tarbijatele, kes soovivad oma toidusedelit v\u00e4\u00e4rtuslike \u00fchenditega t\u00e4iendada.<\/p>\n<ul class=\"cm__list\">\n<li><strong>V\u00e4\u00e4rtusliku koostisosa allikas<\/strong>\u00a0\u2013 \u00fcks portsjon toidulisandit annab organismile 250 mg \u0161ilajiti ekstrakti, mis on standardiseeritud 20% fulvohappe sisaldusega.<\/li>\n<li><strong>1 portsjon = 1 kapsel.<\/strong><\/li>\n<li><strong>T\u00f5husus<\/strong>\u00a0\u2013 \u00fcks tootepakend sisaldab 90 portsjonit preparaati, mis on piisav kolmeks kuuks regulaarseks toidulisandina tarbimiseks.<\/li>\n<li><strong>Mugav vorm<\/strong>\u00a0\u2013 preparaat on saadaval kergesti neelatavate kapslite kujul, mis tagab toidulisandi probleemideta manustamise.<\/li>\n<\/ul>\n<h4 class=\"cm__heading\"><strong>OstroVit Pharma Shilajit &#8211; v\u00e4\u00e4rtusliku koostisosa v\u00e4\u00e4rtuslik allikas<\/strong><\/h4>\n<p><strong>\u0160ilad\u017eit<\/strong>\u00a0(ladina keelest Asphaltum panjabinum), tuntud ka kui mumio, on orgaaniline mineraal\u00fchend, mis moodustab ladestusi m\u00e4gede kivimitele. See on kleepuv, pruunikasmust vaiku meenutav aine, mis tekib taimede loomuliku lagunemise tulemusena, sealhulgas: k\u00f5rge r\u00f5hu, temperatuuri ja mikroorganismide toimel. Shilajit on saadaval neljas sordis, mis erinevad v\u00e4limuse ja keemilise koostise poolest. Siiski on k\u00f5ik \u00fchendite t\u00fc\u00fcbid v\u00e4\u00e4rtuslike ainete allikaks ja \u00fcheks peamiseks koostisosaks, mis vastutab mumio omaduste eest, peetakse fulvohapet, mille sisaldus on OstroViti preparaadis kasutatavas \u0161ilajiti ekstraktis standardiseeritud.<\/p>\n<h4 data-start=\"166\" data-end=\"220\"><strong data-start=\"166\" data-end=\"220\">Shilajit Mumio ekstrakt \u2013 looduslik eluj\u00f5u allikas<\/strong><\/h4>\n<p class=\"\" data-start=\"222\" data-end=\"642\">Avasta iidne v\u00e4gi kaasaegses vormis! Shilajit, tuntud ka kui Mumio, on sajandeid hinnatud looduslik vaik, mis koguneb m\u00e4gedes \u2013 eriti Himaalaja, Altai ja Kaukaasia piirkondades \u2013 ning kujutab endast t\u00f5elist looduse kingitust inimesele. Evolutsiooni jooksul orgaanilistest ainetest tekkinud Shilajit sisaldab rohkelt mineraale, fulvohappeid ja teisi bioloogiliselt aktiivseid \u00fchendeid, mida keha suudab kergesti omastada.<\/p>\n<p class=\"\" data-start=\"644\" data-end=\"1028\"><strong data-start=\"644\" data-end=\"685\">Meie Shilajit Mumio ekstrakti kapslid<\/strong> sisaldavad 250 mg puhast ja kontsentreeritud ekstrakti, millest 20% ehk 50 mg moodustavad v\u00e4\u00e4rtuslikud fulvohapped \u2013 just need, mis on tuntud oma antioks\u00fcdantsete ja rakke toetavate omaduste poolest. Fulvohapped aitavad mineraalidel ja toitainetel kehas paremini imenduda ning toetavad organismi loomulikku energiatootmist ja \u00fcldist eluj\u00f5udu.<\/p>\n<p class=\"\" data-start=\"1030\" data-end=\"1065\">Shilajiti on l\u00e4bi aegade kasutatud:<\/p>\n<ul>\n<li data-start=\"1068\" data-end=\"1122\"><strong data-start=\"1068\" data-end=\"1122\">Energiataseme t\u00f5stmiseks ja v\u00e4simuse v\u00e4hendamiseks<\/strong><\/li>\n<li data-start=\"1068\" data-end=\"1122\"><strong data-start=\"1125\" data-end=\"1157\">Immuuns\u00fcsteemi tugevdamiseks<\/strong><\/li>\n<li data-start=\"1068\" data-end=\"1122\"><strong data-start=\"1160\" data-end=\"1210\">Vaimse selguse ja keskendumisv\u00f5ime toetamiseks<\/strong><\/li>\n<li data-start=\"1068\" data-end=\"1122\"><strong data-start=\"1213\" data-end=\"1273\">Loodusliku eluj\u00f5u ja testosterooni tasakaalu toetamiseks<\/strong><\/li>\n<\/ul>\n<p class=\"\" data-start=\"1275\" data-end=\"1554\">See toode sobib ideaalselt neile, kes otsivad looduslikku tuge igap\u00e4evase stressi, vaimse pingutuse v\u00f5i f\u00fc\u00fcsilise koormuse korral. Shilajit Mumio kapslid on mugav viis selle v\u00e4eka aine kasutamiseks \u2013 ei mingeid segamisi ega kibedaid maitseid, ainult puhas j\u00f5ud kompaktses vormis.<\/p>\n<p><strong>Koostisosad<\/strong>: <span style=\"font-size: 14.4px;\">Shilajiti ekstrakt (Asphaltum panjabinum), standardiseeritud 20% fulvohapete sisaldusega, t\u00e4iteaine: h\u00fcdroks\u00fcprop\u00fc\u00fclmet\u00fc\u00fcltselluloos; inuliin, paakumisvastane aine: rasvhapete magneesiumisoolad.<\/span><\/p>\n<div class=\"--composition mb-4\">\n<p>Toodetud tehases, kus kasutatakse koostisosi piimast (sh laktoos), sojast, maap\u00e4hklitest, muudest p\u00e4hklitest, seesamiseemnetest, gluteeni sisaldavatest teraviljadest, munadest, koorikloomadest ja kalast.<\/p>\n<\/div>\n<div class=\"--nutrit\"><strong>Kasutamine<\/strong>: V\u00f5tke 1 portsjon (1 kapsel) p\u00e4evas.<\/div>\n<div><\/div>\n<div><strong>Suurus<\/strong>: 60 kapslit<\/div>\n<div><\/div>\n<div>\n<section class=\"projector__description--nutritional row\" data-selector=\".--nutritional\">\n<div class=\"col-12 col-md-10 col-lg-8\">\n<div class=\"--nutrit\">\n<div class=\"nutrition_table_wrapper\">\n<div class=\"table_wrapper\">\n<table>\n<tbody>\n<tr>\n<th>Toimeained<\/th>\n<th>Portsjoni kohta<\/th>\n<\/tr>\n<tr>\n<td>Shilajiti ekstrakt:<\/td>\n<td>250 mg<\/td>\n<\/tr>\n<tr>\n<td>&#8211; sh fulvohapped (20%)<\/td>\n<td>50 mg<\/td>\n<\/tr>\n<\/tbody>\n<\/table>\n<p><span style=\"color: #333333; font-size: 14.4px;\">Vaata ka meie Teisi Testosterooni T\u00f5stjaid <a href=\"https:\/\/fit360.ee\/en\/product-category\/product-groups\/testosterone-boosters-en\/\"><strong>SIIT<\/strong><\/a> v\u00f5i Looduslike Supertoite <a href=\"https:\/\/fit360.ee\/en\/product-category\/product-groups\/superfoods-health-foods-en\/\"><strong>SIIT<\/strong><\/a>!<\/span><\/p>\n<p>Soovid kaupa osta suuremas koguses? Vaata antud toodet ka meie HULGI poest\u00a0<a href=\"https:\/\/toidulisandidhulgi.ee\/tooted\/ostrovit-pharma-shilajit-mumio-90caps\/\"><strong>SIIT<\/strong><\/a>!<\/p>\n<\/div>\n<\/div>\n<\/div>\n<\/div>\n<\/section>\n<\/div>\n","protected":false},"excerpt":{"rendered":"<ul>\n<li data-start=\"1068\" data-end=\"1122\">Energiataseme t\u00f5stmiseks ja v\u00e4simuse v\u00e4hendamiseks<\/li>\n<li data-start=\"1068\" data-end=\"1122\">Immuuns\u00fcsteemi tugevdamiseks<\/li>\n<li data-start=\"1068\" data-end=\"1122\">Vaimse selguse ja keskendumisv\u00f5ime toetamiseks<\/li>\n<li data-start=\"1068\" data-end=\"1122\">Loodusliku eluj\u00f5u ja testosterooni tasakaalu toetamiseks<\/li>\n<\/ul>\n","protected":false},"featured_media":88504,"comment_status":"open","ping_status":"closed","template":"","meta":[],"product_brand":[],"product_cat":[5311,2485,527,1329,1454,532,536],"product_tag":[5797,1924,5798,5799],"giftcard-category":[],"class_list":{"0":"post-88505","1":"product","2":"type-product","3":"status-publish","4":"has-post-thumbnail","6":"product_cat-antioxidants-en","7":"product_cat-brain-support-nootropics-en","8":"product_cat-joint-support-en","9":"product_cat-ostrovit-en","10":"product_cat-superfoods-health-foods-en","11":"product_cat-testosterone-boosters-en","12":"product_cat-vitamins-and-minerals-en","13":"product_tag-mumio-en","14":"product_tag-ostrovit-en","15":"product_tag-shilajit-en","16":"product_tag-shilajit-mumio-en","17":"pa_kogus-60-capsules","18":"pa_toidulisand-branddd-ostrovit","19":"pa_tootegruppp-aju-tegevus-nootropics-en","20":"pa_tootegruppp-antioksudandid-en","21":"pa_tootegruppp-for-joints","22":"pa_tootegruppp-supertoit-tervisetoit-en","23":"pa_tootegruppp-testosterone-enhancers","24":"pa_tootegruppp-vitamins-and-minerals","26":"first","27":"instock","28":"sale","29":"taxable","30":"shipping-taxable","31":"purchasable","32":"product-type-simple"},"yoast_head":"<!-- This site is optimized with the Yoast SEO plugin v27.3 - https:\/\/yoast.com\/product\/yoast-seo-wordpress\/ -->\n<title>Ostrovit Pharma Shilajit (Mumio) (90caps) - Parim Hind - Kiire Tarne - Fit360<\/title>\n<meta name=\"description\" content=\"Shilajit Mumio ekstrakti kapslid sisaldavad 250 mg puhast ja kontsentreeritud ekstrakti, millest 20% ehk 50 mg moodustavad v\u00e4\u00e4rtuslikud fulvohapped...\" \/>\n<meta name=\"robots\" content=\"index, follow, max-snippet:-1, max-image-preview:large, max-video-preview:-1\" \/>\n<link rel=\"canonical\" href=\"https:\/\/fit360.ee\/en\/pood\/product-groups\/joint-support-en\/ostrovit-pharma-shilajit-mumio-90caps\/\" \/>\n<meta property=\"og:locale\" content=\"en_US\" \/>\n<meta property=\"og:type\" content=\"article\" \/>\n<meta property=\"og:title\" content=\"Ostrovit Pharma Shilajit (Mumio) (90caps) - Parim Hind - Kiire Tarne - Fit360\" \/>\n<meta property=\"og:description\" content=\"Shilajit Mumio ekstrakti kapslid sisaldavad 250 mg puhast ja kontsentreeritud ekstrakti, millest 20% ehk 50 mg moodustavad v\u00e4\u00e4rtuslikud fulvohapped...\" \/>\n<meta property=\"og:url\" content=\"https:\/\/fit360.ee\/en\/pood\/product-groups\/joint-support-en\/ostrovit-pharma-shilajit-mumio-90caps\/\" \/>\n<meta property=\"og:site_name\" content=\"Fit360\" \/>\n<meta property=\"article:modified_time\" content=\"2025-08-13T05:38:05+00:00\" \/>\n<meta property=\"og:image\" content=\"https:\/\/fit360.ee\/wp-content\/uploads\/2025\/05\/shilajit-mumio-fit360.ee-1.png\" \/>\n\t<meta property=\"og:image:width\" content=\"450\" \/>\n\t<meta property=\"og:image:height\" content=\"450\" \/>\n\t<meta property=\"og:image:type\" content=\"image\/png\" \/>\n<meta name=\"twitter:card\" content=\"summary_large_image\" \/>\n<meta name=\"twitter:label1\" content=\"Est. reading time\" \/>\n\t<meta name=\"twitter:data1\" content=\"3 minutes\" \/>\n<script type=\"application\/ld+json\" class=\"yoast-schema-graph\">{\"@context\":\"https:\\\/\\\/schema.org\",\"@graph\":[{\"@type\":\"WebPage\",\"@id\":\"https:\\\/\\\/fit360.ee\\\/en\\\/pood\\\/product-groups\\\/joint-support-en\\\/ostrovit-pharma-shilajit-mumio-90caps\\\/\",\"url\":\"https:\\\/\\\/fit360.ee\\\/en\\\/pood\\\/product-groups\\\/joint-support-en\\\/ostrovit-pharma-shilajit-mumio-90caps\\\/\",\"name\":\"Ostrovit Pharma Shilajit (Mumio) (90caps) - Parim Hind - Kiire Tarne - Fit360\",\"isPartOf\":{\"@id\":\"https:\\\/\\\/fit360.ee\\\/en\\\/#website\"},\"primaryImageOfPage\":{\"@id\":\"https:\\\/\\\/fit360.ee\\\/en\\\/pood\\\/product-groups\\\/joint-support-en\\\/ostrovit-pharma-shilajit-mumio-90caps\\\/#primaryimage\"},\"image\":{\"@id\":\"https:\\\/\\\/fit360.ee\\\/en\\\/pood\\\/product-groups\\\/joint-support-en\\\/ostrovit-pharma-shilajit-mumio-90caps\\\/#primaryimage\"},\"thumbnailUrl\":\"https:\\\/\\\/fit360.ee\\\/wp-content\\\/uploads\\\/2025\\\/05\\\/shilajit-mumio-fit360.ee-1.png\",\"datePublished\":\"2025-05-13T07:37:31+00:00\",\"dateModified\":\"2025-08-13T05:38:05+00:00\",\"description\":\"Shilajit Mumio ekstrakti kapslid sisaldavad 250 mg puhast ja kontsentreeritud ekstrakti, millest 20% ehk 50 mg moodustavad v\u00e4\u00e4rtuslikud fulvohapped...\",\"breadcrumb\":{\"@id\":\"https:\\\/\\\/fit360.ee\\\/en\\\/pood\\\/product-groups\\\/joint-support-en\\\/ostrovit-pharma-shilajit-mumio-90caps\\\/#breadcrumb\"},\"inLanguage\":\"en-US\",\"potentialAction\":[{\"@type\":\"ReadAction\",\"target\":[\"https:\\\/\\\/fit360.ee\\\/en\\\/pood\\\/product-groups\\\/joint-support-en\\\/ostrovit-pharma-shilajit-mumio-90caps\\\/\"]}]},{\"@type\":\"ImageObject\",\"inLanguage\":\"en-US\",\"@id\":\"https:\\\/\\\/fit360.ee\\\/en\\\/pood\\\/product-groups\\\/joint-support-en\\\/ostrovit-pharma-shilajit-mumio-90caps\\\/#primaryimage\",\"url\":\"https:\\\/\\\/fit360.ee\\\/wp-content\\\/uploads\\\/2025\\\/05\\\/shilajit-mumio-fit360.ee-1.png\",\"contentUrl\":\"https:\\\/\\\/fit360.ee\\\/wp-content\\\/uploads\\\/2025\\\/05\\\/shilajit-mumio-fit360.ee-1.png\",\"width\":450,\"height\":450,\"caption\":\"shilajit mumio - fit360.ee\"},{\"@type\":\"BreadcrumbList\",\"@id\":\"https:\\\/\\\/fit360.ee\\\/en\\\/pood\\\/product-groups\\\/joint-support-en\\\/ostrovit-pharma-shilajit-mumio-90caps\\\/#breadcrumb\",\"itemListElement\":[{\"@type\":\"ListItem\",\"position\":1,\"name\":\"Home\",\"item\":\"https:\\\/\\\/fit360.ee\\\/en\\\/\"},{\"@type\":\"ListItem\",\"position\":2,\"name\":\"Shop\",\"item\":\"https:\\\/\\\/fit360.ee\\\/en\\\/shop\\\/\"},{\"@type\":\"ListItem\",\"position\":3,\"name\":\"Ostrovit Pharma Shilajit (Mumio) (90caps)\"}]},{\"@type\":\"WebSite\",\"@id\":\"https:\\\/\\\/fit360.ee\\\/en\\\/#website\",\"url\":\"https:\\\/\\\/fit360.ee\\\/en\\\/\",\"name\":\"Fit360\",\"description\":\"\",\"publisher\":{\"@id\":\"https:\\\/\\\/fit360.ee\\\/en\\\/#organization\"},\"potentialAction\":[{\"@type\":\"SearchAction\",\"target\":{\"@type\":\"EntryPoint\",\"urlTemplate\":\"https:\\\/\\\/fit360.ee\\\/en\\\/?s={search_term_string}\"},\"query-input\":{\"@type\":\"PropertyValueSpecification\",\"valueRequired\":true,\"valueName\":\"search_term_string\"}}],\"inLanguage\":\"en-US\"},{\"@type\":\"Organization\",\"@id\":\"https:\\\/\\\/fit360.ee\\\/en\\\/#organization\",\"name\":\"Fit360\",\"url\":\"https:\\\/\\\/fit360.ee\\\/en\\\/\",\"logo\":{\"@type\":\"ImageObject\",\"inLanguage\":\"en-US\",\"@id\":\"https:\\\/\\\/fit360.ee\\\/en\\\/#\\\/schema\\\/logo\\\/image\\\/\",\"url\":\"https:\\\/\\\/fit360.ee\\\/wp-content\\\/uploads\\\/2017\\\/01\\\/logo-fit360.png\",\"contentUrl\":\"https:\\\/\\\/fit360.ee\\\/wp-content\\\/uploads\\\/2017\\\/01\\\/logo-fit360.png\",\"width\":180,\"height\":66,\"caption\":\"Fit360\"},\"image\":{\"@id\":\"https:\\\/\\\/fit360.ee\\\/en\\\/#\\\/schema\\\/logo\\\/image\\\/\"}}]}<\/script>\n<!-- \/ Yoast SEO plugin. -->","yoast_head_json":{"title":"Ostrovit Pharma Shilajit (Mumio) (90caps) - Parim Hind - Kiire Tarne - Fit360","description":"Shilajit Mumio ekstrakti kapslid sisaldavad 250 mg puhast ja kontsentreeritud ekstrakti, millest 20% ehk 50 mg moodustavad v\u00e4\u00e4rtuslikud fulvohapped...","robots":{"index":"index","follow":"follow","max-snippet":"max-snippet:-1","max-image-preview":"max-image-preview:large","max-video-preview":"max-video-preview:-1"},"canonical":"https:\/\/fit360.ee\/en\/pood\/product-groups\/joint-support-en\/ostrovit-pharma-shilajit-mumio-90caps\/","og_locale":"en_US","og_type":"article","og_title":"Ostrovit Pharma Shilajit (Mumio) (90caps) - Parim Hind - Kiire Tarne - Fit360","og_description":"Shilajit Mumio ekstrakti kapslid sisaldavad 250 mg puhast ja kontsentreeritud ekstrakti, millest 20% ehk 50 mg moodustavad v\u00e4\u00e4rtuslikud fulvohapped...","og_url":"https:\/\/fit360.ee\/en\/pood\/product-groups\/joint-support-en\/ostrovit-pharma-shilajit-mumio-90caps\/","og_site_name":"Fit360","article_modified_time":"2025-08-13T05:38:05+00:00","og_image":[{"width":450,"height":450,"url":"https:\/\/fit360.ee\/wp-content\/uploads\/2025\/05\/shilajit-mumio-fit360.ee-1.png","type":"image\/png"}],"twitter_card":"summary_large_image","twitter_misc":{"Est. reading time":"3 minutes"},"schema":{"@context":"https:\/\/schema.org","@graph":[{"@type":"WebPage","@id":"https:\/\/fit360.ee\/en\/pood\/product-groups\/joint-support-en\/ostrovit-pharma-shilajit-mumio-90caps\/","url":"https:\/\/fit360.ee\/en\/pood\/product-groups\/joint-support-en\/ostrovit-pharma-shilajit-mumio-90caps\/","name":"Ostrovit Pharma Shilajit (Mumio) (90caps) - Parim Hind - Kiire Tarne - Fit360","isPartOf":{"@id":"https:\/\/fit360.ee\/en\/#website"},"primaryImageOfPage":{"@id":"https:\/\/fit360.ee\/en\/pood\/product-groups\/joint-support-en\/ostrovit-pharma-shilajit-mumio-90caps\/#primaryimage"},"image":{"@id":"https:\/\/fit360.ee\/en\/pood\/product-groups\/joint-support-en\/ostrovit-pharma-shilajit-mumio-90caps\/#primaryimage"},"thumbnailUrl":"https:\/\/fit360.ee\/wp-content\/uploads\/2025\/05\/shilajit-mumio-fit360.ee-1.png","datePublished":"2025-05-13T07:37:31+00:00","dateModified":"2025-08-13T05:38:05+00:00","description":"Shilajit Mumio ekstrakti kapslid sisaldavad 250 mg puhast ja kontsentreeritud ekstrakti, millest 20% ehk 50 mg moodustavad v\u00e4\u00e4rtuslikud fulvohapped...","breadcrumb":{"@id":"https:\/\/fit360.ee\/en\/pood\/product-groups\/joint-support-en\/ostrovit-pharma-shilajit-mumio-90caps\/#breadcrumb"},"inLanguage":"en-US","potentialAction":[{"@type":"ReadAction","target":["https:\/\/fit360.ee\/en\/pood\/product-groups\/joint-support-en\/ostrovit-pharma-shilajit-mumio-90caps\/"]}]},{"@type":"ImageObject","inLanguage":"en-US","@id":"https:\/\/fit360.ee\/en\/pood\/product-groups\/joint-support-en\/ostrovit-pharma-shilajit-mumio-90caps\/#primaryimage","url":"https:\/\/fit360.ee\/wp-content\/uploads\/2025\/05\/shilajit-mumio-fit360.ee-1.png","contentUrl":"https:\/\/fit360.ee\/wp-content\/uploads\/2025\/05\/shilajit-mumio-fit360.ee-1.png","width":450,"height":450,"caption":"shilajit mumio - fit360.ee"},{"@type":"BreadcrumbList","@id":"https:\/\/fit360.ee\/en\/pood\/product-groups\/joint-support-en\/ostrovit-pharma-shilajit-mumio-90caps\/#breadcrumb","itemListElement":[{"@type":"ListItem","position":1,"name":"Home","item":"https:\/\/fit360.ee\/en\/"},{"@type":"ListItem","position":2,"name":"Shop","item":"https:\/\/fit360.ee\/en\/shop\/"},{"@type":"ListItem","position":3,"name":"Ostrovit Pharma Shilajit (Mumio) (90caps)"}]},{"@type":"WebSite","@id":"https:\/\/fit360.ee\/en\/#website","url":"https:\/\/fit360.ee\/en\/","name":"Fit360","description":"","publisher":{"@id":"https:\/\/fit360.ee\/en\/#organization"},"potentialAction":[{"@type":"SearchAction","target":{"@type":"EntryPoint","urlTemplate":"https:\/\/fit360.ee\/en\/?s={search_term_string}"},"query-input":{"@type":"PropertyValueSpecification","valueRequired":true,"valueName":"search_term_string"}}],"inLanguage":"en-US"},{"@type":"Organization","@id":"https:\/\/fit360.ee\/en\/#organization","name":"Fit360","url":"https:\/\/fit360.ee\/en\/","logo":{"@type":"ImageObject","inLanguage":"en-US","@id":"https:\/\/fit360.ee\/en\/#\/schema\/logo\/image\/","url":"https:\/\/fit360.ee\/wp-content\/uploads\/2017\/01\/logo-fit360.png","contentUrl":"https:\/\/fit360.ee\/wp-content\/uploads\/2017\/01\/logo-fit360.png","width":180,"height":66,"caption":"Fit360"},"image":{"@id":"https:\/\/fit360.ee\/en\/#\/schema\/logo\/image\/"}}]}},"_links":{"self":[{"href":"https:\/\/fit360.ee\/en\/wp-json\/wp\/v2\/product\/88505","targetHints":{"allow":["GET"]}}],"collection":[{"href":"https:\/\/fit360.ee\/en\/wp-json\/wp\/v2\/product"}],"about":[{"href":"https:\/\/fit360.ee\/en\/wp-json\/wp\/v2\/types\/product"}],"replies":[{"embeddable":true,"href":"https:\/\/fit360.ee\/en\/wp-json\/wp\/v2\/comments?post=88505"}],"wp:featuredmedia":[{"embeddable":true,"href":"https:\/\/fit360.ee\/en\/wp-json\/wp\/v2\/media\/88504"}],"wp:attachment":[{"href":"https:\/\/fit360.ee\/en\/wp-json\/wp\/v2\/media?parent=88505"}],"wp:term":[{"taxonomy":"product_brand","embeddable":true,"href":"https:\/\/fit360.ee\/en\/wp-json\/wp\/v2\/product_brand?post=88505"},{"taxonomy":"product_cat","embeddable":true,"href":"https:\/\/fit360.ee\/en\/wp-json\/wp\/v2\/product_cat?post=88505"},{"taxonomy":"product_tag","embeddable":true,"href":"https:\/\/fit360.ee\/en\/wp-json\/wp\/v2\/product_tag?post=88505"},{"taxonomy":"giftcard-category","embeddable":true,"href":"https:\/\/fit360.ee\/en\/wp-json\/wp\/v2\/giftcard-category?post=88505"}],"curies":[{"name":"wp","href":"https:\/\/api.w.org\/{rel}","templated":true}]}}