{"id":88521,"date":"2025-05-13T16:52:36","date_gmt":"2025-05-13T14:52:36","guid":{"rendered":"https:\/\/fit360.ee\/pood\/uncategorized\/ostrovit-protein-shake-700g\/"},"modified":"2025-08-13T07:37:57","modified_gmt":"2025-08-13T05:37:57","slug":"ostrovit-protein-shake-700g","status":"publish","type":"product","link":"https:\/\/fit360.ee\/en\/pood\/product-groups\/protein-poweders-en\/whey-protein-en\/ostrovit-protein-shake-700g\/","title":{"rendered":"Ostrovit Protein Shake (700g)"},"content":{"rendered":"<h2><strong>Ostrovit Valgujook<\/strong><\/h2>\n<section class=\"cm__section\">\n<p class=\"cm__text --bold\">OstroVit Valgujook (Protein Shake) on kvaliteetne toidulisand, mis on segu taimsetest ja loomsetest valkudest. See preparaat on saadaval pulbri kujul, millel on maitsev vanilje maitse ja mis ei sisalda lisatud suhkrut. Ostrovit valgujook on loodud f\u00fc\u00fcsiliselt aktiivsetele inimestele, kes soovivad oma igap\u00e4evast toidukogust v\u00e4\u00e4rtusliku makrotoitainega t\u00e4iendada.<\/p>\n<ul class=\"cm__list\">\n<li><strong>Valguallikas<\/strong>\u00a0\u2013 \u00fcks portsjon toidulisandit annab organismile 21 g valku sojavalgu isolaadist ja hernevalgu isolaadist.<\/li>\n<li><strong>Rikas v\u00e4\u00e4rtuslike aminohapete poolest<\/strong>\u00a0\u2013 \u00fcks portsjon preparaati sisaldab 3 g hargnenud ahelaga aminohappeid\u00a0<strong><a href=\"https:\/\/fit360.ee\/en\/product-category\/product-groups\/amino-acids-bcaa\/bcaa-en\/\" target=\"_blank\" rel=\"noopener\">BCAA-sid<\/a><\/strong>\u00a0ja 8 g asendamatuid <a href=\"https:\/\/fit360.ee\/en\/product-category\/product-groups\/amino-acids-bcaa\/essential-amino-acids-eaa-en\/\"><strong>EAA aminohappeid<\/strong><\/a>.<\/li>\n<li><strong>Maitsev maitsevariant<\/strong>\u00a0\u2013 vaniljemaitseline toode r\u00f5\u00f5mustab maitsemeeli.<\/li>\n<li><strong>T\u00e4iuslikult kreemjas konsistents<\/strong>\u00a0\u2013 petipiimapulbri lisamine annab smuutile ainulaadse kreemja konsistentsi ja m\u00f5jutab positiivselt toote maitset.<\/li>\n<li><strong>Lisatud suhkrut ega aspartaami pole<\/strong>\u00a0\u2013 preparaat sisaldab madala energiasisaldusega magusaineid nagu sukraloos ja atsesulfaam K.<\/li>\n<li><strong>1 portsjon = 2 m\u00f5\u00f5dulusikat\u00e4it = 30 g.<\/strong><\/li>\n<li><strong>T\u00f5husus<\/strong>\u00a0\u2013 \u00fcks tootepakend sisaldab 23 portsjonit preparaati.<\/li>\n<li><strong>Mugav vorm<\/strong>\u00a0\u2013 preparaat on saadaval pulbri kujul ja tagab toidulisandi probleemideta tarnimise \u2013 sega lihtsalt osa segust vee v\u00f5i piimaga ja ongi valmis!<\/li>\n<\/ul>\n<h4 class=\"cm__heading\"><strong>OstroVit Protein Shake &#8211; maitsev valguallikas<\/strong><\/h4>\n<p><strong>Valk<\/strong>\u00a0on makroelement, mis moodustab elusorganismide p\u00f5histruktuuri. See on suure molekulmassiga keemiline \u00fchend, mis koosneb peptiidsidemetega seotud aminohappej\u00e4\u00e4kidest. OstroVit Protein Shake on toidulisand, mis sisaldab hernevalgu isolaati ja sojavalgu isolaati, st taimseid valke, millel on rikkalik aminohappeprofiil, gluteenivabad ja mida iseloomustab ka suurep\u00e4rane lahustuvus. Samal ajal sisaldab preparaat piimast saadud petipiimapulbrit, millel on toote maitsele positiivne m\u00f5ju, andes smuutile ainulaadse kreemja konsistentsi.<\/p>\n<h4 class=\"cm__heading\"><strong>OstroVit valgukokteilis sisalduvate koostisosade omadused<\/strong><\/h4>\n<p>Preparaadis sisalduv\u00a0<strong>valk<\/strong>\u00a0aitab kaasa lihasmassi kasvule ja aitab ka s\u00e4ilitada lihasmassi. Lisaks toetab see makrotoitaine tervete luude s\u00e4ilimist.<\/p>\n<\/section>\n<section class=\"cm__section\">\n<div class=\"cm__heading\"><strong>Laboris kinnitatud kvaliteet<\/strong><\/div>\n<p class=\"cm__text --bold\">Meie klientide tervise huvides testitakse meie valmistatud tooteid regulaarselt s\u00f5ltumatus akrediteeritud laboris, et tagada ja s\u00e4ilitada k\u00f5rgeim kvaliteet.<\/p>\n<p><strong>Koostisosad*: Sojavalgu<\/strong>\u00a0isolaat\u00a0(sisaldab\u00a0<strong>v\u00e4\u00e4veldioksiidi ja sulfiteid<\/strong>\u00a0), petipiimapulber\u00a0\u00a0<strong>piimast<\/strong>\u00a0, hernevalgu isolaat, l\u00f5hna- ja maitseained, paksendajad: ksantaankummi, kummiaraabik; sool, magusained: sukraloos, atsesulfaam K.<\/p>\n<p>Toode v\u00f5ib sisaldada maap\u00e4hkleid, muid p\u00e4hkleid, seesamiseemneid, gluteeni sisaldavaid teravilju, mune, koorikloomi, kala.<\/p>\n<p>Pulbriline toidulisand. Sisaldab magusaineid.<\/p>\n<p>*-t\u00f5lgitud on vanilje maitseline pulber. Teiste maitsete koostisosade informatsiooni kohta kirjuta: info@fit360.ee<\/p>\n<p><strong>Kasutamine<\/strong>: Lahusta \u00fcks 30 g portsjon (2 m\u00f5\u00f5dulusikat\u00e4it) 200 ml vees v\u00f5i l\u00f5ssis. Tarbida 1-2 korda p\u00e4evas vastavalt vajadusele.<\/p>\n<section class=\"projector__description--nutritional row\" data-selector=\".--nutritional\">\n<div class=\"col-12 col-md-10 col-lg-8\">\n<div class=\"--nutrit\">\n<div class=\"nutrition_table_wrapper\">\n<div class=\"table_wrapper\">\n<table>\n<tbody>\n<tr>\n<th>Toitev\u00e4\u00e4rtus<\/th>\n<th>Portsjoni kohta<\/th>\n<th>2 portsjoni jaoks<\/th>\n<th>100 g kohta<\/th>\n<\/tr>\n<tr>\n<td>Energiav\u00e4\u00e4rtus<\/td>\n<td>478 kJ \/ 113 kcal<\/td>\n<td>956 kJ \/ 226 kcal<\/td>\n<td>1582 kJ \/ 373 kcal<\/td>\n<\/tr>\n<tr>\n<td>Rasv:<\/td>\n<td>0,8 g<\/td>\n<td>1,7 g<\/td>\n<td>2,8 g<\/td>\n<\/tr>\n<tr class=\"sub\">\n<td>&#8211; sealhulgas k\u00fcllastunud rasvhapped<\/td>\n<td>0,3 g<\/td>\n<td>0,7 g<\/td>\n<td>1,1 g<\/td>\n<\/tr>\n<tr>\n<td>S\u00fcsivesikud:<\/td>\n<td>5,1 g<\/td>\n<td>10g<\/td>\n<td>17g<\/td>\n<\/tr>\n<tr class=\"sub\">\n<td>&#8211; sealhulgas suhkrud<\/td>\n<td>4,5 g<\/td>\n<td>9g<\/td>\n<td>15g<\/td>\n<\/tr>\n<tr>\n<td>Valk<\/td>\n<td>21g<\/td>\n<td>41g<\/td>\n<td>69g<\/td>\n<\/tr>\n<tr>\n<td>Sool<\/td>\n<td>0,66 g<\/td>\n<td>1,32 g<\/td>\n<td>2,2 g<\/td>\n<\/tr>\n<\/tbody>\n<\/table>\n<\/div>\n<\/div>\n<\/div>\n<\/div>\n<\/section>\n<section class=\"projector__firm producer row jusify-content-center\" data-selector=\".--firm\">\n<div class=\"--label col-12\"><\/div>\n<\/section>\n<p>Vaata ka meie Teisi Valgupulbreid <a href=\"https:\/\/fit360.ee\/en\/product-category\/product-groups\/protein-poweders-en\/\"><strong>SIIT<\/strong><\/a> v\u00f5i Taimseid Valke <a href=\"https:\/\/fit360.ee\/en\/product-category\/product-groups\/protein-poweders-en\/vegan-protein-en\/\"><strong>SIIT<\/strong><\/a>!<\/p>\n<p>Soovid kaupa osta suuremas koguses? Vaata antud toodet ka meie HULGI poest\u00a0<a href=\"https:\/\/toidulisandidhulgi.ee\/tooted\/ostrovit-protein-shake-700g\/\"><strong>SIIT<\/strong><\/a>!<\/p>\n<\/section>\n","protected":false},"excerpt":{"rendered":"<ul>\n<li>Segu taimsest ja piimavalgust<\/li>\n<li>Ligi 70% valgupulber<\/li>\n<li>Head maitsed<\/li>\n<li>Ei ole lisatud suhkruid<\/li>\n<\/ul>\n","protected":false},"featured_media":88520,"comment_status":"open","ping_status":"closed","template":"","meta":[],"product_brand":[],"product_cat":[2331,1329,535,531,2428,2420],"product_tag":[1924,4188,5802,5803],"giftcard-category":[],"class_list":{"0":"post-88521","1":"product","2":"type-product","3":"status-publish","4":"has-post-thumbnail","6":"product_cat-essential-amino-acids-eaa-en","7":"product_cat-ostrovit-en","8":"product_cat-protein-poweders-en","9":"product_cat-recovery-post-workout-en","10":"product_cat-vegan-protein-en","11":"product_cat-whey-protein-en","12":"product_tag-ostrovit-en","13":"product_tag-protein-shake-en","14":"product_tag-valgujook-en","15":"product_tag-valgukokteil-en","16":"pa_kogus-700g-en","17":"pa_maitse-strawberry","18":"pa_maitse-vanilli","19":"pa_toidulisand-branddd-ostrovit","20":"pa_tootegruppp-asendamatud-aminohapped-eaa-en","21":"pa_tootegruppp-protein","22":"pa_tootegruppp-recoveryafter-workout","23":"pa_tootegruppp-taimne-valk-en","24":"pa_tootegruppp-vadakuvalk-en","26":"first","27":"instock","28":"sale","29":"taxable","30":"shipping-taxable","31":"purchasable","32":"product-type-variable"},"yoast_head":"<!-- This site is optimized with the Yoast SEO plugin v27.3 - https:\/\/yoast.com\/product\/yoast-seo-wordpress\/ -->\n<title>Ostrovit Protein Shake (700g) - Valgujook - Kiire Tarne - Parim Hind - Fit360<\/title>\n<meta name=\"description\" content=\"Ostrovit Valgujook on kvaliteetne toidulisand, mis on segu taimsetest ja loomsetest valkudest. See preparaat on saadaval pulbri kujul, millel on maitsev...\" \/>\n<meta name=\"robots\" content=\"index, follow, max-snippet:-1, max-image-preview:large, max-video-preview:-1\" \/>\n<link rel=\"canonical\" href=\"https:\/\/fit360.ee\/en\/pood\/product-groups\/protein-poweders-en\/whey-protein-en\/ostrovit-protein-shake-700g\/\" \/>\n<meta property=\"og:locale\" content=\"en_US\" \/>\n<meta property=\"og:type\" content=\"article\" \/>\n<meta property=\"og:title\" content=\"Ostrovit Protein Shake (700g) - Valgujook - Kiire Tarne - Parim Hind - Fit360\" \/>\n<meta property=\"og:description\" content=\"Ostrovit Valgujook on kvaliteetne toidulisand, mis on segu taimsetest ja loomsetest valkudest. See preparaat on saadaval pulbri kujul, millel on maitsev...\" \/>\n<meta property=\"og:url\" content=\"https:\/\/fit360.ee\/en\/pood\/product-groups\/protein-poweders-en\/whey-protein-en\/ostrovit-protein-shake-700g\/\" \/>\n<meta property=\"og:site_name\" content=\"Fit360\" \/>\n<meta property=\"article:modified_time\" content=\"2025-08-13T05:37:57+00:00\" \/>\n<meta property=\"og:image\" content=\"https:\/\/fit360.ee\/wp-content\/uploads\/2025\/05\/valgukokteil-fit360.ee-1.png\" \/>\n\t<meta property=\"og:image:width\" content=\"450\" \/>\n\t<meta property=\"og:image:height\" content=\"450\" \/>\n\t<meta property=\"og:image:type\" content=\"image\/png\" \/>\n<meta name=\"twitter:card\" content=\"summary_large_image\" \/>\n<meta name=\"twitter:label1\" content=\"Est. reading time\" \/>\n\t<meta name=\"twitter:data1\" content=\"3 minutes\" \/>\n<script type=\"application\/ld+json\" class=\"yoast-schema-graph\">{\"@context\":\"https:\\\/\\\/schema.org\",\"@graph\":[{\"@type\":\"WebPage\",\"@id\":\"https:\\\/\\\/fit360.ee\\\/en\\\/pood\\\/product-groups\\\/protein-poweders-en\\\/whey-protein-en\\\/ostrovit-protein-shake-700g\\\/\",\"url\":\"https:\\\/\\\/fit360.ee\\\/en\\\/pood\\\/product-groups\\\/protein-poweders-en\\\/whey-protein-en\\\/ostrovit-protein-shake-700g\\\/\",\"name\":\"Ostrovit Protein Shake (700g) - Valgujook - Kiire Tarne - Parim Hind - Fit360\",\"isPartOf\":{\"@id\":\"https:\\\/\\\/fit360.ee\\\/en\\\/#website\"},\"primaryImageOfPage\":{\"@id\":\"https:\\\/\\\/fit360.ee\\\/en\\\/pood\\\/product-groups\\\/protein-poweders-en\\\/whey-protein-en\\\/ostrovit-protein-shake-700g\\\/#primaryimage\"},\"image\":{\"@id\":\"https:\\\/\\\/fit360.ee\\\/en\\\/pood\\\/product-groups\\\/protein-poweders-en\\\/whey-protein-en\\\/ostrovit-protein-shake-700g\\\/#primaryimage\"},\"thumbnailUrl\":\"https:\\\/\\\/fit360.ee\\\/wp-content\\\/uploads\\\/2025\\\/05\\\/valgukokteil-fit360.ee-1.png\",\"datePublished\":\"2025-05-13T14:52:36+00:00\",\"dateModified\":\"2025-08-13T05:37:57+00:00\",\"description\":\"Ostrovit Valgujook on kvaliteetne toidulisand, mis on segu taimsetest ja loomsetest valkudest. See preparaat on saadaval pulbri kujul, millel on maitsev...\",\"breadcrumb\":{\"@id\":\"https:\\\/\\\/fit360.ee\\\/en\\\/pood\\\/product-groups\\\/protein-poweders-en\\\/whey-protein-en\\\/ostrovit-protein-shake-700g\\\/#breadcrumb\"},\"inLanguage\":\"en-US\",\"potentialAction\":[{\"@type\":\"ReadAction\",\"target\":[\"https:\\\/\\\/fit360.ee\\\/en\\\/pood\\\/product-groups\\\/protein-poweders-en\\\/whey-protein-en\\\/ostrovit-protein-shake-700g\\\/\"]}]},{\"@type\":\"ImageObject\",\"inLanguage\":\"en-US\",\"@id\":\"https:\\\/\\\/fit360.ee\\\/en\\\/pood\\\/product-groups\\\/protein-poweders-en\\\/whey-protein-en\\\/ostrovit-protein-shake-700g\\\/#primaryimage\",\"url\":\"https:\\\/\\\/fit360.ee\\\/wp-content\\\/uploads\\\/2025\\\/05\\\/valgukokteil-fit360.ee-1.png\",\"contentUrl\":\"https:\\\/\\\/fit360.ee\\\/wp-content\\\/uploads\\\/2025\\\/05\\\/valgukokteil-fit360.ee-1.png\",\"width\":450,\"height\":450,\"caption\":\"valgukokteil - fit360.ee\"},{\"@type\":\"BreadcrumbList\",\"@id\":\"https:\\\/\\\/fit360.ee\\\/en\\\/pood\\\/product-groups\\\/protein-poweders-en\\\/whey-protein-en\\\/ostrovit-protein-shake-700g\\\/#breadcrumb\",\"itemListElement\":[{\"@type\":\"ListItem\",\"position\":1,\"name\":\"Home\",\"item\":\"https:\\\/\\\/fit360.ee\\\/en\\\/\"},{\"@type\":\"ListItem\",\"position\":2,\"name\":\"Shop\",\"item\":\"https:\\\/\\\/fit360.ee\\\/en\\\/shop\\\/\"},{\"@type\":\"ListItem\",\"position\":3,\"name\":\"Ostrovit Protein Shake (700g)\"}]},{\"@type\":\"WebSite\",\"@id\":\"https:\\\/\\\/fit360.ee\\\/en\\\/#website\",\"url\":\"https:\\\/\\\/fit360.ee\\\/en\\\/\",\"name\":\"Fit360\",\"description\":\"\",\"publisher\":{\"@id\":\"https:\\\/\\\/fit360.ee\\\/en\\\/#organization\"},\"potentialAction\":[{\"@type\":\"SearchAction\",\"target\":{\"@type\":\"EntryPoint\",\"urlTemplate\":\"https:\\\/\\\/fit360.ee\\\/en\\\/?s={search_term_string}\"},\"query-input\":{\"@type\":\"PropertyValueSpecification\",\"valueRequired\":true,\"valueName\":\"search_term_string\"}}],\"inLanguage\":\"en-US\"},{\"@type\":\"Organization\",\"@id\":\"https:\\\/\\\/fit360.ee\\\/en\\\/#organization\",\"name\":\"Fit360\",\"url\":\"https:\\\/\\\/fit360.ee\\\/en\\\/\",\"logo\":{\"@type\":\"ImageObject\",\"inLanguage\":\"en-US\",\"@id\":\"https:\\\/\\\/fit360.ee\\\/en\\\/#\\\/schema\\\/logo\\\/image\\\/\",\"url\":\"https:\\\/\\\/fit360.ee\\\/wp-content\\\/uploads\\\/2017\\\/01\\\/logo-fit360.png\",\"contentUrl\":\"https:\\\/\\\/fit360.ee\\\/wp-content\\\/uploads\\\/2017\\\/01\\\/logo-fit360.png\",\"width\":180,\"height\":66,\"caption\":\"Fit360\"},\"image\":{\"@id\":\"https:\\\/\\\/fit360.ee\\\/en\\\/#\\\/schema\\\/logo\\\/image\\\/\"}}]}<\/script>\n<!-- \/ Yoast SEO plugin. -->","yoast_head_json":{"title":"Ostrovit Protein Shake (700g) - Valgujook - Kiire Tarne - Parim Hind - Fit360","description":"Ostrovit Valgujook on kvaliteetne toidulisand, mis on segu taimsetest ja loomsetest valkudest. See preparaat on saadaval pulbri kujul, millel on maitsev...","robots":{"index":"index","follow":"follow","max-snippet":"max-snippet:-1","max-image-preview":"max-image-preview:large","max-video-preview":"max-video-preview:-1"},"canonical":"https:\/\/fit360.ee\/en\/pood\/product-groups\/protein-poweders-en\/whey-protein-en\/ostrovit-protein-shake-700g\/","og_locale":"en_US","og_type":"article","og_title":"Ostrovit Protein Shake (700g) - Valgujook - Kiire Tarne - Parim Hind - Fit360","og_description":"Ostrovit Valgujook on kvaliteetne toidulisand, mis on segu taimsetest ja loomsetest valkudest. See preparaat on saadaval pulbri kujul, millel on maitsev...","og_url":"https:\/\/fit360.ee\/en\/pood\/product-groups\/protein-poweders-en\/whey-protein-en\/ostrovit-protein-shake-700g\/","og_site_name":"Fit360","article_modified_time":"2025-08-13T05:37:57+00:00","og_image":[{"width":450,"height":450,"url":"https:\/\/fit360.ee\/wp-content\/uploads\/2025\/05\/valgukokteil-fit360.ee-1.png","type":"image\/png"}],"twitter_card":"summary_large_image","twitter_misc":{"Est. reading time":"3 minutes"},"schema":{"@context":"https:\/\/schema.org","@graph":[{"@type":"WebPage","@id":"https:\/\/fit360.ee\/en\/pood\/product-groups\/protein-poweders-en\/whey-protein-en\/ostrovit-protein-shake-700g\/","url":"https:\/\/fit360.ee\/en\/pood\/product-groups\/protein-poweders-en\/whey-protein-en\/ostrovit-protein-shake-700g\/","name":"Ostrovit Protein Shake (700g) - Valgujook - Kiire Tarne - Parim Hind - Fit360","isPartOf":{"@id":"https:\/\/fit360.ee\/en\/#website"},"primaryImageOfPage":{"@id":"https:\/\/fit360.ee\/en\/pood\/product-groups\/protein-poweders-en\/whey-protein-en\/ostrovit-protein-shake-700g\/#primaryimage"},"image":{"@id":"https:\/\/fit360.ee\/en\/pood\/product-groups\/protein-poweders-en\/whey-protein-en\/ostrovit-protein-shake-700g\/#primaryimage"},"thumbnailUrl":"https:\/\/fit360.ee\/wp-content\/uploads\/2025\/05\/valgukokteil-fit360.ee-1.png","datePublished":"2025-05-13T14:52:36+00:00","dateModified":"2025-08-13T05:37:57+00:00","description":"Ostrovit Valgujook on kvaliteetne toidulisand, mis on segu taimsetest ja loomsetest valkudest. See preparaat on saadaval pulbri kujul, millel on maitsev...","breadcrumb":{"@id":"https:\/\/fit360.ee\/en\/pood\/product-groups\/protein-poweders-en\/whey-protein-en\/ostrovit-protein-shake-700g\/#breadcrumb"},"inLanguage":"en-US","potentialAction":[{"@type":"ReadAction","target":["https:\/\/fit360.ee\/en\/pood\/product-groups\/protein-poweders-en\/whey-protein-en\/ostrovit-protein-shake-700g\/"]}]},{"@type":"ImageObject","inLanguage":"en-US","@id":"https:\/\/fit360.ee\/en\/pood\/product-groups\/protein-poweders-en\/whey-protein-en\/ostrovit-protein-shake-700g\/#primaryimage","url":"https:\/\/fit360.ee\/wp-content\/uploads\/2025\/05\/valgukokteil-fit360.ee-1.png","contentUrl":"https:\/\/fit360.ee\/wp-content\/uploads\/2025\/05\/valgukokteil-fit360.ee-1.png","width":450,"height":450,"caption":"valgukokteil - fit360.ee"},{"@type":"BreadcrumbList","@id":"https:\/\/fit360.ee\/en\/pood\/product-groups\/protein-poweders-en\/whey-protein-en\/ostrovit-protein-shake-700g\/#breadcrumb","itemListElement":[{"@type":"ListItem","position":1,"name":"Home","item":"https:\/\/fit360.ee\/en\/"},{"@type":"ListItem","position":2,"name":"Shop","item":"https:\/\/fit360.ee\/en\/shop\/"},{"@type":"ListItem","position":3,"name":"Ostrovit Protein Shake (700g)"}]},{"@type":"WebSite","@id":"https:\/\/fit360.ee\/en\/#website","url":"https:\/\/fit360.ee\/en\/","name":"Fit360","description":"","publisher":{"@id":"https:\/\/fit360.ee\/en\/#organization"},"potentialAction":[{"@type":"SearchAction","target":{"@type":"EntryPoint","urlTemplate":"https:\/\/fit360.ee\/en\/?s={search_term_string}"},"query-input":{"@type":"PropertyValueSpecification","valueRequired":true,"valueName":"search_term_string"}}],"inLanguage":"en-US"},{"@type":"Organization","@id":"https:\/\/fit360.ee\/en\/#organization","name":"Fit360","url":"https:\/\/fit360.ee\/en\/","logo":{"@type":"ImageObject","inLanguage":"en-US","@id":"https:\/\/fit360.ee\/en\/#\/schema\/logo\/image\/","url":"https:\/\/fit360.ee\/wp-content\/uploads\/2017\/01\/logo-fit360.png","contentUrl":"https:\/\/fit360.ee\/wp-content\/uploads\/2017\/01\/logo-fit360.png","width":180,"height":66,"caption":"Fit360"},"image":{"@id":"https:\/\/fit360.ee\/en\/#\/schema\/logo\/image\/"}}]}},"_links":{"self":[{"href":"https:\/\/fit360.ee\/en\/wp-json\/wp\/v2\/product\/88521","targetHints":{"allow":["GET"]}}],"collection":[{"href":"https:\/\/fit360.ee\/en\/wp-json\/wp\/v2\/product"}],"about":[{"href":"https:\/\/fit360.ee\/en\/wp-json\/wp\/v2\/types\/product"}],"replies":[{"embeddable":true,"href":"https:\/\/fit360.ee\/en\/wp-json\/wp\/v2\/comments?post=88521"}],"wp:featuredmedia":[{"embeddable":true,"href":"https:\/\/fit360.ee\/en\/wp-json\/wp\/v2\/media\/88520"}],"wp:attachment":[{"href":"https:\/\/fit360.ee\/en\/wp-json\/wp\/v2\/media?parent=88521"}],"wp:term":[{"taxonomy":"product_brand","embeddable":true,"href":"https:\/\/fit360.ee\/en\/wp-json\/wp\/v2\/product_brand?post=88521"},{"taxonomy":"product_cat","embeddable":true,"href":"https:\/\/fit360.ee\/en\/wp-json\/wp\/v2\/product_cat?post=88521"},{"taxonomy":"product_tag","embeddable":true,"href":"https:\/\/fit360.ee\/en\/wp-json\/wp\/v2\/product_tag?post=88521"},{"taxonomy":"giftcard-category","embeddable":true,"href":"https:\/\/fit360.ee\/en\/wp-json\/wp\/v2\/giftcard-category?post=88521"}],"curies":[{"name":"wp","href":"https:\/\/api.w.org\/{rel}","templated":true}]}}