{"id":88527,"date":"2025-05-13T16:52:36","date_gmt":"2025-05-13T14:52:36","guid":{"rendered":"https:\/\/fit360.ee\/pood\/uncategorized\/iodine-potassium-iodine-250tabs\/"},"modified":"2025-09-24T12:30:29","modified_gmt":"2025-09-24T10:30:29","slug":"iodine-potassium-iodine-250tabs","status":"publish","type":"product","link":"https:\/\/fit360.ee\/en\/pood\/product-groups\/vitamins-and-minerals-en\/iodine-potassium-iodine-250tabs\/","title":{"rendered":"IODINE Potassium Iodine (250tabs)"},"content":{"rendered":"<h2><strong>Kaaliumjood<\/strong><\/h2>\n<p>OstroVit JOOD (Iodine) Kaaliumjodiid 250 tabletti on toidulisand tablettide kujul, mis sisaldavad joodi kaaliumjodiidi kujul. Jood on oluline mikroelement, millel on meie organismis oluline roll \u2013 muuhulgas aitab see kaasa kilpn\u00e4\u00e4rmehormoonide korrektsele tootmisele ja kilpn\u00e4\u00e4rme korrektsele talitlusele, aitab s\u00e4ilitada \u00f5iget energiavahetust ning aitab kaasa n\u00e4rvis\u00fcsteemi korrektsele talitlusele.<\/p>\n<ul>\n<li>Jood aitab kaasa normaalsele energiavahetusele;<\/li>\n<li>Jood aitab kaasa n\u00e4rvis\u00fcsteemi normaalsele talitlusele;<\/li>\n<li>Jood aitab s\u00e4ilitada tervet nahka;<\/li>\n<li>Jood aitab kaasa kilpn\u00e4\u00e4rmehormoonide normaalsele tootmisele ja kilpn\u00e4\u00e4rme normaalsele talitlusele.<\/li>\n<\/ul>\n<h4><strong>OstroVit kaaliumjodiid 200 \u03bcg &#8211; v\u00e4\u00e4rtuslik toidulisand<\/strong><\/h4>\n<p>Jood (Iodine) &#8211; keemiline element s\u00fcmboliga I. Mineraalkomponent, mis on vajalik inimkeha n\u00f5uetekohaseks toimimiseks. Inimkehas leidub umbes 15\u201320 mg \u00fchendit, millest valdav enamus talletub kilpn\u00e4\u00e4rmes. Jooditud lauasoola peetakse joodi peamiseks allikaks, kuid elementi leidub looduslikult mereandides, kalas ja merevetikates ning aine sisaldus toodetes v\u00f5ib varieeruda s\u00f5ltuvalt ekstraheerimiskohast ning t\u00f6\u00f6tlemis- ja ladustamistingimustest.<\/p>\n<h4><strong>OstroVit Jood koostisosade omadused<\/strong><\/h4>\n<p>Jood (Iodine) aitab s\u00e4ilitada normaalseid kognitiivseid funktsioone ja aitab kaasa korralikule energiavahetusele, samuti toetab n\u00e4rvis\u00fcsteemi optimaalset toimimist. Lisaks aitab see s\u00e4ilitada tervet nahka ning toetab kilpn\u00e4\u00e4rmehormoonide tootmist ja kilpn\u00e4\u00e4rme korralikku toimimist.<\/p>\n<p><strong>Laboris kinnitatud kvaliteet<\/strong><\/p>\n<p>Meie klientide tervise huvides testitakse meie valmistatud tooteid regulaarselt s\u00f5ltumatus akrediteeritud laboris, et tagada ja s\u00e4ilitada k\u00f5rgeim kvaliteet.<\/p>\n<p><strong>Koostisosad<\/strong>: T\u00e4iteaine: mikrokristalne tselluloos; t\u00e4rklis, paakumisvastased ained: r\u00e4nidioksiid, rasvhapete magneesiumisoolad; kaaliumjodiid (jood).<\/p>\n<p>Valmistatud tehases, kus on kasutatud piimast (sh laktoos), sojaubadest, maap\u00e4hklitest, muudest p\u00e4hklitest, seesamiseemnetest, gluteeni sisaldavatest teraviljadest, munadest, koorikloomadest ja kalast saadud koostisosi.<\/p>\n<p><strong>Kasutamine<\/strong>: Tarbida 1 portsjon (1 tablett) p\u00e4evas. Toode on m\u00f5eldud t\u00e4iskasvanutele.<\/p>\n<table>\n<tbody>\n<tr>\n<th>Toimeained<\/th>\n<th>Portsjoni kohta<\/th>\n<th>% SPK*<\/th>\n<\/tr>\n<tr>\n<td>Jood<\/td>\n<td>200 \u00b5g<\/td>\n<td>133%<\/td>\n<\/tr>\n<\/tbody>\n<\/table>\n<p>*SPK &#8211; Soovitatud P\u00e4evane kogus.<\/p>\n<p>Vaata ka meie teisi Vitamiine\/Mineraale <a href=\"https:\/\/fit360.ee\/en\/product-category\/product-groups\/vitamins-and-minerals-en\/\"><strong>SIIT<\/strong><\/a> v\u00f5i Supertoite <a href=\"https:\/\/fit360.ee\/en\/product-category\/product-groups\/superfoods-health-foods-en\/\"><strong>SIIT<\/strong><\/a>!<\/p>\n<p>Soovid kaupa osta suuremas koguses? Vaata antud toodet ka meie HULGI poest\u00a0<a href=\"https:\/\/toidulisandidhulgi.ee\/tooted\/iodine-potassium-iodine-250tabs\/\"><strong>SIIT<\/strong><\/a>!<\/p>\n","protected":false},"excerpt":{"rendered":"<ul>\n<li>Jood aitab kaasa normaalsele energiavahetusele;<\/li>\n<li>Jood aitab kaasa n\u00e4rvis\u00fcsteemi normaalsele talitlusele;<\/li>\n<li>Jood aitab s\u00e4ilitada tervet nahka;<\/li>\n<li>Jood aitab kaasa kilpn\u00e4\u00e4rmehormoonide normaalsele tootmisele ja kilpn\u00e4\u00e4rme normaalsele talitlusele.<\/li>\n<\/ul>\n","protected":false},"featured_media":88526,"comment_status":"open","ping_status":"closed","template":"","meta":[],"product_brand":[],"product_cat":[1329,1454,536],"product_tag":[5414,3982,1924,5805],"giftcard-category":[],"class_list":{"0":"post-88527","1":"product","2":"type-product","3":"status-publish","4":"has-post-thumbnail","6":"product_cat-ostrovit-en","7":"product_cat-superfoods-health-foods-en","8":"product_cat-vitamins-and-minerals-en","9":"product_tag-iodine-en","10":"product_tag-jood-en","11":"product_tag-ostrovit-en","12":"product_tag-potassium-iodine-en","13":"pa_kogus-250-tablets","14":"pa_toidulisand-branddd-ostrovit","15":"pa_tootegruppp-supertoit-tervisetoit-en","16":"pa_tootegruppp-vitamins-and-minerals","18":"first","19":"outofstock","20":"sale","21":"taxable","22":"shipping-taxable","23":"purchasable","24":"product-type-simple"},"yoast_head":"<!-- This site is optimized with the Yoast SEO plugin v27.3 - https:\/\/yoast.com\/product\/yoast-seo-wordpress\/ -->\n<title>IODINE Potassium Iodine (250tabs) - Joodi tabletid - Parim Hind - Fit360<\/title>\n<meta name=\"description\" content=\"OstroVit JOOD (Iodine) Kaaliumjodiid 250 tabletti on toidulisand tablettide kujul, mis sisaldavad joodi kaaliumjodiidi kujul. Jood on oluline mikroelement..\" \/>\n<meta name=\"robots\" content=\"index, follow, max-snippet:-1, max-image-preview:large, max-video-preview:-1\" \/>\n<link rel=\"canonical\" href=\"https:\/\/fit360.ee\/en\/pood\/product-groups\/vitamins-and-minerals-en\/iodine-potassium-iodine-250tabs\/\" \/>\n<meta property=\"og:locale\" content=\"en_US\" \/>\n<meta property=\"og:type\" content=\"article\" \/>\n<meta property=\"og:title\" content=\"IODINE Potassium Iodine (250tabs) - Joodi tabletid - Parim Hind - Fit360\" \/>\n<meta property=\"og:description\" content=\"OstroVit JOOD (Iodine) Kaaliumjodiid 250 tabletti on toidulisand tablettide kujul, mis sisaldavad joodi kaaliumjodiidi kujul. Jood on oluline mikroelement..\" \/>\n<meta property=\"og:url\" content=\"https:\/\/fit360.ee\/en\/pood\/product-groups\/vitamins-and-minerals-en\/iodine-potassium-iodine-250tabs\/\" \/>\n<meta property=\"og:site_name\" content=\"Fit360\" \/>\n<meta property=\"article:modified_time\" content=\"2025-09-24T10:30:29+00:00\" \/>\n<meta property=\"og:image\" content=\"https:\/\/fit360.ee\/wp-content\/uploads\/2025\/05\/joodi-tabletid-iodine-potassium-iodine-fit360.ee_.jpg\" \/>\n\t<meta property=\"og:image:width\" content=\"1000\" \/>\n\t<meta property=\"og:image:height\" content=\"1000\" \/>\n\t<meta property=\"og:image:type\" content=\"image\/jpeg\" \/>\n<meta name=\"twitter:card\" content=\"summary_large_image\" \/>\n<meta name=\"twitter:label1\" content=\"Est. reading time\" \/>\n\t<meta name=\"twitter:data1\" content=\"2 minutes\" \/>\n<script type=\"application\/ld+json\" class=\"yoast-schema-graph\">{\"@context\":\"https:\\\/\\\/schema.org\",\"@graph\":[{\"@type\":\"WebPage\",\"@id\":\"https:\\\/\\\/fit360.ee\\\/en\\\/pood\\\/product-groups\\\/vitamins-and-minerals-en\\\/iodine-potassium-iodine-250tabs\\\/\",\"url\":\"https:\\\/\\\/fit360.ee\\\/en\\\/pood\\\/product-groups\\\/vitamins-and-minerals-en\\\/iodine-potassium-iodine-250tabs\\\/\",\"name\":\"IODINE Potassium Iodine (250tabs) - Joodi tabletid - Parim Hind - Fit360\",\"isPartOf\":{\"@id\":\"https:\\\/\\\/fit360.ee\\\/en\\\/#website\"},\"primaryImageOfPage\":{\"@id\":\"https:\\\/\\\/fit360.ee\\\/en\\\/pood\\\/product-groups\\\/vitamins-and-minerals-en\\\/iodine-potassium-iodine-250tabs\\\/#primaryimage\"},\"image\":{\"@id\":\"https:\\\/\\\/fit360.ee\\\/en\\\/pood\\\/product-groups\\\/vitamins-and-minerals-en\\\/iodine-potassium-iodine-250tabs\\\/#primaryimage\"},\"thumbnailUrl\":\"https:\\\/\\\/fit360.ee\\\/wp-content\\\/uploads\\\/2025\\\/05\\\/joodi-tabletid-iodine-potassium-iodine-fit360.ee_.jpg\",\"datePublished\":\"2025-05-13T14:52:36+00:00\",\"dateModified\":\"2025-09-24T10:30:29+00:00\",\"description\":\"OstroVit JOOD (Iodine) Kaaliumjodiid 250 tabletti on toidulisand tablettide kujul, mis sisaldavad joodi kaaliumjodiidi kujul. Jood on oluline mikroelement..\",\"breadcrumb\":{\"@id\":\"https:\\\/\\\/fit360.ee\\\/en\\\/pood\\\/product-groups\\\/vitamins-and-minerals-en\\\/iodine-potassium-iodine-250tabs\\\/#breadcrumb\"},\"inLanguage\":\"en-US\",\"potentialAction\":[{\"@type\":\"ReadAction\",\"target\":[\"https:\\\/\\\/fit360.ee\\\/en\\\/pood\\\/product-groups\\\/vitamins-and-minerals-en\\\/iodine-potassium-iodine-250tabs\\\/\"]}]},{\"@type\":\"ImageObject\",\"inLanguage\":\"en-US\",\"@id\":\"https:\\\/\\\/fit360.ee\\\/en\\\/pood\\\/product-groups\\\/vitamins-and-minerals-en\\\/iodine-potassium-iodine-250tabs\\\/#primaryimage\",\"url\":\"https:\\\/\\\/fit360.ee\\\/wp-content\\\/uploads\\\/2025\\\/05\\\/joodi-tabletid-iodine-potassium-iodine-fit360.ee_.jpg\",\"contentUrl\":\"https:\\\/\\\/fit360.ee\\\/wp-content\\\/uploads\\\/2025\\\/05\\\/joodi-tabletid-iodine-potassium-iodine-fit360.ee_.jpg\",\"width\":1000,\"height\":1000,\"caption\":\"joodi tabletid - iodine potassium iodine - fit360.ee\"},{\"@type\":\"BreadcrumbList\",\"@id\":\"https:\\\/\\\/fit360.ee\\\/en\\\/pood\\\/product-groups\\\/vitamins-and-minerals-en\\\/iodine-potassium-iodine-250tabs\\\/#breadcrumb\",\"itemListElement\":[{\"@type\":\"ListItem\",\"position\":1,\"name\":\"Home\",\"item\":\"https:\\\/\\\/fit360.ee\\\/en\\\/\"},{\"@type\":\"ListItem\",\"position\":2,\"name\":\"Shop\",\"item\":\"https:\\\/\\\/fit360.ee\\\/en\\\/shop\\\/\"},{\"@type\":\"ListItem\",\"position\":3,\"name\":\"IODINE Potassium Iodine (250tabs)\"}]},{\"@type\":\"WebSite\",\"@id\":\"https:\\\/\\\/fit360.ee\\\/en\\\/#website\",\"url\":\"https:\\\/\\\/fit360.ee\\\/en\\\/\",\"name\":\"Fit360\",\"description\":\"\",\"publisher\":{\"@id\":\"https:\\\/\\\/fit360.ee\\\/en\\\/#organization\"},\"potentialAction\":[{\"@type\":\"SearchAction\",\"target\":{\"@type\":\"EntryPoint\",\"urlTemplate\":\"https:\\\/\\\/fit360.ee\\\/en\\\/?s={search_term_string}\"},\"query-input\":{\"@type\":\"PropertyValueSpecification\",\"valueRequired\":true,\"valueName\":\"search_term_string\"}}],\"inLanguage\":\"en-US\"},{\"@type\":\"Organization\",\"@id\":\"https:\\\/\\\/fit360.ee\\\/en\\\/#organization\",\"name\":\"Fit360\",\"url\":\"https:\\\/\\\/fit360.ee\\\/en\\\/\",\"logo\":{\"@type\":\"ImageObject\",\"inLanguage\":\"en-US\",\"@id\":\"https:\\\/\\\/fit360.ee\\\/en\\\/#\\\/schema\\\/logo\\\/image\\\/\",\"url\":\"https:\\\/\\\/fit360.ee\\\/wp-content\\\/uploads\\\/2017\\\/01\\\/logo-fit360.png\",\"contentUrl\":\"https:\\\/\\\/fit360.ee\\\/wp-content\\\/uploads\\\/2017\\\/01\\\/logo-fit360.png\",\"width\":180,\"height\":66,\"caption\":\"Fit360\"},\"image\":{\"@id\":\"https:\\\/\\\/fit360.ee\\\/en\\\/#\\\/schema\\\/logo\\\/image\\\/\"}}]}<\/script>\n<!-- \/ Yoast SEO plugin. -->","yoast_head_json":{"title":"IODINE Potassium Iodine (250tabs) - Joodi tabletid - Parim Hind - Fit360","description":"OstroVit JOOD (Iodine) Kaaliumjodiid 250 tabletti on toidulisand tablettide kujul, mis sisaldavad joodi kaaliumjodiidi kujul. Jood on oluline mikroelement..","robots":{"index":"index","follow":"follow","max-snippet":"max-snippet:-1","max-image-preview":"max-image-preview:large","max-video-preview":"max-video-preview:-1"},"canonical":"https:\/\/fit360.ee\/en\/pood\/product-groups\/vitamins-and-minerals-en\/iodine-potassium-iodine-250tabs\/","og_locale":"en_US","og_type":"article","og_title":"IODINE Potassium Iodine (250tabs) - Joodi tabletid - Parim Hind - Fit360","og_description":"OstroVit JOOD (Iodine) Kaaliumjodiid 250 tabletti on toidulisand tablettide kujul, mis sisaldavad joodi kaaliumjodiidi kujul. Jood on oluline mikroelement..","og_url":"https:\/\/fit360.ee\/en\/pood\/product-groups\/vitamins-and-minerals-en\/iodine-potassium-iodine-250tabs\/","og_site_name":"Fit360","article_modified_time":"2025-09-24T10:30:29+00:00","og_image":[{"width":1000,"height":1000,"url":"https:\/\/fit360.ee\/wp-content\/uploads\/2025\/05\/joodi-tabletid-iodine-potassium-iodine-fit360.ee_.jpg","type":"image\/jpeg"}],"twitter_card":"summary_large_image","twitter_misc":{"Est. reading time":"2 minutes"},"schema":{"@context":"https:\/\/schema.org","@graph":[{"@type":"WebPage","@id":"https:\/\/fit360.ee\/en\/pood\/product-groups\/vitamins-and-minerals-en\/iodine-potassium-iodine-250tabs\/","url":"https:\/\/fit360.ee\/en\/pood\/product-groups\/vitamins-and-minerals-en\/iodine-potassium-iodine-250tabs\/","name":"IODINE Potassium Iodine (250tabs) - Joodi tabletid - Parim Hind - Fit360","isPartOf":{"@id":"https:\/\/fit360.ee\/en\/#website"},"primaryImageOfPage":{"@id":"https:\/\/fit360.ee\/en\/pood\/product-groups\/vitamins-and-minerals-en\/iodine-potassium-iodine-250tabs\/#primaryimage"},"image":{"@id":"https:\/\/fit360.ee\/en\/pood\/product-groups\/vitamins-and-minerals-en\/iodine-potassium-iodine-250tabs\/#primaryimage"},"thumbnailUrl":"https:\/\/fit360.ee\/wp-content\/uploads\/2025\/05\/joodi-tabletid-iodine-potassium-iodine-fit360.ee_.jpg","datePublished":"2025-05-13T14:52:36+00:00","dateModified":"2025-09-24T10:30:29+00:00","description":"OstroVit JOOD (Iodine) Kaaliumjodiid 250 tabletti on toidulisand tablettide kujul, mis sisaldavad joodi kaaliumjodiidi kujul. Jood on oluline mikroelement..","breadcrumb":{"@id":"https:\/\/fit360.ee\/en\/pood\/product-groups\/vitamins-and-minerals-en\/iodine-potassium-iodine-250tabs\/#breadcrumb"},"inLanguage":"en-US","potentialAction":[{"@type":"ReadAction","target":["https:\/\/fit360.ee\/en\/pood\/product-groups\/vitamins-and-minerals-en\/iodine-potassium-iodine-250tabs\/"]}]},{"@type":"ImageObject","inLanguage":"en-US","@id":"https:\/\/fit360.ee\/en\/pood\/product-groups\/vitamins-and-minerals-en\/iodine-potassium-iodine-250tabs\/#primaryimage","url":"https:\/\/fit360.ee\/wp-content\/uploads\/2025\/05\/joodi-tabletid-iodine-potassium-iodine-fit360.ee_.jpg","contentUrl":"https:\/\/fit360.ee\/wp-content\/uploads\/2025\/05\/joodi-tabletid-iodine-potassium-iodine-fit360.ee_.jpg","width":1000,"height":1000,"caption":"joodi tabletid - iodine potassium iodine - fit360.ee"},{"@type":"BreadcrumbList","@id":"https:\/\/fit360.ee\/en\/pood\/product-groups\/vitamins-and-minerals-en\/iodine-potassium-iodine-250tabs\/#breadcrumb","itemListElement":[{"@type":"ListItem","position":1,"name":"Home","item":"https:\/\/fit360.ee\/en\/"},{"@type":"ListItem","position":2,"name":"Shop","item":"https:\/\/fit360.ee\/en\/shop\/"},{"@type":"ListItem","position":3,"name":"IODINE Potassium Iodine (250tabs)"}]},{"@type":"WebSite","@id":"https:\/\/fit360.ee\/en\/#website","url":"https:\/\/fit360.ee\/en\/","name":"Fit360","description":"","publisher":{"@id":"https:\/\/fit360.ee\/en\/#organization"},"potentialAction":[{"@type":"SearchAction","target":{"@type":"EntryPoint","urlTemplate":"https:\/\/fit360.ee\/en\/?s={search_term_string}"},"query-input":{"@type":"PropertyValueSpecification","valueRequired":true,"valueName":"search_term_string"}}],"inLanguage":"en-US"},{"@type":"Organization","@id":"https:\/\/fit360.ee\/en\/#organization","name":"Fit360","url":"https:\/\/fit360.ee\/en\/","logo":{"@type":"ImageObject","inLanguage":"en-US","@id":"https:\/\/fit360.ee\/en\/#\/schema\/logo\/image\/","url":"https:\/\/fit360.ee\/wp-content\/uploads\/2017\/01\/logo-fit360.png","contentUrl":"https:\/\/fit360.ee\/wp-content\/uploads\/2017\/01\/logo-fit360.png","width":180,"height":66,"caption":"Fit360"},"image":{"@id":"https:\/\/fit360.ee\/en\/#\/schema\/logo\/image\/"}}]}},"_links":{"self":[{"href":"https:\/\/fit360.ee\/en\/wp-json\/wp\/v2\/product\/88527","targetHints":{"allow":["GET"]}}],"collection":[{"href":"https:\/\/fit360.ee\/en\/wp-json\/wp\/v2\/product"}],"about":[{"href":"https:\/\/fit360.ee\/en\/wp-json\/wp\/v2\/types\/product"}],"replies":[{"embeddable":true,"href":"https:\/\/fit360.ee\/en\/wp-json\/wp\/v2\/comments?post=88527"}],"wp:featuredmedia":[{"embeddable":true,"href":"https:\/\/fit360.ee\/en\/wp-json\/wp\/v2\/media\/88526"}],"wp:attachment":[{"href":"https:\/\/fit360.ee\/en\/wp-json\/wp\/v2\/media?parent=88527"}],"wp:term":[{"taxonomy":"product_brand","embeddable":true,"href":"https:\/\/fit360.ee\/en\/wp-json\/wp\/v2\/product_brand?post=88527"},{"taxonomy":"product_cat","embeddable":true,"href":"https:\/\/fit360.ee\/en\/wp-json\/wp\/v2\/product_cat?post=88527"},{"taxonomy":"product_tag","embeddable":true,"href":"https:\/\/fit360.ee\/en\/wp-json\/wp\/v2\/product_tag?post=88527"},{"taxonomy":"giftcard-category","embeddable":true,"href":"https:\/\/fit360.ee\/en\/wp-json\/wp\/v2\/giftcard-category?post=88527"}],"curies":[{"name":"wp","href":"https:\/\/api.w.org\/{rel}","templated":true}]}}