{"id":88561,"date":"2025-05-15T13:52:41","date_gmt":"2025-05-15T11:52:41","guid":{"rendered":"https:\/\/fit360.ee\/pood\/uncategorized\/creatine-monohydrate-1000g-2\/"},"modified":"2026-02-18T12:25:38","modified_gmt":"2026-02-18T10:25:38","slug":"creatine-monohydrate-1000g-2","status":"publish","type":"product","link":"https:\/\/fit360.ee\/en\/pood\/product-groups\/creatine-en\/creatine-monohydrate-en\/creatine-monohydrate-1000g-2\/","title":{"rendered":"Creatine Monohydrate MAITSEGA (1000g)"},"content":{"rendered":"<h2><strong>Kreatiinmonoh\u00fcdraat<\/strong><\/h2>\n<p class=\"cm__text --bold\">OstroVit kreatiinmonoh\u00fcdraat on kvaliteetne toidulisand, mis on kreatiini allikas monoh\u00fcdraadi kujul. See on suhkruta preparaat, mis on saadaval pulbri kujul ja erinevates maitsetes. See on toode, mis on loodud sportlastele ja f\u00fc\u00fcsiliselt aktiivsetele inimestele, kes soovivad oma men\u00fc\u00fcd v\u00e4\u00e4rtusliku koostisosaga t\u00e4iendada.<\/p>\n<section class=\"cm__stats\"><picture class=\"cm__stats-picture\"><img decoding=\"async\" src=\"https:\/\/static1.ostrovit.com\/hpeciai\/f93c29d4ecb739102cc36f98f4e69243\/eng_pm_OstroVit-Creatine-Monohydrate-1000-g-26793_1.png\" alt=\"OstroVit kreatiinmonoh\u00fcdraat 1000 g\" \/><\/picture><\/section>\n<ul class=\"cm__list\">\n<li><strong>Kreatiini allikas<\/strong>\u00a0\u2013 \u00dcks portsjon toidulisandit annab organismile 2600 mg kreatiinmonoh\u00fcdraati.<\/li>\n<li><strong>Maitsvad maitsevariandid<\/strong>\u00a0&#8211; mahlane arbuus, v\u00e4rskendav koola, eksootiline mango, k\u00fcps apelsin v\u00f5i hoopis magus kirss v\u00f5i roheline \u00f5un? Lai maitsevalik t\u00e4hendab, et iga\u00fcks leiab endale sobiva toote.<\/li>\n<li><strong>Lisatud suhkrut pole<\/strong>\u00a0\u2013 Toode sisaldab madala energiasisaldusega magusaineid, mis aitavad v\u00e4hendada toote energiasisaldust.<\/li>\n<li><strong>1 portsjon = \u00be m\u00f5\u00f5dulusikat\u00e4it = 3 g<\/strong>\u00a0.<\/li>\n<li><strong>T\u00f5husus<\/strong>\u00a0\u2013 tootepakend sisaldab 333 portsjonit preparaati.<\/li>\n<li><strong>Mugav vorm<\/strong>\u00a0\u2013 pulbri kujul saadaval olev preparaat tagab toidulisandi probleemideta tarnimise ja sobib ideaalselt inimestele, kellel on raskusi tablettide neelamisega.<\/li>\n<\/ul>\n<h4 class=\"cm__heading\"><strong>OstroVit kreatiinmonoh\u00fcdraat \u2013 kontsentreeritud kreatiini allikas<\/strong><\/h4>\n<p><strong>Kreatiin<\/strong>\u00a0on keemiline \u00fchend, mis esineb inimkehas loomulikult. Ainet saab organism ka igap\u00e4evase men\u00fc\u00fcga \u2013 kreatiini v\u00f5ib leida loomsetest saadustest: lihast, kalast v\u00f5i munadest, aga ka toidulisandite kujul.<\/p>\n<p>OstroVit kasutab kreatiinmonoh\u00fcdraati, st kreatiinimolekuli ja veemolekuli kombinatsiooni \u00fcheks molekuliks \u2013 kuna kreatiin on h\u00fcdrofiilne \u00fchend, seondub see veega probleemideta ja on seega aine, mida iseloomustab suurep\u00e4rane omastatavus. Kreatiinmonoh\u00fcdraat on struktuurilt kreatiini lihtsaim vorm ja samal ajal sportlaste seas populaarseim \u00fchend \u2013 see sobib suurep\u00e4raselt nii algajatele kui ka professionaalidele, kuna kreatiin suurendab f\u00fc\u00fcsilist sooritusv\u00f5imet j\u00e4rjestikuste, l\u00fchikeste ja v\u00e4ga intensiivsete f\u00fc\u00fcsiliste harjutuste korral ning kasulik m\u00f5ju ilmneb 3 g kreatiini tarbimisel p\u00e4evas.<\/p>\n<p class=\"\" data-start=\"0\" data-end=\"304\"><strong data-start=\"0\" data-end=\"23\">Kreatiinmonoh\u00fcdraat<\/strong> on \u00fcks enim uuritud ja t\u00f5husamaid toidulisandeid, mida kasutavad nii tippsportlased kui ka harrastajad lihasj\u00f5u ja sooritusv\u00f5ime parandamiseks. Kui otsid soodsat ja suure kogusega lahendust, siis 1000g pakend on ideaalne valik \u2013 see kestab kaua ja sobib igap\u00e4evaseks kasutamiseks.<\/p>\n<p class=\"\" data-start=\"306\" data-end=\"620\">Puhas kreatiinmonoh\u00fcdraat toetab ATP tootmist, mis annab lihastele plahvatusliku energia l\u00fchiajaliste ja intensiivsete pingutuste ajal. See v\u00f5ib aidata parandada j\u00f5un\u00e4itajaid, suurendada lihasmahtu ja kiirendada taastumist. 1000g kogus v\u00f5imaldab mugavalt katta mitme kuu vajaduse ilma sagedaste korduvostudeta.<\/p>\n<p class=\"\" data-start=\"622\" data-end=\"863\">Kreatiinmonoh\u00fcdraat seguneb kergesti veega v\u00f5i spordijoogiga ning seda on lihtne v\u00f5tta enne v\u00f5i p\u00e4rast treeningut. Regulaarne tarvitamine aitab hoida kreatiinitaset lihastes stabiilsena, mis on oluline pideva arenguprotsessi toetamiseks.<\/p>\n<p class=\"\" data-start=\"865\" data-end=\"1059\">Kui otsid kindlat ja t\u00f5husat lahendust oma treeningeesm\u00e4rkide saavutamiseks, on kreatiinmonoh\u00fcdraat heaks valikuks. Usaldusv\u00e4\u00e4rne koostis ja suur kogus tagavad hea hinna ja kvaliteedi suhte.<\/p>\n<p><strong>Koostisosad<\/strong>: Kreatiinmonoh\u00fcdraat, happesuse regulaator: sidrunhape; l\u00f5hna- ja maitseained, magusained: sukraloos, atsesulfaam K.<\/p>\n<p>Valmistatud tehases, kus kasutatakse piimast (sh laktoos), sojaubadest, maap\u00e4hklitest, muudest p\u00e4hklitest, seesamiseemnetest, gluteeni sisaldavatest teraviljadest, munadest, koorikloomadest, kalast saadud koostisosi.<\/p>\n<p><strong>Kasutamine<\/strong>: \u00dcks portsjon 3 g (3\/4 m\u00f5\u00f5dulusikat\u00e4it) 100\u2013150 ml vee v\u00f5i mahla kohta. Treeningp\u00e4evadel tarbi \u00fcks portsjon p\u00e4evas \u2013 p\u00e4rast \u00e4rkamist v\u00f5i p\u00e4rast treeningut. Treeningvabadel p\u00e4evadel tarbi \u00fcks portsjon p\u00e4evas p\u00e4rast \u00e4rkamist.<\/p>\n<p><strong>Suurus<\/strong>: 1000g<\/p>\n<section class=\"projector__description--nutritional row\" data-selector=\".--nutritional\">\n<div class=\"col-12 col-md-10 col-lg-8\">\n<div class=\"--nutrit\">\n<div class=\"nutrition_table_wrapper\">\n<div class=\"table_wrapper\">\n<table>\n<tbody>\n<tr>\n<th>Toimeained<\/th>\n<th>Portsjoni kohta<\/th>\n<\/tr>\n<tr>\n<td>Kreatiinmonoh\u00fcdraat<\/td>\n<td>2600 mg<\/td>\n<\/tr>\n<tr class=\"sub\">\n<td>&#8211; millest kreatiin<\/td>\n<td>2288 mg<\/td>\n<\/tr>\n<\/tbody>\n<\/table>\n<p><span style=\"color: #333333; font-size: 14.4px;\">Vaata ka meie Teisi Kreatiine <a href=\"https:\/\/fit360.ee\/en\/product-category\/product-groups\/creatine-en\/\"><strong>SIIT<\/strong><\/a> v\u00f5i Kreatiin Monoh\u00fcdraate <a href=\"https:\/\/fit360.ee\/en\/product-category\/product-groups\/creatine-en\/creatine-monohydrate-en\/\"><strong>SIIT<\/strong><\/a>!<\/span><\/p>\n<p>Soovid kaupa osta suuremas koguses? Vaata antud toodet ka meie HULGI poest\u00a0<a href=\"https:\/\/toidulisandidhulgi.ee\/tooted\/creatine-monohydrate-1000g-2\/\"><strong>SIIT<\/strong><\/a>!<\/p>\n<\/div>\n<\/div>\n<\/div>\n<\/div>\n<\/section>\n","protected":false},"excerpt":{"rendered":"<ul>\n<li>Maitsega<\/li>\n<li>T\u00f5hus<\/li>\n<li>Mugav kasutada<\/li>\n<li>Puhas kreatiin<\/li>\n<\/ul>\n","protected":false},"featured_media":88560,"comment_status":"open","ping_status":"closed","template":"","meta":[],"product_brand":[],"product_cat":[526,2412,1329,531],"product_tag":[2963,2964,1779,1780,1924],"giftcard-category":[],"class_list":{"0":"post-88561","1":"product","2":"type-product","3":"status-publish","4":"has-post-thumbnail","6":"product_cat-creatine-en","7":"product_cat-creatine-monohydrate-en","8":"product_cat-ostrovit-en","9":"product_cat-recovery-post-workout-en","10":"product_tag-creatine-en","11":"product_tag-creatine-monohydrate-en","12":"product_tag-kreatiin-en","13":"product_tag-kreatiin-monohudraat-en","14":"product_tag-ostrovit-en","15":"pa_kogus-1000g-en","16":"pa_maitse-cherry","17":"pa_maitse-lemon","18":"pa_maitse-orange","19":"pa_maitse-rohelise-ouna-en","20":"pa_toidulisand-branddd-ostrovit","21":"pa_tootegruppp-creatine","22":"pa_tootegruppp-kreatiin-monohudraat-en","23":"pa_tootegruppp-recoveryafter-workout","25":"first","26":"instock","27":"sale","28":"taxable","29":"shipping-taxable","30":"purchasable","31":"product-type-variable"},"yoast_head":"<!-- This site is optimized with the Yoast SEO plugin v27.3 - https:\/\/yoast.com\/product\/yoast-seo-wordpress\/ -->\n<title>Creatine Monohydrate MAITSEGA (1000g) - Kreatiinmonoh\u00fcdraat - Fit360<\/title>\n<meta name=\"description\" content=\"OstroVit kreatiinmonoh\u00fcdraat on kvaliteetne toidulisand, mis on kreatiini allikas monoh\u00fcdraadi kujul. See on suhkruta preparaat, mis on saadaval pulbri ku..\" \/>\n<meta name=\"robots\" content=\"index, follow, max-snippet:-1, max-image-preview:large, max-video-preview:-1\" \/>\n<link rel=\"canonical\" href=\"https:\/\/fit360.ee\/en\/pood\/product-groups\/creatine-en\/creatine-monohydrate-en\/creatine-monohydrate-1000g-2\/\" \/>\n<meta property=\"og:locale\" content=\"en_US\" \/>\n<meta property=\"og:type\" content=\"article\" \/>\n<meta property=\"og:title\" content=\"Creatine Monohydrate MAITSEGA (1000g) - Kreatiinmonoh\u00fcdraat - Fit360\" \/>\n<meta property=\"og:description\" content=\"OstroVit kreatiinmonoh\u00fcdraat on kvaliteetne toidulisand, mis on kreatiini allikas monoh\u00fcdraadi kujul. See on suhkruta preparaat, mis on saadaval pulbri ku..\" \/>\n<meta property=\"og:url\" content=\"https:\/\/fit360.ee\/en\/pood\/product-groups\/creatine-en\/creatine-monohydrate-en\/creatine-monohydrate-1000g-2\/\" \/>\n<meta property=\"og:site_name\" content=\"Fit360\" \/>\n<meta property=\"article:modified_time\" content=\"2026-02-18T10:25:38+00:00\" \/>\n<meta property=\"og:image\" content=\"https:\/\/fit360.ee\/wp-content\/uploads\/2025\/05\/kreatiinmonohudraat-fit360.ee-1.png\" \/>\n\t<meta property=\"og:image:width\" content=\"450\" \/>\n\t<meta property=\"og:image:height\" content=\"450\" \/>\n\t<meta property=\"og:image:type\" content=\"image\/png\" \/>\n<meta name=\"twitter:card\" content=\"summary_large_image\" \/>\n<meta name=\"twitter:label1\" content=\"Est. reading time\" \/>\n\t<meta name=\"twitter:data1\" content=\"3 minutes\" \/>\n<script type=\"application\/ld+json\" class=\"yoast-schema-graph\">{\"@context\":\"https:\\\/\\\/schema.org\",\"@graph\":[{\"@type\":\"WebPage\",\"@id\":\"https:\\\/\\\/fit360.ee\\\/en\\\/pood\\\/product-groups\\\/creatine-en\\\/creatine-monohydrate-en\\\/creatine-monohydrate-1000g-2\\\/\",\"url\":\"https:\\\/\\\/fit360.ee\\\/en\\\/pood\\\/product-groups\\\/creatine-en\\\/creatine-monohydrate-en\\\/creatine-monohydrate-1000g-2\\\/\",\"name\":\"Creatine Monohydrate MAITSEGA (1000g) - Kreatiinmonoh\u00fcdraat - Fit360\",\"isPartOf\":{\"@id\":\"https:\\\/\\\/fit360.ee\\\/en\\\/#website\"},\"primaryImageOfPage\":{\"@id\":\"https:\\\/\\\/fit360.ee\\\/en\\\/pood\\\/product-groups\\\/creatine-en\\\/creatine-monohydrate-en\\\/creatine-monohydrate-1000g-2\\\/#primaryimage\"},\"image\":{\"@id\":\"https:\\\/\\\/fit360.ee\\\/en\\\/pood\\\/product-groups\\\/creatine-en\\\/creatine-monohydrate-en\\\/creatine-monohydrate-1000g-2\\\/#primaryimage\"},\"thumbnailUrl\":\"https:\\\/\\\/fit360.ee\\\/wp-content\\\/uploads\\\/2025\\\/05\\\/kreatiinmonohudraat-fit360.ee-1.png\",\"datePublished\":\"2025-05-15T11:52:41+00:00\",\"dateModified\":\"2026-02-18T10:25:38+00:00\",\"description\":\"OstroVit kreatiinmonoh\u00fcdraat on kvaliteetne toidulisand, mis on kreatiini allikas monoh\u00fcdraadi kujul. See on suhkruta preparaat, mis on saadaval pulbri ku..\",\"breadcrumb\":{\"@id\":\"https:\\\/\\\/fit360.ee\\\/en\\\/pood\\\/product-groups\\\/creatine-en\\\/creatine-monohydrate-en\\\/creatine-monohydrate-1000g-2\\\/#breadcrumb\"},\"inLanguage\":\"en-US\",\"potentialAction\":[{\"@type\":\"ReadAction\",\"target\":[\"https:\\\/\\\/fit360.ee\\\/en\\\/pood\\\/product-groups\\\/creatine-en\\\/creatine-monohydrate-en\\\/creatine-monohydrate-1000g-2\\\/\"]}]},{\"@type\":\"ImageObject\",\"inLanguage\":\"en-US\",\"@id\":\"https:\\\/\\\/fit360.ee\\\/en\\\/pood\\\/product-groups\\\/creatine-en\\\/creatine-monohydrate-en\\\/creatine-monohydrate-1000g-2\\\/#primaryimage\",\"url\":\"https:\\\/\\\/fit360.ee\\\/wp-content\\\/uploads\\\/2025\\\/05\\\/kreatiinmonohudraat-fit360.ee-1.png\",\"contentUrl\":\"https:\\\/\\\/fit360.ee\\\/wp-content\\\/uploads\\\/2025\\\/05\\\/kreatiinmonohudraat-fit360.ee-1.png\",\"width\":450,\"height\":450,\"caption\":\"kreatiinmonoh\u00fcdraat - fit360.ee\"},{\"@type\":\"BreadcrumbList\",\"@id\":\"https:\\\/\\\/fit360.ee\\\/en\\\/pood\\\/product-groups\\\/creatine-en\\\/creatine-monohydrate-en\\\/creatine-monohydrate-1000g-2\\\/#breadcrumb\",\"itemListElement\":[{\"@type\":\"ListItem\",\"position\":1,\"name\":\"Home\",\"item\":\"https:\\\/\\\/fit360.ee\\\/en\\\/\"},{\"@type\":\"ListItem\",\"position\":2,\"name\":\"Shop\",\"item\":\"https:\\\/\\\/fit360.ee\\\/en\\\/shop\\\/\"},{\"@type\":\"ListItem\",\"position\":3,\"name\":\"Creatine Monohydrate MAITSEGA (1000g)\"}]},{\"@type\":\"WebSite\",\"@id\":\"https:\\\/\\\/fit360.ee\\\/en\\\/#website\",\"url\":\"https:\\\/\\\/fit360.ee\\\/en\\\/\",\"name\":\"Fit360\",\"description\":\"\",\"publisher\":{\"@id\":\"https:\\\/\\\/fit360.ee\\\/en\\\/#organization\"},\"potentialAction\":[{\"@type\":\"SearchAction\",\"target\":{\"@type\":\"EntryPoint\",\"urlTemplate\":\"https:\\\/\\\/fit360.ee\\\/en\\\/?s={search_term_string}\"},\"query-input\":{\"@type\":\"PropertyValueSpecification\",\"valueRequired\":true,\"valueName\":\"search_term_string\"}}],\"inLanguage\":\"en-US\"},{\"@type\":\"Organization\",\"@id\":\"https:\\\/\\\/fit360.ee\\\/en\\\/#organization\",\"name\":\"Fit360\",\"url\":\"https:\\\/\\\/fit360.ee\\\/en\\\/\",\"logo\":{\"@type\":\"ImageObject\",\"inLanguage\":\"en-US\",\"@id\":\"https:\\\/\\\/fit360.ee\\\/en\\\/#\\\/schema\\\/logo\\\/image\\\/\",\"url\":\"https:\\\/\\\/fit360.ee\\\/wp-content\\\/uploads\\\/2017\\\/01\\\/logo-fit360.png\",\"contentUrl\":\"https:\\\/\\\/fit360.ee\\\/wp-content\\\/uploads\\\/2017\\\/01\\\/logo-fit360.png\",\"width\":180,\"height\":66,\"caption\":\"Fit360\"},\"image\":{\"@id\":\"https:\\\/\\\/fit360.ee\\\/en\\\/#\\\/schema\\\/logo\\\/image\\\/\"}}]}<\/script>\n<!-- \/ Yoast SEO plugin. -->","yoast_head_json":{"title":"Creatine Monohydrate MAITSEGA (1000g) - Kreatiinmonoh\u00fcdraat - Fit360","description":"OstroVit kreatiinmonoh\u00fcdraat on kvaliteetne toidulisand, mis on kreatiini allikas monoh\u00fcdraadi kujul. See on suhkruta preparaat, mis on saadaval pulbri ku..","robots":{"index":"index","follow":"follow","max-snippet":"max-snippet:-1","max-image-preview":"max-image-preview:large","max-video-preview":"max-video-preview:-1"},"canonical":"https:\/\/fit360.ee\/en\/pood\/product-groups\/creatine-en\/creatine-monohydrate-en\/creatine-monohydrate-1000g-2\/","og_locale":"en_US","og_type":"article","og_title":"Creatine Monohydrate MAITSEGA (1000g) - Kreatiinmonoh\u00fcdraat - Fit360","og_description":"OstroVit kreatiinmonoh\u00fcdraat on kvaliteetne toidulisand, mis on kreatiini allikas monoh\u00fcdraadi kujul. See on suhkruta preparaat, mis on saadaval pulbri ku..","og_url":"https:\/\/fit360.ee\/en\/pood\/product-groups\/creatine-en\/creatine-monohydrate-en\/creatine-monohydrate-1000g-2\/","og_site_name":"Fit360","article_modified_time":"2026-02-18T10:25:38+00:00","og_image":[{"width":450,"height":450,"url":"https:\/\/fit360.ee\/wp-content\/uploads\/2025\/05\/kreatiinmonohudraat-fit360.ee-1.png","type":"image\/png"}],"twitter_card":"summary_large_image","twitter_misc":{"Est. reading time":"3 minutes"},"schema":{"@context":"https:\/\/schema.org","@graph":[{"@type":"WebPage","@id":"https:\/\/fit360.ee\/en\/pood\/product-groups\/creatine-en\/creatine-monohydrate-en\/creatine-monohydrate-1000g-2\/","url":"https:\/\/fit360.ee\/en\/pood\/product-groups\/creatine-en\/creatine-monohydrate-en\/creatine-monohydrate-1000g-2\/","name":"Creatine Monohydrate MAITSEGA (1000g) - Kreatiinmonoh\u00fcdraat - Fit360","isPartOf":{"@id":"https:\/\/fit360.ee\/en\/#website"},"primaryImageOfPage":{"@id":"https:\/\/fit360.ee\/en\/pood\/product-groups\/creatine-en\/creatine-monohydrate-en\/creatine-monohydrate-1000g-2\/#primaryimage"},"image":{"@id":"https:\/\/fit360.ee\/en\/pood\/product-groups\/creatine-en\/creatine-monohydrate-en\/creatine-monohydrate-1000g-2\/#primaryimage"},"thumbnailUrl":"https:\/\/fit360.ee\/wp-content\/uploads\/2025\/05\/kreatiinmonohudraat-fit360.ee-1.png","datePublished":"2025-05-15T11:52:41+00:00","dateModified":"2026-02-18T10:25:38+00:00","description":"OstroVit kreatiinmonoh\u00fcdraat on kvaliteetne toidulisand, mis on kreatiini allikas monoh\u00fcdraadi kujul. See on suhkruta preparaat, mis on saadaval pulbri ku..","breadcrumb":{"@id":"https:\/\/fit360.ee\/en\/pood\/product-groups\/creatine-en\/creatine-monohydrate-en\/creatine-monohydrate-1000g-2\/#breadcrumb"},"inLanguage":"en-US","potentialAction":[{"@type":"ReadAction","target":["https:\/\/fit360.ee\/en\/pood\/product-groups\/creatine-en\/creatine-monohydrate-en\/creatine-monohydrate-1000g-2\/"]}]},{"@type":"ImageObject","inLanguage":"en-US","@id":"https:\/\/fit360.ee\/en\/pood\/product-groups\/creatine-en\/creatine-monohydrate-en\/creatine-monohydrate-1000g-2\/#primaryimage","url":"https:\/\/fit360.ee\/wp-content\/uploads\/2025\/05\/kreatiinmonohudraat-fit360.ee-1.png","contentUrl":"https:\/\/fit360.ee\/wp-content\/uploads\/2025\/05\/kreatiinmonohudraat-fit360.ee-1.png","width":450,"height":450,"caption":"kreatiinmonoh\u00fcdraat - fit360.ee"},{"@type":"BreadcrumbList","@id":"https:\/\/fit360.ee\/en\/pood\/product-groups\/creatine-en\/creatine-monohydrate-en\/creatine-monohydrate-1000g-2\/#breadcrumb","itemListElement":[{"@type":"ListItem","position":1,"name":"Home","item":"https:\/\/fit360.ee\/en\/"},{"@type":"ListItem","position":2,"name":"Shop","item":"https:\/\/fit360.ee\/en\/shop\/"},{"@type":"ListItem","position":3,"name":"Creatine Monohydrate MAITSEGA (1000g)"}]},{"@type":"WebSite","@id":"https:\/\/fit360.ee\/en\/#website","url":"https:\/\/fit360.ee\/en\/","name":"Fit360","description":"","publisher":{"@id":"https:\/\/fit360.ee\/en\/#organization"},"potentialAction":[{"@type":"SearchAction","target":{"@type":"EntryPoint","urlTemplate":"https:\/\/fit360.ee\/en\/?s={search_term_string}"},"query-input":{"@type":"PropertyValueSpecification","valueRequired":true,"valueName":"search_term_string"}}],"inLanguage":"en-US"},{"@type":"Organization","@id":"https:\/\/fit360.ee\/en\/#organization","name":"Fit360","url":"https:\/\/fit360.ee\/en\/","logo":{"@type":"ImageObject","inLanguage":"en-US","@id":"https:\/\/fit360.ee\/en\/#\/schema\/logo\/image\/","url":"https:\/\/fit360.ee\/wp-content\/uploads\/2017\/01\/logo-fit360.png","contentUrl":"https:\/\/fit360.ee\/wp-content\/uploads\/2017\/01\/logo-fit360.png","width":180,"height":66,"caption":"Fit360"},"image":{"@id":"https:\/\/fit360.ee\/en\/#\/schema\/logo\/image\/"}}]}},"_links":{"self":[{"href":"https:\/\/fit360.ee\/en\/wp-json\/wp\/v2\/product\/88561","targetHints":{"allow":["GET"]}}],"collection":[{"href":"https:\/\/fit360.ee\/en\/wp-json\/wp\/v2\/product"}],"about":[{"href":"https:\/\/fit360.ee\/en\/wp-json\/wp\/v2\/types\/product"}],"replies":[{"embeddable":true,"href":"https:\/\/fit360.ee\/en\/wp-json\/wp\/v2\/comments?post=88561"}],"wp:featuredmedia":[{"embeddable":true,"href":"https:\/\/fit360.ee\/en\/wp-json\/wp\/v2\/media\/88560"}],"wp:attachment":[{"href":"https:\/\/fit360.ee\/en\/wp-json\/wp\/v2\/media?parent=88561"}],"wp:term":[{"taxonomy":"product_brand","embeddable":true,"href":"https:\/\/fit360.ee\/en\/wp-json\/wp\/v2\/product_brand?post=88561"},{"taxonomy":"product_cat","embeddable":true,"href":"https:\/\/fit360.ee\/en\/wp-json\/wp\/v2\/product_cat?post=88561"},{"taxonomy":"product_tag","embeddable":true,"href":"https:\/\/fit360.ee\/en\/wp-json\/wp\/v2\/product_tag?post=88561"},{"taxonomy":"giftcard-category","embeddable":true,"href":"https:\/\/fit360.ee\/en\/wp-json\/wp\/v2\/giftcard-category?post=88561"}],"curies":[{"name":"wp","href":"https:\/\/api.w.org\/{rel}","templated":true}]}}