{"id":88569,"date":"2025-05-15T14:52:41","date_gmt":"2025-05-15T12:52:41","guid":{"rendered":"https:\/\/fit360.ee\/pood\/uncategorized\/creatine-monohydrate-3000-mg-120tabs\/"},"modified":"2025-10-11T14:33:51","modified_gmt":"2025-10-11T12:33:51","slug":"creatine-monohydrate-3000-mg-120tabs","status":"publish","type":"product","link":"https:\/\/fit360.ee\/en\/pood\/product-groups\/creatine-en\/creatine-monohydrate-en\/creatine-monohydrate-3000-mg-120tabs\/","title":{"rendered":"Creatine Monohydrate 3000 mg (120tabs)"},"content":{"rendered":"<h2><strong>Kreatiini tabletid<\/strong><\/h2>\n<section class=\"cm__section\">\n<p class=\"cm__text --bold\">OstroVit kreatiini tabletid ehk kreatiinmonoh\u00fcdraat on kvaliteetne toidulisand, mis sisaldab kreatiini monoh\u00fcdraadi kujul. See on kergesti neelatavate tablettide kujul olev preparaat, mis on m\u00f5eldud sportlastele ja f\u00fc\u00fcsiliselt aktiivsetele inimestele, kes soovivad oma dieeti v\u00e4\u00e4rtusliku \u00fchendiga t\u00e4iendada.<\/p>\n<ul class=\"cm__list\">\n<li><strong>Kreatiini allikas<\/strong>\u00a0\u2013 \u00fcks portsjon toidulisandit annab organismile 3000 mg kreatiinmonoh\u00fcdraati.<\/li>\n<li><strong>1 portsjon = 3 tabletti<\/strong>\u00a0.<\/li>\n<li><strong>T\u00f5husus<\/strong>\u00a0\u2013 tootepakend sisaldab 40 portsjonit preparaati.<\/li>\n<li><strong>Mugav vorm<\/strong>\u00a0\u2013 kergesti neelatavate tablettide kujul olev preparaat tagab toidulisandi probleemideta tarnimise.<\/li>\n<\/ul>\n<h4 class=\"cm__heading\"><strong>OstroVit kreatiinmonoh\u00fcdraat 3000 mg &#8211; kontsentreeritud kreatiini allikas<\/strong><\/h4>\n<p class=\"cm__text\"><strong>Kreatiin<\/strong>\u00a0on keemiline \u00fchend, mis esineb inimkehas loomulikult. Ainet saab organism ka igap\u00e4evase men\u00fc\u00fcga \u2013 kreatiini v\u00f5ib leida loomsetest saadustest, muuhulgas lihast, kalast v\u00f5i munadest, aga ka toidulisandite kujul.<\/p>\n<p>OstroViti preparaadis kasutatakse kreatiinmonoh\u00fcdraati, mis on kreatiinimolekuli ja veemolekuli kombinatsioon \u00fcheks molekuliks \u2013 kuna kreatiin on h\u00fcdrofiilne \u00fchend, seondub see veega kergesti ja on seet\u00f5ttu aine, mida iseloomustab suurep\u00e4rane seeditavus. Kreatiinmonoh\u00fcdraat on struktuurilt kreatiini lihtsaim vorm ja samal ajal on see sportlaste seas k\u00f5ige populaarsem \u00fchend \u2013 see sobib ideaalselt nii algajatele aktiivse eluviisi harrastajatele kui ka professionaalidele, kuna kreatiin suurendab f\u00fc\u00fcsilist sooritusv\u00f5imet j\u00e4rjestikuste l\u00fchikeste, v\u00e4ga intensiivsete f\u00fc\u00fcsiliste harjutuste korral ning kasulik m\u00f5ju ilmneb 3 g kreatiini tarbimisel p\u00e4evas.<\/p>\n<p class=\"\" data-start=\"0\" data-end=\"373\"><strong data-start=\"0\" data-end=\"22\">Kreatiini tabletid<\/strong> on mugav viis t\u00e4iendada oma igap\u00e4evast toitumist, eriti aktiivse eluviisiga inimestele. Kreatiin on looduslik aine, mis aitab suurendada lihasj\u00f5udu, plahvatuslikku v\u00f5imekust ja treeninguj\u00e4rgset taastumist. Kui pulbri segamine ei sobi sinu elur\u00fctmiga, siis kreatiini tabletid pakuvad kiiret ja lihtsat alternatiivi \u2013 piisab vaid veega neelamisest.<\/p>\n<p class=\"\" data-start=\"375\" data-end=\"759\">T\u00e4nu oma t\u00e4pselt doseeritud vormile tagavad kreatiini tabletid kindla koguse kreatiini igas annuses, mis aitab hoida p\u00e4evast tarbimist stabiilsena. See on eriti oluline neile, kes j\u00e4rgivad treeningkava v\u00f5i soovivad maksimeerida oma tulemusi j\u00f5usaalis. Lisaks on tabletid kompaktsed ja neid on lihtne kaasas kanda \u2013 sobivad suurep\u00e4raselt nii reisil kui ka t\u00f6\u00f6p\u00e4evale vahepausideks.<\/p>\n<p class=\"\" data-start=\"761\" data-end=\"1048\">Regulaarne kreatiini tablettide tarbimine v\u00f5ib toetada lihasmassi kasvu ja v\u00e4hendada lihasv\u00e4simust intensiivse treeningu ajal. Oluline on meeles pidada, et parimate tulemuste saavutamiseks tuleks kombineerida kreatiini tarvitamine tasakaalustatud toitumise ja sihip\u00e4rase treeninguga.<\/p>\n<p class=\"\" data-start=\"1050\" data-end=\"1167\"><strong data-start=\"1050\" data-end=\"1072\">Kreatiini tabletid<\/strong> on m\u00f5eldud neile, kes hindavad lihtsust, t\u00e4psust ja efektiivsust oma toidulisandite valikul.<\/p>\n<\/section>\n<section class=\"cm__section\">\n<div class=\"cm__heading\"><strong>Laboris kinnitatud kvaliteet<\/strong><\/div>\n<p class=\"cm__text --bold\">Meie klientide tervise huvides testitakse meie valmistatud tooteid regulaarselt s\u00f5ltumatus akrediteeritud laboris, et tagada ja s\u00e4ilitada k\u00f5rgeim kvaliteet.<\/p>\n<p><strong>Koostisosad<\/strong>: Kreatiinmonoh\u00fcdraat, t\u00e4iteaine: mikrokristalne tselluloos; paakumisvastased ained: rasvhapete magneesiumisoolad, r\u00e4nidioksiid.<\/p>\n<p>Toode v\u00f5ib sisaldada piima (sh laktoosi), soja, maap\u00e4hkleid, muid p\u00e4hkleid, seesamiseemneid, gluteeni sisaldavaid teravilju, mune, koorikloomi, kala.<\/p>\n<p><strong>Kasutamine<\/strong>: 1 portsjon: 3 tabletti. Treeningp\u00e4evadel tarbida \u00fcks portsjon p\u00e4evas p\u00e4rast treeningut. Puhkep\u00e4evadel \u00fcks portsjon p\u00e4rast \u00e4rkamist. See toode on m\u00f5eldud t\u00e4iskasvanutele, kes tegelevad suure intensiivsusega treeninguga.<\/p>\n<p>\u00c4rge \u00fcletage soovitatavat p\u00e4evast annust. Toidulisandit ei tohiks kasutada mitmekesise toitumise asendajana. Soovitatav on tasakaalustatud toitumine ja tervislik eluviis. \u00c4rge kasutage, kui olete allergiline m\u00f5ne toote koostisosa suhtes. Ei sobi neerupuudulikkusega inimestele. Toodet ei tohiks kasutada lapsed, rasedad ja imetavad emad. Hoida v\u00e4ikelastele k\u00e4ttesaamatus kohas.<\/p>\n<p><strong>Suurus<\/strong>: 120 tabletti &#8211; 40 serveeringut<\/p>\n<section class=\"projector__description--nutritional row\" data-selector=\".--nutritional\">\n<div class=\"col-12 col-md-10 col-lg-8\">\n<div class=\"--nutrit\">\n<div class=\"nutrition_table_wrapper\">\n<div class=\"table_wrapper\">\n<table>\n<tbody>\n<tr>\n<th>Toimeained<\/th>\n<th>1 portsjon<\/th>\n<\/tr>\n<tr>\n<td>Kreatiinmonoh\u00fcdraat<\/td>\n<td>3000 mg<\/td>\n<\/tr>\n<tr class=\"sub\">\n<td>&#8211; millest kreatiin<\/td>\n<td>2640 mg<\/td>\n<\/tr>\n<\/tbody>\n<\/table>\n<p><span style=\"color: #333333; font-size: 14.4px;\">Vaata ka meie Teisi Kreatiine <\/span><a style=\"font-size: 14.4px;\" href=\"https:\/\/fit360.ee\/en\/product-category\/product-groups\/creatine-en\/\"><strong>SIIT<\/strong><\/a><span style=\"color: #333333; font-size: 14.4px;\">\u00a0v\u00f5i Kreatiin Monoh\u00fcdraate\u00a0<\/span><a style=\"font-size: 14.4px;\" href=\"https:\/\/fit360.ee\/en\/product-category\/product-groups\/creatine-en\/creatine-monohydrate-en\/\"><strong>SIIT<\/strong><\/a><span style=\"color: #333333; font-size: 14.4px;\">!<\/span><\/p>\n<p>Soovid kaupa osta suuremas koguses? Vaata antud toodet ka meie HULGI poest\u00a0<a href=\"https:\/\/toidulisandidhulgi.ee\/tooted\/creatine-monohydrate-3000-mg-120tabs\/\"><strong>SIIT<\/strong><\/a>!<\/p>\n<\/div>\n<\/div>\n<\/div>\n<\/div>\n<\/section>\n<\/section>\n","protected":false},"excerpt":{"rendered":"<ul>\n<li>Mugav kasutada<\/li>\n<li>Puhas kreatiin<\/li>\n<li>40 serveeringut<\/li>\n<li>Aitab suurendada lihasj\u00f5udu<\/li>\n<\/ul>\n","protected":false},"featured_media":88567,"comment_status":"open","ping_status":"closed","template":"","meta":[],"product_brand":[],"product_cat":[526,2412,1329,531],"product_tag":[2963,1779,5807,1924],"giftcard-category":[],"class_list":{"0":"post-88569","1":"product","2":"type-product","3":"status-publish","4":"has-post-thumbnail","6":"product_cat-creatine-en","7":"product_cat-creatine-monohydrate-en","8":"product_cat-ostrovit-en","9":"product_cat-recovery-post-workout-en","10":"product_tag-creatine-en","11":"product_tag-kreatiin-en","12":"product_tag-kreatiini-tabletid-en","13":"product_tag-ostrovit-en","14":"pa_kogus-120-tablets","15":"pa_toidulisand-branddd-ostrovit","16":"pa_tootegruppp-creatine","17":"pa_tootegruppp-kreatiin-monohudraat-en","18":"pa_tootegruppp-recoveryafter-workout","20":"first","21":"outofstock","22":"sale","23":"taxable","24":"shipping-taxable","25":"purchasable","26":"product-type-simple"},"yoast_head":"<!-- This site is optimized with the Yoast SEO plugin v27.3 - https:\/\/yoast.com\/product\/yoast-seo-wordpress\/ -->\n<title>Creatine Monohydrate 3000 mg (120tabs) - Kreatiini tabletid - Fit360<\/title>\n<meta name=\"description\" content=\"Kreatiini tabletid on mugav viis t\u00e4iendada oma igap\u00e4evast toitumist, eriti aktiivse eluviisiga inimestele. Kreatiin on looduslik aine, mis aitab suure...\" \/>\n<meta name=\"robots\" content=\"index, follow, max-snippet:-1, max-image-preview:large, max-video-preview:-1\" \/>\n<link rel=\"canonical\" href=\"https:\/\/fit360.ee\/en\/pood\/product-groups\/creatine-en\/creatine-monohydrate-en\/creatine-monohydrate-3000-mg-120tabs\/\" \/>\n<meta property=\"og:locale\" content=\"en_US\" \/>\n<meta property=\"og:type\" content=\"article\" \/>\n<meta property=\"og:title\" content=\"Creatine Monohydrate 3000 mg (120tabs) - Kreatiini tabletid - Fit360\" \/>\n<meta property=\"og:description\" content=\"Kreatiini tabletid on mugav viis t\u00e4iendada oma igap\u00e4evast toitumist, eriti aktiivse eluviisiga inimestele. Kreatiin on looduslik aine, mis aitab suure...\" \/>\n<meta property=\"og:url\" content=\"https:\/\/fit360.ee\/en\/pood\/product-groups\/creatine-en\/creatine-monohydrate-en\/creatine-monohydrate-3000-mg-120tabs\/\" \/>\n<meta property=\"og:site_name\" content=\"Fit360\" \/>\n<meta property=\"article:modified_time\" content=\"2025-10-11T12:33:51+00:00\" \/>\n<meta property=\"og:image\" content=\"https:\/\/fit360.ee\/wp-content\/uploads\/2025\/05\/kreatiini-tabletid-fit360.ee-1.png\" \/>\n\t<meta property=\"og:image:width\" content=\"450\" \/>\n\t<meta property=\"og:image:height\" content=\"450\" \/>\n\t<meta property=\"og:image:type\" content=\"image\/png\" \/>\n<meta name=\"twitter:card\" content=\"summary_large_image\" \/>\n<meta name=\"twitter:label1\" content=\"Est. reading time\" \/>\n\t<meta name=\"twitter:data1\" content=\"3 minutes\" \/>\n<script type=\"application\/ld+json\" class=\"yoast-schema-graph\">{\"@context\":\"https:\\\/\\\/schema.org\",\"@graph\":[{\"@type\":\"WebPage\",\"@id\":\"https:\\\/\\\/fit360.ee\\\/en\\\/pood\\\/product-groups\\\/creatine-en\\\/creatine-monohydrate-en\\\/creatine-monohydrate-3000-mg-120tabs\\\/\",\"url\":\"https:\\\/\\\/fit360.ee\\\/en\\\/pood\\\/product-groups\\\/creatine-en\\\/creatine-monohydrate-en\\\/creatine-monohydrate-3000-mg-120tabs\\\/\",\"name\":\"Creatine Monohydrate 3000 mg (120tabs) - Kreatiini tabletid - Fit360\",\"isPartOf\":{\"@id\":\"https:\\\/\\\/fit360.ee\\\/en\\\/#website\"},\"primaryImageOfPage\":{\"@id\":\"https:\\\/\\\/fit360.ee\\\/en\\\/pood\\\/product-groups\\\/creatine-en\\\/creatine-monohydrate-en\\\/creatine-monohydrate-3000-mg-120tabs\\\/#primaryimage\"},\"image\":{\"@id\":\"https:\\\/\\\/fit360.ee\\\/en\\\/pood\\\/product-groups\\\/creatine-en\\\/creatine-monohydrate-en\\\/creatine-monohydrate-3000-mg-120tabs\\\/#primaryimage\"},\"thumbnailUrl\":\"https:\\\/\\\/fit360.ee\\\/wp-content\\\/uploads\\\/2025\\\/05\\\/kreatiini-tabletid-fit360.ee-1.png\",\"datePublished\":\"2025-05-15T12:52:41+00:00\",\"dateModified\":\"2025-10-11T12:33:51+00:00\",\"description\":\"Kreatiini tabletid on mugav viis t\u00e4iendada oma igap\u00e4evast toitumist, eriti aktiivse eluviisiga inimestele. Kreatiin on looduslik aine, mis aitab suure...\",\"breadcrumb\":{\"@id\":\"https:\\\/\\\/fit360.ee\\\/en\\\/pood\\\/product-groups\\\/creatine-en\\\/creatine-monohydrate-en\\\/creatine-monohydrate-3000-mg-120tabs\\\/#breadcrumb\"},\"inLanguage\":\"en-US\",\"potentialAction\":[{\"@type\":\"ReadAction\",\"target\":[\"https:\\\/\\\/fit360.ee\\\/en\\\/pood\\\/product-groups\\\/creatine-en\\\/creatine-monohydrate-en\\\/creatine-monohydrate-3000-mg-120tabs\\\/\"]}]},{\"@type\":\"ImageObject\",\"inLanguage\":\"en-US\",\"@id\":\"https:\\\/\\\/fit360.ee\\\/en\\\/pood\\\/product-groups\\\/creatine-en\\\/creatine-monohydrate-en\\\/creatine-monohydrate-3000-mg-120tabs\\\/#primaryimage\",\"url\":\"https:\\\/\\\/fit360.ee\\\/wp-content\\\/uploads\\\/2025\\\/05\\\/kreatiini-tabletid-fit360.ee-1.png\",\"contentUrl\":\"https:\\\/\\\/fit360.ee\\\/wp-content\\\/uploads\\\/2025\\\/05\\\/kreatiini-tabletid-fit360.ee-1.png\",\"width\":450,\"height\":450,\"caption\":\"kreatiini tabletid - fit360.ee\"},{\"@type\":\"BreadcrumbList\",\"@id\":\"https:\\\/\\\/fit360.ee\\\/en\\\/pood\\\/product-groups\\\/creatine-en\\\/creatine-monohydrate-en\\\/creatine-monohydrate-3000-mg-120tabs\\\/#breadcrumb\",\"itemListElement\":[{\"@type\":\"ListItem\",\"position\":1,\"name\":\"Home\",\"item\":\"https:\\\/\\\/fit360.ee\\\/en\\\/\"},{\"@type\":\"ListItem\",\"position\":2,\"name\":\"Shop\",\"item\":\"https:\\\/\\\/fit360.ee\\\/en\\\/shop\\\/\"},{\"@type\":\"ListItem\",\"position\":3,\"name\":\"Creatine Monohydrate 3000 mg (120tabs)\"}]},{\"@type\":\"WebSite\",\"@id\":\"https:\\\/\\\/fit360.ee\\\/en\\\/#website\",\"url\":\"https:\\\/\\\/fit360.ee\\\/en\\\/\",\"name\":\"Fit360\",\"description\":\"\",\"publisher\":{\"@id\":\"https:\\\/\\\/fit360.ee\\\/en\\\/#organization\"},\"potentialAction\":[{\"@type\":\"SearchAction\",\"target\":{\"@type\":\"EntryPoint\",\"urlTemplate\":\"https:\\\/\\\/fit360.ee\\\/en\\\/?s={search_term_string}\"},\"query-input\":{\"@type\":\"PropertyValueSpecification\",\"valueRequired\":true,\"valueName\":\"search_term_string\"}}],\"inLanguage\":\"en-US\"},{\"@type\":\"Organization\",\"@id\":\"https:\\\/\\\/fit360.ee\\\/en\\\/#organization\",\"name\":\"Fit360\",\"url\":\"https:\\\/\\\/fit360.ee\\\/en\\\/\",\"logo\":{\"@type\":\"ImageObject\",\"inLanguage\":\"en-US\",\"@id\":\"https:\\\/\\\/fit360.ee\\\/en\\\/#\\\/schema\\\/logo\\\/image\\\/\",\"url\":\"https:\\\/\\\/fit360.ee\\\/wp-content\\\/uploads\\\/2017\\\/01\\\/logo-fit360.png\",\"contentUrl\":\"https:\\\/\\\/fit360.ee\\\/wp-content\\\/uploads\\\/2017\\\/01\\\/logo-fit360.png\",\"width\":180,\"height\":66,\"caption\":\"Fit360\"},\"image\":{\"@id\":\"https:\\\/\\\/fit360.ee\\\/en\\\/#\\\/schema\\\/logo\\\/image\\\/\"}}]}<\/script>\n<!-- \/ Yoast SEO plugin. -->","yoast_head_json":{"title":"Creatine Monohydrate 3000 mg (120tabs) - Kreatiini tabletid - Fit360","description":"Kreatiini tabletid on mugav viis t\u00e4iendada oma igap\u00e4evast toitumist, eriti aktiivse eluviisiga inimestele. Kreatiin on looduslik aine, mis aitab suure...","robots":{"index":"index","follow":"follow","max-snippet":"max-snippet:-1","max-image-preview":"max-image-preview:large","max-video-preview":"max-video-preview:-1"},"canonical":"https:\/\/fit360.ee\/en\/pood\/product-groups\/creatine-en\/creatine-monohydrate-en\/creatine-monohydrate-3000-mg-120tabs\/","og_locale":"en_US","og_type":"article","og_title":"Creatine Monohydrate 3000 mg (120tabs) - Kreatiini tabletid - Fit360","og_description":"Kreatiini tabletid on mugav viis t\u00e4iendada oma igap\u00e4evast toitumist, eriti aktiivse eluviisiga inimestele. Kreatiin on looduslik aine, mis aitab suure...","og_url":"https:\/\/fit360.ee\/en\/pood\/product-groups\/creatine-en\/creatine-monohydrate-en\/creatine-monohydrate-3000-mg-120tabs\/","og_site_name":"Fit360","article_modified_time":"2025-10-11T12:33:51+00:00","og_image":[{"width":450,"height":450,"url":"https:\/\/fit360.ee\/wp-content\/uploads\/2025\/05\/kreatiini-tabletid-fit360.ee-1.png","type":"image\/png"}],"twitter_card":"summary_large_image","twitter_misc":{"Est. reading time":"3 minutes"},"schema":{"@context":"https:\/\/schema.org","@graph":[{"@type":"WebPage","@id":"https:\/\/fit360.ee\/en\/pood\/product-groups\/creatine-en\/creatine-monohydrate-en\/creatine-monohydrate-3000-mg-120tabs\/","url":"https:\/\/fit360.ee\/en\/pood\/product-groups\/creatine-en\/creatine-monohydrate-en\/creatine-monohydrate-3000-mg-120tabs\/","name":"Creatine Monohydrate 3000 mg (120tabs) - Kreatiini tabletid - Fit360","isPartOf":{"@id":"https:\/\/fit360.ee\/en\/#website"},"primaryImageOfPage":{"@id":"https:\/\/fit360.ee\/en\/pood\/product-groups\/creatine-en\/creatine-monohydrate-en\/creatine-monohydrate-3000-mg-120tabs\/#primaryimage"},"image":{"@id":"https:\/\/fit360.ee\/en\/pood\/product-groups\/creatine-en\/creatine-monohydrate-en\/creatine-monohydrate-3000-mg-120tabs\/#primaryimage"},"thumbnailUrl":"https:\/\/fit360.ee\/wp-content\/uploads\/2025\/05\/kreatiini-tabletid-fit360.ee-1.png","datePublished":"2025-05-15T12:52:41+00:00","dateModified":"2025-10-11T12:33:51+00:00","description":"Kreatiini tabletid on mugav viis t\u00e4iendada oma igap\u00e4evast toitumist, eriti aktiivse eluviisiga inimestele. Kreatiin on looduslik aine, mis aitab suure...","breadcrumb":{"@id":"https:\/\/fit360.ee\/en\/pood\/product-groups\/creatine-en\/creatine-monohydrate-en\/creatine-monohydrate-3000-mg-120tabs\/#breadcrumb"},"inLanguage":"en-US","potentialAction":[{"@type":"ReadAction","target":["https:\/\/fit360.ee\/en\/pood\/product-groups\/creatine-en\/creatine-monohydrate-en\/creatine-monohydrate-3000-mg-120tabs\/"]}]},{"@type":"ImageObject","inLanguage":"en-US","@id":"https:\/\/fit360.ee\/en\/pood\/product-groups\/creatine-en\/creatine-monohydrate-en\/creatine-monohydrate-3000-mg-120tabs\/#primaryimage","url":"https:\/\/fit360.ee\/wp-content\/uploads\/2025\/05\/kreatiini-tabletid-fit360.ee-1.png","contentUrl":"https:\/\/fit360.ee\/wp-content\/uploads\/2025\/05\/kreatiini-tabletid-fit360.ee-1.png","width":450,"height":450,"caption":"kreatiini tabletid - fit360.ee"},{"@type":"BreadcrumbList","@id":"https:\/\/fit360.ee\/en\/pood\/product-groups\/creatine-en\/creatine-monohydrate-en\/creatine-monohydrate-3000-mg-120tabs\/#breadcrumb","itemListElement":[{"@type":"ListItem","position":1,"name":"Home","item":"https:\/\/fit360.ee\/en\/"},{"@type":"ListItem","position":2,"name":"Shop","item":"https:\/\/fit360.ee\/en\/shop\/"},{"@type":"ListItem","position":3,"name":"Creatine Monohydrate 3000 mg (120tabs)"}]},{"@type":"WebSite","@id":"https:\/\/fit360.ee\/en\/#website","url":"https:\/\/fit360.ee\/en\/","name":"Fit360","description":"","publisher":{"@id":"https:\/\/fit360.ee\/en\/#organization"},"potentialAction":[{"@type":"SearchAction","target":{"@type":"EntryPoint","urlTemplate":"https:\/\/fit360.ee\/en\/?s={search_term_string}"},"query-input":{"@type":"PropertyValueSpecification","valueRequired":true,"valueName":"search_term_string"}}],"inLanguage":"en-US"},{"@type":"Organization","@id":"https:\/\/fit360.ee\/en\/#organization","name":"Fit360","url":"https:\/\/fit360.ee\/en\/","logo":{"@type":"ImageObject","inLanguage":"en-US","@id":"https:\/\/fit360.ee\/en\/#\/schema\/logo\/image\/","url":"https:\/\/fit360.ee\/wp-content\/uploads\/2017\/01\/logo-fit360.png","contentUrl":"https:\/\/fit360.ee\/wp-content\/uploads\/2017\/01\/logo-fit360.png","width":180,"height":66,"caption":"Fit360"},"image":{"@id":"https:\/\/fit360.ee\/en\/#\/schema\/logo\/image\/"}}]}},"_links":{"self":[{"href":"https:\/\/fit360.ee\/en\/wp-json\/wp\/v2\/product\/88569","targetHints":{"allow":["GET"]}}],"collection":[{"href":"https:\/\/fit360.ee\/en\/wp-json\/wp\/v2\/product"}],"about":[{"href":"https:\/\/fit360.ee\/en\/wp-json\/wp\/v2\/types\/product"}],"replies":[{"embeddable":true,"href":"https:\/\/fit360.ee\/en\/wp-json\/wp\/v2\/comments?post=88569"}],"wp:featuredmedia":[{"embeddable":true,"href":"https:\/\/fit360.ee\/en\/wp-json\/wp\/v2\/media\/88567"}],"wp:attachment":[{"href":"https:\/\/fit360.ee\/en\/wp-json\/wp\/v2\/media?parent=88569"}],"wp:term":[{"taxonomy":"product_brand","embeddable":true,"href":"https:\/\/fit360.ee\/en\/wp-json\/wp\/v2\/product_brand?post=88569"},{"taxonomy":"product_cat","embeddable":true,"href":"https:\/\/fit360.ee\/en\/wp-json\/wp\/v2\/product_cat?post=88569"},{"taxonomy":"product_tag","embeddable":true,"href":"https:\/\/fit360.ee\/en\/wp-json\/wp\/v2\/product_tag?post=88569"},{"taxonomy":"giftcard-category","embeddable":true,"href":"https:\/\/fit360.ee\/en\/wp-json\/wp\/v2\/giftcard-category?post=88569"}],"curies":[{"name":"wp","href":"https:\/\/api.w.org\/{rel}","templated":true}]}}