{"id":88622,"date":"2025-05-19T12:50:37","date_gmt":"2025-05-19T10:50:37","guid":{"rendered":"https:\/\/fit360.ee\/pood\/uncategorized\/mumio-shilajit-tabletid-200mg-60tabs\/"},"modified":"2025-08-13T07:39:11","modified_gmt":"2025-08-13T05:39:11","slug":"mumio-shilajit-tabletid-200mg-60tabs","status":"publish","type":"product","link":"https:\/\/fit360.ee\/en\/pood\/product-groups\/vitamins-and-minerals-en\/mumio-shilajit-tabletid-200mg-60tabs\/","title":{"rendered":"Mumio (Shilajit) tabletid 200mg (60tabs)"},"content":{"rendered":"<h2><strong>Mumio<\/strong><\/h2>\n<p>Mumm ehk mumio korrektne nimetus on &#8220;shilajit&#8221;. Shilajit on sanskriti keelest p\u00e4rit s\u00f5na, mis t\u00e4hendab &#8220;kivide vallutaja&#8221;. See nimi viitab selle loodusliku aine p\u00e4ritolule ja omadustele. Mumio, tuntud ka kui shilajit, on looduslik aine, mida leidub peamiselt k\u00f5rgetes m\u00e4gedes, sealhulgas Himaalaja, Altai ja Kaukaasia piirkondades. See on tumeda v\u00e4rvusega, kleepuv ja vaigutaoline aine, mis moodustub orgaaniliste ainete ja mineraalide aeglase lagunemise tulemusena. Shilajiti koostis varieerub s\u00f5ltuvalt geograafilisest piirkonnast ja kogumise meetodist, kuid \u00fcldiselt sisaldab see \u00fcle 85 erineva mineraali ja mikrotoitaine, sealhulgas fulvo- ja humiinhape Sisaldab mineraale nagu kaltsium, magneesium, kaalium ja raud, mis on olulised luude tugevuse, n\u00e4rvis\u00fcsteemi funktsiooni ja \u00fcldise heaolu jaoks.<\/p>\n<h4><strong>Miks on Mumm kasulik?<\/strong><\/h4>\n<ul>\n<li>Immuuns\u00fcsteemi toetamine \u2013 mumio antioks\u00fcdantide ja immunomoduleerivate omaduste abil v\u00f5ib see aidata organismil v\u00f5idelda nakkuste vastu.<\/li>\n<li>Tervisliku vananemise edendamine \u2013 mumio regulaarne tarbimine toetab \u00fcldist heaolu.<\/li>\n<li>Antioks\u00fcdantide allikas \u2013 mumio sisaldab antioks\u00fcdante, mis aitavad kaitsta rakke ja kudesid oks\u00fcdatiivse stressi eest.<\/li>\n<li>Seedimine \u2013 toetab seedimist ja toitainete imendumist, mis aitab parandada seedetrakti funktsiooni.<\/li>\n<li>Toetab kognitiivseid funktsioone \u2013 mumio aitab parandada m\u00e4lu, t\u00e4helepanu ja keskendumisv\u00f5imet.<\/li>\n<\/ul>\n<p><strong>Koostisosad<\/strong>: puhas Mumm<\/p>\n<p><strong>Kasutamine<\/strong>: T\u00e4iskasvanutel v\u00f5tta 2 tabletti p\u00e4evas (1 hommikul ja 1 \u00f5htul) koos toiduga, \u00fche kuu jooksul.<\/p>\n<p><strong>P\u00e4evane annus 2 tabletti sisaldab<\/strong>: mumiot 400mg, milles on 14 mg humiinhappeid. Mitte \u00fcletada soovitatud p\u00e4evast kogust! Ei soovitata naistele raseduse ja rinnaga toitmise perioodil, p\u00f5ie- ja neerukivide ning individuaalse talumatuse korral.<\/p>\n<p><strong>NB! Toodet hoida lastele k\u00e4ttesaamatus kohas.<\/strong><\/p>\n<p>Ei asenda mitmek\u00fclgset ja tasakaalustatud toitumist ja oluline on tervislik elustiil.<\/p>\n<table>\n<thead>\n<tr>\n<th><strong>Portsjoni kohta<\/strong><\/th>\n<th><strong>2 tabletti<\/strong><\/th>\n<\/tr>\n<\/thead>\n<tbody>\n<tr>\n<td>Mumm (shilajiti ekstrakt)<\/td>\n<td>400 mg<\/td>\n<\/tr>\n<tr>\n<td>sealhulgas humiinhapped<\/td>\n<td>14 mg<\/td>\n<\/tr>\n<\/tbody>\n<\/table>\n<p>Vaata ka meie teisi Antioks\u00fcdante <a href=\"https:\/\/fit360.ee\/en\/product-category\/antioxidants-en\/\"><strong>SIIT<\/strong><\/a> v\u00f5i Immuuns\u00fcsteemi toetavaid Lisandeid <a href=\"https:\/\/fit360.ee\/en\/product-category\/for-immunity-en\/\"><strong>SIIT<\/strong><\/a>!<\/p>\n<p>Soovid kaupa osta suuremas koguses? Vaata antud toodet ka meie HULGI poest\u00a0<a href=\"https:\/\/toidulisandidhulgi.ee\/tooted\/mumio-shilajit-tabletid-200mg-60tabs\/\"><strong>SIIT<\/strong><\/a>!<\/p>\n","protected":false},"excerpt":{"rendered":"<ul>\n<li>Immuuns\u00fcsteemi toetamine<\/li>\n<li>Tervisliku vananemise edendamine<\/li>\n<li>Antioks\u00fcdantide allikas<\/li>\n<li>Seedimine<\/li>\n<li>Toetab kognitiivseid funktsioone<\/li>\n<\/ul>\n","protected":false},"featured_media":88621,"comment_status":"open","ping_status":"closed","template":"","meta":[],"product_brand":[],"product_cat":[5311,2485,1418,5320,1454,536],"product_tag":[5797,5810,5811,5798,5799],"giftcard-category":[],"class_list":{"0":"post-88622","1":"product","2":"type-product","3":"status-publish","4":"has-post-thumbnail","6":"product_cat-antioxidants-en","7":"product_cat-brain-support-nootropics-en","8":"product_cat-fit360-ee-en","9":"product_cat-for-immunity-en","10":"product_cat-superfoods-health-foods-en","11":"product_cat-vitamins-and-minerals-en","12":"product_tag-mumio-en","13":"product_tag-mumm-en","14":"product_tag-mummipapad-en","15":"product_tag-shilajit-en","16":"product_tag-shilajit-mumio-en","17":"pa_kogus-60-tablets","18":"pa_toidulisand-branddd-fit360-ee","19":"pa_tootegruppp-aju-tegevus-nootropics-en","20":"pa_tootegruppp-antioksudandid-en","21":"pa_tootegruppp-immuunsusteem-en","22":"pa_tootegruppp-supertoit-tervisetoit-en","23":"pa_tootegruppp-vitamins-and-minerals","25":"first","26":"instock","27":"sale","28":"taxable","29":"shipping-taxable","30":"purchasable","31":"product-type-simple"},"yoast_head":"<!-- This site is optimized with the Yoast SEO plugin v27.3 - https:\/\/yoast.com\/product\/yoast-seo-wordpress\/ -->\n<title>Mumio (Shilajit) tabletid 200mg (60tabs) - Mumm - Parim Hind - Fit360<\/title>\n<meta name=\"description\" content=\"Mumm ehk mumio korrektne nimetus on &quot;shilajit&quot;. Shilajit on sanskriti keelest p\u00e4rit s\u00f5na, mis t\u00e4hendab &quot;kivide vallutaja&quot;. See nimi viitab selle loodus...\" \/>\n<meta name=\"robots\" content=\"index, follow, max-snippet:-1, max-image-preview:large, max-video-preview:-1\" \/>\n<link rel=\"canonical\" href=\"https:\/\/fit360.ee\/en\/pood\/product-groups\/vitamins-and-minerals-en\/mumio-shilajit-tabletid-200mg-60tabs\/\" \/>\n<meta property=\"og:locale\" content=\"en_US\" \/>\n<meta property=\"og:type\" content=\"article\" \/>\n<meta property=\"og:title\" content=\"Mumio (Shilajit) tabletid 200mg (60tabs) - Mumm - Parim Hind - Fit360\" \/>\n<meta property=\"og:description\" content=\"Mumm ehk mumio korrektne nimetus on &quot;shilajit&quot;. Shilajit on sanskriti keelest p\u00e4rit s\u00f5na, mis t\u00e4hendab &quot;kivide vallutaja&quot;. See nimi viitab selle loodus...\" \/>\n<meta property=\"og:url\" content=\"https:\/\/fit360.ee\/en\/pood\/product-groups\/vitamins-and-minerals-en\/mumio-shilajit-tabletid-200mg-60tabs\/\" \/>\n<meta property=\"og:site_name\" content=\"Fit360\" \/>\n<meta property=\"article:modified_time\" content=\"2025-08-13T05:39:11+00:00\" \/>\n<meta property=\"og:image\" content=\"https:\/\/fit360.ee\/wp-content\/uploads\/2025\/05\/mumio-shilajit-mumm-fit360.ee_-scaled.jpg\" \/>\n\t<meta property=\"og:image:width\" content=\"2560\" \/>\n\t<meta property=\"og:image:height\" content=\"1441\" \/>\n\t<meta property=\"og:image:type\" content=\"image\/jpeg\" \/>\n<meta name=\"twitter:card\" content=\"summary_large_image\" \/>\n<meta name=\"twitter:label1\" content=\"Est. reading time\" \/>\n\t<meta name=\"twitter:data1\" content=\"2 minutes\" \/>\n<script type=\"application\/ld+json\" class=\"yoast-schema-graph\">{\"@context\":\"https:\\\/\\\/schema.org\",\"@graph\":[{\"@type\":\"WebPage\",\"@id\":\"https:\\\/\\\/fit360.ee\\\/en\\\/pood\\\/product-groups\\\/vitamins-and-minerals-en\\\/mumio-shilajit-tabletid-200mg-60tabs\\\/\",\"url\":\"https:\\\/\\\/fit360.ee\\\/en\\\/pood\\\/product-groups\\\/vitamins-and-minerals-en\\\/mumio-shilajit-tabletid-200mg-60tabs\\\/\",\"name\":\"Mumio (Shilajit) tabletid 200mg (60tabs) - Mumm - Parim Hind - Fit360\",\"isPartOf\":{\"@id\":\"https:\\\/\\\/fit360.ee\\\/en\\\/#website\"},\"primaryImageOfPage\":{\"@id\":\"https:\\\/\\\/fit360.ee\\\/en\\\/pood\\\/product-groups\\\/vitamins-and-minerals-en\\\/mumio-shilajit-tabletid-200mg-60tabs\\\/#primaryimage\"},\"image\":{\"@id\":\"https:\\\/\\\/fit360.ee\\\/en\\\/pood\\\/product-groups\\\/vitamins-and-minerals-en\\\/mumio-shilajit-tabletid-200mg-60tabs\\\/#primaryimage\"},\"thumbnailUrl\":\"https:\\\/\\\/fit360.ee\\\/wp-content\\\/uploads\\\/2025\\\/05\\\/mumio-shilajit-mumm-fit360.ee_-scaled.jpg\",\"datePublished\":\"2025-05-19T10:50:37+00:00\",\"dateModified\":\"2025-08-13T05:39:11+00:00\",\"description\":\"Mumm ehk mumio korrektne nimetus on \\\"shilajit\\\". Shilajit on sanskriti keelest p\u00e4rit s\u00f5na, mis t\u00e4hendab \\\"kivide vallutaja\\\". See nimi viitab selle loodus...\",\"breadcrumb\":{\"@id\":\"https:\\\/\\\/fit360.ee\\\/en\\\/pood\\\/product-groups\\\/vitamins-and-minerals-en\\\/mumio-shilajit-tabletid-200mg-60tabs\\\/#breadcrumb\"},\"inLanguage\":\"en-US\",\"potentialAction\":[{\"@type\":\"ReadAction\",\"target\":[\"https:\\\/\\\/fit360.ee\\\/en\\\/pood\\\/product-groups\\\/vitamins-and-minerals-en\\\/mumio-shilajit-tabletid-200mg-60tabs\\\/\"]}]},{\"@type\":\"ImageObject\",\"inLanguage\":\"en-US\",\"@id\":\"https:\\\/\\\/fit360.ee\\\/en\\\/pood\\\/product-groups\\\/vitamins-and-minerals-en\\\/mumio-shilajit-tabletid-200mg-60tabs\\\/#primaryimage\",\"url\":\"https:\\\/\\\/fit360.ee\\\/wp-content\\\/uploads\\\/2025\\\/05\\\/mumio-shilajit-mumm-fit360.ee_-scaled.jpg\",\"contentUrl\":\"https:\\\/\\\/fit360.ee\\\/wp-content\\\/uploads\\\/2025\\\/05\\\/mumio-shilajit-mumm-fit360.ee_-scaled.jpg\",\"width\":2560,\"height\":1441,\"caption\":\"mumio shilajit mumm - fit360.ee\"},{\"@type\":\"BreadcrumbList\",\"@id\":\"https:\\\/\\\/fit360.ee\\\/en\\\/pood\\\/product-groups\\\/vitamins-and-minerals-en\\\/mumio-shilajit-tabletid-200mg-60tabs\\\/#breadcrumb\",\"itemListElement\":[{\"@type\":\"ListItem\",\"position\":1,\"name\":\"Home\",\"item\":\"https:\\\/\\\/fit360.ee\\\/en\\\/\"},{\"@type\":\"ListItem\",\"position\":2,\"name\":\"Shop\",\"item\":\"https:\\\/\\\/fit360.ee\\\/en\\\/shop\\\/\"},{\"@type\":\"ListItem\",\"position\":3,\"name\":\"Mumio (Shilajit) tabletid 200mg (60tabs)\"}]},{\"@type\":\"WebSite\",\"@id\":\"https:\\\/\\\/fit360.ee\\\/en\\\/#website\",\"url\":\"https:\\\/\\\/fit360.ee\\\/en\\\/\",\"name\":\"Fit360\",\"description\":\"\",\"publisher\":{\"@id\":\"https:\\\/\\\/fit360.ee\\\/en\\\/#organization\"},\"potentialAction\":[{\"@type\":\"SearchAction\",\"target\":{\"@type\":\"EntryPoint\",\"urlTemplate\":\"https:\\\/\\\/fit360.ee\\\/en\\\/?s={search_term_string}\"},\"query-input\":{\"@type\":\"PropertyValueSpecification\",\"valueRequired\":true,\"valueName\":\"search_term_string\"}}],\"inLanguage\":\"en-US\"},{\"@type\":\"Organization\",\"@id\":\"https:\\\/\\\/fit360.ee\\\/en\\\/#organization\",\"name\":\"Fit360\",\"url\":\"https:\\\/\\\/fit360.ee\\\/en\\\/\",\"logo\":{\"@type\":\"ImageObject\",\"inLanguage\":\"en-US\",\"@id\":\"https:\\\/\\\/fit360.ee\\\/en\\\/#\\\/schema\\\/logo\\\/image\\\/\",\"url\":\"https:\\\/\\\/fit360.ee\\\/wp-content\\\/uploads\\\/2017\\\/01\\\/logo-fit360.png\",\"contentUrl\":\"https:\\\/\\\/fit360.ee\\\/wp-content\\\/uploads\\\/2017\\\/01\\\/logo-fit360.png\",\"width\":180,\"height\":66,\"caption\":\"Fit360\"},\"image\":{\"@id\":\"https:\\\/\\\/fit360.ee\\\/en\\\/#\\\/schema\\\/logo\\\/image\\\/\"}}]}<\/script>\n<!-- \/ Yoast SEO plugin. -->","yoast_head_json":{"title":"Mumio (Shilajit) tabletid 200mg (60tabs) - Mumm - Parim Hind - Fit360","description":"Mumm ehk mumio korrektne nimetus on \"shilajit\". Shilajit on sanskriti keelest p\u00e4rit s\u00f5na, mis t\u00e4hendab \"kivide vallutaja\". See nimi viitab selle loodus...","robots":{"index":"index","follow":"follow","max-snippet":"max-snippet:-1","max-image-preview":"max-image-preview:large","max-video-preview":"max-video-preview:-1"},"canonical":"https:\/\/fit360.ee\/en\/pood\/product-groups\/vitamins-and-minerals-en\/mumio-shilajit-tabletid-200mg-60tabs\/","og_locale":"en_US","og_type":"article","og_title":"Mumio (Shilajit) tabletid 200mg (60tabs) - Mumm - Parim Hind - Fit360","og_description":"Mumm ehk mumio korrektne nimetus on \"shilajit\". Shilajit on sanskriti keelest p\u00e4rit s\u00f5na, mis t\u00e4hendab \"kivide vallutaja\". See nimi viitab selle loodus...","og_url":"https:\/\/fit360.ee\/en\/pood\/product-groups\/vitamins-and-minerals-en\/mumio-shilajit-tabletid-200mg-60tabs\/","og_site_name":"Fit360","article_modified_time":"2025-08-13T05:39:11+00:00","og_image":[{"width":2560,"height":1441,"url":"https:\/\/fit360.ee\/wp-content\/uploads\/2025\/05\/mumio-shilajit-mumm-fit360.ee_-scaled.jpg","type":"image\/jpeg"}],"twitter_card":"summary_large_image","twitter_misc":{"Est. reading time":"2 minutes"},"schema":{"@context":"https:\/\/schema.org","@graph":[{"@type":"WebPage","@id":"https:\/\/fit360.ee\/en\/pood\/product-groups\/vitamins-and-minerals-en\/mumio-shilajit-tabletid-200mg-60tabs\/","url":"https:\/\/fit360.ee\/en\/pood\/product-groups\/vitamins-and-minerals-en\/mumio-shilajit-tabletid-200mg-60tabs\/","name":"Mumio (Shilajit) tabletid 200mg (60tabs) - Mumm - Parim Hind - Fit360","isPartOf":{"@id":"https:\/\/fit360.ee\/en\/#website"},"primaryImageOfPage":{"@id":"https:\/\/fit360.ee\/en\/pood\/product-groups\/vitamins-and-minerals-en\/mumio-shilajit-tabletid-200mg-60tabs\/#primaryimage"},"image":{"@id":"https:\/\/fit360.ee\/en\/pood\/product-groups\/vitamins-and-minerals-en\/mumio-shilajit-tabletid-200mg-60tabs\/#primaryimage"},"thumbnailUrl":"https:\/\/fit360.ee\/wp-content\/uploads\/2025\/05\/mumio-shilajit-mumm-fit360.ee_-scaled.jpg","datePublished":"2025-05-19T10:50:37+00:00","dateModified":"2025-08-13T05:39:11+00:00","description":"Mumm ehk mumio korrektne nimetus on \"shilajit\". Shilajit on sanskriti keelest p\u00e4rit s\u00f5na, mis t\u00e4hendab \"kivide vallutaja\". See nimi viitab selle loodus...","breadcrumb":{"@id":"https:\/\/fit360.ee\/en\/pood\/product-groups\/vitamins-and-minerals-en\/mumio-shilajit-tabletid-200mg-60tabs\/#breadcrumb"},"inLanguage":"en-US","potentialAction":[{"@type":"ReadAction","target":["https:\/\/fit360.ee\/en\/pood\/product-groups\/vitamins-and-minerals-en\/mumio-shilajit-tabletid-200mg-60tabs\/"]}]},{"@type":"ImageObject","inLanguage":"en-US","@id":"https:\/\/fit360.ee\/en\/pood\/product-groups\/vitamins-and-minerals-en\/mumio-shilajit-tabletid-200mg-60tabs\/#primaryimage","url":"https:\/\/fit360.ee\/wp-content\/uploads\/2025\/05\/mumio-shilajit-mumm-fit360.ee_-scaled.jpg","contentUrl":"https:\/\/fit360.ee\/wp-content\/uploads\/2025\/05\/mumio-shilajit-mumm-fit360.ee_-scaled.jpg","width":2560,"height":1441,"caption":"mumio shilajit mumm - fit360.ee"},{"@type":"BreadcrumbList","@id":"https:\/\/fit360.ee\/en\/pood\/product-groups\/vitamins-and-minerals-en\/mumio-shilajit-tabletid-200mg-60tabs\/#breadcrumb","itemListElement":[{"@type":"ListItem","position":1,"name":"Home","item":"https:\/\/fit360.ee\/en\/"},{"@type":"ListItem","position":2,"name":"Shop","item":"https:\/\/fit360.ee\/en\/shop\/"},{"@type":"ListItem","position":3,"name":"Mumio (Shilajit) tabletid 200mg (60tabs)"}]},{"@type":"WebSite","@id":"https:\/\/fit360.ee\/en\/#website","url":"https:\/\/fit360.ee\/en\/","name":"Fit360","description":"","publisher":{"@id":"https:\/\/fit360.ee\/en\/#organization"},"potentialAction":[{"@type":"SearchAction","target":{"@type":"EntryPoint","urlTemplate":"https:\/\/fit360.ee\/en\/?s={search_term_string}"},"query-input":{"@type":"PropertyValueSpecification","valueRequired":true,"valueName":"search_term_string"}}],"inLanguage":"en-US"},{"@type":"Organization","@id":"https:\/\/fit360.ee\/en\/#organization","name":"Fit360","url":"https:\/\/fit360.ee\/en\/","logo":{"@type":"ImageObject","inLanguage":"en-US","@id":"https:\/\/fit360.ee\/en\/#\/schema\/logo\/image\/","url":"https:\/\/fit360.ee\/wp-content\/uploads\/2017\/01\/logo-fit360.png","contentUrl":"https:\/\/fit360.ee\/wp-content\/uploads\/2017\/01\/logo-fit360.png","width":180,"height":66,"caption":"Fit360"},"image":{"@id":"https:\/\/fit360.ee\/en\/#\/schema\/logo\/image\/"}}]}},"_links":{"self":[{"href":"https:\/\/fit360.ee\/en\/wp-json\/wp\/v2\/product\/88622","targetHints":{"allow":["GET"]}}],"collection":[{"href":"https:\/\/fit360.ee\/en\/wp-json\/wp\/v2\/product"}],"about":[{"href":"https:\/\/fit360.ee\/en\/wp-json\/wp\/v2\/types\/product"}],"replies":[{"embeddable":true,"href":"https:\/\/fit360.ee\/en\/wp-json\/wp\/v2\/comments?post=88622"}],"wp:featuredmedia":[{"embeddable":true,"href":"https:\/\/fit360.ee\/en\/wp-json\/wp\/v2\/media\/88621"}],"wp:attachment":[{"href":"https:\/\/fit360.ee\/en\/wp-json\/wp\/v2\/media?parent=88622"}],"wp:term":[{"taxonomy":"product_brand","embeddable":true,"href":"https:\/\/fit360.ee\/en\/wp-json\/wp\/v2\/product_brand?post=88622"},{"taxonomy":"product_cat","embeddable":true,"href":"https:\/\/fit360.ee\/en\/wp-json\/wp\/v2\/product_cat?post=88622"},{"taxonomy":"product_tag","embeddable":true,"href":"https:\/\/fit360.ee\/en\/wp-json\/wp\/v2\/product_tag?post=88622"},{"taxonomy":"giftcard-category","embeddable":true,"href":"https:\/\/fit360.ee\/en\/wp-json\/wp\/v2\/giftcard-category?post=88622"}],"curies":[{"name":"wp","href":"https:\/\/api.w.org\/{rel}","templated":true}]}}