{"id":88722,"date":"2025-05-22T13:35:34","date_gmt":"2025-05-22T11:35:34","guid":{"rendered":"https:\/\/fit360.ee\/pood\/uncategorized\/sbd-wrist-wraps-stiff-s-l\/"},"modified":"2026-01-26T14:49:18","modified_gmt":"2026-01-26T12:49:18","slug":"sbd-wrist-wraps-stiff-s-l","status":"publish","type":"product","link":"https:\/\/fit360.ee\/en\/pood\/training-equipment-en\/wrist-wraps-en\/sbd-wrist-wraps-stiff-s-l\/","title":{"rendered":"SBD Wrist Wraps Stiff (S-L)"},"content":{"rendered":"<h2><strong>SBD Wrist Wraps Stiff<\/strong><\/h2>\n<p>SBD Wrist Wraps Stiff on randmesidemed, millele toetuvad j\u00f5usportlased \u00fcle maailma, on saadaval kahes versioonis ja kolmes pikkuses, et rahuldada iga eelistuse.<\/p>\n<p>Paindlik \u2013 loodud randme toetamiseks, v\u00f5imaldades samal ajal randmel painduda, loodud randmele ideaalselt kohanduma ja suurendama mugavust toetatud randme painutamise ajal.<\/p>\n<p>J\u00e4ik \u2013 loodud randme valamiseks ja fikseerimiseks, n\u00fc\u00fcd pehmema viimistlusega, et takistada randme painutamist, minimeerides samal ajal ebamugavust.<\/p>\n<ul>\n<li>M\u00fc\u00fcakse paarina.<\/li>\n<li>IPF-i poolt heaks kiidetud maksimaalse laiusega (8 cm) ja saadaval kuni maksimaalse pikkusega (1 m).<\/li>\n<li>Patenteeritud laiad elastsed ribad, mis on spetsiaalselt v\u00e4lja t\u00f6\u00f6tatud ja toodetud randme toetamiseks.<\/li>\n<li>Vasak- ja parempoolne disain m\u00f5lema randme v\u00f5rdseks m\u00e4hkimiseks.<\/li>\n<li>VECROC\u00ae kaubam\u00e4rgi takjapaelaga.<\/li>\n<li>Toodetud Suurbritannias.<\/li>\n<\/ul>\n<div class=\"table-wrapper\">\n<table width=\"100%\">\n<tbody>\n<tr>\n<td>Suurus<\/td>\n<td><\/td>\n<\/tr>\n<tr>\n<td>V\u00e4ike (40 cm \/ 15,7 tolli)<\/td>\n<td>V\u00e4ikesed randmed<\/td>\n<\/tr>\n<tr>\n<td>Keskmine (60 cm \/ 23,6 tolli)<\/td>\n<td>Standardsuurus keskmise suurusega ja suurtele randmetele<\/td>\n<\/tr>\n<tr>\n<td>Suur (100 cm \/ 39,4 tolli)<\/td>\n<td>Maksimaalne v\u00f5istluskasutus<\/td>\n<\/tr>\n<\/tbody>\n<\/table>\n<\/div>\n<p>&nbsp;<\/p>\n<div class=\"table-wrapper\">\n<table width=\"100%\">\n<tbody>\n<tr>\n<td>\u00a0Tugi<\/td>\n<td><\/td>\n<\/tr>\n<tr>\n<td>Paindlik<\/td>\n<td>Randme teatud painde v\u00f5imaldamiseks<\/td>\n<\/tr>\n<tr>\n<td>J\u00e4ik<\/td>\n<td>Randme t\u00e4ielikuks fikseerimiseks<\/td>\n<\/tr>\n<\/tbody>\n<\/table>\n<\/div>\n<p><strong>Kuidas valida:<\/strong> Enamik sportlasi eelistab keskmise pikkusega, painduvat randmesidet, mis sobib mitmesuguste harjutuste jaoks. Kui teil on v\u00e4ga v\u00e4ike randme\u00fcmberm\u00f5\u00f5t, soovitame valida v\u00e4iksema pikkusega kella. Suur ja painduv m\u00e4his sobib ideaalselt neile, kes soovivad mitmek\u00fclgset m\u00e4het, mida saab olenevalt m\u00e4hkimiskordade arvust muuta, et see oleks rohkem v\u00f5i v\u00e4hem toetav. Maksimaalset tuge otsivad sportlased saavad proovida meie randmesidemete j\u00e4ika versiooni, mida tavaliselt soovitame teise randmesideme paarina lisaks meie painduvatele sidemetele.<\/p>\n<p><strong>Hooldusjuhised<\/strong>: Soovitame randmesidemeid k\u00e4sitsi pesta sooja vee ja \u00f5rna pesuvahendiga ning seej\u00e4rel lasta neil \u00f5hu k\u00e4es kuivada. \u00c4rge peske ega kuivatage masinas, kuna see v\u00f5ib randmesidemete materjali kahjustada.<\/p>\n<p>Vaata ka meie Teisi Randmesidemeid <a href=\"https:\/\/fit360.ee\/en\/product-category\/training-equipment-en\/wrist-wraps-en\/\"><strong>SIIT<\/strong><\/a> v\u00f5i Treeningvarustust <a href=\"https:\/\/fit360.ee\/en\/product-category\/training-equipment-en\/\"><strong>SIIT<\/strong><\/a>!<\/p>\n","protected":false},"excerpt":{"rendered":"<ul>\n<li>M\u00fc\u00fcakse paarina.<\/li>\n<li>IPF-i poolt heaks kiidetud maksimaalse laiusega (8 cm) ja saadaval kuni maksimaalse pikkusega (1 m).<\/li>\n<li>Patenteeritud laiad elastsed ribad, mis on spetsiaalselt v\u00e4lja t\u00f6\u00f6tatud ja toodetud randme toetamiseks.<\/li>\n<li>Vasak- ja parempoolne disain m\u00f5lema randme v\u00f5rdseks m\u00e4hkimiseks.<\/li>\n<li>VECROC\u00ae kaubam\u00e4rgi takjapaelaga.<\/li>\n<li>Toodetud Suurbritannias.<\/li>\n<\/ul>\n<p><strong>NB! Kahjuks tootja kehtestatud tingimuste t\u00f5ttu ei kehti SBD toodetele mitte \u00fckski sooduskood. Vabandame!<\/strong><\/p>\n","protected":false},"featured_media":88716,"comment_status":"open","ping_status":"closed","template":"","meta":[],"product_brand":[],"product_cat":[538,546],"product_tag":[4909,5816,5817,5821,4910],"giftcard-category":[],"class_list":{"0":"post-88722","1":"product","2":"type-product","3":"status-publish","4":"has-post-thumbnail","6":"product_cat-training-equipment-en","7":"product_cat-wrist-wraps-en","8":"product_tag-randmesidemed-en","9":"product_tag-sbd-en","10":"product_tag-sbd-wrist-wraps-en","11":"product_tag-sbd-wrist-wraps-stiff-en","12":"product_tag-wrist-wraps-en","13":"pa_brand-sbd-en","14":"pa_suurus-l","15":"pa_suurus-m","16":"pa_suurus-s","17":"pa_varustus-wrist-wraps","18":"pa_varvus-black","20":"first","21":"instock","22":"sale","23":"taxable","24":"shipping-taxable","25":"purchasable","26":"product-type-variable"},"yoast_head":"<!-- This site is optimized with the Yoast SEO plugin v27.3 - https:\/\/yoast.com\/product\/yoast-seo-wordpress\/ -->\n<title>SBD Wrist Wraps Stiff (S-L) - Maailma nr. 1 randmesidemed - Fit360<\/title>\n<meta name=\"description\" content=\"SBD Wrist Wraps Stiff on randmesidemed, millele toetuvad j\u00f5usportlased \u00fcle maailma, on saadaval kahes versioonis ja kolmes pikkuses, et rahuldad...\" \/>\n<meta name=\"robots\" content=\"index, follow, max-snippet:-1, max-image-preview:large, max-video-preview:-1\" \/>\n<link rel=\"canonical\" href=\"https:\/\/fit360.ee\/en\/pood\/training-equipment-en\/wrist-wraps-en\/sbd-wrist-wraps-stiff-s-l\/\" \/>\n<meta property=\"og:locale\" content=\"en_US\" \/>\n<meta property=\"og:type\" content=\"article\" \/>\n<meta property=\"og:title\" content=\"SBD Wrist Wraps Stiff (S-L) - Maailma nr. 1 randmesidemed - Fit360\" \/>\n<meta property=\"og:description\" content=\"SBD Wrist Wraps Stiff on randmesidemed, millele toetuvad j\u00f5usportlased \u00fcle maailma, on saadaval kahes versioonis ja kolmes pikkuses, et rahuldad...\" \/>\n<meta property=\"og:url\" content=\"https:\/\/fit360.ee\/en\/pood\/training-equipment-en\/wrist-wraps-en\/sbd-wrist-wraps-stiff-s-l\/\" \/>\n<meta property=\"og:site_name\" content=\"Fit360\" \/>\n<meta property=\"article:modified_time\" content=\"2026-01-26T12:49:18+00:00\" \/>\n<meta property=\"og:image\" content=\"https:\/\/fit360.ee\/wp-content\/uploads\/2025\/05\/SBD-Wrist-Wraps-Stiff-fit360.ee_.jpg\" \/>\n\t<meta property=\"og:image:width\" content=\"1946\" \/>\n\t<meta property=\"og:image:height\" content=\"1946\" \/>\n\t<meta property=\"og:image:type\" content=\"image\/jpeg\" \/>\n<meta name=\"twitter:card\" content=\"summary_large_image\" \/>\n<meta name=\"twitter:label1\" content=\"Est. reading time\" \/>\n\t<meta name=\"twitter:data1\" content=\"2 minutes\" \/>\n<script type=\"application\/ld+json\" class=\"yoast-schema-graph\">{\"@context\":\"https:\\\/\\\/schema.org\",\"@graph\":[{\"@type\":\"WebPage\",\"@id\":\"https:\\\/\\\/fit360.ee\\\/en\\\/pood\\\/training-equipment-en\\\/wrist-wraps-en\\\/sbd-wrist-wraps-stiff-s-l\\\/\",\"url\":\"https:\\\/\\\/fit360.ee\\\/en\\\/pood\\\/training-equipment-en\\\/wrist-wraps-en\\\/sbd-wrist-wraps-stiff-s-l\\\/\",\"name\":\"SBD Wrist Wraps Stiff (S-L) - Maailma nr. 1 randmesidemed - Fit360\",\"isPartOf\":{\"@id\":\"https:\\\/\\\/fit360.ee\\\/en\\\/#website\"},\"primaryImageOfPage\":{\"@id\":\"https:\\\/\\\/fit360.ee\\\/en\\\/pood\\\/training-equipment-en\\\/wrist-wraps-en\\\/sbd-wrist-wraps-stiff-s-l\\\/#primaryimage\"},\"image\":{\"@id\":\"https:\\\/\\\/fit360.ee\\\/en\\\/pood\\\/training-equipment-en\\\/wrist-wraps-en\\\/sbd-wrist-wraps-stiff-s-l\\\/#primaryimage\"},\"thumbnailUrl\":\"https:\\\/\\\/fit360.ee\\\/wp-content\\\/uploads\\\/2025\\\/05\\\/SBD-Wrist-Wraps-Stiff-fit360.ee_.jpg\",\"datePublished\":\"2025-05-22T11:35:34+00:00\",\"dateModified\":\"2026-01-26T12:49:18+00:00\",\"description\":\"SBD Wrist Wraps Stiff on randmesidemed, millele toetuvad j\u00f5usportlased \u00fcle maailma, on saadaval kahes versioonis ja kolmes pikkuses, et rahuldad...\",\"breadcrumb\":{\"@id\":\"https:\\\/\\\/fit360.ee\\\/en\\\/pood\\\/training-equipment-en\\\/wrist-wraps-en\\\/sbd-wrist-wraps-stiff-s-l\\\/#breadcrumb\"},\"inLanguage\":\"en-US\",\"potentialAction\":[{\"@type\":\"ReadAction\",\"target\":[\"https:\\\/\\\/fit360.ee\\\/en\\\/pood\\\/training-equipment-en\\\/wrist-wraps-en\\\/sbd-wrist-wraps-stiff-s-l\\\/\"]}]},{\"@type\":\"ImageObject\",\"inLanguage\":\"en-US\",\"@id\":\"https:\\\/\\\/fit360.ee\\\/en\\\/pood\\\/training-equipment-en\\\/wrist-wraps-en\\\/sbd-wrist-wraps-stiff-s-l\\\/#primaryimage\",\"url\":\"https:\\\/\\\/fit360.ee\\\/wp-content\\\/uploads\\\/2025\\\/05\\\/SBD-Wrist-Wraps-Stiff-fit360.ee_.jpg\",\"contentUrl\":\"https:\\\/\\\/fit360.ee\\\/wp-content\\\/uploads\\\/2025\\\/05\\\/SBD-Wrist-Wraps-Stiff-fit360.ee_.jpg\",\"width\":1946,\"height\":1946,\"caption\":\"SBD Wrist Wraps Stiff - fit360.ee\"},{\"@type\":\"BreadcrumbList\",\"@id\":\"https:\\\/\\\/fit360.ee\\\/en\\\/pood\\\/training-equipment-en\\\/wrist-wraps-en\\\/sbd-wrist-wraps-stiff-s-l\\\/#breadcrumb\",\"itemListElement\":[{\"@type\":\"ListItem\",\"position\":1,\"name\":\"Home\",\"item\":\"https:\\\/\\\/fit360.ee\\\/en\\\/\"},{\"@type\":\"ListItem\",\"position\":2,\"name\":\"Shop\",\"item\":\"https:\\\/\\\/fit360.ee\\\/en\\\/shop\\\/\"},{\"@type\":\"ListItem\",\"position\":3,\"name\":\"SBD Wrist Wraps Stiff (S-L)\"}]},{\"@type\":\"WebSite\",\"@id\":\"https:\\\/\\\/fit360.ee\\\/en\\\/#website\",\"url\":\"https:\\\/\\\/fit360.ee\\\/en\\\/\",\"name\":\"Fit360\",\"description\":\"\",\"publisher\":{\"@id\":\"https:\\\/\\\/fit360.ee\\\/en\\\/#organization\"},\"potentialAction\":[{\"@type\":\"SearchAction\",\"target\":{\"@type\":\"EntryPoint\",\"urlTemplate\":\"https:\\\/\\\/fit360.ee\\\/en\\\/?s={search_term_string}\"},\"query-input\":{\"@type\":\"PropertyValueSpecification\",\"valueRequired\":true,\"valueName\":\"search_term_string\"}}],\"inLanguage\":\"en-US\"},{\"@type\":\"Organization\",\"@id\":\"https:\\\/\\\/fit360.ee\\\/en\\\/#organization\",\"name\":\"Fit360\",\"url\":\"https:\\\/\\\/fit360.ee\\\/en\\\/\",\"logo\":{\"@type\":\"ImageObject\",\"inLanguage\":\"en-US\",\"@id\":\"https:\\\/\\\/fit360.ee\\\/en\\\/#\\\/schema\\\/logo\\\/image\\\/\",\"url\":\"https:\\\/\\\/fit360.ee\\\/wp-content\\\/uploads\\\/2017\\\/01\\\/logo-fit360.png\",\"contentUrl\":\"https:\\\/\\\/fit360.ee\\\/wp-content\\\/uploads\\\/2017\\\/01\\\/logo-fit360.png\",\"width\":180,\"height\":66,\"caption\":\"Fit360\"},\"image\":{\"@id\":\"https:\\\/\\\/fit360.ee\\\/en\\\/#\\\/schema\\\/logo\\\/image\\\/\"}}]}<\/script>\n<!-- \/ Yoast SEO plugin. -->","yoast_head_json":{"title":"SBD Wrist Wraps Stiff (S-L) - Maailma nr. 1 randmesidemed - Fit360","description":"SBD Wrist Wraps Stiff on randmesidemed, millele toetuvad j\u00f5usportlased \u00fcle maailma, on saadaval kahes versioonis ja kolmes pikkuses, et rahuldad...","robots":{"index":"index","follow":"follow","max-snippet":"max-snippet:-1","max-image-preview":"max-image-preview:large","max-video-preview":"max-video-preview:-1"},"canonical":"https:\/\/fit360.ee\/en\/pood\/training-equipment-en\/wrist-wraps-en\/sbd-wrist-wraps-stiff-s-l\/","og_locale":"en_US","og_type":"article","og_title":"SBD Wrist Wraps Stiff (S-L) - Maailma nr. 1 randmesidemed - Fit360","og_description":"SBD Wrist Wraps Stiff on randmesidemed, millele toetuvad j\u00f5usportlased \u00fcle maailma, on saadaval kahes versioonis ja kolmes pikkuses, et rahuldad...","og_url":"https:\/\/fit360.ee\/en\/pood\/training-equipment-en\/wrist-wraps-en\/sbd-wrist-wraps-stiff-s-l\/","og_site_name":"Fit360","article_modified_time":"2026-01-26T12:49:18+00:00","og_image":[{"width":1946,"height":1946,"url":"https:\/\/fit360.ee\/wp-content\/uploads\/2025\/05\/SBD-Wrist-Wraps-Stiff-fit360.ee_.jpg","type":"image\/jpeg"}],"twitter_card":"summary_large_image","twitter_misc":{"Est. reading time":"2 minutes"},"schema":{"@context":"https:\/\/schema.org","@graph":[{"@type":"WebPage","@id":"https:\/\/fit360.ee\/en\/pood\/training-equipment-en\/wrist-wraps-en\/sbd-wrist-wraps-stiff-s-l\/","url":"https:\/\/fit360.ee\/en\/pood\/training-equipment-en\/wrist-wraps-en\/sbd-wrist-wraps-stiff-s-l\/","name":"SBD Wrist Wraps Stiff (S-L) - Maailma nr. 1 randmesidemed - Fit360","isPartOf":{"@id":"https:\/\/fit360.ee\/en\/#website"},"primaryImageOfPage":{"@id":"https:\/\/fit360.ee\/en\/pood\/training-equipment-en\/wrist-wraps-en\/sbd-wrist-wraps-stiff-s-l\/#primaryimage"},"image":{"@id":"https:\/\/fit360.ee\/en\/pood\/training-equipment-en\/wrist-wraps-en\/sbd-wrist-wraps-stiff-s-l\/#primaryimage"},"thumbnailUrl":"https:\/\/fit360.ee\/wp-content\/uploads\/2025\/05\/SBD-Wrist-Wraps-Stiff-fit360.ee_.jpg","datePublished":"2025-05-22T11:35:34+00:00","dateModified":"2026-01-26T12:49:18+00:00","description":"SBD Wrist Wraps Stiff on randmesidemed, millele toetuvad j\u00f5usportlased \u00fcle maailma, on saadaval kahes versioonis ja kolmes pikkuses, et rahuldad...","breadcrumb":{"@id":"https:\/\/fit360.ee\/en\/pood\/training-equipment-en\/wrist-wraps-en\/sbd-wrist-wraps-stiff-s-l\/#breadcrumb"},"inLanguage":"en-US","potentialAction":[{"@type":"ReadAction","target":["https:\/\/fit360.ee\/en\/pood\/training-equipment-en\/wrist-wraps-en\/sbd-wrist-wraps-stiff-s-l\/"]}]},{"@type":"ImageObject","inLanguage":"en-US","@id":"https:\/\/fit360.ee\/en\/pood\/training-equipment-en\/wrist-wraps-en\/sbd-wrist-wraps-stiff-s-l\/#primaryimage","url":"https:\/\/fit360.ee\/wp-content\/uploads\/2025\/05\/SBD-Wrist-Wraps-Stiff-fit360.ee_.jpg","contentUrl":"https:\/\/fit360.ee\/wp-content\/uploads\/2025\/05\/SBD-Wrist-Wraps-Stiff-fit360.ee_.jpg","width":1946,"height":1946,"caption":"SBD Wrist Wraps Stiff - fit360.ee"},{"@type":"BreadcrumbList","@id":"https:\/\/fit360.ee\/en\/pood\/training-equipment-en\/wrist-wraps-en\/sbd-wrist-wraps-stiff-s-l\/#breadcrumb","itemListElement":[{"@type":"ListItem","position":1,"name":"Home","item":"https:\/\/fit360.ee\/en\/"},{"@type":"ListItem","position":2,"name":"Shop","item":"https:\/\/fit360.ee\/en\/shop\/"},{"@type":"ListItem","position":3,"name":"SBD Wrist Wraps Stiff (S-L)"}]},{"@type":"WebSite","@id":"https:\/\/fit360.ee\/en\/#website","url":"https:\/\/fit360.ee\/en\/","name":"Fit360","description":"","publisher":{"@id":"https:\/\/fit360.ee\/en\/#organization"},"potentialAction":[{"@type":"SearchAction","target":{"@type":"EntryPoint","urlTemplate":"https:\/\/fit360.ee\/en\/?s={search_term_string}"},"query-input":{"@type":"PropertyValueSpecification","valueRequired":true,"valueName":"search_term_string"}}],"inLanguage":"en-US"},{"@type":"Organization","@id":"https:\/\/fit360.ee\/en\/#organization","name":"Fit360","url":"https:\/\/fit360.ee\/en\/","logo":{"@type":"ImageObject","inLanguage":"en-US","@id":"https:\/\/fit360.ee\/en\/#\/schema\/logo\/image\/","url":"https:\/\/fit360.ee\/wp-content\/uploads\/2017\/01\/logo-fit360.png","contentUrl":"https:\/\/fit360.ee\/wp-content\/uploads\/2017\/01\/logo-fit360.png","width":180,"height":66,"caption":"Fit360"},"image":{"@id":"https:\/\/fit360.ee\/en\/#\/schema\/logo\/image\/"}}]}},"_links":{"self":[{"href":"https:\/\/fit360.ee\/en\/wp-json\/wp\/v2\/product\/88722","targetHints":{"allow":["GET"]}}],"collection":[{"href":"https:\/\/fit360.ee\/en\/wp-json\/wp\/v2\/product"}],"about":[{"href":"https:\/\/fit360.ee\/en\/wp-json\/wp\/v2\/types\/product"}],"replies":[{"embeddable":true,"href":"https:\/\/fit360.ee\/en\/wp-json\/wp\/v2\/comments?post=88722"}],"wp:featuredmedia":[{"embeddable":true,"href":"https:\/\/fit360.ee\/en\/wp-json\/wp\/v2\/media\/88716"}],"wp:attachment":[{"href":"https:\/\/fit360.ee\/en\/wp-json\/wp\/v2\/media?parent=88722"}],"wp:term":[{"taxonomy":"product_brand","embeddable":true,"href":"https:\/\/fit360.ee\/en\/wp-json\/wp\/v2\/product_brand?post=88722"},{"taxonomy":"product_cat","embeddable":true,"href":"https:\/\/fit360.ee\/en\/wp-json\/wp\/v2\/product_cat?post=88722"},{"taxonomy":"product_tag","embeddable":true,"href":"https:\/\/fit360.ee\/en\/wp-json\/wp\/v2\/product_tag?post=88722"},{"taxonomy":"giftcard-category","embeddable":true,"href":"https:\/\/fit360.ee\/en\/wp-json\/wp\/v2\/giftcard-category?post=88722"}],"curies":[{"name":"wp","href":"https:\/\/api.w.org\/{rel}","templated":true}]}}