{"id":88748,"date":"2025-05-22T13:35:34","date_gmt":"2025-05-22T11:35:34","guid":{"rendered":"https:\/\/fit360.ee\/pood\/uncategorized\/sbd-knee-sleeves-standard-2024-xs-3xl\/"},"modified":"2026-01-26T14:49:20","modified_gmt":"2026-01-26T12:49:20","slug":"sbd-knee-sleeves-standard-2024-xs-3xl","status":"publish","type":"product","link":"https:\/\/fit360.ee\/en\/pood\/training-equipment-en\/knee-sleeves-en\/sbd-knee-sleeves-standard-2024-xs-3xl\/","title":{"rendered":"SBD Knee Sleeves Standard\u00a02024 (XS-3XL)"},"content":{"rendered":"<h2><strong>SBD Knee Sleeves<\/strong><\/h2>\n<p>SBD Knee Sleeves on p\u00f5lvekaitsmed, mis on valmistatud kvaliteetsest 7 mm neopreenist ja loodud sooritusv\u00f5ime parandamiseks. Neid usaldavad j\u00f5usportlased \u00fcle maailma ning need sobivad ideaalselt j\u00f5ut\u00f5stmiseks ja rasketeks treeninguteks.<\/p>\n<ul>\n<li>M\u00fc\u00fcakse paarina.<\/li>\n<li>IPF-i poolt heaks kiidetud ja IWF-i standarditele vastav, maksimaalselt lubatud pikkus on 30 cm.<\/li>\n<li>7 mm k\u00f5rgekvaliteediline neopreen maksimaalse toe tagamiseks.<\/li>\n<li>Tugevdatud \u00f5mbluskonstruktsioon pikaealisuse maksimeerimiseks.<\/li>\n<li>Antimikroobne t\u00f6\u00f6tlus v\u00e4hendab bakterite kogunemist ja v\u00e4hendab ebameeldivat l\u00f5hna.<\/li>\n<li>Patenteeritud disain.<\/li>\n<li>Toodetud Suurbritannias.<\/li>\n<\/ul>\n<table width=\"100%\">\n<tbody>\n<tr>\n<td>\u00a0Suurus<\/td>\n<td>P\u00f5lveliiges (cm)<\/td>\n<td>P\u00f5lveliiges (sisse)<\/td>\n<\/tr>\n<tr>\n<td>3XS<\/td>\n<td>23\u201325,5<\/td>\n<td>9-10<\/td>\n<\/tr>\n<tr>\n<td>2XS<\/td>\n<td>25,5\u201328<\/td>\n<td>10-11<\/td>\n<\/tr>\n<tr>\n<td>XS<\/td>\n<td>28\u201330,5<\/td>\n<td>11-12<\/td>\n<\/tr>\n<tr>\n<td>S<\/td>\n<td>30,5\u201333<\/td>\n<td>12-13<\/td>\n<\/tr>\n<tr>\n<td>M<\/td>\n<td>33\u201335,5<\/td>\n<td>13-14<\/td>\n<\/tr>\n<tr>\n<td>L<\/td>\n<td>35,5\u201338<\/td>\n<td>14-15<\/td>\n<\/tr>\n<tr>\n<td>XL<\/td>\n<td>38\u201340,5<\/td>\n<td>15.\u201316.<\/td>\n<\/tr>\n<tr>\n<td>2XL<\/td>\n<td>40,5\u201343<\/td>\n<td>16.\u201317.<\/td>\n<\/tr>\n<tr>\n<td>3XL<\/td>\n<td>43\u201345,5<\/td>\n<td>17.\u201317.9.<\/td>\n<\/tr>\n<tr>\n<td>4XL<\/td>\n<td>45,5\u201348<\/td>\n<td>17,9\u201318,9<\/td>\n<\/tr>\n<tr>\n<td>5XL<\/td>\n<td>48\u201351,5<\/td>\n<td>18,9\u201320,3<\/td>\n<\/tr>\n<\/tbody>\n<\/table>\n<p data-sanitized-data-mce-fragment=\"1\"><strong>SBD Knee Sleeves<\/strong> &#8211; M\u00f5\u00f5da oma p\u00f5lveliigese \u00fcmberm\u00f5\u00f5t sirge jala juures, lihased l\u00f5dvestunud. M\u00f5\u00f5da p\u00f5lvekederi keskosa (p\u00f5lvekedra juures) ja s\u00e4\u00e4re k\u00f5ige paksema koha \u00fcmberm\u00f5\u00f5t. Kui su s\u00e4\u00e4remarja on p\u00f5lvest rohkem kui 4 cm (1,6 tolli) suurem, siis v\u00f5id hea sobivuse tagamiseks valida suurema suuruse.<\/p>\n<p data-sanitized-data-mce-fragment=\"1\"><span data-sanitized-data-mce-fragment=\"1\">Kui soovid j\u00f5ut\u00f5stmiseks ja k\u00fckkimiseks k\u00f5ige paremini sobivat liibuvat p\u00f5lvekaitsme, soovitame valida v\u00e4iksema suuruse. Tavalise l\u00f5ikega p\u00f5lvekaitsmed on mugavamad.<\/span><\/p>\n<p data-sanitized-data-mce-fragment=\"1\"><span data-sanitized-data-mce-fragment=\"1\">Kui p\u00f5lvekaitsmete kandmine on teile uus, soovitame valida v\u00e4iksema suuruse asemel soovitusliku suuruse, eriti kui eelistate suurust M v\u00f5i v\u00e4iksemat.<\/span><\/p>\n<p data-sanitized-data-mce-fragment=\"1\"><span data-sanitized-data-mce-fragment=\"1\">Soovitame p\u00f5lvevarrukaid k\u00e4sitsi pesta vee v\u00f5i \u00f5rna pesuvahendiga (v\u00f5i spetsiaalse neopreenist\/kalipso pesuvahendiga) ja seej\u00e4rel lasta varrukatel p\u00fcsti \u00f5hu k\u00e4es kuivada.<\/span><\/p>\n<p data-sanitized-data-mce-fragment=\"1\"><span data-sanitized-data-mce-fragment=\"1\">Pesumasina tsentrifuugits\u00fckkel v\u00f5ib varrukat kahjustada, kuna p\u00f5lvevarrukad muutuvad m\u00e4rjana \u00fcsna kohmakaks ja v\u00e4\u00e4namisel v\u00f5ivad need kinni j\u00e4\u00e4da v\u00f5i kahjustuda. Pesumasina v\u00f5i kuivati \u200b\u200bkuumus lagundab varrukate kummi (v\u00f5ib p\u00f5hjustada kokkut\u00f5mbumist v\u00f5i rabedust).<\/span><\/p>\n<p data-sanitized-data-mce-fragment=\"1\">Vaata ka meie Teisi P\u00f5lvesidemeid <a href=\"https:\/\/fit360.ee\/en\/product-category\/training-equipment-en\/knee-sleeves-en\/\"><strong>SIIT<\/strong><\/a> v\u00f5i Treeningvarustust <a href=\"https:\/\/fit360.ee\/en\/product-category\/training-equipment-en\/\"><strong>SIIT<\/strong><\/a>!<\/p>\n","protected":false},"excerpt":{"rendered":"<ul>\n<li>M\u00fc\u00fcakse paarina.<\/li>\n<li>IPF-i poolt heaks kiidetud ja IWF-i standarditele vastav, maksimaalselt lubatud pikkus on 30 cm.<\/li>\n<li>7 mm k\u00f5rgekvaliteediline neopreen maksimaalse toe tagamiseks.<\/li>\n<li>Tugevdatud \u00f5mbluskonstruktsioon pikaealisuse maksimeerimiseks.<\/li>\n<li>Antimikroobne t\u00f6\u00f6tlus v\u00e4hendab bakterite kogunemist ja v\u00e4hendab ebameeldivat l\u00f5hna.<\/li>\n<li>Patenteeritud disain.<\/li>\n<li>Toodetud Suurbritannias.<\/li>\n<\/ul>\n<p><strong>NB! Kahjuks tootja kehtestatud tingimuste t\u00f5ttu ei kehti SBD toodetele mitte \u00fckski sooduskood. Vabandame!<\/strong><\/p>\n","protected":false},"featured_media":88745,"comment_status":"open","ping_status":"closed","template":"","meta":[],"product_brand":[],"product_cat":[545,538],"product_tag":[5827,5828,5816,5829],"giftcard-category":[],"class_list":{"0":"post-88748","1":"product","2":"type-product","3":"status-publish","4":"has-post-thumbnail","6":"product_cat-knee-sleeves-en","7":"product_cat-training-equipment-en","8":"product_tag-knee-sleeves-en","9":"product_tag-polvesukad-en","10":"product_tag-sbd-en","11":"product_tag-sbd-knee-sleeves-en","12":"pa_brand-sbd-en","13":"pa_sugu-for-men","14":"pa_sugu-for-women","15":"pa_sugu-unisex-en","16":"pa_suurus-3xl","17":"pa_suurus-l","18":"pa_suurus-m","19":"pa_suurus-s","20":"pa_suurus-xl","21":"pa_suurus-xs","22":"pa_suurus-xxl","23":"pa_varustus-knee-wraps","24":"pa_varvus-black","26":"first","27":"instock","28":"sale","29":"taxable","30":"shipping-taxable","31":"purchasable","32":"product-type-variable"},"yoast_head":"<!-- This site is optimized with the Yoast SEO plugin v27.3 - https:\/\/yoast.com\/product\/yoast-seo-wordpress\/ -->\n<title>SBD Knee Sleeves Standard\u00a02024 (XS-3XL) - P\u00f5lvesukad - Fit360<\/title>\n<meta name=\"description\" content=\"SBD Knee Sleeves on p\u00f5lvekaitsmed, mis on valmistatud kvaliteetsest 7 mm neopreenist ja loodud sooritusv\u00f5ime parandamiseks. Neid usaldavad j\u00f5usportlas...\" \/>\n<meta name=\"robots\" content=\"index, follow, max-snippet:-1, max-image-preview:large, max-video-preview:-1\" \/>\n<link rel=\"canonical\" href=\"https:\/\/fit360.ee\/en\/pood\/training-equipment-en\/knee-sleeves-en\/sbd-knee-sleeves-standard-2024-xs-3xl\/\" \/>\n<meta property=\"og:locale\" content=\"en_US\" \/>\n<meta property=\"og:type\" content=\"article\" \/>\n<meta property=\"og:title\" content=\"SBD Knee Sleeves Standard\u00a02024 (XS-3XL) - P\u00f5lvesukad - Fit360\" \/>\n<meta property=\"og:description\" content=\"SBD Knee Sleeves on p\u00f5lvekaitsmed, mis on valmistatud kvaliteetsest 7 mm neopreenist ja loodud sooritusv\u00f5ime parandamiseks. Neid usaldavad j\u00f5usportlas...\" \/>\n<meta property=\"og:url\" content=\"https:\/\/fit360.ee\/en\/pood\/training-equipment-en\/knee-sleeves-en\/sbd-knee-sleeves-standard-2024-xs-3xl\/\" \/>\n<meta property=\"og:site_name\" content=\"Fit360\" \/>\n<meta property=\"article:modified_time\" content=\"2026-01-26T12:49:20+00:00\" \/>\n<meta property=\"og:image\" content=\"https:\/\/fit360.ee\/wp-content\/uploads\/2025\/05\/sbd-knee-sleeves-fit360.ee_.jpg\" \/>\n\t<meta property=\"og:image:width\" content=\"1080\" \/>\n\t<meta property=\"og:image:height\" content=\"1080\" \/>\n\t<meta property=\"og:image:type\" content=\"image\/jpeg\" \/>\n<meta name=\"twitter:card\" content=\"summary_large_image\" \/>\n<meta name=\"twitter:label1\" content=\"Est. reading time\" \/>\n\t<meta name=\"twitter:data1\" content=\"2 minutes\" \/>\n<script type=\"application\/ld+json\" class=\"yoast-schema-graph\">{\"@context\":\"https:\\\/\\\/schema.org\",\"@graph\":[{\"@type\":\"WebPage\",\"@id\":\"https:\\\/\\\/fit360.ee\\\/en\\\/pood\\\/training-equipment-en\\\/knee-sleeves-en\\\/sbd-knee-sleeves-standard-2024-xs-3xl\\\/\",\"url\":\"https:\\\/\\\/fit360.ee\\\/en\\\/pood\\\/training-equipment-en\\\/knee-sleeves-en\\\/sbd-knee-sleeves-standard-2024-xs-3xl\\\/\",\"name\":\"SBD Knee Sleeves Standard\u00a02024 (XS-3XL) - P\u00f5lvesukad - Fit360\",\"isPartOf\":{\"@id\":\"https:\\\/\\\/fit360.ee\\\/en\\\/#website\"},\"primaryImageOfPage\":{\"@id\":\"https:\\\/\\\/fit360.ee\\\/en\\\/pood\\\/training-equipment-en\\\/knee-sleeves-en\\\/sbd-knee-sleeves-standard-2024-xs-3xl\\\/#primaryimage\"},\"image\":{\"@id\":\"https:\\\/\\\/fit360.ee\\\/en\\\/pood\\\/training-equipment-en\\\/knee-sleeves-en\\\/sbd-knee-sleeves-standard-2024-xs-3xl\\\/#primaryimage\"},\"thumbnailUrl\":\"https:\\\/\\\/fit360.ee\\\/wp-content\\\/uploads\\\/2025\\\/05\\\/sbd-knee-sleeves-fit360.ee_.jpg\",\"datePublished\":\"2025-05-22T11:35:34+00:00\",\"dateModified\":\"2026-01-26T12:49:20+00:00\",\"description\":\"SBD Knee Sleeves on p\u00f5lvekaitsmed, mis on valmistatud kvaliteetsest 7 mm neopreenist ja loodud sooritusv\u00f5ime parandamiseks. Neid usaldavad j\u00f5usportlas...\",\"breadcrumb\":{\"@id\":\"https:\\\/\\\/fit360.ee\\\/en\\\/pood\\\/training-equipment-en\\\/knee-sleeves-en\\\/sbd-knee-sleeves-standard-2024-xs-3xl\\\/#breadcrumb\"},\"inLanguage\":\"en-US\",\"potentialAction\":[{\"@type\":\"ReadAction\",\"target\":[\"https:\\\/\\\/fit360.ee\\\/en\\\/pood\\\/training-equipment-en\\\/knee-sleeves-en\\\/sbd-knee-sleeves-standard-2024-xs-3xl\\\/\"]}]},{\"@type\":\"ImageObject\",\"inLanguage\":\"en-US\",\"@id\":\"https:\\\/\\\/fit360.ee\\\/en\\\/pood\\\/training-equipment-en\\\/knee-sleeves-en\\\/sbd-knee-sleeves-standard-2024-xs-3xl\\\/#primaryimage\",\"url\":\"https:\\\/\\\/fit360.ee\\\/wp-content\\\/uploads\\\/2025\\\/05\\\/sbd-knee-sleeves-fit360.ee_.jpg\",\"contentUrl\":\"https:\\\/\\\/fit360.ee\\\/wp-content\\\/uploads\\\/2025\\\/05\\\/sbd-knee-sleeves-fit360.ee_.jpg\",\"width\":1080,\"height\":1080,\"caption\":\"sbd knee sleeves - fit360.ee\"},{\"@type\":\"BreadcrumbList\",\"@id\":\"https:\\\/\\\/fit360.ee\\\/en\\\/pood\\\/training-equipment-en\\\/knee-sleeves-en\\\/sbd-knee-sleeves-standard-2024-xs-3xl\\\/#breadcrumb\",\"itemListElement\":[{\"@type\":\"ListItem\",\"position\":1,\"name\":\"Home\",\"item\":\"https:\\\/\\\/fit360.ee\\\/en\\\/\"},{\"@type\":\"ListItem\",\"position\":2,\"name\":\"Shop\",\"item\":\"https:\\\/\\\/fit360.ee\\\/en\\\/shop\\\/\"},{\"@type\":\"ListItem\",\"position\":3,\"name\":\"SBD Knee Sleeves Standard\u00a02024 (XS-3XL)\"}]},{\"@type\":\"WebSite\",\"@id\":\"https:\\\/\\\/fit360.ee\\\/en\\\/#website\",\"url\":\"https:\\\/\\\/fit360.ee\\\/en\\\/\",\"name\":\"Fit360\",\"description\":\"\",\"publisher\":{\"@id\":\"https:\\\/\\\/fit360.ee\\\/en\\\/#organization\"},\"potentialAction\":[{\"@type\":\"SearchAction\",\"target\":{\"@type\":\"EntryPoint\",\"urlTemplate\":\"https:\\\/\\\/fit360.ee\\\/en\\\/?s={search_term_string}\"},\"query-input\":{\"@type\":\"PropertyValueSpecification\",\"valueRequired\":true,\"valueName\":\"search_term_string\"}}],\"inLanguage\":\"en-US\"},{\"@type\":\"Organization\",\"@id\":\"https:\\\/\\\/fit360.ee\\\/en\\\/#organization\",\"name\":\"Fit360\",\"url\":\"https:\\\/\\\/fit360.ee\\\/en\\\/\",\"logo\":{\"@type\":\"ImageObject\",\"inLanguage\":\"en-US\",\"@id\":\"https:\\\/\\\/fit360.ee\\\/en\\\/#\\\/schema\\\/logo\\\/image\\\/\",\"url\":\"https:\\\/\\\/fit360.ee\\\/wp-content\\\/uploads\\\/2017\\\/01\\\/logo-fit360.png\",\"contentUrl\":\"https:\\\/\\\/fit360.ee\\\/wp-content\\\/uploads\\\/2017\\\/01\\\/logo-fit360.png\",\"width\":180,\"height\":66,\"caption\":\"Fit360\"},\"image\":{\"@id\":\"https:\\\/\\\/fit360.ee\\\/en\\\/#\\\/schema\\\/logo\\\/image\\\/\"}}]}<\/script>\n<!-- \/ Yoast SEO plugin. -->","yoast_head_json":{"title":"SBD Knee Sleeves Standard\u00a02024 (XS-3XL) - P\u00f5lvesukad - Fit360","description":"SBD Knee Sleeves on p\u00f5lvekaitsmed, mis on valmistatud kvaliteetsest 7 mm neopreenist ja loodud sooritusv\u00f5ime parandamiseks. Neid usaldavad j\u00f5usportlas...","robots":{"index":"index","follow":"follow","max-snippet":"max-snippet:-1","max-image-preview":"max-image-preview:large","max-video-preview":"max-video-preview:-1"},"canonical":"https:\/\/fit360.ee\/en\/pood\/training-equipment-en\/knee-sleeves-en\/sbd-knee-sleeves-standard-2024-xs-3xl\/","og_locale":"en_US","og_type":"article","og_title":"SBD Knee Sleeves Standard\u00a02024 (XS-3XL) - P\u00f5lvesukad - Fit360","og_description":"SBD Knee Sleeves on p\u00f5lvekaitsmed, mis on valmistatud kvaliteetsest 7 mm neopreenist ja loodud sooritusv\u00f5ime parandamiseks. Neid usaldavad j\u00f5usportlas...","og_url":"https:\/\/fit360.ee\/en\/pood\/training-equipment-en\/knee-sleeves-en\/sbd-knee-sleeves-standard-2024-xs-3xl\/","og_site_name":"Fit360","article_modified_time":"2026-01-26T12:49:20+00:00","og_image":[{"width":1080,"height":1080,"url":"https:\/\/fit360.ee\/wp-content\/uploads\/2025\/05\/sbd-knee-sleeves-fit360.ee_.jpg","type":"image\/jpeg"}],"twitter_card":"summary_large_image","twitter_misc":{"Est. reading time":"2 minutes"},"schema":{"@context":"https:\/\/schema.org","@graph":[{"@type":"WebPage","@id":"https:\/\/fit360.ee\/en\/pood\/training-equipment-en\/knee-sleeves-en\/sbd-knee-sleeves-standard-2024-xs-3xl\/","url":"https:\/\/fit360.ee\/en\/pood\/training-equipment-en\/knee-sleeves-en\/sbd-knee-sleeves-standard-2024-xs-3xl\/","name":"SBD Knee Sleeves Standard\u00a02024 (XS-3XL) - P\u00f5lvesukad - Fit360","isPartOf":{"@id":"https:\/\/fit360.ee\/en\/#website"},"primaryImageOfPage":{"@id":"https:\/\/fit360.ee\/en\/pood\/training-equipment-en\/knee-sleeves-en\/sbd-knee-sleeves-standard-2024-xs-3xl\/#primaryimage"},"image":{"@id":"https:\/\/fit360.ee\/en\/pood\/training-equipment-en\/knee-sleeves-en\/sbd-knee-sleeves-standard-2024-xs-3xl\/#primaryimage"},"thumbnailUrl":"https:\/\/fit360.ee\/wp-content\/uploads\/2025\/05\/sbd-knee-sleeves-fit360.ee_.jpg","datePublished":"2025-05-22T11:35:34+00:00","dateModified":"2026-01-26T12:49:20+00:00","description":"SBD Knee Sleeves on p\u00f5lvekaitsmed, mis on valmistatud kvaliteetsest 7 mm neopreenist ja loodud sooritusv\u00f5ime parandamiseks. Neid usaldavad j\u00f5usportlas...","breadcrumb":{"@id":"https:\/\/fit360.ee\/en\/pood\/training-equipment-en\/knee-sleeves-en\/sbd-knee-sleeves-standard-2024-xs-3xl\/#breadcrumb"},"inLanguage":"en-US","potentialAction":[{"@type":"ReadAction","target":["https:\/\/fit360.ee\/en\/pood\/training-equipment-en\/knee-sleeves-en\/sbd-knee-sleeves-standard-2024-xs-3xl\/"]}]},{"@type":"ImageObject","inLanguage":"en-US","@id":"https:\/\/fit360.ee\/en\/pood\/training-equipment-en\/knee-sleeves-en\/sbd-knee-sleeves-standard-2024-xs-3xl\/#primaryimage","url":"https:\/\/fit360.ee\/wp-content\/uploads\/2025\/05\/sbd-knee-sleeves-fit360.ee_.jpg","contentUrl":"https:\/\/fit360.ee\/wp-content\/uploads\/2025\/05\/sbd-knee-sleeves-fit360.ee_.jpg","width":1080,"height":1080,"caption":"sbd knee sleeves - fit360.ee"},{"@type":"BreadcrumbList","@id":"https:\/\/fit360.ee\/en\/pood\/training-equipment-en\/knee-sleeves-en\/sbd-knee-sleeves-standard-2024-xs-3xl\/#breadcrumb","itemListElement":[{"@type":"ListItem","position":1,"name":"Home","item":"https:\/\/fit360.ee\/en\/"},{"@type":"ListItem","position":2,"name":"Shop","item":"https:\/\/fit360.ee\/en\/shop\/"},{"@type":"ListItem","position":3,"name":"SBD Knee Sleeves Standard\u00a02024 (XS-3XL)"}]},{"@type":"WebSite","@id":"https:\/\/fit360.ee\/en\/#website","url":"https:\/\/fit360.ee\/en\/","name":"Fit360","description":"","publisher":{"@id":"https:\/\/fit360.ee\/en\/#organization"},"potentialAction":[{"@type":"SearchAction","target":{"@type":"EntryPoint","urlTemplate":"https:\/\/fit360.ee\/en\/?s={search_term_string}"},"query-input":{"@type":"PropertyValueSpecification","valueRequired":true,"valueName":"search_term_string"}}],"inLanguage":"en-US"},{"@type":"Organization","@id":"https:\/\/fit360.ee\/en\/#organization","name":"Fit360","url":"https:\/\/fit360.ee\/en\/","logo":{"@type":"ImageObject","inLanguage":"en-US","@id":"https:\/\/fit360.ee\/en\/#\/schema\/logo\/image\/","url":"https:\/\/fit360.ee\/wp-content\/uploads\/2017\/01\/logo-fit360.png","contentUrl":"https:\/\/fit360.ee\/wp-content\/uploads\/2017\/01\/logo-fit360.png","width":180,"height":66,"caption":"Fit360"},"image":{"@id":"https:\/\/fit360.ee\/en\/#\/schema\/logo\/image\/"}}]}},"_links":{"self":[{"href":"https:\/\/fit360.ee\/en\/wp-json\/wp\/v2\/product\/88748","targetHints":{"allow":["GET"]}}],"collection":[{"href":"https:\/\/fit360.ee\/en\/wp-json\/wp\/v2\/product"}],"about":[{"href":"https:\/\/fit360.ee\/en\/wp-json\/wp\/v2\/types\/product"}],"replies":[{"embeddable":true,"href":"https:\/\/fit360.ee\/en\/wp-json\/wp\/v2\/comments?post=88748"}],"wp:featuredmedia":[{"embeddable":true,"href":"https:\/\/fit360.ee\/en\/wp-json\/wp\/v2\/media\/88745"}],"wp:attachment":[{"href":"https:\/\/fit360.ee\/en\/wp-json\/wp\/v2\/media?parent=88748"}],"wp:term":[{"taxonomy":"product_brand","embeddable":true,"href":"https:\/\/fit360.ee\/en\/wp-json\/wp\/v2\/product_brand?post=88748"},{"taxonomy":"product_cat","embeddable":true,"href":"https:\/\/fit360.ee\/en\/wp-json\/wp\/v2\/product_cat?post=88748"},{"taxonomy":"product_tag","embeddable":true,"href":"https:\/\/fit360.ee\/en\/wp-json\/wp\/v2\/product_tag?post=88748"},{"taxonomy":"giftcard-category","embeddable":true,"href":"https:\/\/fit360.ee\/en\/wp-json\/wp\/v2\/giftcard-category?post=88748"}],"curies":[{"name":"wp","href":"https:\/\/api.w.org\/{rel}","templated":true}]}}