{"id":88775,"date":"2025-05-22T13:35:34","date_gmt":"2025-05-22T11:35:34","guid":{"rendered":"https:\/\/fit360.ee\/pood\/uncategorized\/sbd-elbow-sleeves-standard-2024-xs-3xl\/"},"modified":"2026-01-26T14:49:18","modified_gmt":"2026-01-26T12:49:18","slug":"sbd-elbow-sleeves-standard-2024-xs-3xl","status":"publish","type":"product","link":"https:\/\/fit360.ee\/en\/pood\/training-equipment-en\/elbow-sleeves-en\/sbd-elbow-sleeves-standard-2024-xs-3xl\/","title":{"rendered":"SBD Elbow Sleeves Standard 2024 (XS-3XL)"},"content":{"rendered":"<h2><strong>SBD Elbow Sleeves<\/strong><\/h2>\n<p>SBD Elbow Sleeves ehk SBD\u00a0k\u00fc\u00fcnarvarre tugivarrukad pakuvad liigesele maksimaalset tuge, tagades samal ajal k\u00fc\u00fcnarnuki h\u00f5lpsa liikumise ja s\u00e4ilitades amplituudi.<\/p>\n<ul>\n<li>M\u00fc\u00fcakse paarina.<\/li>\n<li>Kombineeritud 5 mm sisepaneel, 7 mm v\u00e4lispaneel.<\/li>\n<li>Tugevdatud \u00f5mbluskonstruktsioon pikaealisuse maksimeerimiseks.<\/li>\n<li>Minimeeritud bakterite kogunemine ja l\u00f5hna v\u00e4hendamine.<\/li>\n<li>Toodetud Suurbritannias.<\/li>\n<\/ul>\n<table border=\"0\">\n<tbody>\n<tr>\n<td>Suurus<\/td>\n<td>K\u00e4sivars<\/td>\n<td>Biitseps<\/td>\n<\/tr>\n<tr>\n<td>XS<\/td>\n<td>21-26<\/td>\n<td>24-30<\/td>\n<\/tr>\n<tr>\n<td>S<\/td>\n<td>24-29<\/td>\n<td>27-33.5<\/td>\n<\/tr>\n<tr>\n<td>M<\/td>\n<td>27-31<\/td>\n<td>30-37<\/td>\n<\/tr>\n<tr>\n<td>L<\/td>\n<td>30-35<\/td>\n<td>33-40.5<\/td>\n<\/tr>\n<tr>\n<td>XL<\/td>\n<td>33-38<\/td>\n<td>36-44<\/td>\n<\/tr>\n<tr>\n<td>2XL<\/td>\n<td>36-41<\/td>\n<td>39-47.5<\/td>\n<\/tr>\n<\/tbody>\n<\/table>\n<p>Hoidke k\u00e4tt sirgena ja l\u00f5dvestage lihased. M\u00f5\u00f5tke oma k\u00e4sivarre ja biitsepsi alumise osa \u00fcmberm\u00f5\u00f5t. Seej\u00e4rel valige suurus, mis sobib parimalt m\u00f5lemale m\u00f5\u00f5dule. Kuna k\u00fc\u00fcnarliigese tugisidemed venivad rohkem kui p\u00f5lvesukad, kahe vahel olles pigem v\u00f5tta v\u00e4iksema suuruse.<\/p>\n<p>Soovitame k\u00fc\u00fcnarliigese tugisidemeid pesta k\u00e4sitsi sooja vee ja v\u00e4ikse koguse pesuvahendiga. Seej\u00e4rel lasta sidemetel p\u00fcsti seistes \u00f5hu k\u00e4es kuivada. Mitte pesta pesumasinas! Pesumasin v\u00f5ib sidemeid kahjustada.<\/p>\n<p>Vaata ka meie teisi K\u00fc\u00fcnarvarre tugivarrukaid <a href=\"https:\/\/fit360.ee\/en\/product-category\/training-equipment-en\/elbow-sleeves-en\/\"><strong>SIIT<\/strong><\/a> v\u00f5i Treeningvarustuse tooteid <a href=\"https:\/\/fit360.ee\/en\/product-category\/training-equipment-en\/\"><strong>SIIT<\/strong><\/a>!<\/p>\n","protected":false},"excerpt":{"rendered":"<ul>\n<li>M\u00fc\u00fcakse paarina.<\/li>\n<li>Kombineeritud 5 mm sisepaneel, 7 mm v\u00e4lispaneel.<\/li>\n<li>Tugevdatud \u00f5mbluskonstruktsioon pikaealisuse maksimeerimiseks.<\/li>\n<li>Minimeeritud bakterite kogunemine ja l\u00f5hna v\u00e4hendamine.<\/li>\n<li>Toodetud Suurbritannias.<\/li>\n<\/ul>\n<p><strong>NB! Kahjuks tootja kehtestatud tingimuste t\u00f5ttu ei kehti SBD toodetele mitte \u00fckski sooduskood. Vabandame!<\/strong><\/p>\n","protected":false},"featured_media":88769,"comment_status":"open","ping_status":"closed","template":"","meta":[],"product_brand":[],"product_cat":[544,538],"product_tag":[5833,5834,5816,5835],"giftcard-category":[],"class_list":{"0":"post-88775","1":"product","2":"type-product","3":"status-publish","4":"has-post-thumbnail","6":"product_cat-elbow-sleeves-en","7":"product_cat-training-equipment-en","8":"product_tag-elbow-sleeves-en","9":"product_tag-kuunarvarre-tugivarrukad-en","10":"product_tag-sbd-en","11":"product_tag-sbd-elbow-sleeves-en","12":"pa_brand-sbd-en","13":"pa_sugu-for-men","14":"pa_sugu-for-women","15":"pa_sugu-unisex-en","16":"pa_suurus-3xl","17":"pa_suurus-l","18":"pa_suurus-m","19":"pa_suurus-s","20":"pa_suurus-xl","21":"pa_suurus-xs","22":"pa_suurus-xxl","23":"pa_varustus-elbow-sleeves","24":"pa_varvus-black","26":"first","27":"instock","28":"sale","29":"taxable","30":"shipping-taxable","31":"purchasable","32":"product-type-variable"},"yoast_head":"<!-- This site is optimized with the Yoast SEO plugin v27.3 - https:\/\/yoast.com\/product\/yoast-seo-wordpress\/ -->\n<title>SBD Elbow Sleeves Standard 2024 (XS-3XL) - Fit360<\/title>\n<meta name=\"robots\" content=\"index, follow, max-snippet:-1, max-image-preview:large, max-video-preview:-1\" \/>\n<link rel=\"canonical\" href=\"https:\/\/fit360.ee\/en\/pood\/training-equipment-en\/elbow-sleeves-en\/sbd-elbow-sleeves-standard-2024-xs-3xl\/\" \/>\n<meta property=\"og:locale\" content=\"en_US\" \/>\n<meta property=\"og:type\" content=\"article\" \/>\n<meta property=\"og:title\" content=\"SBD Elbow Sleeves Standard 2024 (XS-3XL) - Fit360\" \/>\n<meta property=\"og:description\" content=\"M\u00fc\u00fcakse paarina.  Kombineeritud 5 mm sisepaneel, 7 mm v\u00e4lispaneel.  Tugevdatud \u00f5mbluskonstruktsioon pikaealisuse maksimeerimiseks.  Minimeeritud bakterite kogunemine ja l\u00f5hna v\u00e4hendamine.  Toodetud Suurbritannias.  NB! Kahjuks tootja kehtestatud tingimuste t\u00f5ttu ei kehti SBD toodetele mitte \u00fckski sooduskood. Vabandame!\" \/>\n<meta property=\"og:url\" content=\"https:\/\/fit360.ee\/en\/pood\/training-equipment-en\/elbow-sleeves-en\/sbd-elbow-sleeves-standard-2024-xs-3xl\/\" \/>\n<meta property=\"og:site_name\" content=\"Fit360\" \/>\n<meta property=\"article:modified_time\" content=\"2026-01-26T12:49:18+00:00\" \/>\n<meta property=\"og:image\" content=\"https:\/\/fit360.ee\/wp-content\/uploads\/2025\/05\/SBD-Elbow-Sleeves-fit360.ee_.jpg\" \/>\n\t<meta property=\"og:image:width\" content=\"2048\" \/>\n\t<meta property=\"og:image:height\" content=\"2048\" \/>\n\t<meta property=\"og:image:type\" content=\"image\/jpeg\" \/>\n<meta name=\"twitter:card\" content=\"summary_large_image\" \/>\n<meta name=\"twitter:label1\" content=\"Est. reading time\" \/>\n\t<meta name=\"twitter:data1\" content=\"1 minute\" \/>\n<script type=\"application\/ld+json\" class=\"yoast-schema-graph\">{\"@context\":\"https:\\\/\\\/schema.org\",\"@graph\":[{\"@type\":\"WebPage\",\"@id\":\"https:\\\/\\\/fit360.ee\\\/en\\\/pood\\\/training-equipment-en\\\/elbow-sleeves-en\\\/sbd-elbow-sleeves-standard-2024-xs-3xl\\\/\",\"url\":\"https:\\\/\\\/fit360.ee\\\/en\\\/pood\\\/training-equipment-en\\\/elbow-sleeves-en\\\/sbd-elbow-sleeves-standard-2024-xs-3xl\\\/\",\"name\":\"SBD Elbow Sleeves Standard 2024 (XS-3XL) - Fit360\",\"isPartOf\":{\"@id\":\"https:\\\/\\\/fit360.ee\\\/en\\\/#website\"},\"primaryImageOfPage\":{\"@id\":\"https:\\\/\\\/fit360.ee\\\/en\\\/pood\\\/training-equipment-en\\\/elbow-sleeves-en\\\/sbd-elbow-sleeves-standard-2024-xs-3xl\\\/#primaryimage\"},\"image\":{\"@id\":\"https:\\\/\\\/fit360.ee\\\/en\\\/pood\\\/training-equipment-en\\\/elbow-sleeves-en\\\/sbd-elbow-sleeves-standard-2024-xs-3xl\\\/#primaryimage\"},\"thumbnailUrl\":\"https:\\\/\\\/fit360.ee\\\/wp-content\\\/uploads\\\/2025\\\/05\\\/SBD-Elbow-Sleeves-fit360.ee_.jpg\",\"datePublished\":\"2025-05-22T11:35:34+00:00\",\"dateModified\":\"2026-01-26T12:49:18+00:00\",\"breadcrumb\":{\"@id\":\"https:\\\/\\\/fit360.ee\\\/en\\\/pood\\\/training-equipment-en\\\/elbow-sleeves-en\\\/sbd-elbow-sleeves-standard-2024-xs-3xl\\\/#breadcrumb\"},\"inLanguage\":\"en-US\",\"potentialAction\":[{\"@type\":\"ReadAction\",\"target\":[\"https:\\\/\\\/fit360.ee\\\/en\\\/pood\\\/training-equipment-en\\\/elbow-sleeves-en\\\/sbd-elbow-sleeves-standard-2024-xs-3xl\\\/\"]}]},{\"@type\":\"ImageObject\",\"inLanguage\":\"en-US\",\"@id\":\"https:\\\/\\\/fit360.ee\\\/en\\\/pood\\\/training-equipment-en\\\/elbow-sleeves-en\\\/sbd-elbow-sleeves-standard-2024-xs-3xl\\\/#primaryimage\",\"url\":\"https:\\\/\\\/fit360.ee\\\/wp-content\\\/uploads\\\/2025\\\/05\\\/SBD-Elbow-Sleeves-fit360.ee_.jpg\",\"contentUrl\":\"https:\\\/\\\/fit360.ee\\\/wp-content\\\/uploads\\\/2025\\\/05\\\/SBD-Elbow-Sleeves-fit360.ee_.jpg\",\"width\":2048,\"height\":2048,\"caption\":\"SBD Elbow Sleeves - fit360.ee\"},{\"@type\":\"BreadcrumbList\",\"@id\":\"https:\\\/\\\/fit360.ee\\\/en\\\/pood\\\/training-equipment-en\\\/elbow-sleeves-en\\\/sbd-elbow-sleeves-standard-2024-xs-3xl\\\/#breadcrumb\",\"itemListElement\":[{\"@type\":\"ListItem\",\"position\":1,\"name\":\"Home\",\"item\":\"https:\\\/\\\/fit360.ee\\\/en\\\/\"},{\"@type\":\"ListItem\",\"position\":2,\"name\":\"Shop\",\"item\":\"https:\\\/\\\/fit360.ee\\\/en\\\/shop\\\/\"},{\"@type\":\"ListItem\",\"position\":3,\"name\":\"SBD Elbow Sleeves Standard 2024 (XS-3XL)\"}]},{\"@type\":\"WebSite\",\"@id\":\"https:\\\/\\\/fit360.ee\\\/en\\\/#website\",\"url\":\"https:\\\/\\\/fit360.ee\\\/en\\\/\",\"name\":\"Fit360\",\"description\":\"\",\"publisher\":{\"@id\":\"https:\\\/\\\/fit360.ee\\\/en\\\/#organization\"},\"potentialAction\":[{\"@type\":\"SearchAction\",\"target\":{\"@type\":\"EntryPoint\",\"urlTemplate\":\"https:\\\/\\\/fit360.ee\\\/en\\\/?s={search_term_string}\"},\"query-input\":{\"@type\":\"PropertyValueSpecification\",\"valueRequired\":true,\"valueName\":\"search_term_string\"}}],\"inLanguage\":\"en-US\"},{\"@type\":\"Organization\",\"@id\":\"https:\\\/\\\/fit360.ee\\\/en\\\/#organization\",\"name\":\"Fit360\",\"url\":\"https:\\\/\\\/fit360.ee\\\/en\\\/\",\"logo\":{\"@type\":\"ImageObject\",\"inLanguage\":\"en-US\",\"@id\":\"https:\\\/\\\/fit360.ee\\\/en\\\/#\\\/schema\\\/logo\\\/image\\\/\",\"url\":\"https:\\\/\\\/fit360.ee\\\/wp-content\\\/uploads\\\/2017\\\/01\\\/logo-fit360.png\",\"contentUrl\":\"https:\\\/\\\/fit360.ee\\\/wp-content\\\/uploads\\\/2017\\\/01\\\/logo-fit360.png\",\"width\":180,\"height\":66,\"caption\":\"Fit360\"},\"image\":{\"@id\":\"https:\\\/\\\/fit360.ee\\\/en\\\/#\\\/schema\\\/logo\\\/image\\\/\"}}]}<\/script>\n<!-- \/ Yoast SEO plugin. -->","yoast_head_json":{"title":"SBD Elbow Sleeves Standard 2024 (XS-3XL) - Fit360","robots":{"index":"index","follow":"follow","max-snippet":"max-snippet:-1","max-image-preview":"max-image-preview:large","max-video-preview":"max-video-preview:-1"},"canonical":"https:\/\/fit360.ee\/en\/pood\/training-equipment-en\/elbow-sleeves-en\/sbd-elbow-sleeves-standard-2024-xs-3xl\/","og_locale":"en_US","og_type":"article","og_title":"SBD Elbow Sleeves Standard 2024 (XS-3XL) - Fit360","og_description":"M\u00fc\u00fcakse paarina.  Kombineeritud 5 mm sisepaneel, 7 mm v\u00e4lispaneel.  Tugevdatud \u00f5mbluskonstruktsioon pikaealisuse maksimeerimiseks.  Minimeeritud bakterite kogunemine ja l\u00f5hna v\u00e4hendamine.  Toodetud Suurbritannias.  NB! Kahjuks tootja kehtestatud tingimuste t\u00f5ttu ei kehti SBD toodetele mitte \u00fckski sooduskood. Vabandame!","og_url":"https:\/\/fit360.ee\/en\/pood\/training-equipment-en\/elbow-sleeves-en\/sbd-elbow-sleeves-standard-2024-xs-3xl\/","og_site_name":"Fit360","article_modified_time":"2026-01-26T12:49:18+00:00","og_image":[{"width":2048,"height":2048,"url":"https:\/\/fit360.ee\/wp-content\/uploads\/2025\/05\/SBD-Elbow-Sleeves-fit360.ee_.jpg","type":"image\/jpeg"}],"twitter_card":"summary_large_image","twitter_misc":{"Est. reading time":"1 minute"},"schema":{"@context":"https:\/\/schema.org","@graph":[{"@type":"WebPage","@id":"https:\/\/fit360.ee\/en\/pood\/training-equipment-en\/elbow-sleeves-en\/sbd-elbow-sleeves-standard-2024-xs-3xl\/","url":"https:\/\/fit360.ee\/en\/pood\/training-equipment-en\/elbow-sleeves-en\/sbd-elbow-sleeves-standard-2024-xs-3xl\/","name":"SBD Elbow Sleeves Standard 2024 (XS-3XL) - Fit360","isPartOf":{"@id":"https:\/\/fit360.ee\/en\/#website"},"primaryImageOfPage":{"@id":"https:\/\/fit360.ee\/en\/pood\/training-equipment-en\/elbow-sleeves-en\/sbd-elbow-sleeves-standard-2024-xs-3xl\/#primaryimage"},"image":{"@id":"https:\/\/fit360.ee\/en\/pood\/training-equipment-en\/elbow-sleeves-en\/sbd-elbow-sleeves-standard-2024-xs-3xl\/#primaryimage"},"thumbnailUrl":"https:\/\/fit360.ee\/wp-content\/uploads\/2025\/05\/SBD-Elbow-Sleeves-fit360.ee_.jpg","datePublished":"2025-05-22T11:35:34+00:00","dateModified":"2026-01-26T12:49:18+00:00","breadcrumb":{"@id":"https:\/\/fit360.ee\/en\/pood\/training-equipment-en\/elbow-sleeves-en\/sbd-elbow-sleeves-standard-2024-xs-3xl\/#breadcrumb"},"inLanguage":"en-US","potentialAction":[{"@type":"ReadAction","target":["https:\/\/fit360.ee\/en\/pood\/training-equipment-en\/elbow-sleeves-en\/sbd-elbow-sleeves-standard-2024-xs-3xl\/"]}]},{"@type":"ImageObject","inLanguage":"en-US","@id":"https:\/\/fit360.ee\/en\/pood\/training-equipment-en\/elbow-sleeves-en\/sbd-elbow-sleeves-standard-2024-xs-3xl\/#primaryimage","url":"https:\/\/fit360.ee\/wp-content\/uploads\/2025\/05\/SBD-Elbow-Sleeves-fit360.ee_.jpg","contentUrl":"https:\/\/fit360.ee\/wp-content\/uploads\/2025\/05\/SBD-Elbow-Sleeves-fit360.ee_.jpg","width":2048,"height":2048,"caption":"SBD Elbow Sleeves - fit360.ee"},{"@type":"BreadcrumbList","@id":"https:\/\/fit360.ee\/en\/pood\/training-equipment-en\/elbow-sleeves-en\/sbd-elbow-sleeves-standard-2024-xs-3xl\/#breadcrumb","itemListElement":[{"@type":"ListItem","position":1,"name":"Home","item":"https:\/\/fit360.ee\/en\/"},{"@type":"ListItem","position":2,"name":"Shop","item":"https:\/\/fit360.ee\/en\/shop\/"},{"@type":"ListItem","position":3,"name":"SBD Elbow Sleeves Standard 2024 (XS-3XL)"}]},{"@type":"WebSite","@id":"https:\/\/fit360.ee\/en\/#website","url":"https:\/\/fit360.ee\/en\/","name":"Fit360","description":"","publisher":{"@id":"https:\/\/fit360.ee\/en\/#organization"},"potentialAction":[{"@type":"SearchAction","target":{"@type":"EntryPoint","urlTemplate":"https:\/\/fit360.ee\/en\/?s={search_term_string}"},"query-input":{"@type":"PropertyValueSpecification","valueRequired":true,"valueName":"search_term_string"}}],"inLanguage":"en-US"},{"@type":"Organization","@id":"https:\/\/fit360.ee\/en\/#organization","name":"Fit360","url":"https:\/\/fit360.ee\/en\/","logo":{"@type":"ImageObject","inLanguage":"en-US","@id":"https:\/\/fit360.ee\/en\/#\/schema\/logo\/image\/","url":"https:\/\/fit360.ee\/wp-content\/uploads\/2017\/01\/logo-fit360.png","contentUrl":"https:\/\/fit360.ee\/wp-content\/uploads\/2017\/01\/logo-fit360.png","width":180,"height":66,"caption":"Fit360"},"image":{"@id":"https:\/\/fit360.ee\/en\/#\/schema\/logo\/image\/"}}]}},"_links":{"self":[{"href":"https:\/\/fit360.ee\/en\/wp-json\/wp\/v2\/product\/88775","targetHints":{"allow":["GET"]}}],"collection":[{"href":"https:\/\/fit360.ee\/en\/wp-json\/wp\/v2\/product"}],"about":[{"href":"https:\/\/fit360.ee\/en\/wp-json\/wp\/v2\/types\/product"}],"replies":[{"embeddable":true,"href":"https:\/\/fit360.ee\/en\/wp-json\/wp\/v2\/comments?post=88775"}],"wp:featuredmedia":[{"embeddable":true,"href":"https:\/\/fit360.ee\/en\/wp-json\/wp\/v2\/media\/88769"}],"wp:attachment":[{"href":"https:\/\/fit360.ee\/en\/wp-json\/wp\/v2\/media?parent=88775"}],"wp:term":[{"taxonomy":"product_brand","embeddable":true,"href":"https:\/\/fit360.ee\/en\/wp-json\/wp\/v2\/product_brand?post=88775"},{"taxonomy":"product_cat","embeddable":true,"href":"https:\/\/fit360.ee\/en\/wp-json\/wp\/v2\/product_cat?post=88775"},{"taxonomy":"product_tag","embeddable":true,"href":"https:\/\/fit360.ee\/en\/wp-json\/wp\/v2\/product_tag?post=88775"},{"taxonomy":"giftcard-category","embeddable":true,"href":"https:\/\/fit360.ee\/en\/wp-json\/wp\/v2\/giftcard-category?post=88775"}],"curies":[{"name":"wp","href":"https:\/\/api.w.org\/{rel}","templated":true}]}}