{"id":89237,"date":"2025-06-22T12:10:21","date_gmt":"2025-06-22T10:10:21","guid":{"rendered":"https:\/\/fit360.ee\/pood\/uncategorized\/beta-alanine-2400-mg-150caps\/"},"modified":"2025-08-13T07:37:43","modified_gmt":"2025-08-13T05:37:43","slug":"beta-alanine-2400-mg-150caps","status":"publish","type":"product","link":"https:\/\/fit360.ee\/en\/pood\/product-groups\/amino-acids-bcaa\/beta-alanine-en\/beta-alanine-2400-mg-150caps\/","title":{"rendered":"Beta-Alanine 2400 mg (150caps)"},"content":{"rendered":"<h2><strong>Ostrovit Beta-Alanine<\/strong><\/h2>\n<section class=\"cm__section\">\n<p class=\"cm__text --bold\">OstroVit Beta-Alanine 2400 mg on kvaliteetne toidulisand, mis on beeta-alaniini allikas. See on kergesti neelatavate kapslite kujul olev preparaat, mis on m\u00f5eldud sportlastele ja f\u00fc\u00fcsiliselt aktiivsetele inimestele, kes soovivad oma dieeti v\u00e4\u00e4rtusliku koostisosaga t\u00e4iendada.<\/p>\n<ul class=\"cm__list\">\n<li><strong>Rikkalik beeta-alaniini allikas<\/strong>\u00a0\u2013 \u00fcks portsjon toidulisandit annab organismile 800 mg v\u00e4\u00e4rtuslikku \u00fchendit.<\/li>\n<li><strong>1 portsjon = 1 kapsel<\/strong>\u00a0.<\/li>\n<li><strong>T\u00f5husus<\/strong>\u00a0\u2013 tootepakend sisaldab 150 portsjonit preparaati.<\/li>\n<li><strong>Mugav vorm<\/strong>\u00a0\u2013 kergesti neelatavate kapslite kujul olev preparaat tagab toidulisandi probleemideta tarnimise.<\/li>\n<\/ul>\n<h4 class=\"cm__heading\"><strong>OstroVit beeta-alaniin 2400 mg &#8211; kontsentreeritud v\u00e4\u00e4rtusliku koostisosa allikas<\/strong><\/h4>\n<p class=\"cm__text\"><strong>Beeta-alaniin<\/strong>\u00a0on orgaaniline keemiline \u00fchend, mis klassifitseeritakse endogeensete aminohapete hulka ja mis koos L-histidiiniga on karnosiini eelk\u00e4ijaks &#8211; see on f\u00fc\u00fcsiliselt aktiivsete inimeste jaoks \u00e4\u00e4rmiselt oluline dipeptiid, mida organismis leidub peamiselt lihasrakkudes. Beeta-alaniini saab inimkehas looduslikult s\u00fcnteesida ja seda saab organismi viia ka igap\u00e4evase toiduga &#8211; \u00fchendi allikad on peamiselt liha ja lihatooted.<\/p>\n<h4><strong>Beeta-Alaniini omadused<\/strong><\/h4>\n<p data-start=\"205\" data-end=\"498\">Beeta-alaniin on aminohape, mis aitab t\u00f5sta treeningute efektiivsust ja parandada lihaste vastupidavust. See toimib l\u00e4bi karnosiini taseme t\u00f5stmise lihastes, mis aitab neutraliseerida treeningu k\u00e4igus tekkivaid happelisi \u00fchendeid. Tulemuseks on v\u00e4iksem lihasv\u00e4simus ja parem sportlik sooritus.<\/p>\n<p data-start=\"500\" data-end=\"850\">Ostrovit Beta-Alanine sobib eriti h\u00e4sti neile, kes tegelevad k\u00f5rge intensiivsusega treeningutega \u2013 n\u00e4iteks j\u00f5utreeningu, sprindi v\u00f5i funktsionaalse fitnessiga. Paljud kasutajad tunnevad paremat lihasvastupidavust juba p\u00e4rast esimesi kasutusn\u00e4dalaid. Beeta-alaniini tarbimisega v\u00f5ib kaasneda ajutine \u201csurin\u201d naha pinnal \u2013 see on normaalne reaktsioon ja ohutu.<\/p>\n<\/section>\n<section class=\"cm__section\">\n<div class=\"cm__heading\"><strong>Laboris kinnitatud kvaliteet<\/strong><\/div>\n<p class=\"cm__text --bold\">Meie klientide tervise huvides testitakse meie valmistatud tooteid regulaarselt s\u00f5ltumatus akrediteeritud laboris, et tagada ja s\u00e4ilitada k\u00f5rgeim kvaliteet.<\/p>\n<p><strong>Koostisosad<\/strong>: Beeta-alaniin, katte koostis (t\u00e4iteaine: h\u00fcdroks\u00fcprop\u00fc\u00fclmet\u00fc\u00fcltselluloos), paakumisvastane aine: rasvhapete magneesiumisoolad.<\/p>\n<\/section>\n<p><strong>Kasutamine<\/strong>: 1 portsjon: 1 kapsel. V\u00f5tke 1 portsjon 3 korda p\u00e4evas koos toidukorraga. Beeta-alaniini \u00fchekordne tarbimine \u00fcle 800 mg v\u00f5ib p\u00f5hjustada k\u00f5rvaltoimeid (kipitus, tuimus). Soovitatav on tarbida \u00fchekordne 800 mg portsjon v\u00e4hemalt 3-tunnise pausiga toote \u00fcksikute portsjonite vahel. Toode on m\u00f5eldud suurenenud f\u00fc\u00fcsilise aktiivsusega inimestele.<\/p>\n<p>\u00c4rge \u00fcletage soovitatavat p\u00e4evast annust. \u00c4rge kasutage toodet mitmekesise toitumise asendajana. Soovitatav on tasakaalustatud toitumine ja tervislik eluviis. \u00c4rge v\u00f5tke, kui olete allergiline m\u00f5ne koostisosa suhtes. Lapsed, rasedad v\u00f5i imetavad naised ei tohi toodet v\u00f5tta. Hoida lastele k\u00e4ttesaamatus kohas.<\/p>\n<p><strong>Suurus<\/strong>: 150 kapslit &#8211; 50 serveeringut.<\/p>\n<section class=\"projector__description--nutritional row\" data-selector=\".--nutritional\">\n<div class=\"col-12 col-md-10 col-lg-8\">\n<div class=\"--nutrit\">\n<div class=\"nutrition_table_wrapper\">\n<div class=\"table_wrapper\">\n<table>\n<tbody>\n<tr>\n<th>Toimeained<\/th>\n<th>1 portsjon<\/th>\n<th>3 portsjonit<\/th>\n<\/tr>\n<tr>\n<td>Beeta-alaniin<\/td>\n<td>800 mg<\/td>\n<td>2400 mg<\/td>\n<\/tr>\n<\/tbody>\n<\/table>\n<p>Vaata ka meie Teisi Beeta-Alaniine <a href=\"https:\/\/fit360.ee\/en\/product-category\/product-groups\/amino-acids-bcaa\/beta-alanine-en\/\"><strong>SIIT<\/strong><\/a> v\u00f5i Aminohappeid <a href=\"https:\/\/fit360.ee\/en\/product-category\/product-groups\/amino-acids-bcaa\/\"><strong>SIIT<\/strong><\/a>!<\/p>\n<p>Soovid kaupa osta suuremas koguses? Vaata antud toodet meie HULGI lehelt\u00a0<a href=\"https:\/\/toidulisandidhulgi.ee\/tooted\/beta-alanine-2400-mg-150caps\/\"><strong>SIIT<\/strong><\/a>!<\/p>\n<\/div>\n<\/div>\n<\/div>\n<\/div>\n<\/section>\n","protected":false},"excerpt":{"rendered":"<ul>\n<li>Suurendab lihaste vastupidavust<\/li>\n<li>Toetab intensiivset treeningut<\/li>\n<li>V\u00e4hendab lihasv\u00e4simust treeningul<\/li>\n<li>T\u00f5stab karnosiini taset lihastes<\/li>\n<li>Mugav kasutada kapslivormis<\/li>\n<\/ul>\n","protected":false},"featured_media":89236,"comment_status":"open","ping_status":"closed","template":"","meta":[],"product_brand":[],"product_cat":[520,2303,1329,533],"product_tag":[1788,1789,1924,5838],"giftcard-category":[],"class_list":{"0":"post-89237","1":"product","2":"type-product","3":"status-publish","4":"has-post-thumbnail","6":"product_cat-amino-acids-bcaa","7":"product_cat-beta-alanine-en","8":"product_cat-ostrovit-en","9":"product_cat-pre-workout-en","10":"product_tag-beeta-alaniin-en","11":"product_tag-beta-alanine-en","12":"product_tag-ostrovit-en","13":"product_tag-ostrovit-beta-alanine-en","14":"pa_kogus-150-capsules","15":"pa_toidulisand-branddd-ostrovit","16":"pa_tootegruppp-amino-acidsbcaa","17":"pa_tootegruppp-beeta-alaniin-en","18":"pa_tootegruppp-pre-workout","20":"first","21":"instock","22":"sale","23":"taxable","24":"shipping-taxable","25":"purchasable","26":"product-type-simple"},"yoast_head":"<!-- This site is optimized with the Yoast SEO plugin v27.3 - https:\/\/yoast.com\/product\/yoast-seo-wordpress\/ -->\n<title>Beta-Alanine 2400 mg (150caps) - Beeta-Alaniin - Parim Hind - Fit360<\/title>\n<meta name=\"description\" content=\"OstroVit Beta-Alanine 2400 mg on kvaliteetne toidulisand, mis on beeta-alaniini allikas. See on kergesti neelatavate kapslite kujul olev preparaat, mis on..\" \/>\n<meta name=\"robots\" content=\"index, follow, max-snippet:-1, max-image-preview:large, max-video-preview:-1\" \/>\n<link rel=\"canonical\" href=\"https:\/\/fit360.ee\/en\/pood\/product-groups\/amino-acids-bcaa\/beta-alanine-en\/beta-alanine-2400-mg-150caps\/\" \/>\n<meta property=\"og:locale\" content=\"en_US\" \/>\n<meta property=\"og:type\" content=\"article\" \/>\n<meta property=\"og:title\" content=\"Beta-Alanine 2400 mg (150caps) - Beeta-Alaniin - Parim Hind - Fit360\" \/>\n<meta property=\"og:description\" content=\"OstroVit Beta-Alanine 2400 mg on kvaliteetne toidulisand, mis on beeta-alaniini allikas. See on kergesti neelatavate kapslite kujul olev preparaat, mis on..\" \/>\n<meta property=\"og:url\" content=\"https:\/\/fit360.ee\/en\/pood\/product-groups\/amino-acids-bcaa\/beta-alanine-en\/beta-alanine-2400-mg-150caps\/\" \/>\n<meta property=\"og:site_name\" content=\"Fit360\" \/>\n<meta property=\"article:modified_time\" content=\"2025-08-13T05:37:43+00:00\" \/>\n<meta property=\"og:image\" content=\"https:\/\/fit360.ee\/wp-content\/uploads\/2025\/06\/ostrovit-beta-alanine-fit360.ee-1.png\" \/>\n\t<meta property=\"og:image:width\" content=\"450\" \/>\n\t<meta property=\"og:image:height\" content=\"450\" \/>\n\t<meta property=\"og:image:type\" content=\"image\/png\" \/>\n<meta name=\"twitter:card\" content=\"summary_large_image\" \/>\n<meta name=\"twitter:label1\" content=\"Est. reading time\" \/>\n\t<meta name=\"twitter:data1\" content=\"3 minutes\" \/>\n<script type=\"application\/ld+json\" class=\"yoast-schema-graph\">{\"@context\":\"https:\\\/\\\/schema.org\",\"@graph\":[{\"@type\":\"WebPage\",\"@id\":\"https:\\\/\\\/fit360.ee\\\/en\\\/pood\\\/product-groups\\\/amino-acids-bcaa\\\/beta-alanine-en\\\/beta-alanine-2400-mg-150caps\\\/\",\"url\":\"https:\\\/\\\/fit360.ee\\\/en\\\/pood\\\/product-groups\\\/amino-acids-bcaa\\\/beta-alanine-en\\\/beta-alanine-2400-mg-150caps\\\/\",\"name\":\"Beta-Alanine 2400 mg (150caps) - Beeta-Alaniin - Parim Hind - Fit360\",\"isPartOf\":{\"@id\":\"https:\\\/\\\/fit360.ee\\\/en\\\/#website\"},\"primaryImageOfPage\":{\"@id\":\"https:\\\/\\\/fit360.ee\\\/en\\\/pood\\\/product-groups\\\/amino-acids-bcaa\\\/beta-alanine-en\\\/beta-alanine-2400-mg-150caps\\\/#primaryimage\"},\"image\":{\"@id\":\"https:\\\/\\\/fit360.ee\\\/en\\\/pood\\\/product-groups\\\/amino-acids-bcaa\\\/beta-alanine-en\\\/beta-alanine-2400-mg-150caps\\\/#primaryimage\"},\"thumbnailUrl\":\"https:\\\/\\\/fit360.ee\\\/wp-content\\\/uploads\\\/2025\\\/06\\\/ostrovit-beta-alanine-fit360.ee-1.png\",\"datePublished\":\"2025-06-22T10:10:21+00:00\",\"dateModified\":\"2025-08-13T05:37:43+00:00\",\"description\":\"OstroVit Beta-Alanine 2400 mg on kvaliteetne toidulisand, mis on beeta-alaniini allikas. See on kergesti neelatavate kapslite kujul olev preparaat, mis on..\",\"breadcrumb\":{\"@id\":\"https:\\\/\\\/fit360.ee\\\/en\\\/pood\\\/product-groups\\\/amino-acids-bcaa\\\/beta-alanine-en\\\/beta-alanine-2400-mg-150caps\\\/#breadcrumb\"},\"inLanguage\":\"en-US\",\"potentialAction\":[{\"@type\":\"ReadAction\",\"target\":[\"https:\\\/\\\/fit360.ee\\\/en\\\/pood\\\/product-groups\\\/amino-acids-bcaa\\\/beta-alanine-en\\\/beta-alanine-2400-mg-150caps\\\/\"]}]},{\"@type\":\"ImageObject\",\"inLanguage\":\"en-US\",\"@id\":\"https:\\\/\\\/fit360.ee\\\/en\\\/pood\\\/product-groups\\\/amino-acids-bcaa\\\/beta-alanine-en\\\/beta-alanine-2400-mg-150caps\\\/#primaryimage\",\"url\":\"https:\\\/\\\/fit360.ee\\\/wp-content\\\/uploads\\\/2025\\\/06\\\/ostrovit-beta-alanine-fit360.ee-1.png\",\"contentUrl\":\"https:\\\/\\\/fit360.ee\\\/wp-content\\\/uploads\\\/2025\\\/06\\\/ostrovit-beta-alanine-fit360.ee-1.png\",\"width\":450,\"height\":450,\"caption\":\"ostrovit beta-alanine - fit360.ee\"},{\"@type\":\"BreadcrumbList\",\"@id\":\"https:\\\/\\\/fit360.ee\\\/en\\\/pood\\\/product-groups\\\/amino-acids-bcaa\\\/beta-alanine-en\\\/beta-alanine-2400-mg-150caps\\\/#breadcrumb\",\"itemListElement\":[{\"@type\":\"ListItem\",\"position\":1,\"name\":\"Home\",\"item\":\"https:\\\/\\\/fit360.ee\\\/en\\\/\"},{\"@type\":\"ListItem\",\"position\":2,\"name\":\"Shop\",\"item\":\"https:\\\/\\\/fit360.ee\\\/en\\\/shop\\\/\"},{\"@type\":\"ListItem\",\"position\":3,\"name\":\"Beta-Alanine 2400 mg (150caps)\"}]},{\"@type\":\"WebSite\",\"@id\":\"https:\\\/\\\/fit360.ee\\\/en\\\/#website\",\"url\":\"https:\\\/\\\/fit360.ee\\\/en\\\/\",\"name\":\"Fit360\",\"description\":\"\",\"publisher\":{\"@id\":\"https:\\\/\\\/fit360.ee\\\/en\\\/#organization\"},\"potentialAction\":[{\"@type\":\"SearchAction\",\"target\":{\"@type\":\"EntryPoint\",\"urlTemplate\":\"https:\\\/\\\/fit360.ee\\\/en\\\/?s={search_term_string}\"},\"query-input\":{\"@type\":\"PropertyValueSpecification\",\"valueRequired\":true,\"valueName\":\"search_term_string\"}}],\"inLanguage\":\"en-US\"},{\"@type\":\"Organization\",\"@id\":\"https:\\\/\\\/fit360.ee\\\/en\\\/#organization\",\"name\":\"Fit360\",\"url\":\"https:\\\/\\\/fit360.ee\\\/en\\\/\",\"logo\":{\"@type\":\"ImageObject\",\"inLanguage\":\"en-US\",\"@id\":\"https:\\\/\\\/fit360.ee\\\/en\\\/#\\\/schema\\\/logo\\\/image\\\/\",\"url\":\"https:\\\/\\\/fit360.ee\\\/wp-content\\\/uploads\\\/2017\\\/01\\\/logo-fit360.png\",\"contentUrl\":\"https:\\\/\\\/fit360.ee\\\/wp-content\\\/uploads\\\/2017\\\/01\\\/logo-fit360.png\",\"width\":180,\"height\":66,\"caption\":\"Fit360\"},\"image\":{\"@id\":\"https:\\\/\\\/fit360.ee\\\/en\\\/#\\\/schema\\\/logo\\\/image\\\/\"}}]}<\/script>\n<!-- \/ Yoast SEO plugin. -->","yoast_head_json":{"title":"Beta-Alanine 2400 mg (150caps) - Beeta-Alaniin - Parim Hind - Fit360","description":"OstroVit Beta-Alanine 2400 mg on kvaliteetne toidulisand, mis on beeta-alaniini allikas. See on kergesti neelatavate kapslite kujul olev preparaat, mis on..","robots":{"index":"index","follow":"follow","max-snippet":"max-snippet:-1","max-image-preview":"max-image-preview:large","max-video-preview":"max-video-preview:-1"},"canonical":"https:\/\/fit360.ee\/en\/pood\/product-groups\/amino-acids-bcaa\/beta-alanine-en\/beta-alanine-2400-mg-150caps\/","og_locale":"en_US","og_type":"article","og_title":"Beta-Alanine 2400 mg (150caps) - Beeta-Alaniin - Parim Hind - Fit360","og_description":"OstroVit Beta-Alanine 2400 mg on kvaliteetne toidulisand, mis on beeta-alaniini allikas. See on kergesti neelatavate kapslite kujul olev preparaat, mis on..","og_url":"https:\/\/fit360.ee\/en\/pood\/product-groups\/amino-acids-bcaa\/beta-alanine-en\/beta-alanine-2400-mg-150caps\/","og_site_name":"Fit360","article_modified_time":"2025-08-13T05:37:43+00:00","og_image":[{"width":450,"height":450,"url":"https:\/\/fit360.ee\/wp-content\/uploads\/2025\/06\/ostrovit-beta-alanine-fit360.ee-1.png","type":"image\/png"}],"twitter_card":"summary_large_image","twitter_misc":{"Est. reading time":"3 minutes"},"schema":{"@context":"https:\/\/schema.org","@graph":[{"@type":"WebPage","@id":"https:\/\/fit360.ee\/en\/pood\/product-groups\/amino-acids-bcaa\/beta-alanine-en\/beta-alanine-2400-mg-150caps\/","url":"https:\/\/fit360.ee\/en\/pood\/product-groups\/amino-acids-bcaa\/beta-alanine-en\/beta-alanine-2400-mg-150caps\/","name":"Beta-Alanine 2400 mg (150caps) - Beeta-Alaniin - Parim Hind - Fit360","isPartOf":{"@id":"https:\/\/fit360.ee\/en\/#website"},"primaryImageOfPage":{"@id":"https:\/\/fit360.ee\/en\/pood\/product-groups\/amino-acids-bcaa\/beta-alanine-en\/beta-alanine-2400-mg-150caps\/#primaryimage"},"image":{"@id":"https:\/\/fit360.ee\/en\/pood\/product-groups\/amino-acids-bcaa\/beta-alanine-en\/beta-alanine-2400-mg-150caps\/#primaryimage"},"thumbnailUrl":"https:\/\/fit360.ee\/wp-content\/uploads\/2025\/06\/ostrovit-beta-alanine-fit360.ee-1.png","datePublished":"2025-06-22T10:10:21+00:00","dateModified":"2025-08-13T05:37:43+00:00","description":"OstroVit Beta-Alanine 2400 mg on kvaliteetne toidulisand, mis on beeta-alaniini allikas. See on kergesti neelatavate kapslite kujul olev preparaat, mis on..","breadcrumb":{"@id":"https:\/\/fit360.ee\/en\/pood\/product-groups\/amino-acids-bcaa\/beta-alanine-en\/beta-alanine-2400-mg-150caps\/#breadcrumb"},"inLanguage":"en-US","potentialAction":[{"@type":"ReadAction","target":["https:\/\/fit360.ee\/en\/pood\/product-groups\/amino-acids-bcaa\/beta-alanine-en\/beta-alanine-2400-mg-150caps\/"]}]},{"@type":"ImageObject","inLanguage":"en-US","@id":"https:\/\/fit360.ee\/en\/pood\/product-groups\/amino-acids-bcaa\/beta-alanine-en\/beta-alanine-2400-mg-150caps\/#primaryimage","url":"https:\/\/fit360.ee\/wp-content\/uploads\/2025\/06\/ostrovit-beta-alanine-fit360.ee-1.png","contentUrl":"https:\/\/fit360.ee\/wp-content\/uploads\/2025\/06\/ostrovit-beta-alanine-fit360.ee-1.png","width":450,"height":450,"caption":"ostrovit beta-alanine - fit360.ee"},{"@type":"BreadcrumbList","@id":"https:\/\/fit360.ee\/en\/pood\/product-groups\/amino-acids-bcaa\/beta-alanine-en\/beta-alanine-2400-mg-150caps\/#breadcrumb","itemListElement":[{"@type":"ListItem","position":1,"name":"Home","item":"https:\/\/fit360.ee\/en\/"},{"@type":"ListItem","position":2,"name":"Shop","item":"https:\/\/fit360.ee\/en\/shop\/"},{"@type":"ListItem","position":3,"name":"Beta-Alanine 2400 mg (150caps)"}]},{"@type":"WebSite","@id":"https:\/\/fit360.ee\/en\/#website","url":"https:\/\/fit360.ee\/en\/","name":"Fit360","description":"","publisher":{"@id":"https:\/\/fit360.ee\/en\/#organization"},"potentialAction":[{"@type":"SearchAction","target":{"@type":"EntryPoint","urlTemplate":"https:\/\/fit360.ee\/en\/?s={search_term_string}"},"query-input":{"@type":"PropertyValueSpecification","valueRequired":true,"valueName":"search_term_string"}}],"inLanguage":"en-US"},{"@type":"Organization","@id":"https:\/\/fit360.ee\/en\/#organization","name":"Fit360","url":"https:\/\/fit360.ee\/en\/","logo":{"@type":"ImageObject","inLanguage":"en-US","@id":"https:\/\/fit360.ee\/en\/#\/schema\/logo\/image\/","url":"https:\/\/fit360.ee\/wp-content\/uploads\/2017\/01\/logo-fit360.png","contentUrl":"https:\/\/fit360.ee\/wp-content\/uploads\/2017\/01\/logo-fit360.png","width":180,"height":66,"caption":"Fit360"},"image":{"@id":"https:\/\/fit360.ee\/en\/#\/schema\/logo\/image\/"}}]}},"_links":{"self":[{"href":"https:\/\/fit360.ee\/en\/wp-json\/wp\/v2\/product\/89237","targetHints":{"allow":["GET"]}}],"collection":[{"href":"https:\/\/fit360.ee\/en\/wp-json\/wp\/v2\/product"}],"about":[{"href":"https:\/\/fit360.ee\/en\/wp-json\/wp\/v2\/types\/product"}],"replies":[{"embeddable":true,"href":"https:\/\/fit360.ee\/en\/wp-json\/wp\/v2\/comments?post=89237"}],"wp:featuredmedia":[{"embeddable":true,"href":"https:\/\/fit360.ee\/en\/wp-json\/wp\/v2\/media\/89236"}],"wp:attachment":[{"href":"https:\/\/fit360.ee\/en\/wp-json\/wp\/v2\/media?parent=89237"}],"wp:term":[{"taxonomy":"product_brand","embeddable":true,"href":"https:\/\/fit360.ee\/en\/wp-json\/wp\/v2\/product_brand?post=89237"},{"taxonomy":"product_cat","embeddable":true,"href":"https:\/\/fit360.ee\/en\/wp-json\/wp\/v2\/product_cat?post=89237"},{"taxonomy":"product_tag","embeddable":true,"href":"https:\/\/fit360.ee\/en\/wp-json\/wp\/v2\/product_tag?post=89237"},{"taxonomy":"giftcard-category","embeddable":true,"href":"https:\/\/fit360.ee\/en\/wp-json\/wp\/v2\/giftcard-category?post=89237"}],"curies":[{"name":"wp","href":"https:\/\/api.w.org\/{rel}","templated":true}]}}