{"id":89241,"date":"2025-06-22T12:10:21","date_gmt":"2025-06-22T10:10:21","guid":{"rendered":"https:\/\/fit360.ee\/pood\/uncategorized\/bcaa-glutamine-200g\/"},"modified":"2026-04-10T13:27:05","modified_gmt":"2026-04-10T11:27:05","slug":"bcaa-glutamine-200g","status":"publish","type":"product","link":"https:\/\/fit360.ee\/en\/pood\/product-groups\/amino-acids-bcaa\/bcaa-en\/bcaa-glutamine-200g\/","title":{"rendered":"BCAA + Glutamine (200g)"},"content":{"rendered":"<h2><strong>BCAA + Glutamine<\/strong><\/h2>\n<p class=\"cm__text --bold\">OstroVit BCAA + Glutamine on kvaliteetne toidulisand, mis pakub L-glutamiini ja hargnenud ahelaga BCAA aminohapete &#8211; L-leutsiini, L-isoleutsiini ja L-valiini &#8211; allikat. See on v\u00e4rskendava greibimaitsega preparaat, mis on saadaval mugavas pulbri kujul. See on toode, mis on loodud sportlastele ja f\u00fc\u00fcsiliselt aktiivsetele inimestele, kes hoolivad oma igap\u00e4evase toidusedeli t\u00e4iendamisest v\u00e4\u00e4rtuslike aminohapetega.<\/p>\n<ul class=\"cm__list\">\n<li><strong>Hargnenud ahelaga aminohapete (BCAA) allikas vahekorras 2:1:1<\/strong>\u00a0\u2013 \u00fcks portsjon toidulisandit annab organismile 2000 mg L-leutsiini, 1000 mg L-isoleutsiini ja 1000 mg L-valiini.<\/li>\n<li><strong>Sisaldab L-glutamiini<\/strong>\u00a0\u2013 \u00fcks portsjon preparaati sisaldab 4000 mg L-glutamiini.<\/li>\n<li><strong>V\u00e4rskendav greibi aroom<\/strong>\u00a0, mis r\u00f5\u00f5mustab maitsemeeli.<\/li>\n<li><strong>Suhkruta<\/strong>\u00a0\u2013 toode sisaldab madala energiasisaldusega magusaineid, mis aitavad kaasa preparaadi energiasisalduse v\u00e4hendamisele.<\/li>\n<li><strong>1 portsjon = 2,5 m\u00f5\u00f5dulusikat\u00e4it = 10 g.<\/strong><\/li>\n<li><strong>T\u00f5husus<\/strong>\u00a0\u2013 tootepakend sisaldab 20 portsjonit preparaati.<\/li>\n<li><strong>Mugav vorm<\/strong>\u00a0\u2013 pulbri kujul saadaval olev preparaat tagab toidulisandi probleemivaba k\u00e4ttesaadavuse ja sobib suurep\u00e4raselt inimestele, kellel on raskusi tablettide neelamisega.<\/li>\n<\/ul>\n<h4 class=\"cm__heading\"><strong>OstroVit BCAA + Glutamiin &#8211; v\u00e4\u00e4rtuslike aminohapete allikas<\/strong><\/h4>\n<p class=\"cm__text\"><strong>BCAA-d<\/strong>\u00a0(hargnenud ahelaga aminohapped) on hargnenud ahelaga aminohapped, mida, nagu nimigi \u00fctleb, iseloomustab hargnenud k\u00fclgahel. BCAA-de hulka kuuluvad aminohapped nagu L-leutsiin, L-isoleutsiin ja L-valiin. Need on eksogeensed \u00fchendid, mida organism peab saama v\u00e4ljastpoolt, kas igap\u00e4evase men\u00fc\u00fcga v\u00f5i toidulisandite kujul, kuna organism ei ole v\u00f5imeline neid ise s\u00fcnteesima. BCAA-d moodustavad umbes \u2153 lihaskoe ehitamiseks vajalikest valkudest ja nende lagunemiskohaks, erinevalt teistest aminohapetest, on peamiselt skeletilihased, mist\u00f5ttu on hargnenud ahelaga aminohapped f\u00fc\u00fcsiliselt aktiivsetele inimestele kergesti omastatavad.<\/p>\n<p><strong>L-glutamiin<\/strong>\u00a0on seevastu valk-aminohape, mida organism suudab loomulikult moodustada, kuid kui inimkeha vajab seda v\u00e4\u00e4rtuslikku \u00fchendit rohkem, n\u00e4iteks intensiivse f\u00fc\u00fcsilise tegevuse ajal, tasub seda koostisosa organismile tarnida ka v\u00e4ljastpoolt, koos igap\u00e4evase men\u00fc\u00fcga v\u00f5i toidulisandite kujul. Toidus leidub L-glutamiini peamiselt lihas, kalas, munades, samuti piimas ja piimatoodetes ning kuivatatud kaunviljades.<\/p>\n<p><strong>T\u00c4HELEPANU! L-leutsiini ja L-isoleutsiini suure sisalduse t\u00f5ttu on tootel madalam lahustuvus ja kibe j\u00e4relmaitse. See on kasutatud toorainete loomulik omadus. Hea lahendus on toote segamine vee v\u00f5i mahlaga, lahust \u00f5rnalt segades, v\u00f5i pulbri tarbimine otse vee v\u00f5i mahlaga.<\/strong><\/p>\n<p><strong>Koostisosad<\/strong>: L-glutamiin, L-leutsiin, emulgaator: rapsi letsitiin; L-valiin, L-isoleutsiin, happesuse regulaator: sidrunhape, l\u00f5hna- ja maitseained, magusained: sukraloos, atsesulfaam K<strong>. <\/strong><strong>Toode v\u00f5ib sisaldada piima (sh laktoosi), sojaubasid, maap\u00e4hkleid, muid p\u00e4hkleid, seesamiseemneid, kaera, mune, koorikloomi, kala.<\/strong><\/p>\n<p>Pulbriline toidulisand. Sisaldab magusaineid.<\/p>\n<p><strong>Kasutamine<\/strong>: Lahusta \u00fcks portsjon toodet 10 g (2,5 m\u00f5\u00f5dulusikat\u00e4it) 100\u2013150 ml vees v\u00f5i mahlas \u0161eikeris. S\u00f5ltuvalt vajadusest v\u00f5ta 1\u20132 portsjonit p\u00e4evas. Treeningp\u00e4evadel: esimene portsjon hommikul p\u00e4rast \u00e4rkamist, teine \u200b\u200bportsjon p\u00e4rast treeningut. Treeningvabadel p\u00e4evadel: esimene portsjon hommikul p\u00e4rast \u00e4rkamist.<\/p>\n<p>\u00c4rge \u00fcletage soovitatavat p\u00e4evast annust. \u00c4rge kasutage toodet mitmekesise toitumise asendajana. Soovitatav on tasakaalustatud toitumine ja tervislik eluviis. \u00c4rge v\u00f5tke, kui olete allergiline m\u00f5ne koostisosa suhtes. Lapsed, rasedad v\u00f5i imetavad naised ei tohi toodet v\u00f5tta. Hoida v\u00e4ikelastele k\u00e4ttesaamatus kohas.<\/p>\n<p><strong>Suurus<\/strong>: 200g &#8211; 20 serveeringut<\/p>\n<section class=\"projector__description--nutritional row\" data-selector=\".--nutritional\">\n<div class=\"col-12 col-md-10 col-lg-8\">\n<div class=\"--nutrit\">\n<div class=\"nutrition_table_wrapper\">\n<div class=\"table_wrapper\">\n<table>\n<tbody>\n<tr>\n<th>Toimeained<\/th>\n<th>Portsjoni kohta<\/th>\n<th>2 portsjoni kohta<\/th>\n<\/tr>\n<tr>\n<td>L-glutamiin<\/td>\n<td>4000 mg<\/td>\n<td>8000 mg<\/td>\n<\/tr>\n<tr>\n<td>L-leutsiin<\/td>\n<td>2000 mg<\/td>\n<td>4000 mg<\/td>\n<\/tr>\n<tr>\n<td>L-isoleutsiin<\/td>\n<td>1000 mg<\/td>\n<td>2000 mg<\/td>\n<\/tr>\n<tr>\n<td>L-valiin<\/td>\n<td>1000 mg<\/td>\n<td>2000 mg<\/td>\n<\/tr>\n<\/tbody>\n<\/table>\n<p>Vaata ka meie Teisi Glutamiine <a href=\"https:\/\/fit360.ee\/en\/product-category\/product-groups\/amino-acids-bcaa\/l-glutamine-en\/\"><strong>SIIT<\/strong><\/a> v\u00f5i BCAA Aminohappeid <a href=\"https:\/\/fit360.ee\/en\/product-category\/product-groups\/amino-acids-bcaa\/bcaa-en\/\"><strong>SIIT<\/strong><\/a>!<\/p>\n<p>Soovid kaupa osta suuremas koguses? Vaata antud toodet meie HULGI lehelt\u00a0<a href=\"https:\/\/toidulisandidhulgi.ee\/tooted\/bcaa-glutamine-200g\/\"><strong>SIIT<\/strong><\/a>!<\/p>\n<\/div>\n<\/div>\n<\/div>\n<\/div>\n<\/section>\n","protected":false},"excerpt":{"rendered":"<ul>\n<li data-start=\"145\" data-end=\"172\">Kiirem lihaste taastumine<\/li>\n<li data-start=\"145\" data-end=\"172\">Toetab lihaskasvu<\/li>\n<li data-start=\"145\" data-end=\"172\">V\u00e4hendab treeninguj\u00e4rgset v\u00e4simust<\/li>\n<li data-start=\"145\" data-end=\"172\">Kaitseb lihaskudet<\/li>\n<li data-start=\"145\" data-end=\"172\">Sobib igap\u00e4evaseks kasutuseks<\/li>\n<\/ul>\n","protected":false},"featured_media":89240,"comment_status":"open","ping_status":"closed","template":"","meta":[],"product_brand":[],"product_cat":[520,2299,2307,1329,531],"product_tag":[1787,1791,5840,1821,1924],"giftcard-category":[],"class_list":{"0":"post-89241","1":"product","2":"type-product","3":"status-publish","4":"has-post-thumbnail","6":"product_cat-amino-acids-bcaa","7":"product_cat-bcaa-en","8":"product_cat-l-glutamine-en","9":"product_cat-ostrovit-en","10":"product_cat-recovery-post-workout-en","11":"product_tag-aminohapped-en","12":"product_tag-bcaa-en","13":"product_tag-bcaa-glutamine-en","14":"product_tag-glutamine-en","15":"product_tag-ostrovit-en","16":"pa_kogus-200g-en","17":"pa_maitse-grape","18":"pa_maitse-lemon","19":"pa_maitse-orange","20":"pa_toidulisand-branddd-ostrovit","21":"pa_tootegruppp-amino-acidsbcaa","22":"pa_tootegruppp-bcaa-en","23":"pa_tootegruppp-l-glutamiin-en","24":"pa_tootegruppp-recoveryafter-workout","26":"first","27":"instock","28":"sale","29":"taxable","30":"shipping-taxable","31":"purchasable","32":"product-type-variable"},"yoast_head":"<!-- This site is optimized with the Yoast SEO plugin v27.3 - https:\/\/yoast.com\/product\/yoast-seo-wordpress\/ -->\n<title>BCAA + Glutamine (200g) - Kvaliteet Aminod - Parim Hind - Kiire Tarne - Fit360<\/title>\n<meta name=\"description\" content=\"OstroVit BCAA + Glutamine on kvaliteetne toidulisand, mis pakub L-glutamiini ja hargnenud ahelaga BCAA aminohapete - L-leutsiini, L-isoleutsiini ja L-v...\" \/>\n<meta name=\"robots\" content=\"index, follow, max-snippet:-1, max-image-preview:large, max-video-preview:-1\" \/>\n<link rel=\"canonical\" href=\"https:\/\/fit360.ee\/en\/pood\/product-groups\/amino-acids-bcaa\/bcaa-en\/bcaa-glutamine-200g\/\" \/>\n<meta property=\"og:locale\" content=\"en_US\" \/>\n<meta property=\"og:type\" content=\"article\" \/>\n<meta property=\"og:title\" content=\"BCAA + Glutamine (200g) - Kvaliteet Aminod - Parim Hind - Kiire Tarne - Fit360\" \/>\n<meta property=\"og:description\" content=\"OstroVit BCAA + Glutamine on kvaliteetne toidulisand, mis pakub L-glutamiini ja hargnenud ahelaga BCAA aminohapete - L-leutsiini, L-isoleutsiini ja L-v...\" \/>\n<meta property=\"og:url\" content=\"https:\/\/fit360.ee\/en\/pood\/product-groups\/amino-acids-bcaa\/bcaa-en\/bcaa-glutamine-200g\/\" \/>\n<meta property=\"og:site_name\" content=\"Fit360\" \/>\n<meta property=\"article:modified_time\" content=\"2026-04-10T11:27:05+00:00\" \/>\n<meta property=\"og:image\" content=\"https:\/\/fit360.ee\/wp-content\/uploads\/2025\/06\/bcaa-glutamine-fit360.ee-1.png\" \/>\n\t<meta property=\"og:image:width\" content=\"450\" \/>\n\t<meta property=\"og:image:height\" content=\"450\" \/>\n\t<meta property=\"og:image:type\" content=\"image\/png\" \/>\n<meta name=\"twitter:card\" content=\"summary_large_image\" \/>\n<meta name=\"twitter:label1\" content=\"Est. reading time\" \/>\n\t<meta name=\"twitter:data1\" content=\"3 minutes\" \/>\n<script type=\"application\/ld+json\" class=\"yoast-schema-graph\">{\"@context\":\"https:\\\/\\\/schema.org\",\"@graph\":[{\"@type\":\"WebPage\",\"@id\":\"https:\\\/\\\/fit360.ee\\\/en\\\/pood\\\/product-groups\\\/amino-acids-bcaa\\\/bcaa-en\\\/bcaa-glutamine-200g\\\/\",\"url\":\"https:\\\/\\\/fit360.ee\\\/en\\\/pood\\\/product-groups\\\/amino-acids-bcaa\\\/bcaa-en\\\/bcaa-glutamine-200g\\\/\",\"name\":\"BCAA + Glutamine (200g) - Kvaliteet Aminod - Parim Hind - Kiire Tarne - Fit360\",\"isPartOf\":{\"@id\":\"https:\\\/\\\/fit360.ee\\\/en\\\/#website\"},\"primaryImageOfPage\":{\"@id\":\"https:\\\/\\\/fit360.ee\\\/en\\\/pood\\\/product-groups\\\/amino-acids-bcaa\\\/bcaa-en\\\/bcaa-glutamine-200g\\\/#primaryimage\"},\"image\":{\"@id\":\"https:\\\/\\\/fit360.ee\\\/en\\\/pood\\\/product-groups\\\/amino-acids-bcaa\\\/bcaa-en\\\/bcaa-glutamine-200g\\\/#primaryimage\"},\"thumbnailUrl\":\"https:\\\/\\\/fit360.ee\\\/wp-content\\\/uploads\\\/2025\\\/06\\\/bcaa-glutamine-fit360.ee-1.png\",\"datePublished\":\"2025-06-22T10:10:21+00:00\",\"dateModified\":\"2026-04-10T11:27:05+00:00\",\"description\":\"OstroVit BCAA + Glutamine on kvaliteetne toidulisand, mis pakub L-glutamiini ja hargnenud ahelaga BCAA aminohapete - L-leutsiini, L-isoleutsiini ja L-v...\",\"breadcrumb\":{\"@id\":\"https:\\\/\\\/fit360.ee\\\/en\\\/pood\\\/product-groups\\\/amino-acids-bcaa\\\/bcaa-en\\\/bcaa-glutamine-200g\\\/#breadcrumb\"},\"inLanguage\":\"en-US\",\"potentialAction\":[{\"@type\":\"ReadAction\",\"target\":[\"https:\\\/\\\/fit360.ee\\\/en\\\/pood\\\/product-groups\\\/amino-acids-bcaa\\\/bcaa-en\\\/bcaa-glutamine-200g\\\/\"]}]},{\"@type\":\"ImageObject\",\"inLanguage\":\"en-US\",\"@id\":\"https:\\\/\\\/fit360.ee\\\/en\\\/pood\\\/product-groups\\\/amino-acids-bcaa\\\/bcaa-en\\\/bcaa-glutamine-200g\\\/#primaryimage\",\"url\":\"https:\\\/\\\/fit360.ee\\\/wp-content\\\/uploads\\\/2025\\\/06\\\/bcaa-glutamine-fit360.ee-1.png\",\"contentUrl\":\"https:\\\/\\\/fit360.ee\\\/wp-content\\\/uploads\\\/2025\\\/06\\\/bcaa-glutamine-fit360.ee-1.png\",\"width\":450,\"height\":450,\"caption\":\"bcaa + glutamine - fit360.ee\"},{\"@type\":\"BreadcrumbList\",\"@id\":\"https:\\\/\\\/fit360.ee\\\/en\\\/pood\\\/product-groups\\\/amino-acids-bcaa\\\/bcaa-en\\\/bcaa-glutamine-200g\\\/#breadcrumb\",\"itemListElement\":[{\"@type\":\"ListItem\",\"position\":1,\"name\":\"Home\",\"item\":\"https:\\\/\\\/fit360.ee\\\/en\\\/\"},{\"@type\":\"ListItem\",\"position\":2,\"name\":\"Shop\",\"item\":\"https:\\\/\\\/fit360.ee\\\/en\\\/shop\\\/\"},{\"@type\":\"ListItem\",\"position\":3,\"name\":\"BCAA + Glutamine (200g)\"}]},{\"@type\":\"WebSite\",\"@id\":\"https:\\\/\\\/fit360.ee\\\/en\\\/#website\",\"url\":\"https:\\\/\\\/fit360.ee\\\/en\\\/\",\"name\":\"Fit360\",\"description\":\"\",\"publisher\":{\"@id\":\"https:\\\/\\\/fit360.ee\\\/en\\\/#organization\"},\"potentialAction\":[{\"@type\":\"SearchAction\",\"target\":{\"@type\":\"EntryPoint\",\"urlTemplate\":\"https:\\\/\\\/fit360.ee\\\/en\\\/?s={search_term_string}\"},\"query-input\":{\"@type\":\"PropertyValueSpecification\",\"valueRequired\":true,\"valueName\":\"search_term_string\"}}],\"inLanguage\":\"en-US\"},{\"@type\":\"Organization\",\"@id\":\"https:\\\/\\\/fit360.ee\\\/en\\\/#organization\",\"name\":\"Fit360\",\"url\":\"https:\\\/\\\/fit360.ee\\\/en\\\/\",\"logo\":{\"@type\":\"ImageObject\",\"inLanguage\":\"en-US\",\"@id\":\"https:\\\/\\\/fit360.ee\\\/en\\\/#\\\/schema\\\/logo\\\/image\\\/\",\"url\":\"https:\\\/\\\/fit360.ee\\\/wp-content\\\/uploads\\\/2017\\\/01\\\/logo-fit360.png\",\"contentUrl\":\"https:\\\/\\\/fit360.ee\\\/wp-content\\\/uploads\\\/2017\\\/01\\\/logo-fit360.png\",\"width\":180,\"height\":66,\"caption\":\"Fit360\"},\"image\":{\"@id\":\"https:\\\/\\\/fit360.ee\\\/en\\\/#\\\/schema\\\/logo\\\/image\\\/\"}}]}<\/script>\n<!-- \/ Yoast SEO plugin. -->","yoast_head_json":{"title":"BCAA + Glutamine (200g) - Kvaliteet Aminod - Parim Hind - Kiire Tarne - Fit360","description":"OstroVit BCAA + Glutamine on kvaliteetne toidulisand, mis pakub L-glutamiini ja hargnenud ahelaga BCAA aminohapete - L-leutsiini, L-isoleutsiini ja L-v...","robots":{"index":"index","follow":"follow","max-snippet":"max-snippet:-1","max-image-preview":"max-image-preview:large","max-video-preview":"max-video-preview:-1"},"canonical":"https:\/\/fit360.ee\/en\/pood\/product-groups\/amino-acids-bcaa\/bcaa-en\/bcaa-glutamine-200g\/","og_locale":"en_US","og_type":"article","og_title":"BCAA + Glutamine (200g) - Kvaliteet Aminod - Parim Hind - Kiire Tarne - Fit360","og_description":"OstroVit BCAA + Glutamine on kvaliteetne toidulisand, mis pakub L-glutamiini ja hargnenud ahelaga BCAA aminohapete - L-leutsiini, L-isoleutsiini ja L-v...","og_url":"https:\/\/fit360.ee\/en\/pood\/product-groups\/amino-acids-bcaa\/bcaa-en\/bcaa-glutamine-200g\/","og_site_name":"Fit360","article_modified_time":"2026-04-10T11:27:05+00:00","og_image":[{"width":450,"height":450,"url":"https:\/\/fit360.ee\/wp-content\/uploads\/2025\/06\/bcaa-glutamine-fit360.ee-1.png","type":"image\/png"}],"twitter_card":"summary_large_image","twitter_misc":{"Est. reading time":"3 minutes"},"schema":{"@context":"https:\/\/schema.org","@graph":[{"@type":"WebPage","@id":"https:\/\/fit360.ee\/en\/pood\/product-groups\/amino-acids-bcaa\/bcaa-en\/bcaa-glutamine-200g\/","url":"https:\/\/fit360.ee\/en\/pood\/product-groups\/amino-acids-bcaa\/bcaa-en\/bcaa-glutamine-200g\/","name":"BCAA + Glutamine (200g) - Kvaliteet Aminod - Parim Hind - Kiire Tarne - Fit360","isPartOf":{"@id":"https:\/\/fit360.ee\/en\/#website"},"primaryImageOfPage":{"@id":"https:\/\/fit360.ee\/en\/pood\/product-groups\/amino-acids-bcaa\/bcaa-en\/bcaa-glutamine-200g\/#primaryimage"},"image":{"@id":"https:\/\/fit360.ee\/en\/pood\/product-groups\/amino-acids-bcaa\/bcaa-en\/bcaa-glutamine-200g\/#primaryimage"},"thumbnailUrl":"https:\/\/fit360.ee\/wp-content\/uploads\/2025\/06\/bcaa-glutamine-fit360.ee-1.png","datePublished":"2025-06-22T10:10:21+00:00","dateModified":"2026-04-10T11:27:05+00:00","description":"OstroVit BCAA + Glutamine on kvaliteetne toidulisand, mis pakub L-glutamiini ja hargnenud ahelaga BCAA aminohapete - L-leutsiini, L-isoleutsiini ja L-v...","breadcrumb":{"@id":"https:\/\/fit360.ee\/en\/pood\/product-groups\/amino-acids-bcaa\/bcaa-en\/bcaa-glutamine-200g\/#breadcrumb"},"inLanguage":"en-US","potentialAction":[{"@type":"ReadAction","target":["https:\/\/fit360.ee\/en\/pood\/product-groups\/amino-acids-bcaa\/bcaa-en\/bcaa-glutamine-200g\/"]}]},{"@type":"ImageObject","inLanguage":"en-US","@id":"https:\/\/fit360.ee\/en\/pood\/product-groups\/amino-acids-bcaa\/bcaa-en\/bcaa-glutamine-200g\/#primaryimage","url":"https:\/\/fit360.ee\/wp-content\/uploads\/2025\/06\/bcaa-glutamine-fit360.ee-1.png","contentUrl":"https:\/\/fit360.ee\/wp-content\/uploads\/2025\/06\/bcaa-glutamine-fit360.ee-1.png","width":450,"height":450,"caption":"bcaa + glutamine - fit360.ee"},{"@type":"BreadcrumbList","@id":"https:\/\/fit360.ee\/en\/pood\/product-groups\/amino-acids-bcaa\/bcaa-en\/bcaa-glutamine-200g\/#breadcrumb","itemListElement":[{"@type":"ListItem","position":1,"name":"Home","item":"https:\/\/fit360.ee\/en\/"},{"@type":"ListItem","position":2,"name":"Shop","item":"https:\/\/fit360.ee\/en\/shop\/"},{"@type":"ListItem","position":3,"name":"BCAA + Glutamine (200g)"}]},{"@type":"WebSite","@id":"https:\/\/fit360.ee\/en\/#website","url":"https:\/\/fit360.ee\/en\/","name":"Fit360","description":"","publisher":{"@id":"https:\/\/fit360.ee\/en\/#organization"},"potentialAction":[{"@type":"SearchAction","target":{"@type":"EntryPoint","urlTemplate":"https:\/\/fit360.ee\/en\/?s={search_term_string}"},"query-input":{"@type":"PropertyValueSpecification","valueRequired":true,"valueName":"search_term_string"}}],"inLanguage":"en-US"},{"@type":"Organization","@id":"https:\/\/fit360.ee\/en\/#organization","name":"Fit360","url":"https:\/\/fit360.ee\/en\/","logo":{"@type":"ImageObject","inLanguage":"en-US","@id":"https:\/\/fit360.ee\/en\/#\/schema\/logo\/image\/","url":"https:\/\/fit360.ee\/wp-content\/uploads\/2017\/01\/logo-fit360.png","contentUrl":"https:\/\/fit360.ee\/wp-content\/uploads\/2017\/01\/logo-fit360.png","width":180,"height":66,"caption":"Fit360"},"image":{"@id":"https:\/\/fit360.ee\/en\/#\/schema\/logo\/image\/"}}]}},"_links":{"self":[{"href":"https:\/\/fit360.ee\/en\/wp-json\/wp\/v2\/product\/89241","targetHints":{"allow":["GET"]}}],"collection":[{"href":"https:\/\/fit360.ee\/en\/wp-json\/wp\/v2\/product"}],"about":[{"href":"https:\/\/fit360.ee\/en\/wp-json\/wp\/v2\/types\/product"}],"replies":[{"embeddable":true,"href":"https:\/\/fit360.ee\/en\/wp-json\/wp\/v2\/comments?post=89241"}],"wp:featuredmedia":[{"embeddable":true,"href":"https:\/\/fit360.ee\/en\/wp-json\/wp\/v2\/media\/89240"}],"wp:attachment":[{"href":"https:\/\/fit360.ee\/en\/wp-json\/wp\/v2\/media?parent=89241"}],"wp:term":[{"taxonomy":"product_brand","embeddable":true,"href":"https:\/\/fit360.ee\/en\/wp-json\/wp\/v2\/product_brand?post=89241"},{"taxonomy":"product_cat","embeddable":true,"href":"https:\/\/fit360.ee\/en\/wp-json\/wp\/v2\/product_cat?post=89241"},{"taxonomy":"product_tag","embeddable":true,"href":"https:\/\/fit360.ee\/en\/wp-json\/wp\/v2\/product_tag?post=89241"},{"taxonomy":"giftcard-category","embeddable":true,"href":"https:\/\/fit360.ee\/en\/wp-json\/wp\/v2\/giftcard-category?post=89241"}],"curies":[{"name":"wp","href":"https:\/\/api.w.org\/{rel}","templated":true}]}}