{"id":89248,"date":"2025-06-22T12:10:21","date_gmt":"2025-06-22T10:10:21","guid":{"rendered":"https:\/\/fit360.ee\/pood\/uncategorized\/ksm-66-ashwagandha-magnesium-b6-p-5-p-90caps\/"},"modified":"2026-04-10T15:42:06","modified_gmt":"2026-04-10T13:42:06","slug":"ksm-66-ashwagandha-magnesium-b6-p-5-p-90caps","status":"publish","type":"product","link":"https:\/\/fit360.ee\/en\/pood\/product-groups\/superfoods-health-foods-en\/ashwagandha-en\/ksm-66-ashwagandha-magnesium-b6-p-5-p-90caps\/","title":{"rendered":"KSM-66 Ashwagandha\u00ae + Magnesium + B6 P-5-P (90caps)"},"content":{"rendered":"<h2><strong>Ashwagandha + Magneesium<\/strong><\/h2>\n<p class=\"cm__text --bold\">OstroVit KSM-66 Ashwagandha\u00ae + Magneesium + B6 P-5-P VEGE on kvaliteetne toidulisand, mis pakub v\u00e4\u00e4rtuslike koostisosade allikat &#8211; magneesiumi, B6-vitamiini ja ashwagandha KSM-66 juureekstrakti. See on veganpreparaat, mis on saadaval kergesti neelatavate kapslite kujul. See on toode inimestele, kes soovivad oma igap\u00e4evast toidusedeli v\u00e4\u00e4rtuslike \u00fchenditega t\u00e4iendada.<\/p>\n<ul class=\"cm__list\">\n<li><strong>V\u00e4\u00e4rtuslike ainete allikas<\/strong>\u00a0\u2013 \u00fcks portsjon toidulisandit annab organismile 180 mg magneesiumi, 200 mg ashwagandha juureekstrakti KSM-66, mis on standardiseeritud 5% vitanoolide sisaldusega, ja 2,8 mg vitamiini B6 P-5-P.<\/li>\n<li><strong>Sobib taimetoitlastele ja veganitele<\/strong>\u00a0\u2013 toode ei sisalda loomset p\u00e4ritolu koostisosi.<\/li>\n<li><strong>1 portsjon = 2 kapslit.<\/strong><\/li>\n<li><strong>T\u00f5husus<\/strong>\u00a0\u2013 \u00fcks tootepakend sisaldab 45 portsjonit preparaati.<\/li>\n<li><strong>Mugav vorm<\/strong>\u00a0\u2013 kergesti neelatavate kapslite kujul olev preparaat tagab toidulisandi probleemideta manustamise.<\/li>\n<\/ul>\n<h4 class=\"cm__heading\"><strong>OstroVit KSM-66 Ashwagandha + Magneesium + B6 P-5-P VEGE &#8211; terviklik toidulisand<\/strong><\/h4>\n<p><strong>Ashwagandha juureekstrakt<\/strong>\u00a0\u2013 ekstrakt maavitsaliste sugukonda kuuluva taime juurest, tuntud ka kui withania somnifera v\u00f5i India \u017een\u0161enn. V\u00e4rsket ashwagandha juurt iseloomustab intensiivne aroom ja v\u00e4\u00e4rtuslike ainete allikas \u2013 see on peamiselt vitanoliidide allikas, mille sisaldus on OstroViti preparaadis kasutatavas taimeekstraktis standardiseeritud.<\/p>\n<p>OstroViti toidulisand sisaldab ashwagandha ekstrakti KSM-66 \u2013 turul saadaolevat parimat testitud ashwagandha ekstrakti. Erinevalt tavaliselt kasutatavatest ashwagandha lehtede ekstraktidest toodetakse KSM-66 ainult taime juurtest, st osadest, mis sisaldavad k\u00f5ige v\u00e4\u00e4rtuslikumaid koostisosi, mis m\u00f5jutavad positiivselt toidulisandi kvaliteeti.<\/p>\n<p><strong>Magneesium<\/strong>\u00a0on keemiline element s\u00fcmboliga Mg. Mineraalkomponent, mida leidub inimkehas m\u00e4rkimisv\u00e4\u00e4rses koguses, seega liigitatakse see makrotoitaine hulka. Inimkehas talletub see \u00fchend peamiselt luudesse ja lihastesse. T\u00e4isteraviljatooteid, samuti seemneid ja p\u00e4hkleid peetakse magneesiumi toitaineallikateks.<\/p>\n<p>OstroViti valmistamisel kasutati magneesiumtsitraati, mis on elemendi kergesti imenduv vorm, mis m\u00f5jutab positiivselt toidulisandi biosaadavust ja kvaliteeti.<\/p>\n<p><strong>Vitamiin B6<\/strong>\u00a0ehk p\u00fcridoksiin \u2013 vees lahustuv koostisosa, mis kuulub B-vitamiinide hulka ja mida organism peab saama v\u00e4ljastpoolt, kuna inimkeha ei suuda seda ise s\u00fcnteesida. Seda \u00fchendit leidub peamiselt t\u00e4isteratoodetes, samuti rupskites ja kuivatatud kaunviljades.<\/p>\n<p>OstroViti valmistamisel kasutati B6-vitamiini p\u00fcridoksaal-5-fosforaani kujul, mis on \u00fchendi keemiliselt aktiivne vorm ja mida iseloomustab k\u00f5rge imendumine inimkehas, millel on positiivne m\u00f5ju toidulisandi kvaliteedile.<\/p>\n<h4 class=\"cm__heading\"><strong>OstroVit KSM-66 Ashwagandha\u00ae + Magneesium + B6 P-5-P VEGE koostisosade omadused<\/strong><\/h4>\n<p><strong>Magneesium<\/strong>\u00a0aitab v\u00e4hendada v\u00e4simust ja kurnatust ning aitab s\u00e4ilitada elektrol\u00fc\u00fctide tasakaalu. Lisaks toetab see n\u00e4rvis\u00fcsteemi korralikku toimimist ja aitab s\u00e4ilitada normaalset energiavahetust. Samuti toetab magneesium lihaste korralikku toimimist ning aitab s\u00e4ilitada terveid luid ja hambaid. Lisaks m\u00e4ngib see rolli rakkude jagunemise protsessis ja toetab optimaalsete vaimsete funktsioonide s\u00e4ilitamist.<\/p>\n<p><strong>Vitamiin B6<\/strong>\u00a0aitab kaasa normaalsele energiavahetusele ja toetab ka n\u00e4rvis\u00fcsteemi korralikku toimimist. See on \u00fchend, mis aitab kaasa optimaalse valgu- ja gl\u00fckogeenivahetuse s\u00e4ilitamisele ning lisaks aitab see kaasa punaste vereliblede n\u00f5uetekohasele tootmisele ja m\u00f5jutab v\u00e4simuse ja kurnatuse tunde v\u00e4hendamist. Samuti aitab see \u00fchend kaasa ts\u00fcsteiini \u00f5igele s\u00fcnteesile, toetab homots\u00fcsteiini ainevahetust ja toetab optimaalset immuuns\u00fcsteemi funktsiooni.<\/p>\n<h4 data-start=\"116\" data-end=\"197\"><strong data-start=\"116\" data-end=\"197\">Ashwagandha ja magneesium P-5-P \u2013 looduslik tugi stressile ja n\u00e4rvis\u00fcsteemile<\/strong><\/h4>\n<p data-start=\"199\" data-end=\"555\">Ashwagandha (Withania somnifera) on \u00fcks tuntumaid adaptogeenseid taimi, mida kasutatakse stressitaseme reguleerimiseks ja vaimse tasakaalu toetamiseks. Koos aktiivse magneesiumivormiga P-5-P (p\u00fcridoksaal-5-fosfaat) moodustavad nad s\u00fcnergilise koosluse, mis aitab kaasa n\u00e4rvis\u00fcsteemi normaalsele talitlusele, une kvaliteedile ja energiataseme s\u00e4ilitamisele.<\/p>\n<p data-start=\"557\" data-end=\"833\">Magneesium P-5-P imendub paremini kui tavaline magneesium ning toetab ka lihaste ja s\u00fcdame normaalset talitlust. Kombineerituna ashwagandhaga aitab see v\u00e4hendada \u00e4revustunnet ja parandada keskendumisv\u00f5imet \u2013 sobib h\u00e4sti kiire elutempoga inimestele, \u00f5ppuritele ja sportlastele.<\/p>\n<p data-start=\"835\" data-end=\"1012\"><strong data-start=\"835\" data-end=\"853\">Kellele sobib?<\/strong><br data-start=\"853\" data-end=\"856\" \/>Toode sobib igap\u00e4evaseks kasutamiseks neile, kes otsivad looduslikku tuge stressirohkel perioodil, soovivad parandada und, keskendumist v\u00f5i \u00fcldist meeleolu.<\/p>\n<p><strong>Koostisosad<\/strong>: Sidrunhappe (magneesium) magneesiumisoolad, t\u00e4iteaine: h\u00fcdroks\u00fcprop\u00fc\u00fclmet\u00fc\u00fcltselluloos; ashwagandha juureekstrakt (Withania somnifera L. Dunal) &#8211; KSM-66 Ashwagandha\u00ae, standardiseeritud 5% vitanooliidide sisaldusega, paakumisvastane aine: rasvhapete magneesiumisoolad; p\u00fcridoksalo-5&#8242;-fosfaat (vitamiin B6).<\/p>\n<p>Valmistatud tehases, kus on kasutatud piimast (sh laktoos), sojast, maap\u00e4hklitest, muudest p\u00e4hklitest, seesamiseemnetest, gluteeni sisaldavatest teraviljadest, munadest, koorikloomadest ja kalast saadud koostisosi.<\/p>\n<p><strong>Kasutamine<\/strong>: Tarbida 1 portsjon (2 kapslit) p\u00e4evas koos toiduga, juua rohkelt vett. Toode on m\u00f5eldud t\u00e4iskasvanutele.<\/p>\n<p>\u00c4rge \u00fcletage soovitatavat p\u00e4evast tarbimiskogust. Toidulisandit ei tohiks kasutada mitmekesise toitumise asendajana. Soovitatav on tasakaalustatud toitumine ja tervislik eluviis. \u00c4rge tarbige, kui olete allergiline m\u00f5ne toote koostisosa suhtes. Toodet ei tohiks tarbida koos rahustite, uinutite, epilepsiavastaste ravimitega ning seda ei tohiks kasutada lapsed, rasedad ega imetavad naised. Hoida v\u00e4ikelastele k\u00e4ttesaamatus kohas.<\/p>\n<p><strong>Suurus<\/strong>: 90 kapslit &#8211; 45 serveeringut.<\/p>\n<table>\n<tbody>\n<tr>\n<th>oimeained<\/th>\n<th>Portsjoni kohta<\/th>\n<th>% SPK*<\/th>\n<\/tr>\n<tr>\n<td>Magneesium<\/td>\n<td>180 mg<\/td>\n<td>48%<\/td>\n<\/tr>\n<tr>\n<td>Ashwagandha KSM-66 juureekstrakt:<\/td>\n<td>200 mg<\/td>\n<td>&#8211;<\/td>\n<\/tr>\n<tr class=\"sub\">\n<td>&#8211; millest vitanoliide (5%)<\/td>\n<td>10 mg<\/td>\n<td>&#8211;<\/td>\n<\/tr>\n<tr>\n<td>Vitamiin B6<\/td>\n<td>2,8 mg<\/td>\n<td>200%<\/td>\n<\/tr>\n<\/tbody>\n<\/table>\n<p>*SPK &#8211; Soovitatud p\u00e4evane kogus.<\/p>\n<p>Vaata ka meie teisi Ashwagandha tooteid <a href=\"https:\/\/fit360.ee\/en\/product-category\/product-groups\/superfoods-health-foods-en\/ashwagandha-en\/\"><strong>SIIT<\/strong><\/a> ja Magneesiume <a href=\"https:\/\/fit360.ee\/en\/product-category\/product-groups\/vitamins-and-minerals-en\/magnesium-en\/\"><strong>SIIT<\/strong><\/a>!<\/p>\n<p>Soovid kaupa osta suuremas koguses? Vaata antud toodet meie HULGI lehelt\u00a0<a href=\"https:\/\/toidulisandidhulgi.ee\/tooted\/ksm-66-ashwagandha-magnesium-b6-p-5-p-90caps\/\"><strong>SIIT<\/strong><\/a>!<\/p>\n","protected":false},"excerpt":{"rendered":"<ul>\n<li data-start=\"138\" data-end=\"174\">Aitab v\u00e4hendada stressi ja \u00e4revust<\/li>\n<li data-start=\"138\" data-end=\"174\">Toetab n\u00e4rvis\u00fcsteemi normaalset talitlust<\/li>\n<li data-start=\"138\" data-end=\"174\">Parandab und ja s\u00fcgavat l\u00f5\u00f5gastust<\/li>\n<li data-start=\"138\" data-end=\"174\">T\u00f5stab keskendumisv\u00f5imet ja vaimuj\u00f5udlust<\/li>\n<li data-start=\"138\" data-end=\"174\">Magneesium P-5-P imendub efektiivselt<\/li>\n<li data-start=\"138\" data-end=\"174\">Sobib igap\u00e4evaseks looduslikuks toetuseks<\/li>\n<\/ul>\n","protected":false},"featured_media":89247,"comment_status":"open","ping_status":"closed","template":"","meta":[],"product_brand":[],"product_cat":[2347,2485,1915,1329,2476,1454,2664,536,1201],"product_tag":[2182,5842,2190,1924],"giftcard-category":[],"class_list":{"0":"post-89248","1":"product","2":"type-product","3":"status-publish","4":"has-post-thumbnail","6":"product_cat-ashwagandha-en","7":"product_cat-brain-support-nootropics-en","8":"product_cat-magnesium-en","9":"product_cat-ostrovit-en","10":"product_cat-sleep-enhancers-en","11":"product_cat-superfoods-health-foods-en","12":"product_cat-vegan-capsules-en","13":"product_cat-vitamins-and-minerals-en","14":"product_cat-1201","15":"product_tag-ashwagandha-en","16":"product_tag-ashwagandha-magneesium-en","17":"product_tag-magneesium-en","18":"product_tag-ostrovit-en","19":"pa_kogus-90-capsules","20":"pa_toidulisand-branddd-ostrovit","21":"pa_tootegruppp-aju-tegevus-nootropics-en","22":"pa_tootegruppp-ashwagandha-en","23":"pa_tootegruppp-magneesium-en","24":"pa_tootegruppp-supertoit-tervisetoit-en","25":"pa_tootegruppp-uni-en","26":"pa_tootegruppp-vcaps-vegan-kapslid-en","27":"pa_tootegruppp-vegan-en","28":"pa_tootegruppp-vitamins-and-minerals","30":"first","31":"instock","32":"sale","33":"taxable","34":"shipping-taxable","35":"purchasable","36":"product-type-simple"},"yoast_head":"<!-- This site is optimized with the Yoast SEO plugin v27.3 - https:\/\/yoast.com\/product\/yoast-seo-wordpress\/ -->\n<title>KSM-66 Ashwagandha\u00ae + Magnesium + B6 P-5-P (90caps) - Fit360<\/title>\n<meta name=\"description\" content=\"OstroVit KSM-66 Ashwagandha\u00ae + Magneesium + B6 P-5-P VEGE on kvaliteetne toidulisand, mis pakub v\u00e4\u00e4rtuslike koostisosade allikat - magneesi... Kiire Tarne!\" \/>\n<meta name=\"robots\" content=\"index, follow, max-snippet:-1, max-image-preview:large, max-video-preview:-1\" \/>\n<link rel=\"canonical\" href=\"https:\/\/fit360.ee\/en\/pood\/product-groups\/superfoods-health-foods-en\/ashwagandha-en\/ksm-66-ashwagandha-magnesium-b6-p-5-p-90caps\/\" \/>\n<meta property=\"og:locale\" content=\"en_US\" \/>\n<meta property=\"og:type\" content=\"article\" \/>\n<meta property=\"og:title\" content=\"KSM-66 Ashwagandha\u00ae + Magnesium + B6 P-5-P (90caps) - Fit360\" \/>\n<meta property=\"og:description\" content=\"OstroVit KSM-66 Ashwagandha\u00ae + Magneesium + B6 P-5-P VEGE on kvaliteetne toidulisand, mis pakub v\u00e4\u00e4rtuslike koostisosade allikat - magneesi... Kiire Tarne!\" \/>\n<meta property=\"og:url\" content=\"https:\/\/fit360.ee\/en\/pood\/product-groups\/superfoods-health-foods-en\/ashwagandha-en\/ksm-66-ashwagandha-magnesium-b6-p-5-p-90caps\/\" \/>\n<meta property=\"og:site_name\" content=\"Fit360\" \/>\n<meta property=\"article:modified_time\" content=\"2026-04-10T13:42:06+00:00\" \/>\n<meta property=\"og:image\" content=\"https:\/\/fit360.ee\/wp-content\/uploads\/2025\/06\/ashwagandha-magneesium-fit360.ee-1.png\" \/>\n\t<meta property=\"og:image:width\" content=\"450\" \/>\n\t<meta property=\"og:image:height\" content=\"450\" \/>\n\t<meta property=\"og:image:type\" content=\"image\/png\" \/>\n<meta name=\"twitter:card\" content=\"summary_large_image\" \/>\n<meta name=\"twitter:label1\" content=\"Est. reading time\" \/>\n\t<meta name=\"twitter:data1\" content=\"4 minutes\" \/>\n<script type=\"application\/ld+json\" class=\"yoast-schema-graph\">{\"@context\":\"https:\\\/\\\/schema.org\",\"@graph\":[{\"@type\":\"WebPage\",\"@id\":\"https:\\\/\\\/fit360.ee\\\/en\\\/pood\\\/product-groups\\\/superfoods-health-foods-en\\\/ashwagandha-en\\\/ksm-66-ashwagandha-magnesium-b6-p-5-p-90caps\\\/\",\"url\":\"https:\\\/\\\/fit360.ee\\\/en\\\/pood\\\/product-groups\\\/superfoods-health-foods-en\\\/ashwagandha-en\\\/ksm-66-ashwagandha-magnesium-b6-p-5-p-90caps\\\/\",\"name\":\"KSM-66 Ashwagandha\u00ae + Magnesium + B6 P-5-P (90caps) - Fit360\",\"isPartOf\":{\"@id\":\"https:\\\/\\\/fit360.ee\\\/en\\\/#website\"},\"primaryImageOfPage\":{\"@id\":\"https:\\\/\\\/fit360.ee\\\/en\\\/pood\\\/product-groups\\\/superfoods-health-foods-en\\\/ashwagandha-en\\\/ksm-66-ashwagandha-magnesium-b6-p-5-p-90caps\\\/#primaryimage\"},\"image\":{\"@id\":\"https:\\\/\\\/fit360.ee\\\/en\\\/pood\\\/product-groups\\\/superfoods-health-foods-en\\\/ashwagandha-en\\\/ksm-66-ashwagandha-magnesium-b6-p-5-p-90caps\\\/#primaryimage\"},\"thumbnailUrl\":\"https:\\\/\\\/fit360.ee\\\/wp-content\\\/uploads\\\/2025\\\/06\\\/ashwagandha-magneesium-fit360.ee-1.png\",\"datePublished\":\"2025-06-22T10:10:21+00:00\",\"dateModified\":\"2026-04-10T13:42:06+00:00\",\"description\":\"OstroVit KSM-66 Ashwagandha\u00ae + Magneesium + B6 P-5-P VEGE on kvaliteetne toidulisand, mis pakub v\u00e4\u00e4rtuslike koostisosade allikat - magneesi... Kiire Tarne!\",\"breadcrumb\":{\"@id\":\"https:\\\/\\\/fit360.ee\\\/en\\\/pood\\\/product-groups\\\/superfoods-health-foods-en\\\/ashwagandha-en\\\/ksm-66-ashwagandha-magnesium-b6-p-5-p-90caps\\\/#breadcrumb\"},\"inLanguage\":\"en-US\",\"potentialAction\":[{\"@type\":\"ReadAction\",\"target\":[\"https:\\\/\\\/fit360.ee\\\/en\\\/pood\\\/product-groups\\\/superfoods-health-foods-en\\\/ashwagandha-en\\\/ksm-66-ashwagandha-magnesium-b6-p-5-p-90caps\\\/\"]}]},{\"@type\":\"ImageObject\",\"inLanguage\":\"en-US\",\"@id\":\"https:\\\/\\\/fit360.ee\\\/en\\\/pood\\\/product-groups\\\/superfoods-health-foods-en\\\/ashwagandha-en\\\/ksm-66-ashwagandha-magnesium-b6-p-5-p-90caps\\\/#primaryimage\",\"url\":\"https:\\\/\\\/fit360.ee\\\/wp-content\\\/uploads\\\/2025\\\/06\\\/ashwagandha-magneesium-fit360.ee-1.png\",\"contentUrl\":\"https:\\\/\\\/fit360.ee\\\/wp-content\\\/uploads\\\/2025\\\/06\\\/ashwagandha-magneesium-fit360.ee-1.png\",\"width\":450,\"height\":450,\"caption\":\"ashwagandha + magneesium - fit360.ee\"},{\"@type\":\"BreadcrumbList\",\"@id\":\"https:\\\/\\\/fit360.ee\\\/en\\\/pood\\\/product-groups\\\/superfoods-health-foods-en\\\/ashwagandha-en\\\/ksm-66-ashwagandha-magnesium-b6-p-5-p-90caps\\\/#breadcrumb\",\"itemListElement\":[{\"@type\":\"ListItem\",\"position\":1,\"name\":\"Home\",\"item\":\"https:\\\/\\\/fit360.ee\\\/en\\\/\"},{\"@type\":\"ListItem\",\"position\":2,\"name\":\"Shop\",\"item\":\"https:\\\/\\\/fit360.ee\\\/en\\\/shop\\\/\"},{\"@type\":\"ListItem\",\"position\":3,\"name\":\"KSM-66 Ashwagandha\u00ae + Magnesium + B6 P-5-P (90caps)\"}]},{\"@type\":\"WebSite\",\"@id\":\"https:\\\/\\\/fit360.ee\\\/en\\\/#website\",\"url\":\"https:\\\/\\\/fit360.ee\\\/en\\\/\",\"name\":\"Fit360\",\"description\":\"\",\"publisher\":{\"@id\":\"https:\\\/\\\/fit360.ee\\\/en\\\/#organization\"},\"potentialAction\":[{\"@type\":\"SearchAction\",\"target\":{\"@type\":\"EntryPoint\",\"urlTemplate\":\"https:\\\/\\\/fit360.ee\\\/en\\\/?s={search_term_string}\"},\"query-input\":{\"@type\":\"PropertyValueSpecification\",\"valueRequired\":true,\"valueName\":\"search_term_string\"}}],\"inLanguage\":\"en-US\"},{\"@type\":\"Organization\",\"@id\":\"https:\\\/\\\/fit360.ee\\\/en\\\/#organization\",\"name\":\"Fit360\",\"url\":\"https:\\\/\\\/fit360.ee\\\/en\\\/\",\"logo\":{\"@type\":\"ImageObject\",\"inLanguage\":\"en-US\",\"@id\":\"https:\\\/\\\/fit360.ee\\\/en\\\/#\\\/schema\\\/logo\\\/image\\\/\",\"url\":\"https:\\\/\\\/fit360.ee\\\/wp-content\\\/uploads\\\/2017\\\/01\\\/logo-fit360.png\",\"contentUrl\":\"https:\\\/\\\/fit360.ee\\\/wp-content\\\/uploads\\\/2017\\\/01\\\/logo-fit360.png\",\"width\":180,\"height\":66,\"caption\":\"Fit360\"},\"image\":{\"@id\":\"https:\\\/\\\/fit360.ee\\\/en\\\/#\\\/schema\\\/logo\\\/image\\\/\"}}]}<\/script>\n<!-- \/ Yoast SEO plugin. -->","yoast_head_json":{"title":"KSM-66 Ashwagandha\u00ae + Magnesium + B6 P-5-P (90caps) - Fit360","description":"OstroVit KSM-66 Ashwagandha\u00ae + Magneesium + B6 P-5-P VEGE on kvaliteetne toidulisand, mis pakub v\u00e4\u00e4rtuslike koostisosade allikat - magneesi... Kiire Tarne!","robots":{"index":"index","follow":"follow","max-snippet":"max-snippet:-1","max-image-preview":"max-image-preview:large","max-video-preview":"max-video-preview:-1"},"canonical":"https:\/\/fit360.ee\/en\/pood\/product-groups\/superfoods-health-foods-en\/ashwagandha-en\/ksm-66-ashwagandha-magnesium-b6-p-5-p-90caps\/","og_locale":"en_US","og_type":"article","og_title":"KSM-66 Ashwagandha\u00ae + Magnesium + B6 P-5-P (90caps) - Fit360","og_description":"OstroVit KSM-66 Ashwagandha\u00ae + Magneesium + B6 P-5-P VEGE on kvaliteetne toidulisand, mis pakub v\u00e4\u00e4rtuslike koostisosade allikat - magneesi... Kiire Tarne!","og_url":"https:\/\/fit360.ee\/en\/pood\/product-groups\/superfoods-health-foods-en\/ashwagandha-en\/ksm-66-ashwagandha-magnesium-b6-p-5-p-90caps\/","og_site_name":"Fit360","article_modified_time":"2026-04-10T13:42:06+00:00","og_image":[{"width":450,"height":450,"url":"https:\/\/fit360.ee\/wp-content\/uploads\/2025\/06\/ashwagandha-magneesium-fit360.ee-1.png","type":"image\/png"}],"twitter_card":"summary_large_image","twitter_misc":{"Est. reading time":"4 minutes"},"schema":{"@context":"https:\/\/schema.org","@graph":[{"@type":"WebPage","@id":"https:\/\/fit360.ee\/en\/pood\/product-groups\/superfoods-health-foods-en\/ashwagandha-en\/ksm-66-ashwagandha-magnesium-b6-p-5-p-90caps\/","url":"https:\/\/fit360.ee\/en\/pood\/product-groups\/superfoods-health-foods-en\/ashwagandha-en\/ksm-66-ashwagandha-magnesium-b6-p-5-p-90caps\/","name":"KSM-66 Ashwagandha\u00ae + Magnesium + B6 P-5-P (90caps) - Fit360","isPartOf":{"@id":"https:\/\/fit360.ee\/en\/#website"},"primaryImageOfPage":{"@id":"https:\/\/fit360.ee\/en\/pood\/product-groups\/superfoods-health-foods-en\/ashwagandha-en\/ksm-66-ashwagandha-magnesium-b6-p-5-p-90caps\/#primaryimage"},"image":{"@id":"https:\/\/fit360.ee\/en\/pood\/product-groups\/superfoods-health-foods-en\/ashwagandha-en\/ksm-66-ashwagandha-magnesium-b6-p-5-p-90caps\/#primaryimage"},"thumbnailUrl":"https:\/\/fit360.ee\/wp-content\/uploads\/2025\/06\/ashwagandha-magneesium-fit360.ee-1.png","datePublished":"2025-06-22T10:10:21+00:00","dateModified":"2026-04-10T13:42:06+00:00","description":"OstroVit KSM-66 Ashwagandha\u00ae + Magneesium + B6 P-5-P VEGE on kvaliteetne toidulisand, mis pakub v\u00e4\u00e4rtuslike koostisosade allikat - magneesi... Kiire Tarne!","breadcrumb":{"@id":"https:\/\/fit360.ee\/en\/pood\/product-groups\/superfoods-health-foods-en\/ashwagandha-en\/ksm-66-ashwagandha-magnesium-b6-p-5-p-90caps\/#breadcrumb"},"inLanguage":"en-US","potentialAction":[{"@type":"ReadAction","target":["https:\/\/fit360.ee\/en\/pood\/product-groups\/superfoods-health-foods-en\/ashwagandha-en\/ksm-66-ashwagandha-magnesium-b6-p-5-p-90caps\/"]}]},{"@type":"ImageObject","inLanguage":"en-US","@id":"https:\/\/fit360.ee\/en\/pood\/product-groups\/superfoods-health-foods-en\/ashwagandha-en\/ksm-66-ashwagandha-magnesium-b6-p-5-p-90caps\/#primaryimage","url":"https:\/\/fit360.ee\/wp-content\/uploads\/2025\/06\/ashwagandha-magneesium-fit360.ee-1.png","contentUrl":"https:\/\/fit360.ee\/wp-content\/uploads\/2025\/06\/ashwagandha-magneesium-fit360.ee-1.png","width":450,"height":450,"caption":"ashwagandha + magneesium - fit360.ee"},{"@type":"BreadcrumbList","@id":"https:\/\/fit360.ee\/en\/pood\/product-groups\/superfoods-health-foods-en\/ashwagandha-en\/ksm-66-ashwagandha-magnesium-b6-p-5-p-90caps\/#breadcrumb","itemListElement":[{"@type":"ListItem","position":1,"name":"Home","item":"https:\/\/fit360.ee\/en\/"},{"@type":"ListItem","position":2,"name":"Shop","item":"https:\/\/fit360.ee\/en\/shop\/"},{"@type":"ListItem","position":3,"name":"KSM-66 Ashwagandha\u00ae + Magnesium + B6 P-5-P (90caps)"}]},{"@type":"WebSite","@id":"https:\/\/fit360.ee\/en\/#website","url":"https:\/\/fit360.ee\/en\/","name":"Fit360","description":"","publisher":{"@id":"https:\/\/fit360.ee\/en\/#organization"},"potentialAction":[{"@type":"SearchAction","target":{"@type":"EntryPoint","urlTemplate":"https:\/\/fit360.ee\/en\/?s={search_term_string}"},"query-input":{"@type":"PropertyValueSpecification","valueRequired":true,"valueName":"search_term_string"}}],"inLanguage":"en-US"},{"@type":"Organization","@id":"https:\/\/fit360.ee\/en\/#organization","name":"Fit360","url":"https:\/\/fit360.ee\/en\/","logo":{"@type":"ImageObject","inLanguage":"en-US","@id":"https:\/\/fit360.ee\/en\/#\/schema\/logo\/image\/","url":"https:\/\/fit360.ee\/wp-content\/uploads\/2017\/01\/logo-fit360.png","contentUrl":"https:\/\/fit360.ee\/wp-content\/uploads\/2017\/01\/logo-fit360.png","width":180,"height":66,"caption":"Fit360"},"image":{"@id":"https:\/\/fit360.ee\/en\/#\/schema\/logo\/image\/"}}]}},"_links":{"self":[{"href":"https:\/\/fit360.ee\/en\/wp-json\/wp\/v2\/product\/89248","targetHints":{"allow":["GET"]}}],"collection":[{"href":"https:\/\/fit360.ee\/en\/wp-json\/wp\/v2\/product"}],"about":[{"href":"https:\/\/fit360.ee\/en\/wp-json\/wp\/v2\/types\/product"}],"replies":[{"embeddable":true,"href":"https:\/\/fit360.ee\/en\/wp-json\/wp\/v2\/comments?post=89248"}],"wp:featuredmedia":[{"embeddable":true,"href":"https:\/\/fit360.ee\/en\/wp-json\/wp\/v2\/media\/89247"}],"wp:attachment":[{"href":"https:\/\/fit360.ee\/en\/wp-json\/wp\/v2\/media?parent=89248"}],"wp:term":[{"taxonomy":"product_brand","embeddable":true,"href":"https:\/\/fit360.ee\/en\/wp-json\/wp\/v2\/product_brand?post=89248"},{"taxonomy":"product_cat","embeddable":true,"href":"https:\/\/fit360.ee\/en\/wp-json\/wp\/v2\/product_cat?post=89248"},{"taxonomy":"product_tag","embeddable":true,"href":"https:\/\/fit360.ee\/en\/wp-json\/wp\/v2\/product_tag?post=89248"},{"taxonomy":"giftcard-category","embeddable":true,"href":"https:\/\/fit360.ee\/en\/wp-json\/wp\/v2\/giftcard-category?post=89248"}],"curies":[{"name":"wp","href":"https:\/\/api.w.org\/{rel}","templated":true}]}}